{"id":932,"date":"2024-12-19T03:39:00","date_gmt":"2024-12-19T03:39:00","guid":{"rendered":"https:\/\/fmp-components.com\/product\/10012-guaranteed-quality-trailer-hydraulic-ram-cylinder-double-acting-hydraulic-cylinder\/"},"modified":"2024-12-26T09:00:30","modified_gmt":"2024-12-26T09:00:30","slug":"10012-guaranteed-quality-trailer-hydraulic-ram-cylinder-double-acting-hydraulic-cylinder","status":"publish","type":"product","link":"https:\/\/fmp-components.com\/pl\/product\/10012-guaranteed-quality-trailer-hydraulic-ram-cylinder-double-acting-hydraulic-cylinder\/","title":{"rendered":"10012 Gwarantowana jako\u015b\u0107 Si\u0142ownik hydrauliczny si\u0142ownika przyczepy Si\u0142ownik hydrauliczny dwustronnego dzia\u0142ania"},"content":{"rendered":"<p>Witamy w FMP, gdzie oferujemy Pa\u0144stwu gwarantowan\u0105 jako\u015b\u0107 si\u0142ownika hydraulicznego do przyczep \u2013 si\u0142ownika hydraulicznego dwustronnego dzia\u0142ania. To produkt najwy\u017cszej klasy, kt\u00f3ry znacz\u0105co zwi\u0119ksza wydajno\u015b\u0107 Pa\u0144stwa uk\u0142ad\u00f3w hydraulicznych. Za\u0142o\u017cona w 2006 roku firma FMP jest pionierem w bran\u017cy hydraulicznej z siedzib\u0105 g\u0142\u00f3wn\u0105 we W\u0142oszech.<\/p>\n<p>Ten si\u0142ownik hydrauliczny jest integralnym elementem uk\u0142ad\u00f3w hydraulicznych, odgrywaj\u0105c kluczow\u0105 rol\u0119 w przekszta\u0142caniu energii p\u0142ynu w energi\u0119 mechaniczn\u0105. To nie tylko si\u0142ownik, ale wysokowydajna cz\u0119\u015b\u0107 maszyny, kt\u00f3ra zwi\u0119ksza og\u00f3ln\u0105 funkcjonalno\u015b\u0107 i wydajno\u015b\u0107 system\u00f3w.<\/p>\n<p>Cylinder charakteryzuje si\u0119 imponuj\u0105cymi parametrami, takimi jak rozmiar, pojemno\u015b\u0107 i no\u015bno\u015b\u0107, co czyni go niezawodnym wyborem do wielu zastosowa\u0144. Jest energooszcz\u0119dny, wysoce wydajny i bezpieczny.<\/p>\n<p>Uk\u0142ad hydrauliczny dzia\u0142a zgodnie z zasad\u0105 prawa Pascala. Ci\u015bnienie wywierane w jednym punkcie jest r\u00f3wnomiernie roz\u0142o\u017cone w ca\u0142ej cieczy, co pozwala uk\u0142adowi wywiera\u0107 du\u017c\u0105 si\u0142\u0119 przy minimalnym wysi\u0142ku. Nasz si\u0142ownik hydrauliczny dwustronnego dzia\u0142ania do przyczep o gwarantowanej jako\u015bci usprawnia ten proces, zapewniaj\u0105c wydajn\u0105 i niezawodn\u0105 prac\u0119.<\/p>\n<p><img loading=\"lazy\" decoding=\"async\" class=\"alignnone size-full wp-image-976\" src=\"https:\/\/fmp-components.com\/wp-content\/uploads\/2024\/12\/Welded-Tee-Type-Cylinder2.webp\" alt=\"Spawany cylinder typu tr\u00f3jnik\" width=\"764\" height=\"675\" title=\"\" srcset=\"https:\/\/fmp-components.com\/wp-content\/uploads\/2024\/12\/Welded-Tee-Type-Cylinder2.webp 764w, https:\/\/fmp-components.com\/wp-content\/uploads\/2024\/12\/Welded-Tee-Type-Cylinder2-480x424.webp 480w\" sizes=\"(min-width: 0px) and (max-width: 480px) 480px, (min-width: 481px) 764px, 100vw\" \/><\/p>\n<p>Od maszyn budowlanych po urz\u0105dzenia przemys\u0142owe, nasz si\u0142ownik hydrauliczny znajduje zastosowanie w szerokim zakresie zastosowa\u0144. To idealny wyb\u00f3r dla system\u00f3w wymagaj\u0105cych du\u017cej mocy wyj\u015bciowej i precyzyjnej kontroli.<\/p>\n<p>FMP to wiod\u0105ca marka na w\u0142oskim rynku si\u0142ownik\u00f3w hydraulicznych. Dysponuj\u0105c mo\u017cliwo\u015bciami projektowymi na poziomie 200 000 zestaw\u00f3w i ponad 300 zestawami w pe\u0142ni zautomatyzowanych urz\u0105dze\u0144 produkcyjnych CNC, oferujemy szerok\u0105 gam\u0119 produkt\u00f3w, w tym hydrauliczne si\u0142owniki przechy\u0142u, hydrauliczne si\u0142owniki uk\u0142adu kierowniczego i hydrauliczne si\u0142owniki podnoszenia.<\/p>\n<p>W FMP priorytetowo traktujemy jako\u015b\u0107, przyst\u0119pn\u0105 cen\u0119 i doskona\u0142\u0105 obs\u0142ug\u0119. Opr\u00f3cz naszego flagowego produktu, dostarczamy r\u00f3wnie\u017c cylindry do podno\u015bnik\u00f3w koszowych, cylindry hydrauliczne do pojazd\u00f3w przemys\u0142owych, cylindry do wiertnic obrotowych, cylindry do d\u017awig\u00f3w samochodowych, cylindry hydrauliczne do maszyn budowlanych, cylindry hydrauliczne do w\u00f3zk\u00f3w wid\u0142owych, cylindry do wywrotek g\u00f3rniczych, cylindry hydrauliczne do maszyn do oczyszczania \u015brodowiska i wiele innych. Jeste\u015bmy otwarci na dostosowanie naszych produkt\u00f3w do indywidualnych potrzeb klienta.<\/p>\n<p>Aby dowiedzie\u0107 si\u0119 wi\u0119cej o naszych produktach lub zada\u0107 pytania, odwied\u017a nasz\u0105 fabryk\u0119 VR tutaj: <iframe loading=\"lazy\" id=\"FMP VR ????\" title=\"FMP VR ????\" src=\"https:\/\/v.holoworld.com.cn\/v\/virtualbuy.html?id=78a76263-47ab-485f-b978-0dafacfb4096\" width=\"800\" height=\"600\"><\/iframe><\/p>\n<h2>Zalety cylindra spawanego typu tr\u00f3jnikowego<\/h2>\n<ul>\n<li style=\"list-style-type: none;\">\n<ul>\n<li><strong>Zwi\u0119kszona si\u0142a:<\/strong> Spawane cylindry typu tee s\u0105 znane ze swojej wysokiej wytrzyma\u0142o\u015bci, dzi\u0119ki czemu nadaj\u0105 si\u0119 do zastosowa\u0144 wymagaj\u0105cych podnoszenia ci\u0119\u017car\u00f3w. Proces spawania stosowany podczas produkcji tych cylindr\u00f3w zapewnia, \u017ce cylinder jest wolny od s\u0142abych punkt\u00f3w i mo\u017ce wytrzyma\u0107 wysokie ci\u015bnienie i napr\u0119\u017cenia.<\/li>\n<\/ul>\n<\/li>\n<\/ul>\n<p>Gdy na cylinder wywierany jest nacisk, rozprowadza si\u0119 on r\u00f3wnomiernie po ca\u0142ej powierzchni, co czyni go odpornym na odkszta\u0142cenia. Ta cecha zapewnia, \u017ce cylinder mo\u017ce zachowa\u0107 sw\u00f3j kszta\u0142t i integralno\u015b\u0107 strukturaln\u0105 nawet w ekstremalnych warunkach.<\/p>\n<ul>\n<li style=\"list-style-type: none;\">\n<ul>\n<li><strong>Zapobieganie wyciekom:<\/strong> Spawane cylindry typu tee s\u0105 zaprojektowane tak, aby zapobiega\u0107 wyciekom. Proces spawania stosowany podczas procesu produkcji zapewnia, \u017ce cylinder jest ca\u0142kowicie szczelny i wolny od wszelkich mo\u017cliwych wyciek\u00f3w. Ta cecha sprawia, \u017ce nadaj\u0105 si\u0119 do stosowania w zastosowaniach, w kt\u00f3rych wyciek m\u00f3g\u0142by spowodowa\u0107 powa\u017cne uszkodzenia lub obra\u017cenia.<\/li>\n<\/ul>\n<\/li>\n<\/ul>\n<p>Po\u0142\u0105czenia spawane s\u0105 g\u0142adkie, bez szczelin czy rowk\u00f3w, w kt\u00f3rych mog\u0142yby gromadzi\u0107 si\u0119 zanieczyszczenia lub brud, co zmniejsza ryzyko korozji i uszkodzenia cylindra.<\/p>\n<ul>\n<li style=\"list-style-type: none;\">\n<ul>\n<li><strong>Mo\u017cliwo\u015b\u0107 dostosowania:<\/strong> Spawane cylindry typu tee mo\u017cna dostosowa\u0107 do konkretnych zastosowa\u0144. Cylindry s\u0105 dost\u0119pne w r\u00f3\u017cnych rozmiarach i kszta\u0142tach i mog\u0105 by\u0107 wytwarzane tak, aby spe\u0142nia\u0142y konkretne wymagania danego zastosowania.<\/li>\n<\/ul>\n<\/li>\n<\/ul>\n<p>Proces dostosowywania pozwala na optymalizacj\u0119 wydajno\u015bci cylindra, zapewniaj\u0105c, \u017ce jest on odpowiedni do zamierzonego zastosowania. Ta cecha sprawia, \u017ce spawane cylindry typu tee s\u0105 idealne do stosowania w r\u00f3\u017cnych zastosowaniach przemys\u0142owych, w tym w budownictwie, g\u00f3rnictwie i transporcie materia\u0142\u00f3w.<\/p>\n<ul>\n<li style=\"list-style-type: none;\">\n<ul>\n<li><strong>Op\u0142acalno\u015b\u0107:<\/strong> Spawane cylindry typu tee s\u0105 op\u0142acalne w por\u00f3wnaniu do innych typ\u00f3w cylindr\u00f3w. Proces produkcji tych cylindr\u00f3w jest prosty, co czyni je ta\u0144szymi od innych typ\u00f3w cylindr\u00f3w.<\/li>\n<\/ul>\n<\/li>\n<\/ul>\n<p>Ponadto wysoka wytrzyma\u0142o\u015b\u0107 i trwa\u0142o\u015b\u0107 spawanych cylindr\u00f3w typu tee zmniejszaj\u0105 potrzeb\u0119 cz\u0119stych napraw i wymian, co pozwala zaoszcz\u0119dzi\u0107 na kosztach konserwacji. Ta cecha sprawia, \u017ce s\u0105 one popularnym wyborem dla wielu bran\u017c, szczeg\u00f3lnie tych o ograniczonym bud\u017cecie.<\/p>\n<ul>\n<li style=\"list-style-type: none;\">\n<ul>\n<li><strong>Zwi\u0119kszona wydajno\u015b\u0107:<\/strong> Spawane cylindry typu tee s\u0105 wysoce wydajne i skuteczne. Konstrukcja cylindra zapewnia, \u017ce si\u0142a przy\u0142o\u017cona jest przenoszona bezpo\u015brednio na obci\u0105\u017cenie, co zmniejsza straty energii i zwi\u0119ksza wydajno\u015b\u0107.<\/li>\n<\/ul>\n<\/li>\n<\/ul>\n<p>Spawane po\u0142\u0105czenia s\u0105 mocne i sztywne, minimalizuj\u0105c ugi\u0119cie i zapewniaj\u0105c, \u017ce cylinder zachowuje sw\u00f3j kszta\u0142t i integralno\u015b\u0107 strukturaln\u0105 nawet w ekstremalnych warunkach. Ta cecha sprawia, \u017ce spawane cylindry typu tee s\u0105 idealne do zastosowa\u0144 wymagaj\u0105cych wysokiej wydajno\u015bci i niezawodno\u015bci.<\/p>\n<h2>Zastosowanie cylindra spawanego typu tr\u00f3jnikowego<\/h2>\n<h3>Wst\u0119p<\/h3>\n<p>Si\u0142ownik typu spawany tr\u00f3jnik to rodzaj si\u0142ownika hydraulicznego powszechnie stosowanego w zastosowaniach przemys\u0142owych. Zosta\u0142 zaprojektowany w celu zapewnienia du\u017cej si\u0142y wyj\u015bciowej w kompaktowej i ekonomicznej obudowie. Ten typ si\u0142ownika sk\u0142ada si\u0119 ze spawanego tr\u00f3jnika i t\u0142oczyska przymocowanego do tr\u00f3jnika. Tr\u00f3jnik jest po\u0142\u0105czony z cylindrem cylindra i zawiera t\u0142ok, kt\u00f3ry porusza si\u0119 tam i z powrotem wewn\u0105trz cylindra, generuj\u0105c si\u0142\u0119.<\/p>\n<h3>Zalety cylindra spawanego typu tr\u00f3jnikowego<\/h3>\n<p>Stosowanie cylindr\u00f3w spawanych typu T w zastosowaniach przemys\u0142owych niesie ze sob\u0105 szereg zalet:<\/p>\n<ul>\n<li><b>Kompaktowa konstrukcja:<\/b> Cylindry spawane typu T s\u0105 zaprojektowane tak, aby by\u0142y kompaktowe, dzi\u0119ki czemu idealnie nadaj\u0105 si\u0119 do stosowania w miejscach o ograniczonej przestrzeni.<\/li>\n<li><b>Wysoka wydajno\u015b\u0107:<\/b> Cylindry spawane typu T s\u0105 bardzo wydajne, co oznacza, \u017ce \u200b\u200bmog\u0105 generowa\u0107 du\u017c\u0105 si\u0142\u0119 przy minimalnym nak\u0142adzie energii.<\/li>\n<li><b>Wytrzyma\u0142y:<\/b> Cylindry spawane typu T s\u0105 zaprojektowane tak, aby by\u0142y bardzo trwa\u0142e, co oznacza, \u017ce \u200b\u200bmog\u0105 wytrzyma\u0107 trudne warunki pracy i s\u0142u\u017cy\u0107 przez d\u0142ugi czas.<\/li>\n<li><b>Op\u0142acalne:<\/b> Cylindry spawane typu T s\u0105 ekonomiczne, co oznacza, \u017ce \u200b\u200boferuj\u0105 dobry stosunek jako\u015bci do ceny.<\/li>\n<\/ul>\n<h3>Zastosowania cylindr\u00f3w spawanych typu tr\u00f3jnikowego<\/h3>\n<p>Istnieje wiele zastosowa\u0144 dla cylindr\u00f3w spawanych typu T w r\u00f3\u017cnych ga\u0142\u0119ziach przemys\u0142u, w tym:<\/p>\n<ul>\n<li><b>Produkcja:<\/b> Cylindry spawane typu T s\u0105 wykorzystywane w produkcji do obs\u0142ugi maszyn, przenoszenia ci\u0119\u017ckich \u0142adunk\u00f3w i kszta\u0142towania cz\u0119\u015bci metalowych.<\/li>\n<li><b>Rolnictwo:<\/b> Cylindry typu T spawane stosowane s\u0105 w rolnictwie do obs\u0142ugi uk\u0142ad\u00f3w hydraulicznych w ci\u0105gnikach, kombajnach i innym sprz\u0119cie rolniczym.<\/li>\n<li><b>Budowa:<\/b> Cylindry typu T spawane s\u0105 stosowane w budownictwie do obs\u0142ugi maszyn takich jak d\u017awigi, koparki i koparki podsi\u0119bierne.<\/li>\n<li><b>G\u00f3rnictwo:<\/b> Cylindry typu T spawane s\u0105 stosowane w g\u00f3rnictwie do obs\u0142ugi uk\u0142ad\u00f3w hydraulicznych ci\u0119\u017ckiego sprz\u0119tu, takiego jak buldo\u017cery, \u0142adowarki i wiertnice do ska\u0142.<\/li>\n<li><b>Transport:<\/b> Cylindry typu T spawane s\u0105 stosowane w transporcie do obs\u0142ugi uk\u0142ad\u00f3w hydraulicznych w ci\u0119\u017car\u00f3wkach, autobusach i innych pojazdach.<\/li>\n<\/ul>\n<p>Podsumowuj\u0105c, spawane cylindry typu T s\u0105 wa\u017cnym elementem w wielu zastosowaniach przemys\u0142owych. Zaprojektowano je tak, aby by\u0142y kompaktowe, wydajne, trwa\u0142e i ekonomiczne, co czyni je idealnym wyborem do szerokiego zakresu zastosowa\u0144. Niezale\u017cnie od tego, czy obs\u0142ugujesz maszyny w zak\u0142adzie produkcyjnym, sprz\u0119t rolniczy w gospodarstwie rolnym, czy ci\u0119\u017cki sprz\u0119t w kopalni, spawane cylindry typu T pomog\u0105 Ci wykona\u0107 zadanie sprawnie i skutecznie.<\/p>\n<h3>O FMP<\/h3>\n<p>Firma FMP, z ponad 30-letnim do\u015bwiadczeniem we W\u0142oszech, jest wiod\u0105cym producentem i dostawc\u0105 cylindr\u00f3w hydraulicznych. Specjalizujemy si\u0119 w produkcji i dostosowywaniu r\u00f3\u017cnych typ\u00f3w cylindr\u00f3w hydraulicznych do specyficznych potrzeb naszych klient\u00f3w. Nasze zaanga\u017cowanie w jako\u015b\u0107 i zadowolenie klienta uczyni\u0142o nas zaufan\u0105 mark\u0105 w bran\u017cy.<\/p>\n<p><img decoding=\"async\" src=\"https:\/\/fmp-components.com\/wp-content\/uploads\/2024\/12\/fmp-factory-4.webp\" alt=\"Fabryka FMP\" width=\"800\" title=\"\"><\/p>\n<p>Oto pi\u0119\u0107 powod\u00f3w, dla kt\u00f3rych warto wybra\u0107 firm\u0119 FMP do wszystkich zastosowa\u0144 zwi\u0105zanych z si\u0142ownikami hydraulicznymi:<\/p>\n<ol>\n<li style=\"list-style-type: none;\">\n<ol>\n<li>Szeroka gama sprz\u0119tu<\/li>\n<\/ol>\n<\/li>\n<\/ol>\n<p>Dzi\u0119ki naszym najnowocze\u015bniejszym obiektom i ponad 100 urz\u0105dzeniom, w tym automatycznej spawarce os\u0142onowej, maszynie do g\u0142\u0119bokiego wiercenia, tokarce CNC, szlifierce cylindrycznej, automatycznej maszynie czyszcz\u0105cej, automatycznej maszynie instalacyjnej, automatycznemu stanowisku do testowania wydajno\u015bci cylindr\u00f3w hydraulicznych i automatycznej linii malarskiej, jeste\u015bmy w stanie produkowa\u0107 wysokiej jako\u015bci cylindry hydrauliczne do r\u00f3\u017cnych zastosowa\u0144.<\/p>\n<ol>\n<li style=\"list-style-type: none;\">\n<ol>\n<li>\u015acis\u0142a kontrola jako\u015bci<\/li>\n<\/ol>\n<\/li>\n<\/ol>\n<p>Ka\u017cdy cylinder hydrauliczny przechodzi rygorystyczn\u0105 obr\u00f3bk\u0119 i kontrol\u0119, aby zapewni\u0107 najwy\u017csz\u0105 jako\u015b\u0107. Wdro\u017cyli\u015bmy rygorystyczne \u015brodki kontroli jako\u015bci na ka\u017cdym etapie produkcji, aby spe\u0142nia\u0107 najwy\u017csze standardy bran\u017cowe. Nasze zaanga\u017cowanie w jako\u015b\u0107 gwarantuje naszym klientom niezawodn\u0105 wydajno\u015b\u0107 i trwa\u0142o\u015b\u0107.<\/p>\n<ol>\n<li style=\"list-style-type: none;\">\n<ol>\n<li>Us\u0142uga projektowa<\/li>\n<\/ol>\n<\/li>\n<\/ol>\n<p>Nasz do\u015bwiadczony zesp\u00f3\u0142 projektowy pomo\u017ce Ci w projektowaniu i rozwoju produktu. Niezale\u017cnie od tego, czy potrzebujesz nowego produktu, czy ulepsze\u0144 istniej\u0105cych, jeste\u015bmy do Twojej dyspozycji. Posiadamy wiedz\u0119 i do\u015bwiadczenie, aby przekszta\u0142ci\u0107 Twoje pomys\u0142y w innowacyjne i wydajne rozwi\u0105zania w zakresie si\u0142ownik\u00f3w hydraulicznych.<\/p>\n<ol>\n<li style=\"list-style-type: none;\">\n<ol>\n<li>Wydajny proces produkcyjny<\/li>\n<\/ol>\n<\/li>\n<\/ol>\n<p>Od pozyskiwania surowc\u00f3w, przez pakowanie, po transport \u2013 nasz usprawniony proces produkcyjny gwarantuje terminow\u0105 dostaw\u0119 produkt\u00f3w bez uszczerbku dla jako\u015bci. Przestrzegamy rygorystycznych \u015brodk\u00f3w kontroli jako\u015bci na ka\u017cdym etapie, aby zachowa\u0107 sp\u00f3jno\u015b\u0107 i wydajno\u015b\u0107 naszych operacji produkcyjnych.<\/p>\n<ol>\n<li style=\"list-style-type: none;\">\n<ol>\n<li>Ci\u0105g\u0142e badania i rozw\u00f3j<\/li>\n<\/ol>\n<\/li>\n<\/ol>\n<p>W FMP stale \u015bledzimy najnowsze trendy i wymagania rynku. Nasz zaanga\u017cowany zesp\u00f3\u0142 badawczo-rozwojowy poszukuje nowych technologii i rozwi\u0105za\u0144, aby tworzy\u0107 innowacyjne modele si\u0142ownik\u00f3w hydraulicznych. To zaanga\u017cowanie w innowacyjno\u015b\u0107 pozwala nam oferowa\u0107 naszym klientom najnowocze\u015bniejsze rozwi\u0105zania, kt\u00f3re odpowiadaj\u0105 zmieniaj\u0105cym si\u0119 potrzebom rynku.<\/p>\n<p>Dzi\u0119ki naszej szerokiej ofercie si\u0142ownik\u00f3w hydraulicznych, dba\u0142o\u015bci o jako\u015b\u0107 i podej\u015bciu zorientowanemu na klienta, FMP jest Twoim zaufanym partnerem w zakresie wszystkich potrzeb zwi\u0105zanych z si\u0142ownikami hydraulicznymi. Skontaktuj si\u0119 z nami ju\u017c dzi\u015b, aby om\u00f3wi\u0107 swoje wymagania i przekona\u0107 si\u0119 o doskona\u0142o\u015bci produkt\u00f3w FMP.<\/p>\n<p>Autor:CX<\/p>","protected":false},"excerpt":{"rendered":"<p>Welcome to FMP, where we offer you the Guaranteed Quality Trailer Hydraulic Ram Cylinder Double Acting Hydraulic Cylinder, a top-tier product that remarkably enhances the efficiency of your hydraulic systems. Established in 2006, FMP has been a pioneer in the hydraulics industry with its headquarters in Italy City. This hydraulic cylinder is an integral component [&hellip;]<\/p>","protected":false},"featured_media":1132,"comment_status":"closed","ping_status":"closed","template":"","meta":{"_et_pb_use_builder":"","_et_pb_old_content":"","_et_gb_content_width":""},"product_brand":[],"product_cat":[31],"product_tag":[34,35],"class_list":{"0":"post-932","1":"product","2":"type-product","3":"status-publish","4":"has-post-thumbnail","6":"product_cat-welded-tee-type-cylinder","7":"product_tag-hydraulic-cylinder","8":"product_tag-welded-tee-type-cylinder","10":"first","11":"instock","12":"product-type-simple"},"_links":{"self":[{"href":"https:\/\/fmp-components.com\/pl\/wp-json\/wp\/v2\/product\/932","targetHints":{"allow":["GET"]}}],"collection":[{"href":"https:\/\/fmp-components.com\/pl\/wp-json\/wp\/v2\/product"}],"about":[{"href":"https:\/\/fmp-components.com\/pl\/wp-json\/wp\/v2\/types\/product"}],"replies":[{"embeddable":true,"href":"https:\/\/fmp-components.com\/pl\/wp-json\/wp\/v2\/comments?post=932"}],"wp:featuredmedia":[{"embeddable":true,"href":"https:\/\/fmp-components.com\/pl\/wp-json\/wp\/v2\/media\/1132"}],"wp:attachment":[{"href":"https:\/\/fmp-components.com\/pl\/wp-json\/wp\/v2\/media?parent=932"}],"wp:term":[{"taxonomy":"product_brand","embeddable":true,"href":"https:\/\/fmp-components.com\/pl\/wp-json\/wp\/v2\/product_brand?post=932"},{"taxonomy":"product_cat","embeddable":true,"href":"https:\/\/fmp-components.com\/pl\/wp-json\/wp\/v2\/product_cat?post=932"},{"taxonomy":"product_tag","embeddable":true,"href":"https:\/\/fmp-components.com\/pl\/wp-json\/wp\/v2\/product_tag?post=932"}],"curies":[{"name":"wp","href":"https:\/\/api.w.org\/{rel}","templated":true}]}}