{"id":931,"date":"2024-12-19T03:39:00","date_gmt":"2024-12-19T03:39:00","guid":{"rendered":"https:\/\/fmp-components.com\/product\/10011-excellent-quality-stainless-steel-hydraulic-cylinder-small-double-acting-hydraulic-cylinder-for-agriculture\/"},"modified":"2024-12-19T09:02:26","modified_gmt":"2024-12-19T09:02:26","slug":"10011-excellent-quality-stainless-steel-hydraulic-cylinder-small-double-acting-hydraulic-cylinder-for-agriculture","status":"publish","type":"product","link":"https:\/\/fmp-components.com\/pl\/product\/10011-excellent-quality-stainless-steel-hydraulic-cylinder-small-double-acting-hydraulic-cylinder-for-agriculture\/","title":{"rendered":"10011 Doskona\u0142ej jako\u015bci stal nierdzewna Cylinder hydrauliczny Ma\u0142y dwustronnego dzia\u0142ania Cylinder hydrauliczny do rolnictwa"},"content":{"rendered":"<p>Ma\u0142y si\u0142ownik hydrauliczny dwustronnego dzia\u0142ania 10011 ze stali nierdzewnej o doskona\u0142ej jako\u015bci zosta\u0142 zaprojektowany specjalnie z my\u015bl\u0105 o spe\u0142nieniu rygorystycznych wymaga\u0144 zastosowa\u0144 rolniczych. Zaprojektowany z my\u015bl\u0105 o trwa\u0142o\u015bci i wydajno\u015bci, ten si\u0142ownik hydrauliczny jest niezb\u0119dnym narz\u0119dziem do zwi\u0119kszenia wydajno\u015bci w rolnictwie.<\/p>\n<p><img loading=\"lazy\" decoding=\"async\" class=\"size-full wp-image-977 aligncenter\" src=\"https:\/\/fmp-components.com\/wp-content\/uploads\/2024\/12\/Welded-Tee-Type-Cylinder3.webp\" alt=\"Spawany cylinder typu tr\u00f3jnik\" width=\"653\" height=\"600\" title=\"\" srcset=\"https:\/\/fmp-components.com\/wp-content\/uploads\/2024\/12\/Welded-Tee-Type-Cylinder3.webp 653w, https:\/\/fmp-components.com\/wp-content\/uploads\/2024\/12\/Welded-Tee-Type-Cylinder3-480x441.webp 480w\" sizes=\"(min-width: 0px) and (max-width: 480px) 480px, (min-width: 481px) 653px, 100vw\" \/><\/p>\n<h4>G\u0142\u00f3wne cechy:<\/h4>\n<ul>\n<li><strong>Konstrukcja dwustronnego dzia\u0142ania:<\/strong><br \/>\nTen si\u0142ownik hydrauliczny dzia\u0142a zar\u00f3wno w pozycji wysuwanej, jak i wsuwanej, zapewniaj\u0105c wszechstronn\u0105 funkcjonalno\u015b\u0107. Mechanizm dwustronnego dzia\u0142ania gwarantuje niezawodny i kontrolowany ruch, dzi\u0119ki czemu idealnie nadaje si\u0119 do zada\u0144 takich jak podnoszenie, pchanie i ci\u0105gni\u0119cie sprz\u0119tu rolniczego.<\/li>\n<li><strong>Konstrukcja ze stali nierdzewnej:<\/strong><br \/>\nWykonany z wysokiej jako\u015bci stali nierdzewnej, ten si\u0142ownik hydrauliczny oferuje wyj\u0105tkow\u0105 odporno\u015b\u0107 na korozj\u0119 i zu\u017cycie. Jego trwa\u0142a konstrukcja gwarantuje d\u0142ugowieczno\u015b\u0107, nawet w trudnych warunkach zewn\u0119trznych, typowych dla rolnictwa.<\/li>\n<li><strong>Kompaktowy rozmiar:<\/strong><br \/>\nNiewielka konstrukcja si\u0142ownika hydraulicznego pozwala na \u0142atwy monta\u017c w ciasnych przestrzeniach bez utraty wydajno\u015bci. Ta kompaktowa konstrukcja sprawia, \u017ce \u200b\u200bidealnie nadaje si\u0119 on do stosowania w r\u00f3\u017cnych maszynach rolniczych, takich jak ci\u0105gniki, kombajny i inne urz\u0105dzenia.<\/li>\n<li><strong>Wysoka \u0142adowno\u015b\u0107:<\/strong><br \/>\nZaprojektowany do obs\u0142ugi znacznych obci\u0105\u017ce\u0144, si\u0142ownik hydrauliczny 10011 zapewnia du\u017c\u0105 si\u0142\u0119, niezb\u0119dn\u0105 do wydajnej pracy w wymagaj\u0105cych pracach rolniczych. Dzi\u0119ki du\u017cej no\u015bno\u015bci nadaje si\u0119 do szerokiego zakresu zastosowa\u0144, od podnoszenia ci\u0119\u017ckich narz\u0119dzi po obs\u0142ug\u0119 osprz\u0119tu.<\/li>\n<li><strong>Wszechstronne zastosowania:<\/strong><br \/>\nTen si\u0142ownik hydrauliczny doskonale nadaje si\u0119 do r\u00f3\u017cnych zastosowa\u0144 rolniczych, takich jak uprawa gleby, sadzenie i zbiory. Jego niezawodno\u015b\u0107 i wydajno\u015b\u0107 sprawiaj\u0105, \u017ce jest on cennym uzupe\u0142nieniem ka\u017cdego gospodarstwa rolnego.<\/li>\n<\/ul>\n<h4>Dane techniczne:<\/h4>\n<table style=\"width: 96.5357%; height: 232px;\">\n<thead>\n<tr>\n<th>Specyfikacja<\/th>\n<th>Opis<\/th>\n<\/tr>\n<\/thead>\n<tbody>\n<tr>\n<td><strong>Rozmiar otworu<\/strong><\/td>\n<td>Mo\u017cliwo\u015b\u0107 dostosowania<\/td>\n<\/tr>\n<tr>\n<td><strong>D\u0142ugo\u015b\u0107 skoku<\/strong><\/td>\n<td>Dost\u0119pne r\u00f3\u017cne opcje<\/td>\n<\/tr>\n<tr>\n<td><strong>Maksymalne ci\u015bnienie<\/strong><\/td>\n<td>Do 3000 PSI<\/td>\n<\/tr>\n<tr>\n<td><strong>Tworzywo<\/strong><\/td>\n<td>Wysokiej jako\u015bci stal nierdzewna<\/td>\n<\/tr>\n<tr>\n<td><strong>Typ po\u0142\u0105czenia<\/strong><\/td>\n<td>Ko\u0142nierzowe lub gwintowane<\/td>\n<\/tr>\n<\/tbody>\n<\/table>\n<h4>Zasada dzia\u0142ania:<\/h4>\n<p>Ma\u0142y si\u0142ownik hydrauliczny dwustronnego dzia\u0142ania 10011 dzia\u0142a na zasadzie ci\u015bnienia p\u0142ynu hydraulicznego. Po wt\u0142oczeniu p\u0142ynu hydraulicznego do si\u0142ownika, wywiera on nacisk na t\u0142ok, generuj\u0105c si\u0142\u0119 liniow\u0105 w obu kierunkach. Ta dwukierunkowa mo\u017cliwo\u015b\u0107 dzia\u0142ania zapewnia p\u0142ynn\u0105 i wydajn\u0105 prac\u0119, co czyni go niezb\u0119dnym elementem maszyn rolniczych.<\/p>\n<p>Podsumowuj\u0105c, ma\u0142y si\u0142ownik hydrauliczny dwustronnego dzia\u0142ania ze stali nierdzewnej 10011 o doskona\u0142ej jako\u015bci to solidne i wydajne rozwi\u0105zanie do zastosowa\u0144 rolniczych. Jego unikalne cechy, takie jak konstrukcja dwustronnego dzia\u0142ania, wykonanie ze stali nierdzewnej i du\u017ca no\u015bno\u015b\u0107, czyni\u0105 go niezast\u0105pionym narz\u0119dziem do zwi\u0119kszania wydajno\u015bci i niezawodno\u015bci w rolnictwie.<\/p>\n<p>&nbsp;<\/p>\n<p><img decoding=\"async\" src=\"https:\/\/hzpt.com\/wp-content\/uploads\/2023\/12\/random-2.webp\" alt=\"\" title=\"\"><\/p>\n<h3>Zalety naszego cylindra hydraulicznego<\/h3>\n<p>Nasz si\u0142ownik hydrauliczny oferuje szereg unikalnych zalet, kt\u00f3re maj\u0105 na celu optymalizacj\u0119 prac rolniczych. Jedn\u0105 z najwa\u017cniejszych korzy\u015bci jest <strong>efektywno\u015b\u0107 energetyczna<\/strong>Dzi\u0119ki zaawansowanej in\u017cynierii i konstrukcji, nasz si\u0142ownik hydrauliczny minimalizuje zu\u017cycie energii, zachowuj\u0105c jednocze\u015bnie wysoki poziom wydajno\u015bci. To nie tylko prowadzi do obni\u017cenia koszt\u00f3w operacyjnych, ale tak\u017ce wspiera inicjatywy zr\u00f3wnowa\u017conego rozwoju poprzez zmniejszenie og\u00f3lnego \u015bladu w\u0119glowego w Pa\u0144stwa dzia\u0142alno\u015bci rolniczej.<\/p>\n<p>Opr\u00f3cz efektywno\u015bci energetycznej nasz si\u0142ownik hydrauliczny s\u0142ynie z: <strong>wysoka wydajno\u015b\u0107<\/strong>Zapewnia du\u017c\u0105 si\u0142\u0119 i precyzyjn\u0105 kontrol\u0119, umo\u017cliwiaj\u0105c operatorom wykonywanie zada\u0144 z dok\u0142adno\u015bci\u0105 i szybko\u015bci\u0105. Niezale\u017cnie od tego, czy podnosisz ci\u0119\u017ckie \u0142adunki, regulujesz po\u0142o\u017cenie sprz\u0119tu, czy wykonujesz precyzyjne ruchy, nasz si\u0142ownik hydrauliczny zapewnia maksymaln\u0105 wydajno\u015b\u0107 maszyn rolniczych. Ta zwi\u0119kszona wydajno\u015b\u0107 przek\u0142ada si\u0119 na wzrost produktywno\u015bci, pozwalaj\u0105c rolnikom osi\u0105gn\u0105\u0107 wi\u0119cej w kr\u00f3tszym czasie.<\/p>\n<p>Bezpiecze\u0144stwo to kolejna kluczowa zaleta naszego si\u0142ownika hydraulicznego. Zaprojektowany z wieloma funkcjami bezpiecze\u0144stwa, zapewnia on bezpieczn\u0105 prac\u0119 nawet w trudnych warunkach. Funkcje te pomagaj\u0105 zapobiega\u0107 wypadkom i awariom sprz\u0119tu, zapewniaj\u0105c bezpiecze\u0144stwo zar\u00f3wno operatorom, jak i maszynom. Stawiaj\u0105c bezpiecze\u0144stwo na pierwszym miejscu, nasz si\u0142ownik hydrauliczny tworzy niezawodne \u015brodowisko pracy, kt\u00f3re jest niezb\u0119dne w dynamicznym \u015bwiecie rolnictwa.<\/p>\n<h3>Uk\u0142ad hydrauliczny i zasada dzia\u0142ania<\/h3>\n<p>Nasz si\u0142ownik hydrauliczny dzia\u0142a w oparciu o zasad\u0119 dzia\u0142ania uk\u0142adu hydraulicznego, kt\u00f3ra efektywnie wykorzystuje p\u0142yn hydrauliczny do wykonywania zada\u0144 mechanicznych w rolnictwie. System dzia\u0142a poprzez pompowanie p\u0142ynu hydraulicznego do si\u0142ownika, gdzie wywiera on nacisk na t\u0142ok. Ci\u015bnienie to generuje si\u0142\u0119 liniow\u0105, umo\u017cliwiaj\u0105c p\u0142ynne wysuwanie i wsuwanie si\u0142ownika.<\/p>\n<p>Uk\u0142ad hydrauliczny zosta\u0142 zaprojektowany z my\u015bl\u0105 o zapewnieniu p\u0142ynnego i kontrolowanego ruchu, dzi\u0119ki czemu idealnie nadaje si\u0119 do r\u00f3\u017cnorodnych zastosowa\u0144 rolniczych, takich jak uprawa roli, podnoszenie i przemieszczanie ci\u0119\u017ckich narz\u0119dzi. Mo\u017cliwo\u015b\u0107 sterowania przep\u0142ywem i ci\u015bnieniem p\u0142ynu hydraulicznego pozwala operatorom na wykonywanie precyzyjnych ruch\u00f3w, zwi\u0119kszaj\u0105c og\u00f3ln\u0105 wydajno\u015b\u0107 maszyn rolniczych.<\/p>\n<p>Co wi\u0119cej, wszechstronno\u015b\u0107 uk\u0142adu hydraulicznego pozwala na jego integracj\u0119 z r\u00f3\u017cnymi typami maszyn, od traktor\u00f3w po kombajny. Ta uniwersalno\u015b\u0107 oznacza, \u017ce \u200b\u200bnasz si\u0142ownik hydrauliczny mo\u017ce by\u0107 wykorzystywany w r\u00f3\u017cnych zadaniach rolniczych, zapewniaj\u0105c rolnikom niezawodne narz\u0119dzie, kt\u00f3re zwi\u0119ksza wydajno\u015b\u0107 operacyjn\u0105.<\/p>\n<p>Podsumowuj\u0105c, zalety naszego si\u0142ownika hydraulicznego, takie jak energooszcz\u0119dno\u015b\u0107, wysoka wydajno\u015b\u0107 i bezpiecze\u0144stwo, znacz\u0105co przyczyniaj\u0105 si\u0119 do produktywno\u015bci i efektywno\u015bci dzia\u0142alno\u015bci rolniczej. Jego dzia\u0142anie oparte na zasadach hydraulicznych gwarantuje, \u017ce spe\u0142nia on wysokie wymagania wsp\u00f3\u0142czesnego rolnictwa, staj\u0105c si\u0119 kluczowym elementem w osi\u0105ganiu sukcesu w rolnictwie.<\/p>\n<p><img decoding=\"async\" src=\"https:\/\/hzpt.com\/wp-content\/uploads\/2023\/12\/random-3.webp\" alt=\"\" title=\"\"><\/p>\n<h2>Zalety cylindra spawanego typu tr\u00f3jnikowego<\/h2>\n<ul>\n<li style=\"list-style-type: none;\">\n<ul>\n<li><strong>Zwi\u0119kszona si\u0142a:<\/strong> Spawane cylindry typu tee s\u0105 znane ze swojej wysokiej wytrzyma\u0142o\u015bci, dzi\u0119ki czemu nadaj\u0105 si\u0119 do zastosowa\u0144 wymagaj\u0105cych podnoszenia ci\u0119\u017car\u00f3w. Proces spawania stosowany podczas produkcji tych cylindr\u00f3w zapewnia, \u017ce cylinder jest wolny od s\u0142abych punkt\u00f3w i mo\u017ce wytrzyma\u0107 wysokie ci\u015bnienie i napr\u0119\u017cenia.<\/li>\n<\/ul>\n<\/li>\n<\/ul>\n<p>Gdy na cylinder wywierany jest nacisk, rozprowadza si\u0119 on r\u00f3wnomiernie po ca\u0142ej powierzchni, co czyni go odpornym na odkszta\u0142cenia. Ta cecha zapewnia, \u017ce cylinder mo\u017ce zachowa\u0107 sw\u00f3j kszta\u0142t i integralno\u015b\u0107 strukturaln\u0105 nawet w ekstremalnych warunkach.<\/p>\n<ul>\n<li style=\"list-style-type: none;\">\n<ul>\n<li><strong>Zapobieganie wyciekom:<\/strong> Spawane cylindry typu tee s\u0105 zaprojektowane tak, aby zapobiega\u0107 wyciekom. Proces spawania stosowany podczas procesu produkcji zapewnia, \u017ce cylinder jest ca\u0142kowicie szczelny i wolny od wszelkich mo\u017cliwych wyciek\u00f3w. Ta cecha sprawia, \u017ce nadaj\u0105 si\u0119 do stosowania w zastosowaniach, w kt\u00f3rych wyciek m\u00f3g\u0142by spowodowa\u0107 powa\u017cne uszkodzenia lub obra\u017cenia.<\/li>\n<\/ul>\n<\/li>\n<\/ul>\n<p>Po\u0142\u0105czenia spawane s\u0105 g\u0142adkie, bez szczelin czy rowk\u00f3w, w kt\u00f3rych mog\u0142yby gromadzi\u0107 si\u0119 zanieczyszczenia lub brud, co zmniejsza ryzyko korozji i uszkodzenia cylindra.<\/p>\n<ul>\n<li style=\"list-style-type: none;\">\n<ul>\n<li><strong>Mo\u017cliwo\u015b\u0107 dostosowania:<\/strong> Spawane cylindry typu tee mo\u017cna dostosowa\u0107 do konkretnych zastosowa\u0144. Cylindry s\u0105 dost\u0119pne w r\u00f3\u017cnych rozmiarach i kszta\u0142tach i mog\u0105 by\u0107 wytwarzane tak, aby spe\u0142nia\u0142y konkretne wymagania danego zastosowania.<\/li>\n<\/ul>\n<\/li>\n<\/ul>\n<p>Proces dostosowywania pozwala na optymalizacj\u0119 wydajno\u015bci cylindra, zapewniaj\u0105c, \u017ce jest on odpowiedni do zamierzonego zastosowania. Ta cecha sprawia, \u017ce spawane cylindry typu tee s\u0105 idealne do stosowania w r\u00f3\u017cnych zastosowaniach przemys\u0142owych, w tym w budownictwie, g\u00f3rnictwie i transporcie materia\u0142\u00f3w.<\/p>\n<ul>\n<li style=\"list-style-type: none;\">\n<ul>\n<li><strong>Op\u0142acalno\u015b\u0107:<\/strong> Spawane cylindry typu tee s\u0105 op\u0142acalne w por\u00f3wnaniu do innych typ\u00f3w cylindr\u00f3w. Proces produkcji tych cylindr\u00f3w jest prosty, co czyni je ta\u0144szymi od innych typ\u00f3w cylindr\u00f3w.<\/li>\n<\/ul>\n<\/li>\n<\/ul>\n<p>Ponadto wysoka wytrzyma\u0142o\u015b\u0107 i trwa\u0142o\u015b\u0107 spawanych cylindr\u00f3w typu tee zmniejszaj\u0105 potrzeb\u0119 cz\u0119stych napraw i wymian, co pozwala zaoszcz\u0119dzi\u0107 na kosztach konserwacji. Ta cecha sprawia, \u017ce s\u0105 one popularnym wyborem dla wielu bran\u017c, szczeg\u00f3lnie tych o ograniczonym bud\u017cecie.<\/p>\n<ul>\n<li style=\"list-style-type: none;\">\n<ul>\n<li><strong>Zwi\u0119kszona wydajno\u015b\u0107:<\/strong> Spawane cylindry typu tee s\u0105 wysoce wydajne i skuteczne. Konstrukcja cylindra zapewnia, \u017ce si\u0142a przy\u0142o\u017cona jest przenoszona bezpo\u015brednio na obci\u0105\u017cenie, co zmniejsza straty energii i zwi\u0119ksza wydajno\u015b\u0107.<\/li>\n<\/ul>\n<\/li>\n<\/ul>\n<p>Spawane po\u0142\u0105czenia s\u0105 mocne i sztywne, minimalizuj\u0105c ugi\u0119cie i zapewniaj\u0105c, \u017ce cylinder zachowuje sw\u00f3j kszta\u0142t i integralno\u015b\u0107 strukturaln\u0105 nawet w ekstremalnych warunkach. Ta cecha sprawia, \u017ce spawane cylindry typu tee s\u0105 idealne do zastosowa\u0144 wymagaj\u0105cych wysokiej wydajno\u015bci i niezawodno\u015bci.<\/p>\n<h2>Zastosowanie cylindra spawanego typu tr\u00f3jnikowego<\/h2>\n<h3>Wst\u0119p<\/h3>\n<p>Si\u0142ownik typu spawany tr\u00f3jnik to rodzaj si\u0142ownika hydraulicznego powszechnie stosowanego w zastosowaniach przemys\u0142owych. Zosta\u0142 zaprojektowany w celu zapewnienia du\u017cej si\u0142y wyj\u015bciowej w kompaktowej i ekonomicznej obudowie. Ten typ si\u0142ownika sk\u0142ada si\u0119 ze spawanego tr\u00f3jnika i t\u0142oczyska przymocowanego do tr\u00f3jnika. Tr\u00f3jnik jest po\u0142\u0105czony z cylindrem cylindra i zawiera t\u0142ok, kt\u00f3ry porusza si\u0119 tam i z powrotem wewn\u0105trz cylindra, generuj\u0105c si\u0142\u0119.<\/p>\n<h3>Zalety cylindra spawanego typu tr\u00f3jnikowego<\/h3>\n<p>Stosowanie cylindr\u00f3w spawanych typu T w zastosowaniach przemys\u0142owych niesie ze sob\u0105 szereg zalet:<\/p>\n<ul>\n<li><b>Kompaktowa konstrukcja:<\/b> Cylindry spawane typu T s\u0105 zaprojektowane tak, aby by\u0142y kompaktowe, dzi\u0119ki czemu idealnie nadaj\u0105 si\u0119 do stosowania w miejscach o ograniczonej przestrzeni.<\/li>\n<li><b>Wysoka wydajno\u015b\u0107:<\/b> Cylindry spawane typu T s\u0105 bardzo wydajne, co oznacza, \u017ce \u200b\u200bmog\u0105 generowa\u0107 du\u017c\u0105 si\u0142\u0119 przy minimalnym nak\u0142adzie energii.<\/li>\n<li><b>Wytrzyma\u0142y:<\/b> Cylindry spawane typu T s\u0105 zaprojektowane tak, aby by\u0142y bardzo trwa\u0142e, co oznacza, \u017ce \u200b\u200bmog\u0105 wytrzyma\u0107 trudne warunki pracy i s\u0142u\u017cy\u0107 przez d\u0142ugi czas.<\/li>\n<li><b>Op\u0142acalne:<\/b> Cylindry spawane typu T s\u0105 ekonomiczne, co oznacza, \u017ce \u200b\u200boferuj\u0105 dobry stosunek jako\u015bci do ceny.<img loading=\"lazy\" decoding=\"async\" class=\"size-full wp-image-974 aligncenter\" src=\"https:\/\/fmp-components.com\/wp-content\/uploads\/2024\/12\/application-of-Welded-Tee-Type-Cylinder.webp\" alt=\"zastosowanie cylindra spawanego typu tr\u00f3jnika\" width=\"760\" height=\"860\" title=\"\" srcset=\"https:\/\/fmp-components.com\/wp-content\/uploads\/2024\/12\/application-of-Welded-Tee-Type-Cylinder.webp 760w, https:\/\/fmp-components.com\/wp-content\/uploads\/2024\/12\/application-of-Welded-Tee-Type-Cylinder-480x543.webp 480w\" sizes=\"(min-width: 0px) and (max-width: 480px) 480px, (min-width: 481px) 760px, 100vw\" \/><\/li>\n<\/ul>\n<h3>Zastosowania cylindr\u00f3w spawanych typu tr\u00f3jnikowego<\/h3>\n<p>Istnieje wiele zastosowa\u0144 dla cylindr\u00f3w spawanych typu T w r\u00f3\u017cnych ga\u0142\u0119ziach przemys\u0142u, w tym:<\/p>\n<ul>\n<li><b>Produkcja:<\/b> Cylindry spawane typu T s\u0105 wykorzystywane w produkcji do obs\u0142ugi maszyn, przenoszenia ci\u0119\u017ckich \u0142adunk\u00f3w i kszta\u0142towania cz\u0119\u015bci metalowych.<\/li>\n<li><b>Rolnictwo:<\/b> Cylindry typu T spawane stosowane s\u0105 w rolnictwie do obs\u0142ugi uk\u0142ad\u00f3w hydraulicznych w ci\u0105gnikach, kombajnach i innym sprz\u0119cie rolniczym.<\/li>\n<li><b>Budowa:<\/b> Cylindry typu T spawane s\u0105 stosowane w budownictwie do obs\u0142ugi maszyn takich jak d\u017awigi, koparki i koparki podsi\u0119bierne.<\/li>\n<li><b>G\u00f3rnictwo:<\/b> Cylindry typu T spawane s\u0105 stosowane w g\u00f3rnictwie do obs\u0142ugi uk\u0142ad\u00f3w hydraulicznych ci\u0119\u017ckiego sprz\u0119tu, takiego jak buldo\u017cery, \u0142adowarki i wiertnice do ska\u0142.<\/li>\n<li><b>Transport:<\/b> Cylindry typu T spawane s\u0105 stosowane w transporcie do obs\u0142ugi uk\u0142ad\u00f3w hydraulicznych w ci\u0119\u017car\u00f3wkach, autobusach i innych pojazdach.<\/li>\n<\/ul>\n<p>Podsumowuj\u0105c, spawane cylindry typu T s\u0105 wa\u017cnym elementem w wielu zastosowaniach przemys\u0142owych. Zaprojektowano je tak, aby by\u0142y kompaktowe, wydajne, trwa\u0142e i ekonomiczne, co czyni je idealnym wyborem do szerokiego zakresu zastosowa\u0144. Niezale\u017cnie od tego, czy obs\u0142ugujesz maszyny w zak\u0142adzie produkcyjnym, sprz\u0119t rolniczy w gospodarstwie rolnym, czy ci\u0119\u017cki sprz\u0119t w kopalni, spawane cylindry typu T pomog\u0105 Ci wykona\u0107 zadanie sprawnie i skutecznie.<\/p>\n<h3>O FMP<\/h3>\n<p>FMP jest wiod\u0105cym producentem i dostawc\u0105 si\u0142ownik\u00f3w hydraulicznych z ponad 30-letnim do\u015bwiadczeniem w bran\u017cy. Nasz obszar przemys\u0142owy znajduje si\u0119 we W\u0142oszech, a my szczycimy si\u0119 najnowocze\u015bniejszymi zak\u0142adami wyposa\u017conymi w ponad 100 zaawansowanych maszyn. Nasz szeroki asortyment obejmuje automatyczne spawarki w os\u0142onie gaz\u00f3w ochronnych, maszyny do g\u0142\u0119bokiego wiercenia, tokarki CNC, szlifierki do wa\u0142k\u00f3w, automatyczne maszyny czyszcz\u0105ce, automatyczne maszyny monta\u017cowe, automatyczne stanowiska do testowania wydajno\u015bci si\u0142ownik\u00f3w hydraulicznych oraz automatyczne linie lakiernicze.<\/p>\n<p><img decoding=\"async\" src=\"https:\/\/fmp-components.com\/wp-content\/uploads\/2024\/12\/fmp-factory-4.webp\" alt=\"Fabryka FMP\" width=\"800\" title=\"\"><\/p>\n<p>W FMP priorytetowo traktujemy jako\u015b\u0107 i dbamy o to, aby ka\u017cdy si\u0142ownik hydrauliczny przechodzi\u0142 rygorystyczn\u0105 obr\u00f3bk\u0119 i kontrol\u0119, aby spe\u0142nia\u0107 najwy\u017csze standardy. Oferujemy szerok\u0105 gam\u0119 si\u0142ownik\u00f3w hydraulicznych, w tym si\u0142owniki hydrauliczne z kolcami oraz dwukierunkowe automatyczne si\u0142owniki hydrauliczne teleskopowe, spe\u0142niaj\u0105ce zr\u00f3\u017cnicowane potrzeby klient\u00f3w.<\/p>\n<ol>\n<li><strong>Us\u0142uga projektowa:<\/strong> Nasz do\u015bwiadczony zesp\u00f3\u0142 projektowy jest w stanie zapewni\u0107 rozwi\u0105zania projektowe i rozwojowe dla wa\u0142\u00f3w uniwersalnych. Niezale\u017cnie od tego, czy potrzebujesz nowych projekt\u00f3w produkt\u00f3w, czy ulepsze\u0144 istniej\u0105cych, jeste\u015bmy do Twojej dyspozycji.<\/li>\n<li><strong>Us\u0142uga produktu:<\/strong> Nasz usprawniony proces produkcyjny obejmuje selekcj\u0119 surowc\u00f3w, ci\u0119cie, obr\u00f3bk\u0119 wst\u0119pn\u0105, testowanie, czyszczenie, monta\u017c, pakowanie i transport. Dbamy o to, aby ka\u017cdy etap by\u0142 skrupulatnie realizowany, aby dostarcza\u0107 produkty najwy\u017cszej jako\u015bci.<\/li>\n<li><strong>Przyk\u0142adowy proces:<\/strong> Oferujemy opracowanie pr\u00f3bek zgodnie z Pa\u0144stwa indywidualnymi wymaganiami. Mo\u017cemy stale modyfikowa\u0107 pr\u00f3bki, aby spe\u0142ni\u0107 Pa\u0144stwa oczekiwania, gwarantuj\u0105c, \u017ce produkt ko\u0144cowy b\u0119dzie idealnie zgodny z Pa\u0144stwa oczekiwaniami.<\/li>\n<li><strong>Badania i rozw\u00f3j:<\/strong> Nasz zaanga\u017cowany zesp\u00f3\u0142 badawczo-rozwojowy aktywnie analizuje trendy i potrzeby rynku. Gdy pojawiaj\u0105 si\u0119 nowe potrzeby rynkowe, niezw\u0142ocznie opracowujemy i wprowadzamy na rynek nowe modele, aby sprosta\u0107 stale zmieniaj\u0105cym si\u0119 potrzebom bran\u017cy motoryzacyjnej.<\/li>\n<li><strong>Personalizacja:<\/strong> Specjalizujemy si\u0119 w produkcji i sprzeda\u017cy r\u00f3\u017cnego rodzaju si\u0142ownik\u00f3w hydraulicznych i ch\u0119tnie przyjmujemy zam\u00f3wienia niestandardowe. Nasz zesp\u00f3\u0142 dok\u0142ada wszelkich stara\u0144, aby dostarcza\u0107 rozwi\u0105zania szyte na miar\u0119, spe\u0142niaj\u0105ce Pa\u0144stwa indywidualne wymagania.<\/li>\n<\/ol>\n<p>Dzi\u0119ki naszemu zaanga\u017cowaniu w doskona\u0142o\u015b\u0107, zaawansowanym mo\u017cliwo\u015bciom produkcyjnym i podej\u015bciu zorientowanemu na klienta, FMP jest idealnym partnerem w zakresie wszystkich Twoich potrzeb w zakresie si\u0142ownik\u00f3w hydraulicznych. Skontaktuj si\u0119 z nami ju\u017c dzi\u015b, aby om\u00f3wi\u0107, jak mo\u017cemy wsp\u00f3\u0142pracowa\u0107, aby osi\u0105gn\u0105\u0107 Twoje cele.<\/p>\n<p>Autor:CX<\/p>","protected":false},"excerpt":{"rendered":"<p>The 10011 Excellent Quality Stainless Steel Small Double Acting Hydraulic Cylinder is specifically designed to meet the rigorous demands of agricultural applications. Engineered for durability and efficiency, this hydraulic cylinder is an essential tool for enhancing productivity in farming operations. Key Features: Double Acting Design: This hydraulic cylinder operates in both extension and retraction, providing [&hellip;]<\/p>","protected":false},"featured_media":1133,"comment_status":"closed","ping_status":"closed","template":"","meta":{"_et_pb_use_builder":"","_et_pb_old_content":"","_et_gb_content_width":""},"product_brand":[],"product_cat":[31],"product_tag":[34,35],"class_list":{"0":"post-931","1":"product","2":"type-product","3":"status-publish","4":"has-post-thumbnail","6":"product_cat-welded-tee-type-cylinder","7":"product_tag-hydraulic-cylinder","8":"product_tag-welded-tee-type-cylinder","10":"first","11":"instock","12":"product-type-simple"},"_links":{"self":[{"href":"https:\/\/fmp-components.com\/pl\/wp-json\/wp\/v2\/product\/931","targetHints":{"allow":["GET"]}}],"collection":[{"href":"https:\/\/fmp-components.com\/pl\/wp-json\/wp\/v2\/product"}],"about":[{"href":"https:\/\/fmp-components.com\/pl\/wp-json\/wp\/v2\/types\/product"}],"replies":[{"embeddable":true,"href":"https:\/\/fmp-components.com\/pl\/wp-json\/wp\/v2\/comments?post=931"}],"wp:featuredmedia":[{"embeddable":true,"href":"https:\/\/fmp-components.com\/pl\/wp-json\/wp\/v2\/media\/1133"}],"wp:attachment":[{"href":"https:\/\/fmp-components.com\/pl\/wp-json\/wp\/v2\/media?parent=931"}],"wp:term":[{"taxonomy":"product_brand","embeddable":true,"href":"https:\/\/fmp-components.com\/pl\/wp-json\/wp\/v2\/product_brand?post=931"},{"taxonomy":"product_cat","embeddable":true,"href":"https:\/\/fmp-components.com\/pl\/wp-json\/wp\/v2\/product_cat?post=931"},{"taxonomy":"product_tag","embeddable":true,"href":"https:\/\/fmp-components.com\/pl\/wp-json\/wp\/v2\/product_tag?post=931"}],"curies":[{"name":"wp","href":"https:\/\/api.w.org\/{rel}","templated":true}]}}