{"id":930,"date":"2024-12-19T03:39:00","date_gmt":"2024-12-19T03:39:00","guid":{"rendered":"https:\/\/fmp-components.com\/product\/10010-industrial-double-acting-welded-hydraulic-cylinder-for-sale\/"},"modified":"2024-12-19T09:00:52","modified_gmt":"2024-12-19T09:00:52","slug":"10010-industrial-double-acting-welded-hydraulic-cylinder-for-sale","status":"publish","type":"product","link":"https:\/\/fmp-components.com\/pl\/product\/10010-industrial-double-acting-welded-hydraulic-cylinder-for-sale\/","title":{"rendered":"10010 Przemys\u0142owy spawany si\u0142ownik hydrauliczny dwustronnego dzia\u0142ania na sprzeda\u017c"},"content":{"rendered":"<p>Przemys\u0142owy, spawany si\u0142ownik hydrauliczny dwustronnego dzia\u0142ania 10010 to wysokowydajne rozwi\u0105zanie przeznaczone do wymagaj\u0105cych zastosowa\u0144 przemys\u0142owych. Zaprojektowany z my\u015bl\u0105 o trwa\u0142o\u015bci i wydajno\u015bci, ten si\u0142ownik hydrauliczny idealnie nadaje si\u0119 do r\u00f3\u017cnorodnych zastosowa\u0144, w tym w budownictwie, produkcji i obs\u0142udze ci\u0119\u017ckiego sprz\u0119tu.<\/p>\n<h4>G\u0142\u00f3wne cechy:<\/h4>\n<ul>\n<li><strong>Konstrukcja dwustronnego dzia\u0142ania:<\/strong><br \/>\nTen si\u0142ownik hydrauliczny dzia\u0142a efektywnie zar\u00f3wno w pozycji wysuwanej, jak i wsuwanej, co umo\u017cliwia wszechstronne zastosowanie. Mechanizm dwustronnego dzia\u0142ania zapewnia p\u0142ynny i kontrolowany ruch, dzi\u0119ki czemu idealnie nadaje si\u0119 do zada\u0144 wymagaj\u0105cych precyzyjnego pozycjonowania i si\u0142y.<\/li>\n<li><strong>Konstrukcja spawana:<\/strong><br \/>\nSpawana konstrukcja zwi\u0119ksza integralno\u015b\u0107 strukturaln\u0105 cylindra, zapewniaj\u0105c wyj\u0105tkow\u0105 wytrzyma\u0142o\u015b\u0107 i trwa\u0142o\u015b\u0107. Ta solidna konstrukcja minimalizuje ryzyko wyciek\u00f3w i awarii, gwarantuj\u0105c niezawodn\u0105 prac\u0119 w trudnych warunkach pracy.<\/li>\n<li><strong>Wysoka \u0142adowno\u015b\u0107:<\/strong><br \/>\nSi\u0142ownik hydrauliczny 10010, zaprojektowany do obs\u0142ugi znacznych obci\u0105\u017ce\u0144, generuje du\u017c\u0105 si\u0142\u0119, dzi\u0119ki czemu nadaje si\u0119 do ci\u0119\u017ckich zastosowa\u0144. Jego wysoka no\u015bno\u015b\u0107 gwarantuje, \u017ce sprosta wymaganiom r\u00f3\u017cnorodnych zada\u0144 przemys\u0142owych bez uszczerbku dla bezpiecze\u0144stwa i wydajno\u015bci.<\/li>\n<li><strong>Odporno\u015b\u0107 na korozj\u0119:<\/strong><br \/>\nWykonany z wysokiej jako\u015bci materia\u0142\u00f3w, ten si\u0142ownik hydrauliczny jest odporny na korozj\u0119 i zu\u017cycie, zapewniaj\u0105c d\u0142ugowieczno\u015b\u0107 nawet w trudnych warunkach. Jego trwa\u0142o\u015b\u0107 sprawia, \u017ce \u200b\u200bidealnie nadaje si\u0119 do zastosowa\u0144 zewn\u0119trznych, gdzie nara\u017cenie na dzia\u0142anie czynnik\u00f3w atmosferycznych jest problemem.<\/li>\n<li><strong>Wszechstronne zastosowania:<\/strong><br \/>\nPrzemys\u0142owy spawany si\u0142ownik hydrauliczny dwustronnego dzia\u0142ania 10010 doskonale nadaje si\u0119 do szerokiego zakresu zastosowa\u0144, w tym podnoszenia, pchania i ci\u0105gni\u0119cia w takich bran\u017cach jak budownictwo, rolnictwo i produkcja.<\/li>\n<\/ul>\n<p><img decoding=\"async\" src=\"https:\/\/hzpt.com\/wp-content\/uploads\/2023\/12\/random-1.webp?v=1694163707\" alt=\"\" title=\"\"><\/p>\n<h4>Dane techniczne:<\/h4>\n<table style=\"width: 100.094%; height: 251px;\">\n<thead>\n<tr>\n<th>Specyfikacja<\/th>\n<th>Opis<\/th>\n<\/tr>\n<\/thead>\n<tbody>\n<tr>\n<td><strong>Rozmiar otworu<\/strong><\/td>\n<td>Mo\u017cliwo\u015b\u0107 dostosowania<\/td>\n<\/tr>\n<tr>\n<td><strong>D\u0142ugo\u015b\u0107 skoku<\/strong><\/td>\n<td>Dost\u0119pne r\u00f3\u017cne opcje<\/td>\n<\/tr>\n<tr>\n<td><strong>Maksymalne ci\u015bnienie<\/strong><\/td>\n<td>Do 3000 PSI<\/td>\n<\/tr>\n<tr>\n<td><strong>Tworzywo<\/strong><\/td>\n<td>Stal o wysokiej wytrzyma\u0142o\u015bci<\/td>\n<\/tr>\n<tr>\n<td><strong>Typ po\u0142\u0105czenia<\/strong><\/td>\n<td>Ko\u0142nierzowe lub gwintowane<\/td>\n<\/tr>\n<\/tbody>\n<\/table>\n<h4>Zasada dzia\u0142ania:<\/h4>\n<p>Przemys\u0142owy, spawany si\u0142ownik hydrauliczny dwustronnego dzia\u0142ania 10010 dzia\u0142a na zasadzie ci\u015bnienia p\u0142ynu hydraulicznego. Po wt\u0142oczeniu p\u0142ynu hydraulicznego do cylindra, wywiera on nacisk na t\u0142ok, generuj\u0105c si\u0142\u0119 liniow\u0105 w obu kierunkach. Ten dwukierunkowy ruch jest niezb\u0119dny w przypadku zada\u0144 wymagaj\u0105cych precyzyjnej kontroli i wydajno\u015bci, co czyni go kluczowym elementem wielu uk\u0142ad\u00f3w hydraulicznych.<\/p>\n<p>Podsumowuj\u0105c, przemys\u0142owy spawany si\u0142ownik hydrauliczny dwustronnego dzia\u0142ania 10010 to solidne i wydajne rozwi\u0105zanie do r\u00f3\u017cnorodnych zastosowa\u0144 przemys\u0142owych. Jego unikalne cechy, takie jak konstrukcja dwustronnego dzia\u0142ania, spawana konstrukcja i wysoka no\u015bno\u015b\u0107, czyni\u0105 go niezb\u0119dnym narz\u0119dziem do zwi\u0119kszenia wydajno\u015bci i niezawodno\u015bci w wymagaj\u0105cych warunkach.<\/p>\n<p>&nbsp;<\/p>\n<p><img decoding=\"async\" src=\"https:\/\/hzpt.com\/wp-content\/uploads\/2023\/12\/random-2.webp\" alt=\"\" title=\"\"><\/p>\n<h2>Zalety cylindra spawanego typu tr\u00f3jnikowego<\/h2>\n<ul>\n<li style=\"list-style-type: none;\">\n<ul>\n<li><strong>Zwi\u0119kszona si\u0142a:<\/strong> Spawane cylindry typu tee s\u0105 znane ze swojej wysokiej wytrzyma\u0142o\u015bci, dzi\u0119ki czemu nadaj\u0105 si\u0119 do zastosowa\u0144 wymagaj\u0105cych podnoszenia ci\u0119\u017car\u00f3w. Proces spawania stosowany podczas produkcji tych cylindr\u00f3w zapewnia, \u017ce cylinder jest wolny od s\u0142abych punkt\u00f3w i mo\u017ce wytrzyma\u0107 wysokie ci\u015bnienie i napr\u0119\u017cenia.<\/li>\n<\/ul>\n<\/li>\n<\/ul>\n<p>Gdy na cylinder wywierany jest nacisk, rozprowadza si\u0119 on r\u00f3wnomiernie po ca\u0142ej powierzchni, co czyni go odpornym na odkszta\u0142cenia. Ta cecha zapewnia, \u017ce cylinder mo\u017ce zachowa\u0107 sw\u00f3j kszta\u0142t i integralno\u015b\u0107 strukturaln\u0105 nawet w ekstremalnych warunkach.<\/p>\n<ul>\n<li style=\"list-style-type: none;\">\n<ul>\n<li><strong>Zapobieganie wyciekom:<\/strong> Spawane cylindry typu tee s\u0105 zaprojektowane tak, aby zapobiega\u0107 wyciekom. Proces spawania stosowany podczas procesu produkcji zapewnia, \u017ce cylinder jest ca\u0142kowicie szczelny i wolny od wszelkich mo\u017cliwych wyciek\u00f3w. Ta cecha sprawia, \u017ce nadaj\u0105 si\u0119 do stosowania w zastosowaniach, w kt\u00f3rych wyciek m\u00f3g\u0142by spowodowa\u0107 powa\u017cne uszkodzenia lub obra\u017cenia.<\/li>\n<\/ul>\n<\/li>\n<\/ul>\n<p>Po\u0142\u0105czenia spawane s\u0105 g\u0142adkie, bez szczelin czy rowk\u00f3w, w kt\u00f3rych mog\u0142yby gromadzi\u0107 si\u0119 zanieczyszczenia lub brud, co zmniejsza ryzyko korozji i uszkodzenia cylindra.<\/p>\n<ul>\n<li style=\"list-style-type: none;\">\n<ul>\n<li><strong>Mo\u017cliwo\u015b\u0107 dostosowania:<\/strong> Spawane cylindry typu tee mo\u017cna dostosowa\u0107 do konkretnych zastosowa\u0144. Cylindry s\u0105 dost\u0119pne w r\u00f3\u017cnych rozmiarach i kszta\u0142tach i mog\u0105 by\u0107 wytwarzane tak, aby spe\u0142nia\u0142y konkretne wymagania danego zastosowania.<\/li>\n<\/ul>\n<\/li>\n<\/ul>\n<p>Proces dostosowywania pozwala na optymalizacj\u0119 wydajno\u015bci cylindra, zapewniaj\u0105c, \u017ce jest on odpowiedni do zamierzonego zastosowania. Ta cecha sprawia, \u017ce spawane cylindry typu tee s\u0105 idealne do stosowania w r\u00f3\u017cnych zastosowaniach przemys\u0142owych, w tym w budownictwie, g\u00f3rnictwie i transporcie materia\u0142\u00f3w.<\/p>\n<ul>\n<li style=\"list-style-type: none;\">\n<ul>\n<li><strong>Op\u0142acalno\u015b\u0107:<\/strong> Spawane cylindry typu tee s\u0105 op\u0142acalne w por\u00f3wnaniu do innych typ\u00f3w cylindr\u00f3w. Proces produkcji tych cylindr\u00f3w jest prosty, co czyni je ta\u0144szymi od innych typ\u00f3w cylindr\u00f3w.<\/li>\n<\/ul>\n<\/li>\n<\/ul>\n<p>Ponadto wysoka wytrzyma\u0142o\u015b\u0107 i trwa\u0142o\u015b\u0107 spawanych cylindr\u00f3w typu tee zmniejszaj\u0105 potrzeb\u0119 cz\u0119stych napraw i wymian, co pozwala zaoszcz\u0119dzi\u0107 na kosztach konserwacji. Ta cecha sprawia, \u017ce s\u0105 one popularnym wyborem dla wielu bran\u017c, szczeg\u00f3lnie tych o ograniczonym bud\u017cecie.<\/p>\n<ul>\n<li style=\"list-style-type: none;\">\n<ul>\n<li><strong>Zwi\u0119kszona wydajno\u015b\u0107:<\/strong> Spawane cylindry typu tee s\u0105 wysoce wydajne i skuteczne. Konstrukcja cylindra zapewnia, \u017ce si\u0142a przy\u0142o\u017cona jest przenoszona bezpo\u015brednio na obci\u0105\u017cenie, co zmniejsza straty energii i zwi\u0119ksza wydajno\u015b\u0107.<\/li>\n<\/ul>\n<\/li>\n<\/ul>\n<p>Spawane po\u0142\u0105czenia s\u0105 mocne i sztywne, minimalizuj\u0105c ugi\u0119cie i zapewniaj\u0105c, \u017ce cylinder zachowuje sw\u00f3j kszta\u0142t i integralno\u015b\u0107 strukturaln\u0105 nawet w ekstremalnych warunkach. Ta cecha sprawia, \u017ce spawane cylindry typu tee s\u0105 idealne do zastosowa\u0144 wymagaj\u0105cych wysokiej wydajno\u015bci i niezawodno\u015bci.<\/p>\n<h2>Zastosowanie cylindra spawanego typu tr\u00f3jnikowego<\/h2>\n<ol>\n<li>\n<h3>Przemys\u0142 motoryzacyjny<\/h3>\n<p>Spawane si\u0142owniki typu teowego s\u0105 szeroko stosowane w przemy\u015ble motoryzacyjnym. Znajduj\u0105 zastosowanie w drzwiach samochodowych, podno\u015bnikach maski i baga\u017cnika, dachach kabriolet\u00f3w oraz uk\u0142adach wspomagania kierownicy. Si\u0142owniki te s\u0105 preferowane ze wzgl\u0119du na mo\u017cliwo\u015b\u0107 zapewnienia du\u017cej si\u0142y wyj\u015bciowej przy niewielkich wymaganiach przestrzennych. Konstrukcja si\u0142ownika typu teowego doskonale nadaje si\u0119 do zastosowa\u0144, w kt\u00f3rych si\u0142a musi by\u0107 przenoszona w dw\u00f3ch r\u00f3\u017cnych kierunkach.<\/p>\n<p>Co wi\u0119cej, spawana konstrukcja tych cylindr\u00f3w pozwala im pracowa\u0107 w wysokich temperaturach i ci\u015bnieniach bez ryzyka wyciek\u00f3w. Dzi\u0119ki temu nadaj\u0105 si\u0119 one do stosowania w silnikach, skrzyniach bieg\u00f3w i uk\u0142adach hamulcowych.<\/li>\n<li>\n<h3>Przemys\u0142 wytw\u00f3rczy<\/h3>\n<p>Cylindry spawane typu teowego s\u0105 r\u00f3wnie\u017c stosowane w przemy\u015ble wytw\u00f3rczym. Znajduj\u0105 zastosowanie w prasach hydraulicznych, ku\u017aniach i maszynach do ci\u0119cia metalu. Wysoka si\u0142a wyj\u015bciowa tych cylindr\u00f3w sprawia, \u017ce \u200b\u200bidealnie nadaj\u0105 si\u0119 do zastosowa\u0144 wymagaj\u0105cych du\u017cej si\u0142y w ma\u0142ej przestrzeni.<\/p>\n<p>Konstrukcja si\u0142ownika typu teowego doskonale nadaje si\u0119 r\u00f3wnie\u017c do zastosowa\u0144, w kt\u00f3rych si\u0142a musi by\u0107 przenoszona w dw\u00f3ch r\u00f3\u017cnych kierunkach. Na przyk\u0142ad, w prasie hydraulicznej si\u0142ownik typu teowego mo\u017ce by\u0107 u\u017cywany do wywierania si\u0142y zar\u00f3wno w pionie, jak i w poziomie, co umo\u017cliwia bardziej z\u0142o\u017cone procesy produkcyjne.<\/li>\n<li>\n<h3>Przemys\u0142 lotniczy i kosmiczny<\/h3>\n<p>Cylindry spawane typu tr\u00f3jnikowego s\u0105 wykorzystywane w przemy\u015ble lotniczym do r\u00f3\u017cnych zastosowa\u0144, m.in. w systemach podwozi samolot\u00f3w, drzwiach \u0142adunkowych i systemach sterowania lotem. Wysoka si\u0142a wyj\u015bciowa i kompaktowa konstrukcja tych cylindr\u00f3w sprawiaj\u0105, \u017ce idealnie nadaj\u0105 si\u0119 do stosowania w ograniczonej przestrzeni samolotu.<\/p>\n<p>Spawana konstrukcja tych cylindr\u00f3w sprawia, \u017ce \u200b\u200bs\u0105 one odporne na wysokie ci\u015bnienia i temperatury wyst\u0119puj\u0105ce podczas lotu. Dodatkowo, konstrukcja cylindra typu tr\u00f3jnikowego umo\u017cliwia przenoszenie si\u0142y w dw\u00f3ch r\u00f3\u017cnych kierunkach, dzi\u0119ki czemu doskonale nadaje si\u0119 do zastosowa\u0144, w kt\u00f3rych si\u0142a musi by\u0107 przy\u0142o\u017cona pod k\u0105tem.<\/li>\n<li>\n<h3>Bran\u017ca budowlana<\/h3>\n<p>Cylindry spawane typu T s\u0105 stosowane w przemy\u015ble budowlanym do podnoszenia i przenoszenia du\u017cych ci\u0119\u017car\u00f3w. Znajduj\u0105 zastosowanie w d\u017awigach, koparkach i koparko-\u0142adowarkach. Wysoka si\u0142a wyj\u015bciowa i kompaktowa konstrukcja tych cylindr\u00f3w sprawiaj\u0105, \u017ce idealnie nadaj\u0105 si\u0119 do stosowania w ograniczonej przestrzeni na placu budowy.<\/p>\n<p>Konstrukcja cylindra typu teowego pozwala na przenoszenie si\u0142y w dw\u00f3ch r\u00f3\u017cnych kierunkach, dzi\u0119ki czemu doskonale nadaje si\u0119 do zastosowa\u0144 wymagaj\u0105cych przy\u0142o\u017cenia si\u0142y pod k\u0105tem. Dodatkowo, spawana konstrukcja tych cylindr\u00f3w pozwala im pracowa\u0107 w wysokich ci\u015bnieniach i temperaturach bez \u017cadnych wyciek\u00f3w, dzi\u0119ki czemu nadaj\u0105 si\u0119 do stosowania w trudnych warunkach zewn\u0119trznych.<\/li>\n<li><img decoding=\"async\" src=\"https:\/\/hzpt.com\/wp-content\/uploads\/2023\/12\/random-1.webp?v=1694163707\" alt=\"\" title=\"\"><\/li>\n<\/ol>\n<h3>O FMP<\/h3>\n<p>FMP to wiod\u0105cy producent i dostawca si\u0142ownik\u00f3w hydraulicznych z ponad 30-letnim do\u015bwiadczeniem w bran\u017cy. Nasz nowoczesny zak\u0142ad produkcyjny we W\u0142oszech dysponuje ponad 100 zaawansowanymi urz\u0105dzeniami, co gwarantuje wysok\u0105 jako\u015b\u0107 produkcji. Specjalizujemy si\u0119 w produkcji r\u00f3\u017cnego rodzaju si\u0142ownik\u00f3w hydraulicznych, w tym automatycznych spawarek w os\u0142onie gaz\u00f3w ochronnych, wiertarek do g\u0142\u0119bokich otwor\u00f3w, tokarek CNC, szlifierek do wa\u0142k\u00f3w, automatycznych maszyn czyszcz\u0105cych, automatycznych maszyn monta\u017cowych, automatycznych stanowisk do testowania wydajno\u015bci si\u0142ownik\u00f3w hydraulicznych oraz automatycznej linii lakierniczej.<\/p>\n<p><img decoding=\"async\" src=\"https:\/\/fmp-components.com\/wp-content\/uploads\/2024\/12\/fmp-factory-4.webp\" alt=\"Fabryka FMP\" width=\"800\" title=\"\"><\/p>\n<p>W FMP jeste\u015bmy dumni z dostarczania naszym cenionym klientom produkt\u00f3w o wyj\u0105tkowej jako\u015bci. Oto pi\u0119\u0107 powod\u00f3w, dla kt\u00f3rych warto wybra\u0107 nasze produkty i nawi\u0105za\u0107 z nami wsp\u00f3\u0142prac\u0119:<\/p>\n<ol>\n<li>Rygorystyczne przetwarzanie i kontrola: Ka\u017cdy cylinder hydrauliczny przechodzi rygorystyczne przetwarzanie i kontrol\u0119, aby zapewni\u0107 najwy\u017csze standardy jako\u015bci i wydajno\u015bci. Priorytetem jest dla nas satysfakcja klienta.<\/li>\n<li>Us\u0142ugi projektowe: Nasz do\u015bwiadczony zesp\u00f3\u0142 projektant\u00f3w pomo\u017ce Ci w projektowaniu i rozwoju produktu. Niezale\u017cnie od tego, czy potrzebujesz nowych produkt\u00f3w, czy ulepsze\u0144 istniej\u0105cych, jeste\u015bmy do Twojej dyspozycji.<\/li>\n<li>Kompleksowa obs\u0142uga produktu: Od surowc\u00f3w, przez ci\u0119cie, obr\u00f3bk\u0119 wst\u0119pn\u0105, testowanie, czyszczenie, monta\u017c, pakowanie i transport, zapewniamy kompleksow\u0105 obs\u0142ug\u0119 produktu. Mo\u017cesz na nas polega\u0107, je\u015bli chodzi o p\u0142ynny proces produkcji.<\/li>\n<li>Proces pr\u00f3bkowania: Oferujemy opracowanie pr\u00f3bek zgodnie z Pa\u0144stwa indywidualnymi wymaganiami. Nasz zesp\u00f3\u0142 b\u0119dzie stale modyfikowa\u0107 pr\u00f3bki, aby spe\u0142ni\u0107 Pa\u0144stwa potrzeby i zapewni\u0107 pe\u0142n\u0105 satysfakcj\u0119.<\/li>\n<li>Mo\u017cliwo\u015bci badawczo-rozwojowe: W miar\u0119 pojawiania si\u0119 nowych potrzeb rynkowych, wyprzedzamy trendy, badaj\u0105c i opracowuj\u0105c nowe modele. Nasze zaanga\u017cowanie w innowacje gwarantuje, \u017ce zawsze b\u0119dziesz mie\u0107 dost\u0119p do najnowszych i najbardziej zaawansowanych produkt\u00f3w z zakresu si\u0142ownik\u00f3w hydraulicznych.<\/li>\n<\/ol>\n<p>Dzi\u0119ki naszemu zaanga\u017cowaniu w doskona\u0142o\u015b\u0107, szerokiej gamie produkt\u00f3w i podej\u015bciu zorientowanemu na klienta, FMP jest idealnym partnerem w zakresie wszystkich potrzeb w zakresie si\u0142ownik\u00f3w hydraulicznych. Skontaktuj si\u0119 z nami ju\u017c dzi\u015b, aby om\u00f3wi\u0107 swoje wymagania i przekona\u0107 si\u0119 o najwy\u017cszej jako\u015bci i obs\u0142udze, kt\u00f3re wyr\u00f3\u017cniaj\u0105 nas na tle konkurencji.<\/p>\n<p>Autor:CX<\/p>","protected":false},"excerpt":{"rendered":"<p>The 10010 Industrial Double Acting Welded Hydraulic Cylinder is a high-performance solution designed for demanding industrial applications. Engineered with durability and efficiency in mind, this hydraulic cylinder is ideal for a variety of uses, including construction, manufacturing, and heavy machinery operations. Key Features: Double Acting Design: This hydraulic cylinder functions effectively in both extension and [&hellip;]<\/p>","protected":false},"featured_media":1133,"comment_status":"closed","ping_status":"closed","template":"","meta":{"_et_pb_use_builder":"","_et_pb_old_content":"","_et_gb_content_width":""},"product_brand":[],"product_cat":[31],"product_tag":[34,35],"class_list":{"0":"post-930","1":"product","2":"type-product","3":"status-publish","4":"has-post-thumbnail","6":"product_cat-welded-tee-type-cylinder","7":"product_tag-hydraulic-cylinder","8":"product_tag-welded-tee-type-cylinder","10":"first","11":"instock","12":"product-type-simple"},"_links":{"self":[{"href":"https:\/\/fmp-components.com\/pl\/wp-json\/wp\/v2\/product\/930","targetHints":{"allow":["GET"]}}],"collection":[{"href":"https:\/\/fmp-components.com\/pl\/wp-json\/wp\/v2\/product"}],"about":[{"href":"https:\/\/fmp-components.com\/pl\/wp-json\/wp\/v2\/types\/product"}],"replies":[{"embeddable":true,"href":"https:\/\/fmp-components.com\/pl\/wp-json\/wp\/v2\/comments?post=930"}],"wp:featuredmedia":[{"embeddable":true,"href":"https:\/\/fmp-components.com\/pl\/wp-json\/wp\/v2\/media\/1133"}],"wp:attachment":[{"href":"https:\/\/fmp-components.com\/pl\/wp-json\/wp\/v2\/media?parent=930"}],"wp:term":[{"taxonomy":"product_brand","embeddable":true,"href":"https:\/\/fmp-components.com\/pl\/wp-json\/wp\/v2\/product_brand?post=930"},{"taxonomy":"product_cat","embeddable":true,"href":"https:\/\/fmp-components.com\/pl\/wp-json\/wp\/v2\/product_cat?post=930"},{"taxonomy":"product_tag","embeddable":true,"href":"https:\/\/fmp-components.com\/pl\/wp-json\/wp\/v2\/product_tag?post=930"}],"curies":[{"name":"wp","href":"https:\/\/api.w.org\/{rel}","templated":true}]}}