{"id":929,"date":"2024-12-19T03:39:00","date_gmt":"2024-12-19T03:39:00","guid":{"rendered":"https:\/\/fmp-components.com\/product\/10009-customized-stainless-steel-hydraulic-cylinders-mini-hydraulic-cylinder\/"},"modified":"2024-12-19T08:59:13","modified_gmt":"2024-12-19T08:59:13","slug":"10009-customized-stainless-steel-hydraulic-cylinders-mini-hydraulic-cylinder","status":"publish","type":"product","link":"https:\/\/fmp-components.com\/pl\/product\/10009-customized-stainless-steel-hydraulic-cylinders-mini-hydraulic-cylinder\/","title":{"rendered":"10009 Niestandardowe cylindry hydrauliczne ze stali nierdzewnej Miniaturowe cylindry hydrauliczne"},"content":{"rendered":"<p>Miniaturowy si\u0142ownik hydrauliczny 10009 ze stali nierdzewnej to kompaktowe, a zarazem wydajne rozwi\u0105zanie przeznaczone do zastosowa\u0144 wymagaj\u0105cych precyzji i trwa\u0142o\u015bci. Wykonany z wysokiej jako\u015bci stali nierdzewnej, ten miniaturowy si\u0142ownik hydrauliczny jest odporny na korozj\u0119 i zu\u017cycie, dzi\u0119ki czemu idealnie nadaje si\u0119 do u\u017cytku zar\u00f3wno wewn\u0105trz, jak i na zewn\u0105trz.<\/p>\n<p><img decoding=\"async\" src=\"https:\/\/hzpt.com\/wp-content\/uploads\/2023\/12\/random-2.webp\" alt=\"\" title=\"\"><\/p>\n<h4>G\u0142\u00f3wne cechy:<\/h4>\n<ul>\n<li><strong>Mo\u017cliwo\u015b\u0107 dostosowania projektu:<\/strong><br \/>\nMiniaturowy si\u0142ownik hydrauliczny 10009 jest dostosowany do konkretnych wymaga\u0144 operacyjnych. Mo\u017cna go dostosowa\u0107 pod wzgl\u0119dem d\u0142ugo\u015bci skoku, \u015brednicy cylindra i rodzaju przy\u0142\u0105czy, aby nadawa\u0142 si\u0119 do r\u00f3\u017cnych zastosowa\u0144.<\/li>\n<li><strong>Kompaktowy rozmiar:<\/strong><br \/>\nJego miniaturowa konstrukcja pozwala na \u0142atw\u0105 instalacj\u0119 w ciasnych przestrzeniach, dzi\u0119ki czemu idealnie nadaje si\u0119 do maszyn i system\u00f3w, w kt\u00f3rych przestrze\u0144 jest ograniczona, bez uszczerbku dla wydajno\u015bci.<\/li>\n<li><strong>Konstrukcja ze stali nierdzewnej:<\/strong><br \/>\nWykonany z wysokiej jako\u015bci stali nierdzewnej cylinder charakteryzuje si\u0119 wyj\u0105tkow\u0105 odporno\u015bci\u0105 na korozj\u0119 i trudne warunki \u015brodowiskowe, co gwarantuje trwa\u0142o\u015b\u0107 i niezawodno\u015b\u0107.<\/li>\n<li><strong>Wysoka wydajno\u015b\u0107:<\/strong><br \/>\nMimo niewielkich rozmiar\u00f3w si\u0142ownik hydrauliczny charakteryzuje si\u0119 imponuj\u0105c\u0105 si\u0142\u0105 i wydajno\u015bci\u0105, dzi\u0119ki czemu nadaje si\u0119 do r\u00f3\u017cnych zastosowa\u0144, m.in. w automatyce, robotyce i transporcie materia\u0142\u00f3w.<\/li>\n<li><strong>Wszechstronne zastosowania:<\/strong><br \/>\nMiniaturowy si\u0142ownik hydrauliczny 10009 idealnie nadaje si\u0119 do zastosowa\u0144 w r\u00f3\u017cnych ga\u0142\u0119ziach przemys\u0142u, m.in. w produkcji, motoryzacji i sprz\u0119cie medycznym, gdzie precyzja i niezawodno\u015b\u0107 maj\u0105 priorytetowe znaczenie.<\/li>\n<\/ul>\n<h4>Dane techniczne:<\/h4>\n<table style=\"width: 91.1077%; height: 188px;\">\n<thead>\n<tr>\n<th>Specyfikacja<\/th>\n<th>Opis<\/th>\n<\/tr>\n<\/thead>\n<tbody>\n<tr>\n<td><strong>Rozmiar otworu<\/strong><\/td>\n<td>Mo\u017cliwo\u015b\u0107 dostosowania<\/td>\n<\/tr>\n<tr>\n<td><strong>D\u0142ugo\u015b\u0107 skoku<\/strong><\/td>\n<td>Mo\u017cliwo\u015b\u0107 dostosowania<\/td>\n<\/tr>\n<tr>\n<td><strong>Maksymalne ci\u015bnienie<\/strong><\/td>\n<td>Do 3000 PSI<\/td>\n<\/tr>\n<tr>\n<td><strong>Tworzywo<\/strong><\/td>\n<td>Wysokiej jako\u015bci stal nierdzewna<\/td>\n<\/tr>\n<tr>\n<td><strong>Typ po\u0142\u0105czenia<\/strong><\/td>\n<td>Ko\u0142nierzowe, gwintowane lub niestandardowe<\/td>\n<\/tr>\n<\/tbody>\n<\/table>\n<h4><\/h4>\n<h4><img loading=\"lazy\" decoding=\"async\" class=\"size-full wp-image-977 aligncenter\" src=\"https:\/\/fmp-components.com\/wp-content\/uploads\/2024\/12\/Welded-Tee-Type-Cylinder3.webp\" alt=\"Spawany cylinder typu tr\u00f3jnik\" width=\"653\" height=\"600\" title=\"\" srcset=\"https:\/\/fmp-components.com\/wp-content\/uploads\/2024\/12\/Welded-Tee-Type-Cylinder3.webp 653w, https:\/\/fmp-components.com\/wp-content\/uploads\/2024\/12\/Welded-Tee-Type-Cylinder3-480x441.webp 480w\" sizes=\"(min-width: 0px) and (max-width: 480px) 480px, (min-width: 481px) 653px, 100vw\" \/>Zasada dzia\u0142ania:<\/h4>\n<p>Niestandardowy mini si\u0142ownik hydrauliczny ze stali nierdzewnej 10009 dzia\u0142a na zasadzie ci\u015bnienia p\u0142ynu hydraulicznego. Po wt\u0142oczeniu p\u0142ynu hydraulicznego do cylindra, wywiera on nacisk na t\u0142ok, generuj\u0105c ruch liniowy. Mechanizm ten zapewnia precyzyjn\u0105 kontrol\u0119 i du\u017c\u0105 si\u0142\u0119 dzia\u0142ania, co czyni go niezb\u0119dnym w zastosowaniach wymagaj\u0105cych precyzyjnej i niezawodnej pracy.<\/p>\n<p>Podsumowuj\u0105c, miniaturowy si\u0142ownik hydrauliczny ze stali nierdzewnej 10009 to wszechstronne i wydajne rozwi\u0105zanie dla r\u00f3\u017cnorodnych potrzeb przemys\u0142owych. Jego konfigurowalne funkcje, trwa\u0142a konstrukcja ze stali nierdzewnej i wysoka wydajno\u015b\u0107 sprawiaj\u0105, \u017ce jest on niezb\u0119dnym elementem zwi\u0119kszaj\u0105cym produktywno\u015b\u0107 i wydajno\u015b\u0107 operacyjn\u0105 w r\u00f3\u017cnorodnych zastosowaniach.<\/p>\n<p><img decoding=\"async\" src=\"https:\/\/hzpt.com\/wp-content\/uploads\/2023\/12\/random-1.webp?v=1694163707\" alt=\"\" title=\"\"><\/p>\n<h3>Unikalne cechy<\/h3>\n<ul>\n<li><strong>Oszcz\u0119dno\u015b\u0107 energii:<\/strong><br \/>\nSi\u0142ownik hydrauliczny zosta\u0142 zaprojektowany tak, aby zu\u017cywa\u0107 minimaln\u0105 ilo\u015b\u0107 energii podczas pracy, co przek\u0142ada si\u0119 na znaczne oszcz\u0119dno\u015bci koszt\u00f3w w d\u0142u\u017cszej perspektywie. Dzi\u0119ki optymalizacji zu\u017cycia energii, produkt ten nie tylko obni\u017ca rachunki za energi\u0119, ale tak\u017ce przyczynia si\u0119 do zr\u00f3wnowa\u017conego rozwoju poprzez minimalizacj\u0119 wp\u0142ywu na \u015brodowisko. Ta energooszcz\u0119dna konstrukcja sprawia, \u017ce \u200b\u200bjest to ekonomiczny wyb\u00f3r dla firm, kt\u00f3re chc\u0105 zwi\u0119kszy\u0107 swoj\u0105 efektywno\u015b\u0107 operacyjn\u0105 bez uszczerbku dla wydajno\u015bci.<\/li>\n<li><strong>Wysoka wydajno\u015b\u0107:<\/strong><br \/>\nZaprojektowany z my\u015bl\u0105 o maksymalnej wydajno\u015bci, si\u0142ownik hydrauliczny pracuje z wyj\u0105tkowo wysok\u0105 sprawno\u015bci\u0105. Jego zaawansowana konstrukcja gwarantuje sta\u0142\u0105 i niezawodn\u0105 prac\u0119, skracaj\u0105c czas cyklu i zwi\u0119kszaj\u0105c wydajno\u015b\u0107. Ta wysoka wydajno\u015b\u0107 ma kluczowe znaczenie w wymagaj\u0105cych \u015brodowiskach przemys\u0142owych, gdzie liczy si\u0119 ka\u017cda sekunda, co czyni go nieocenionym atutem usprawniaj\u0105cym przep\u0142yw pracy i osi\u0105gaj\u0105cym cele produkcyjne.<\/li>\n<li><strong>Bezpiecze\u0144stwo:<\/strong><br \/>\nBezpiecze\u0144stwo jest priorytetem przy projektowaniu tego si\u0142ownika hydraulicznego. Wyposa\u017cony jest on w liczne zabezpieczenia, takie jak zawory bezpiecze\u0144stwa, solidne uszczelnienia i mechanizmy zabezpieczaj\u0105ce przed awari\u0105, kt\u00f3re gwarantuj\u0105 bezpieczn\u0105 prac\u0119 w r\u00f3\u017cnych warunkach. Te udoskonalenia bezpiecze\u0144stwa chroni\u0105 zar\u00f3wno sprz\u0119t, jak i operator\u00f3w, zmniejszaj\u0105c ryzyko wypadk\u00f3w i przestoj\u00f3w. Dzi\u0119ki priorytetowemu traktowaniu bezpiecze\u0144stwa, produkt ten wzbudza zaufanie u\u017cytkownik\u00f3w, pozwalaj\u0105c im obs\u0142ugiwa\u0107 maszyny ze spokojem ducha.<\/li>\n<\/ul>\n<h2>Zalety cylindra spawanego typu tr\u00f3jnikowego<\/h2>\n<ul>\n<li style=\"list-style-type: none;\">\n<ul>\n<li><strong>Zwi\u0119kszona si\u0142a:<\/strong> Spawane cylindry typu tee s\u0105 znane ze swojej wysokiej wytrzyma\u0142o\u015bci, dzi\u0119ki czemu nadaj\u0105 si\u0119 do zastosowa\u0144 wymagaj\u0105cych podnoszenia ci\u0119\u017car\u00f3w. Proces spawania stosowany podczas produkcji tych cylindr\u00f3w zapewnia, \u017ce cylinder jest wolny od s\u0142abych punkt\u00f3w i mo\u017ce wytrzyma\u0107 wysokie ci\u015bnienie i napr\u0119\u017cenia.<\/li>\n<\/ul>\n<\/li>\n<\/ul>\n<p>Gdy na cylinder wywierany jest nacisk, rozprowadza si\u0119 on r\u00f3wnomiernie po ca\u0142ej powierzchni, co czyni go odpornym na odkszta\u0142cenia. Ta cecha zapewnia, \u017ce cylinder mo\u017ce zachowa\u0107 sw\u00f3j kszta\u0142t i integralno\u015b\u0107 strukturaln\u0105 nawet w ekstremalnych warunkach.<\/p>\n<ul>\n<li style=\"list-style-type: none;\">\n<ul>\n<li><strong>Zapobieganie wyciekom:<\/strong> Spawane cylindry typu tee s\u0105 zaprojektowane tak, aby zapobiega\u0107 wyciekom. Proces spawania stosowany podczas procesu produkcji zapewnia, \u017ce cylinder jest ca\u0142kowicie szczelny i wolny od wszelkich mo\u017cliwych wyciek\u00f3w. Ta cecha sprawia, \u017ce nadaj\u0105 si\u0119 do stosowania w zastosowaniach, w kt\u00f3rych wyciek m\u00f3g\u0142by spowodowa\u0107 powa\u017cne uszkodzenia lub obra\u017cenia.<\/li>\n<\/ul>\n<\/li>\n<\/ul>\n<p>Po\u0142\u0105czenia spawane s\u0105 g\u0142adkie, bez szczelin czy rowk\u00f3w, w kt\u00f3rych mog\u0142yby gromadzi\u0107 si\u0119 zanieczyszczenia lub brud, co zmniejsza ryzyko korozji i uszkodzenia cylindra.<\/p>\n<ul>\n<li style=\"list-style-type: none;\">\n<ul>\n<li><strong>Mo\u017cliwo\u015b\u0107 dostosowania:<\/strong> Spawane cylindry typu tee mo\u017cna dostosowa\u0107 do konkretnych zastosowa\u0144. Cylindry s\u0105 dost\u0119pne w r\u00f3\u017cnych rozmiarach i kszta\u0142tach i mog\u0105 by\u0107 wytwarzane tak, aby spe\u0142nia\u0142y konkretne wymagania danego zastosowania.<\/li>\n<\/ul>\n<\/li>\n<\/ul>\n<p>Proces dostosowywania pozwala na optymalizacj\u0119 wydajno\u015bci cylindra, zapewniaj\u0105c, \u017ce jest on odpowiedni do zamierzonego zastosowania. Ta cecha sprawia, \u017ce spawane cylindry typu tee s\u0105 idealne do stosowania w r\u00f3\u017cnych zastosowaniach przemys\u0142owych, w tym w budownictwie, g\u00f3rnictwie i transporcie materia\u0142\u00f3w.<\/p>\n<ul>\n<li style=\"list-style-type: none;\">\n<ul>\n<li><strong>Op\u0142acalno\u015b\u0107:<\/strong> Spawane cylindry typu tee s\u0105 op\u0142acalne w por\u00f3wnaniu do innych typ\u00f3w cylindr\u00f3w. Proces produkcji tych cylindr\u00f3w jest prosty, co czyni je ta\u0144szymi od innych typ\u00f3w cylindr\u00f3w.<\/li>\n<\/ul>\n<\/li>\n<\/ul>\n<p>Ponadto wysoka wytrzyma\u0142o\u015b\u0107 i trwa\u0142o\u015b\u0107 spawanych cylindr\u00f3w typu tee zmniejszaj\u0105 potrzeb\u0119 cz\u0119stych napraw i wymian, co pozwala zaoszcz\u0119dzi\u0107 na kosztach konserwacji. Ta cecha sprawia, \u017ce s\u0105 one popularnym wyborem dla wielu bran\u017c, szczeg\u00f3lnie tych o ograniczonym bud\u017cecie.<\/p>\n<ul>\n<li style=\"list-style-type: none;\">\n<ul>\n<li><strong>Zwi\u0119kszona wydajno\u015b\u0107:<\/strong> Spawane cylindry typu tee s\u0105 wysoce wydajne i skuteczne. Konstrukcja cylindra zapewnia, \u017ce si\u0142a przy\u0142o\u017cona jest przenoszona bezpo\u015brednio na obci\u0105\u017cenie, co zmniejsza straty energii i zwi\u0119ksza wydajno\u015b\u0107.<\/li>\n<\/ul>\n<\/li>\n<\/ul>\n<p>Spawane po\u0142\u0105czenia s\u0105 mocne i sztywne, minimalizuj\u0105c ugi\u0119cie i zapewniaj\u0105c, \u017ce cylinder zachowuje sw\u00f3j kszta\u0142t i integralno\u015b\u0107 strukturaln\u0105 nawet w ekstremalnych warunkach. Ta cecha sprawia, \u017ce spawane cylindry typu tee s\u0105 idealne do zastosowa\u0144 wymagaj\u0105cych wysokiej wydajno\u015bci i niezawodno\u015bci.<\/p>\n<p><img loading=\"lazy\" decoding=\"async\" class=\"size-full wp-image-974 aligncenter\" src=\"https:\/\/fmp-components.com\/wp-content\/uploads\/2024\/12\/application-of-Welded-Tee-Type-Cylinder.webp\" alt=\"zastosowanie cylindra spawanego typu tr\u00f3jnika\" width=\"760\" height=\"860\" title=\"\" srcset=\"https:\/\/fmp-components.com\/wp-content\/uploads\/2024\/12\/application-of-Welded-Tee-Type-Cylinder.webp 760w, https:\/\/fmp-components.com\/wp-content\/uploads\/2024\/12\/application-of-Welded-Tee-Type-Cylinder-480x543.webp 480w\" sizes=\"(min-width: 0px) and (max-width: 480px) 480px, (min-width: 481px) 760px, 100vw\" \/><\/p>\n<h2>Zastosowanie cylindra spawanego typu tr\u00f3jnikowego<\/h2>\n<ol>\n<li>\n<h3>Przemys\u0142 motoryzacyjny<\/h3>\n<p>Spawane si\u0142owniki typu teowego s\u0105 szeroko stosowane w przemy\u015ble motoryzacyjnym. Znajduj\u0105 zastosowanie w drzwiach samochodowych, podno\u015bnikach maski i baga\u017cnika, dachach kabriolet\u00f3w oraz uk\u0142adach wspomagania kierownicy. Si\u0142owniki te s\u0105 preferowane ze wzgl\u0119du na mo\u017cliwo\u015b\u0107 zapewnienia du\u017cej si\u0142y wyj\u015bciowej przy niewielkich wymaganiach przestrzennych. Konstrukcja si\u0142ownika typu teowego doskonale nadaje si\u0119 do zastosowa\u0144, w kt\u00f3rych si\u0142a musi by\u0107 przenoszona w dw\u00f3ch r\u00f3\u017cnych kierunkach.<\/p>\n<p>Co wi\u0119cej, spawana konstrukcja tych cylindr\u00f3w pozwala im pracowa\u0107 w wysokich temperaturach i ci\u015bnieniach bez ryzyka wyciek\u00f3w. Dzi\u0119ki temu nadaj\u0105 si\u0119 one do stosowania w silnikach, skrzyniach bieg\u00f3w i uk\u0142adach hamulcowych.<\/li>\n<li>\n<h3>Przemys\u0142 wytw\u00f3rczy<\/h3>\n<p>Cylindry spawane typu teowego s\u0105 r\u00f3wnie\u017c stosowane w przemy\u015ble wytw\u00f3rczym. Znajduj\u0105 zastosowanie w prasach hydraulicznych, ku\u017aniach i maszynach do ci\u0119cia metalu. Wysoka si\u0142a wyj\u015bciowa tych cylindr\u00f3w sprawia, \u017ce \u200b\u200bidealnie nadaj\u0105 si\u0119 do zastosowa\u0144 wymagaj\u0105cych du\u017cej si\u0142y w ma\u0142ej przestrzeni.<\/p>\n<p>Konstrukcja si\u0142ownika typu teowego doskonale nadaje si\u0119 r\u00f3wnie\u017c do zastosowa\u0144, w kt\u00f3rych si\u0142a musi by\u0107 przenoszona w dw\u00f3ch r\u00f3\u017cnych kierunkach. Na przyk\u0142ad, w prasie hydraulicznej si\u0142ownik typu teowego mo\u017ce by\u0107 u\u017cywany do wywierania si\u0142y zar\u00f3wno w pionie, jak i w poziomie, co umo\u017cliwia bardziej z\u0142o\u017cone procesy produkcyjne.<\/li>\n<li>\n<h3>Przemys\u0142 lotniczy i kosmiczny<\/h3>\n<p>Cylindry spawane typu tr\u00f3jnikowego s\u0105 wykorzystywane w przemy\u015ble lotniczym do r\u00f3\u017cnych zastosowa\u0144, m.in. w systemach podwozi samolot\u00f3w, drzwiach \u0142adunkowych i systemach sterowania lotem. Wysoka si\u0142a wyj\u015bciowa i kompaktowa konstrukcja tych cylindr\u00f3w sprawiaj\u0105, \u017ce idealnie nadaj\u0105 si\u0119 do stosowania w ograniczonej przestrzeni samolotu.<\/p>\n<p>Spawana konstrukcja tych cylindr\u00f3w sprawia, \u017ce \u200b\u200bs\u0105 one odporne na wysokie ci\u015bnienia i temperatury wyst\u0119puj\u0105ce podczas lotu. Dodatkowo, konstrukcja cylindra typu tr\u00f3jnikowego umo\u017cliwia przenoszenie si\u0142y w dw\u00f3ch r\u00f3\u017cnych kierunkach, dzi\u0119ki czemu doskonale nadaje si\u0119 do zastosowa\u0144, w kt\u00f3rych si\u0142a musi by\u0107 przy\u0142o\u017cona pod k\u0105tem.<\/li>\n<li>\n<h3>Bran\u017ca budowlana<\/h3>\n<p>Cylindry spawane typu T s\u0105 stosowane w przemy\u015ble budowlanym do podnoszenia i przenoszenia du\u017cych ci\u0119\u017car\u00f3w. Znajduj\u0105 zastosowanie w d\u017awigach, koparkach i koparko-\u0142adowarkach. Wysoka si\u0142a wyj\u015bciowa i kompaktowa konstrukcja tych cylindr\u00f3w sprawiaj\u0105, \u017ce idealnie nadaj\u0105 si\u0119 do stosowania w ograniczonej przestrzeni na placu budowy.<\/p>\n<p>Konstrukcja cylindra typu teowego pozwala na przenoszenie si\u0142y w dw\u00f3ch r\u00f3\u017cnych kierunkach, dzi\u0119ki czemu doskonale nadaje si\u0119 do zastosowa\u0144 wymagaj\u0105cych przy\u0142o\u017cenia si\u0142y pod k\u0105tem. Dodatkowo, spawana konstrukcja tych cylindr\u00f3w pozwala im pracowa\u0107 w wysokich ci\u015bnieniach i temperaturach bez \u017cadnych wyciek\u00f3w, dzi\u0119ki czemu nadaj\u0105 si\u0119 do stosowania w trudnych warunkach zewn\u0119trznych.<\/li>\n<\/ol>\n<h3>O FMP<\/h3>\n<p>FMP jest wiod\u0105cym producentem i dostawc\u0105 si\u0142ownik\u00f3w hydraulicznych od ponad 30 lat. Nasz obszar przemys\u0142owy znajduje si\u0119 we W\u0142oszech i dysponujemy ponad 100 urz\u0105dzeniami, w tym automatyczn\u0105 spawark\u0105 w os\u0142onie gaz\u00f3w ochronnych, wiertark\u0105 do g\u0142\u0119bokich otwor\u00f3w, tokark\u0105 CNC, szlifierk\u0105 cylindryczn\u0105, automatyczn\u0105 maszyn\u0105 czyszcz\u0105c\u0105, automatyczn\u0105 maszyn\u0105 monta\u017cow\u0105, automatycznym stanowiskiem do testowania wydajno\u015bci si\u0142ownik\u00f3w hydraulicznych, automatyczn\u0105 lini\u0105 lakiernicz\u0105 i wieloma innymi.<\/p>\n<p>Nasze cylindry hydrauliczne s\u0105 projektowane i wytwarzane z zachowaniem \u015bcis\u0142ej kontroli jako\u015bci, aby zapewni\u0107 naszym klientom wy\u0142\u0105cznie to, co najlepsze. Nasze us\u0142ugi obejmuj\u0105:<\/p>\n<ol>\n<li><strong>Us\u0142uga projektowa:<\/strong> Nasz do\u015bwiadczony zesp\u00f3\u0142 projektant\u00f3w mo\u017ce udzieli\u0107 Ci wsparcia przy wszelkich potrzebach zwi\u0105zanych z nowymi produktami i ich udoskonaleniami.<\/li>\n<li><strong>Us\u0142uga produktu:<\/strong> Zapewniamy jako\u015b\u0107 na ka\u017cdym etapie procesu, pocz\u0105wszy od selekcji surowc\u00f3w, ci\u0119cia, obr\u00f3bki wst\u0119pnej, testowania, czyszczenia, monta\u017cu, pakowania i transportu.<\/li>\n<li><strong>Przyk\u0142adowy proces:<\/strong> Mo\u017cemy opracowywa\u0107 i stale modyfikowa\u0107 pr\u00f3bki zgodnie z Twoimi konkretnymi wymaganiami.<\/li>\n<li><strong>Badania i rozw\u00f3j:<\/strong> Badamy nowe potrzeby rynku i na ich podstawie opracowujemy nowe modele.<\/li>\n<li><strong>Personalizacja:<\/strong> Przyjmujemy pro\u015bby o dostosowanie wszystkich typ\u00f3w cylindr\u00f3w hydraulicznych.<\/li>\n<\/ol>\n<p>Nasze zaanga\u017cowanie w jako\u015b\u0107 i zadowolenie klienta wyr\u00f3\u017cnia nas na tle innych producent\u00f3w. Dok\u0142adamy wszelkich stara\u0144, aby dostarcza\u0107 najlepsze produkty i us\u0142ugi, spe\u0142niaj\u0105ce Pa\u0144stwa potrzeby.<\/p>\n<p><img decoding=\"async\" src=\"https:\/\/fmp-components.com\/wp-content\/uploads\/2024\/12\/fmp-factory-4.webp\" alt=\"Fabryka FMP\" width=\"800\" title=\"\"><br \/>\nAutor:CX<\/p>","protected":false},"excerpt":{"rendered":"<p>The 10009 Customized Stainless Steel Mini Hydraulic Cylinder is a compact yet powerful solution designed for applications requiring precision and durability. Crafted from high-quality stainless steel, this mini hydraulic cylinder is resistant to corrosion and wear, making it ideal for both indoor and outdoor use. Key Features: Customizable Design: Tailored to meet specific operational requirements, [&hellip;]<\/p>","protected":false},"featured_media":1132,"comment_status":"closed","ping_status":"closed","template":"","meta":{"_et_pb_use_builder":"","_et_pb_old_content":"","_et_gb_content_width":""},"product_brand":[],"product_cat":[31],"product_tag":[34,35],"class_list":{"0":"post-929","1":"product","2":"type-product","3":"status-publish","4":"has-post-thumbnail","6":"product_cat-welded-tee-type-cylinder","7":"product_tag-hydraulic-cylinder","8":"product_tag-welded-tee-type-cylinder","10":"first","11":"instock","12":"product-type-simple"},"_links":{"self":[{"href":"https:\/\/fmp-components.com\/pl\/wp-json\/wp\/v2\/product\/929","targetHints":{"allow":["GET"]}}],"collection":[{"href":"https:\/\/fmp-components.com\/pl\/wp-json\/wp\/v2\/product"}],"about":[{"href":"https:\/\/fmp-components.com\/pl\/wp-json\/wp\/v2\/types\/product"}],"replies":[{"embeddable":true,"href":"https:\/\/fmp-components.com\/pl\/wp-json\/wp\/v2\/comments?post=929"}],"wp:featuredmedia":[{"embeddable":true,"href":"https:\/\/fmp-components.com\/pl\/wp-json\/wp\/v2\/media\/1132"}],"wp:attachment":[{"href":"https:\/\/fmp-components.com\/pl\/wp-json\/wp\/v2\/media?parent=929"}],"wp:term":[{"taxonomy":"product_brand","embeddable":true,"href":"https:\/\/fmp-components.com\/pl\/wp-json\/wp\/v2\/product_brand?post=929"},{"taxonomy":"product_cat","embeddable":true,"href":"https:\/\/fmp-components.com\/pl\/wp-json\/wp\/v2\/product_cat?post=929"},{"taxonomy":"product_tag","embeddable":true,"href":"https:\/\/fmp-components.com\/pl\/wp-json\/wp\/v2\/product_tag?post=929"}],"curies":[{"name":"wp","href":"https:\/\/api.w.org\/{rel}","templated":true}]}}