{"id":928,"date":"2024-12-19T03:39:00","date_gmt":"2024-12-19T03:39:00","guid":{"rendered":"https:\/\/fmp-components.com\/product\/10008-factory-serving-long-stroke-1200mm-stroke-small-hydraulic-cylinder\/"},"modified":"2024-12-19T09:01:00","modified_gmt":"2024-12-19T09:01:00","slug":"10008-factory-serving-long-stroke-1200mm-stroke-small-hydraulic-cylinder","status":"publish","type":"product","link":"https:\/\/fmp-components.com\/pl\/product\/10008-factory-serving-long-stroke-1200mm-stroke-small-hydraulic-cylinder\/","title":{"rendered":"10008 Fabryka obs\u0142uguj\u0105ca d\u0142ugi skok 1200 mm ma\u0142y si\u0142ownik hydrauliczny"},"content":{"rendered":"<p>Ma\u0142y si\u0142ownik hydrauliczny o d\u0142ugim skoku 10008 Factory Serving zosta\u0142 zaprojektowany z my\u015bl\u0105 o precyzji i niezawodno\u015bci w kompaktowej konstrukcji. Dzi\u0119ki imponuj\u0105cej d\u0142ugo\u015bci skoku 1200 mm, ten si\u0142ownik hydrauliczny idealnie nadaje si\u0119 do zastosowa\u0144 wymagaj\u0105cych du\u017cego zasi\u0119gu i du\u017cej wydajno\u015bci w ciasnych przestrzeniach.<\/p>\n<h4>G\u0142\u00f3wne cechy:<\/h4>\n<ul>\n<li><strong>D\u0142uga d\u0142ugo\u015b\u0107 skoku:<\/strong><br \/>\nSi\u0142ownik ten o \u015brednicy 1200 mm zapewnia znaczny ruch liniowy, dzi\u0119ki czemu nadaje si\u0119 do r\u00f3\u017cnych zastosowa\u0144, od maszyn przemys\u0142owych po systemy motoryzacyjne.<\/li>\n<li><strong>Kompaktowa konstrukcja:<\/strong><br \/>\nMimo du\u017cego skoku, niewielki cylinder hydrauliczny zajmuje niewiele miejsca, co pozwala na monta\u017c w ciasnych przestrzeniach bez utraty wydajno\u015bci.<\/li>\n<li><strong>Wysoka \u0142adowno\u015b\u0107:<\/strong><br \/>\nTen si\u0142ownik hydrauliczny zosta\u0142 zaprojektowany do obs\u0142ugi du\u017cych obci\u0105\u017ce\u0144, gwarantuje niezawodno\u015b\u0107 i wydajno\u015b\u0107, dzi\u0119ki czemu doskonale nadaje si\u0119 do wymagaj\u0105cych zada\u0144 w r\u00f3\u017cnych ga\u0142\u0119ziach przemys\u0142u.<\/li>\n<li><strong>Trwa\u0142a konstrukcja:<\/strong><br \/>\nCylinder wykonany jest z materia\u0142\u00f3w najwy\u017cszej jako\u015bci i skonstruowany tak, aby wytrzymywa\u0142 trudne warunki eksploatacji, zapewniaj\u0105c d\u0142ugotrwa\u0142\u0105 wytrzyma\u0142o\u015b\u0107 i minimaln\u0105 konserwacj\u0119.<\/li>\n<li><strong>Wszechstronne zastosowania:<\/strong><br \/>\nTen si\u0142ownik hydrauliczny nadaje si\u0119 do szerokiej gamy zastosowa\u0144, m.in. w sprz\u0119cie budowlanym, maszynach produkcyjnych i podno\u015bnikach samochodowych.<\/li>\n<\/ul>\n<h4>Dane techniczne:<\/h4>\n<table style=\"width: 95.5485%; height: 162px;\">\n<thead>\n<tr>\n<th>Specyfikacja<\/th>\n<th>Opis<\/th>\n<\/tr>\n<\/thead>\n<tbody>\n<tr>\n<td><strong>D\u0142ugo\u015b\u0107 skoku<\/strong><\/td>\n<td>1200 mm<\/td>\n<\/tr>\n<tr>\n<td><strong>Rozmiar otworu<\/strong><\/td>\n<td>Mo\u017cliwo\u015b\u0107 dostosowania<\/td>\n<\/tr>\n<tr>\n<td><strong>Maksymalne ci\u015bnienie<\/strong><\/td>\n<td>Do 2500 PSI<\/td>\n<\/tr>\n<tr>\n<td><strong>Tworzywo<\/strong><\/td>\n<td>Stal o wysokiej wytrzyma\u0142o\u015bci<\/td>\n<\/tr>\n<tr>\n<td><strong>Typ po\u0142\u0105czenia<\/strong><\/td>\n<td>Ko\u0142nierzowe lub gwintowane<\/td>\n<\/tr>\n<\/tbody>\n<\/table>\n<h4>Zasada dzia\u0142ania:<\/h4>\n<p>Si\u0142ownik hydrauliczny o d\u0142ugim skoku, fabryczny, model 10008, dzia\u0142a na zasadzie ci\u015bnienia p\u0142ynu hydraulicznego. Po wprowadzeniu p\u0142ynu hydraulicznego do cylindra, wywiera on si\u0142\u0119 na t\u0142ok, co skutkuje silnym ruchem liniowym. Mechanizm ten zapewnia p\u0142ynn\u0105 i kontrolowan\u0105 prac\u0119, dzi\u0119ki czemu idealnie nadaje si\u0119 do r\u00f3\u017cnorodnych zastosowa\u0144 przemys\u0142owych.<\/p>\n<p>Podsumowuj\u0105c, ma\u0142y si\u0142ownik hydrauliczny o d\u0142ugim skoku i skoku 1200 mm, model 10008, to solidne i wydajne rozwi\u0105zanie dla bran\u017c wymagaj\u0105cych niezawodnej wydajno\u015bci hydraulicznej. Jego unikalne cechy, trwa\u0142a konstrukcja i wszechstronne zastosowania sprawiaj\u0105, \u017ce jest on niezb\u0119dnym elementem zwi\u0119kszaj\u0105cym wydajno\u015b\u0107 i efektywno\u015b\u0107 operacyjn\u0105.<\/p>\n<p><img decoding=\"async\" src=\"https:\/\/hzpt.com\/wp-content\/uploads\/2023\/12\/random-5.webp\" alt=\"\" title=\"\"><\/p>\n<p><!-- Add more bullets as needed --><\/p>\n<p><!-- Add questions and answers as needed --><\/p>\n<h2>Zalety cylindra spawanego typu tr\u00f3jnikowego<\/h2>\n<ul>\n<li style=\"list-style-type: none;\">\n<ul>\n<li><strong>Zwi\u0119kszona si\u0142a:<\/strong> Spawane cylindry typu tee s\u0105 znane ze swojej wysokiej wytrzyma\u0142o\u015bci, dzi\u0119ki czemu nadaj\u0105 si\u0119 do zastosowa\u0144 wymagaj\u0105cych podnoszenia ci\u0119\u017car\u00f3w. Proces spawania stosowany podczas produkcji tych cylindr\u00f3w zapewnia, \u017ce cylinder jest wolny od s\u0142abych punkt\u00f3w i mo\u017ce wytrzyma\u0107 wysokie ci\u015bnienie i napr\u0119\u017cenia.<\/li>\n<\/ul>\n<\/li>\n<\/ul>\n<p>Gdy na cylinder wywierany jest nacisk, rozprowadza si\u0119 on r\u00f3wnomiernie po ca\u0142ej powierzchni, co czyni go odpornym na odkszta\u0142cenia. Ta cecha zapewnia, \u017ce cylinder mo\u017ce zachowa\u0107 sw\u00f3j kszta\u0142t i integralno\u015b\u0107 strukturaln\u0105 nawet w ekstremalnych warunkach.<\/p>\n<ul>\n<li style=\"list-style-type: none;\">\n<ul>\n<li><strong>Zapobieganie wyciekom:<\/strong> Spawane cylindry typu tee s\u0105 zaprojektowane tak, aby zapobiega\u0107 wyciekom. Proces spawania stosowany podczas procesu produkcji zapewnia, \u017ce cylinder jest ca\u0142kowicie szczelny i wolny od wszelkich mo\u017cliwych wyciek\u00f3w. Ta cecha sprawia, \u017ce nadaj\u0105 si\u0119 do stosowania w zastosowaniach, w kt\u00f3rych wyciek m\u00f3g\u0142by spowodowa\u0107 powa\u017cne uszkodzenia lub obra\u017cenia.<\/li>\n<\/ul>\n<\/li>\n<\/ul>\n<p>Po\u0142\u0105czenia spawane s\u0105 g\u0142adkie, bez szczelin czy rowk\u00f3w, w kt\u00f3rych mog\u0142yby gromadzi\u0107 si\u0119 zanieczyszczenia lub brud, co zmniejsza ryzyko korozji i uszkodzenia cylindra.<\/p>\n<ul>\n<li style=\"list-style-type: none;\">\n<ul>\n<li><strong>Mo\u017cliwo\u015b\u0107 dostosowania:<\/strong> Spawane cylindry typu tee mo\u017cna dostosowa\u0107 do konkretnych zastosowa\u0144. Cylindry s\u0105 dost\u0119pne w r\u00f3\u017cnych rozmiarach i kszta\u0142tach i mog\u0105 by\u0107 wytwarzane tak, aby spe\u0142nia\u0142y konkretne wymagania danego zastosowania.<\/li>\n<\/ul>\n<\/li>\n<\/ul>\n<p>Proces dostosowywania pozwala na optymalizacj\u0119 wydajno\u015bci cylindra, zapewniaj\u0105c, \u017ce jest on odpowiedni do zamierzonego zastosowania. Ta cecha sprawia, \u017ce spawane cylindry typu tee s\u0105 idealne do stosowania w r\u00f3\u017cnych zastosowaniach przemys\u0142owych, w tym w budownictwie, g\u00f3rnictwie i transporcie materia\u0142\u00f3w.<\/p>\n<ul>\n<li style=\"list-style-type: none;\">\n<ul>\n<li><strong>Op\u0142acalno\u015b\u0107:<\/strong> Spawane cylindry typu tee s\u0105 op\u0142acalne w por\u00f3wnaniu do innych typ\u00f3w cylindr\u00f3w. Proces produkcji tych cylindr\u00f3w jest prosty, co czyni je ta\u0144szymi od innych typ\u00f3w cylindr\u00f3w.<\/li>\n<\/ul>\n<\/li>\n<\/ul>\n<p>Ponadto wysoka wytrzyma\u0142o\u015b\u0107 i trwa\u0142o\u015b\u0107 spawanych cylindr\u00f3w typu tee zmniejszaj\u0105 potrzeb\u0119 cz\u0119stych napraw i wymian, co pozwala zaoszcz\u0119dzi\u0107 na kosztach konserwacji. Ta cecha sprawia, \u017ce s\u0105 one popularnym wyborem dla wielu bran\u017c, szczeg\u00f3lnie tych o ograniczonym bud\u017cecie.<\/p>\n<ul>\n<li style=\"list-style-type: none;\">\n<ul>\n<li><strong>Zwi\u0119kszona wydajno\u015b\u0107:<\/strong> Spawane cylindry typu tee s\u0105 wysoce wydajne i skuteczne. Konstrukcja cylindra zapewnia, \u017ce si\u0142a przy\u0142o\u017cona jest przenoszona bezpo\u015brednio na obci\u0105\u017cenie, co zmniejsza straty energii i zwi\u0119ksza wydajno\u015b\u0107.<\/li>\n<\/ul>\n<\/li>\n<\/ul>\n<p>Spawane po\u0142\u0105czenia s\u0105 mocne i sztywne, minimalizuj\u0105c ugi\u0119cie i zapewniaj\u0105c, \u017ce cylinder zachowuje sw\u00f3j kszta\u0142t i integralno\u015b\u0107 strukturaln\u0105 nawet w ekstremalnych warunkach. Ta cecha sprawia, \u017ce spawane cylindry typu tee s\u0105 idealne do zastosowa\u0144 wymagaj\u0105cych wysokiej wydajno\u015bci i niezawodno\u015bci.<\/p>\n<h2>Zastosowanie cylindra spawanego typu tr\u00f3jnikowego<\/h2>\n<ol>\n<li>\n<h3>Przemys\u0142 motoryzacyjny<\/h3>\n<p>Spawane si\u0142owniki typu teowego s\u0105 szeroko stosowane w przemy\u015ble motoryzacyjnym. Znajduj\u0105 zastosowanie w drzwiach samochodowych, podno\u015bnikach maski i baga\u017cnika, dachach kabriolet\u00f3w oraz uk\u0142adach wspomagania kierownicy. Si\u0142owniki te s\u0105 preferowane ze wzgl\u0119du na mo\u017cliwo\u015b\u0107 zapewnienia du\u017cej si\u0142y wyj\u015bciowej przy niewielkich wymaganiach przestrzennych. Konstrukcja si\u0142ownika typu teowego doskonale nadaje si\u0119 do zastosowa\u0144, w kt\u00f3rych si\u0142a musi by\u0107 przenoszona w dw\u00f3ch r\u00f3\u017cnych kierunkach.<\/p>\n<p>Co wi\u0119cej, spawana konstrukcja tych cylindr\u00f3w pozwala im pracowa\u0107 w wysokich temperaturach i ci\u015bnieniach bez ryzyka wyciek\u00f3w. Dzi\u0119ki temu nadaj\u0105 si\u0119 one do stosowania w silnikach, skrzyniach bieg\u00f3w i uk\u0142adach hamulcowych.<\/li>\n<li>\n<h3>Przemys\u0142 wytw\u00f3rczy<\/h3>\n<p>Cylindry spawane typu teowego s\u0105 r\u00f3wnie\u017c stosowane w przemy\u015ble wytw\u00f3rczym. Znajduj\u0105 zastosowanie w prasach hydraulicznych, ku\u017aniach i maszynach do ci\u0119cia metalu. Wysoka si\u0142a wyj\u015bciowa tych cylindr\u00f3w sprawia, \u017ce \u200b\u200bidealnie nadaj\u0105 si\u0119 do zastosowa\u0144 wymagaj\u0105cych du\u017cej si\u0142y w ma\u0142ej przestrzeni.<\/p>\n<p>Konstrukcja si\u0142ownika typu teowego doskonale nadaje si\u0119 r\u00f3wnie\u017c do zastosowa\u0144, w kt\u00f3rych si\u0142a musi by\u0107 przenoszona w dw\u00f3ch r\u00f3\u017cnych kierunkach. Na przyk\u0142ad, w prasie hydraulicznej si\u0142ownik typu teowego mo\u017ce by\u0107 u\u017cywany do wywierania si\u0142y zar\u00f3wno w pionie, jak i w poziomie, co umo\u017cliwia bardziej z\u0142o\u017cone procesy produkcyjne.<\/li>\n<li>\n<h3>Przemys\u0142 lotniczy i kosmiczny<\/h3>\n<p>Cylindry spawane typu tr\u00f3jnikowego s\u0105 wykorzystywane w przemy\u015ble lotniczym do r\u00f3\u017cnych zastosowa\u0144, m.in. w systemach podwozi samolot\u00f3w, drzwiach \u0142adunkowych i systemach sterowania lotem. Wysoka si\u0142a wyj\u015bciowa i kompaktowa konstrukcja tych cylindr\u00f3w sprawiaj\u0105, \u017ce idealnie nadaj\u0105 si\u0119 do stosowania w ograniczonej przestrzeni samolotu.<\/p>\n<p>Spawana konstrukcja tych cylindr\u00f3w sprawia, \u017ce \u200b\u200bs\u0105 one odporne na wysokie ci\u015bnienia i temperatury wyst\u0119puj\u0105ce podczas lotu. Dodatkowo, konstrukcja cylindra typu tr\u00f3jnikowego umo\u017cliwia przenoszenie si\u0142y w dw\u00f3ch r\u00f3\u017cnych kierunkach, dzi\u0119ki czemu doskonale nadaje si\u0119 do zastosowa\u0144, w kt\u00f3rych si\u0142a musi by\u0107 przy\u0142o\u017cona pod k\u0105tem.<\/li>\n<li>\n<h3>Bran\u017ca budowlana<\/h3>\n<p>Cylindry spawane typu T s\u0105 stosowane w przemy\u015ble budowlanym do podnoszenia i przenoszenia du\u017cych ci\u0119\u017car\u00f3w. Znajduj\u0105 zastosowanie w d\u017awigach, koparkach i koparko-\u0142adowarkach. Wysoka si\u0142a wyj\u015bciowa i kompaktowa konstrukcja tych cylindr\u00f3w sprawiaj\u0105, \u017ce idealnie nadaj\u0105 si\u0119 do stosowania w ograniczonej przestrzeni na placu budowy.<\/p>\n<p>Konstrukcja cylindra typu teowego pozwala na przenoszenie si\u0142y w dw\u00f3ch r\u00f3\u017cnych kierunkach, dzi\u0119ki czemu doskonale nadaje si\u0119 do zastosowa\u0144 wymagaj\u0105cych przy\u0142o\u017cenia si\u0142y pod k\u0105tem. Dodatkowo, spawana konstrukcja tych cylindr\u00f3w pozwala im pracowa\u0107 w wysokich ci\u015bnieniach i temperaturach bez \u017cadnych wyciek\u00f3w, dzi\u0119ki czemu nadaj\u0105 si\u0119 do stosowania w trudnych warunkach zewn\u0119trznych.<\/li>\n<\/ol>\n<h3>O FMP<\/h3>\n<p>FMP to wiod\u0105cy producent i dostawca si\u0142ownik\u00f3w hydraulicznych z ponad 30-letnim do\u015bwiadczeniem w bran\u017cy. Nasz nowoczesny zak\u0142ad przemys\u0142owy znajduje si\u0119 we W\u0142oszech i dysponuje ponad 100 zaawansowanymi urz\u0105dzeniami, kt\u00f3re zapewniaj\u0105 wydajn\u0105 produkcj\u0119. Jeste\u015bmy dumni z dostarczania wysokiej jako\u015bci produkt\u00f3w, kt\u00f3re spe\u0142niaj\u0105 zr\u00f3\u017cnicowane potrzeby naszych klient\u00f3w.<\/p>\n<p><img decoding=\"async\" src=\"https:\/\/fmp-components.com\/wp-content\/uploads\/2024\/12\/fmp-factory-4.webp\" alt=\"Fabryka FMP\" width=\"800\" title=\"\"><\/p>\n<p>1) Szeroki wyb\u00f3r typ\u00f3w cylindr\u00f3w hydraulicznych:<br \/>\nOferujemy szerok\u0105 gam\u0119 si\u0142ownik\u00f3w hydraulicznych do r\u00f3\u017cnych zastosowa\u0144. Nasza oferta obejmuje si\u0142owniki hydrauliczne, si\u0142owniki hydrauliczne z kolczykami oraz dwukierunkowe automatyczne si\u0142owniki hydrauliczne teleskopowe. Ka\u017cdy si\u0142ownik hydrauliczny przechodzi rygorystyczn\u0105 obr\u00f3bk\u0119 i kontrol\u0119, aby zapewni\u0107 najwy\u017csz\u0105 jako\u015b\u0107.<\/p>\n<p>2) Us\u0142uga projektowa:<br \/>\nNasz oddany zesp\u00f3\u0142 projektowy mo\u017ce pochwali\u0107 si\u0119 bogatym do\u015bwiadczeniem w projektowaniu i rozwoju wa\u0142\u00f3w uniwersalnych. Niezale\u017cnie od tego, czy potrzebujesz nowych produkt\u00f3w, czy ulepsze\u0144 istniej\u0105cych, jeste\u015bmy do Twojej dyspozycji na ka\u017cdym etapie procesu.<\/p>\n<p>3) Us\u0142uga produktowa:<br \/>\nOd pozyskiwania surowc\u00f3w, przez ci\u0119cie, obr\u00f3bk\u0119 wst\u0119pn\u0105, testowanie, czyszczenie, monta\u017c, pakowanie i transport, nasza skrupulatna obs\u0142uga produktu gwarantuje, \u017ce ka\u017cdy etap jest wykonywany z precyzj\u0105 i dba\u0142o\u015bci\u0105 o szczeg\u00f3\u0142y.<\/p>\n<p>4) Proces pr\u00f3bkowania:<br \/>\nRozumiemy, jak wa\u017cna jest personalizacja produktu. Dlatego oferujemy opracowanie pr\u00f3bek zgodnie z Pa\u0144stwa indywidualnymi wymaganiami. Stale modyfikujemy pr\u00f3bki, aby spe\u0142ni\u0107 Pa\u0144stwa potrzeby, gwarantuj\u0105c pe\u0142n\u0105 satysfakcj\u0119 z produktu finalnego.<\/p>\n<p>5) Badania i rozw\u00f3j (B+R):<br \/>\nW FMP wyprzedzamy trendy rynkowe, aktywnie badaj\u0105c zmieniaj\u0105ce si\u0119 potrzeby bran\u017cy. Nasz zaanga\u017cowany zesp\u00f3\u0142 badawczo-rozwojowy stale opracowuje nowe modele, aby sprosta\u0107 wymaganiom rynku i dostarcza\u0107 innowacyjne rozwi\u0105zania.<\/p>\n<p>Wybierz FMP, je\u015bli potrzebujesz si\u0142ownik\u00f3w hydraulicznych. Wyr\u00f3\u017cnia nas zaanga\u017cowanie w najwy\u017csz\u0105 jako\u015b\u0107, szeroki asortyment produkt\u00f3w, do\u015bwiadczenie w projektowaniu, kompleksowy serwis produkt\u00f3w i ci\u0105g\u0142e innowacje. Zosta\u0144 naszym partnerem i przekonaj si\u0119 o doskona\u0142o\u015bci, jak\u0105 oferujemy w ka\u017cdym aspekcie naszych produkt\u00f3w i us\u0142ug.<\/p>\n<p>Skontaktuj si\u0119 z nami ju\u017c dzi\u015b, aby om\u00f3wi\u0107 swoje wymagania i dowiedzie\u0107 si\u0119, w jaki spos\u00f3b mo\u017cemy wsp\u00f3\u0142pracowa\u0107, aby sprosta\u0107 Twoim oczekiwaniom w zakresie cylindr\u00f3w hydraulicznych.<\/p>\n<p><img loading=\"lazy\" decoding=\"async\" class=\"size-full wp-image-974 aligncenter\" src=\"https:\/\/fmp-components.com\/wp-content\/uploads\/2024\/12\/application-of-Welded-Tee-Type-Cylinder.webp\" alt=\"zastosowanie cylindra spawanego typu tr\u00f3jnika\" width=\"760\" height=\"860\" title=\"\" srcset=\"https:\/\/fmp-components.com\/wp-content\/uploads\/2024\/12\/application-of-Welded-Tee-Type-Cylinder.webp 760w, https:\/\/fmp-components.com\/wp-content\/uploads\/2024\/12\/application-of-Welded-Tee-Type-Cylinder-480x543.webp 480w\" sizes=\"(min-width: 0px) and (max-width: 480px) 480px, (min-width: 481px) 760px, 100vw\" \/><br \/>\nAutor:CX<\/p>","protected":false},"excerpt":{"rendered":"<p>The 10008 Factory Serving Long Stroke Small Hydraulic Cylinder is engineered for precision and reliability in a compact design. With an impressive stroke length of 1200mm, this hydraulic cylinder is ideal for applications requiring extended reach and powerful performance in confined spaces. Key Features: Long Stroke Length: At 1200mm, this cylinder provides significant linear movement, [&hellip;]<\/p>","protected":false},"featured_media":1133,"comment_status":"closed","ping_status":"closed","template":"","meta":{"_et_pb_use_builder":"","_et_pb_old_content":"","_et_gb_content_width":""},"product_brand":[],"product_cat":[31],"product_tag":[34,35],"class_list":{"0":"post-928","1":"product","2":"type-product","3":"status-publish","4":"has-post-thumbnail","6":"product_cat-welded-tee-type-cylinder","7":"product_tag-hydraulic-cylinder","8":"product_tag-welded-tee-type-cylinder","10":"first","11":"instock","12":"product-type-simple"},"_links":{"self":[{"href":"https:\/\/fmp-components.com\/pl\/wp-json\/wp\/v2\/product\/928","targetHints":{"allow":["GET"]}}],"collection":[{"href":"https:\/\/fmp-components.com\/pl\/wp-json\/wp\/v2\/product"}],"about":[{"href":"https:\/\/fmp-components.com\/pl\/wp-json\/wp\/v2\/types\/product"}],"replies":[{"embeddable":true,"href":"https:\/\/fmp-components.com\/pl\/wp-json\/wp\/v2\/comments?post=928"}],"wp:featuredmedia":[{"embeddable":true,"href":"https:\/\/fmp-components.com\/pl\/wp-json\/wp\/v2\/media\/1133"}],"wp:attachment":[{"href":"https:\/\/fmp-components.com\/pl\/wp-json\/wp\/v2\/media?parent=928"}],"wp:term":[{"taxonomy":"product_brand","embeddable":true,"href":"https:\/\/fmp-components.com\/pl\/wp-json\/wp\/v2\/product_brand?post=928"},{"taxonomy":"product_cat","embeddable":true,"href":"https:\/\/fmp-components.com\/pl\/wp-json\/wp\/v2\/product_cat?post=928"},{"taxonomy":"product_tag","embeddable":true,"href":"https:\/\/fmp-components.com\/pl\/wp-json\/wp\/v2\/product_tag?post=928"}],"curies":[{"name":"wp","href":"https:\/\/api.w.org\/{rel}","templated":true}]}}