{"id":927,"date":"2024-12-19T03:39:00","date_gmt":"2024-12-19T03:39:00","guid":{"rendered":"https:\/\/fmp-components.com\/product\/10007-high-quality-double-acting-hydraulic-ram-cylinder-for-sale\/"},"modified":"2024-12-19T09:01:14","modified_gmt":"2024-12-19T09:01:14","slug":"10007-high-quality-double-acting-hydraulic-ram-cylinder-for-sale","status":"publish","type":"product","link":"https:\/\/fmp-components.com\/pl\/product\/10007-high-quality-double-acting-hydraulic-ram-cylinder-for-sale\/","title":{"rendered":"10007 Wysokiej jako\u015bci dwustronnego dzia\u0142ania si\u0142ownik hydrauliczny na sprzeda\u017c"},"content":{"rendered":"<h3>Odkryj moc si\u0142ownika hydraulicznego<\/h3>\n<p>Odkryj wysok\u0105 wydajno\u015b\u0107 dzi\u0119ki wysokiej jako\u015bci si\u0142ownikowi hydraulicznemu dwustronnego dzia\u0142ania firmy FMP. Od momentu powstania w 2006 roku, FMP jest liderem w dostarczaniu najwy\u017cszej klasy rozwi\u0105za\u0144 hydraulicznych dla przemys\u0142u na ca\u0142ym \u015bwiecie, rewolucjonizuj\u0105c spos\u00f3b, w jaki wykorzystujemy moc hydrauliki. Kieruj\u0105c si\u0119 innowacyjno\u015bci\u0105 i jako\u015bci\u0105, FMP zaprojektowa\u0142o si\u0142ownik hydrauliczny, aby sprosta\u0107 wymagaj\u0105cym potrzebom nowoczesnych zastosowa\u0144, zapewniaj\u0105c firmom maksymaln\u0105 wydajno\u015b\u0107.<\/p>\n<p><img loading=\"lazy\" decoding=\"async\" class=\"size-full wp-image-976 aligncenter\" src=\"https:\/\/fmp-components.com\/wp-content\/uploads\/2024\/12\/Welded-Tee-Type-Cylinder2.webp\" alt=\"Spawany cylinder typu tr\u00f3jnik\" width=\"764\" height=\"675\" title=\"\" srcset=\"https:\/\/fmp-components.com\/wp-content\/uploads\/2024\/12\/Welded-Tee-Type-Cylinder2.webp 764w, https:\/\/fmp-components.com\/wp-content\/uploads\/2024\/12\/Welded-Tee-Type-Cylinder2-480x424.webp 480w\" sizes=\"(min-width: 0px) and (max-width: 480px) 480px, (min-width: 481px) 764px, 100vw\" \/><\/p>\n<h3>Funkcje i specyfikacje<\/h3>\n<h4>Kluczowe cechy produktu<\/h4>\n<ul>\n<li><strong>Energooszcz\u0119dny:<\/strong><br \/>\nSi\u0142ownik hydrauliczny dwustronnego dzia\u0142ania zosta\u0142 zaprojektowany tak, aby zmaksymalizowa\u0107 efektywno\u015b\u0107 energetyczn\u0105, umo\u017cliwiaj\u0105c jego efektywn\u0105 prac\u0119 przy jednoczesnym minimalizowaniu zu\u017cycia energii. Ta funkcja nie tylko obni\u017ca koszty operacyjne, ale tak\u017ce przyczynia si\u0119 do zr\u00f3wnowa\u017conego rozwoju \u015brodowiska poprzez zmniejszenie ca\u0142kowitego \u015bladu energetycznego operacji hydraulicznych.<\/li>\n<li><strong>Wysoka wydajno\u015b\u0107 operacyjna:<\/strong><br \/>\nZaprojektowany z my\u015bl\u0105 o optymalnej wydajno\u015bci, ten si\u0142ownik hydrauliczny zapewnia wyj\u0105tkow\u0105 wydajno\u015b\u0107 operacyjn\u0105. Jego solidna konstrukcja i zaawansowana in\u017cynieria pozwalaj\u0105 mu niezawodnie pracowa\u0107 pod wysokim ci\u015bnieniem i du\u017cymi obci\u0105\u017ceniami, dzi\u0119ki czemu idealnie nadaje si\u0119 do r\u00f3\u017cnorodnych, wymagaj\u0105cych zastosowa\u0144 przemys\u0142owych.<\/li>\n<li><strong>Bezpieczny i niezawodny:<\/strong><br \/>\nBezpiecze\u0144stwo jest priorytetem przy projektowaniu si\u0142ownika hydraulicznego. Wykonany z wysokiej jako\u015bci materia\u0142\u00f3w i wyposa\u017cony w zaawansowane funkcje bezpiecze\u0144stwa, si\u0142ownik ten jest odporny na wycieki i awarie. Ta niezawodno\u015b\u0107 gwarantuje operatorom pewno\u015b\u0107 pracy, wiedz\u0105c, \u017ce sprz\u0119t jest bezpieczny i niezawodny nawet w najtrudniejszych warunkach.<\/li>\n<\/ul>\n<h3>Zasada dzia\u0142ania uk\u0142ad\u00f3w hydraulicznych<\/h3>\n<p>Si\u0142ownik hydrauliczny dzia\u0142a w oparciu o podstawow\u0105 zasad\u0119 ci\u015bnienia cieczy. Po wprowadzeniu cieczy hydraulicznej do cylindra, wywiera ona ci\u015bnienie na t\u0142ok wewn\u0105trz. Ci\u015bnienie to generuje si\u0142\u0119 liniow\u0105, umo\u017cliwiaj\u0105c t\u0142okowi ruch w obu kierunkach, co jest niezb\u0119dne w szerokim zakresie zastosowa\u0144.<\/p>\n<p>P\u0142yn hydrauliczny wp\u0142ywa do cylindra, popychaj\u0105c t\u0142ok, generuj\u0105c si\u0142\u0119 niezb\u0119dn\u0105 do podnoszenia lub przesuwania du\u017cych ci\u0119\u017car\u00f3w. Konstrukcja dwustronnego dzia\u0142ania pozwala cylindrowi wykonywa\u0107 prac\u0119 zar\u00f3wno podczas wysuwania, jak i wsuwania, maksymalizuj\u0105c wydajno\u015b\u0107 i wszechstronno\u015b\u0107. Ta zasada dzia\u0142ania sprawia, \u017ce \u200b\u200buk\u0142ady hydrauliczne s\u0105 tak wydajne i skuteczne w r\u00f3\u017cnych zastosowaniach przemys\u0142owych, od budownictwa po produkcj\u0119.<\/p>\n<p>Podsumowuj\u0105c, si\u0142ownik hydrauliczny dwustronnego dzia\u0142ania FMP to prawdziwa pot\u0119ga pod wzgl\u0119dem wydajno\u015bci i niezawodno\u015bci. Dzi\u0119ki swoim unikalnym cechom, specyfikacjom technicznym i solidnej zasadzie dzia\u0142ania, jest to niezb\u0119dne narz\u0119dzie dla firm, kt\u00f3re chc\u0105 usprawni\u0107 swoje operacje hydrauliczne i osi\u0105gn\u0105\u0107 wi\u0119ksz\u0105 produktywno\u015b\u0107. Odkryj moc technologii hydraulicznej z FMP i zmie\u0144 spos\u00f3b, w jaki wykorzystujesz energi\u0119 w swoich dzia\u0142aniach.<\/p>\n<p><img decoding=\"async\" src=\"https:\/\/hzpt.com\/wp-content\/uploads\/2023\/12\/random-2.webp\" alt=\"\" title=\"\"><\/p>\n<h2>Zalety cylindra spawanego typu tr\u00f3jnikowego<\/h2>\n<ul>\n<li style=\"list-style-type: none;\">\n<ul>\n<li><strong>Zwi\u0119kszona si\u0142a:<\/strong> Spawane cylindry typu tee s\u0105 znane ze swojej wysokiej wytrzyma\u0142o\u015bci, dzi\u0119ki czemu nadaj\u0105 si\u0119 do zastosowa\u0144 wymagaj\u0105cych podnoszenia ci\u0119\u017car\u00f3w. Proces spawania stosowany podczas produkcji tych cylindr\u00f3w zapewnia, \u017ce cylinder jest wolny od s\u0142abych punkt\u00f3w i mo\u017ce wytrzyma\u0107 wysokie ci\u015bnienie i napr\u0119\u017cenia.<\/li>\n<\/ul>\n<\/li>\n<\/ul>\n<p>Gdy na cylinder wywierany jest nacisk, rozprowadza si\u0119 on r\u00f3wnomiernie po ca\u0142ej powierzchni, co czyni go odpornym na odkszta\u0142cenia. Ta cecha zapewnia, \u017ce cylinder mo\u017ce zachowa\u0107 sw\u00f3j kszta\u0142t i integralno\u015b\u0107 strukturaln\u0105 nawet w ekstremalnych warunkach.<\/p>\n<ul>\n<li style=\"list-style-type: none;\">\n<ul>\n<li><strong>Zapobieganie wyciekom:<\/strong> Spawane cylindry typu tee s\u0105 zaprojektowane tak, aby zapobiega\u0107 wyciekom. Proces spawania stosowany podczas procesu produkcji zapewnia, \u017ce cylinder jest ca\u0142kowicie szczelny i wolny od wszelkich mo\u017cliwych wyciek\u00f3w. Ta cecha sprawia, \u017ce nadaj\u0105 si\u0119 do stosowania w zastosowaniach, w kt\u00f3rych wyciek m\u00f3g\u0142by spowodowa\u0107 powa\u017cne uszkodzenia lub obra\u017cenia.<\/li>\n<\/ul>\n<\/li>\n<\/ul>\n<p>Po\u0142\u0105czenia spawane s\u0105 g\u0142adkie, bez szczelin czy rowk\u00f3w, w kt\u00f3rych mog\u0142yby gromadzi\u0107 si\u0119 zanieczyszczenia lub brud, co zmniejsza ryzyko korozji i uszkodzenia cylindra.<\/p>\n<ul>\n<li style=\"list-style-type: none;\">\n<ul>\n<li><strong>Mo\u017cliwo\u015b\u0107 dostosowania:<\/strong> Spawane cylindry typu tee mo\u017cna dostosowa\u0107 do konkretnych zastosowa\u0144. Cylindry s\u0105 dost\u0119pne w r\u00f3\u017cnych rozmiarach i kszta\u0142tach i mog\u0105 by\u0107 wytwarzane tak, aby spe\u0142nia\u0142y konkretne wymagania danego zastosowania.<\/li>\n<\/ul>\n<\/li>\n<\/ul>\n<p>Proces dostosowywania pozwala na optymalizacj\u0119 wydajno\u015bci cylindra, zapewniaj\u0105c, \u017ce jest on odpowiedni do zamierzonego zastosowania. Ta cecha sprawia, \u017ce spawane cylindry typu tee s\u0105 idealne do stosowania w r\u00f3\u017cnych zastosowaniach przemys\u0142owych, w tym w budownictwie, g\u00f3rnictwie i transporcie materia\u0142\u00f3w.<\/p>\n<ul>\n<li style=\"list-style-type: none;\">\n<ul>\n<li><strong>Op\u0142acalno\u015b\u0107:<\/strong> Spawane cylindry typu tee s\u0105 op\u0142acalne w por\u00f3wnaniu do innych typ\u00f3w cylindr\u00f3w. Proces produkcji tych cylindr\u00f3w jest prosty, co czyni je ta\u0144szymi od innych typ\u00f3w cylindr\u00f3w.<\/li>\n<\/ul>\n<\/li>\n<\/ul>\n<p>Ponadto wysoka wytrzyma\u0142o\u015b\u0107 i trwa\u0142o\u015b\u0107 spawanych cylindr\u00f3w typu tee zmniejszaj\u0105 potrzeb\u0119 cz\u0119stych napraw i wymian, co pozwala zaoszcz\u0119dzi\u0107 na kosztach konserwacji. Ta cecha sprawia, \u017ce s\u0105 one popularnym wyborem dla wielu bran\u017c, szczeg\u00f3lnie tych o ograniczonym bud\u017cecie.<\/p>\n<ul>\n<li style=\"list-style-type: none;\">\n<ul>\n<li><strong>Zwi\u0119kszona wydajno\u015b\u0107:<\/strong> Spawane cylindry typu tee s\u0105 wysoce wydajne i skuteczne. Konstrukcja cylindra zapewnia, \u017ce si\u0142a przy\u0142o\u017cona jest przenoszona bezpo\u015brednio na obci\u0105\u017cenie, co zmniejsza straty energii i zwi\u0119ksza wydajno\u015b\u0107.<\/li>\n<\/ul>\n<\/li>\n<\/ul>\n<p>Spawane po\u0142\u0105czenia s\u0105 mocne i sztywne, minimalizuj\u0105c ugi\u0119cie i zapewniaj\u0105c, \u017ce cylinder zachowuje sw\u00f3j kszta\u0142t i integralno\u015b\u0107 strukturaln\u0105 nawet w ekstremalnych warunkach. Ta cecha sprawia, \u017ce spawane cylindry typu tee s\u0105 idealne do zastosowa\u0144 wymagaj\u0105cych wysokiej wydajno\u015bci i niezawodno\u015bci.<\/p>\n<p><img decoding=\"async\" class=\"aligncenter\" src=\"https:\/\/hzpt.com\/wp-content\/uploads\/2023\/12\/random-4.webp\" alt=\"\" title=\"\"><\/p>\n<h2>Zastosowanie cylindra spawanego typu tr\u00f3jnikowego<\/h2>\n<h3>Wst\u0119p<\/h3>\n<p>Si\u0142ownik typu spawany tr\u00f3jnik to rodzaj si\u0142ownika hydraulicznego powszechnie stosowanego w zastosowaniach przemys\u0142owych. Zosta\u0142 zaprojektowany w celu zapewnienia du\u017cej si\u0142y wyj\u015bciowej w kompaktowej i ekonomicznej obudowie. Ten typ si\u0142ownika sk\u0142ada si\u0119 ze spawanego tr\u00f3jnika i t\u0142oczyska przymocowanego do tr\u00f3jnika. Tr\u00f3jnik jest po\u0142\u0105czony z cylindrem cylindra i zawiera t\u0142ok, kt\u00f3ry porusza si\u0119 tam i z powrotem wewn\u0105trz cylindra, generuj\u0105c si\u0142\u0119.<\/p>\n<h3>Zalety cylindra spawanego typu tr\u00f3jnikowego<\/h3>\n<p>Stosowanie cylindr\u00f3w spawanych typu T w zastosowaniach przemys\u0142owych niesie ze sob\u0105 szereg zalet:<\/p>\n<ul>\n<li><b>Kompaktowa konstrukcja:<\/b> Cylindry spawane typu T s\u0105 zaprojektowane tak, aby by\u0142y kompaktowe, dzi\u0119ki czemu idealnie nadaj\u0105 si\u0119 do stosowania w miejscach o ograniczonej przestrzeni.<\/li>\n<li><b>Wysoka wydajno\u015b\u0107:<\/b> Cylindry spawane typu T s\u0105 bardzo wydajne, co oznacza, \u017ce \u200b\u200bmog\u0105 generowa\u0107 du\u017c\u0105 si\u0142\u0119 przy minimalnym nak\u0142adzie energii.<\/li>\n<li><b>Wytrzyma\u0142y:<\/b> Cylindry spawane typu T s\u0105 zaprojektowane tak, aby by\u0142y bardzo trwa\u0142e, co oznacza, \u017ce \u200b\u200bmog\u0105 wytrzyma\u0107 trudne warunki pracy i s\u0142u\u017cy\u0107 przez d\u0142ugi czas.<\/li>\n<li><b>Op\u0142acalne:<\/b> Cylindry spawane typu T s\u0105 ekonomiczne, co oznacza, \u017ce \u200b\u200boferuj\u0105 dobry stosunek jako\u015bci do ceny.<\/li>\n<\/ul>\n<p><img loading=\"lazy\" decoding=\"async\" class=\"size-full wp-image-977 aligncenter\" src=\"https:\/\/fmp-components.com\/wp-content\/uploads\/2024\/12\/Welded-Tee-Type-Cylinder3.webp\" alt=\"Spawany cylinder typu tr\u00f3jnik\" width=\"653\" height=\"600\" title=\"\" srcset=\"https:\/\/fmp-components.com\/wp-content\/uploads\/2024\/12\/Welded-Tee-Type-Cylinder3.webp 653w, https:\/\/fmp-components.com\/wp-content\/uploads\/2024\/12\/Welded-Tee-Type-Cylinder3-480x441.webp 480w\" sizes=\"(min-width: 0px) and (max-width: 480px) 480px, (min-width: 481px) 653px, 100vw\" \/><\/p>\n<h3>Zastosowania cylindr\u00f3w spawanych typu tr\u00f3jnikowego<\/h3>\n<p>Istnieje wiele zastosowa\u0144 dla cylindr\u00f3w spawanych typu T w r\u00f3\u017cnych ga\u0142\u0119ziach przemys\u0142u, w tym:<\/p>\n<ul>\n<li><b>Produkcja:<\/b> Cylindry spawane typu T s\u0105 wykorzystywane w produkcji do obs\u0142ugi maszyn, przenoszenia ci\u0119\u017ckich \u0142adunk\u00f3w i kszta\u0142towania cz\u0119\u015bci metalowych.<\/li>\n<li><b>Rolnictwo:<\/b> Cylindry typu T spawane stosowane s\u0105 w rolnictwie do obs\u0142ugi uk\u0142ad\u00f3w hydraulicznych w ci\u0105gnikach, kombajnach i innym sprz\u0119cie rolniczym.<\/li>\n<li><b>Budowa:<\/b> Cylindry typu T spawane s\u0105 stosowane w budownictwie do obs\u0142ugi maszyn takich jak d\u017awigi, koparki i koparki podsi\u0119bierne.<\/li>\n<li><b>G\u00f3rnictwo:<\/b> Cylindry typu T spawane s\u0105 stosowane w g\u00f3rnictwie do obs\u0142ugi uk\u0142ad\u00f3w hydraulicznych ci\u0119\u017ckiego sprz\u0119tu, takiego jak buldo\u017cery, \u0142adowarki i wiertnice do ska\u0142.<\/li>\n<li><b>Transport:<\/b> Cylindry typu T spawane s\u0105 stosowane w transporcie do obs\u0142ugi uk\u0142ad\u00f3w hydraulicznych w ci\u0119\u017car\u00f3wkach, autobusach i innych pojazdach.<\/li>\n<\/ul>\n<p>Podsumowuj\u0105c, spawane cylindry typu T s\u0105 wa\u017cnym elementem w wielu zastosowaniach przemys\u0142owych. Zaprojektowano je tak, aby by\u0142y kompaktowe, wydajne, trwa\u0142e i ekonomiczne, co czyni je idealnym wyborem do szerokiego zakresu zastosowa\u0144. Niezale\u017cnie od tego, czy obs\u0142ugujesz maszyny w zak\u0142adzie produkcyjnym, sprz\u0119t rolniczy w gospodarstwie rolnym, czy ci\u0119\u017cki sprz\u0119t w kopalni, spawane cylindry typu T pomog\u0105 Ci wykona\u0107 zadanie sprawnie i skutecznie.<\/p>\n<h3>O FMP<\/h3>\n<p>Firma FMP, z ponad 30-letnim do\u015bwiadczeniem, jest renomowanym producentem i dostawc\u0105 r\u00f3\u017cnego rodzaju si\u0142ownik\u00f3w hydraulicznych. Nasz obszar przemys\u0142owy znajduje si\u0119 we W\u0142oszech i szczycimy si\u0119 posiadaniem ponad 100 najnowocze\u015bniejszych urz\u0105dze\u0144. Nasz bogaty park maszynowy obejmuje automatyczne spawarki w os\u0142onie gaz\u00f3w ochronnych, maszyny do g\u0142\u0119bokiego wiercenia, tokarki CNC, szlifierki do wa\u0142k\u00f3w, automatyczne maszyny czyszcz\u0105ce, automatyczne maszyny monta\u017cowe, automatyczne stanowiska do testowania wydajno\u015bci si\u0142ownik\u00f3w hydraulicznych, automatyczne linie lakiernicze i wiele innych.<\/p>\n<p><img decoding=\"async\" src=\"https:\/\/fmp-components.com\/wp-content\/uploads\/2024\/12\/fmp-factory-4.webp\" alt=\"Fabryka FMP\" width=\"800\" title=\"\"><\/p>\n<p>W zakresie cylindr\u00f3w hydraulicznych, FMP gwarantuje najwy\u017csz\u0105 jako\u015b\u0107 i niezawodno\u015b\u0107. Ka\u017cdy cylinder hydrauliczny przechodzi rygorystyczn\u0105 obr\u00f3bk\u0119 i kontrol\u0119, aby zagwarantowa\u0107 naszym cenionym klientom wyj\u0105tkow\u0105 wydajno\u015b\u0107. Jeste\u015bmy dumni z oferowanych przez nas nast\u0119puj\u0105cych korzy\u015bci:<\/p>\n<ol>\n<li><strong>Us\u0142uga projektowa:<\/strong> Nasz do\u015bwiadczony zesp\u00f3\u0142 projektowy specjalizuje si\u0119 w projektowaniu i rozwoju wa\u0142\u00f3w uniwersalnych. Je\u015bli masz szczeg\u00f3lne wymagania dotycz\u0105ce nowych produkt\u00f3w lub szukasz dalszych ulepsze\u0144, s\u0142u\u017cymy pomoc\u0105.<\/li>\n<li><strong>Us\u0142uga produktu:<\/strong> Nasza kompleksowa obs\u0142uga produktu obejmuje usprawniony proces, od surowc\u00f3w po transport. Dbamy o staranne wykonanie, takie jak ci\u0119cie, obr\u00f3bka wst\u0119pna, testowanie, czyszczenie, monta\u017c, pakowanie i transport, aby dostarcza\u0107 najwy\u017cszej jako\u015bci cylindry hydrauliczne.<\/li>\n<li><strong>Przyk\u0142adowy proces:<\/strong> W FMP rozumiemy, jak wa\u017cne s\u0105 spersonalizowane pr\u00f3bki. Jeste\u015bmy w stanie opracowa\u0107 pr\u00f3bki w oparciu o Pa\u0144stwa wymagania i stale je modyfikowa\u0107, aby spe\u0142ni\u0107 Pa\u0144stwa specyficzne potrzeby.<\/li>\n<li><strong>Badania i rozw\u00f3j:<\/strong> Jako firma my\u015bl\u0105ca przysz\u0142o\u015bciowo, stale analizujemy zmieniaj\u0105ce si\u0119 potrzeby rynku, zw\u0142aszcza w miar\u0119 wprowadzania nowych pojazd\u00f3w. Pozwala nam to opracowywa\u0107 nowe modele i utrzymywa\u0107 si\u0119 w czo\u0142\u00f3wce bran\u017cy.<\/li>\n<li><strong>Personalizacja:<\/strong> Specjalizujemy si\u0119 w produkcji i sprzeda\u017cy r\u00f3\u017cnego rodzaju si\u0142ownik\u00f3w hydraulicznych i ch\u0119tnie podejmiemy si\u0119 personalizacji. Niezale\u017cnie od tego, czy potrzebujesz konkretnych rozmiar\u00f3w, funkcjonalno\u015bci czy innych specyfikacji, nasz zesp\u00f3\u0142 z zaanga\u017cowaniem spe\u0142ni Twoje indywidualne potrzeby.<\/li>\n<\/ol>\n<p>Z FMP mo\u017cesz mie\u0107 pewno\u015b\u0107, \u017ce nasze produkty s\u0105 wykonane z precyzj\u0105 i przechodz\u0105 rygorystyczn\u0105 kontrol\u0119 jako\u015bci. Zapraszamy do wsp\u00f3\u0142pracy w zakresie wszystkich potrzeb zwi\u0105zanych z si\u0142ownikami hydraulicznymi. Skontaktuj si\u0119 z nami ju\u017c dzi\u015b, aby pozna\u0107 nasze mo\u017cliwo\u015bci.<\/p>\n<p><img loading=\"lazy\" decoding=\"async\" class=\"size-full wp-image-974 aligncenter\" src=\"https:\/\/fmp-components.com\/wp-content\/uploads\/2024\/12\/application-of-Welded-Tee-Type-Cylinder.webp\" alt=\"zastosowanie cylindra spawanego typu tr\u00f3jnika\" width=\"760\" height=\"860\" title=\"\" srcset=\"https:\/\/fmp-components.com\/wp-content\/uploads\/2024\/12\/application-of-Welded-Tee-Type-Cylinder.webp 760w, https:\/\/fmp-components.com\/wp-content\/uploads\/2024\/12\/application-of-Welded-Tee-Type-Cylinder-480x543.webp 480w\" sizes=\"(min-width: 0px) and (max-width: 480px) 480px, (min-width: 481px) 760px, 100vw\" \/><\/p>\n<h2>Cz\u0119sto zadawane pytania<\/h2>\n<p><b>Pytanie 1:<\/b> Czym jest si\u0142ownik hydrauliczny?<\/p>\n<p><b>A1:<\/b> Si\u0142ownik hydrauliczny to wysoce wydajne rozwi\u0105zanie hydrauliczne wykorzystuj\u0105ce do dzia\u0142ania si\u0142\u0119 ci\u015bnienia cieczy.<\/p>\n<p><b>Pytanie 2:<\/b> Jakie s\u0105 najwa\u017cniejsze cechy si\u0142ownika hydraulicznego?<\/p>\n<p><b>A2:<\/b> Si\u0142ownik hydrauliczny jest energooszcz\u0119dny, wysoce sprawny, bezpieczny i niezawodny.<\/p>\n<p><b>Pytanie 3:<\/b> Jakie s\u0105 zastosowania si\u0142ownika hydraulicznego?<\/p>\n<p><b>A3:<\/b> Si\u0142ownik hydrauliczny jest szeroko stosowany w\u2026<\/p>\n<p><b>Pytanie 4:<\/b> Dlaczego warto wybra\u0107 si\u0142ownik hydrauliczny FMP?<\/p>\n<p><b>A4:<\/b> Si\u0142ownik hydrauliczny FMP to produkt najwy\u017cszej jako\u015bci, zapewniaj\u0105cy wysok\u0105 wydajno\u015b\u0107, niezawodno\u015b\u0107 i energooszcz\u0119dno\u015b\u0107.<\/p>\n<p><b>Pytanie 5:<\/b> Jakie inne produkty oferuje FMP?<\/p>\n<p><b>A5:<\/b> Opr\u00f3cz cylindr\u00f3w hydraulicznych, FMP oferuje szereg innych rozwi\u0105za\u0144 hydraulicznych dla r\u00f3\u017cnych ga\u0142\u0119zi przemys\u0142u i zastosowa\u0144, w tym cylindry hydrauliczne do w\u00f3zk\u00f3w wid\u0142owych, cylindry do wywrotek g\u00f3rniczych i cylindry hydrauliczne do maszyn sanitarnych.<\/p>\n<p>Autor:CX<\/p>","protected":false},"excerpt":{"rendered":"<p>Discover the Power of the Hydraulic Ram Cylinder Experience high-efficiency power with FMP&#8217;s superior quality Double Acting Hydraulic Ram Cylinder. Since its establishment in 2006, FMP has been at the forefront of providing top-of-the-line hydraulic solutions to industries around the world, revolutionizing the way we harness and utilize hydraulic power. With a commitment to innovation [&hellip;]<\/p>","protected":false},"featured_media":1132,"comment_status":"closed","ping_status":"closed","template":"","meta":{"_et_pb_use_builder":"","_et_pb_old_content":"","_et_gb_content_width":""},"product_brand":[],"product_cat":[31],"product_tag":[34,35],"class_list":{"0":"post-927","1":"product","2":"type-product","3":"status-publish","4":"has-post-thumbnail","6":"product_cat-welded-tee-type-cylinder","7":"product_tag-hydraulic-cylinder","8":"product_tag-welded-tee-type-cylinder","10":"first","11":"instock","12":"product-type-simple"},"_links":{"self":[{"href":"https:\/\/fmp-components.com\/pl\/wp-json\/wp\/v2\/product\/927","targetHints":{"allow":["GET"]}}],"collection":[{"href":"https:\/\/fmp-components.com\/pl\/wp-json\/wp\/v2\/product"}],"about":[{"href":"https:\/\/fmp-components.com\/pl\/wp-json\/wp\/v2\/types\/product"}],"replies":[{"embeddable":true,"href":"https:\/\/fmp-components.com\/pl\/wp-json\/wp\/v2\/comments?post=927"}],"wp:featuredmedia":[{"embeddable":true,"href":"https:\/\/fmp-components.com\/pl\/wp-json\/wp\/v2\/media\/1132"}],"wp:attachment":[{"href":"https:\/\/fmp-components.com\/pl\/wp-json\/wp\/v2\/media?parent=927"}],"wp:term":[{"taxonomy":"product_brand","embeddable":true,"href":"https:\/\/fmp-components.com\/pl\/wp-json\/wp\/v2\/product_brand?post=927"},{"taxonomy":"product_cat","embeddable":true,"href":"https:\/\/fmp-components.com\/pl\/wp-json\/wp\/v2\/product_cat?post=927"},{"taxonomy":"product_tag","embeddable":true,"href":"https:\/\/fmp-components.com\/pl\/wp-json\/wp\/v2\/product_tag?post=927"}],"curies":[{"name":"wp","href":"https:\/\/api.w.org\/{rel}","templated":true}]}}