{"id":924,"date":"2024-12-19T03:39:00","date_gmt":"2024-12-19T03:39:00","guid":{"rendered":"https:\/\/fmp-components.com\/product\/10004-factory-price-double-acting-tractor-hydraulic-cylinder\/"},"modified":"2024-12-19T09:02:15","modified_gmt":"2024-12-19T09:02:15","slug":"10004-factory-price-double-acting-tractor-hydraulic-cylinder","status":"publish","type":"product","link":"https:\/\/fmp-components.com\/pl\/product\/10004-factory-price-double-acting-tractor-hydraulic-cylinder\/","title":{"rendered":"10004 Cena fabryczna Dwustronnego dzia\u0142ania si\u0142ownika hydraulicznego ci\u0105gnika"},"content":{"rendered":"<p>Si\u0142ownik hydrauliczny dwustronnego dzia\u0142ania do ci\u0105gnik\u00f3w w cenie fabrycznej to kluczowy element stosowany w r\u00f3\u017cnorodnych maszynach, a szczeg\u00f3lnie w ci\u0105gnikach, gdzie odgrywa znacz\u0105c\u0105 rol\u0119 w zwi\u0119kszaniu wydajno\u015bci operacyjnej. Wyprodukowany przez FMP, renomowan\u0105 firm\u0119 z siedzib\u0105 we W\u0142oszech, ten si\u0142ownik hydrauliczny charakteryzuje si\u0119 zaawansowan\u0105 in\u017cynieri\u0105 i dopracowanym projektem. Dzi\u0119ki zaanga\u017cowaniu w jako\u015b\u0107 i innowacyjno\u015b\u0107, FMP opracowa\u0142 produkt, kt\u00f3ry spe\u0142nia rygorystyczne wymagania nowoczesnych zastosowa\u0144 rolniczych i przemys\u0142owych. Ten si\u0142ownik hydrauliczny nie tylko przyczynia si\u0119 do funkcjonalno\u015bci ci\u0105gnik\u00f3w, ale tak\u017ce zapewnia niezawodno\u015b\u0107 i wydajno\u015b\u0107, czyni\u0105c go niezb\u0119dnym narz\u0119dziem zar\u00f3wno dla operator\u00f3w, jak i producent\u00f3w.<\/p>\n<p><img decoding=\"async\" class=\"aligncenter\" src=\"https:\/\/hzpt.com\/wp-content\/uploads\/2023\/12\/random-3.webp\" alt=\"\" title=\"\"><\/p>\n<h3>Unikalne cechy i zalety<\/h3>\n<ul>\n<li><strong>Energooszcz\u0119dny:<\/strong><br \/>\nKonstrukcja si\u0142ownika hydraulicznego dwustronnego dzia\u0142ania k\u0142adzie nacisk na energooszcz\u0119dno\u015b\u0107, umo\u017cliwiaj\u0105c jego prac\u0119 przy minimalnym zu\u017cyciu energii. Ta cecha nie tylko obni\u017ca koszty operacyjne, ale tak\u017ce jest zgodna z zasadami zr\u00f3wnowa\u017conego rozwoju, czyni\u0105c go przyjaznym dla \u015brodowiska wyborem dla maszyn.<\/li>\n<li><strong>Wysoka wydajno\u015b\u0107:<\/strong><br \/>\nZaprojektowany z my\u015bl\u0105 o najwy\u017cszej funkcjonalno\u015bci, ten si\u0142ownik hydrauliczny zapewnia sta\u0142\u0105 i mocn\u0105 prac\u0119. Jego zdolno\u015b\u0107 do generowania znacznej si\u0142y zar\u00f3wno podczas wysuwania, jak i wsuwania, gwarantuje, \u017ce poradzi sobie z trudnymi zadaniami, takimi jak podnoszenie ci\u0119\u017ckich \u0142adunk\u00f3w i wykonywanie precyzyjnych ruch\u00f3w, co czyni go idealnym do zastosowa\u0144 rolniczych i przemys\u0142owych.<\/li>\n<li><strong>Bezpiecze\u0144stwo:<\/strong><br \/>\nBezpiecze\u0144stwo jest priorytetem przy projektowaniu si\u0142ownika hydraulicznego dwustronnego dzia\u0142ania Factory Price do ci\u0105gnik\u00f3w. Wyposa\u017cono go w zaawansowane funkcje bezpiecze\u0144stwa, kt\u00f3re zapobiegaj\u0105 wyciekom i awariom hydraulicznym, zapewniaj\u0105c operatorom pewno\u015b\u0107 pracy. Ta niezawodno\u015b\u0107 jest szczeg\u00f3lnie wa\u017cna w \u015brodowiskach wysokiego ci\u015bnienia, gdzie ryzyko bezpiecze\u0144stwa musi by\u0107 minimalizowane.<\/li>\n<\/ul>\n<p><img loading=\"lazy\" decoding=\"async\" class=\"size-full wp-image-977 aligncenter\" src=\"https:\/\/fmp-components.com\/wp-content\/uploads\/2024\/12\/Welded-Tee-Type-Cylinder3.webp\" alt=\"Spawany cylinder typu tr\u00f3jnik\" width=\"653\" height=\"600\" title=\"\" srcset=\"https:\/\/fmp-components.com\/wp-content\/uploads\/2024\/12\/Welded-Tee-Type-Cylinder3.webp 653w, https:\/\/fmp-components.com\/wp-content\/uploads\/2024\/12\/Welded-Tee-Type-Cylinder3-480x441.webp 480w\" sizes=\"(min-width: 0px) and (max-width: 480px) 480px, (min-width: 481px) 653px, 100vw\" \/><\/p>\n<h3>Uk\u0142ad hydrauliczny i jego zasada dzia\u0142ania<\/h3>\n<p>Zrozumienie zawi\u0142o\u015bci uk\u0142adu hydraulicznego i zasady dzia\u0142ania cylindra hydraulicznego dostarcza cennych informacji na temat jego dzia\u0142ania i skuteczno\u015bci. Uk\u0142ad hydrauliczny opiera si\u0119 na zasadach mechaniki p\u0142yn\u00f3w, wykorzystuj\u0105c spr\u0119\u017cony p\u0142yn hydrauliczny do generowania ruchu liniowego. Po wt\u0142oczeniu p\u0142ynu hydraulicznego do cylindra, wywiera on ci\u015bnienie na wewn\u0119trzny t\u0142ok, generuj\u0105c si\u0142\u0119, kt\u00f3ra nap\u0119dza t\u0142ok w obu kierunkach.<\/p>\n<p>Ta funkcja podw\u00f3jnego dzia\u0142ania umo\u017cliwia wszechstronne zastosowanie, umo\u017cliwiaj\u0105c p\u0142ynne wysuwanie i wsuwanie si\u0142ownika. W przypadku ci\u0105gnik\u00f3w oznacza to, \u017ce uk\u0142ad hydrauliczny mo\u017ce efektywnie sterowa\u0107 narz\u0119dziami, takimi jak p\u0142ugi, \u0142adowarki i inne narz\u0119dzia, zwi\u0119kszaj\u0105c og\u00f3ln\u0105 wydajno\u015b\u0107.<\/p>\n<p>Dzi\u0119ki zapoznaniu si\u0119 z tymi zasadami dzia\u0142ania u\u017cytkownicy mog\u0105 doceni\u0107 znacz\u0105c\u0105 rol\u0119, jak\u0105 dwustronne dzia\u0142anie si\u0142ownika hydraulicznego ci\u0105gnika w cenie fabrycznej odgrywa w optymalizacji wydajno\u015bci maszyn, gwarantuj\u0105c spe\u0142nienie rygorystycznych wymaga\u0144 r\u00f3\u017cnych zastosowa\u0144 przy jednoczesnym zachowaniu bezpiecze\u0144stwa i wydajno\u015bci.<\/p>\n<p><img decoding=\"async\" src=\"https:\/\/hzpt.com\/wp-content\/uploads\/2023\/12\/random-2.webp\" alt=\"\" title=\"\"><\/p>\n<p>Opr\u00f3cz prezentowanego produktu, dostarczamy r\u00f3wnie\u017c cylindry do podno\u015bnik\u00f3w koszowych, cylindry hydrauliczne do pojazd\u00f3w przemys\u0142owych, cylindry do wiertnic obrotowych, cylindry do d\u017awig\u00f3w samochodowych, cylindry hydrauliczne do maszyn budowlanych, cylindry hydrauliczne do w\u00f3zk\u00f3w wid\u0142owych, cylindry do wywrotek g\u00f3rniczych oraz cylindry hydrauliczne do maszyn sanitarnych. Dost\u0119pne s\u0105 r\u00f3wnie\u017c wersje dostosowane do indywidualnych potrzeb.<\/p>\n<h2>Zalety cylindra spawanego typu tr\u00f3jnikowego<\/h2>\n<ul>\n<li style=\"list-style-type: none;\">\n<ul>\n<li><strong>Zwi\u0119kszona si\u0142a:<\/strong> Spawane cylindry typu tee s\u0105 znane ze swojej wysokiej wytrzyma\u0142o\u015bci, dzi\u0119ki czemu nadaj\u0105 si\u0119 do zastosowa\u0144 wymagaj\u0105cych podnoszenia ci\u0119\u017car\u00f3w. Proces spawania stosowany podczas produkcji tych cylindr\u00f3w zapewnia, \u017ce cylinder jest wolny od s\u0142abych punkt\u00f3w i mo\u017ce wytrzyma\u0107 wysokie ci\u015bnienie i napr\u0119\u017cenia.<\/li>\n<\/ul>\n<\/li>\n<\/ul>\n<p>Gdy na cylinder wywierany jest nacisk, rozprowadza si\u0119 on r\u00f3wnomiernie po ca\u0142ej powierzchni, co czyni go odpornym na odkszta\u0142cenia. Ta cecha zapewnia, \u017ce cylinder mo\u017ce zachowa\u0107 sw\u00f3j kszta\u0142t i integralno\u015b\u0107 strukturaln\u0105 nawet w ekstremalnych warunkach.<\/p>\n<ul>\n<li style=\"list-style-type: none;\">\n<ul>\n<li><strong>Zapobieganie wyciekom:<\/strong> Spawane cylindry typu tee s\u0105 zaprojektowane tak, aby zapobiega\u0107 wyciekom. Proces spawania stosowany podczas procesu produkcji zapewnia, \u017ce cylinder jest ca\u0142kowicie szczelny i wolny od wszelkich mo\u017cliwych wyciek\u00f3w. Ta cecha sprawia, \u017ce nadaj\u0105 si\u0119 do stosowania w zastosowaniach, w kt\u00f3rych wyciek m\u00f3g\u0142by spowodowa\u0107 powa\u017cne uszkodzenia lub obra\u017cenia.<\/li>\n<\/ul>\n<\/li>\n<\/ul>\n<p>Po\u0142\u0105czenia spawane s\u0105 g\u0142adkie, bez szczelin czy rowk\u00f3w, w kt\u00f3rych mog\u0142yby gromadzi\u0107 si\u0119 zanieczyszczenia lub brud, co zmniejsza ryzyko korozji i uszkodzenia cylindra.<\/p>\n<ul>\n<li style=\"list-style-type: none;\">\n<ul>\n<li><strong>Mo\u017cliwo\u015b\u0107 dostosowania:<\/strong> Spawane cylindry typu tee mo\u017cna dostosowa\u0107 do konkretnych zastosowa\u0144. Cylindry s\u0105 dost\u0119pne w r\u00f3\u017cnych rozmiarach i kszta\u0142tach i mog\u0105 by\u0107 wytwarzane tak, aby spe\u0142nia\u0142y konkretne wymagania danego zastosowania.<\/li>\n<\/ul>\n<\/li>\n<\/ul>\n<p>Proces dostosowywania pozwala na optymalizacj\u0119 wydajno\u015bci cylindra, zapewniaj\u0105c, \u017ce jest on odpowiedni do zamierzonego zastosowania. Ta cecha sprawia, \u017ce spawane cylindry typu tee s\u0105 idealne do stosowania w r\u00f3\u017cnych zastosowaniach przemys\u0142owych, w tym w budownictwie, g\u00f3rnictwie i transporcie materia\u0142\u00f3w.<\/p>\n<ul>\n<li style=\"list-style-type: none;\">\n<ul>\n<li><strong>Op\u0142acalno\u015b\u0107:<\/strong> Spawane cylindry typu tee s\u0105 op\u0142acalne w por\u00f3wnaniu do innych typ\u00f3w cylindr\u00f3w. Proces produkcji tych cylindr\u00f3w jest prosty, co czyni je ta\u0144szymi od innych typ\u00f3w cylindr\u00f3w.<\/li>\n<\/ul>\n<\/li>\n<\/ul>\n<p>Ponadto wysoka wytrzyma\u0142o\u015b\u0107 i trwa\u0142o\u015b\u0107 spawanych cylindr\u00f3w typu tee zmniejszaj\u0105 potrzeb\u0119 cz\u0119stych napraw i wymian, co pozwala zaoszcz\u0119dzi\u0107 na kosztach konserwacji. Ta cecha sprawia, \u017ce s\u0105 one popularnym wyborem dla wielu bran\u017c, szczeg\u00f3lnie tych o ograniczonym bud\u017cecie.<\/p>\n<ul>\n<li style=\"list-style-type: none;\">\n<ul>\n<li><strong>Zwi\u0119kszona wydajno\u015b\u0107:<\/strong> Spawane cylindry typu tee s\u0105 wysoce wydajne i skuteczne. Konstrukcja cylindra zapewnia, \u017ce si\u0142a przy\u0142o\u017cona jest przenoszona bezpo\u015brednio na obci\u0105\u017cenie, co zmniejsza straty energii i zwi\u0119ksza wydajno\u015b\u0107.<\/li>\n<\/ul>\n<\/li>\n<\/ul>\n<p>Spawane po\u0142\u0105czenia s\u0105 mocne i sztywne, minimalizuj\u0105c ugi\u0119cie i zapewniaj\u0105c, \u017ce cylinder zachowuje sw\u00f3j kszta\u0142t i integralno\u015b\u0107 strukturaln\u0105 nawet w ekstremalnych warunkach. Ta cecha sprawia, \u017ce spawane cylindry typu tee s\u0105 idealne do zastosowa\u0144 wymagaj\u0105cych wysokiej wydajno\u015bci i niezawodno\u015bci.<\/p>\n<p><img loading=\"lazy\" decoding=\"async\" class=\"size-full wp-image-976 aligncenter\" src=\"https:\/\/fmp-components.com\/wp-content\/uploads\/2024\/12\/Welded-Tee-Type-Cylinder2.webp\" alt=\"Spawany cylinder typu tr\u00f3jnik\" width=\"764\" height=\"675\" title=\"\" srcset=\"https:\/\/fmp-components.com\/wp-content\/uploads\/2024\/12\/Welded-Tee-Type-Cylinder2.webp 764w, https:\/\/fmp-components.com\/wp-content\/uploads\/2024\/12\/Welded-Tee-Type-Cylinder2-480x424.webp 480w\" sizes=\"(min-width: 0px) and (max-width: 480px) 480px, (min-width: 481px) 764px, 100vw\" \/><\/p>\n<h2>Zastosowanie cylindra spawanego typu tr\u00f3jnikowego<\/h2>\n<ol>\n<li>\n<h3>Przemys\u0142 motoryzacyjny<\/h3>\n<p>Spawane si\u0142owniki typu teowego s\u0105 szeroko stosowane w przemy\u015ble motoryzacyjnym. Znajduj\u0105 zastosowanie w drzwiach samochodowych, podno\u015bnikach maski i baga\u017cnika, dachach kabriolet\u00f3w oraz uk\u0142adach wspomagania kierownicy. Si\u0142owniki te s\u0105 preferowane ze wzgl\u0119du na mo\u017cliwo\u015b\u0107 zapewnienia du\u017cej si\u0142y wyj\u015bciowej przy niewielkich wymaganiach przestrzennych. Konstrukcja si\u0142ownika typu teowego doskonale nadaje si\u0119 do zastosowa\u0144, w kt\u00f3rych si\u0142a musi by\u0107 przenoszona w dw\u00f3ch r\u00f3\u017cnych kierunkach.<\/p>\n<p>Co wi\u0119cej, spawana konstrukcja tych cylindr\u00f3w pozwala im pracowa\u0107 w wysokich temperaturach i ci\u015bnieniach bez ryzyka wyciek\u00f3w. Dzi\u0119ki temu nadaj\u0105 si\u0119 one do stosowania w silnikach, skrzyniach bieg\u00f3w i uk\u0142adach hamulcowych.<\/li>\n<li>\n<h3>Przemys\u0142 wytw\u00f3rczy<\/h3>\n<p>Cylindry spawane typu teowego s\u0105 r\u00f3wnie\u017c stosowane w przemy\u015ble wytw\u00f3rczym. Znajduj\u0105 zastosowanie w prasach hydraulicznych, ku\u017aniach i maszynach do ci\u0119cia metalu. Wysoka si\u0142a wyj\u015bciowa tych cylindr\u00f3w sprawia, \u017ce \u200b\u200bidealnie nadaj\u0105 si\u0119 do zastosowa\u0144 wymagaj\u0105cych du\u017cej si\u0142y w ma\u0142ej przestrzeni.<\/p>\n<p>Konstrukcja si\u0142ownika typu teowego doskonale nadaje si\u0119 r\u00f3wnie\u017c do zastosowa\u0144, w kt\u00f3rych si\u0142a musi by\u0107 przenoszona w dw\u00f3ch r\u00f3\u017cnych kierunkach. Na przyk\u0142ad, w prasie hydraulicznej si\u0142ownik typu teowego mo\u017ce by\u0107 u\u017cywany do wywierania si\u0142y zar\u00f3wno w pionie, jak i w poziomie, co umo\u017cliwia bardziej z\u0142o\u017cone procesy produkcyjne.<\/li>\n<li>\n<h3>Przemys\u0142 lotniczy i kosmiczny<\/h3>\n<p>Cylindry spawane typu tr\u00f3jnikowego s\u0105 wykorzystywane w przemy\u015ble lotniczym do r\u00f3\u017cnych zastosowa\u0144, m.in. w systemach podwozi samolot\u00f3w, drzwiach \u0142adunkowych i systemach sterowania lotem. Wysoka si\u0142a wyj\u015bciowa i kompaktowa konstrukcja tych cylindr\u00f3w sprawiaj\u0105, \u017ce idealnie nadaj\u0105 si\u0119 do stosowania w ograniczonej przestrzeni samolotu.<\/p>\n<p>Spawana konstrukcja tych cylindr\u00f3w sprawia, \u017ce \u200b\u200bs\u0105 one odporne na wysokie ci\u015bnienia i temperatury wyst\u0119puj\u0105ce podczas lotu. Dodatkowo, konstrukcja cylindra typu tr\u00f3jnikowego umo\u017cliwia przenoszenie si\u0142y w dw\u00f3ch r\u00f3\u017cnych kierunkach, dzi\u0119ki czemu doskonale nadaje si\u0119 do zastosowa\u0144, w kt\u00f3rych si\u0142a musi by\u0107 przy\u0142o\u017cona pod k\u0105tem.<\/li>\n<li>\n<h3>Bran\u017ca budowlana<\/h3>\n<p>Cylindry spawane typu T s\u0105 stosowane w przemy\u015ble budowlanym do podnoszenia i przenoszenia du\u017cych ci\u0119\u017car\u00f3w. Znajduj\u0105 zastosowanie w d\u017awigach, koparkach i koparko-\u0142adowarkach. Wysoka si\u0142a wyj\u015bciowa i kompaktowa konstrukcja tych cylindr\u00f3w sprawiaj\u0105, \u017ce idealnie nadaj\u0105 si\u0119 do stosowania w ograniczonej przestrzeni na placu budowy.<\/p>\n<p>Konstrukcja cylindra typu teowego pozwala na przenoszenie si\u0142y w dw\u00f3ch r\u00f3\u017cnych kierunkach, dzi\u0119ki czemu doskonale nadaje si\u0119 do zastosowa\u0144 wymagaj\u0105cych przy\u0142o\u017cenia si\u0142y pod k\u0105tem. Dodatkowo, spawana konstrukcja tych cylindr\u00f3w pozwala im pracowa\u0107 w wysokich ci\u015bnieniach i temperaturach bez \u017cadnych wyciek\u00f3w, dzi\u0119ki czemu nadaj\u0105 si\u0119 do stosowania w trudnych warunkach zewn\u0119trznych.<\/li>\n<\/ol>\n<p><img loading=\"lazy\" decoding=\"async\" class=\"size-full wp-image-977 aligncenter\" src=\"https:\/\/fmp-components.com\/wp-content\/uploads\/2024\/12\/Welded-Tee-Type-Cylinder3.webp\" alt=\"Spawany cylinder typu tr\u00f3jnik\" width=\"653\" height=\"600\" title=\"\" srcset=\"https:\/\/fmp-components.com\/wp-content\/uploads\/2024\/12\/Welded-Tee-Type-Cylinder3.webp 653w, https:\/\/fmp-components.com\/wp-content\/uploads\/2024\/12\/Welded-Tee-Type-Cylinder3-480x441.webp 480w\" sizes=\"(min-width: 0px) and (max-width: 480px) 480px, (min-width: 481px) 653px, 100vw\" \/><\/p>\n<h3>O FMP<\/h3>\n<p>FMP to wiod\u0105cy producent si\u0142ownik\u00f3w hydraulicznych z ponad 30-letnim do\u015bwiadczeniem w bran\u017cy. Nasz obszar przemys\u0142owy znajduje si\u0119 we W\u0142oszech i dysponujemy szerok\u0105 gam\u0105 sprz\u0119tu, w tym automatycznymi spawarkami w os\u0142onie gaz\u00f3w ochronnych, maszynami do g\u0142\u0119bokiego wiercenia, tokarkami CNC, szlifierkami do wa\u0142k\u00f3w, automatycznymi maszynami czyszcz\u0105cymi, automatycznymi maszynami monta\u017cowymi, automatycznymi stanowiskami do testowania wydajno\u015bci si\u0142ownik\u00f3w hydraulicznych, automatycznymi liniami lakierniczymi i wieloma innymi. Specjalizujemy si\u0119 w produkcji niestandardowych si\u0142ownik\u00f3w hydraulicznych, projektowanych i produkowanych z my\u015bl\u0105 o indywidualnych potrzebach naszych klient\u00f3w.<\/p>\n<p>W FMP dok\u0142adamy wszelkich stara\u0144, aby dostarcza\u0107 naszym klientom wysokiej jako\u015bci, trwa\u0142e cylindry hydrauliczne. Nasze produkty przechodz\u0105 rygorystyczn\u0105 obr\u00f3bk\u0119 i kontrol\u0119, aby zagwarantowa\u0107, \u017ce spe\u0142niaj\u0105 najwy\u017csze standardy jako\u015bci. Oto kilka powod\u00f3w, dla kt\u00f3rych warto z nami wsp\u00f3\u0142pracowa\u0107:<\/p>\n<ol>\n<li><strong>Us\u0142uga projektowa:<\/strong> Nasz do\u015bwiadczony zesp\u00f3\u0142 projektant\u00f3w pomo\u017ce Ci stworzy\u0107 nowe produkty lub ulepszy\u0107 istniej\u0105ce. Zale\u017cy nam na \u015bcis\u0142ej wsp\u00f3\u0142pracy z naszymi klientami, aby zapewni\u0107 im spe\u0142nienie ich potrzeb.<\/li>\n<li><strong>Us\u0142uga produktowa:<\/strong> Stosujemy rygorystyczny proces, kt\u00f3ry obejmuje pozyskiwanie surowc\u00f3w, ci\u0119cie, obr\u00f3bk\u0119 wst\u0119pn\u0105, testowanie, czyszczenie, monta\u017c, pakowanie i transport. Proces ten ma na celu zapewnienie najwy\u017cszej jako\u015bci naszych produkt\u00f3w.<\/li>\n<li><strong>Przyk\u0142adowy proces:<\/strong> Mo\u017cemy opracowa\u0107 i zmodyfikowa\u0107 pr\u00f3bki, aby spe\u0142ni\u0107 Pa\u0144stwa potrzeby. Zale\u017cy nam na dostarczaniu naszym klientom produkt\u00f3w wysokiej jako\u015bci, spe\u0142niaj\u0105cych ich specyficzne wymagania.<\/li>\n<li><strong>Badania i rozw\u00f3j:<\/strong> Nieustannie badamy rynek, aby identyfikowa\u0107 nowe potrzeby i opracowywa\u0107 nowe modele. To pozwala nam wyprzedza\u0107 konkurencj\u0119 i dostarcza\u0107 naszym klientom najnowsze i najbardziej innowacyjne produkty z zakresu si\u0142ownik\u00f3w hydraulicznych na rynku.<\/li>\n<li><strong>Personalizacja:<\/strong> Specjalizujemy si\u0119 w produkcji niestandardowych si\u0142ownik\u00f3w hydraulicznych, projektowanych i wytwarzanych tak, aby spe\u0142nia\u0107 indywidualne potrzeby naszych klient\u00f3w. Nasze produkty s\u0105 dost\u0119pne w szerokiej gamie rozmiar\u00f3w i konfiguracji, aby spe\u0142ni\u0107 Pa\u0144stwa specyficzne wymagania.<\/li>\n<\/ol>\n<p><img decoding=\"async\" src=\"https:\/\/fmp-components.com\/wp-content\/uploads\/2024\/12\/fmp-factory-4.webp\" alt=\"Fabryka FMP\" width=\"800\" title=\"\"><br \/>\nAutor:CX<\/p>","protected":false},"excerpt":{"rendered":"<p>The Factory Price Double Acting Tractor Hydraulic Cylinder is a crucial component utilized in a variety of machinery, particularly in tractors where it plays a significant role in enhancing operational efficiency. Manufactured by FMP, a reputable company based in Italy City, this hydraulic cylinder exemplifies advanced engineering and meticulous design. With a commitment to quality [&hellip;]<\/p>","protected":false},"featured_media":1132,"comment_status":"closed","ping_status":"closed","template":"","meta":{"_et_pb_use_builder":"","_et_pb_old_content":"","_et_gb_content_width":""},"product_brand":[],"product_cat":[31],"product_tag":[34,35],"class_list":{"0":"post-924","1":"product","2":"type-product","3":"status-publish","4":"has-post-thumbnail","6":"product_cat-welded-tee-type-cylinder","7":"product_tag-hydraulic-cylinder","8":"product_tag-welded-tee-type-cylinder","10":"first","11":"instock","12":"product-type-simple"},"_links":{"self":[{"href":"https:\/\/fmp-components.com\/pl\/wp-json\/wp\/v2\/product\/924","targetHints":{"allow":["GET"]}}],"collection":[{"href":"https:\/\/fmp-components.com\/pl\/wp-json\/wp\/v2\/product"}],"about":[{"href":"https:\/\/fmp-components.com\/pl\/wp-json\/wp\/v2\/types\/product"}],"replies":[{"embeddable":true,"href":"https:\/\/fmp-components.com\/pl\/wp-json\/wp\/v2\/comments?post=924"}],"wp:featuredmedia":[{"embeddable":true,"href":"https:\/\/fmp-components.com\/pl\/wp-json\/wp\/v2\/media\/1132"}],"wp:attachment":[{"href":"https:\/\/fmp-components.com\/pl\/wp-json\/wp\/v2\/media?parent=924"}],"wp:term":[{"taxonomy":"product_brand","embeddable":true,"href":"https:\/\/fmp-components.com\/pl\/wp-json\/wp\/v2\/product_brand?post=924"},{"taxonomy":"product_cat","embeddable":true,"href":"https:\/\/fmp-components.com\/pl\/wp-json\/wp\/v2\/product_cat?post=924"},{"taxonomy":"product_tag","embeddable":true,"href":"https:\/\/fmp-components.com\/pl\/wp-json\/wp\/v2\/product_tag?post=924"}],"curies":[{"name":"wp","href":"https:\/\/api.w.org\/{rel}","templated":true}]}}