{"id":921,"date":"2024-12-19T03:39:00","date_gmt":"2024-12-19T03:39:00","guid":{"rendered":"https:\/\/fmp-components.com\/product\/10002-professional-craftsmanship-small-double-acting-stainless-steel-hydraulic-cylinder-for-tractor\/"},"modified":"2024-12-19T09:01:32","modified_gmt":"2024-12-19T09:01:32","slug":"10002-professional-craftsmanship-small-double-acting-stainless-steel-hydraulic-cylinder-for-tractor","status":"publish","type":"product","link":"https:\/\/fmp-components.com\/pl\/product\/10002-professional-craftsmanship-small-double-acting-stainless-steel-hydraulic-cylinder-for-tractor\/","title":{"rendered":"10002 Profesjonalne rzemios\u0142o Ma\u0142y dwustronnego dzia\u0142ania si\u0142ownik hydrauliczny ze stali nierdzewnej do ci\u0105gnika"},"content":{"rendered":"<p>Ma\u0142y, dwustronnego dzia\u0142ania si\u0142ownik hydrauliczny 10002 Professional Craftsmanship ze stali nierdzewnej zosta\u0142 zaprojektowany z my\u015bl\u0105 o optymalnej wydajno\u015bci w zastosowaniach ci\u0105gnikowych. \u0141\u0105cz\u0105c innowacyjn\u0105 konstrukcj\u0119 z wysokiej jako\u015bci materia\u0142ami, ten si\u0142ownik hydrauliczny jest niezb\u0119dnym narz\u0119dziem do zwi\u0119kszenia wydajno\u015bci i efektywno\u015bci prac rolniczych.<\/p>\n<p><img loading=\"lazy\" decoding=\"async\" class=\"size-full wp-image-977 aligncenter\" src=\"https:\/\/fmp-components.com\/wp-content\/uploads\/2024\/12\/Welded-Tee-Type-Cylinder3.webp\" alt=\"Spawany cylinder typu tr\u00f3jnik\" width=\"653\" height=\"600\" title=\"\" srcset=\"https:\/\/fmp-components.com\/wp-content\/uploads\/2024\/12\/Welded-Tee-Type-Cylinder3.webp 653w, https:\/\/fmp-components.com\/wp-content\/uploads\/2024\/12\/Welded-Tee-Type-Cylinder3-480x441.webp 480w\" sizes=\"(min-width: 0px) and (max-width: 480px) 480px, (min-width: 481px) 653px, 100vw\" \/><\/p>\n<h4>G\u0142\u00f3wne cechy:<\/h4>\n<ul>\n<li><strong>Konstrukcja dwustronnego dzia\u0142ania:<\/strong><br \/>\nTen si\u0142ownik hydrauliczny dzia\u0142a zar\u00f3wno w pozycji wysuwanej, jak i wsuwanej, zapewniaj\u0105c wszechstronn\u0105 funkcjonalno\u015b\u0107. Mechanizm dwustronnego dzia\u0142ania zapewnia p\u0142ynny i kontrolowany ruch, dzi\u0119ki czemu idealnie nadaje si\u0119 do zada\u0144 wymagaj\u0105cych precyzyjnego pozycjonowania, takich jak podnoszenie i regulacja narz\u0119dzi.<\/li>\n<li><strong>Konstrukcja ze stali nierdzewnej klasy premium:<\/strong><br \/>\nWykonany z wysokiej jako\u015bci stali nierdzewnej, ten si\u0142ownik hydrauliczny oferuje wyj\u0105tkow\u0105 odporno\u015b\u0107 na korozj\u0119 i zu\u017cycie. Ta trwa\u0142o\u015b\u0107 gwarantuje, \u017ce wytrzyma trudne warunki, cz\u0119sto wyst\u0119puj\u0105ce w rolnictwie, wyd\u0142u\u017caj\u0105c jego \u017cywotno\u015b\u0107 i zapewniaj\u0105c niezawodn\u0105 wydajno\u015b\u0107.<\/li>\n<li><strong>Kompaktowy rozmiar:<\/strong><br \/>\nNiewielka konstrukcja si\u0142ownika hydraulicznego 10002 pozwala na \u0142atwy monta\u017c w ciasnych przestrzeniach bez utraty mocy i wydajno\u015bci. Jego kompaktowa budowa sprawia, \u017ce \u200b\u200bnadaje si\u0119 on do r\u00f3\u017cnych modeli ci\u0105gnik\u00f3w i zastosowa\u0144, zapewniaj\u0105c elastyczno\u015b\u0107 u\u017cytkowania.<\/li>\n<li><strong>Wysoka wydajno\u015b\u0107:<\/strong><br \/>\nZaprojektowany z my\u015bl\u0105 o du\u017cej sile, ten si\u0142ownik hydrauliczny jest w stanie przenosi\u0107 znaczne obci\u0105\u017cenia, dzi\u0119ki czemu idealnie nadaje si\u0119 do wielu zada\u0144 rolniczych. Jego wysoka wydajno\u015b\u0107 zwi\u0119ksza og\u00f3ln\u0105 wydajno\u015b\u0107 pracy ci\u0105gnika, zapewniaj\u0105c sprawne wykonywanie zada\u0144.<\/li>\n<li><strong>Wszechstronne zastosowania:<\/strong><br \/>\nSi\u0142ownik hydrauliczny 10002 idealnie nadaje si\u0119 do r\u00f3\u017cnych zastosowa\u0144, takich jak uprawa roli, podnoszenie i holowanie. Jego wszechstronno\u015b\u0107 gwarantuje efektywne wykorzystanie szerokiej gamy osprz\u0119tu ci\u0105gnika, maksymalizuj\u0105c wydajno\u015b\u0107 operacyjn\u0105.<\/li>\n<\/ul>\n<h4>Dane techniczne:<\/h4>\n<table style=\"width: 94.2857%; height: 160px;\">\n<thead>\n<tr>\n<th>Specyfikacja<\/th>\n<th>Opis<\/th>\n<\/tr>\n<\/thead>\n<tbody>\n<tr>\n<td><strong>Rozmiar otworu<\/strong><\/td>\n<td>Mo\u017cliwo\u015b\u0107 dostosowania<\/td>\n<\/tr>\n<tr>\n<td><strong>D\u0142ugo\u015b\u0107 skoku<\/strong><\/td>\n<td>Dost\u0119pne r\u00f3\u017cne opcje<\/td>\n<\/tr>\n<tr>\n<td><strong>Maksymalne ci\u015bnienie<\/strong><\/td>\n<td>Do 3000 PSI<\/td>\n<\/tr>\n<tr>\n<td><strong>Tworzywo<\/strong><\/td>\n<td>Wysokiej jako\u015bci stal nierdzewna<\/td>\n<\/tr>\n<tr>\n<td><strong>Typ po\u0142\u0105czenia<\/strong><\/td>\n<td>Ko\u0142nierzowe lub gwintowane<\/td>\n<\/tr>\n<\/tbody>\n<\/table>\n<h4>Zasada dzia\u0142ania:<\/h4>\n<p>Ma\u0142y si\u0142ownik hydrauliczny dwustronnego dzia\u0142ania ze stali nierdzewnej 10002 dzia\u0142a na zasadzie ci\u015bnienia p\u0142ynu hydraulicznego. Po wt\u0142oczeniu p\u0142ynu hydraulicznego do si\u0142ownika, wywiera on si\u0142\u0119 na t\u0142ok, generuj\u0105c ruch liniowy w obu kierunkach. Ta funkcja dwustronnego dzia\u0142ania pozwala na skuteczn\u0105 kontrol\u0119 r\u00f3\u017cnych funkcji ci\u0105gnika, zwi\u0119kszaj\u0105c wydajno\u015b\u0107 i produktywno\u015b\u0107.<\/p>\n<p>Podsumowuj\u0105c, ma\u0142y si\u0142ownik hydrauliczny dwustronnego dzia\u0142ania ze stali nierdzewnej Professional Craftsmanship 10002 to solidne i wydajne rozwi\u0105zanie do zastosowa\u0144 w ci\u0105gnikach. Wysoka jako\u015b\u0107 wykonania, konstrukcja dwustronnego dzia\u0142ania i kompaktowe rozmiary czyni\u0105 go nieocenionym narz\u0119dziem do poprawy wydajno\u015bci i niezawodno\u015bci maszyn rolniczych. Ten si\u0142ownik hydrauliczny zosta\u0142 zaprojektowany tak, aby sprosta\u0107 wymaganiom nowoczesnego rolnictwa, niezale\u017cnie od tego, czy chodzi o podnoszenie, regulacj\u0119, czy holowanie.<\/p>\n<p><img decoding=\"async\" class=\"aligncenter\" src=\"https:\/\/hzpt.com\/wp-content\/uploads\/2023\/12\/random-4.webp\" alt=\"Fabryka FMP\" title=\"\"><\/p>\n<h2>Zalety cylindra spawanego typu tr\u00f3jnikowego<\/h2>\n<ul>\n<li style=\"list-style-type: none;\">\n<ul>\n<li><strong>Zwi\u0119kszona si\u0142a:<\/strong> Spawane cylindry typu tee s\u0105 znane ze swojej wysokiej wytrzyma\u0142o\u015bci, dzi\u0119ki czemu nadaj\u0105 si\u0119 do zastosowa\u0144 wymagaj\u0105cych podnoszenia ci\u0119\u017car\u00f3w. Proces spawania stosowany podczas produkcji tych cylindr\u00f3w zapewnia, \u017ce cylinder jest wolny od s\u0142abych punkt\u00f3w i mo\u017ce wytrzyma\u0107 wysokie ci\u015bnienie i napr\u0119\u017cenia.<\/li>\n<\/ul>\n<\/li>\n<\/ul>\n<p>Gdy na cylinder wywierany jest nacisk, rozprowadza si\u0119 on r\u00f3wnomiernie po ca\u0142ej powierzchni, co czyni go odpornym na odkszta\u0142cenia. Ta cecha zapewnia, \u017ce cylinder mo\u017ce zachowa\u0107 sw\u00f3j kszta\u0142t i integralno\u015b\u0107 strukturaln\u0105 nawet w ekstremalnych warunkach.<\/p>\n<ul>\n<li style=\"list-style-type: none;\">\n<ul>\n<li><strong>Zapobieganie wyciekom:<\/strong> Spawane cylindry typu tee s\u0105 zaprojektowane tak, aby zapobiega\u0107 wyciekom. Proces spawania stosowany podczas procesu produkcji zapewnia, \u017ce cylinder jest ca\u0142kowicie szczelny i wolny od wszelkich mo\u017cliwych wyciek\u00f3w. Ta cecha sprawia, \u017ce nadaj\u0105 si\u0119 do stosowania w zastosowaniach, w kt\u00f3rych wyciek m\u00f3g\u0142by spowodowa\u0107 powa\u017cne uszkodzenia lub obra\u017cenia.<\/li>\n<\/ul>\n<\/li>\n<\/ul>\n<p>Po\u0142\u0105czenia spawane s\u0105 g\u0142adkie, bez szczelin czy rowk\u00f3w, w kt\u00f3rych mog\u0142yby gromadzi\u0107 si\u0119 zanieczyszczenia lub brud, co zmniejsza ryzyko korozji i uszkodzenia cylindra.<\/p>\n<ul>\n<li style=\"list-style-type: none;\">\n<ul>\n<li><strong>Mo\u017cliwo\u015b\u0107 dostosowania:<\/strong> Spawane cylindry typu tee mo\u017cna dostosowa\u0107 do konkretnych zastosowa\u0144. Cylindry s\u0105 dost\u0119pne w r\u00f3\u017cnych rozmiarach i kszta\u0142tach i mog\u0105 by\u0107 wytwarzane tak, aby spe\u0142nia\u0142y konkretne wymagania danego zastosowania.<\/li>\n<\/ul>\n<\/li>\n<\/ul>\n<p>Proces dostosowywania pozwala na optymalizacj\u0119 wydajno\u015bci cylindra, zapewniaj\u0105c, \u017ce jest on odpowiedni do zamierzonego zastosowania. Ta cecha sprawia, \u017ce spawane cylindry typu tee s\u0105 idealne do stosowania w r\u00f3\u017cnych zastosowaniach przemys\u0142owych, w tym w budownictwie, g\u00f3rnictwie i transporcie materia\u0142\u00f3w.<\/p>\n<ul>\n<li style=\"list-style-type: none;\">\n<ul>\n<li><strong>Op\u0142acalno\u015b\u0107:<\/strong> Spawane cylindry typu tee s\u0105 op\u0142acalne w por\u00f3wnaniu do innych typ\u00f3w cylindr\u00f3w. Proces produkcji tych cylindr\u00f3w jest prosty, co czyni je ta\u0144szymi od innych typ\u00f3w cylindr\u00f3w.<\/li>\n<\/ul>\n<\/li>\n<\/ul>\n<p>Ponadto wysoka wytrzyma\u0142o\u015b\u0107 i trwa\u0142o\u015b\u0107 spawanych cylindr\u00f3w typu tee zmniejszaj\u0105 potrzeb\u0119 cz\u0119stych napraw i wymian, co pozwala zaoszcz\u0119dzi\u0107 na kosztach konserwacji. Ta cecha sprawia, \u017ce s\u0105 one popularnym wyborem dla wielu bran\u017c, szczeg\u00f3lnie tych o ograniczonym bud\u017cecie.<\/p>\n<ul>\n<li style=\"list-style-type: none;\">\n<ul>\n<li><strong>Zwi\u0119kszona wydajno\u015b\u0107:<\/strong> Spawane cylindry typu tee s\u0105 wysoce wydajne i skuteczne. Konstrukcja cylindra zapewnia, \u017ce si\u0142a przy\u0142o\u017cona jest przenoszona bezpo\u015brednio na obci\u0105\u017cenie, co zmniejsza straty energii i zwi\u0119ksza wydajno\u015b\u0107.<\/li>\n<\/ul>\n<\/li>\n<\/ul>\n<p>Spawane po\u0142\u0105czenia s\u0105 mocne i sztywne, minimalizuj\u0105c ugi\u0119cie i zapewniaj\u0105c, \u017ce cylinder zachowuje sw\u00f3j kszta\u0142t i integralno\u015b\u0107 strukturaln\u0105 nawet w ekstremalnych warunkach. Ta cecha sprawia, \u017ce spawane cylindry typu tee s\u0105 idealne do zastosowa\u0144 wymagaj\u0105cych wysokiej wydajno\u015bci i niezawodno\u015bci.<\/p>\n<h2>Zastosowanie cylindra spawanego typu tr\u00f3jnikowego<\/h2>\n<ol>\n<li>\n<h3>Przemys\u0142 motoryzacyjny<\/h3>\n<p>Spawane si\u0142owniki typu teowego s\u0105 szeroko stosowane w przemy\u015ble motoryzacyjnym. Znajduj\u0105 zastosowanie w drzwiach samochodowych, podno\u015bnikach maski i baga\u017cnika, dachach kabriolet\u00f3w oraz uk\u0142adach wspomagania kierownicy. Si\u0142owniki te s\u0105 preferowane ze wzgl\u0119du na mo\u017cliwo\u015b\u0107 zapewnienia du\u017cej si\u0142y wyj\u015bciowej przy niewielkich wymaganiach przestrzennych. Konstrukcja si\u0142ownika typu teowego doskonale nadaje si\u0119 do zastosowa\u0144, w kt\u00f3rych si\u0142a musi by\u0107 przenoszona w dw\u00f3ch r\u00f3\u017cnych kierunkach.<\/p>\n<p>Co wi\u0119cej, spawana konstrukcja tych cylindr\u00f3w pozwala im pracowa\u0107 w wysokich temperaturach i ci\u015bnieniach bez ryzyka wyciek\u00f3w. Dzi\u0119ki temu nadaj\u0105 si\u0119 one do stosowania w silnikach, skrzyniach bieg\u00f3w i uk\u0142adach hamulcowych.<\/li>\n<li>\n<h3>Przemys\u0142 wytw\u00f3rczy<\/h3>\n<p>Cylindry spawane typu teowego s\u0105 r\u00f3wnie\u017c stosowane w przemy\u015ble wytw\u00f3rczym. Znajduj\u0105 zastosowanie w prasach hydraulicznych, ku\u017aniach i maszynach do ci\u0119cia metalu. Wysoka si\u0142a wyj\u015bciowa tych cylindr\u00f3w sprawia, \u017ce \u200b\u200bidealnie nadaj\u0105 si\u0119 do zastosowa\u0144 wymagaj\u0105cych du\u017cej si\u0142y w ma\u0142ej przestrzeni.<\/p>\n<p>Konstrukcja si\u0142ownika typu teowego doskonale nadaje si\u0119 r\u00f3wnie\u017c do zastosowa\u0144, w kt\u00f3rych si\u0142a musi by\u0107 przenoszona w dw\u00f3ch r\u00f3\u017cnych kierunkach. Na przyk\u0142ad, w prasie hydraulicznej si\u0142ownik typu teowego mo\u017ce by\u0107 u\u017cywany do wywierania si\u0142y zar\u00f3wno w pionie, jak i w poziomie, co umo\u017cliwia bardziej z\u0142o\u017cone procesy produkcyjne.<\/li>\n<li>\n<h3>Przemys\u0142 lotniczy i kosmiczny<\/h3>\n<p>Cylindry spawane typu tr\u00f3jnikowego s\u0105 wykorzystywane w przemy\u015ble lotniczym do r\u00f3\u017cnych zastosowa\u0144, m.in. w systemach podwozi samolot\u00f3w, drzwiach \u0142adunkowych i systemach sterowania lotem. Wysoka si\u0142a wyj\u015bciowa i kompaktowa konstrukcja tych cylindr\u00f3w sprawiaj\u0105, \u017ce idealnie nadaj\u0105 si\u0119 do stosowania w ograniczonej przestrzeni samolotu.<\/p>\n<p>Spawana konstrukcja tych cylindr\u00f3w sprawia, \u017ce \u200b\u200bs\u0105 one odporne na wysokie ci\u015bnienia i temperatury wyst\u0119puj\u0105ce podczas lotu. Dodatkowo, konstrukcja cylindra typu tr\u00f3jnikowego umo\u017cliwia przenoszenie si\u0142y w dw\u00f3ch r\u00f3\u017cnych kierunkach, dzi\u0119ki czemu doskonale nadaje si\u0119 do zastosowa\u0144, w kt\u00f3rych si\u0142a musi by\u0107 przy\u0142o\u017cona pod k\u0105tem.<\/li>\n<li>\n<h3>Bran\u017ca budowlana<\/h3>\n<p>Cylindry spawane typu T s\u0105 stosowane w przemy\u015ble budowlanym do podnoszenia i przenoszenia du\u017cych ci\u0119\u017car\u00f3w. Znajduj\u0105 zastosowanie w d\u017awigach, koparkach i koparko-\u0142adowarkach. Wysoka si\u0142a wyj\u015bciowa i kompaktowa konstrukcja tych cylindr\u00f3w sprawiaj\u0105, \u017ce idealnie nadaj\u0105 si\u0119 do stosowania w ograniczonej przestrzeni na placu budowy.<\/p>\n<p>Konstrukcja cylindra typu teowego pozwala na przenoszenie si\u0142y w dw\u00f3ch r\u00f3\u017cnych kierunkach, dzi\u0119ki czemu doskonale nadaje si\u0119 do zastosowa\u0144 wymagaj\u0105cych przy\u0142o\u017cenia si\u0142y pod k\u0105tem. Dodatkowo, spawana konstrukcja tych cylindr\u00f3w pozwala im pracowa\u0107 w wysokich ci\u015bnieniach i temperaturach bez \u017cadnych wyciek\u00f3w, dzi\u0119ki czemu nadaj\u0105 si\u0119 do stosowania w trudnych warunkach zewn\u0119trznych.<\/li>\n<\/ol>\n<p><img loading=\"lazy\" decoding=\"async\" class=\"size-full wp-image-974 aligncenter\" src=\"https:\/\/fmp-components.com\/wp-content\/uploads\/2024\/12\/application-of-Welded-Tee-Type-Cylinder.webp\" alt=\"zastosowanie cylindra spawanego typu tr\u00f3jnika\" width=\"760\" height=\"860\" title=\"\" srcset=\"https:\/\/fmp-components.com\/wp-content\/uploads\/2024\/12\/application-of-Welded-Tee-Type-Cylinder.webp 760w, https:\/\/fmp-components.com\/wp-content\/uploads\/2024\/12\/application-of-Welded-Tee-Type-Cylinder-480x543.webp 480w\" sizes=\"(min-width: 0px) and (max-width: 480px) 480px, (min-width: 481px) 760px, 100vw\" \/><\/p>\n<h3>O FMP<\/h3>\n<p>FMP to uznany producent cylindr\u00f3w hydraulicznych z ponad 30-letnim do\u015bwiadczeniem w bran\u017cy, z siedzib\u0105 we W\u0142oszech. Specjalizujemy si\u0119 w produkcji szerokiej gamy cylindr\u00f3w hydraulicznych, a tak\u017ce oferujemy opcje personalizacji, aby spe\u0142ni\u0107 specyficzne potrzeby naszych klient\u00f3w.<\/p>\n<p>Oto pi\u0119\u0107 powod\u00f3w, dla kt\u00f3rych warto wybra\u0107 FMP do produkcji cylindr\u00f3w hydraulicznych:<\/p>\n<p>1. Sprz\u0119t najnowocze\u015bniejszy<\/p>\n<p>Dysponujemy ponad 100 urz\u0105dzeniami zaawansowanego sprz\u0119tu, w tym automatycznymi spawarkami w os\u0142onie gaz\u00f3w ochronnych, maszynami do g\u0142\u0119bokiego wiercenia otwor\u00f3w, tokarkami CNC, szlifierkami cylindrycznymi, automatycznymi maszynami czyszcz\u0105cymi, automatycznymi maszynami monta\u017cowymi, automatycznymi stanowiskami do testowania wydajno\u015bci cylindr\u00f3w hydraulicznych, automatycznymi liniami lakierniczymi i wieloma innymi. Dzi\u0119ki naszym zaawansowanym maszynom mo\u017cemy zagwarantowa\u0107 jako\u015b\u0107 i precyzj\u0119 naszych cylindr\u00f3w hydraulicznych.<\/p>\n<p>2. \u015acis\u0142a kontrola jako\u015bci<\/p>\n<p>Wszystkie nasze cylindry hydrauliczne przechodz\u0105 rygorystyczn\u0105 obr\u00f3bk\u0119 i kontrol\u0119, aby zagwarantowa\u0107, \u017ce spe\u0142niaj\u0105 nasze wysokie standardy jako\u015bci. Dok\u0142adamy wszelkich stara\u0144, aby dostarcza\u0107 naszym klientom produkty najwy\u017cszej jako\u015bci.<\/p>\n<p>3. Us\u0142ugi projektowe<\/p>\n<p>Nasz do\u015bwiadczony zesp\u00f3\u0142 projektant\u00f3w pomo\u017ce Ci w opracowaniu nowych produkt\u00f3w lub ulepszeniu istniej\u0105cych. Oferujemy fachowe doradztwo i wsparcie na ka\u017cdym etapie procesu projektowania.<\/p>\n<p>4. Kompleksowa obs\u0142uga produktu<\/p>\n<p>Oferujemy pe\u0142en zakres us\u0142ug, od doboru surowc\u00f3w po transport. Nasz proces obejmuje ci\u0119cie, obr\u00f3bk\u0119 wst\u0119pn\u0105, testowanie, czyszczenie, monta\u017c, pakowanie i wiele innych. Zapewniamy naszym klientom kompleksow\u0105 obs\u0142ug\u0119, aby zapewni\u0107 im satysfakcj\u0119 z ich cylindr\u00f3w hydraulicznych.<\/p>\n<p>5. Badania i rozw\u00f3j<\/p>\n<p>Nieustannie badamy najnowsze trendy rynkowe i opracowujemy nowe modele si\u0142ownik\u00f3w hydraulicznych, aby sprosta\u0107 potrzebom naszych klient\u00f3w. Zale\u017cy nam na utrzymaniu pozycji lidera w bran\u017cy i dostarczaniu naszym klientom innowacyjnych rozwi\u0105za\u0144.<\/p>\n<p><img decoding=\"async\" src=\"https:\/\/fmp-components.com\/wp-content\/uploads\/2024\/12\/fmp-factory-4.webp\" alt=\"Fabryka FMP\" width=\"800\" title=\"\"><br \/>\nAutor:CX<\/p>","protected":false},"excerpt":{"rendered":"<p>The 10002 Professional Craftsmanship Small Double Acting Stainless Steel Hydraulic Cylinder is engineered for optimal performance in tractor applications. Combining innovative design with high-quality materials, this hydraulic cylinder is an essential tool for enhancing the efficiency and effectiveness of your agricultural operations. Key Features: Double Acting Design: This hydraulic cylinder operates in both extension and [&hellip;]<\/p>","protected":false},"featured_media":1133,"comment_status":"closed","ping_status":"closed","template":"","meta":{"_et_pb_use_builder":"","_et_pb_old_content":"","_et_gb_content_width":""},"product_brand":[],"product_cat":[31],"product_tag":[34,35],"class_list":{"0":"post-921","1":"product","2":"type-product","3":"status-publish","4":"has-post-thumbnail","6":"product_cat-welded-tee-type-cylinder","7":"product_tag-hydraulic-cylinder","8":"product_tag-welded-tee-type-cylinder","10":"first","11":"instock","12":"product-type-simple"},"_links":{"self":[{"href":"https:\/\/fmp-components.com\/pl\/wp-json\/wp\/v2\/product\/921","targetHints":{"allow":["GET"]}}],"collection":[{"href":"https:\/\/fmp-components.com\/pl\/wp-json\/wp\/v2\/product"}],"about":[{"href":"https:\/\/fmp-components.com\/pl\/wp-json\/wp\/v2\/types\/product"}],"replies":[{"embeddable":true,"href":"https:\/\/fmp-components.com\/pl\/wp-json\/wp\/v2\/comments?post=921"}],"wp:featuredmedia":[{"embeddable":true,"href":"https:\/\/fmp-components.com\/pl\/wp-json\/wp\/v2\/media\/1133"}],"wp:attachment":[{"href":"https:\/\/fmp-components.com\/pl\/wp-json\/wp\/v2\/media?parent=921"}],"wp:term":[{"taxonomy":"product_brand","embeddable":true,"href":"https:\/\/fmp-components.com\/pl\/wp-json\/wp\/v2\/product_brand?post=921"},{"taxonomy":"product_cat","embeddable":true,"href":"https:\/\/fmp-components.com\/pl\/wp-json\/wp\/v2\/product_cat?post=921"},{"taxonomy":"product_tag","embeddable":true,"href":"https:\/\/fmp-components.com\/pl\/wp-json\/wp\/v2\/product_tag?post=921"}],"curies":[{"name":"wp","href":"https:\/\/api.w.org\/{rel}","templated":true}]}}