{"id":919,"date":"2024-12-19T03:39:00","date_gmt":"2024-12-19T03:39:00","guid":{"rendered":"https:\/\/fmp-components.com\/product\/10001-selected-products-double-acting-hydraulic-cylinder-with-end-plug-hole-for-agricultural-machinery-american-standard-black-serious\/"},"modified":"2024-12-26T09:00:43","modified_gmt":"2024-12-26T09:00:43","slug":"10001-selected-products-double-acting-hydraulic-cylinder-with-end-plug-hole-for-agricultural-machinery-american-standard-black-serious","status":"publish","type":"product","link":"https:\/\/fmp-components.com\/pl\/product\/10001-selected-products-double-acting-hydraulic-cylinder-with-end-plug-hole-for-agricultural-machinery-american-standard-black-serious\/","title":{"rendered":"10001 Wybrane produkty Si\u0142ownik hydrauliczny dwustronnego dzia\u0142ania z otworem na korek ko\u0144cowy do maszyn rolniczych American Standard BLACK Serious"},"content":{"rendered":"<div class=\"ChatMessage_chatMessage__xkgHx\" data-complete=\"true\">\n<div class=\"ChatMessage_messageRow__DHlnq\">\n<div class=\"ChatMessage_messageWrapper__4Ugd6\">\n<div class=\"Message_rowWithFooter__FShU6\">\n<div class=\"Message_row__ug_UU\">\n<div class=\"Message_messageBubbleWrapper__sEq8z\">\n<div class=\"Message_leftSideMessageBubble__VPdk6\">\n<div class=\"Message_messageTextContainer__w64Sc\">\n<div>\n<div class=\"Markdown_markdownContainer__Tz3HQ\">\n<p>Si\u0142ownik hydrauliczny dwustronnego dzia\u0142ania Selected Products 10001 zosta\u0142 zaprojektowany do maszyn rolniczych, zapewniaj\u0105c niezawodn\u0105 wydajno\u015b\u0107 i trwa\u0142o\u015b\u0107. Zaprojektowany zgodnie z normami ameryka\u0144skimi, ten si\u0142ownik hydrauliczny posiada otw\u00f3r na za\u015blepk\u0119 ko\u0144cow\u0105, co zapewnia wi\u0119ksz\u0105 wszechstronno\u015b\u0107 w r\u00f3\u017cnych zastosowaniach.<\/p>\n<h4>G\u0142\u00f3wne cechy:<\/h4>\n<ul>\n<li><strong>Mechanizm dwustronnego dzia\u0142ania:<\/strong><br \/>\nTen si\u0142ownik hydrauliczny dzia\u0142a zar\u00f3wno w pozycji wysuwanej, jak i wsuwanej, zapewniaj\u0105c wydajny i kontrolowany ruch. Konstrukcja dwustronnego dzia\u0142ania zwi\u0119ksza jego funkcjonalno\u015b\u0107 w szerokim zakresie zada\u0144 rolniczych, od podnoszenia narz\u0119dzi po pchanie i ci\u0105gni\u0119cie.<\/li>\n<li><strong>Konstrukcja otworu na za\u015blepk\u0119 ko\u0144cow\u0105:<\/strong><br \/>\nOtw\u00f3r na za\u015blepk\u0119 ko\u0144cow\u0105 umo\u017cliwia \u0142atwe mocowanie i dostosowanie do r\u00f3\u017cnych konfiguracji maszyn rolniczych. Ta cecha zwi\u0119ksza wszechstronno\u015b\u0107 si\u0142ownika, zapewniaj\u0105c jego dopasowanie do specyficznych potrzeb operacyjnych.<\/li>\n<li><strong>Wysokiej jako\u015bci konstrukcja:<\/strong><br \/>\nWykonany z najwy\u017cszej jako\u015bci materia\u0142\u00f3w si\u0142ownik hydrauliczny 10001 zosta\u0142 zaprojektowany tak, aby sprosta\u0107 wymagaj\u0105cym warunkom panuj\u0105cym w rolnictwie. Jego solidna konstrukcja gwarantuje d\u0142ugotrwa\u0142\u0105 wydajno\u015b\u0107 i niezawodno\u015b\u0107, nawet przy du\u017cych obci\u0105\u017ceniach.<\/li>\n<li><strong>Zgodno\u015b\u0107 z normami ameryka\u0144skimi:<\/strong><br \/>\nZaprojektowany zgodnie z ameryka\u0144skimi normami przemys\u0142owymi, ten si\u0142ownik hydrauliczny gwarantuje kompatybilno\u015b\u0107 i bezpiecze\u0144stwo w zastosowaniach rolniczych. Rolnicy mog\u0105 zaufa\u0107 jego jako\u015bci i wydajno\u015bci w swoich pracach.<\/li>\n<li><strong>Wszechstronne zastosowania:<\/strong><br \/>\nSi\u0142ownik hydrauliczny 10001 idealnie nadaje si\u0119 do r\u00f3\u017cnych maszyn rolniczych, w tym traktor\u00f3w, kombajn\u00f3w i \u0142adowarek. Jego wszechstronno\u015b\u0107 sprawia, \u017ce \u200b\u200bjest cennym uzupe\u0142nieniem ka\u017cdego gospodarstwa rolnego.<\/li>\n<\/ul>\n<h4>Dane techniczne:<\/h4>\n<table style=\"width: 97.8316%; height: 216px;\">\n<thead>\n<tr>\n<th>Specyfikacja<\/th>\n<th>Opis<\/th>\n<\/tr>\n<\/thead>\n<tbody>\n<tr>\n<td><strong>No\u015bno\u015b\u0107<\/strong><\/td>\n<td>Mo\u017cliwo\u015b\u0107 dostosowania<\/td>\n<\/tr>\n<tr>\n<td><strong>Rozmiar otworu<\/strong><\/td>\n<td>Dost\u0119pne r\u00f3\u017cne opcje<\/td>\n<\/tr>\n<tr>\n<td><strong>D\u0142ugo\u015b\u0107 skoku<\/strong><\/td>\n<td>Mo\u017cliwo\u015b\u0107 dostosowania<\/td>\n<\/tr>\n<tr>\n<td><strong>Maksymalne ci\u015bnienie<\/strong><\/td>\n<td>Do 3000 PSI<\/td>\n<\/tr>\n<tr>\n<td><strong>Tworzywo<\/strong><\/td>\n<td>Wysokiej jako\u015bci stal<\/td>\n<\/tr>\n<tr>\n<td><strong>Typ po\u0142\u0105czenia<\/strong><\/td>\n<td>Ko\u0142nierzowe lub gwintowane<\/td>\n<\/tr>\n<\/tbody>\n<\/table>\n<h4>Zasada dzia\u0142ania:<\/h4>\n<p>Si\u0142ownik hydrauliczny dwustronnego dzia\u0142ania 10001 dzia\u0142a w oparciu o ci\u015bnienie p\u0142ynu hydraulicznego. Po wt\u0142oczeniu p\u0142ynu hydraulicznego do cylindra, wywiera on si\u0142\u0119 na t\u0142ok, generuj\u0105c ruch liniowy w obu kierunkach. Ten skuteczny mechanizm pozwala na precyzyjn\u0105 kontrol\u0119 zada\u0144 rolniczych, zwi\u0119kszaj\u0105c wydajno\u015b\u0107 i produktywno\u015b\u0107.<\/p>\n<p>Podsumowuj\u0105c, si\u0142ownik hydrauliczny dwustronnego dzia\u0142ania Selected Products 10001 z otworem na korek ko\u0144cowy to niezawodne i wszechstronne rozwi\u0105zanie dla maszyn rolniczych. Jego trwa\u0142a konstrukcja, zgodno\u015b\u0107 z normami ameryka\u0144skimi i wszechstronno\u015b\u0107 czyni\u0105 go niezb\u0119dnym narz\u0119dziem dla rolnik\u00f3w d\u0105\u017c\u0105cych do poprawy wydajno\u015bci operacyjnej.<\/p>\n<\/div>\n<\/div>\n<\/div>\n<\/div>\n<\/div>\n<\/div>\n<\/div>\n<\/div>\n<\/div>\n<\/div>\n<p><img decoding=\"async\" src=\"https:\/\/hzpt.com\/wp-content\/uploads\/2023\/12\/random-2.webp\" alt=\"\" title=\"\"><\/p>\n<h2>Wprowadzenie do produktu<\/h2>\n<p>Si\u0142ownik hydrauliczny dwustronnego dzia\u0142ania z otworem na korek ko\u0144cowy to wszechstronny i niezawodny si\u0142ownik hydrauliczny, zaprojektowany z my\u015bl\u0105 o spe\u0142nieniu wysokich wymaga\u0144 bran\u017c takich jak rolnictwo, g\u00f3rnictwo i budownictwo. Produkt ten charakteryzuje si\u0119 d\u0142ug\u0105 histori\u0105 sprawdzonych osi\u0105g\u00f3w i trwa\u0142o\u015bci oraz jest dost\u0119pny w r\u00f3\u017cnych typach i rozmiarach, aby sprosta\u0107 wymaganiom r\u00f3\u017cnych zastosowa\u0144.<\/p>\n<p>Monta\u017c i konserwacja tego si\u0142ownika hydraulicznego jest \u0142atwa, co czyni go popularnym wyborem dla firm poszukuj\u0105cych bezproblemowego produktu, kt\u00f3ry zapewnia wyj\u0105tkowe rezultaty. Niezale\u017cnie od tego, czy jeste\u015b rolnikiem, pracownikiem budowlanym, czy g\u00f3rnikiem, si\u0142ownik hydrauliczny dwustronnego dzia\u0142ania z otworem na za\u015blepk\u0119 ko\u0144cow\u0105 to niezb\u0119dne narz\u0119dzie, kt\u00f3re pomo\u017ce Ci wykona\u0107 prac\u0119 szybko, sprawnie i bezpiecznie.<\/p>\n<h2>Wyb\u00f3r i promocja produkt\u00f3w<\/h2>\n<p>Wyb\u00f3r odpowiedniego oleju hydraulicznego i uszczelnienia ma kluczowe znaczenie dla wydajnej pracy si\u0142ownika hydraulicznego dwustronnego dzia\u0142ania. Regularna wymiana oleju hydraulicznego i pomiary cylindra hydraulicznego s\u0105 kluczowe dla zapewnienia optymalnej wydajno\u015bci. W FMP oferujemy wskaz\u00f3wki dotycz\u0105ce doboru odpowiedniego oleju hydraulicznego i uszczelnienia, a tak\u017ce wymiany i pomiaru cylindra hydraulicznego.<\/p>\n<p>FMP to wiod\u0105ca marka na w\u0142oskim rynku si\u0142ownik\u00f3w hydraulicznych do maszyn mobilnych. Oferujemy szerok\u0105 gam\u0119 produkt\u00f3w, w tym hydrauliczne si\u0142owniki przechy\u0142u, hydrauliczne si\u0142owniki uk\u0142adu kierowniczego i hydrauliczne si\u0142owniki podnoszenia, kt\u00f3re charakteryzuj\u0105 si\u0119 wyj\u0105tkow\u0105 wydajno\u015bci\u0105 i trwa\u0142o\u015bci\u0105. Nasze mo\u017cliwo\u015bci projektowe wynosz\u0105ce 200 000 zestaw\u00f3w i 300 zestaw\u00f3w r\u00f3\u017cnego rodzaju, w pe\u0142ni zautomatyzowanych urz\u0105dze\u0144 produkcyjnych CNC oraz w pe\u0142ni zautomatyzowanych urz\u0105dze\u0144 do monta\u017cu si\u0142ownik\u00f3w hydraulicznych gwarantuj\u0105, \u017ce jeste\u015bmy w stanie sprosta\u0107 potrzebom firm ka\u017cdej wielko\u015bci.<\/p>\n<p>Niezale\u017cnie od tego, czy potrzebujesz si\u0142ownika hydraulicznego dwustronnego dzia\u0142ania do cel\u00f3w rolniczych, budowlanych czy g\u00f3rniczych, FMP oferuje Ci produkt w konkurencyjnych cenach. Oferujemy r\u00f3wnie\u017c doskona\u0142\u0105 obs\u0142ug\u0119, aby zapewni\u0107 naszym klientom pe\u0142n\u0105 satysfakcj\u0119 z zakup\u00f3w.<\/p>\n<p>Ponadto FMP dostarcza szereg innych cylindr\u00f3w hydraulicznych, w tym cylindry do platform roboczych, cylindry hydrauliczne do pojazd\u00f3w przemys\u0142owych, cylindry do wiertnic obrotowych, cylindry do d\u017awig\u00f3w samochodowych, cylindry hydrauliczne do maszyn budowlanych, cylindry hydrauliczne do w\u00f3zk\u00f3w wid\u0142owych, cylindry do wywrotek g\u00f3rniczych, cylindry hydrauliczne do maszyn sanitarnych i wiele innych. Oferujemy r\u00f3wnie\u017c us\u0142ugi dostosowywania do indywidualnych potrzeb klient\u00f3w.<\/p>\n<p><img decoding=\"async\" src=\"https:\/\/hzpt.com\/wp-content\/uploads\/2023\/12\/random-6.webp\" alt=\"Fabryka FMP\" title=\"\"><\/p>\n<h2>Cz\u0119sto zadawane pytania<\/h2>\n<p>P: Do czego s\u0142u\u017cy si\u0142ownik hydrauliczny dwustronnego dzia\u0142ania z otworem na za\u015blepk\u0119 ko\u0144cow\u0105?<\/p>\n<p>A: Si\u0142ownik hydrauliczny dwustronnego dzia\u0142ania jest stosowany w r\u00f3\u017cnych zastosowaniach, takich jak rolnictwo, budownictwo, g\u00f3rnictwo i inne. Si\u0142owniki te s\u0105 niezb\u0119dnymi elementami ci\u0119\u017ckich maszyn, zapewniaj\u0105c si\u0142\u0119 niezb\u0119dn\u0105 do podnoszenia, pchania i ci\u0105gni\u0119cia du\u017cych \u0142adunk\u00f3w.<\/p>\n<p>P: Jak dzia\u0142a uk\u0142ad hydrauliczny?<\/p>\n<p>A: Uk\u0142ad hydrauliczny dzia\u0142a poprzez wykorzystanie spr\u0119\u017conego p\u0142ynu do wywierania si\u0142y na t\u0142ok. T\u0142ok nast\u0119pnie przesuwa \u0142adunek, umo\u017cliwiaj\u0105c \u0142atwe i wydajne przemieszczanie ci\u0119\u017ckich maszyn. Uk\u0142ad hydrauliczny dzia\u0142a w oparciu o zasad\u0119 prawa Pascala, kt\u00f3ra g\u0142osi, \u017ce ci\u015bnienie wywierane na zamkni\u0119t\u0105 ciecz jest r\u00f3wnomiernie rozprowadzane w ca\u0142ej cieczy we wszystkich kierunkach.<\/p>\n<p>P: Jakie s\u0105 zalety si\u0142ownika hydraulicznego dwustronnego dzia\u0142ania?<\/p>\n<p>A: Si\u0142ownik hydrauliczny dwustronnego dzia\u0142ania jest energooszcz\u0119dny, wysoce wydajny i bezpieczny w u\u017cyciu. Zapewnia wyj\u0105tkow\u0105 wydajno\u015b\u0107 i trwa\u0142o\u015b\u0107, co czyni go niezb\u0119dnym narz\u0119dziem do p\u0142ynnej pracy ci\u0119\u017ckich maszyn.<\/p>\n<h2>Zalety cylindra spawanego typu tr\u00f3jnikowego<\/h2>\n<ul>\n<li style=\"list-style-type: none;\">\n<ul>\n<li><strong>Zwi\u0119kszona si\u0142a:<\/strong> Spawane cylindry typu tee s\u0105 znane ze swojej wysokiej wytrzyma\u0142o\u015bci, dzi\u0119ki czemu nadaj\u0105 si\u0119 do zastosowa\u0144 wymagaj\u0105cych podnoszenia ci\u0119\u017car\u00f3w. Proces spawania stosowany podczas produkcji tych cylindr\u00f3w zapewnia, \u017ce cylinder jest wolny od s\u0142abych punkt\u00f3w i mo\u017ce wytrzyma\u0107 wysokie ci\u015bnienie i napr\u0119\u017cenia.<\/li>\n<\/ul>\n<\/li>\n<\/ul>\n<p>Gdy na cylinder wywierany jest nacisk, rozprowadza si\u0119 on r\u00f3wnomiernie po ca\u0142ej powierzchni, co czyni go odpornym na odkszta\u0142cenia. Ta cecha zapewnia, \u017ce cylinder mo\u017ce zachowa\u0107 sw\u00f3j kszta\u0142t i integralno\u015b\u0107 strukturaln\u0105 nawet w ekstremalnych warunkach.<\/p>\n<ul>\n<li style=\"list-style-type: none;\">\n<ul>\n<li><strong>Zapobieganie wyciekom:<\/strong> Spawane cylindry typu tee s\u0105 zaprojektowane tak, aby zapobiega\u0107 wyciekom. Proces spawania stosowany podczas procesu produkcji zapewnia, \u017ce cylinder jest ca\u0142kowicie szczelny i wolny od wszelkich mo\u017cliwych wyciek\u00f3w. Ta cecha sprawia, \u017ce nadaj\u0105 si\u0119 do stosowania w zastosowaniach, w kt\u00f3rych wyciek m\u00f3g\u0142by spowodowa\u0107 powa\u017cne uszkodzenia lub obra\u017cenia.<\/li>\n<\/ul>\n<\/li>\n<\/ul>\n<p>Po\u0142\u0105czenia spawane s\u0105 g\u0142adkie, bez szczelin czy rowk\u00f3w, w kt\u00f3rych mog\u0142yby gromadzi\u0107 si\u0119 zanieczyszczenia lub brud, co zmniejsza ryzyko korozji i uszkodzenia cylindra.<\/p>\n<ul>\n<li style=\"list-style-type: none;\">\n<ul>\n<li><strong>Mo\u017cliwo\u015b\u0107 dostosowania:<\/strong> Spawane cylindry typu tee mo\u017cna dostosowa\u0107 do konkretnych zastosowa\u0144. Cylindry s\u0105 dost\u0119pne w r\u00f3\u017cnych rozmiarach i kszta\u0142tach i mog\u0105 by\u0107 wytwarzane tak, aby spe\u0142nia\u0142y konkretne wymagania danego zastosowania.<\/li>\n<\/ul>\n<\/li>\n<\/ul>\n<p>Proces dostosowywania pozwala na optymalizacj\u0119 wydajno\u015bci cylindra, zapewniaj\u0105c, \u017ce jest on odpowiedni do zamierzonego zastosowania. Ta cecha sprawia, \u017ce spawane cylindry typu tee s\u0105 idealne do stosowania w r\u00f3\u017cnych zastosowaniach przemys\u0142owych, w tym w budownictwie, g\u00f3rnictwie i transporcie materia\u0142\u00f3w.<\/p>\n<ul>\n<li style=\"list-style-type: none;\">\n<ul>\n<li><strong>Op\u0142acalno\u015b\u0107:<\/strong> Spawane cylindry typu tee s\u0105 op\u0142acalne w por\u00f3wnaniu do innych typ\u00f3w cylindr\u00f3w. Proces produkcji tych cylindr\u00f3w jest prosty, co czyni je ta\u0144szymi od innych typ\u00f3w cylindr\u00f3w.<\/li>\n<\/ul>\n<\/li>\n<\/ul>\n<p>Ponadto wysoka wytrzyma\u0142o\u015b\u0107 i trwa\u0142o\u015b\u0107 spawanych cylindr\u00f3w typu tee zmniejszaj\u0105 potrzeb\u0119 cz\u0119stych napraw i wymian, co pozwala zaoszcz\u0119dzi\u0107 na kosztach konserwacji. Ta cecha sprawia, \u017ce s\u0105 one popularnym wyborem dla wielu bran\u017c, szczeg\u00f3lnie tych o ograniczonym bud\u017cecie.<\/p>\n<ul>\n<li style=\"list-style-type: none;\">\n<ul>\n<li><strong>Zwi\u0119kszona wydajno\u015b\u0107:<\/strong> Spawane cylindry typu tee s\u0105 wysoce wydajne i skuteczne. Konstrukcja cylindra zapewnia, \u017ce si\u0142a przy\u0142o\u017cona jest przenoszona bezpo\u015brednio na obci\u0105\u017cenie, co zmniejsza straty energii i zwi\u0119ksza wydajno\u015b\u0107.<\/li>\n<\/ul>\n<\/li>\n<\/ul>\n<p>Spawane po\u0142\u0105czenia s\u0105 mocne i sztywne, minimalizuj\u0105c ugi\u0119cie i zapewniaj\u0105c, \u017ce cylinder zachowuje sw\u00f3j kszta\u0142t i integralno\u015b\u0107 strukturaln\u0105 nawet w ekstremalnych warunkach. Ta cecha sprawia, \u017ce spawane cylindry typu tee s\u0105 idealne do zastosowa\u0144 wymagaj\u0105cych wysokiej wydajno\u015bci i niezawodno\u015bci.<\/p>\n<p><img loading=\"lazy\" decoding=\"async\" class=\"size-full wp-image-977 aligncenter\" src=\"https:\/\/fmp-components.com\/wp-content\/uploads\/2024\/12\/Welded-Tee-Type-Cylinder3.webp\" alt=\"Spawany cylinder typu tr\u00f3jnik\" width=\"653\" height=\"600\" title=\"\" srcset=\"https:\/\/fmp-components.com\/wp-content\/uploads\/2024\/12\/Welded-Tee-Type-Cylinder3.webp 653w, https:\/\/fmp-components.com\/wp-content\/uploads\/2024\/12\/Welded-Tee-Type-Cylinder3-480x441.webp 480w\" sizes=\"(min-width: 0px) and (max-width: 480px) 480px, (min-width: 481px) 653px, 100vw\" \/><\/p>\n<h2>Zastosowanie cylindra spawanego typu tr\u00f3jnikowego<\/h2>\n<ol>\n<li>\n<h3>Przemys\u0142 motoryzacyjny<\/h3>\n<p>Spawane si\u0142owniki typu teowego s\u0105 szeroko stosowane w przemy\u015ble motoryzacyjnym. Znajduj\u0105 zastosowanie w drzwiach samochodowych, podno\u015bnikach maski i baga\u017cnika, dachach kabriolet\u00f3w oraz uk\u0142adach wspomagania kierownicy. Si\u0142owniki te s\u0105 preferowane ze wzgl\u0119du na mo\u017cliwo\u015b\u0107 zapewnienia du\u017cej si\u0142y wyj\u015bciowej przy niewielkich wymaganiach przestrzennych. Konstrukcja si\u0142ownika typu teowego doskonale nadaje si\u0119 do zastosowa\u0144, w kt\u00f3rych si\u0142a musi by\u0107 przenoszona w dw\u00f3ch r\u00f3\u017cnych kierunkach.<\/p>\n<p>Co wi\u0119cej, spawana konstrukcja tych cylindr\u00f3w pozwala im pracowa\u0107 w wysokich temperaturach i ci\u015bnieniach bez ryzyka wyciek\u00f3w. Dzi\u0119ki temu nadaj\u0105 si\u0119 one do stosowania w silnikach, skrzyniach bieg\u00f3w i uk\u0142adach hamulcowych.<\/li>\n<li>\n<h3>Przemys\u0142 wytw\u00f3rczy<\/h3>\n<p>Cylindry spawane typu teowego s\u0105 r\u00f3wnie\u017c stosowane w przemy\u015ble wytw\u00f3rczym. Znajduj\u0105 zastosowanie w prasach hydraulicznych, ku\u017aniach i maszynach do ci\u0119cia metalu. Wysoka si\u0142a wyj\u015bciowa tych cylindr\u00f3w sprawia, \u017ce \u200b\u200bidealnie nadaj\u0105 si\u0119 do zastosowa\u0144 wymagaj\u0105cych du\u017cej si\u0142y w ma\u0142ej przestrzeni.<\/p>\n<p>Konstrukcja si\u0142ownika typu teowego doskonale nadaje si\u0119 r\u00f3wnie\u017c do zastosowa\u0144, w kt\u00f3rych si\u0142a musi by\u0107 przenoszona w dw\u00f3ch r\u00f3\u017cnych kierunkach. Na przyk\u0142ad, w prasie hydraulicznej si\u0142ownik typu teowego mo\u017ce by\u0107 u\u017cywany do wywierania si\u0142y zar\u00f3wno w pionie, jak i w poziomie, co umo\u017cliwia bardziej z\u0142o\u017cone procesy produkcyjne.<\/li>\n<li>\n<h3>Przemys\u0142 lotniczy i kosmiczny<\/h3>\n<p>Cylindry spawane typu tr\u00f3jnikowego s\u0105 wykorzystywane w przemy\u015ble lotniczym do r\u00f3\u017cnych zastosowa\u0144, m.in. w systemach podwozi samolot\u00f3w, drzwiach \u0142adunkowych i systemach sterowania lotem. Wysoka si\u0142a wyj\u015bciowa i kompaktowa konstrukcja tych cylindr\u00f3w sprawiaj\u0105, \u017ce idealnie nadaj\u0105 si\u0119 do stosowania w ograniczonej przestrzeni samolotu.<\/p>\n<p>Spawana konstrukcja tych cylindr\u00f3w sprawia, \u017ce \u200b\u200bs\u0105 one odporne na wysokie ci\u015bnienia i temperatury wyst\u0119puj\u0105ce podczas lotu. Dodatkowo, konstrukcja cylindra typu tr\u00f3jnikowego umo\u017cliwia przenoszenie si\u0142y w dw\u00f3ch r\u00f3\u017cnych kierunkach, dzi\u0119ki czemu doskonale nadaje si\u0119 do zastosowa\u0144, w kt\u00f3rych si\u0142a musi by\u0107 przy\u0142o\u017cona pod k\u0105tem.<\/li>\n<li>\n<h3>Bran\u017ca budowlana<\/h3>\n<p>Cylindry spawane typu T s\u0105 stosowane w przemy\u015ble budowlanym do podnoszenia i przenoszenia du\u017cych ci\u0119\u017car\u00f3w. Znajduj\u0105 zastosowanie w d\u017awigach, koparkach i koparko-\u0142adowarkach. Wysoka si\u0142a wyj\u015bciowa i kompaktowa konstrukcja tych cylindr\u00f3w sprawiaj\u0105, \u017ce idealnie nadaj\u0105 si\u0119 do stosowania w ograniczonej przestrzeni na placu budowy.<\/p>\n<p>Konstrukcja cylindra typu teowego pozwala na przenoszenie si\u0142y w dw\u00f3ch r\u00f3\u017cnych kierunkach, dzi\u0119ki czemu doskonale nadaje si\u0119 do zastosowa\u0144 wymagaj\u0105cych przy\u0142o\u017cenia si\u0142y pod k\u0105tem. Dodatkowo, spawana konstrukcja tych cylindr\u00f3w pozwala im pracowa\u0107 w wysokich ci\u015bnieniach i temperaturach bez \u017cadnych wyciek\u00f3w, dzi\u0119ki czemu nadaj\u0105 si\u0119 do stosowania w trudnych warunkach zewn\u0119trznych.<\/li>\n<\/ol>\n<h3>O FMP<\/h3>\n<p>FMP to uznana firma z ponad 30-letnim do\u015bwiadczeniem w produkcji i sprzeda\u017cy r\u00f3\u017cnego rodzaju cylindr\u00f3w hydraulicznych. Nasz zak\u0142ad przemys\u0142owy znajduje si\u0119 we W\u0142oszech, a my szczycimy si\u0119 naszym najnowocze\u015bniejszym zak\u0142adem wyposa\u017conym w ponad 100 zaawansowanych urz\u0105dze\u0144, w tym automatyczne spawarki w os\u0142onie gaz\u00f3w ochronnych, maszyny do g\u0142\u0119bokiego wiercenia, tokarki CNC, szlifierki do wa\u0142k\u00f3w, automatyczne maszyny czyszcz\u0105ce, automatyczne maszyny monta\u017cowe, automatyczne stanowiska do testowania wydajno\u015bci cylindr\u00f3w hydraulicznych oraz automatyczne linie lakiernicze.<\/p>\n<p><img decoding=\"async\" src=\"https:\/\/fmp-components.com\/wp-content\/uploads\/2024\/12\/fmp-factory-4.webp\" alt=\"Fabryka FMP\" width=\"800\" title=\"\"><\/p>\n<p>W FMP priorytetowo traktujemy jako\u015b\u0107 i niezawodno\u015b\u0107 naszych produkt\u00f3w. Ka\u017cdy cylinder hydrauliczny przechodzi rygorystyczn\u0105 obr\u00f3bk\u0119 i kontrol\u0119, aby zapewni\u0107 naszym klientom najwy\u017csz\u0105 jako\u015b\u0107.<\/p>\n<p>Oto najwa\u017cniejsze zalety i cechy naszych produkt\u00f3w i firmy:<\/p>\n<ol>\n<li>Us\u0142ugi projektowe: Nasz do\u015bwiadczony zesp\u00f3\u0142 projektowy specjalizuje si\u0119 w projektowaniu i rozwoju wa\u0142\u00f3w nap\u0119dowych. Niezale\u017cnie od tego, czy masz specyficzne wymagania dotycz\u0105ce nowych produkt\u00f3w, czy chcesz udoskonali\u0107 nasze produkty, jeste\u015bmy do Twojej dyspozycji.<\/li>\n<li>Serwis Produktowy: Nasz kompleksowy serwis produktowy obejmuje usprawniony proces, od surowc\u00f3w po transport. Zajmujemy si\u0119 wszystkim, od ci\u0119cia i obr\u00f3bki wst\u0119pnej, przez testowanie, czyszczenie, monta\u017c, pakowanie, po transport, zapewniaj\u0105c naszym klientom bezproblemow\u0105 obs\u0142ug\u0119.<\/li>\n<li>Proces pr\u00f3bkowania: Oferujemy opracowanie pr\u00f3bek zgodnie z Pa\u0144stwa wymaganiami. Nasz zesp\u00f3\u0142 stale modyfikuje pr\u00f3bki, aby spe\u0142ni\u0107 Pa\u0144stwa specyficzne potrzeby, gwarantuj\u0105c satysfakcj\u0119 klienta.<\/li>\n<li>Badania i rozw\u00f3j: Utrzymujemy si\u0119 w czo\u0142\u00f3wce rynku, badaj\u0105c nowe potrzeby rynkowe i opracowuj\u0105c nowe modele przy ka\u017cdym wprowadzeniu nowych samochod\u00f3w. To zaanga\u017cowanie w badania i rozw\u00f3j pozwala nam oferowa\u0107 naszym klientom innowacyjne rozwi\u0105zania.<\/li>\n<li>Personalizacja: Opr\u00f3cz naszej standardowej oferty si\u0142ownik\u00f3w hydraulicznych, akceptujemy r\u00f3wnie\u017c pro\u015bby o dostosowanie do indywidualnych potrzeb. Nasz zesp\u00f3\u0142 mo\u017ce \u015bci\u015ble wsp\u00f3\u0142pracowa\u0107 z Pa\u0144stwem, aby opracowa\u0107 rozwi\u0105zania szyte na miar\u0119, idealnie dopasowane do Pa\u0144stwa indywidualnych potrzeb.<\/li>\n<\/ol>\n<p>Wybierz FMP, je\u015bli szukasz niezawodnych i wysokiej jako\u015bci cylindr\u00f3w hydraulicznych. Wsp\u00f3\u0142pracuj z nami i przekonaj si\u0119 o naszym zaanga\u017cowaniu w d\u0105\u017cenie do doskona\u0142o\u015bci. Skontaktuj si\u0119 z nami ju\u017c dzi\u015b, aby om\u00f3wi\u0107 swoje potrzeby w zakresie cylindr\u00f3w hydraulicznych i dowiedzie\u0107 si\u0119, jak mo\u017cemy Ci pom\u00f3c.<\/p>\n<p>Autor:CX<\/p>","protected":false},"excerpt":{"rendered":"<p>The 10001 Selected Products Double Acting Hydraulic Cylinder is engineered for agricultural machinery, providing reliable performance and durability. Designed to meet American standards, this hydraulic cylinder features an end plug hole for enhanced versatility in various applications. Key Features: Double Acting Mechanism: This hydraulic cylinder operates in both extension and retraction, ensuring efficient and controlled [&hellip;]<\/p>","protected":false},"featured_media":1132,"comment_status":"closed","ping_status":"closed","template":"","meta":{"_et_pb_use_builder":"","_et_pb_old_content":"","_et_gb_content_width":""},"product_brand":[],"product_cat":[31],"product_tag":[34,35],"class_list":{"0":"post-919","1":"product","2":"type-product","3":"status-publish","4":"has-post-thumbnail","6":"product_cat-welded-tee-type-cylinder","7":"product_tag-hydraulic-cylinder","8":"product_tag-welded-tee-type-cylinder","10":"first","11":"instock","12":"product-type-simple"},"_links":{"self":[{"href":"https:\/\/fmp-components.com\/pl\/wp-json\/wp\/v2\/product\/919","targetHints":{"allow":["GET"]}}],"collection":[{"href":"https:\/\/fmp-components.com\/pl\/wp-json\/wp\/v2\/product"}],"about":[{"href":"https:\/\/fmp-components.com\/pl\/wp-json\/wp\/v2\/types\/product"}],"replies":[{"embeddable":true,"href":"https:\/\/fmp-components.com\/pl\/wp-json\/wp\/v2\/comments?post=919"}],"wp:featuredmedia":[{"embeddable":true,"href":"https:\/\/fmp-components.com\/pl\/wp-json\/wp\/v2\/media\/1132"}],"wp:attachment":[{"href":"https:\/\/fmp-components.com\/pl\/wp-json\/wp\/v2\/media?parent=919"}],"wp:term":[{"taxonomy":"product_brand","embeddable":true,"href":"https:\/\/fmp-components.com\/pl\/wp-json\/wp\/v2\/product_brand?post=919"},{"taxonomy":"product_cat","embeddable":true,"href":"https:\/\/fmp-components.com\/pl\/wp-json\/wp\/v2\/product_cat?post=919"},{"taxonomy":"product_tag","embeddable":true,"href":"https:\/\/fmp-components.com\/pl\/wp-json\/wp\/v2\/product_tag?post=919"}],"curies":[{"name":"wp","href":"https:\/\/api.w.org\/{rel}","templated":true}]}}