{"id":866,"date":"2024-12-19T00:54:04","date_gmt":"2024-12-19T00:54:04","guid":{"rendered":"https:\/\/fmp-components.com\/?page_id=8"},"modified":"2024-12-19T02:46:26","modified_gmt":"2024-12-19T02:46:26","slug":"hydraulic-cylinder-for-shield-machine","status":"publish","type":"product","link":"https:\/\/fmp-components.com\/pl\/product\/hydraulic-cylinder-for-shield-machine\/","title":{"rendered":"Si\u0142ownik hydrauliczny do maszyny tarczowej"},"content":{"rendered":"<p style=\"text-align: center;\"><span style=\"font-size: 18pt;\">Si\u0142ownik hydrauliczny do maszyny tarczowej<\/span><\/p>\n<p>Si\u0142ownik hydrauliczny do maszyn z os\u0142on\u0105 to niezb\u0119dny element zaprojektowany specjalnie do zastosowa\u0144 w dr\u0105\u017ceniu tuneli. Zaprojektowane z my\u015bl\u0105 o zapewnieniu wysokiej wydajno\u015bci nacisku i podparcia, si\u0142owniki te odgrywaj\u0105 kluczow\u0105 rol\u0119 w wydajnej pracy maszyn z os\u0142on\u0105 stosowanych w wykopach podziemnych.<\/p>\n<p><img loading=\"lazy\" decoding=\"async\" class=\"alignnone size-full wp-image-870\" src=\"https:\/\/fmp-components.com\/wp-content\/uploads\/2024\/12\/Shield-Machine-Thrust-Cylinder-2.webp\" alt=\"Tarcza-Maszyna-Cylinder Naporu\" width=\"1024\" height=\"559\" title=\"\" srcset=\"https:\/\/fmp-components.com\/wp-content\/uploads\/2024\/12\/Shield-Machine-Thrust-Cylinder-2.webp 1024w, https:\/\/fmp-components.com\/wp-content\/uploads\/2024\/12\/Shield-Machine-Thrust-Cylinder-2-980x535.webp 980w, https:\/\/fmp-components.com\/wp-content\/uploads\/2024\/12\/Shield-Machine-Thrust-Cylinder-2-480x262.webp 480w\" sizes=\"(min-width: 0px) and (max-width: 480px) 480px, (min-width: 481px) and (max-width: 980px) 980px, (min-width: 981px) 1024px, 100vw\" \/><\/p>\n<h4>G\u0142\u00f3wne cechy:<\/h4>\n<ul>\n<li><strong>Odporno\u015b\u0107 na wysokie ci\u015bnienie:<\/strong> Zaprojektowane tak, aby wytrzyma\u0107 ekstremalne ci\u015bnienia, te si\u0142owniki hydrauliczne gwarantuj\u0105 niezawodn\u0105 prac\u0119 nawet w trudnych warunkach geologicznych.<\/li>\n<li><strong>Trwa\u0142a konstrukcja:<\/strong> Wykonane z materia\u0142\u00f3w o wysokiej wytrzyma\u0142o\u015bci, s\u0105 zaprojektowane tak, aby wytrzyma\u0107 trudne warunki otoczenia, zapewniaj\u0105c d\u0142ugowieczno\u015b\u0107 i redukuj\u0105c potrzeby konserwacyjne.<\/li>\n<li><strong>Precyzyjny ruch:<\/strong> Si\u0142owniki hydrauliczne umo\u017cliwiaj\u0105 precyzyjne i kontrolowane ruchy os\u0142ony, co pozwala na efektywne dr\u0105\u017cenie tuneli i ich wyr\u00f3wnywanie w otworze.<\/li>\n<li><strong>Stabilno\u015b\u0107 i wsparcie:<\/strong> W znacznym stopniu przyczyniaj\u0105 si\u0119 do og\u00f3lnej stabilno\u015bci tarczy, umo\u017cliwiaj\u0105c jej poruszanie si\u0119 po r\u00f3\u017cnych rodzajach gruntu i zachowanie integralno\u015bci operacyjnej.<\/li>\n<li><strong>Wszechstronne zastosowania:<\/strong> Te cylindry nadaj\u0105 si\u0119 do r\u00f3\u017cnych projekt\u00f3w dr\u0105\u017cenia tuneli i s\u0105 idealne do budowy metra, system\u00f3w kanalizacyjnych i innej infrastruktury podziemnej.<\/li>\n<\/ul>\n<p>Si\u0142ownik hydrauliczny do maszyn os\u0142onowych to niezb\u0119dny element nowoczesnej technologii dr\u0105\u017cenia tuneli, zapewniaj\u0105cy bezpiecze\u0144stwo, wydajno\u015b\u0107 i efektywno\u015b\u0107 proces\u00f3w wykopowych. Jego solidna konstrukcja i wysoka wydajno\u015b\u0107 sprawiaj\u0105, \u017ce jest on niezb\u0119dnym elementem udanych projekt\u00f3w podziemnych.<\/p>\n<p><img loading=\"lazy\" decoding=\"async\" class=\"alignnone wp-image-868\" src=\"https:\/\/fmp-components.com\/wp-content\/uploads\/2024\/12\/Shield-Machine-Articulated-Cylinder-for-Tunnel-Boring.webp\" alt=\"Cylinder przegubowy Shield Machine do dr\u0105\u017cenia tuneli\" width=\"904\" height=\"303\" title=\"\" srcset=\"https:\/\/fmp-components.com\/wp-content\/uploads\/2024\/12\/Shield-Machine-Articulated-Cylinder-for-Tunnel-Boring.webp 904w, https:\/\/fmp-components.com\/wp-content\/uploads\/2024\/12\/Shield-Machine-Articulated-Cylinder-for-Tunnel-Boring-480x161.webp 480w\" sizes=\"(min-width: 0px) and (max-width: 480px) 480px, (min-width: 481px) 904px, 100vw\" \/><\/p>\n<h2>Cylinder oporowy maszyny tarczowej<\/h2>\n<p><img loading=\"lazy\" decoding=\"async\" class=\"size-full wp-image-878 aligncenter\" src=\"https:\/\/fmp-components.com\/wp-content\/uploads\/2024\/12\/Shield-Machine-Thrust-Cylinder-for-Tunnel-Boring.webp\" alt=\"Si\u0142ownik oporowy maszyny os\u0142onowej do dr\u0105\u017cenia tuneli\" width=\"500\" height=\"200\" title=\"\" srcset=\"https:\/\/fmp-components.com\/wp-content\/uploads\/2024\/12\/Shield-Machine-Thrust-Cylinder-for-Tunnel-Boring.webp 500w, https:\/\/fmp-components.com\/wp-content\/uploads\/2024\/12\/Shield-Machine-Thrust-Cylinder-for-Tunnel-Boring-480x192.webp 480w\" sizes=\"(min-width: 0px) and (max-width: 480px) 480px, (min-width: 481px) 500px, 100vw\" \/><\/p>\n<table style=\"width: 97.095%; height: 210px;\" border=\"1\" cellspacing=\"0\" cellpadding=\"0\">\n<tbody>\n<tr>\n<td>Nazwa produktu<\/td>\n<td>Cylinder oporowy maszyny tarczowej<\/td>\n<\/tr>\n<tr>\n<td>Cechy:<\/td>\n<td>Przesu\u0144 maszyn\u0119 tarczow\u0105 do przodu<\/td>\n<\/tr>\n<tr>\n<td>\u015arednica otworu:<\/td>\n<td>140 mm\uff5e550 mm<\/td>\n<\/tr>\n<tr>\n<td>\u015arednica pr\u0119ta:<\/td>\n<td>120 mm\uff5e420 mm<br \/>\nSkok: 900 mm\uff5e4100 mm<\/td>\n<\/tr>\n<tr>\n<td>Ci\u015bnienie:<\/td>\n<td>do 35Mpa<br \/>\nWymagania specjalne mog\u0105 si\u0119ga\u0107 nawet 45Mpa<\/td>\n<\/tr>\n<tr>\n<td>Zastosowania:<\/td>\n<td>Maszyna tarczowa, maszyny do dr\u0105\u017cenia tuneli<\/td>\n<\/tr>\n<\/tbody>\n<\/table>\n<h2><img loading=\"lazy\" decoding=\"async\" class=\"alignnone wp-image-872\" src=\"https:\/\/fmp-components.com\/wp-content\/uploads\/2024\/12\/Shield-Machine-Thrust-Cylinder.webp\" alt=\"Tarcza-Maszyna-Cylinder Naporu\" width=\"901\" height=\"513\" title=\"\">Cylinder przegubowy maszyny tarczowej<\/h2>\n<p><img loading=\"lazy\" decoding=\"async\" class=\"size-full wp-image-875 aligncenter\" src=\"https:\/\/fmp-components.com\/wp-content\/uploads\/2024\/12\/Shield-Machine-Articulated-Cylinder-for-Tunnel-Boring-1.webp\" alt=\"Cylinder przegubowy Shield Machine do dr\u0105\u017cenia tuneli\" width=\"500\" height=\"200\" title=\"\" srcset=\"https:\/\/fmp-components.com\/wp-content\/uploads\/2024\/12\/Shield-Machine-Articulated-Cylinder-for-Tunnel-Boring-1.webp 500w, https:\/\/fmp-components.com\/wp-content\/uploads\/2024\/12\/Shield-Machine-Articulated-Cylinder-for-Tunnel-Boring-1-480x192.webp 480w\" sizes=\"(min-width: 0px) and (max-width: 480px) 480px, (min-width: 481px) 500px, 100vw\" \/><\/p>\n<table style=\"width: 97.2566%; height: 209px;\" border=\"1\" cellspacing=\"0\" cellpadding=\"0\">\n<tbody>\n<tr>\n<td>Nazwa produktu<\/td>\n<td>Cylinder przegubowy maszyny tarczowej<\/td>\n<\/tr>\n<tr>\n<td>Cechy:<\/td>\n<td>Aktywna artykulacja: sterowanie g\u0142owic\u0105 tn\u0105c\u0105\/skoordynowana wymiana narz\u0119dzi<br \/>\nPasywna artykulacja: przeci\u0105gnij ogon tarczy do przodu<\/td>\n<\/tr>\n<tr>\n<td>\u015arednica otworu:<\/td>\n<td>125 mm\uff5e550 mm<\/td>\n<\/tr>\n<tr>\n<td>\u015arednica pr\u0119ta:<\/td>\n<td>\u00a070 mm\uff5e370 mm<br \/>\nSkok 140 mm \uff5e 1200 mm<\/td>\n<\/tr>\n<tr>\n<td>Ci\u015bnienie:<\/td>\n<td>Do 35 MPa<\/td>\n<\/tr>\n<tr>\n<td>Zastosowania:<\/td>\n<td>Maszyna tarczowa, maszyny do dr\u0105\u017cenia tuneli<\/td>\n<\/tr>\n<\/tbody>\n<\/table>\n<p><img loading=\"lazy\" decoding=\"async\" class=\"alignnone wp-image-882\" src=\"https:\/\/fmp-components.com\/wp-content\/uploads\/2024\/12\/Shield-Machine-Articulated-Cylinder-1.webp\" alt=\"Tarcza-Maszyna-Przegubowy-Cylinder\" width=\"901\" height=\"501\" title=\"\" srcset=\"https:\/\/fmp-components.com\/wp-content\/uploads\/2024\/12\/Shield-Machine-Articulated-Cylinder-1.webp 901w, https:\/\/fmp-components.com\/wp-content\/uploads\/2024\/12\/Shield-Machine-Articulated-Cylinder-1-480x267.webp 480w\" sizes=\"(min-width: 0px) and (max-width: 480px) 480px, (min-width: 481px) 901px, 100vw\" \/><\/p>\n<h2>Si\u0142ownik podnosz\u0105cy zespo\u0142u tarczy maszyny<\/h2>\n<p><img loading=\"lazy\" decoding=\"async\" class=\"size-full wp-image-876 aligncenter\" src=\"https:\/\/fmp-components.com\/wp-content\/uploads\/2024\/12\/Shield-Machine-Assembly-Lifting-Cylinder-for-Tunnel-Boring.webp\" alt=\"Si\u0142ownik podnosz\u0105cy zespo\u0142u tarczy do dr\u0105\u017cenia tuneli\" width=\"500\" height=\"200\" title=\"\" srcset=\"https:\/\/fmp-components.com\/wp-content\/uploads\/2024\/12\/Shield-Machine-Assembly-Lifting-Cylinder-for-Tunnel-Boring.webp 500w, https:\/\/fmp-components.com\/wp-content\/uploads\/2024\/12\/Shield-Machine-Assembly-Lifting-Cylinder-for-Tunnel-Boring-480x192.webp 480w\" sizes=\"(min-width: 0px) and (max-width: 480px) 480px, (min-width: 481px) 500px, 100vw\" \/><\/p>\n<table style=\"width: 97.9899%; height: 171px;\" border=\"1\" cellspacing=\"0\" cellpadding=\"0\">\n<tbody>\n<tr>\n<td>Nazwa produktu<\/td>\n<td>Si\u0142ownik podnosz\u0105cy zespo\u0142u tarczy maszyny<\/td>\n<\/tr>\n<tr>\n<td>Cechy:<\/td>\n<td>Przenie\u015b segmenty do wyznaczonego miejsca i zmontuj je w pier\u015bcie\u0144<\/td>\n<\/tr>\n<tr>\n<td>Specyfikacja:<\/td>\n<td>Struktura zazwyczaj dwupoziomowa<br \/>\nSi\u0142\u0119 ci\u0105gu i ci\u0105gu zapewnia wewn\u0119trzny ma\u0142y cylinder olejowy<br \/>\nMa\u0142y t\u0142oczysko sta\u0142e<br \/>\nDu\u017ce t\u0142oczyska mog\u0105 wytrzyma\u0107 du\u017ce si\u0142y boczne podczas teleskopowania<\/td>\n<\/tr>\n<tr>\n<td>Zastosowania:<\/td>\n<td>Maszyna tarczowa, maszyny do dr\u0105\u017cenia tuneli<\/td>\n<\/tr>\n<\/tbody>\n<\/table>\n<h2><img loading=\"lazy\" decoding=\"async\" class=\"alignnone wp-image-881\" src=\"https:\/\/fmp-components.com\/wp-content\/uploads\/2024\/12\/Shield-Machine-Assembly-Lifting-Cylinder-1.webp\" alt=\"Os\u0142ona-Maszyna-Zesp\u00f3\u0142-Cylinder-Podnosz\u0105cy\" width=\"896\" height=\"637\" title=\"\" srcset=\"https:\/\/fmp-components.com\/wp-content\/uploads\/2024\/12\/Shield-Machine-Assembly-Lifting-Cylinder-1.webp 896w, https:\/\/fmp-components.com\/wp-content\/uploads\/2024\/12\/Shield-Machine-Assembly-Lifting-Cylinder-1-480x341.webp 480w\" sizes=\"(min-width: 0px) and (max-width: 480px) 480px, (min-width: 481px) 896px, 100vw\" \/>Cylinder przeciwmomentowy Shield Machine<\/h2>\n<p><img loading=\"lazy\" decoding=\"async\" class=\"size-full wp-image-874 aligncenter\" src=\"https:\/\/fmp-components.com\/wp-content\/uploads\/2024\/12\/Shield-Machine-Anti-torque-Cylinder-for-Tunnel-Boring-1.webp\" alt=\"Si\u0142ownik przeciwmomentowy Shield Machine do wiercenia tuneli\" width=\"500\" height=\"200\" title=\"\" srcset=\"https:\/\/fmp-components.com\/wp-content\/uploads\/2024\/12\/Shield-Machine-Anti-torque-Cylinder-for-Tunnel-Boring-1.webp 500w, https:\/\/fmp-components.com\/wp-content\/uploads\/2024\/12\/Shield-Machine-Anti-torque-Cylinder-for-Tunnel-Boring-1-480x192.webp 480w\" sizes=\"(min-width: 0px) and (max-width: 480px) 480px, (min-width: 481px) 500px, 100vw\" \/><\/p>\n<table style=\"width: 97.4236%; height: 200px;\" border=\"1\" cellspacing=\"0\" cellpadding=\"0\">\n<tbody>\n<tr>\n<td>Nazwa produktu<\/td>\n<td>Cylinder przeciwmomentowy Shield Machine<\/td>\n<\/tr>\n<tr>\n<td>Cechy:<\/td>\n<td>Przenosi moment obrotowy podczas obrotu g\u0142owicy tn\u0105cej<\/td>\n<\/tr>\n<tr>\n<td>\u015arednica otworu:<\/td>\n<td>330 mm\uff5e570 mm<\/td>\n<\/tr>\n<tr>\n<td>\u015arednica pr\u0119ta:<\/td>\n<td>260 mm\uff5e530 mm<br \/>\nSkok 120 mm \uff5e 160 mm<\/td>\n<\/tr>\n<tr>\n<td>Ci\u015bnienie:<\/td>\n<td>Og\u00f3lnie do 35Mpa<br \/>\nMaksymalnie do 42 MPa<\/td>\n<\/tr>\n<tr>\n<td>Zastosowania:<\/td>\n<td>Maszyna tarczowa, maszyny do dr\u0105\u017cenia tuneli<\/td>\n<\/tr>\n<\/tbody>\n<\/table>\n<p><img loading=\"lazy\" decoding=\"async\" class=\"alignnone wp-image-880\" src=\"https:\/\/fmp-components.com\/wp-content\/uploads\/2024\/12\/Shield-Machine-Anti-torque-Cylinder-1.webp\" alt=\"Tarcza-Maszyna-Antymoment-Cylinder\" width=\"906\" height=\"453\" title=\"\"><\/p>\n<h2>Cylinder kruszarki maszyny tarczowej<\/h2>\n<p><img loading=\"lazy\" decoding=\"async\" class=\"size-full wp-image-877 aligncenter\" src=\"https:\/\/fmp-components.com\/wp-content\/uploads\/2024\/12\/Shield-Machine-Crusher-Cylinder-for-Tunnel-Boring.webp\" alt=\"Cylinder kruszarki tarczowej do wiercenia tuneli\" width=\"500\" height=\"200\" title=\"\" srcset=\"https:\/\/fmp-components.com\/wp-content\/uploads\/2024\/12\/Shield-Machine-Crusher-Cylinder-for-Tunnel-Boring.webp 500w, https:\/\/fmp-components.com\/wp-content\/uploads\/2024\/12\/Shield-Machine-Crusher-Cylinder-for-Tunnel-Boring-480x192.webp 480w\" sizes=\"(min-width: 0px) and (max-width: 480px) 480px, (min-width: 481px) 500px, 100vw\" \/><\/p>\n<table style=\"width: 97.4971%; height: 117px;\" border=\"1\" cellspacing=\"0\" cellpadding=\"0\">\n<tbody>\n<tr style=\"height: 23px;\">\n<td style=\"height: 23px;\">Nazwa produktu<\/td>\n<td style=\"height: 23px;\">Cylinder kruszarki maszyny tarczowej<\/td>\n<\/tr>\n<tr style=\"height: 23px;\">\n<td style=\"height: 23px;\">Cechy:<\/td>\n<td style=\"height: 23px;\">Zaci\u015bnij szczypce krusz\u0105ce, aby mie\u0107 pewno\u015b\u0107, \u017ce du\u017ce kawa\u0142ki \u017cwiru zostan\u0105 rozdrobnione przed ich dostaniem si\u0119 do portu wy\u0142adowczego.<\/td>\n<\/tr>\n<tr style=\"height: 23px;\">\n<td style=\"height: 23px;\">\n<div class=\"txtboxL\">Specyfikacja:<\/div>\n<\/td>\n<td style=\"height: 23px;\">R\u00f3\u017cne specyfikacje cylindr\u00f3w krusz\u0105cych mog\u0105 by\u0107 zaprojektowane i wyprodukowane zgodnie z wymaganiami klienta<\/td>\n<\/tr>\n<tr style=\"height: 23px;\">\n<td style=\"height: 23px;\">Zastosowania:<\/td>\n<td style=\"height: 23px;\">Maszyna tarczowa, maszyny do dr\u0105\u017cenia tuneli<\/td>\n<\/tr>\n<\/tbody>\n<\/table>\n<p><img loading=\"lazy\" decoding=\"async\" class=\"alignnone wp-image-869\" src=\"https:\/\/fmp-components.com\/wp-content\/uploads\/2024\/12\/Shield-Machine-Crusher-Cylinder-for-Tunnel-Boring2.webp\" alt=\"Cylinder kruszarki tarczowej do dr\u0105\u017cenia tuneli 2\" width=\"907\" height=\"324\" title=\"\" srcset=\"https:\/\/fmp-components.com\/wp-content\/uploads\/2024\/12\/Shield-Machine-Crusher-Cylinder-for-Tunnel-Boring2.webp 907w, https:\/\/fmp-components.com\/wp-content\/uploads\/2024\/12\/Shield-Machine-Crusher-Cylinder-for-Tunnel-Boring2-480x171.webp 480w\" sizes=\"(min-width: 0px) and (max-width: 480px) 480px, (min-width: 481px) 907px, 100vw\" \/><\/p>\n<h3>Zalety cylindra hydraulicznego Shield Machine<\/h3>\n<ol>\n<li><strong>Wysoka wydajno\u015b\u0107:<\/strong><br \/>\nSi\u0142owniki hydrauliczne maszyn Shield zosta\u0142y zaprojektowane tak, aby generowa\u0107 du\u017c\u0105 si\u0142\u0119 ci\u0105gu, co znacz\u0105co zwi\u0119ksza szybko\u015b\u0107 i wydajno\u015b\u0107 prac tunelowych. Dzi\u0119ki temu zespo\u0142y budowlane mog\u0105 szybciej realizowa\u0107 projekty, skracaj\u0105c tym samym og\u00f3lny czas ich realizacji. Dzi\u0119ki szybszemu tempu prac ziemnych wykonawcy mog\u0105 skuteczniej dotrzymywa\u0107 termin\u00f3w, co przek\u0142ada si\u0119 na wzrost produktywno\u015bci i oszcz\u0119dno\u015bci koszt\u00f3w.<\/li>\n<li><strong>Solidna trwa\u0142o\u015b\u0107:<\/strong><br \/>\nTe si\u0142owniki hydrauliczne s\u0105 wykonane z materia\u0142\u00f3w o wysokiej wytrzyma\u0142o\u015bci, zaprojektowanych specjalnie z my\u015bl\u0105 o odporno\u015bci na trudne warunki \u015brodowiskowe i ekstremalne ci\u015bnienia wyst\u0119puj\u0105ce podczas dr\u0105\u017cenia tuneli. Ich solidna trwa\u0142o\u015b\u0107 gwarantuje d\u0142ugotrwa\u0142\u0105 niezawodno\u015b\u0107, minimalizuj\u0105c ryzyko awarii, kt\u00f3re mog\u0142yby prowadzi\u0107 do kosztownych op\u00f3\u017anie\u0144. Ta odporno\u015b\u0107 sprawia, \u017ce \u200b\u200bnadaj\u0105 si\u0119 one do r\u00f3\u017cnych formacji geologicznych, gwarantuj\u0105c sta\u0142\u0105 wydajno\u015b\u0107 przez ca\u0142y cykl \u017cycia projektu.<\/li>\n<li><strong>Precyzyjna kontrola:<\/strong><br \/>\nUk\u0142ad hydrauliczny w si\u0142ownikach maszyny os\u0142onowej umo\u017cliwia niezwykle precyzyjny ruch os\u0142ony, co jest niezb\u0119dne do precyzyjnego dr\u0105\u017cenia i osiowania tunelu. Ta precyzja jest kluczowa dla udanego wykopu, poniewa\u017c pozwala operatorom pewnie porusza\u0107 si\u0119 w skomplikowanych warunkach podziemnych. Mo\u017cliwo\u015b\u0107 precyzyjnego sterowania ruchami minimalizuje ryzyko niewsp\u00f3\u0142osiowo\u015bci i gwarantuje, \u017ce tunel spe\u0142nia okre\u015blone parametry projektowe.<\/li>\n<li><strong>Zwi\u0119kszona stabilno\u015b\u0107:<\/strong><br \/>\nCylindry te odgrywaj\u0105 kluczow\u0105 rol\u0119 w utrzymaniu stabilno\u015bci maszyny os\u0142onowej podczas pracy. Zapewniaj\u0105c sta\u0142e wsparcie, pozwalaj\u0105 maszynie porusza\u0107 si\u0119 w zr\u00f3\u017cnicowanych warunkach geologicznych bez nara\u017cania bezpiecze\u0144stwa. Stabilno\u015b\u0107 ta jest niezb\u0119dna do zapobiegania wypadkom i zapewnienia bezpiecze\u0144stwa zar\u00f3wno pracownikom, jak i samej maszynie, szczeg\u00f3lnie w nieprzewidywalnych warunkach.<\/li>\n<li><strong>Zredukowana konserwacja:<\/strong><br \/>\nTrwa\u0142a konstrukcja si\u0142ownik\u00f3w hydraulicznych maszyn tarczowych minimalizuje zu\u017cycie, co przek\u0142ada si\u0119 na ni\u017csze koszty konserwacji i kr\u00f3tszy czas przestoj\u00f3w. Si\u0142owniki te, wymagaj\u0105c mniejszej liczby napraw i wymian, przyczyniaj\u0105 si\u0119 do og\u00f3lnej efektywno\u015bci projektu. To ograniczenie nak\u0142ad\u00f3w na konserwacj\u0119 nie tylko oszcz\u0119dza pieni\u0105dze, ale tak\u017ce pozwala na bardziej ci\u0105g\u0142\u0105 prac\u0119, zwi\u0119kszaj\u0105c produktywno\u015b\u0107 na miejscu.<\/li>\n<li><strong>Wszechstronno\u015b\u0107:<\/strong><br \/>\nSi\u0142owniki hydrauliczne Shield Machine nadaj\u0105 si\u0119 do szerokiego zakresu zastosowa\u0144, w tym do metra, system\u00f3w kanalizacyjnych i innych rodzaj\u00f3w infrastruktury podziemnej. Ich wszechstronno\u015b\u0107 sprawia, \u017ce \u200b\u200bs\u0105 idealnym wyborem do r\u00f3\u017cnorodnych potrzeb zwi\u0105zanych z dr\u0105\u017ceniem tuneli, umo\u017cliwiaj\u0105c wykonawcom korzystanie z tego samego sprz\u0119tu w r\u00f3\u017cnych projektach. Ta wszechstronno\u015b\u0107 upraszcza logistyk\u0119 i zmniejsza zapotrzebowanie na wiele specjalistycznych narz\u0119dzi.<\/li>\n<li><strong>Funkcje bezpiecze\u0144stwa:<\/strong><br \/>\nWyposa\u017cone w zaawansowane mechanizmy bezpiecze\u0144stwa, te si\u0142owniki hydrauliczne zapobiegaj\u0105 przypadkowemu roz\u0142\u0105czeniu podczas pracy. Ta funkcja gwarantuje bezpieczn\u0105 prac\u0119 nawet podczas wymagaj\u0105cych prac wykopaliskowych, znacznie zwi\u0119kszaj\u0105c bezpiecze\u0144stwo procesu dr\u0105\u017cenia tuneli. Takie \u015brodki bezpiecze\u0144stwa maj\u0105 kluczowe znaczenie dla utrzymania bezpiecznego \u015brodowiska pracy i ochrony zdrowia pracownik\u00f3w.<\/li>\n<li><strong>Moc hydrauliczna:<\/strong><br \/>\nZastosowanie uk\u0142ad\u00f3w hydraulicznych w tych si\u0142ownikach pozwala na generowanie wi\u0119kszej si\u0142y przy zachowaniu kompaktowej konstrukcji. U\u0142atwia to obs\u0142ug\u0119 du\u017cych obci\u0105\u017ce\u0144 i precyzyjne wykonywanie skomplikowanych ruch\u00f3w. Si\u0142a hydrauliczna umo\u017cliwia wydajn\u0105 prac\u0119 maszyn os\u0142onowych, nawet w trudnych warunkach, zwi\u0119kszaj\u0105c tym samym og\u00f3ln\u0105 efektywno\u015b\u0107 prac tunelowych.<\/li>\n<\/ol>\n<p>Wykorzystuj\u0105c te zalety, si\u0142owniki hydrauliczne maszyn os\u0142onowych odgrywaj\u0105 kluczow\u0105 rol\u0119 w sukcesie nowoczesnych projekt\u00f3w dr\u0105\u017cenia tuneli, zapewniaj\u0105c wydajno\u015b\u0107, bezpiecze\u0144stwo i niezawodno\u015b\u0107 w ca\u0142ym procesie dr\u0105\u017cenia. Ich integracja z maszynami dr\u0105\u017c\u0105cymi tunele ma kluczowe znaczenie dla spe\u0142nienia wymaga\u0144 wsp\u00f3\u0142czesnego rozwoju infrastruktury.<\/p>\n<p><img loading=\"lazy\" decoding=\"async\" class=\"alignnone wp-image-879\" src=\"https:\/\/fmp-components.com\/wp-content\/uploads\/2024\/12\/Shield-Machine-Crusher-Cylinder-1.webp\" alt=\"Tarcza-Maszyna-Kruszarka-Cylinder\" width=\"903\" height=\"601\" title=\"\"><\/p>\n<h3>O FMP<\/h3>\n<p>FMP to wyspecjalizowana firma produkcyjna specjalizuj\u0105ca si\u0119 w produkcji si\u0142ownik\u00f3w hydraulicznych. Od momentu powstania firma koncentruje si\u0119 na badaniach i produkcji w dziedzinie technologii hydraulicznych, z powodzeniem przechodz\u0105c od zr\u00f3\u017cnicowanego asortymentu produkt\u00f3w, obejmuj\u0105cego maszyny do zbior\u00f3w i maszyny budowlane, do specjalizacji w produkcji podzespo\u0142\u00f3w do ci\u0105gnik\u00f3w rolniczych. Dzi\u0119ki ponad dziesi\u0119cioletniemu do\u015bwiadczeniu w produkcji i zarz\u0105dzaniu, FMP gwarantuje wysok\u0105 jako\u015b\u0107 produkt\u00f3w dzi\u0119ki zaawansowanym technikom produkcyjnym.<\/p>\n<p>Wraz z rozwojem firmy, rozwin\u0119li\u015bmy kompleksow\u0105 lini\u0119 produkcyjn\u0105 do obr\u00f3bki mechanicznej, lini\u0119 monta\u017cow\u0105 oraz lini\u0119 do powlekania. Nasz zesp\u00f3\u0142 sk\u0142ada si\u0119 z wykwalifikowanej kadry kierowniczej, do\u015bwiadczonych projektant\u00f3w mechanik\u00f3w oraz wysoko wykwalifikowanych technik\u00f3w, kt\u00f3rzy wsp\u00f3lnie dbaj\u0105 o utrzymanie stabilnej jako\u015bci produkcji, jednocze\u015bnie skutecznie kontroluj\u0105c ci\u0105g\u0142o\u015b\u0107 i wydajno\u015b\u0107 procesu.<\/p>\n<p>FMP wyznaje filozofi\u0119 \u201eInnowacje technologiczne nap\u0119dzaj\u0105 post\u0119p, jako\u015b\u0107 tworzy marki, rzemios\u0142o zapewnia jako\u015b\u0107 i buduje d\u0142ugoterminowe relacje korzystne dla obu stron\u201d. Nasze zaanga\u017cowanie w dostarczanie wysokiej jako\u015bci produkt\u00f3w i \u015bwiadczenie najwy\u017cszej jako\u015bci obs\u0142ugi klienta pozostaje naszym kluczowym celem, poniewa\u017c wci\u0105\u017c staramy si\u0119 sprosta\u0107 zmieniaj\u0105cym si\u0119 potrzebom rynku.<\/p>\n<p><img loading=\"lazy\" decoding=\"async\" class=\"alignnone size-full wp-image-426\" src=\"https:\/\/fmp-components.com\/wp-content\/uploads\/2024\/12\/Sanitation-Machinery-Locking-Hydraulic-Cylinder-factory.webp\" sizes=\"(min-width: 0px) and (max-width: 480px) 480px, (min-width: 481px) and (max-width: 980px) 980px, (min-width: 981px) and (max-width: 1280px) 1280px, (min-width: 1281px) 1414px, 100vw\" srcset=\"https:\/\/fmp-components.com\/wp-content\/uploads\/2024\/12\/Sanitation-Machinery-Locking-Hydraulic-Cylinder-factory.webp 1414w, https:\/\/fmp-components.com\/wp-content\/uploads\/2024\/12\/Sanitation-Machinery-Locking-Hydraulic-Cylinder-factory-1280x529.webp 1280w, https:\/\/fmp-components.com\/wp-content\/uploads\/2024\/12\/Sanitation-Machinery-Locking-Hydraulic-Cylinder-factory-980x405.webp 980w, https:\/\/fmp-components.com\/wp-content\/uploads\/2024\/12\/Sanitation-Machinery-Locking-Hydraulic-Cylinder-factory-480x198.webp 480w\" alt=\"Sanitacja-Maszyny-Blokady-Hydrauliczne-Fabryka-Cylinder\u00f3w\" width=\"1414\" height=\"584\" title=\"\"><\/p>\n<p>Autor: CX<\/p>","protected":false},"excerpt":{"rendered":"<p>Si\u0142ownik hydrauliczny do maszyn z os\u0142on\u0105 to kluczowy element zaprojektowany w celu zapewnienia du\u017cej si\u0142y ci\u0105gu i wsparcia podczas dr\u0105\u017cenia tuneli. Si\u0142owniki te s\u0105 zaprojektowane tak, aby wytrzymywa\u0142y wysokie ci\u015bnienia i trudne warunki, gwarantuj\u0105c niezawodn\u0105 prac\u0119 podczas dr\u0105\u017cenia. Dzi\u0119ki solidnej konstrukcji u\u0142atwiaj\u0105 precyzyjne ruchy os\u0142ony, umo\u017cliwiaj\u0105c precyzyjne dr\u0105\u017cenie tuneli i wydajn\u0105 prac\u0119. Si\u0142owniki hydrauliczne odgrywaj\u0105 r\u00f3wnie\u017c kluczow\u0105 rol\u0119 w utrzymaniu stabilno\u015bci maszyny, umo\u017cliwiaj\u0105c jej poruszanie si\u0119 w r\u00f3\u017cnych formacjach geologicznych. Ich trwa\u0142o\u015b\u0107 i wydajno\u015b\u0107 sprawiaj\u0105, \u017ce s\u0105 one niezb\u0119dne w nowoczesnych projektach dr\u0105\u017cenia tuneli, przyczyniaj\u0105c si\u0119 do pomy\u015blnego uko\u0144czenia infrastruktury podziemnej.<\/p>","protected":false},"featured_media":873,"comment_status":"open","ping_status":"closed","template":"","meta":{"_et_pb_use_builder":"","_et_pb_old_content":"","_et_gb_content_width":""},"product_brand":[],"product_cat":[30],"product_tag":[],"class_list":{"0":"post-866","1":"product","2":"type-product","3":"status-publish","4":"has-post-thumbnail","6":"product_cat-tunnel-boring-machine-hydraulic-cylinders","8":"first","9":"instock","10":"shipping-taxable","11":"product-type-simple"},"_links":{"self":[{"href":"https:\/\/fmp-components.com\/pl\/wp-json\/wp\/v2\/product\/866","targetHints":{"allow":["GET"]}}],"collection":[{"href":"https:\/\/fmp-components.com\/pl\/wp-json\/wp\/v2\/product"}],"about":[{"href":"https:\/\/fmp-components.com\/pl\/wp-json\/wp\/v2\/types\/product"}],"replies":[{"embeddable":true,"href":"https:\/\/fmp-components.com\/pl\/wp-json\/wp\/v2\/comments?post=866"}],"wp:featuredmedia":[{"embeddable":true,"href":"https:\/\/fmp-components.com\/pl\/wp-json\/wp\/v2\/media\/873"}],"wp:attachment":[{"href":"https:\/\/fmp-components.com\/pl\/wp-json\/wp\/v2\/media?parent=866"}],"wp:term":[{"taxonomy":"product_brand","embeddable":true,"href":"https:\/\/fmp-components.com\/pl\/wp-json\/wp\/v2\/product_brand?post=866"},{"taxonomy":"product_cat","embeddable":true,"href":"https:\/\/fmp-components.com\/pl\/wp-json\/wp\/v2\/product_cat?post=866"},{"taxonomy":"product_tag","embeddable":true,"href":"https:\/\/fmp-components.com\/pl\/wp-json\/wp\/v2\/product_tag?post=866"}],"curies":[{"name":"wp","href":"https:\/\/api.w.org\/{rel}","templated":true}]}}