{"id":816,"date":"2024-12-18T07:55:12","date_gmt":"2024-12-18T07:55:12","guid":{"rendered":"https:\/\/fmp-components.com\/?page_id=8"},"modified":"2024-12-18T08:06:02","modified_gmt":"2024-12-18T08:06:02","slug":"hydraulic-cylinder-for-wave-tide-power-generation","status":"publish","type":"product","link":"https:\/\/fmp-components.com\/pl\/product\/hydraulic-cylinder-for-wave-tide-power-generation\/","title":{"rendered":"Si\u0142ownik hydrauliczny do wytwarzania energii z fal\/p\u0142yw\u00f3w"},"content":{"rendered":"<p style=\"text-align: center;\"><span style=\"font-size: 18pt;\">Si\u0142ownik hydrauliczny do wytwarzania energii z fal\/p\u0142yw\u00f3w<\/span><\/p>\n<p>Si\u0142ownik hydrauliczny do generowania energii z fal i p\u0142yw\u00f3w to najnowocze\u015bniejsze urz\u0105dzenie zaprojektowane do wykorzystania energii fal oceanicznych i ruch\u00f3w p\u0142ywowych. To innowacyjne rozwi\u0105zanie przekszta\u0142ca energi\u0119 kinetyczn\u0105 w u\u017cyteczn\u0105 energi\u0119, przyczyniaj\u0105c si\u0119 do zr\u00f3wnowa\u017conej produkcji energii.<\/p>\n<h4>G\u0142\u00f3wne cechy:<\/h4>\n<ul>\n<li><strong>Solidna konstrukcja:<\/strong> Nasze si\u0142owniki hydrauliczne zaprojektowano tak, aby wytrzymywa\u0142y trudne warunki morskie, wykonano je z materia\u0142\u00f3w o wysokiej wytrzyma\u0142o\u015bci, odpornych na korozj\u0119 i zu\u017cycie.<\/li>\n<li><strong>Wysoka wydajno\u015b\u0107:<\/strong> Zoptymalizowany pod k\u0105tem maksymalnego wykorzystania energii uk\u0142ad hydrauliczny gwarantuje skuteczn\u0105 konwersj\u0119 energii fal i p\u0142yw\u00f3w na energi\u0119 hydrauliczn\u0105.<\/li>\n<li><strong>Wszechstronne zastosowanie:<\/strong> Ten si\u0142ownik hydrauliczny nadaje si\u0119 do r\u00f3\u017cnych projekt\u00f3w energetyki morskiej, w tym instalacji przybrze\u017cnych i offshore. Mo\u017cna go zintegrowa\u0107 z istniej\u0105cymi systemami zasilania lub zastosowa\u0107 w nowych rozwi\u0105zaniach.<\/li>\n<li><strong>\u0141atwa konserwacja:<\/strong> Zaprojektowany z my\u015bl\u0105 o \u0142atwo\u015bci dost\u0119pu si\u0142ownik hydrauliczny upraszcza procedury konserwacyjne, zapewniaj\u0105c d\u0142ugoterminow\u0105 niezawodno\u015b\u0107 i skr\u00f3cenie przestoj\u00f3w.<\/li>\n<li><strong>Przyjazne dla \u015brodowiska:<\/strong> Wykorzystuj\u0105c odnawialn\u0105 energi\u0119 morsk\u0105, produkt ten przyczynia si\u0119 do redukcji emisji dwutlenku w\u0119gla i promuje zr\u00f3wnowa\u017cone rozwi\u0105zania energetyczne.<\/li>\n<\/ul>\n<p>Si\u0142ownik hydrauliczny do generowania energii z fal i p\u0142yw\u00f3w stanowi znacz\u0105cy post\u0119p w dziedzinie energii odnawialnej. Skutecznie wykorzystuj\u0105c energi\u0119 ruch\u00f3w ocean\u00f3w, odgrywa on kluczow\u0105 rol\u0119 w transformacji w kierunku bardziej zr\u00f3wnowa\u017conej przysz\u0142o\u015bci energetycznej.<\/p>\n<h2>Si\u0142ownik hydrauliczny do urz\u0105dze\u0144 generuj\u0105cych energi\u0119 fal\/p\u0142yw\u00f3w<\/h2>\n<table border=\"1\" cellspacing=\"0\" cellpadding=\"0\">\n<tbody>\n<tr>\n<td>Nazwa produktu<\/td>\n<td>Cylinder do wytwarzania energii falowo-p\u0142ywowej<\/td>\n<\/tr>\n<tr>\n<td>Cechy:<\/td>\n<td>Przekszta\u0142ca energi\u0119 fal w energi\u0119 hydrauliczn\u0105, aby wprawi\u0107 w ruch cylindry hydrauliczne. Olej pod wysokim ci\u015bnieniem nap\u0119dza nast\u0119pnie silnik elektryczny, kt\u00f3ry generuje energi\u0119 elektryczn\u0105, kt\u00f3ra ostatecznie jest przekszta\u0142cana w energi\u0119 elektryczn\u0105.<\/td>\n<\/tr>\n<tr>\n<td>\u015arednica otworu:<\/td>\n<td>\u00a0Do 250 mm<\/td>\n<\/tr>\n<tr>\n<td>\u015arednica pr\u0119ta:<\/td>\n<td>Do 190 mm<br \/>\nSkok do 4800 mm<\/td>\n<\/tr>\n<tr>\n<td>Ci\u015bnienie:<\/td>\n<td>do 31,5 MPa<\/td>\n<\/tr>\n<tr>\n<td>Zastosowania:<\/td>\n<td>Generowanie energii fal\/p\u0142yw\u00f3w<\/td>\n<\/tr>\n<\/tbody>\n<\/table>\n<h3>Zalety cylindr\u00f3w hydraulicznych w urz\u0105dzeniach do generowania energii fal i p\u0142yw\u00f3w<\/h3>\n<p>Si\u0142owniki hydrauliczne odgrywaj\u0105 kluczow\u0105 rol\u0119 w dzia\u0142aniu system\u00f3w generuj\u0105cych energi\u0119 fal i p\u0142yw\u00f3w. Oto najwa\u017cniejsze zalety stosowania si\u0142ownik\u00f3w hydraulicznych w tym kontek\u015bcie:<\/p>\n<ol>\n<li><strong>Wysoka g\u0119sto\u015b\u0107 mocy:<\/strong> Si\u0142owniki hydrauliczne zapewniaj\u0105 doskona\u0142y stosunek mocy do masy, umo\u017cliwiaj\u0105c tworzenie kompaktowych i wydajnych konstrukcji. Jest to szczeg\u00f3lnie korzystne w zastosowaniach wykorzystuj\u0105cych energi\u0119 fal i p\u0142yw\u00f3w, gdzie przestrze\u0144 jest ograniczona, a sprz\u0119t cz\u0119sto musi by\u0107 zanurzony.<\/li>\n<li><strong>Trwa\u0142o\u015b\u0107 i niezawodno\u015b\u0107:<\/strong> Znane ze swojej wytrzyma\u0142o\u015bci si\u0142owniki hydrauliczne wytrzymuj\u0105 trudne warunki morskie, w tym s\u0142on\u0105 wod\u0119 i ekstremalne warunki pogodowe. S\u0105 one zaprojektowane z my\u015bl\u0105 o d\u0142ugotrwa\u0142ej pracy przy minimalnej konserwacji, co czyni je idealnymi do system\u00f3w stale nara\u017conych na dzia\u0142anie czynnik\u00f3w atmosferycznych.<\/li>\n<li><strong>Precyzyjna kontrola:<\/strong> Cylindry te zapewniaj\u0105 precyzyjn\u0105 kontrol\u0119 nad ruchami komponent\u00f3w w systemach energii fal i p\u0142yw\u00f3w. Jest to niezb\u0119dne do optymalizacji pozyskiwania energii i adaptacji do zmieniaj\u0105cych si\u0119 warunk\u00f3w \u015brodowiskowych.<\/li>\n<li><strong>Skalowalno\u015b\u0107:<\/strong> Uk\u0142ady hydrauliczne s\u0105 \u0142atwo skalowalne, co pozwala na dostosowanie ich do zr\u00f3\u017cnicowanych potrzeb w zakresie wytwarzania energii. Modyfikuj\u0105c rozmiar i liczb\u0119 cylindr\u00f3w, mo\u017cna dostosowa\u0107 urz\u0105dzenia do konkretnych potrzeb energetycznych.<\/li>\n<li><strong>Efektywno\u015b\u0107 konwersji energii:<\/strong> Cylindry hydrauliczne skutecznie przetwarzaj\u0105 ruch fal i p\u0142yw\u00f3w na energi\u0119 mechaniczn\u0105, skutecznie przechwytuj\u0105c energi\u0119 i przekszta\u0142caj\u0105c j\u0105 w ruch obrotowy dla generator\u00f3w lub innych urz\u0105dze\u0144.<\/li>\n<li><strong>Minimalny wp\u0142yw na \u015brodowisko:<\/strong> W por\u00f3wnaniu z innymi metodami wytwarzania energii, si\u0142owniki hydrauliczne maj\u0105 niewielki wp\u0142yw na \u015brodowisko. Nie powoduj\u0105 emisji bezpo\u015brednich i pracuj\u0105 cicho, minimalizuj\u0105c ha\u0142as i chroni\u0105c ekosystemy morskie.<\/li>\n<li><strong>Elastyczno\u015b\u0107 projektowania:<\/strong> Cylindry hydrauliczne zapewniaj\u0105 znaczn\u0105 elastyczno\u015b\u0107 projektowania, umo\u017cliwiaj\u0105c in\u017cynierom dostosowanie rozmiaru, d\u0142ugo\u015bci skoku i si\u0142y wyj\u015bciowej w celu zoptymalizowania wydajno\u015bci i efektywno\u015bci systemu w konkretnych zastosowaniach zwi\u0105zanych z wytwarzaniem energii z fal i p\u0142yw\u00f3w.<\/li>\n<\/ol>\n<p><img loading=\"lazy\" decoding=\"async\" class=\"alignnone  wp-image-819\" src=\"https:\/\/fmp-components.com\/wp-content\/uploads\/2024\/12\/Wave-Tide-Power-Generation-Equipment-Hydraulic-Cylinder.webp\" alt=\"Si\u0142ownik hydrauliczny do urz\u0105dze\u0144 generuj\u0105cych energi\u0119 falow\u0105\" width=\"925\" height=\"308\" title=\"\" srcset=\"https:\/\/fmp-components.com\/wp-content\/uploads\/2024\/12\/Wave-Tide-Power-Generation-Equipment-Hydraulic-Cylinder.webp 925w, https:\/\/fmp-components.com\/wp-content\/uploads\/2024\/12\/Wave-Tide-Power-Generation-Equipment-Hydraulic-Cylinder-480x160.webp 480w\" sizes=\"(min-width: 0px) and (max-width: 480px) 480px, (min-width: 481px) 925px, 100vw\" \/><\/p>\n<h3>Wybierz si\u0142owniki hydrauliczne FMP do wytwarzania energii w warunkach fal i p\u0142yw\u00f3w<\/h3>\n<p>FMP to wiod\u0105cy producent cylindr\u00f3w hydraulicznych zaprojektowanych specjalnie do generowania energii fal i p\u0142yw\u00f3w. Cylindry FMP, znane ze swojej jako\u015bci, trwa\u0142o\u015bci i niezawodno\u015bci, doskonale sprawdzaj\u0105 si\u0119 w trudnych warunkach morskich.<\/p>\n<h4>Korzy\u015bci z wyboru cylindr\u00f3w hydraulicznych FMP:<\/h4>\n<ul>\n<li><strong>Wysoka wydajno\u015b\u0107:<\/strong> Si\u0142owniki hydrauliczne FMP zaprojektowano z my\u015bl\u0105 o optymalnej wydajno\u015bci, przetwarzaj\u0105c energi\u0119 fal i p\u0142yw\u00f3w na energi\u0119 hydrauliczn\u0105 przy minimalnych stratach.<\/li>\n<li><strong>D\u0142uga \u017cywotno\u015b\u0107:<\/strong> Zaprojektowane z my\u015bl\u0105 o trwa\u0142o\u015bci, te cylindry charakteryzuj\u0105 si\u0119 solidnymi komponentami i konstrukcj\u0105 odporn\u0105 na trudne warunki morskie.<\/li>\n<li><strong>Niskie koszty utrzymania:<\/strong> Si\u0142owniki hydrauliczne FMP zosta\u0142y zaprojektowane z my\u015bl\u0105 o minimalnej konserwacji, dzi\u0119ki czemu wymagaj\u0105 niewielkiej konserwacji i zapewniaj\u0105 niezawodn\u0105 prac\u0119.<\/li>\n<li><strong>Mo\u017cliwo\u015b\u0107 dostosowania projektu:<\/strong> FMP oferuje szerok\u0105 gam\u0119 projekt\u00f3w cylindr\u00f3w hydraulicznych dostosowanych do konkretnych wymaga\u0144 ka\u017cdego projektu wytwarzania energii z wykorzystaniem fal i p\u0142yw\u00f3w.<\/li>\n<\/ul>\n<p>Si\u0142owniki hydrauliczne FMP zosta\u0142y z powodzeniem wdro\u017cone w r\u00f3\u017cnych projektach na ca\u0142ym \u015bwiecie, w tym w elektrowni falowej Oyster na Orkadach w Szkocji i w lagunie p\u0142ywowej Penghu na Tajwanie.<\/p>\n<h4>Rozwa\u017cania przy wyborze cylindr\u00f3w hydraulicznych FMP:<\/h4>\n<ol>\n<li><strong>Typ urz\u0105dzenia generuj\u0105cego energi\u0119:<\/strong> Konkretne wymagania dotycz\u0105ce cylindr\u00f3w hydraulicznych zale\u017c\u0105 od zastosowanego urz\u0105dzenia. Na przyk\u0142ad, konwertery energii fal (WEC) mog\u0105 wymaga\u0107 cylindr\u00f3w o du\u017cej g\u0119sto\u015bci mocy i d\u0142u\u017cszym skoku, podczas gdy zapory p\u0142ywowe wymagaj\u0105 cylindr\u00f3w o wi\u0119kszej wydajno\u015bci si\u0142owej.<\/li>\n<li><strong>\u015arodowisko operacyjne:<\/strong> Nale\u017cy wzi\u0105\u0107 pod uwag\u0119 takie czynniki, jak g\u0142\u0119boko\u015b\u0107 wody, zasolenie i temperatura, poniewa\u017c mog\u0105 one mie\u0107 wp\u0142yw na wydajno\u015b\u0107 i \u017cywotno\u015b\u0107 cylindr\u00f3w hydraulicznych.<\/li>\n<li><strong>Bud\u017cet:<\/strong> FMP oferuje szerok\u0105 gam\u0119 si\u0142ownik\u00f3w hydraulicznych w r\u00f3\u017cnych przedzia\u0142ach cenowych. Wa\u017cne jest, aby znale\u017a\u0107 r\u00f3wnowag\u0119 mi\u0119dzy bud\u017cetem a jako\u015bci\u0105 i wydajno\u015bci\u0105, kt\u00f3rych potrzebujesz.<\/li>\n<\/ol>\n<p>Aby uzyska\u0107 pomoc w doborze odpowiednich cylindr\u00f3w hydraulicznych FMP do projektu elektrowni falowych lub p\u0142ywowych, prosimy o bezpo\u015bredni kontakt z FMP. Do\u015bwiadczeni in\u017cynierowie firmy ch\u0119tnie pomog\u0105 Pa\u0144stwu w znalezieniu najlepszych rozwi\u0105za\u0144 dostosowanych do Pa\u0144stwa indywidualnych potrzeb.<\/p>\n<p><img loading=\"lazy\" decoding=\"async\" class=\"alignnone size-full wp-image-818\" src=\"https:\/\/fmp-components.com\/wp-content\/uploads\/2024\/12\/Wave-Tide-Power-Generation-Equipment-Hydraulic-Cylinder-Advantages.webp\" alt=\"Sprz\u0119t do generowania energii w warunkach p\u0142yw\u00f3w i fal, si\u0142owniki hydrauliczne \u2013 zalety\" width=\"1000\" height=\"501\" title=\"\" srcset=\"https:\/\/fmp-components.com\/wp-content\/uploads\/2024\/12\/Wave-Tide-Power-Generation-Equipment-Hydraulic-Cylinder-Advantages.webp 1000w, https:\/\/fmp-components.com\/wp-content\/uploads\/2024\/12\/Wave-Tide-Power-Generation-Equipment-Hydraulic-Cylinder-Advantages-980x491.webp 980w, https:\/\/fmp-components.com\/wp-content\/uploads\/2024\/12\/Wave-Tide-Power-Generation-Equipment-Hydraulic-Cylinder-Advantages-480x240.webp 480w\" sizes=\"(min-width: 0px) and (max-width: 480px) 480px, (min-width: 481px) and (max-width: 980px) 980px, (min-width: 981px) 1000px, 100vw\" \/><\/p>\n<h3>O FMP<\/h3>\n<p>FMP to wyspecjalizowana firma produkcyjna specjalizuj\u0105ca si\u0119 w produkcji si\u0142ownik\u00f3w hydraulicznych. Od momentu powstania firma koncentruje si\u0119 na badaniach i produkcji w dziedzinie technologii hydraulicznych, z powodzeniem przechodz\u0105c od zr\u00f3\u017cnicowanego asortymentu produkt\u00f3w, obejmuj\u0105cego maszyny do zbior\u00f3w i maszyny budowlane, do specjalizacji w produkcji podzespo\u0142\u00f3w do ci\u0105gnik\u00f3w rolniczych. Dzi\u0119ki ponad dziesi\u0119cioletniemu do\u015bwiadczeniu w produkcji i zarz\u0105dzaniu, FMP gwarantuje wysok\u0105 jako\u015b\u0107 produkt\u00f3w dzi\u0119ki zaawansowanym technikom produkcyjnym.<\/p>\n<p>Wraz z rozwojem firmy, rozwin\u0119li\u015bmy kompleksow\u0105 lini\u0119 produkcyjn\u0105 do obr\u00f3bki mechanicznej, lini\u0119 monta\u017cow\u0105 oraz lini\u0119 do powlekania. Nasz zesp\u00f3\u0142 sk\u0142ada si\u0119 z wykwalifikowanej kadry kierowniczej, do\u015bwiadczonych projektant\u00f3w mechanik\u00f3w oraz wysoko wykwalifikowanych technik\u00f3w, kt\u00f3rzy wsp\u00f3lnie dbaj\u0105 o utrzymanie stabilnej jako\u015bci produkcji, jednocze\u015bnie skutecznie kontroluj\u0105c ci\u0105g\u0142o\u015b\u0107 i wydajno\u015b\u0107 procesu.<\/p>\n<p>FMP wyznaje filozofi\u0119 \u201eInnowacje technologiczne nap\u0119dzaj\u0105 post\u0119p, jako\u015b\u0107 tworzy marki, rzemios\u0142o zapewnia jako\u015b\u0107 i buduje d\u0142ugoterminowe relacje korzystne dla obu stron\u201d. Nasze zaanga\u017cowanie w dostarczanie wysokiej jako\u015bci produkt\u00f3w i \u015bwiadczenie najwy\u017cszej jako\u015bci obs\u0142ugi klienta pozostaje naszym kluczowym celem, poniewa\u017c wci\u0105\u017c staramy si\u0119 sprosta\u0107 zmieniaj\u0105cym si\u0119 potrzebom rynku.<\/p>\n<p><img loading=\"lazy\" decoding=\"async\" class=\"alignnone size-full wp-image-426\" src=\"https:\/\/fmp-components.com\/wp-content\/uploads\/2024\/12\/Sanitation-Machinery-Locking-Hydraulic-Cylinder-factory.webp\" sizes=\"(min-width: 0px) and (max-width: 480px) 480px, (min-width: 481px) and (max-width: 980px) 980px, (min-width: 981px) and (max-width: 1280px) 1280px, (min-width: 1281px) 1414px, 100vw\" srcset=\"https:\/\/fmp-components.com\/wp-content\/uploads\/2024\/12\/Sanitation-Machinery-Locking-Hydraulic-Cylinder-factory.webp 1414w, https:\/\/fmp-components.com\/wp-content\/uploads\/2024\/12\/Sanitation-Machinery-Locking-Hydraulic-Cylinder-factory-1280x529.webp 1280w, https:\/\/fmp-components.com\/wp-content\/uploads\/2024\/12\/Sanitation-Machinery-Locking-Hydraulic-Cylinder-factory-980x405.webp 980w, https:\/\/fmp-components.com\/wp-content\/uploads\/2024\/12\/Sanitation-Machinery-Locking-Hydraulic-Cylinder-factory-480x198.webp 480w\" alt=\"Sanitacja-Maszyny-Blokady-Hydrauliczne-Fabryka-Cylinder\u00f3w\" width=\"1414\" height=\"584\" title=\"\"><\/p>\n<p>Autor: CX<\/p>","protected":false},"excerpt":{"rendered":"<p>Si\u0142ownik hydrauliczny do urz\u0105dze\u0144 generuj\u0105cych energi\u0119 fal i p\u0142yw\u00f3w morskich to niezb\u0119dny element hydrauliczny, zaprojektowany do wykorzystywania energii fal oceanicznych i ruch\u00f3w p\u0142yw\u00f3w. Si\u0142ownik ten odgrywa kluczow\u0105 rol\u0119 w przekszta\u0142caniu energii kinetycznej wody w energi\u0119 mechaniczn\u0105, usprawniaj\u0105c dzia\u0142anie r\u00f3\u017cnych mechanizm\u00f3w generuj\u0105cych energi\u0119. Wykonany z materia\u0142\u00f3w o wysokiej wytrzyma\u0142o\u015bci i odporno\u015bci na korozj\u0119, jest odporny na trudne warunki morskie, w tym na dzia\u0142anie s\u0142onej wody i ekstremalnych warunk\u00f3w pogodowych. Uk\u0142ad hydrauliczny zapewnia p\u0142ynne i wydajne ruchy, maksymalizuj\u0105c przechwytywanie energii, zapewniaj\u0105c jednocze\u015bnie niezawodno\u015b\u0107 i trwa\u0142o\u015b\u0107 urz\u0105dzenia. Ten si\u0142ownik hydrauliczny jest niezb\u0119dny do optymalizacji wydajno\u015bci system\u00f3w wykorzystuj\u0105cych energi\u0119 fal i p\u0142yw\u00f3w morskich, przyczyniaj\u0105c si\u0119 znacz\u0105co do zr\u00f3wnowa\u017conych i odnawialnych rozwi\u0105za\u0144 energetycznych.<\/p>","protected":false},"featured_media":817,"comment_status":"open","ping_status":"closed","template":"","meta":{"_et_pb_use_builder":"","_et_pb_old_content":"","_et_gb_content_width":""},"product_brand":[],"product_cat":[29],"product_tag":[],"class_list":{"0":"post-816","1":"product","2":"type-product","3":"status-publish","4":"has-post-thumbnail","6":"product_cat-energy-technology-hydraulic-cylinders","8":"first","9":"instock","10":"shipping-taxable","11":"product-type-simple"},"_links":{"self":[{"href":"https:\/\/fmp-components.com\/pl\/wp-json\/wp\/v2\/product\/816","targetHints":{"allow":["GET"]}}],"collection":[{"href":"https:\/\/fmp-components.com\/pl\/wp-json\/wp\/v2\/product"}],"about":[{"href":"https:\/\/fmp-components.com\/pl\/wp-json\/wp\/v2\/types\/product"}],"replies":[{"embeddable":true,"href":"https:\/\/fmp-components.com\/pl\/wp-json\/wp\/v2\/comments?post=816"}],"wp:featuredmedia":[{"embeddable":true,"href":"https:\/\/fmp-components.com\/pl\/wp-json\/wp\/v2\/media\/817"}],"wp:attachment":[{"href":"https:\/\/fmp-components.com\/pl\/wp-json\/wp\/v2\/media?parent=816"}],"wp:term":[{"taxonomy":"product_brand","embeddable":true,"href":"https:\/\/fmp-components.com\/pl\/wp-json\/wp\/v2\/product_brand?post=816"},{"taxonomy":"product_cat","embeddable":true,"href":"https:\/\/fmp-components.com\/pl\/wp-json\/wp\/v2\/product_cat?post=816"},{"taxonomy":"product_tag","embeddable":true,"href":"https:\/\/fmp-components.com\/pl\/wp-json\/wp\/v2\/product_tag?post=816"}],"curies":[{"name":"wp","href":"https:\/\/api.w.org\/{rel}","templated":true}]}}