{"id":809,"date":"2024-12-18T07:45:43","date_gmt":"2024-12-18T07:45:43","guid":{"rendered":"https:\/\/fmp-components.com\/?page_id=8"},"modified":"2024-12-18T07:51:27","modified_gmt":"2024-12-18T07:51:27","slug":"desalination-equipment-hydraulic-cylinders","status":"publish","type":"product","link":"https:\/\/fmp-components.com\/pl\/product\/desalination-equipment-hydraulic-cylinders\/","title":{"rendered":"Si\u0142owniki hydrauliczne do urz\u0105dze\u0144 odsalaj\u0105cych"},"content":{"rendered":"<p style=\"text-align: center;\"><span style=\"font-size: 18pt;\">Si\u0142owniki hydrauliczne do urz\u0105dze\u0144 odsalaj\u0105cych<\/span><\/p>\n<p>Cylindry hydrauliczne do urz\u0105dze\u0144 odsalaj\u0105cych to niezb\u0119dne elementy hydrauliczne zaprojektowane specjalnie do stosowania w zak\u0142adach odsalania wody. Cylindry te odgrywaj\u0105 kluczow\u0105 rol\u0119 w u\u0142atwianiu ruchu i obs\u0142ugi r\u00f3\u017cnych maszyn zaanga\u017cowanych w proces uzdatniania wody, takich jak pompy, zawory i systemy filtracji.<\/p>\n<h4>G\u0142\u00f3wne cechy:<\/h4>\n<ul>\n<li><strong>Konstrukcja o wysokiej wytrzyma\u0142o\u015bci:<\/strong> Wykonane z trwa\u0142ych i odpornych na korozj\u0119 materia\u0142\u00f3w, te cylindry hydrauliczne zaprojektowano tak, aby wytrzymywa\u0142y trudne warunki typowe dla proces\u00f3w odsalania, w tym dzia\u0142anie s\u0142onej wody i wysokie ci\u015bnienie.<\/li>\n<li><strong>Niezawodna wydajno\u015b\u0107:<\/strong> Zaprojektowane z my\u015bl\u0105 o wysokiej wydajno\u015bci, te cylindry zapewniaj\u0105 sta\u0142\u0105 i du\u017c\u0105 si\u0142\u0119 hydrauliczn\u0105, gwarantuj\u0105c skuteczn\u0105 prac\u0119 urz\u0105dze\u0144 odsalaj\u0105cych i przyczyniaj\u0105c si\u0119 do og\u00f3lnej niezawodno\u015bci procesu uzdatniania wody.<\/li>\n<li><strong>Precyzyjna kontrola:<\/strong> Konstrukcja hydrauliczna umo\u017cliwia p\u0142ynn\u0105 i precyzyjn\u0105 regulacj\u0119, zwi\u0119kszaj\u0105c sprawno\u015b\u0107 operacyjn\u0105 zawor\u00f3w i pomp, co ma kluczowe znaczenie dla optymalizacji przep\u0142ywu wody i proces\u00f3w uzdatniania.<\/li>\n<li><strong>Wszechstronne zastosowanie:<\/strong> Te si\u0142owniki hydrauliczne nadaj\u0105 si\u0119 do r\u00f3\u017cnych technologii odsalania, w tym odwr\u00f3conej osmozy i wielostopniowej destylacji b\u0142yskawicznej. Mog\u0105 by\u0107 dostosowane do r\u00f3\u017cnych potrzeb operacyjnych, dzi\u0119ki czemu s\u0105 wszechstronne i nadaj\u0105 si\u0119 do r\u00f3\u017cnych zastosowa\u0144.<\/li>\n<li><strong>Niskie wymagania konserwacyjne:<\/strong> Zaprojektowane tak, aby zminimalizowa\u0107 zu\u017cycie i uszkodzenia, te cylindry zmniejszaj\u0105 potrzeb\u0119 cz\u0119stej konserwacji, przyczyniaj\u0105c si\u0119 do obni\u017cenia koszt\u00f3w operacyjnych i zwi\u0119kszenia wydajno\u015bci w zak\u0142adach odsalania.<\/li>\n<\/ul>\n<p>Podsumowuj\u0105c, si\u0142owniki hydrauliczne do urz\u0105dze\u0144 odsalaj\u0105cych to kluczowe podzespo\u0142y, kt\u00f3re optymalizuj\u0105 dzia\u0142anie i wydajno\u015b\u0107 zak\u0142ad\u00f3w odsalania, znacznie zwi\u0119kszaj\u0105c ich skuteczno\u015b\u0107 w dostarczaniu \u015bwie\u017cej wody z wody morskiej i zapewniaj\u0105c zr\u00f3wnowa\u017cone zarz\u0105dzanie zasobami wodnymi.<\/p>\n<h2>Si\u0142ownik hydrauliczny do urz\u0105dze\u0144 odsalaj\u0105cych<\/h2>\n<table style=\"width: 98.4268%; height: 316px;\" border=\"1\" cellspacing=\"0\" cellpadding=\"0\">\n<tbody>\n<tr>\n<td>Nazwa produktu<\/td>\n<td>Si\u0142owniki hydrauliczne do urz\u0105dze\u0144 odsalaj\u0105cych<\/td>\n<\/tr>\n<tr>\n<td>Cechy:<\/td>\n<td>Wydobywa i spr\u0119\u017ca wod\u0119 morsk\u0105, a nast\u0119pnie przekazuje j\u0105 do urz\u0105dzenia filtruj\u0105cego.<\/td>\n<\/tr>\n<tr>\n<td>\u015arednica otworu:<\/td>\n<td>Do 300 mm<\/td>\n<\/tr>\n<tr>\n<td>\u015arednica pr\u0119ta:<\/td>\n<td>Do 185 mm<br \/>\nSkok do 1000 mm<\/td>\n<\/tr>\n<tr>\n<td>Temperatura pracy:<\/td>\n<td>-20~30\u2103<\/td>\n<\/tr>\n<tr>\n<td>Pr\u0119dko\u015b\u0107 robocza:<\/td>\n<td>do 110 mm\/s<\/td>\n<\/tr>\n<tr>\n<td>Cz\u0119stotliwo\u015b\u0107 pracy:<\/td>\n<td>24 godziny<\/td>\n<\/tr>\n<tr>\n<td>Wyciek wewn\u0119trzny i zewn\u0119trzny:<\/td>\n<td>&lt; 5 ml\/min<\/td>\n<\/tr>\n<tr>\n<td>Ci\u015bnienie:<\/td>\n<td>do 11MPa<br \/>\nci\u015bnienie pocz\u0105tkowe\uff1c0,1Mpa<\/td>\n<\/tr>\n<tr>\n<td>Zastosowania:<\/td>\n<td>Sprz\u0119t do odsalania<\/td>\n<\/tr>\n<\/tbody>\n<\/table>\n<h2>Cechy konstrukcyjne cylindra hydraulicznego urz\u0105dzenia do odsalania<\/h2>\n<ul>\n<li><strong>Odporno\u015b\u0107 na korozj\u0119:<\/strong> Wykonana ze stali nierdzewnej dupleks bez spaw\u00f3w, konstrukcja ta jest skutecznie odporna na korozj\u0119 wywo\u0142an\u0105 przez wod\u0119 morsk\u0105, co zapewnia trwa\u0142o\u015b\u0107 i niezawodno\u015b\u0107.<\/li>\n<li><strong>Zwi\u0119kszona trwa\u0142o\u015b\u0107:<\/strong> Korpus cylindra hydraulicznego oraz t\u0142oczysko pokryte s\u0105 farb\u0105 ceramiczn\u0105, co zapewnia wi\u0119ksz\u0105 odporno\u015b\u0107 powierzchni na zu\u017cycie i og\u00f3ln\u0105 trwa\u0142o\u015b\u0107.<\/li>\n<li><strong>Uszczelnianie dostosowane do potrzeb:<\/strong> Specjalistyczne konfiguracje i materia\u0142y uszczelnie\u0144 s\u0142u\u017c\u0105 skutecznemu usuwaniu drobnoustroj\u00f3w i drobnego piasku z wody morskiej, co maksymalizuje niezawodno\u015b\u0107 i \u017cywotno\u015b\u0107 uszczelnie\u0144.<\/li>\n<li><strong>Zoptymalizowana konstrukcja zaworu:<\/strong> Si\u0142ownik hydrauliczny wyposa\u017cony jest w specjalnie zaprojektowany zaw\u00f3r wlotowy i wylotowy wody morskiej, zapewniaj\u0105cy efektywny transport wody morskiej.<\/li>\n<li><strong>Proces czystego monta\u017cu:<\/strong> Unikalna procedura monta\u017cu i odt\u0142uszczania gwarantuje, \u017ce cylinder hydrauliczny jest wolny od plam oleju, co pozwala zachowa\u0107 optymaln\u0105 wydajno\u015b\u0107 i czysto\u015b\u0107.<\/li>\n<\/ul>\n<p><img loading=\"lazy\" decoding=\"async\" class=\"wp-image-813 aligncenter\" src=\"https:\/\/fmp-components.com\/wp-content\/uploads\/2024\/12\/Hydraulic-Cylinders-in-Desalination-Equipment-Benefits.webp\" alt=\"Si\u0142owniki hydrauliczne w urz\u0105dzeniach do odsalania \u2013 korzy\u015bci\" width=\"814\" height=\"407\" title=\"\"><\/p>\n<h2>Zalety cylindr\u00f3w hydraulicznych w urz\u0105dzeniach do odsalania wody<\/h2>\n<p>Si\u0142owniki hydrauliczne zapewniaj\u0105 szereg korzy\u015bci dla urz\u0105dze\u0144 odsalaj\u0105cych, w tym:<\/p>\n<ol>\n<li><strong>Wysoki stosunek mocy do masy:<\/strong> Cylindry te zapewniaj\u0105 znaczn\u0105 si\u0142\u0119 przy zachowaniu stosunkowo niskiej masy, co jest kluczowe w przypadku system\u00f3w odsalania, w kt\u00f3rych konieczne jest transportowanie ci\u0119\u017ckich podzespo\u0142\u00f3w, takich jak membrany odwr\u00f3conej osmozy (RO) i kolektory solanki.<\/li>\n<li><strong>Regulacja pr\u0119dko\u015bci zmiennej:<\/strong> Si\u0142owniki hydrauliczne mo\u017cna regulowa\u0107 tak, aby porusza\u0142y si\u0119 z r\u00f3\u017cn\u0105 pr\u0119dko\u015bci\u0105, co pozwala na precyzyjn\u0105 kontrol\u0119 proces\u00f3w odsalania, na przyk\u0142ad szybko\u015bci usuwania solanki i szybko\u015bci czyszczenia membrany.<\/li>\n<li><strong>Dok\u0142adno\u015b\u0107 pozycjonowania:<\/strong> Umo\u017cliwiaj\u0105 precyzyjne pozycjonowanie podzespo\u0142\u00f3w urz\u0105dze\u0144, gwarantuj\u0105c optymaln\u0105 prac\u0119 i wydajno\u015b\u0107 proces\u00f3w odsalania.<\/li>\n<li><strong>Efektywne wykorzystanie energii:<\/strong> Uk\u0142ady hydrauliczne znane s\u0105 ze swojej energooszcz\u0119dno\u015bci, co jest szczeg\u00f3lnie wa\u017cne w przypadku zak\u0142ad\u00f3w odsalania, kt\u00f3re musz\u0105 pracowa\u0107 w spos\u00f3b ci\u0105g\u0142y.<\/li>\n<li><strong>Trwa\u0142o\u015b\u0107 i niezawodno\u015b\u0107:<\/strong> Cylindry hydrauliczne s\u0105 budowane tak, aby by\u0142y wytrzyma\u0142e i niezawodne, zdolne do wytrzymania trudnych warunk\u00f3w typowych dla zak\u0142ad\u00f3w odsalania, w tym wysokich temperatur i nara\u017cenia na dzia\u0142anie \u017cr\u0105cych substancji chemicznych.<\/li>\n<\/ol>\n<p><img loading=\"lazy\" decoding=\"async\" class=\"alignnone  wp-image-814\" src=\"https:\/\/fmp-components.com\/wp-content\/uploads\/2024\/12\/Desalination-Equipment-Hydraulic-Cylinder.webp\" alt=\"Sprz\u0119t do odsalania wody - Si\u0142ownik hydrauliczny\" width=\"900\" height=\"451\" title=\"\"><\/p>\n<h3>O FMP<\/h3>\n<p>FMP to wyspecjalizowana firma produkcyjna specjalizuj\u0105ca si\u0119 w produkcji si\u0142ownik\u00f3w hydraulicznych. Od momentu powstania firma koncentruje si\u0119 na badaniach i produkcji w dziedzinie technologii hydraulicznych, z powodzeniem przechodz\u0105c od zr\u00f3\u017cnicowanego asortymentu produkt\u00f3w, obejmuj\u0105cego maszyny do zbior\u00f3w i maszyny budowlane, do specjalizacji w produkcji podzespo\u0142\u00f3w do ci\u0105gnik\u00f3w rolniczych. Dzi\u0119ki ponad dziesi\u0119cioletniemu do\u015bwiadczeniu w produkcji i zarz\u0105dzaniu, FMP gwarantuje wysok\u0105 jako\u015b\u0107 produkt\u00f3w dzi\u0119ki zaawansowanym technikom produkcyjnym.<\/p>\n<p>Wraz z rozwojem firmy, rozwin\u0119li\u015bmy kompleksow\u0105 lini\u0119 produkcyjn\u0105 do obr\u00f3bki mechanicznej, lini\u0119 monta\u017cow\u0105 oraz lini\u0119 do powlekania. Nasz zesp\u00f3\u0142 sk\u0142ada si\u0119 z wykwalifikowanej kadry kierowniczej, do\u015bwiadczonych projektant\u00f3w mechanik\u00f3w oraz wysoko wykwalifikowanych technik\u00f3w, kt\u00f3rzy wsp\u00f3lnie dbaj\u0105 o utrzymanie stabilnej jako\u015bci produkcji, jednocze\u015bnie skutecznie kontroluj\u0105c ci\u0105g\u0142o\u015b\u0107 i wydajno\u015b\u0107 procesu.<\/p>\n<p>FMP wyznaje filozofi\u0119 \u201eInnowacje technologiczne nap\u0119dzaj\u0105 post\u0119p, jako\u015b\u0107 tworzy marki, rzemios\u0142o zapewnia jako\u015b\u0107 i buduje d\u0142ugoterminowe relacje korzystne dla obu stron\u201d. Nasze zaanga\u017cowanie w dostarczanie wysokiej jako\u015bci produkt\u00f3w i \u015bwiadczenie najwy\u017cszej jako\u015bci obs\u0142ugi klienta pozostaje naszym kluczowym celem, poniewa\u017c wci\u0105\u017c staramy si\u0119 sprosta\u0107 zmieniaj\u0105cym si\u0119 potrzebom rynku.<\/p>\n<p><img loading=\"lazy\" decoding=\"async\" class=\"alignnone size-full wp-image-426\" src=\"https:\/\/fmp-components.com\/wp-content\/uploads\/2024\/12\/Sanitation-Machinery-Locking-Hydraulic-Cylinder-factory.webp\" sizes=\"(min-width: 0px) and (max-width: 480px) 480px, (min-width: 481px) and (max-width: 980px) 980px, (min-width: 981px) and (max-width: 1280px) 1280px, (min-width: 1281px) 1414px, 100vw\" srcset=\"https:\/\/fmp-components.com\/wp-content\/uploads\/2024\/12\/Sanitation-Machinery-Locking-Hydraulic-Cylinder-factory.webp 1414w, https:\/\/fmp-components.com\/wp-content\/uploads\/2024\/12\/Sanitation-Machinery-Locking-Hydraulic-Cylinder-factory-1280x529.webp 1280w, https:\/\/fmp-components.com\/wp-content\/uploads\/2024\/12\/Sanitation-Machinery-Locking-Hydraulic-Cylinder-factory-980x405.webp 980w, https:\/\/fmp-components.com\/wp-content\/uploads\/2024\/12\/Sanitation-Machinery-Locking-Hydraulic-Cylinder-factory-480x198.webp 480w\" alt=\"Sanitacja-Maszyny-Blokady-Hydrauliczne-Fabryka-Cylinder\u00f3w\" width=\"1414\" height=\"584\" title=\"\"><\/p>\n<p>Autor: CX<\/p>\n<p>&nbsp;<\/p>","protected":false},"excerpt":{"rendered":"<p>Si\u0142owniki hydrauliczne do urz\u0105dze\u0144 odsalaj\u0105cych to kluczowe komponenty stosowane w zak\u0142adach odsalania wody, u\u0142atwiaj\u0105ce przemieszczanie i obs\u0142ug\u0119 r\u00f3\u017cnych maszyn zaanga\u017cowanych w proces uzdatniania wody. Te si\u0142owniki hydrauliczne zapewniaj\u0105 niezb\u0119dn\u0105 si\u0142\u0119 do sterowania zaworami, pompami i innymi urz\u0105dzeniami, gwarantuj\u0105c wydajn\u0105 prac\u0119 w procesie przetwarzania wody morskiej w wod\u0119 s\u0142odk\u0105. Wykonane z materia\u0142\u00f3w o wysokiej wytrzyma\u0142o\u015bci i odporno\u015bci na korozj\u0119, s\u0105 zaprojektowane tak, aby wytrzyma\u0107 trudne warunki typowe dla odsalania, w tym dzia\u0142anie wody morskiej i wysokie ci\u015bnienie. P\u0142ynne dzia\u0142anie hydrauliczne umo\u017cliwia precyzyjn\u0105 kontrol\u0119 i regulacj\u0119, zwi\u0119kszaj\u0105c og\u00f3ln\u0105 wydajno\u015b\u0107 i niezawodno\u015b\u0107 procesu odsalania. Te si\u0142owniki hydrauliczne odgrywaj\u0105 kluczow\u0105 rol\u0119 w optymalizacji wydajno\u015bci urz\u0105dze\u0144 odsalaj\u0105cych, znacz\u0105co przyczyniaj\u0105c si\u0119 do efektywnego zarz\u0105dzania zasobami wodnymi.<\/p>","protected":false},"featured_media":812,"comment_status":"open","ping_status":"closed","template":"","meta":{"_et_pb_use_builder":"","_et_pb_old_content":"","_et_gb_content_width":""},"product_brand":[],"product_cat":[29],"product_tag":[],"class_list":{"0":"post-809","1":"product","2":"type-product","3":"status-publish","4":"has-post-thumbnail","6":"product_cat-energy-technology-hydraulic-cylinders","8":"first","9":"instock","10":"shipping-taxable","11":"product-type-simple"},"_links":{"self":[{"href":"https:\/\/fmp-components.com\/pl\/wp-json\/wp\/v2\/product\/809","targetHints":{"allow":["GET"]}}],"collection":[{"href":"https:\/\/fmp-components.com\/pl\/wp-json\/wp\/v2\/product"}],"about":[{"href":"https:\/\/fmp-components.com\/pl\/wp-json\/wp\/v2\/types\/product"}],"replies":[{"embeddable":true,"href":"https:\/\/fmp-components.com\/pl\/wp-json\/wp\/v2\/comments?post=809"}],"wp:featuredmedia":[{"embeddable":true,"href":"https:\/\/fmp-components.com\/pl\/wp-json\/wp\/v2\/media\/812"}],"wp:attachment":[{"href":"https:\/\/fmp-components.com\/pl\/wp-json\/wp\/v2\/media?parent=809"}],"wp:term":[{"taxonomy":"product_brand","embeddable":true,"href":"https:\/\/fmp-components.com\/pl\/wp-json\/wp\/v2\/product_brand?post=809"},{"taxonomy":"product_cat","embeddable":true,"href":"https:\/\/fmp-components.com\/pl\/wp-json\/wp\/v2\/product_cat?post=809"},{"taxonomy":"product_tag","embeddable":true,"href":"https:\/\/fmp-components.com\/pl\/wp-json\/wp\/v2\/product_tag?post=809"}],"curies":[{"name":"wp","href":"https:\/\/api.w.org\/{rel}","templated":true}]}}