{"id":8005,"date":"2025-04-15T05:33:41","date_gmt":"2025-04-15T05:33:41","guid":{"rendered":"https:\/\/fmp-components.com\/?post_type=product&#038;p=8005"},"modified":"2025-04-15T06:05:24","modified_gmt":"2025-04-15T06:05:24","slug":"plastic-gear-rack","status":"publish","type":"product","link":"https:\/\/fmp-components.com\/pl\/product\/plastic-gear-rack\/","title":{"rendered":"Plastikowa z\u0119batka"},"content":{"rendered":"<h2>Plastikowa listwa z\u0119bata: precyzja i wydajno\u015b\u0107 dla w\u0142oskiego przemys\u0142u<\/h2>\n<p>Plastikowe listwy z\u0119bate to kluczowe elementy maszyn, system\u00f3w automatyki i mechanizm\u00f3w kierowniczych, kt\u00f3re przekszta\u0142caj\u0105 ruch obrotowy w precyzyjny ruch liniowy. W przeciwie\u0144stwie do tradycyjnych metalowych listew z\u0119batych, plastikowe listwy z\u0119bate wykonane z wysokowydajnych materia\u0142\u00f3w, takich jak nylon i polioksymetylen (POM), oferuj\u0105 wyj\u0105tkowe zalety, takie jak odporno\u015b\u0107 na korozj\u0119, niski poziom ha\u0142asu i w\u0142a\u015bciwo\u015bci samosmaruj\u0105ce, co czyni je idealnym wyborem dla szerokiej gamy bran\u017c we W\u0142oszech.<\/p>\n<p><img loading=\"lazy\" decoding=\"async\" class=\"size-full wp-image-8009 aligncenter\" src=\"https:\/\/fmp-components.com\/wp-content\/uploads\/2025\/04\/plastic-gear-rack-product-1.webp\" alt=\"produkt z tworzywa sztucznego\" width=\"1000\" height=\"1000\" title=\"\" srcset=\"https:\/\/fmp-components.com\/wp-content\/uploads\/2025\/04\/plastic-gear-rack-product-1.webp 1000w, https:\/\/fmp-components.com\/wp-content\/uploads\/2025\/04\/plastic-gear-rack-product-1-980x980.webp 980w, https:\/\/fmp-components.com\/wp-content\/uploads\/2025\/04\/plastic-gear-rack-product-1-480x480.webp 480w\" sizes=\"(min-width: 0px) and (max-width: 480px) 480px, (min-width: 481px) and (max-width: 980px) 980px, (min-width: 981px) 1000px, 100vw\" \/><\/p>\n<div class=\"message-bubble rounded-3xl prose dark:prose-invert break-words text-primary min-h-7 prose-p:opacity-95 prose-strong:opacity-100 w-full max-w-none\" dir=\"auto\">\n<h3 class=\"\" dir=\"auto\">Dlaczego warto wybra\u0107 listwy z\u0119bate z tworzywa sztucznego?<\/h3>\n<p class=\"break-words\" dir=\"auto\">Plastikowe listwy z\u0119bate, szczeg\u00f3lnie te o k\u0105cie nacisku 20\u00b0, stanowi\u0105 standard bran\u017cowy ze wzgl\u0119du na grubsze i mocniejsze z\u0119by w por\u00f3wnaniu z alternatywami o k\u0105cie 14,5\u00b0. Wykonane z materia\u0142\u00f3w takich jak nylon dopuszczony do kontaktu z \u017cywno\u015bci\u0105 i bia\u0142y polioksymetylen (POM), doskonale sprawdzaj\u0105 si\u0119 w \u015brodowiskach wymagaj\u0105cych higieny, takich jak zak\u0142ady przetw\u00f3rstwa spo\u017cywczego czy zastosowania naukowe. Najwa\u017cniejsze zalety to:<\/p>\n<ul class=\"marker:text-secondary\" dir=\"auto\">\n<li class=\"break-words\"><strong>Trwa\u0142o\u015b\u0107 i odporno\u015b\u0107 na zu\u017cycie<\/strong>: Listwy z\u0119bate wykonane z nylonu i acetalu s\u0105 odporne na zu\u017cycie, brud i kurz, co gwarantuje d\u0142ugotrwa\u0142\u0105 wydajno\u015b\u0107.<\/li>\n<li class=\"break-words\"><strong>Nie wymaga smarowania<\/strong>W\u0142a\u015bciwo\u015bci samosmaruj\u0105ce sprawiaj\u0105, \u017ce nadaj\u0105 si\u0119 do stosowania w trudnych warunkach, np. w maszynach CNC lub systemach szynowych.<\/li>\n<li class=\"break-words\"><strong>Cicha praca<\/strong>:Plastikowe listwy z\u0119bate pracuj\u0105 ciszej ni\u017c metalowe, co sprawia, \u017ce \u200b\u200bdoskonale nadaj\u0105 si\u0119 do zastosowa\u0144, w kt\u00f3rych wymagany jest ha\u0142as.<\/li>\n<li class=\"break-words\"><strong>Odporno\u015b\u0107 na korozj\u0119 i chemikalia<\/strong>:Idealny dla ga\u0142\u0119zi przemys\u0142u, w kt\u00f3rych elementy metalowe mog\u0105 ulega\u0107 degradacji.<\/li>\n<\/ul>\n<p class=\"break-words\" dir=\"auto\">Listwy z\u0119bate z tworzywa sztucznego zapewniaj\u0105 precyzj\u0119 i niezawodno\u015b\u0107 w zastosowaniach takich jak systemy automatyki i windy.<\/p>\n<div>\n<h3 dir=\"auto\">Zastosowania listew z\u0119batych z tworzywa sztucznego<\/h3>\n<p class=\"break-words\" dir=\"auto\">Plastikowe listwy z\u0119bate s\u0105 wszechstronne i znajduj\u0105 zastosowanie w wielu ga\u0142\u0119ziach przemys\u0142u we W\u0142oszech:<\/p>\n<ul class=\"marker:text-secondary\" dir=\"auto\">\n<li class=\"break-words\"><strong>Maszyny CNC<\/strong>:W strefach przemys\u0142owych Mediolanu przek\u0142adnie z\u0119bate zapewniaj\u0105 precyzyjn\u0105 kontrol\u0119 ruchu.<\/li>\n<li class=\"break-words\"><strong>Przetw\u00f3rstwo spo\u017cywcze<\/strong>:Sektor spo\u017cywczy w Bolonii korzysta z przek\u0142adni z\u0119batych POM przeznaczonych do kontaktu z \u017cywno\u015bci\u0105, kt\u00f3re spe\u0142niaj\u0105 rygorystyczne standardy higieniczne.<\/li>\n<li class=\"break-words\"><strong>Systemy automatyki<\/strong>:Od Wenecji po Florencj\u0119 przek\u0142adnie z\u0119bate nap\u0119dzaj\u0105 robotyk\u0119 i systemy przeno\u015bnik\u00f3w.<\/li>\n<li class=\"break-words\"><strong>Mechanizmy kierownicze<\/strong>:Stosowany w pojazdach i maszynach na terenie W\u0142och, gwarantuje p\u0142ynne dzia\u0142anie.<\/li>\n<\/ul>\n<p class=\"break-words\" dir=\"auto\">Ich lekka konstrukcja i du\u017ca \u0142adowno\u015b\u0107 sprawiaj\u0105, \u017ce s\u0105 doskona\u0142ym wyborem dla in\u017cynier\u00f3w ceni\u0105cych sobie wydajno\u015b\u0107 i efektywno\u015b\u0107.<\/p>\n<table style=\"border-collapse: collapse; width: 96.3542%; height: 122px;\" border=\"0\" width=\"180\" cellspacing=\"0\" cellpadding=\"0\">\n<tbody>\n<tr style=\"height: 14.40pt;\">\n<td style=\"height: 14.40pt; width: 54.00pt;\" align=\"right\" width=\"90\" height=\"24\"><img loading=\"lazy\" decoding=\"async\" class=\"size-full wp-image-8013 aligncenter\" src=\"https:\/\/fmp-components.com\/wp-content\/uploads\/2025\/04\/plastic-gear-rack-product-5.webp\" alt=\"produkt z tworzywa sztucznego\" width=\"810\" height=\"810\" title=\"\" srcset=\"https:\/\/fmp-components.com\/wp-content\/uploads\/2025\/04\/plastic-gear-rack-product-5.webp 810w, https:\/\/fmp-components.com\/wp-content\/uploads\/2025\/04\/plastic-gear-rack-product-5-480x480.webp 480w\" sizes=\"(min-width: 0px) and (max-width: 480px) 480px, (min-width: 481px) 810px, 100vw\" \/><\/td>\n<td style=\"width: 54.00pt;\" align=\"right\" width=\"90\"><img loading=\"lazy\" decoding=\"async\" class=\"size-full wp-image-8012 aligncenter\" src=\"https:\/\/fmp-components.com\/wp-content\/uploads\/2025\/04\/plastic-gear-rack-product-6.webp\" alt=\"produkt z tworzywa sztucznego\" width=\"810\" height=\"810\" title=\"\" srcset=\"https:\/\/fmp-components.com\/wp-content\/uploads\/2025\/04\/plastic-gear-rack-product-6.webp 810w, https:\/\/fmp-components.com\/wp-content\/uploads\/2025\/04\/plastic-gear-rack-product-6-480x480.webp 480w\" sizes=\"(min-width: 0px) and (max-width: 480px) 480px, (min-width: 481px) 810px, 100vw\" \/><\/td>\n<\/tr>\n<tr style=\"height: 14.40pt;\">\n<td style=\"height: 14.40pt;\" align=\"right\" height=\"24\"><img loading=\"lazy\" decoding=\"async\" class=\"size-full wp-image-8014 aligncenter\" src=\"https:\/\/fmp-components.com\/wp-content\/uploads\/2025\/04\/plastic-gear-rack-product-4.webp\" alt=\"produkt z tworzywa sztucznego\" width=\"810\" height=\"810\" title=\"\" srcset=\"https:\/\/fmp-components.com\/wp-content\/uploads\/2025\/04\/plastic-gear-rack-product-4.webp 810w, https:\/\/fmp-components.com\/wp-content\/uploads\/2025\/04\/plastic-gear-rack-product-4-480x480.webp 480w\" sizes=\"(min-width: 0px) and (max-width: 480px) 480px, (min-width: 481px) 810px, 100vw\" \/><\/td>\n<td align=\"right\"><img loading=\"lazy\" decoding=\"async\" class=\"size-full wp-image-8015 aligncenter\" src=\"https:\/\/fmp-components.com\/wp-content\/uploads\/2025\/04\/plastic-gear-rack-product-3.webp\" alt=\"produkt z tworzywa sztucznego\" width=\"810\" height=\"810\" title=\"\" srcset=\"https:\/\/fmp-components.com\/wp-content\/uploads\/2025\/04\/plastic-gear-rack-product-3.webp 810w, https:\/\/fmp-components.com\/wp-content\/uploads\/2025\/04\/plastic-gear-rack-product-3-480x480.webp 480w\" sizes=\"(min-width: 0px) and (max-width: 480px) 480px, (min-width: 481px) 810px, 100vw\" \/><\/td>\n<\/tr>\n<\/tbody>\n<\/table>\n<div>\n<h2 class=\"\" dir=\"auto\">Specyfikacja techniczna modu\u0142u 1 \u2013 listwa z\u0119bata z tworzywa sztucznego<\/h2>\n<p class=\"break-words\" dir=\"auto\">Nasza plastikowa listwa z\u0119bata Modu\u0142u 1, wykonana z bia\u0142ego POM, to doskona\u0142y przyk\u0142ad in\u017cynierii wysokiej jako\u015bci. Kluczowe parametry obejmuj\u0105:<\/p>\n<ul class=\"marker:text-secondary\" dir=\"auto\">\n<li class=\"break-words\"><strong>Wymiary<\/strong>: 15 mm (szer.) x 15 mm (wys.) x 14 mm (wys.), o d\u0142ugo\u015bci nominalnej 250 mm.<\/li>\n<li class=\"break-words\"><strong>Modu\u0142<\/strong>: 1, zgodny z normami DIN 867\/DIN 3972.<\/li>\n<li class=\"break-words\"><strong>K\u0105t ci\u015bnienia<\/strong>: 20\u00b0, co zapewnia kompatybilno\u015b\u0107 ze standardowymi przek\u0142adniami z\u0119batymi czo\u0142owymi.<\/li>\n<li class=\"break-words\"><strong>Waga<\/strong>:Tylko 75 gram\u00f3w, idealne do lekkich monta\u017cy.<\/li>\n<li class=\"break-words\"><strong>Tworzywo<\/strong>: POM klasy spo\u017cywczej, odpowiedni do zastosowa\u0144 \u015bciernych i naukowych.<\/li>\n<\/ul>\n<p class=\"break-words\" dir=\"auto\">Ta listwa z\u0119bata doskonale wsp\u00f3\u0142pracuje z pasuj\u0105cymi ko\u0142ami z\u0119batymi walcowymi, umo\u017cliwiaj\u0105c p\u0142ynny ruch liniowy w zastosowaniach od robotyki w Bolonii po systemy kolejowe w Wenecji.<\/p>\n<div>\n<h2 class=\"\" dir=\"auto\">O firmie FMP: Tw\u00f3j zaufany partner w zakresie listew z\u0119batych z tworzywa sztucznego<\/h2>\n<p class=\"break-words\" dir=\"auto\">W FMP specjalizujemy si\u0119 w produkcji szerokiej gamy plastikowych listew z\u0119batych, w tym produkt\u00f3w z nylonu i acetalu (POM), zaprojektowanych z my\u015bl\u0105 o potrzebach przemys\u0142u w ca\u0142ych W\u0142oszech. Bazuj\u0105c na do\u015bwiadczeniu firmy Plastic Machining Company, produkujemy listwy z\u0119bate OEM i zamienniki metalu, kt\u00f3re spe\u0142niaj\u0105 standardy bran\u017cowe, a jednocze\u015bnie oferuj\u0105 doskona\u0142\u0105 odporno\u015b\u0107 na zu\u017cycie i cich\u0105 prac\u0119. Nasza linia produkt\u00f3w obejmuje pe\u0142n\u0105 gam\u0119 Poly-Hi Solidur, zapewniaj\u0105c wszechstronno\u015b\u0107 zastosowa\u0144 w Mediolanie, Wenecji, Florencji, Bolonii i innych miastach.<\/p>\n<p class=\"break-words\" dir=\"auto\">Rozumiemy, \u017ce Tw\u00f3j projekt mo\u017ce wymaga\u0107 unikalnych specyfikacji. Dlatego oferujemy niestandardowe plastikowe listwy z\u0119bate, dopasowane do Twoich potrzeb. Je\u015bli nie znajdziesz interesuj\u0105cego Ci\u0119 modelu na naszej li\u015bcie produkt\u00f3w, nie martw si\u0119 \u2013 mo\u017ce on jeszcze nie zosta\u0107 dodany. Wystarczy, \u017ce wy\u015blesz nam e-mail ze swoimi wymaganiami, a nasi in\u017cynierowie odpowiedz\u0105 w ci\u0105gu 24 godzin i przedstawi\u0105 rozwi\u0105zanie. Skontaktuj si\u0119 z FMP ju\u017c dzi\u015b, aby ulepszy\u0107 swoje maszyny dzi\u0119ki precyzyjnie zaprojektowanym plastikowym listwom z\u0119batym, z dum\u0105 obs\u0142uguj\u0105cym innowacyjne w\u0142oskie bran\u017ce.<\/p>\n<p dir=\"auto\"><img loading=\"lazy\" decoding=\"async\" class=\"size-full wp-image-8010 aligncenter\" src=\"https:\/\/fmp-components.com\/wp-content\/uploads\/2025\/04\/plastic-gear-rack-product-2.webp\" alt=\"produkt z tworzywa sztucznego\" width=\"1005\" height=\"638\" title=\"\"><\/p>\n<\/div>\n<\/div>\n<\/div>\n<\/div>","protected":false},"excerpt":{"rendered":"<p>Plastic Gear Rack: Precision and Performance for Italian Industries Plastic racks are key components in machinery, automation systems and steering mechanisms that convert rotary motion into precise linear motion. Unlike traditional metal racks, plastic racks made from high-performance materials such as nylon and polyoxymethylene (POM) offer unique advantages, including corrosion resistance, low noise and self-lubricating [&hellip;]<\/p>","protected":false},"featured_media":8008,"comment_status":"open","ping_status":"closed","template":"","meta":{"_et_pb_use_builder":"","_et_pb_old_content":"","_et_gb_content_width":""},"product_brand":[],"product_cat":[117],"product_tag":[],"class_list":{"0":"post-8005","1":"product","2":"type-product","3":"status-publish","4":"has-post-thumbnail","6":"product_cat-plastic-gears","8":"first","9":"instock","10":"shipping-taxable","11":"product-type-simple"},"_links":{"self":[{"href":"https:\/\/fmp-components.com\/pl\/wp-json\/wp\/v2\/product\/8005","targetHints":{"allow":["GET"]}}],"collection":[{"href":"https:\/\/fmp-components.com\/pl\/wp-json\/wp\/v2\/product"}],"about":[{"href":"https:\/\/fmp-components.com\/pl\/wp-json\/wp\/v2\/types\/product"}],"replies":[{"embeddable":true,"href":"https:\/\/fmp-components.com\/pl\/wp-json\/wp\/v2\/comments?post=8005"}],"wp:featuredmedia":[{"embeddable":true,"href":"https:\/\/fmp-components.com\/pl\/wp-json\/wp\/v2\/media\/8008"}],"wp:attachment":[{"href":"https:\/\/fmp-components.com\/pl\/wp-json\/wp\/v2\/media?parent=8005"}],"wp:term":[{"taxonomy":"product_brand","embeddable":true,"href":"https:\/\/fmp-components.com\/pl\/wp-json\/wp\/v2\/product_brand?post=8005"},{"taxonomy":"product_cat","embeddable":true,"href":"https:\/\/fmp-components.com\/pl\/wp-json\/wp\/v2\/product_cat?post=8005"},{"taxonomy":"product_tag","embeddable":true,"href":"https:\/\/fmp-components.com\/pl\/wp-json\/wp\/v2\/product_tag?post=8005"}],"curies":[{"name":"wp","href":"https:\/\/api.w.org\/{rel}","templated":true}]}}