{"id":7972,"date":"2025-04-15T01:12:03","date_gmt":"2025-04-15T01:12:03","guid":{"rendered":"https:\/\/fmp-components.com\/?post_type=product&#038;p=7972"},"modified":"2025-04-15T01:46:57","modified_gmt":"2025-04-15T01:46:57","slug":"injection-plastic-parts-customization","status":"publish","type":"product","link":"https:\/\/fmp-components.com\/pl\/product\/injection-plastic-parts-customization\/","title":{"rendered":"Personalizacja cz\u0119\u015bci z tworzyw sztucznych wtryskowych"},"content":{"rendered":"<h2>Cz\u0119\u015bci z tworzyw sztucznych formowane wtryskowo: precyzyjna produkcja do r\u00f3\u017cnorodnych zastosowa\u0144<\/h2>\n<p>Wtryskowe elementy z tworzyw sztucznych stanowi\u0105 integraln\u0105 cz\u0119\u015b\u0107 nowoczesnej produkcji, oferuj\u0105c niezr\u00f3wnan\u0105 precyzj\u0119, skalowalno\u015b\u0107 i wszechstronno\u015b\u0107. Formowanie wtryskowe tworzyw sztucznych to proces, w kt\u00f3rym stopiona \u017cywica jest wtryskiwana do metalowej formy, sch\u0142adzana i utwardzana w celu uzyskania wysokiej jako\u015bci komponent\u00f3w. Ta metoda jest powszechnie stosowana w bran\u017cach takich jak motoryzacja, urz\u0105dzenia medyczne, elektronika u\u017cytkowa i innych ze wzgl\u0119du na swoj\u0105 op\u0142acalno\u015b\u0107 i mo\u017cliwo\u015b\u0107 wytwarzania z\u0142o\u017conych geometrii przy minimalnej ilo\u015bci odpad\u00f3w. W miastach takich jak Mediolan, Wenecja, Florencja i Bolonia, gdzie kwitnie innowacyjno\u015b\u0107 i rzemios\u0142o, formowanie wtryskowe wspiera lokalne przedsi\u0119biorstwa, dostarczaj\u0105c rozwi\u0105zania dostosowane do indywidualnych potrzeb.<\/p>\n<p><img loading=\"lazy\" decoding=\"async\" class=\"size-full wp-image-7973 aligncenter\" src=\"https:\/\/fmp-components.com\/wp-content\/uploads\/2025\/04\/injection-module-parts.webp\" alt=\"cz\u0119\u015bci modu\u0142u wtryskowego\" width=\"1059\" height=\"428\" title=\"\" srcset=\"https:\/\/fmp-components.com\/wp-content\/uploads\/2025\/04\/injection-module-parts.webp 1059w, https:\/\/fmp-components.com\/wp-content\/uploads\/2025\/04\/injection-module-parts-980x396.webp 980w, https:\/\/fmp-components.com\/wp-content\/uploads\/2025\/04\/injection-module-parts-480x194.webp 480w\" sizes=\"(min-width: 0px) and (max-width: 480px) 480px, (min-width: 481px) and (max-width: 980px) 980px, (min-width: 981px) 1059px, 100vw\" \/><\/p>\n<h3>Dlaczego warto wybra\u0107 formowanie wtryskowe?<\/h3>\n<p>Formowanie wtryskowe wyr\u00f3\u017cnia si\u0119 mo\u017cliwo\u015bci\u0105 produkcji element\u00f3w z tworzyw sztucznych na du\u017c\u0105 skal\u0119, zachowuj\u0105c przy tym sta\u0142\u0105 jako\u015b\u0107. Proces ten polega na wtryskiwaniu stopionego tworzywa sztucznego do precyzyjnie wykonanej formy, kt\u00f3ra nast\u0119pnie jest sch\u0142adzana w celu uzyskania litego elementu. Ta metoda zapewnia niskie koszty jednostkowe, co czyni j\u0105 idealn\u0105 do produkcji wielkoseryjnej we w\u0142oskich o\u015brodkach przemys\u0142owych, takich jak Mediolan i Bolonia. Do jej najwa\u017cniejszych zalet nale\u017c\u0105:<\/p>\n<div>\n<ul class=\"marker:text-secondary\" dir=\"auto\">\n<li class=\"break-words\"><strong>Efektywno\u015b\u0107 kosztowa<\/strong>:Po stworzeniu formy koszt jednostkowy cz\u0119\u015bci spada znacz\u0105co, zw\u0142aszcza w przypadku du\u017cych ilo\u015bci.<\/li>\n<li class=\"break-words\"><strong>Wysoka precyzja<\/strong>: Tolerancje rz\u0119du +\/- 0,003 cala (0,08 mm) gwarantuj\u0105, \u017ce cz\u0119\u015bci spe\u0142niaj\u0105 dok\u0142adne specyfikacje.<\/li>\n<li class=\"break-words\"><strong>Wszechstronno\u015b\u0107 materia\u0142\u00f3w<\/strong>Ponad 200 \u017cywic termoplastycznych, w tym HDPE, ABS i poliw\u0119glan, zaspokaja potrzeby r\u00f3\u017cnorodnych zastosowa\u0144.<\/li>\n<li class=\"break-words\"><strong>Skalowalno\u015b\u0107<\/strong>:Doskona\u0142y do \u200b\u200bprototypowania ma\u0142ych serii w studiach projektowych we Florencji lub do produkcji wielkoseryjnej w zak\u0142adach produkcyjnych w Wenecji.<\/li>\n<\/ul>\n<p class=\"break-words\" dir=\"auto\">Typowe zastosowania obejmuj\u0105 podzespo\u0142y samochodowe, obudowy urz\u0105dze\u0144 medycznych i obudowy produkt\u00f3w konsumenckich \u2013 we wszystkich przypadkach proces ten charakteryzuje si\u0119 elastyczno\u015bci\u0105 i trwa\u0142o\u015bci\u0105.<\/p>\n<p dir=\"auto\"><img loading=\"lazy\" decoding=\"async\" class=\"wp-image-7976 aligncenter\" src=\"https:\/\/fmp-components.com\/wp-content\/uploads\/2025\/04\/Auto-Industrial-Spare-Parts-Molding-Nylon-Injection-Plastic-Spur-Pinion-Gears.webp\" alt=\"Cz\u0119\u015bci zamienne do przemys\u0142u samochodowego, formowanie wtryskowe nylonu, ko\u0142a z\u0119bate walcowe z tworzywa sztucznego\" width=\"931\" height=\"931\" title=\"\" srcset=\"https:\/\/fmp-components.com\/wp-content\/uploads\/2025\/04\/Auto-Industrial-Spare-Parts-Molding-Nylon-Injection-Plastic-Spur-Pinion-Gears.webp 931w, https:\/\/fmp-components.com\/wp-content\/uploads\/2025\/04\/Auto-Industrial-Spare-Parts-Molding-Nylon-Injection-Plastic-Spur-Pinion-Gears-480x480.webp 480w\" sizes=\"(min-width: 0px) and (max-width: 480px) 480px, (min-width: 481px) 931px, 100vw\" \/><\/p>\n<div>\n<h3 dir=\"auto\">Mo\u017cliwo\u015bci formowania wtryskowego<\/h3>\n<p class=\"break-words\" dir=\"auto\">Formowanie wtryskowe umo\u017cliwia produkcj\u0119 element\u00f3w o szerokim zakresie rozmiar\u00f3w i z\u0142o\u017cono\u015bci. Typowe mo\u017cliwo\u015bci obejmuj\u0105:<\/p>\n<ul class=\"marker:text-secondary\" dir=\"auto\">\n<li class=\"break-words\"><strong>Limity rozmiaru<\/strong>: Do 18,9 cala x 29,6 cala x 8 cali (480 mm x 751 mm x 203 mm).<\/li>\n<li class=\"break-words\"><strong>Tom<\/strong>: Nadaje si\u0119 do cz\u0119\u015bci o pojemno\u015bci do 59 cali sze\u015bciennych (966 837 mm sze\u015bciennych).<\/li>\n<li class=\"break-words\"><strong>Tolerancje<\/strong>Standardowe tolerancje obr\u00f3bki wynosz\u0105 +\/- 0,003 cala (0,08 mm), a tolerancje \u017cywicy wynosz\u0105 nawet +\/- 0,002 cala\/cal.<\/li>\n<li class=\"break-words\"><strong>Rodzaje form<\/strong>:Formy aluminiowe i stalowe, w tym formy pojedyncze, wielogniazdowe i rodzinne, umo\u017cliwiaj\u0105 szybkie prototypowanie i produkcj\u0119.<\/li>\n<\/ul>\n<p class=\"break-words\" dir=\"auto\">Dzi\u0119ki tym mo\u017cliwo\u015bciom formowanie wtryskowe idealnie nadaje si\u0119 do tworzenia skomplikowanych cz\u0119\u015bci, takich jak ko\u0142a z\u0119bate, obudowy i prototypy funkcjonalne, w szczeg\u00f3lno\u015bci dla przedsi\u0119biorstw dzia\u0142aj\u0105cych we w\u0142oskich miastach, w kt\u00f3rych liczy si\u0119 design.<\/p>\n<\/div>\n<div>\n<h3 dir=\"auto\">Materia\u0142y na niestandardowe cz\u0119\u015bci plastikowe<\/h3>\n<p class=\"break-words\" dir=\"auto\">Wyb\u00f3r materia\u0142u ma kluczowe znaczenie dla wydajno\u015bci cz\u0119\u015bci. Formowanie wtryskowe obs\u0142uguje szerok\u0105 gam\u0119 tworzyw termoplastycznych, z kt\u00f3rych ka\u017cde oferuje unikalne w\u0142a\u015bciwo\u015bci:<\/p>\n<ul class=\"marker:text-secondary\" dir=\"auto\">\n<li class=\"break-words\"><strong>HDPE<\/strong>:Wysoki stosunek wytrzyma\u0142o\u015bci do masy, idealny do trwa\u0142ych pojemnik\u00f3w i ruroci\u0105g\u00f3w.<\/li>\n<li class=\"break-words\"><strong>Polipropylen (PP)<\/strong>:Odporny na dzia\u0142anie chemikali\u00f3w i bezpieczny dla \u017cywno\u015bci, idealny do pakowania wyrob\u00f3w medycznych.<\/li>\n<li class=\"break-words\"><strong>ABS<\/strong>:Odporny na uderzenia i wszechstronny, stosowany w motoryzacji i elektronice u\u017cytkowej.<\/li>\n<li class=\"break-words\"><strong>Poliw\u0119glan<\/strong>:Przezroczysty i wytrzyma\u0142y, nadaje si\u0119 do zastosowa\u0144 optycznych i medycznych.<\/li>\n<li class=\"break-words\"><strong>Nylon 6\/66<\/strong>:Wysoka wytrzyma\u0142o\u015b\u0107 na rozci\u0105ganie, powszechnie stosowana w przek\u0142adniach i elementach mechanicznych.<\/li>\n<li class=\"break-words\"><strong>Acetal (POM)<\/strong>:Niskie tarcie i odporno\u015b\u0107 na zu\u017cycie, idealne do precyzyjnych przek\u0142adni i \u0142o\u017cysk.<\/li>\n<\/ul>\n<p class=\"break-words\" dir=\"auto\">FMP wykorzystuje te materia\u0142y, aby spe\u0142ni\u0107 rygorystyczne standardy bran\u017cowe, zapewniaj\u0105c jednocze\u015bnie funkcjonalno\u015b\u0107 i walory estetyczne cz\u0119\u015bci.<\/p>\n<p dir=\"auto\"><img loading=\"lazy\" decoding=\"async\" class=\"size-full wp-image-7975 aligncenter\" src=\"https:\/\/fmp-components.com\/wp-content\/uploads\/2025\/04\/Materials-for-Custom-Plastic-Parts-1.webp\" alt=\"Materia\u0142y na niestandardowe cz\u0119\u015bci plastikowe\" width=\"750\" height=\"1276\" title=\"\" srcset=\"https:\/\/fmp-components.com\/wp-content\/uploads\/2025\/04\/Materials-for-Custom-Plastic-Parts-1.webp 750w, https:\/\/fmp-components.com\/wp-content\/uploads\/2025\/04\/Materials-for-Custom-Plastic-Parts-1-480x817.webp 480w\" sizes=\"(min-width: 0px) and (max-width: 480px) 480px, (min-width: 481px) 750px, 100vw\" \/><\/p>\n<h3>Wyko\u0144czenie powierzchni i zapewnienie jako\u015bci<\/h3>\n<p>Formowanie wtryskowe oferuje r\u00f3\u017cnorodne wyko\u0144czenia powierzchni, kt\u00f3re poprawiaj\u0105 wygl\u0105d i funkcjonalno\u015b\u0107 detali, w tym b\u0142yszcz\u0105ce, matowe, teksturowane lub polerowane. Zapewnienie jako\u015bci odbywa si\u0119 poprzez:<\/p>\n<p>Certyfikaty: ISO 9001:2015, ISO 13485 i zgodno\u015b\u0107 z ITAR.<br \/>\nKontrola: Kontrola pierwszego artyku\u0142u (FAI) i proces zatwierdzania cz\u0119\u015bci produkcyjnej (PPAP) zapewniaj\u0105 precyzj\u0119.<br \/>\nTolerancje: Tolerancje krytycznych cech mo\u017cna \u015bci\u015ble kontrolowa\u0107, aby zapewni\u0107 sp\u00f3jno\u015b\u0107 poszczeg\u00f3lnych partii produkcyjnych.<br \/>\nNormy te s\u0105 niezb\u0119dne dla takich ga\u0142\u0119zi przemys\u0142u jak medycyna i motoryzacja, kt\u00f3re s\u0105 dominuj\u0105ce we w\u0142oskim sektorze przemys\u0142owym.<\/p>\n<div>\n<h2 class=\"\" dir=\"auto\">O firmie FMP: Tw\u00f3j partner w zakresie niestandardowych przek\u0142adni z tworzyw sztucznych<\/h2>\n<p class=\"break-words\" dir=\"auto\">W FMP specjalizujemy si\u0119 w dostarczaniu wysokiej jako\u015bci element\u00f3w z tworzyw sztucznych formowanych wtryskowo, ze szczeg\u00f3lnym uwzgl\u0119dnieniem przek\u0142adni z tworzyw sztucznych do r\u00f3\u017cnych zastosowa\u0144. Z siedzib\u0105 w sercu w\u0142oskiego ekosystemu produkcyjnego, obs\u0142ugujemy firmy w Mediolanie, Wenecji, Florencji i Bolonii, \u0142\u0105cz\u0105c precyzj\u0119 in\u017cynierii z innowacyjnym wzornictwem. Nasza oferta obejmuje:<\/p>\n<ul class=\"marker:text-secondary\" dir=\"auto\">\n<li class=\"break-words\"><strong>R\u00f3\u017cne rodzaje przek\u0142adni<\/strong>:Produkujemy komponenty do zastosowa\u0144 w motoryzacji, przemy\u015ble i gospodarstwach domowych, od k\u00f3\u0142 z\u0119batych walcowych po ko\u0142a z\u0119bate \u015brubowe i sto\u017ckowe.<\/li>\n<li class=\"break-words\"><strong>Personalizacja<\/strong>:Przyjmujemy w pe\u0142ni spersonalizowane zam\u00f3wienia, dostosowuj\u0105c sprz\u0119t do dok\u0142adnych specyfikacji, zar\u00f3wno na potrzeby prototyp\u00f3w, jak i produkcji na du\u017c\u0105 skal\u0119.<\/li>\n<li class=\"break-words\"><strong>Szybka reakcja<\/strong>: Je\u015bli nie widzisz interesuj\u0105cego Ci\u0119 modelu sprz\u0119tu na naszej li\u015bcie produkt\u00f3w, prawdopodobnie jeszcze go nie dodali\u015bmy. Wystarczy, \u017ce wy\u015blesz nam e-mail ze swoimi wymaganiami, a nasi in\u017cynierowie odpowiedz\u0105 w ci\u0105gu 24 godzin, proponuj\u0105c rozwi\u0105zanie dopasowane do Twoich potrzeb.<\/li>\n<\/ul>\n<p class=\"break-words\" dir=\"auto\">Zaanga\u017cowanie FMP w jako\u015b\u0107 i szybko\u015b\u0107 gwarantuje, \u017ce Tw\u00f3j projekt b\u0119dzie realizowany zgodnie z planem, niezale\u017cnie od tego, czy wprowadzasz innowacje w florenckich studiach projektowych, czy skalujesz produkcj\u0119 w mediola\u0144skich strefach przemys\u0142owych. Skontaktuj si\u0119 z nami ju\u017c dzi\u015b pod adresem <a href=\"mailto:info@fmpcomponents.it\">info@fmpcomponents.it<\/a> aby om\u00f3wi\u0107 Twoje potrzeby i do\u015bwiadczy\u0107 w\u0142oskiego rzemios\u0142a w najlepszym wydaniu.<\/p>\n<p dir=\"auto\"><img loading=\"lazy\" decoding=\"async\" class=\"wp-image-7981 aligncenter\" src=\"https:\/\/fmp-components.com\/wp-content\/uploads\/2025\/04\/plastic-gear-set-factory.webp\" alt=\"fabryka zestaw\u00f3w k\u00f3\u0142 z\u0119batych z tworzyw sztucznych\" width=\"874\" height=\"728\" title=\"\" srcset=\"https:\/\/fmp-components.com\/wp-content\/uploads\/2025\/04\/plastic-gear-set-factory.webp 874w, https:\/\/fmp-components.com\/wp-content\/uploads\/2025\/04\/plastic-gear-set-factory-480x400.webp 480w\" sizes=\"(min-width: 0px) and (max-width: 480px) 480px, (min-width: 481px) 874px, 100vw\" \/><\/p>\n<\/div>\n<\/div>\n<\/div>","protected":false},"excerpt":{"rendered":"<p>Injection Plastic Parts: Precision Manufacturing for Diverse Applications Injection plastic parts are integral to modern manufacturing, offering unmatched precision, scalability, and versatility. Plastic injection molding is a process where molten plastic resin is injected into a metal mold cavity, cooled, and solidified to form high-quality components. This method is widely adopted across industries like automotive, [&hellip;]<\/p>","protected":false},"featured_media":4663,"comment_status":"open","ping_status":"closed","template":"","meta":{"_et_pb_use_builder":"","_et_pb_old_content":"","_et_gb_content_width":""},"product_brand":[],"product_cat":[117],"product_tag":[],"class_list":{"0":"post-7972","1":"product","2":"type-product","3":"status-publish","4":"has-post-thumbnail","6":"product_cat-plastic-gears","8":"first","9":"instock","10":"shipping-taxable","11":"product-type-simple"},"_links":{"self":[{"href":"https:\/\/fmp-components.com\/pl\/wp-json\/wp\/v2\/product\/7972","targetHints":{"allow":["GET"]}}],"collection":[{"href":"https:\/\/fmp-components.com\/pl\/wp-json\/wp\/v2\/product"}],"about":[{"href":"https:\/\/fmp-components.com\/pl\/wp-json\/wp\/v2\/types\/product"}],"replies":[{"embeddable":true,"href":"https:\/\/fmp-components.com\/pl\/wp-json\/wp\/v2\/comments?post=7972"}],"wp:featuredmedia":[{"embeddable":true,"href":"https:\/\/fmp-components.com\/pl\/wp-json\/wp\/v2\/media\/4663"}],"wp:attachment":[{"href":"https:\/\/fmp-components.com\/pl\/wp-json\/wp\/v2\/media?parent=7972"}],"wp:term":[{"taxonomy":"product_brand","embeddable":true,"href":"https:\/\/fmp-components.com\/pl\/wp-json\/wp\/v2\/product_brand?post=7972"},{"taxonomy":"product_cat","embeddable":true,"href":"https:\/\/fmp-components.com\/pl\/wp-json\/wp\/v2\/product_cat?post=7972"},{"taxonomy":"product_tag","embeddable":true,"href":"https:\/\/fmp-components.com\/pl\/wp-json\/wp\/v2\/product_tag?post=7972"}],"curies":[{"name":"wp","href":"https:\/\/api.w.org\/{rel}","templated":true}]}}