{"id":7925,"date":"2025-04-11T05:36:47","date_gmt":"2025-04-11T05:36:47","guid":{"rendered":"https:\/\/fmp-components.com\/?post_type=product&#038;p=7925"},"modified":"2025-04-11T05:45:56","modified_gmt":"2025-04-11T05:45:56","slug":"flywheel-ring-gear","status":"publish","type":"product","link":"https:\/\/fmp-components.com\/pl\/product\/flywheel-ring-gear\/","title":{"rendered":"Pier\u015bcie\u0144 ko\u0142a zamachowego"},"content":{"rendered":"<h2>Ko\u0142a z\u0119bate pier\u015bcieniowe ko\u0142a zamachowego: precyzja i wydajno\u015b\u0107 dla w\u0142oskiego przemys\u0142u<\/h2>\n<div>Ko\u0142o zamachowe <a href=\"https:\/\/fmp-components.com\/pl\/ring-gear\/\">ko\u0142a z\u0119bate pier\u015bcieniowe<\/a> to kluczowe komponenty w maszynach samochodowych i przemys\u0142owych, zapewniaj\u0105ce p\u0142ynne przenoszenie mocy mi\u0119dzy silnikiem a rozrusznikiem. Zaprojektowane z my\u015bl\u0105 o trwa\u0142o\u015bci i precyzji, te ko\u0142a z\u0119bate s\u0105 niezb\u0119dne w pojazdach i sprz\u0119cie u\u017cywanym w ca\u0142ych W\u0142oszech, od t\u0119tni\u0105cych \u017cyciem ulic Mediolanu po malownicze trasy Florencji. W FMP produkujemy wie\u0144ce z\u0119bate k\u00f3\u0142 zamachowych, kt\u00f3re spe\u0142niaj\u0105 rygorystyczne standardy jako\u015bci, oferuj\u0105c niezawodn\u0105 wydajno\u015b\u0107 w szerokim zakresie zastosowa\u0144. Niezale\u017cnie od tego, czy serwisujesz silniki okr\u0119towe w Wenecji, czy ci\u0119\u017cki sprz\u0119t w Bolonii, nasze wie\u0144ce z\u0119bate s\u0105 zaprojektowane tak, aby wytrzyma\u0107 wysoki moment obrotowy i trudne warunki, zapewniaj\u0105c d\u0142ugotrwa\u0142\u0105 wydajno\u015b\u0107.<\/div>\n<p><img loading=\"lazy\" decoding=\"async\" class=\"alignnone size-full wp-image-7927\" src=\"https:\/\/fmp-components.com\/wp-content\/uploads\/2025\/04\/flywheel-ring-gear-product-detail.webp\" alt=\"szczeg\u00f3\u0142y produktu ko\u0142a zamachowego\" width=\"1200\" height=\"1200\" title=\"\" srcset=\"https:\/\/fmp-components.com\/wp-content\/uploads\/2025\/04\/flywheel-ring-gear-product-detail.webp 1200w, https:\/\/fmp-components.com\/wp-content\/uploads\/2025\/04\/flywheel-ring-gear-product-detail-980x980.webp 980w, https:\/\/fmp-components.com\/wp-content\/uploads\/2025\/04\/flywheel-ring-gear-product-detail-480x480.webp 480w\" sizes=\"(min-width: 0px) and (max-width: 480px) 480px, (min-width: 481px) and (max-width: 980px) 980px, (min-width: 981px) 1200px, 100vw\" \/><\/p>\n<h2>Dlaczego warto wybra\u0107 wysokiej jako\u015bci wie\u0144ce z\u0119bate ko\u0142a zamachowego firmy FMP?<\/h2>\n<div>W zr\u00f3\u017cnicowanym krajobrazie przemys\u0142owym W\u0142och, od florenckich warsztat\u00f3w rzemie\u015blniczych po mediola\u0144skie centra motoryzacyjne, zapotrzebowanie na solidne wie\u0144ce z\u0119bate k\u00f3\u0142 zamachowych stale ro\u015bnie. Ko\u0142a te s\u0105 wykonane z najwy\u017cszej jako\u015bci materia\u0142\u00f3w, odpornych na zu\u017cycie i zapewniaj\u0105cych bezproblemow\u0105 wsp\u00f3\u0142prac\u0119 z rozrusznikami. W FMP oferujemy szerok\u0105 gam\u0119 wie\u0144c\u00f3w z\u0119batych odpowiednich do samochod\u00f3w osobowych, ci\u0119\u017carowych i urz\u0105dze\u0144 przemys\u0142owych, gwarantuj\u0105c kompatybilno\u015b\u0107 z r\u00f3\u017cnymi modelami. Je\u015bli jeste\u015b w Wenecji lub Bolonii i nie mo\u017cesz znale\u017a\u0107 konkretnego modelu wie\u0144ca z\u0119batego, nie martw si\u0119 \u2014 nasz zesp\u00f3\u0142 dostosuje rozwi\u0105zania do Twoich potrzeb, dostarczaj\u0105c precyzyjnie zaprojektowane produkty, kt\u00f3re zapewni\u0105 p\u0142ynne dzia\u0142anie Twojej dzia\u0142alno\u015bci.<\/div>\n<div>\n<h3>FMP: Tw\u00f3j zaufany partner w zakresie k\u00f3\u0142 z\u0119batych ko\u0142a zamachowego we W\u0142oszech<\/h3>\n<p>FMP to wiod\u0105cy producent wie\u0144c\u00f3w z\u0119batych k\u00f3\u0142 zamachowych. Nasza firma specjalizuje si\u0119 w szerokiej gamie wie\u0144c\u00f3w z\u0119batych i oferuje us\u0142ugi dostosowane do indywidualnych potrzeb klienta. Je\u015bli nie widzisz modelu, kt\u00f3rego potrzebujesz, na naszej li\u015bcie produkt\u00f3w, by\u0107 mo\u017ce nie zosta\u0142 on jeszcze dodany. Wystarczy, \u017ce poinformujesz nas o swoich potrzebach e-mailem, a jeden z naszych in\u017cynier\u00f3w odpowie w ci\u0105gu 24 godzin, oferuj\u0105c rozwi\u0105zanie dopasowane do Twoich potrzeb. Gdziekolwiek jeste\u015b we W\u0142oszech, FMP dostarczy wysokiej jako\u015bci i trwa\u0142e wie\u0144ce z\u0119bate, kt\u00f3re wzmocni\u0105 Twoj\u0105 firm\u0119.<\/p>\n<table style=\"border-collapse: collapse; width: 103.578%; height: 58px;\" border=\"0\" width=\"240\" cellspacing=\"0\" cellpadding=\"0\">\n<tbody>\n<tr style=\"height: 14.40pt;\">\n<td style=\"height: 14.40pt; width: 48.00pt;\" align=\"right\" width=\"80\" height=\"24\"><img loading=\"lazy\" decoding=\"async\" class=\"size-full wp-image-7931 aligncenter\" src=\"https:\/\/fmp-components.com\/wp-content\/uploads\/2025\/04\/flywheel-ring-gear-product-1.webp\" alt=\"produkt z pier\u015bcieniem z\u0119batym ko\u0142a zamachowego\" width=\"750\" height=\"750\" title=\"\" srcset=\"https:\/\/fmp-components.com\/wp-content\/uploads\/2025\/04\/flywheel-ring-gear-product-1.webp 750w, https:\/\/fmp-components.com\/wp-content\/uploads\/2025\/04\/flywheel-ring-gear-product-1-480x480.webp 480w\" sizes=\"(min-width: 0px) and (max-width: 480px) 480px, (min-width: 481px) 750px, 100vw\" \/><\/td>\n<td style=\"width: 48.00pt;\" align=\"right\" width=\"80\"><img loading=\"lazy\" decoding=\"async\" class=\"size-full wp-image-7929 aligncenter\" src=\"https:\/\/fmp-components.com\/wp-content\/uploads\/2025\/04\/flywheel-ring-gear-product-2.webp\" alt=\"produkt z pier\u015bcieniem z\u0119batym ko\u0142a zamachowego\" width=\"800\" height=\"800\" title=\"\" srcset=\"https:\/\/fmp-components.com\/wp-content\/uploads\/2025\/04\/flywheel-ring-gear-product-2.webp 800w, https:\/\/fmp-components.com\/wp-content\/uploads\/2025\/04\/flywheel-ring-gear-product-2-480x480.webp 480w\" sizes=\"(min-width: 0px) and (max-width: 480px) 480px, (min-width: 481px) 800px, 100vw\" \/><\/td>\n<td style=\"width: 48.00pt;\" align=\"right\" width=\"80\"><img loading=\"lazy\" decoding=\"async\" class=\"size-full wp-image-7930 aligncenter\" src=\"https:\/\/fmp-components.com\/wp-content\/uploads\/2025\/04\/flywheel-ring-gear-product-3.webp\" alt=\"produkt z pier\u015bcieniem z\u0119batym ko\u0142a zamachowego\" width=\"800\" height=\"800\" title=\"\" srcset=\"https:\/\/fmp-components.com\/wp-content\/uploads\/2025\/04\/flywheel-ring-gear-product-3.webp 800w, https:\/\/fmp-components.com\/wp-content\/uploads\/2025\/04\/flywheel-ring-gear-product-3-480x480.webp 480w\" sizes=\"(min-width: 0px) and (max-width: 480px) 480px, (min-width: 481px) 800px, 100vw\" \/><\/td>\n<\/tr>\n<\/tbody>\n<\/table>\n<\/div>","protected":false},"excerpt":{"rendered":"<p>Flywheel Ring Gears: Precision and Performance for Italian Industries Flywheel ring gears are critical components in automotive and industrial machinery, ensuring smooth power transmission between the engine and the starter motor. Designed for durability and precision, these gears are essential for vehicles and equipment used across Italy, from the bustling streets of Milan to the [&hellip;]<\/p>","protected":false},"featured_media":7926,"comment_status":"open","ping_status":"closed","template":"","meta":{"_et_pb_use_builder":"","_et_pb_old_content":"","_et_gb_content_width":""},"product_brand":[],"product_cat":[114],"product_tag":[],"class_list":{"0":"post-7925","1":"product","2":"type-product","3":"status-publish","4":"has-post-thumbnail","6":"product_cat-ring-gear","8":"first","9":"instock","10":"shipping-taxable","11":"product-type-simple"},"_links":{"self":[{"href":"https:\/\/fmp-components.com\/pl\/wp-json\/wp\/v2\/product\/7925","targetHints":{"allow":["GET"]}}],"collection":[{"href":"https:\/\/fmp-components.com\/pl\/wp-json\/wp\/v2\/product"}],"about":[{"href":"https:\/\/fmp-components.com\/pl\/wp-json\/wp\/v2\/types\/product"}],"replies":[{"embeddable":true,"href":"https:\/\/fmp-components.com\/pl\/wp-json\/wp\/v2\/comments?post=7925"}],"wp:featuredmedia":[{"embeddable":true,"href":"https:\/\/fmp-components.com\/pl\/wp-json\/wp\/v2\/media\/7926"}],"wp:attachment":[{"href":"https:\/\/fmp-components.com\/pl\/wp-json\/wp\/v2\/media?parent=7925"}],"wp:term":[{"taxonomy":"product_brand","embeddable":true,"href":"https:\/\/fmp-components.com\/pl\/wp-json\/wp\/v2\/product_brand?post=7925"},{"taxonomy":"product_cat","embeddable":true,"href":"https:\/\/fmp-components.com\/pl\/wp-json\/wp\/v2\/product_cat?post=7925"},{"taxonomy":"product_tag","embeddable":true,"href":"https:\/\/fmp-components.com\/pl\/wp-json\/wp\/v2\/product_tag?post=7925"}],"curies":[{"name":"wp","href":"https:\/\/api.w.org\/{rel}","templated":true}]}}