{"id":7915,"date":"2025-04-11T02:22:27","date_gmt":"2025-04-11T02:22:27","guid":{"rendered":"https:\/\/fmp-components.com\/?post_type=product&#038;p=7915"},"modified":"2025-04-11T03:15:34","modified_gmt":"2025-04-11T03:15:34","slug":"precision-gear-ring-and-pinion","status":"publish","type":"product","link":"https:\/\/fmp-components.com\/pl\/product\/precision-gear-ring-and-pinion\/","title":{"rendered":"Precyzyjny pier\u015bcie\u0144 z\u0119baty i z\u0119batka"},"content":{"rendered":"<div>\n<h2 dir=\"auto\">Doskona\u0142o\u015b\u0107 in\u017cynieryjna dla w\u0142oskich dr\u00f3g<\/h2>\n<p class=\"break-words\" dir=\"auto\">Je\u015bli chodzi o optymalizacj\u0119 osi\u0105g\u00f3w pojazdu, zestawy z\u0119batek i pier\u015bcieni Precision Gear to najlepszy wyb\u00f3r dla kierowc\u00f3w w ca\u0142ych W\u0142oszech, od t\u0119tni\u0105cych \u017cyciem ulic Mediolanu po malownicze drogi Florencji. Te wysokiej jako\u015bci zestawy z\u0119batek zosta\u0142y zaprojektowane z wykorzystaniem zaawansowanych technik produkcyjnych i najwy\u017cszej jako\u015bci kutych element\u00f3w 8620, co zapewnia trwa\u0142o\u015b\u0107 i precyzj\u0119 zar\u00f3wno w zastosowaniach ulicznych, jak i torowych. Niezale\u017cnie od tego, czy modernizujesz sw\u00f3j muscle car w Wenecji, czy dostrajasz samoch\u00f3d terenowy do off-roadowych przyg\u00f3d w okolicach Bolonii, Precision Gear oferuje szeroki zakres prze\u0142o\u017ce\u0144 \u2013 takich jak 3,08:1 dla GM 8,5\/8,6 cala, 4,56:1 dla Dana 44 lub 5,13:1 dla Ford 8,8 cala \u2013 aby dopasowa\u0107 je do Twoich indywidualnych potrzeb. Zaprojektowane z my\u015bl\u0105 o trudach jazdy z du\u017c\u0105 moc\u0105, te zestawy z\u0119batek zapewniaj\u0105 efektywny transfer mocy, zapewniaj\u0105c p\u0142ynn\u0105 jazd\u0119 w ka\u017cdym terenie.<\/p>\n<p dir=\"auto\"><img loading=\"lazy\" decoding=\"async\" class=\"size-full wp-image-7917 aligncenter\" src=\"https:\/\/fmp-components.com\/wp-content\/uploads\/2025\/04\/Precision-Gear-Ring-and-Pinion-2.webp\" alt=\"Precyzyjny pier\u015bcie\u0144 z\u0119baty i z\u0119batka\" width=\"800\" height=\"800\" title=\"\" srcset=\"https:\/\/fmp-components.com\/wp-content\/uploads\/2025\/04\/Precision-Gear-Ring-and-Pinion-2.webp 800w, https:\/\/fmp-components.com\/wp-content\/uploads\/2025\/04\/Precision-Gear-Ring-and-Pinion-2-480x480.webp 480w\" sizes=\"(min-width: 0px) and (max-width: 480px) 480px, (min-width: 481px) 800px, 100vw\" \/><\/p>\n<h3 dir=\"auto\">Specyfikacja<\/h3>\n<\/div>\n<div>\n<table style=\"width: 100%;\" border=\"1\" width=\"100%\" cellspacing=\"0\" cellpadding=\"0\">\n<tbody>\n<tr>\n<td colspan=\"1\" rowspan=\"1\">\n<div class=\"magic-13\" data-spm-anchor-id=\"a2700.details-description.0.i1.1c4atCsDtCsDdk\">Dost\u0119pny materia\u0142:<\/div>\n<\/td>\n<td colspan=\"1\" rowspan=\"1\">\n<div class=\"magic-14\">Mosi\u0105dz, mied\u017a, stal w\u0119glowa, stal nierdzewna, stopy stali, stopy aluminium itp.<\/div>\n<\/td>\n<\/tr>\n<tr>\n<td colspan=\"1\" rowspan=\"1\">\n<div class=\"magic-13\">Tolerancja:<\/div>\n<\/td>\n<td colspan=\"1\" rowspan=\"1\">\n<div class=\"magic-14\">Zgodnie z rysunkiem.(+\/-0,05 mm,+\/-0,01 mm)<\/div>\n<\/td>\n<\/tr>\n<tr>\n<td colspan=\"1\" rowspan=\"1\">\n<div class=\"magic-13\">Obr\u00f3bka powierzchni:<\/div>\n<\/td>\n<td colspan=\"1\" rowspan=\"1\">\n<div class=\"magic-14\">Cynkowanie, niklowanie, chromowanie, anodowanie, fosforanowanie, czernienie chemiczne, azotowanie w k\u0105pieli solnej itp.<\/div>\n<\/td>\n<\/tr>\n<tr>\n<td colspan=\"1\" rowspan=\"1\">\n<div class=\"magic-13\">Czas realizacji:<\/div>\n<\/td>\n<td colspan=\"1\" rowspan=\"1\">\n<div class=\"magic-14\">20-45 dni w zale\u017cno\u015bci od ilo\u015bci i z\u0142o\u017cono\u015bci<\/div>\n<\/td>\n<\/tr>\n<tr>\n<td colspan=\"1\" rowspan=\"1\">\n<div class=\"magic-13\">Aplikacja:<\/div>\n<\/td>\n<td colspan=\"1\" rowspan=\"1\">\n<div class=\"magic-14\">W\u00f3zek wid\u0142owy, d\u017awig, poci\u0105g, ci\u0119\u017car\u00f3wka, kosiarka do trawy, sprz\u0119t kolejowy, sprz\u0119t medyczny, maszyna przemys\u0142owa, samoch\u00f3d, pojazd elektryczny<br \/>\nurz\u0105dzenia, maszyny automatyzacyjne, inne ga\u0142\u0119zie przemys\u0142u itp.<\/div>\n<\/td>\n<\/tr>\n<tr>\n<td colspan=\"1\" rowspan=\"1\">\n<div class=\"magic-13\">Termin p\u0142atno\u015bci:<\/div>\n<\/td>\n<td colspan=\"1\" rowspan=\"1\">\n<div class=\"magic-14\">\n<p>L\/C na widok<\/p>\n<div>Depozyt T\/T 30% i zbilansowana p\u0142atno\u015b\u0107 70% przed wysy\u0142k\u0105.<\/div>\n<\/div>\n<\/td>\n<\/tr>\n<tr>\n<td colspan=\"1\" rowspan=\"1\">\n<div class=\"magic-13\">Sprz\u0119t produkcyjny:<\/div>\n<\/td>\n<td colspan=\"1\" rowspan=\"1\">\n<div class=\"magic-14\">Centrum obr\u00f3bcze CNC, tokarka CNC, szlifierka, frezarka, pi\u0142a, spawarka, prasa hydrauliczna, wiertarka<br \/>\ni maszyny do gwintowania, maszyny do obr\u00f3bki k\u00f3\u0142 z\u0119batych itp.<\/div>\n<\/td>\n<\/tr>\n<tr>\n<td colspan=\"1\" rowspan=\"1\">\n<div class=\"magic-13\">Sprz\u0119t inspekcyjny:<\/div>\n<\/td>\n<td colspan=\"1\" rowspan=\"1\">\n<div class=\"magic-14\">Elektroniczny przyrz\u0105d pomiarowy penumatyczny, trzy wsp\u00f3\u0142rz\u0119dno\u015bciowy sprz\u0119t detekcyjny, twardo\u015bciomierz Rockwella, cyfrowy ultrad\u017awi\u0119kowy miernik wad<br \/>\nDetektor, przyrz\u0105d do pomiaru chropowato\u015bci powierzchni, twardo\u015bciomierz Leeba, przyrz\u0105d do pomiaru ok\u0142adzin, tester solny, przek\u0142adnia<br \/>\nCentrum pomiarowe itp.<\/div>\n<\/td>\n<\/tr>\n<tr>\n<td colspan=\"1\" rowspan=\"1\">\n<div class=\"magic-13\">Kontrola jako\u015bci:<\/div>\n<\/td>\n<td colspan=\"1\" rowspan=\"1\">\n<div class=\"magic-14\">\n<p>1. Przed rozpocz\u0119ciem produkcji materia\u0142y przychodz\u0105ce zostan\u0105 sprawdzone.<\/p>\n<div data-spm-anchor-id=\"a2700.pc-decorate.0.i39.bc343333CIclSA\">2. Rygorystyczna kontrola jako\u015bci przetwarzania.<\/div>\n<div data-spm-anchor-id=\"a2700.pc-decorate.0.i39.bc343333CIclSA\">Kontrola 3.100% przed wysy\u0142k\u0105.<\/div>\n<div data-spm-anchor-id=\"a2700.pc-decorate.0.i39.bc343333CIclSA\">4. Jeste\u015bmy odpowiedzialni za jako\u015b\u0107 produktu dla u\u017cytkownika ko\u0144cowego.<\/div>\n<\/div>\n<\/td>\n<\/tr>\n<tr>\n<td colspan=\"1\" rowspan=\"1\">\n<div class=\"magic-13\">Pakiet:<\/div>\n<\/td>\n<td colspan=\"1\" rowspan=\"1\">\n<div class=\"magic-14\">\n<p>Metoda 1: Pude\u0142ko kartonowe lub tektura falista<\/p>\n<div data-spm-anchor-id=\"a2700.pc-decorate.0.i43.bc343333CIclSA\">Metoda 2: Drewniana skrzynia lub pud\u0142o<\/div>\n<div data-spm-anchor-id=\"a2700.pc-decorate.0.i43.bc343333CIclSA\">Metoda 3: Kosz \u017celazny lub plastikowy<\/div>\n<div data-spm-anchor-id=\"a2700.pc-decorate.0.i43.bc343333CIclSA\">Metoda 4: Paleta<\/div>\n<\/div>\n<\/td>\n<\/tr>\n<tr>\n<td colspan=\"1\" rowspan=\"1\">\n<div class=\"magic-13\">Serwis posprzeda\u017cowy:<\/div>\n<\/td>\n<td colspan=\"1\" rowspan=\"1\">\n<div class=\"magic-14\">B\u0119dziemy \u015bledzi\u0107 towary dla klient\u00f3w i pomaga\u0107 w rozwi\u0105zywaniu problem\u00f3w posprzeda\u017cowych<\/div>\n<\/td>\n<\/tr>\n<\/tbody>\n<\/table>\n<div>\n<h2 dir=\"auto\">Wszechstronna wydajno\u015b\u0107 dla ka\u017cdego nap\u0119du<\/h2>\n<p class=\"break-words\" dir=\"auto\">Zestawy k\u00f3\u0142 z\u0119batych Precision Gear zosta\u0142y zaprojektowane z my\u015bl\u0105 o wyj\u0105tkowej warto\u015bci bez kompromis\u00f3w w zakresie jako\u015bci, co czyni je najlepszym wyborem dla entuzjast\u00f3w motoryzacji w miastach takich jak Rzym i Turyn. Oferuj\u0105c opcje dla marek GM, Ford, Dana, Toyota i innych, te zestawy k\u00f3\u0142 z\u0119batych pasuj\u0105 do szerokiej gamy pojazd\u00f3w, gwarantuj\u0105c kompatybilno\u015b\u0107 i wydajno\u015b\u0107. Na przyk\u0142ad modele takie jak F88\/410 Ford 8,8 cala 4,10 Gears lub TOY\/456 Toyota 8 cali 4,56 Gears zosta\u0142y zaprojektowane tak, aby sprosta\u0107 trudnym warunkom, oferuj\u0105c niezawodno\u015b\u0107 podczas codziennych dojazd\u00f3w do pracy w Neapolu lub emocjonuj\u0105cych przeja\u017cd\u017cek po wzg\u00f3rzach Toskanii. Zestawy k\u00f3\u0142 z\u0119batych Precision Gear, poparte 4,0-gwiazdkow\u0105 ocen\u0105 klient\u00f3w, s\u0105 synonimem wytrzyma\u0142o\u015bci i przyst\u0119pnej ceny, pomagaj\u0105c w\u0142oskim kierowcom pewnie osi\u0105ga\u0107 cele dotycz\u0105ce osi\u0105g\u00f3w.<\/p>\n<h3 dir=\"auto\">FMP: Tw\u00f3j zaufany partner w zakresie rozwi\u0105za\u0144 w zakresie niestandardowego sprz\u0119tu<\/h3>\n<p dir=\"auto\">W FMP jeste\u015bmy dumni z bycia wiod\u0105cym producentem k\u00f3\u0142 z\u0119batych pier\u015bcieniowych i z\u0119batych, oferuj\u0105c szeroki wyb\u00f3r zestaw\u00f3w k\u00f3\u0142 z\u0119batych Precision Gear, aby sprosta\u0107 potrzebom w\u0142oskiej bran\u017cy motoryzacyjnej. Dzia\u0142aj\u0105c w samym sercu bran\u017cy, produkujemy ko\u0142a z\u0119bate do r\u00f3\u017cnych zastosowa\u0144, a tak\u017ce specjalizujemy si\u0119 w rozwi\u0105zaniach niestandardowych dla nietypowych konstrukcji pojazd\u00f3w.<\/p>\n<p dir=\"auto\">Je\u015bli nie znajdziesz potrzebnego modelu na naszej li\u015bcie produkt\u00f3w, nie martw si\u0119 \u2013 prawdopodobnie jeszcze go nie dodali\u015bmy. Wystarczy, \u017ce wy\u015blesz nam e-mail ze swoimi wymaganiami, a jeden z naszych do\u015bwiadczonych in\u017cynier\u00f3w odpowie w ci\u0105gu 24 godzin, aby udzieli\u0107 spersonalizowanej pomocy.<\/p>\n<\/div>\n<p dir=\"auto\"><img loading=\"lazy\" decoding=\"async\" class=\"wp-image-7919 aligncenter\" src=\"https:\/\/fmp-components.com\/wp-content\/uploads\/2025\/04\/Precision-Gear-Ring-and-Pinion-3.webp\" alt=\"Precyzyjny pier\u015bcie\u0144 z\u0119baty i z\u0119batka\" width=\"860\" height=\"860\" title=\"\" srcset=\"https:\/\/fmp-components.com\/wp-content\/uploads\/2025\/04\/Precision-Gear-Ring-and-Pinion-3.webp 860w, https:\/\/fmp-components.com\/wp-content\/uploads\/2025\/04\/Precision-Gear-Ring-and-Pinion-3-480x480.webp 480w\" sizes=\"(min-width: 0px) and (max-width: 480px) 480px, (min-width: 481px) 860px, 100vw\" \/><\/p>\n<\/div>","protected":false},"excerpt":{"rendered":"<p>Engineered Excellence for Italian Roads When it comes to optimizing your vehicle\u2019s performance, Precision Gear ring and pinion sets are the go-to choice for drivers across Italy, from the bustling streets of Milan to the scenic roads of Florence. These high-quality gear sets are engineered with advanced manufacturing techniques and premium 8620 forgings, ensuring durability [&hellip;]<\/p>","protected":false},"featured_media":7916,"comment_status":"open","ping_status":"closed","template":"","meta":{"_et_pb_use_builder":"","_et_pb_old_content":"","_et_gb_content_width":""},"product_brand":[],"product_cat":[114],"product_tag":[],"class_list":{"0":"post-7915","1":"product","2":"type-product","3":"status-publish","4":"has-post-thumbnail","6":"product_cat-ring-gear","8":"first","9":"instock","10":"shipping-taxable","11":"product-type-simple"},"_links":{"self":[{"href":"https:\/\/fmp-components.com\/pl\/wp-json\/wp\/v2\/product\/7915","targetHints":{"allow":["GET"]}}],"collection":[{"href":"https:\/\/fmp-components.com\/pl\/wp-json\/wp\/v2\/product"}],"about":[{"href":"https:\/\/fmp-components.com\/pl\/wp-json\/wp\/v2\/types\/product"}],"replies":[{"embeddable":true,"href":"https:\/\/fmp-components.com\/pl\/wp-json\/wp\/v2\/comments?post=7915"}],"wp:featuredmedia":[{"embeddable":true,"href":"https:\/\/fmp-components.com\/pl\/wp-json\/wp\/v2\/media\/7916"}],"wp:attachment":[{"href":"https:\/\/fmp-components.com\/pl\/wp-json\/wp\/v2\/media?parent=7915"}],"wp:term":[{"taxonomy":"product_brand","embeddable":true,"href":"https:\/\/fmp-components.com\/pl\/wp-json\/wp\/v2\/product_brand?post=7915"},{"taxonomy":"product_cat","embeddable":true,"href":"https:\/\/fmp-components.com\/pl\/wp-json\/wp\/v2\/product_cat?post=7915"},{"taxonomy":"product_tag","embeddable":true,"href":"https:\/\/fmp-components.com\/pl\/wp-json\/wp\/v2\/product_tag?post=7915"}],"curies":[{"name":"wp","href":"https:\/\/api.w.org\/{rel}","templated":true}]}}