{"id":7822,"date":"2025-04-08T06:56:52","date_gmt":"2025-04-08T06:56:52","guid":{"rendered":"https:\/\/fmp-components.com\/?post_type=product&#038;p=7822"},"modified":"2025-04-08T06:56:52","modified_gmt":"2025-04-08T06:56:52","slug":"differential-ring-and-pinion-gears10-bolt-fmp-d35-373","status":"publish","type":"product","link":"https:\/\/fmp-components.com\/pl\/product\/differential-ring-and-pinion-gears10-bolt-fmp-d35-373\/","title":{"rendered":"Pier\u015bcie\u0144 i z\u0119batka mechanizmu r\u00f3\u017cnicowego (10 \u015brub) FMP-D35-373"},"content":{"rendered":"<h2>Specyfikacja<\/h2>\n<table style=\"width: 100%;\" border=\"1\" width=\"100%\" cellspacing=\"0\" cellpadding=\"0\">\n<thead>\n<tr>\n<th><strong>Specyfikacja<\/strong><\/th>\n<th><strong>Warto\u015b\u0107<\/strong><\/th>\n<\/tr>\n<\/thead>\n<tbody>\n<tr>\n<td>Model aplikacji<\/td>\n<td>Dana 35 Standard<\/td>\n<\/tr>\n<tr>\n<td>Ilo\u015b\u0107 \u015brub pokrywy<\/td>\n<td>10<\/td>\n<\/tr>\n<tr>\n<td>R\u00f3\u017cnicowe przerwanie no\u015bnej<\/td>\n<td>Wsp\u00f3\u0142czynnik 3,54 i wy\u017cszy<\/td>\n<\/tr>\n<tr>\n<td>Typ konstrukcji obudowy mechanizmu r\u00f3\u017cnicowego<\/td>\n<td>Dana 35<\/td>\n<\/tr>\n<tr>\n<td>Prze\u0142o\u017cenie<\/td>\n<td>3.73<\/td>\n<\/tr>\n<tr>\n<td>Ilo\u015b\u0107 z\u0119b\u00f3w ko\u0142a z\u0119batego<\/td>\n<td>11<\/td>\n<\/tr>\n<tr>\n<td>\u015arednica wa\u0142u z\u0119batego<\/td>\n<td>1,376 (cal)<\/td>\n<\/tr>\n<tr>\n<td>Liczba wielowypust\u00f3w z\u0119batki<\/td>\n<td>26<\/td>\n<\/tr>\n<tr>\n<td>Ilo\u015b\u0107 \u015brub ko\u0142a z\u0119batego<\/td>\n<td>8<\/td>\n<\/tr>\n<tr>\n<td>Materia\u0142 pier\u015bcienia z\u0119batego<\/td>\n<td>Stal 8620<\/td>\n<\/tr>\n<tr>\n<td>\u015arednica zewn\u0119trzna ko\u0142a z\u0119batego pier\u015bcieniowego<\/td>\n<td>7,5 (cala)<\/td>\n<\/tr>\n<tr>\n<td>Obr\u00f3t pier\u015bcienia z\u0119batego<\/td>\n<td>Standard<\/td>\n<\/tr>\n<tr>\n<td>Ilo\u015b\u0107 z\u0119b\u00f3w ko\u0142a z\u0119batego<\/td>\n<td>41<\/td>\n<\/tr>\n<tr>\n<td>Taksonomia A<\/td>\n<td>R\u00f3\u017cnicowy LD<\/td>\n<\/tr>\n<tr>\n<td>Taksonomia B<\/td>\n<td>Pier\u015bcie\u0144 i z\u0119batka<\/td>\n<\/tr>\n<tr>\n<td>Taksonomia C<\/td>\n<td>Prz\u00f3d, ty\u0142<\/td>\n<\/tr>\n<tr>\n<td>Taksonomia D<\/td>\n<td>3.73<\/td>\n<\/tr>\n<\/tbody>\n<\/table>\n<div>\u00a0<img loading=\"lazy\" decoding=\"async\" class=\"size-full wp-image-7824 aligncenter\" src=\"https:\/\/fmp-components.com\/wp-content\/uploads\/2025\/04\/FMP_D35_373_5.webp\" alt=\"FMP_D35_373\" width=\"1500\" height=\"500\" title=\"\" srcset=\"https:\/\/fmp-components.com\/wp-content\/uploads\/2025\/04\/FMP_D35_373_5.webp 1500w, https:\/\/fmp-components.com\/wp-content\/uploads\/2025\/04\/FMP_D35_373_5-1280x427.webp 1280w, https:\/\/fmp-components.com\/wp-content\/uploads\/2025\/04\/FMP_D35_373_5-980x327.webp 980w, https:\/\/fmp-components.com\/wp-content\/uploads\/2025\/04\/FMP_D35_373_5-480x160.webp 480w\" sizes=\"(min-width: 0px) and (max-width: 480px) 480px, (min-width: 481px) and (max-width: 980px) 980px, (min-width: 981px) and (max-width: 1280px) 1280px, (min-width: 1281px) 1500px, 100vw\" \/><\/div>\n<div class=\"Message_messageMetadataContainer__nBPq7\">\n<h3 class=\"\" dir=\"auto\">FMP: Rozwi\u0105zania premium w zakresie przek\u0142adni z\u0119batych pier\u015bcieniowych i z\u0119batych<\/h3>\n<p class=\"break-words\" dir=\"auto\">W FMP z dum\u0105 produkujemy najwy\u017cszej klasy zestawy k\u00f3\u0142 z\u0119batych, kompatybilne z 10,5-calowymi mechanizmami r\u00f3\u017cnicowymi Forda, zapewniaj\u0105c wyj\u0105tkow\u0105 wydajno\u015b\u0107 kierowcom w r\u00f3\u017cnych warunkach terenowych. Niezale\u017cnie od tego, czy pokonujesz trudne szlaki terenowe, czy p\u0142ynnie poruszasz si\u0119 po autostradzie, nasze wysokiej jako\u015bci zestawy k\u00f3\u0142 z\u0119batych zosta\u0142y zaprojektowane tak, aby poprawi\u0107 Twoje wra\u017cenia z jazdy. Dzi\u0119ki ponad 40-letniemu do\u015bwiadczeniu, FMP dok\u0142ada wszelkich stara\u0144, aby dostarcza\u0107 wysokiej jako\u015bci komponenty, kt\u00f3re podnosz\u0105 mo\u017cliwo\u015bci pojazdu, zapewniaj\u0105c Ci zar\u00f3wno moc, jak i precyzj\u0119 za kierownic\u0105.<\/p>\n<p class=\"break-words\" dir=\"auto\">Nasze zestawy k\u00f3\u0142 z\u0119batych oferuj\u0105 szereg kluczowych korzy\u015bci dopasowanych do Twoich potrzeb. Wykonane z wysokiej jako\u015bci stali, w zaawansowanych procesach precyzyjnego ci\u0119cia i obr\u00f3bki cieplnej, zapewniaj\u0105 doskona\u0142\u0105 wytrzyma\u0142o\u015b\u0107 i trwa\u0142o\u015b\u0107, spe\u0142niaj\u0105c lub przewy\u017cszaj\u0105c standardy oryginalnego wyposa\u017cenia. Gwarantuje to niezawodn\u0105 prac\u0119 zar\u00f3wno w codziennych warunkach jazdy, jak i w ekstremalnych warunkach terenowych. Zoptymalizowane prze\u0142o\u017cenia poprawiaj\u0105 moment obrotowy, zapewniaj\u0105c lepsz\u0105 przyczepno\u015b\u0107, efektywno\u015b\u0107 holowania i kontrol\u0119, a jednocze\u015bnie zmniejszaj\u0105 zu\u017cycie paliwa przy pr\u0119dko\u015bciach autostradowych dzi\u0119ki utrzymaniu idealnych obrot\u00f3w silnika. Ponadto, nasze zestawy k\u00f3\u0142 z\u0119batych zosta\u0142y zaprojektowane z my\u015bl\u0105 o \u0142atwym monta\u017cu i cichej pracy, eliminuj\u0105c niepo\u017c\u0105dany ha\u0142as i zapewniaj\u0105c komfortow\u0105 jazd\u0119.<\/p>\n<p class=\"break-words\" dir=\"auto\">FMP z pe\u0142nym przekonaniem gwarantuje ka\u017cdy produkt, oferuj\u0105c 2-letni\u0105 gwarancj\u0119 na wady produkcyjne. Nasze zestawy k\u00f3\u0142 z\u0119batych s\u0105 skrupulatnie testowane pod k\u0105tem zastosowa\u0144 drogowych, terenowych, a nawet wy\u015bcigowych, co czyni je zaufanym wyborem zar\u00f3wno dla entuzjast\u00f3w, jak i profesjonalist\u00f3w. Modernizacja z FMP to nie tylko modyfikacja \u2013 to inwestycja w osi\u0105gi, wydajno\u015b\u0107 i d\u0142ugotrwa\u0142\u0105 niezawodno\u015b\u0107. W przypadku niestandardowych rozwi\u0105za\u0144 lub zapyta\u0144 prosimy o kontakt, a nasz dedykowany zesp\u00f3\u0142 dobierze idealny zestaw k\u00f3\u0142 z\u0119batych do Twojego pojazdu.<\/p>\n<\/div>","protected":false},"excerpt":{"rendered":"<p>Specification Specification Value App Model Dana 35 Standard Cover Bolt Quantity 10 Differential Carrier Break 3.54 Ratio and Higher Differential Case Design Type Dana 35 Gear Ratio 3.73 Pinion Gear Tooth Quantity 11 Pinion Shaft Diameter 1.376 (Inch) Pinion Spline Count 26 Ring Gear Bolt Quantity 8 Ring Gear Material 8620 Steel Ring Gear Outside [&hellip;]<\/p>","protected":false},"featured_media":7823,"comment_status":"open","ping_status":"closed","template":"","meta":{"_et_pb_use_builder":"","_et_pb_old_content":"","_et_gb_content_width":""},"product_brand":[],"product_cat":[115],"product_tag":[],"class_list":{"0":"post-7822","1":"product","2":"type-product","3":"status-publish","4":"has-post-thumbnail","6":"product_cat-ring-and-pinion-gears","8":"first","9":"instock","10":"shipping-taxable","11":"product-type-simple"},"_links":{"self":[{"href":"https:\/\/fmp-components.com\/pl\/wp-json\/wp\/v2\/product\/7822","targetHints":{"allow":["GET"]}}],"collection":[{"href":"https:\/\/fmp-components.com\/pl\/wp-json\/wp\/v2\/product"}],"about":[{"href":"https:\/\/fmp-components.com\/pl\/wp-json\/wp\/v2\/types\/product"}],"replies":[{"embeddable":true,"href":"https:\/\/fmp-components.com\/pl\/wp-json\/wp\/v2\/comments?post=7822"}],"wp:featuredmedia":[{"embeddable":true,"href":"https:\/\/fmp-components.com\/pl\/wp-json\/wp\/v2\/media\/7823"}],"wp:attachment":[{"href":"https:\/\/fmp-components.com\/pl\/wp-json\/wp\/v2\/media?parent=7822"}],"wp:term":[{"taxonomy":"product_brand","embeddable":true,"href":"https:\/\/fmp-components.com\/pl\/wp-json\/wp\/v2\/product_brand?post=7822"},{"taxonomy":"product_cat","embeddable":true,"href":"https:\/\/fmp-components.com\/pl\/wp-json\/wp\/v2\/product_cat?post=7822"},{"taxonomy":"product_tag","embeddable":true,"href":"https:\/\/fmp-components.com\/pl\/wp-json\/wp\/v2\/product_tag?post=7822"}],"curies":[{"name":"wp","href":"https:\/\/api.w.org\/{rel}","templated":true}]}}