{"id":7788,"date":"2025-04-04T07:30:31","date_gmt":"2025-04-04T07:30:31","guid":{"rendered":"https:\/\/fmp-components.com\/?post_type=product&#038;p=7788"},"modified":"2025-04-04T07:37:12","modified_gmt":"2025-04-04T07:37:12","slug":"involute-internal-gear","status":"publish","type":"product","link":"https:\/\/fmp-components.com\/pl\/product\/involute-internal-gear\/","title":{"rendered":"Ko\u0142o z\u0119bate wewn\u0119trzne ewolwentowe"},"content":{"rendered":"<p>Ko\u0142o z\u0119bate wewn\u0119trzne ewolwentowe to rodzaj ko\u0142a z\u0119batego, kt\u00f3rego z\u0119by maj\u0105 kszta\u0142t ewolwenty na wewn\u0119trznej powierzchni walcowej. Jest ono zaprojektowane tak, aby zaz\u0119bia\u0107 si\u0119 z ko\u0142em z\u0119batym zewn\u0119trznym, zapewniaj\u0105c p\u0142ynne przenoszenie mocy, wysok\u0105 sprawno\u015b\u0107 i mniejszy ha\u0142as w uk\u0142adach mechanicznych.<\/p>\n<h2>Specyfikacja produktu<\/h2>\n<div class=\"table-responsive\">\n<table class=\"table\" style=\"width: 99.4216%;\" border=\"1\">\n<tbody>\n<tr>\n<td style=\"width: 38.9027%;\">Kszta\u0142t z\u0119ba<\/td>\n<td style=\"width: 191.521%;\">Spiralny<\/td>\n<\/tr>\n<tr>\n<td style=\"width: 38.9027%;\">Tworzywo<\/td>\n<td style=\"width: 191.521%;\">Stal stopowa i stal nierdzewna<\/td>\n<\/tr>\n<tr>\n<td style=\"width: 38.9027%;\">Kszta\u0142t<\/td>\n<td style=\"width: 191.521%;\">Okr\u0105g\u0142y<\/td>\n<\/tr>\n<tr>\n<td style=\"width: 38.9027%;\">Modu\u0142<\/td>\n<td style=\"width: 191.521%;\">Maks. do 4,0 mm<\/td>\n<\/tr>\n<tr>\n<td style=\"width: 38.9027%;\">\u015arednica wewn\u0119trzna<\/td>\n<td style=\"width: 191.521%;\">Maks. 30 mm<\/td>\n<\/tr>\n<tr>\n<td style=\"width: 38.9027%;\">Aplikacja<\/td>\n<td style=\"width: 191.521%;\">Przek\u0142adnie planetarne i motoryzacja.<\/td>\n<\/tr>\n<tr>\n<td style=\"width: 38.9027%;\">Minimalna ilo\u015b\u0107 zam\u00f3wienia<\/td>\n<td style=\"width: 191.521%;\">50 sztuk<\/td>\n<\/tr>\n<\/tbody>\n<\/table>\n<\/div>\n<p>Z\u0119by na wewn\u0119trznym kole to ko\u0142a z\u0119bate wewn\u0119trzne, zwykle w mechanizmach przek\u0142adni zaz\u0119biaj\u0105cych si\u0119 wewn\u0119trznie, a ko\u0142a z\u0119bate na <a href=\"https:\/\/fmp-components.com\/pl\/ring-gear\/\">ko\u0142o z\u0119bate pier\u015bcieniowe<\/a> s\u0105 wewn\u0119trzne.<\/p>\n<h2>Cechy przek\u0142adni wewn\u0119trznej ewolwentowej<\/h2>\n<div>\n<p class=\"break-words\" dir=\"auto\">Ko\u0142a z\u0119bate ewolwentowe o kszta\u0142cie krzywizny wewn\u0119trznej posiadaj\u0105 z\u0119by o profilu ewolwentowym wyci\u0119te na wewn\u0119trznej powierzchni pier\u015bcienia cylindrycznego, co umo\u017cliwia p\u0142ynne zaz\u0119bienie z ko\u0142em z\u0119batym zewn\u0119trznym. Kszta\u0142t ewolwentowy zapewnia sprz\u0119\u017cone dzia\u0142anie i sta\u0142y stosunek pr\u0119dko\u015bci, a typowy k\u0105t nacisku 20\u00b0 zapewnia r\u00f3wnomierny rozk\u0142ad si\u0142y. Konstrukcja ta umo\u017cliwia obr\u00f3t w tym samym kierunku z ko\u0142em z\u0119batym wsp\u00f3\u0142pracuj\u0105cym, co odr\u00f3\u017cnia j\u0105 od par k\u00f3\u0142 z\u0119batych zewn\u0119trznych.<\/p>\n<p class=\"break-words\" dir=\"auto\">Kompaktowa konstrukcja przek\u0142adni i znacz\u0105ce przesuni\u0119cie profilu pozwalaj\u0105 unikn\u0105\u0107 kolizji (ewolwentowych, trochoidalnych lub przycinania) i zwi\u0119kszaj\u0105 wytrzyma\u0142o\u015b\u0107 z\u0119b\u00f3w, dzi\u0119ki czemu idealnie nadaje si\u0119 do zastosowa\u0144 wymagaj\u0105cych du\u017cej redukcji, takich jak uk\u0142ady planetarne. Wkl\u0119s\u0142y profil z\u0119b\u00f3w poprawia rozk\u0142ad obci\u0105\u017cenia, potencjalnie zwi\u0119kszaj\u0105c trwa\u0142o\u015b\u0107. Te cechy sprawiaj\u0105, \u017ce przek\u0142adnia nadaje si\u0119 do zastosowa\u0144 o wysokim momencie obrotowym i ograniczonej przestrzeni, takich jak mechanizmy r\u00f3\u017cnicowe w samochodach i maszyny przemys\u0142owe.<\/p>\n<p class=\"break-words\" dir=\"auto\">Produkcja k\u00f3\u0142 z\u0119batych wewn\u0119trznych zazwyczaj obejmuje kszta\u0142towanie, a nie frezowanie, ze wzgl\u0119du na ich geometri\u0119 wewn\u0119trzn\u0105, co wymaga specjalistycznych narz\u0119dzi. Kluczowe znaczenie ma eliminacja kolizji, cz\u0119sto rozwi\u0105zywana poprzez regulacj\u0119 dolnego i dolnego ko\u0142a z\u0119batego lub przesuni\u0119cie profilu, co zapewnia niezawodn\u0105 prac\u0119 w wymagaj\u0105cych zastosowaniach.<\/p>\n<\/div>","protected":false},"excerpt":{"rendered":"<p>An involute internal gear is a type of gear with teeth cut along an involute curve on its inner cylindrical surface, designed to mesh with an external gear, offering smooth power transmission, high efficiency, and reduced noise in mechanical systems. Product Specification Tooth Form Involute Material Alloy Steel And Stainless Steel Shape Round Module Max [&hellip;]<\/p>","protected":false},"featured_media":4640,"comment_status":"open","ping_status":"closed","template":"","meta":{"_et_pb_use_builder":"","_et_pb_old_content":"","_et_gb_content_width":""},"product_brand":[],"product_cat":[114],"product_tag":[],"class_list":{"0":"post-7788","1":"product","2":"type-product","3":"status-publish","4":"has-post-thumbnail","6":"product_cat-ring-gear","8":"first","9":"instock","10":"shipping-taxable","11":"product-type-simple"},"_links":{"self":[{"href":"https:\/\/fmp-components.com\/pl\/wp-json\/wp\/v2\/product\/7788","targetHints":{"allow":["GET"]}}],"collection":[{"href":"https:\/\/fmp-components.com\/pl\/wp-json\/wp\/v2\/product"}],"about":[{"href":"https:\/\/fmp-components.com\/pl\/wp-json\/wp\/v2\/types\/product"}],"replies":[{"embeddable":true,"href":"https:\/\/fmp-components.com\/pl\/wp-json\/wp\/v2\/comments?post=7788"}],"wp:featuredmedia":[{"embeddable":true,"href":"https:\/\/fmp-components.com\/pl\/wp-json\/wp\/v2\/media\/4640"}],"wp:attachment":[{"href":"https:\/\/fmp-components.com\/pl\/wp-json\/wp\/v2\/media?parent=7788"}],"wp:term":[{"taxonomy":"product_brand","embeddable":true,"href":"https:\/\/fmp-components.com\/pl\/wp-json\/wp\/v2\/product_brand?post=7788"},{"taxonomy":"product_cat","embeddable":true,"href":"https:\/\/fmp-components.com\/pl\/wp-json\/wp\/v2\/product_cat?post=7788"},{"taxonomy":"product_tag","embeddable":true,"href":"https:\/\/fmp-components.com\/pl\/wp-json\/wp\/v2\/product_tag?post=7788"}],"curies":[{"name":"wp","href":"https:\/\/api.w.org\/{rel}","templated":true}]}}