{"id":7787,"date":"2025-04-04T07:21:01","date_gmt":"2025-04-04T07:21:01","guid":{"rendered":"https:\/\/fmp-components.com\/?post_type=product&#038;p=7787"},"modified":"2025-04-04T07:21:43","modified_gmt":"2025-04-04T07:21:43","slug":"internal-spur-gear","status":"publish","type":"product","link":"https:\/\/fmp-components.com\/pl\/product\/internal-spur-gear\/","title":{"rendered":"Przek\u0142adnia z\u0119bata wewn\u0119trzna"},"content":{"rendered":"<div>\n<p class=\"break-words\" dir=\"auto\">Ko\u0142a z\u0119bate walcowe o z\u0119bach prostych r\u00f3\u017cni\u0105 si\u0119 od typowych k\u00f3\u0142 z\u0119batych walcowych tym, \u017ce ich z\u0119by s\u0105 uformowane na wewn\u0119trznej powierzchni p\u00f3\u0142fabrykatu. Ko\u0142a te s\u0105 zazwyczaj mocniejsze i bardziej wydajne w por\u00f3wnaniu z z\u0119batk\u0105, z kt\u00f3r\u0105 zaz\u0119biaj\u0105 si\u0119. Aby zapewni\u0107 prawid\u0142owe dzia\u0142anie, \u015brednica podzia\u0142owa ko\u0142a z\u0119batego wewn\u0119trznego powinna by\u0107 co najmniej 1,5 razy wi\u0119ksza od \u015brednicy wsp\u00f3\u0142pracuj\u0105cej z\u0119batki; w przeciwnym razie ko\u0144c\u00f3wki z\u0119b\u00f3w b\u0119d\u0105 si\u0119 ze sob\u0105 kolidowa\u0107.<\/p>\n<p class=\"break-words\" dir=\"auto\">Ko\u0142a z\u0119bate wewn\u0119trzne oferuj\u0105 projektantom przewag\u0119 w postaci uzyskania wi\u0119kszego prze\u0142o\u017cenia styku i nap\u0119du przy kr\u00f3tszych odleg\u0142o\u015bciach mi\u0119dzy osiami ni\u017c standardowe ko\u0142a z\u0119bate walcowe. Dodatkowo, umo\u017cliwiaj\u0105 one regulacj\u0119 pr\u0119dko\u015bci bez zmiany kierunku, eliminuj\u0105c potrzeb\u0119 stosowania ko\u0142a napinaj\u0105cego, kt\u00f3re by\u0142oby niezb\u0119dne w przypadku tradycyjnych k\u00f3\u0142 z\u0119batych walcowych.<\/p>\n<\/div>\n<h2>Specyfikacja produktu<\/h2>\n<div class=\"table-responsive\">\n<table class=\"table\" style=\"width: 101.427%; height: 279px;\" border=\"1\">\n<tbody>\n<tr>\n<td>Kszta\u0142t z\u0119ba<\/td>\n<td>Zgodnie z wymaganiami klienta<\/td>\n<\/tr>\n<tr>\n<td>Tworzywo<\/td>\n<td>Zgodnie z wymaganiami klienta<\/td>\n<\/tr>\n<tr>\n<td>Kszta\u0142t<\/td>\n<td>Zgodnie z wymaganiami klienta<\/td>\n<\/tr>\n<tr>\n<td>Stopie\u0144<\/td>\n<td>Zgodnie z wymaganiami klienta<\/td>\n<\/tr>\n<tr>\n<td>Technika<\/td>\n<td>Zgodnie z wymaganiami klienta<\/td>\n<\/tr>\n<tr>\n<td>K\u0105t ci\u015bnienia<\/td>\n<td>Zgodnie z wymaganiami klienta<\/td>\n<\/tr>\n<tr>\n<td>\u015arednica<\/td>\n<td>Zgodnie z wymaganiami klienta<\/td>\n<\/tr>\n<tr>\n<td>Rozmiar<\/td>\n<td>Zgodnie z wymaganiami klienta<\/td>\n<\/tr>\n<tr>\n<td>Minimalna ilo\u015b\u0107 zam\u00f3wienia<\/td>\n<td>1 jednostka<\/td>\n<\/tr>\n<\/tbody>\n<\/table>\n<div>\n<h3 class=\"\" dir=\"auto\">Wewn\u0119trzne przek\u0142adnie z\u0119bate walcowe firmy FMP na rynki w\u0142oskie<\/h3>\n<p class=\"break-words\" dir=\"auto\">FMP to czo\u0142owy producent przek\u0142adni z\u0119batych wewn\u0119trznych, dostarczaj\u0105cy produkty najwy\u017cszej jako\u015bci <a href=\"https:\/\/fmp-components.com\/pl\/ring-gear\/\">ko\u0142a z\u0119bate pier\u015bcieniowe<\/a> dla przemys\u0142u w ca\u0142ych W\u0142oszech, od Mediolanu po Wenecj\u0119. Nasz obszerny katalog obejmuje szerok\u0105 gam\u0119 typ\u00f3w przek\u0142adni, zaprojektowanych z my\u015bl\u0105 o zapewnieniu precyzji i niezawodno\u015bci w zastosowaniach w maszynach, motoryzacji i innych. Niezale\u017cnie od tego, czy dzia\u0142asz we Florencji, czy w Bolonii, FMP dba o to, aby ka\u017cda wewn\u0119trzna przek\u0142adnia z\u0119bata czo\u0142owa spe\u0142nia\u0142a najwy\u017csze standardy, a jej produkcja odbywa\u0142a si\u0119 z wykorzystaniem najnowocze\u015bniejszych technologii, aby wspiera\u0107 pr\u0119\u017cnie rozwijaj\u0105ce si\u0119 w\u0142oskie sektory przemys\u0142owe. Jeste\u015bmy Twoim partnerem w zakresie trwa\u0142ych i wydajnych rozwi\u0105za\u0144 przek\u0142adniowych dostosowanych do lokalnych potrzeb.<\/p>\n<h3 class=\"\" dir=\"auto\">Niestandardowe wewn\u0119trzne ko\u0142a z\u0119bate walcowe dostosowane do Twoich wyj\u0105tkowych wymaga\u0144<\/h3>\n<p class=\"break-words\" dir=\"auto\">W FMP wykraczamy poza standardow\u0105 ofert\u0119, oferuj\u0105c w pe\u0142ni konfigurowalne przek\u0142adnie z\u0119bate walcowe, dopasowane do konkretnych projekt\u00f3w. Je\u015bli znajdujesz si\u0119 w Mediolanie, Wenecji, Florencji lub Bolonii i nie widzisz na naszej li\u015bcie produkt\u00f3w dok\u0142adnie takiego modelu, jakiego potrzebujesz, prawdopodobnie jeszcze go nie dodali\u015bmy \u2013 nasz asortyment stale si\u0119 powi\u0119ksza. Skontaktuj si\u0119 z nami mailowo, podaj\u0105c swoje specyfikacje, a nasi wykwalifikowani in\u017cynierowie skontaktuj\u0105 si\u0119 z Tob\u0105 w ci\u0105gu 24 godzin, przedstawiaj\u0105c spersonalizowane rozwi\u0105zania. Niezale\u017cnie od stopnia skomplikowania Twojego zapytania, FMP dok\u0142ada wszelkich stara\u0144, aby zapewni\u0107 szybk\u0105, fachow\u0105 obs\u0142ug\u0119 i wysokiej jako\u015bci przek\u0142adnie firmom w ca\u0142ych W\u0142oszech.<\/p>\n<\/div>\n<\/div>","protected":false},"excerpt":{"rendered":"<p>Ko\u0142a z\u0119bate walcowe wewn\u0119trzne r\u00f3\u017cni\u0105 si\u0119 od typowych k\u00f3\u0142 z\u0119batych walcowych tym, \u017ce ich z\u0119by s\u0105 uformowane na wewn\u0119trznej powierzchni p\u00f3\u0142fabrykatu. Ko\u0142a te s\u0105 zazwyczaj mocniejsze i bardziej wydajne w por\u00f3wnaniu z z\u0119batk\u0105, z kt\u00f3r\u0105 zaz\u0119biaj\u0105 si\u0119. Aby zapewni\u0107 prawid\u0142owe dzia\u0142anie, \u015brednica podzia\u0142owa ko\u0142a z\u0119batego wewn\u0119trznego powinna by\u0107 co najmniej 1,5 razy wi\u0119ksza ni\u017c [\u2026]<\/p>","protected":false},"featured_media":4639,"comment_status":"open","ping_status":"closed","template":"","meta":{"_et_pb_use_builder":"","_et_pb_old_content":"","_et_gb_content_width":""},"product_brand":[],"product_cat":[114],"product_tag":[],"class_list":{"0":"post-7787","1":"product","2":"type-product","3":"status-publish","4":"has-post-thumbnail","6":"product_cat-ring-gear","8":"first","9":"instock","10":"shipping-taxable","11":"product-type-simple"},"_links":{"self":[{"href":"https:\/\/fmp-components.com\/pl\/wp-json\/wp\/v2\/product\/7787","targetHints":{"allow":["GET"]}}],"collection":[{"href":"https:\/\/fmp-components.com\/pl\/wp-json\/wp\/v2\/product"}],"about":[{"href":"https:\/\/fmp-components.com\/pl\/wp-json\/wp\/v2\/types\/product"}],"replies":[{"embeddable":true,"href":"https:\/\/fmp-components.com\/pl\/wp-json\/wp\/v2\/comments?post=7787"}],"wp:featuredmedia":[{"embeddable":true,"href":"https:\/\/fmp-components.com\/pl\/wp-json\/wp\/v2\/media\/4639"}],"wp:attachment":[{"href":"https:\/\/fmp-components.com\/pl\/wp-json\/wp\/v2\/media?parent=7787"}],"wp:term":[{"taxonomy":"product_brand","embeddable":true,"href":"https:\/\/fmp-components.com\/pl\/wp-json\/wp\/v2\/product_brand?post=7787"},{"taxonomy":"product_cat","embeddable":true,"href":"https:\/\/fmp-components.com\/pl\/wp-json\/wp\/v2\/product_cat?post=7787"},{"taxonomy":"product_tag","embeddable":true,"href":"https:\/\/fmp-components.com\/pl\/wp-json\/wp\/v2\/product_tag?post=7787"}],"curies":[{"name":"wp","href":"https:\/\/api.w.org\/{rel}","templated":true}]}}