{"id":7786,"date":"2025-04-04T07:12:32","date_gmt":"2025-04-04T07:12:32","guid":{"rendered":"https:\/\/fmp-components.com\/?post_type=product&#038;p=7786"},"modified":"2025-04-04T07:12:32","modified_gmt":"2025-04-04T07:12:32","slug":"steel-internal-gear","status":"publish","type":"product","link":"https:\/\/fmp-components.com\/pl\/product\/steel-internal-gear\/","title":{"rendered":"Stalowe ko\u0142o z\u0119bate wewn\u0119trzne"},"content":{"rendered":"<h2>Specyfikacja produktu<\/h2>\n<div class=\"table-responsive\">\n<table class=\"table\" style=\"width: 99.372%; height: 202px;\" border=\"1\" cellspacing=\"0\" cellpadding=\"0\">\n<tbody>\n<tr>\n<td>Kszta\u0142t z\u0119ba<\/td>\n<td>Wewn\u0119trzny<\/td>\n<\/tr>\n<tr>\n<td>Tworzywo<\/td>\n<td>Stal mi\u0119kka<\/td>\n<\/tr>\n<tr>\n<td>Kszta\u0142t<\/td>\n<td>Okr\u0105g\u0142y<\/td>\n<\/tr>\n<tr>\n<td>\u015arednica<\/td>\n<td>100 mm<\/td>\n<\/tr>\n<tr>\n<td>Kraj pochodzenia<\/td>\n<td>Chiny<\/td>\n<\/tr>\n<tr>\n<td>Wyko\u0144czenie powierzchni<\/td>\n<td>Malowane proszkowo<\/td>\n<\/tr>\n<tr>\n<td>Twardo\u015b\u0107<\/td>\n<td>45 HRC<\/td>\n<\/tr>\n<\/tbody>\n<\/table>\n<div>\n<h3 class=\"\" dir=\"auto\">Rozwi\u0105zania w zakresie stalowych przek\u0142adni wewn\u0119trznych firmy FMP dla w\u0142oskiego przemys\u0142u<\/h3>\n<p class=\"break-words\" dir=\"auto\">Nasza szeroka oferta <a href=\"https:\/\/fmp-components.com\/pl\/ring-gear\/\">ko\u0142a z\u0119bate pier\u015bcieniowe<\/a> Zosta\u0142 zaprojektowany, aby sprosta\u0107 zr\u00f3\u017cnicowanym potrzebom bran\u017cy maszynowej i motoryzacyjnej, gwarantuj\u0105c trwa\u0142o\u015b\u0107 i precyzj\u0119 ka\u017cdego produktu. Niezale\u017cnie od tego, czy znajdujesz si\u0119 we Florencji, czy w Bolonii, FMP oferuje szeroki wyb\u00f3r typ\u00f3w przek\u0142adni, w tym standardowe i specjalistyczne, wszystkie wykonane z wykorzystaniem zaawansowanych technologii, aby zapewni\u0107 optymaln\u0105 wydajno\u015b\u0107. Nasze zaanga\u017cowanie w d\u0105\u017cenie do doskona\u0142o\u015bci czyni nas zaufanym partnerem dla firm poszukuj\u0105cych niezawodnych rozwi\u0105za\u0144 przek\u0142adniowych we w\u0142oskich centrach przemys\u0142owych.<\/p>\n<h3 class=\"\" dir=\"auto\">Niestandardowe stalowe ko\u0142a z\u0119bate wewn\u0119trzne dostosowane do Twoich potrzeb<\/h3>\n<p class=\"break-words\" dir=\"auto\">W FMP rozumiemy, \u017ce ka\u017cdy projekt jest wyj\u0105tkowy, dlatego oferujemy r\u00f3wnie\u017c w pe\u0142ni spersonalizowane stalowe przek\u0142adnie z\u0119bate. Je\u015bli mieszkasz w Mediolanie, Wenecji, Florencji lub gdzie indziej i nie mo\u017cesz znale\u017a\u0107 dok\u0142adnie takiego modelu, jakiego potrzebujesz na naszej li\u015bcie produkt\u00f3w, nie martw si\u0119 \u2013 stale aktualizujemy nasz\u0105 ofert\u0119. Wystarczy, \u017ce wy\u015blesz nam e-mail ze swoimi wymaganiami, a nasi do\u015bwiadczeni in\u017cynierowie odpowiedz\u0105 w ci\u0105gu 24 godzin, przedstawiaj\u0105c rozwi\u0105zania dostosowane do Twoich potrzeb. Niezale\u017cnie od tego, czy chodzi o konkretny rozmiar, czy o projekt na zam\u00f3wienie dla Twojej dzia\u0142alno\u015bci w Bolonii lub innych w\u0142oskich miastach, FMP jest do Twojej dyspozycji, aby wesprze\u0107 Twoj\u0105 firm\u0119 szybk\u0105, profesjonaln\u0105 obs\u0142ug\u0105 i najwy\u017cszej klasy do\u015bwiadczeniem produkcyjnym.<\/p>\n<\/div>\n<\/div>","protected":false},"excerpt":{"rendered":"<p>Product Specification Tooth Form Internal Material Mild Steel Shape Round Diameter 100 mm Country of Origin China Surface Finish Powder Coated Hardness 45 HRC Steel Internal Gear Solutions by FMP for Italian Industries Our extensive range of ring gears is designed to meet the diverse needs of machinery and automotive applications, ensuring durability and precision [&hellip;]<\/p>","protected":false},"featured_media":4647,"comment_status":"open","ping_status":"closed","template":"","meta":{"_et_pb_use_builder":"","_et_pb_old_content":"","_et_gb_content_width":""},"product_brand":[],"product_cat":[114],"product_tag":[],"class_list":{"0":"post-7786","1":"product","2":"type-product","3":"status-publish","4":"has-post-thumbnail","6":"product_cat-ring-gear","8":"first","9":"instock","10":"shipping-taxable","11":"product-type-simple"},"_links":{"self":[{"href":"https:\/\/fmp-components.com\/pl\/wp-json\/wp\/v2\/product\/7786","targetHints":{"allow":["GET"]}}],"collection":[{"href":"https:\/\/fmp-components.com\/pl\/wp-json\/wp\/v2\/product"}],"about":[{"href":"https:\/\/fmp-components.com\/pl\/wp-json\/wp\/v2\/types\/product"}],"replies":[{"embeddable":true,"href":"https:\/\/fmp-components.com\/pl\/wp-json\/wp\/v2\/comments?post=7786"}],"wp:featuredmedia":[{"embeddable":true,"href":"https:\/\/fmp-components.com\/pl\/wp-json\/wp\/v2\/media\/4647"}],"wp:attachment":[{"href":"https:\/\/fmp-components.com\/pl\/wp-json\/wp\/v2\/media?parent=7786"}],"wp:term":[{"taxonomy":"product_brand","embeddable":true,"href":"https:\/\/fmp-components.com\/pl\/wp-json\/wp\/v2\/product_brand?post=7786"},{"taxonomy":"product_cat","embeddable":true,"href":"https:\/\/fmp-components.com\/pl\/wp-json\/wp\/v2\/product_cat?post=7786"},{"taxonomy":"product_tag","embeddable":true,"href":"https:\/\/fmp-components.com\/pl\/wp-json\/wp\/v2\/product_tag?post=7786"}],"curies":[{"name":"wp","href":"https:\/\/api.w.org\/{rel}","templated":true}]}}