{"id":7784,"date":"2025-04-04T07:00:59","date_gmt":"2025-04-04T07:00:59","guid":{"rendered":"https:\/\/fmp-components.com\/?post_type=product&#038;p=7784"},"modified":"2025-04-04T07:02:10","modified_gmt":"2025-04-04T07:02:10","slug":"industrial-internal-gear","status":"publish","type":"product","link":"https:\/\/fmp-components.com\/pl\/product\/industrial-internal-gear\/","title":{"rendered":"Przemys\u0142owe przek\u0142adnie wewn\u0119trzne"},"content":{"rendered":"<h3 class=\"\" dir=\"auto\">Przemys\u0142owe przek\u0142adnie wewn\u0119trzne: precyzja i dostosowanie do indywidualnych potrzeb dzi\u0119ki FMP<\/h3>\n<p class=\"break-words\" dir=\"auto\">Ko\u0142a z\u0119bate wewn\u0119trzne, kluczowe elementy przek\u0142adni planetarnych i sprz\u0119gie\u0142 z\u0119batych, charakteryzuj\u0105 si\u0119 unikaln\u0105 konstrukcj\u0105 z z\u0119bami wyci\u0119tymi na wewn\u0119trznej powierzchni cylindra, p\u0142ynnie wsp\u00f3\u0142pracuj\u0105cymi z ko\u0142ami z\u0119batymi czo\u0142owymi. W FMP specjalizujemy si\u0119 w produkcji szerokiej gamy pier\u015bcieni z\u0119batych, w tym przemys\u0142owych k\u00f3\u0142 z\u0119batych wewn\u0119trznych, zaprojektowanych z my\u015bl\u0105 o zr\u00f3\u017cnicowanych potrzebach mechanicznych we W\u0142oszech \u2013 od t\u0119tni\u0105cych \u017cyciem centr\u00f3w przemys\u0142owych Mediolanu po warsztaty in\u017cynieryjne w Wenecji. Nasze produkty, dost\u0119pne w podzia\u0142kach od 32 do 120 DP oraz z materia\u0142\u00f3w takich jak aluminium i stal nierdzewna, zapewniaj\u0105 trwa\u0142o\u015b\u0107 i wydajno\u015b\u0107. Opr\u00f3cz bogatego katalogu, FMP z dum\u0105 oferuje niestandardowe rozwi\u0105zania w zakresie k\u00f3\u0142 z\u0119batych wewn\u0119trznych, dostosowuj\u0105c projekty do Pa\u0144stwa indywidualnych potrzeb, niezale\u017cnie od tego, czy dzia\u0142aj\u0105 Pa\u0144stwo w sektorze maszyn rzemie\u015blniczych we Florencji, czy w zaawansowanych zak\u0142adach produkcyjnych w Bolonii.<\/p>\n<p class=\"break-words\" dir=\"auto\">W zastosowaniach takich jak systemy przek\u0142adni planetarnych, gdzie precyzja jest priorytetem, ko\u0142a z\u0119bate wewn\u0119trzne FMP zapewniaj\u0105 wysoki wsp\u00f3\u0142czynnik styku i kompaktow\u0105 konstrukcj\u0119, optymalizuj\u0105c wydajno\u015b\u0107 bez kompromis\u00f3w w zakresie jako\u015bci. Je\u015bli szukasz konkretnego modelu i nie znajdziesz go na naszej li\u015bcie produkt\u00f3w \u2013 czy to do projektu w Mediolanie, Wenecji, Florencji czy Bolonii \u2013 mo\u017cesz by\u0107 pewien, \u017ce prawdopodobnie czeka on na przes\u0142anie. Wystarczy wys\u0142a\u0107 do nas e-mail z \u017c\u0105dan\u0105 specyfikacj\u0105, a nasi do\u015bwiadczeni in\u017cynierowie odpowiedz\u0105 w ci\u0105gu 24 godzin, przedstawiaj\u0105c rozwi\u0105zania dostosowane do indywidualnych potrzeb. W FMP z zaanga\u017cowaniem wspieramy w\u0142oskich innowator\u00f3w przemys\u0142owych, oferuj\u0105c im najwy\u017cszej klasy rozwi\u0105zania. <a href=\"https:\/\/fmp-components.com\/pl\/ring-gear\/\">ko\u0142a z\u0119bate pier\u015bcieniowe<\/a> i niezr\u00f3wnan\u0105 obs\u0142ug\u0119 klienta.<\/p>\n<h2>Specyfikacja produktu<\/h2>\n<div class=\"table-responsive\">\n<table class=\"table\" style=\"width: 101.056%;\" border=\"1\">\n<tbody>\n<tr>\n<td style=\"width: 31.6708%;\">Tworzywo<\/td>\n<td style=\"width: 202.494%;\">Stal mi\u0119kka<\/td>\n<\/tr>\n<tr>\n<td style=\"width: 31.6708%;\">Kszta\u0142t<\/td>\n<td style=\"width: 202.494%;\">Okr\u0105g\u0142y<\/td>\n<\/tr>\n<tr>\n<td style=\"width: 31.6708%;\">Technika<\/td>\n<td style=\"width: 202.494%;\">Walcowane na zimno<\/td>\n<\/tr>\n<tr>\n<td style=\"width: 31.6708%;\">Odporny na korozj\u0119<\/td>\n<td style=\"width: 202.494%;\">Tak<\/td>\n<\/tr>\n<tr>\n<td style=\"width: 31.6708%;\">Wytrzyma\u0142o\u015b\u0107 na rozci\u0105ganie<\/td>\n<td style=\"width: 202.494%;\">300-400 MPa<\/td>\n<\/tr>\n<tr>\n<td style=\"width: 31.6708%;\">Twardo\u015b\u0107<\/td>\n<td style=\"width: 202.494%;\">60-70 HRC<\/td>\n<\/tr>\n<tr>\n<td style=\"width: 31.6708%;\">Zastosowanie<\/td>\n<td style=\"width: 202.494%;\">Maszyny, Maszyny rolnicze, Przemys\u0142<\/td>\n<\/tr>\n<\/tbody>\n<\/table>\n<\/div>","protected":false},"excerpt":{"rendered":"<p>Przemys\u0142owe ko\u0142a z\u0119bate wewn\u0119trzne: Precyzja i personalizacja dzi\u0119ki FMP. Ko\u0142a z\u0119bate wewn\u0119trzne, kluczowe elementy przek\u0142adni planetarnych i sprz\u0119gie\u0142 z\u0119batych, s\u0105 unikalnie zaprojektowane z z\u0119bami wyci\u0119tymi w wewn\u0119trznej powierzchni cylindra, p\u0142ynnie wsp\u00f3\u0142pracuj\u0105cymi z ko\u0142ami z\u0119batymi walcowymi. W FMP specjalizujemy si\u0119 w produkcji szerokiej gamy k\u00f3\u0142 z\u0119batych pier\u015bcieniowych, w tym przemys\u0142owych k\u00f3\u0142 z\u0119batych wewn\u0119trznych, wykonanych z my\u015bl\u0105 o [\u2026]<\/p>","protected":false},"featured_media":4637,"comment_status":"open","ping_status":"closed","template":"","meta":{"_et_pb_use_builder":"","_et_pb_old_content":"","_et_gb_content_width":""},"product_brand":[],"product_cat":[114],"product_tag":[],"class_list":{"0":"post-7784","1":"product","2":"type-product","3":"status-publish","4":"has-post-thumbnail","6":"product_cat-ring-gear","8":"first","9":"instock","10":"shipping-taxable","11":"product-type-simple"},"_links":{"self":[{"href":"https:\/\/fmp-components.com\/pl\/wp-json\/wp\/v2\/product\/7784","targetHints":{"allow":["GET"]}}],"collection":[{"href":"https:\/\/fmp-components.com\/pl\/wp-json\/wp\/v2\/product"}],"about":[{"href":"https:\/\/fmp-components.com\/pl\/wp-json\/wp\/v2\/types\/product"}],"replies":[{"embeddable":true,"href":"https:\/\/fmp-components.com\/pl\/wp-json\/wp\/v2\/comments?post=7784"}],"wp:featuredmedia":[{"embeddable":true,"href":"https:\/\/fmp-components.com\/pl\/wp-json\/wp\/v2\/media\/4637"}],"wp:attachment":[{"href":"https:\/\/fmp-components.com\/pl\/wp-json\/wp\/v2\/media?parent=7784"}],"wp:term":[{"taxonomy":"product_brand","embeddable":true,"href":"https:\/\/fmp-components.com\/pl\/wp-json\/wp\/v2\/product_brand?post=7784"},{"taxonomy":"product_cat","embeddable":true,"href":"https:\/\/fmp-components.com\/pl\/wp-json\/wp\/v2\/product_cat?post=7784"},{"taxonomy":"product_tag","embeddable":true,"href":"https:\/\/fmp-components.com\/pl\/wp-json\/wp\/v2\/product_tag?post=7784"}],"curies":[{"name":"wp","href":"https:\/\/api.w.org\/{rel}","templated":true}]}}