{"id":7776,"date":"2025-04-04T06:37:01","date_gmt":"2025-04-04T06:37:01","guid":{"rendered":"https:\/\/fmp-components.com\/?post_type=product&#038;p=7776"},"modified":"2025-04-04T06:39:57","modified_gmt":"2025-04-04T06:39:57","slug":"plastic-internal-gear","status":"publish","type":"product","link":"https:\/\/fmp-components.com\/pl\/product\/plastic-internal-gear\/","title":{"rendered":"Plastikowe ko\u0142o z\u0119bate wewn\u0119trzne"},"content":{"rendered":"<h3>Specyfikacja przek\u0142adni wewn\u0119trznej z tworzywa sztucznego<\/h3>\n<div class=\"table-responsive\">\n<table class=\"table\" style=\"width: 100.732%;\" border=\"1\" cellspacing=\"0\" cellpadding=\"0\">\n<tbody>\n<tr>\n<td style=\"width: 182.865%;\" colspan=\"2\">Plastikowe ko\u0142o z\u0119bate wewn\u0119trzne<\/td>\n<\/tr>\n<tr>\n<td style=\"width: 23.299%;\">Wymiar<\/td>\n<td style=\"width: 159.566%;\">\u03a660mm<\/td>\n<\/tr>\n<tr>\n<td style=\"width: 23.299%;\">Modu\u0142<\/td>\n<td style=\"width: 159.566%;\">M0,15-M2,0<\/td>\n<\/tr>\n<tr>\n<td style=\"width: 23.299%;\">Rodzaj materia\u0142u<\/td>\n<td style=\"width: 159.566%;\">POM, PA, PPA, PBT PEEK wed\u0142ug indywidualnych potrzeb<\/td>\n<\/tr>\n<tr>\n<td style=\"width: 23.299%;\">Stopie\u0144 siatki<\/td>\n<td style=\"width: 159.566%;\">ISO6, JGMA 1, JIS 6, AGMA 13, DIN 6,Din5,AGMA12<\/td>\n<\/tr>\n<tr>\n<td style=\"width: 23.299%;\">Aplikacja<\/td>\n<td style=\"width: 159.566%;\">Motoryzacja, wojsko, lotnictwo, mechanika, przemys\u0142, medycyna<\/td>\n<\/tr>\n<tr>\n<td style=\"width: 23.299%;\">Dostosowane<\/td>\n<td style=\"width: 159.566%;\">Obs\u0142uga ODM\/OEM<\/td>\n<\/tr>\n<tr>\n<td style=\"width: 23.299%;\">Pr\u00f3bka<\/td>\n<td style=\"width: 159.566%;\">Dost\u0119pna pr\u00f3bka<\/td>\n<\/tr>\n<tr>\n<td style=\"width: 23.299%;\">Sposoby pakowania<\/td>\n<td style=\"width: 159.566%;\">Pakowane pr\u00f3\u017cniowo z plastikow\u0105 tack\u0105<\/td>\n<\/tr>\n<tr>\n<td style=\"width: 23.299%;\">Sposoby dostawy<\/td>\n<td style=\"width: 159.566%;\">DHL UPS<\/td>\n<\/tr>\n<tr>\n<td style=\"width: 23.299%;\">Certyfikat<\/td>\n<td style=\"width: 159.566%;\">ISO 9001: 2008\/TS16949<\/td>\n<\/tr>\n<\/tbody>\n<\/table>\n<h2>Plastikowy pier\u015bcie\u0144 z\u0119baty wewn\u0119trzny modu\u0142 1 z\u0119by 20 -140<\/h2>\n<table style=\"border-collapse: collapse; width: 101.877%; height: 5px;\" border=\"0\" width=\"162\" cellspacing=\"0\" cellpadding=\"0\">\n<tbody>\n<tr style=\"height: 14.40pt;\">\n<td style=\"height: 14.40pt; width: 48.60pt;\" align=\"right\" width=\"81\" height=\"24\"><img loading=\"lazy\" decoding=\"async\" class=\"size-full wp-image-7777 aligncenter\" src=\"https:\/\/fmp-components.com\/wp-content\/uploads\/2025\/04\/Plastic-Internal-Ring-Gear-3.webp\" alt=\"Plastikowy pier\u015bcie\u0144 wewn\u0119trzny\" width=\"600\" height=\"600\" title=\"\" srcset=\"https:\/\/fmp-components.com\/wp-content\/uploads\/2025\/04\/Plastic-Internal-Ring-Gear-3.webp 600w, https:\/\/fmp-components.com\/wp-content\/uploads\/2025\/04\/Plastic-Internal-Ring-Gear-3-480x480.webp 480w\" sizes=\"(min-width: 0px) and (max-width: 480px) 480px, (min-width: 481px) 600px, 100vw\" \/><\/td>\n<td style=\"width: 48.60pt;\" align=\"right\" width=\"81\"><img loading=\"lazy\" decoding=\"async\" class=\"size-full wp-image-7778 aligncenter\" src=\"https:\/\/fmp-components.com\/wp-content\/uploads\/2025\/04\/Plastic-Internal-Ring-Gear.webp\" alt=\"Plastikowy pier\u015bcie\u0144 wewn\u0119trzny\" width=\"600\" height=\"600\" title=\"\" srcset=\"https:\/\/fmp-components.com\/wp-content\/uploads\/2025\/04\/Plastic-Internal-Ring-Gear.webp 600w, https:\/\/fmp-components.com\/wp-content\/uploads\/2025\/04\/Plastic-Internal-Ring-Gear-480x480.webp 480w\" sizes=\"(min-width: 0px) and (max-width: 480px) 480px, (min-width: 481px) 600px, 100vw\" \/><\/td>\n<\/tr>\n<\/tbody>\n<\/table>\n<p>K\u0105t nacisku: 20\u00b0<\/p>\n<p>Materia\u0142: POM-C naturalny<\/p>\n<p>Uz\u0119bienie wytwarzane mechanicznie,<\/p>\n<p>doskona\u0142a jako\u015b\u0107.<\/p>\n<p>K\u0105t linii \u015brubowej: 0 \u00b0 (proste boki)<\/p>\n<table style=\"width: 101.252%;\" border=\"1\" cellspacing=\"0\" cellpadding=\"0\">\n<tbody>\n<tr>\n<td style=\"width: 15.1436%;\">\n<p align=\"center\"><b>Numer cz\u0119\u015bci<\/b><\/p>\n<\/td>\n<td style=\"width: 26.2867%;\">\n<p align=\"center\"><b>Liczba z\u0119b\u00f3w<\/b><\/p>\n<\/td>\n<td style=\"width: 11.0501%;\">\n<p align=\"center\"><strong>B<\/strong><\/p>\n<\/td>\n<td style=\"width: 8.61619%;\">\n<p align=\"center\"><strong>A.<\/strong><\/p>\n<\/td>\n<td style=\"width: 8.61619%;\">\n<p align=\"center\"><strong>\u00f8D<\/strong><\/p>\n<\/td>\n<td style=\"width: 8.61619%;\">\n<p align=\"center\"><strong>OK<\/strong><\/p>\n<\/td>\n<td style=\"width: 12.7937%;\">\n<p align=\"center\"><strong>\u00f8C<\/strong><\/p>\n<\/td>\n<td style=\"width: 154.308%;\">\n<p align=\"center\"><strong>\u00f8TK<\/strong><\/p>\n<\/td>\n<\/tr>\n<tr>\n<td class=\"xl1871\" style=\"width: 15.1436%;\" height=\"20\">\n<p align=\"center\">Rzeczy:<\/p>\n<\/td>\n<td class=\"xl1871\" style=\"width: 26.2867%;\">\n<p align=\"center\">\n<\/td>\n<td class=\"xl1872\" style=\"width: 11.0501%;\">\n<p align=\"center\">[mm]<\/p>\n<\/td>\n<td class=\"xl1872\" style=\"width: 8.61619%;\">\n<p align=\"center\">[mm]<\/p>\n<\/td>\n<td class=\"xl1872\" style=\"width: 8.61619%;\">\n<p align=\"center\">[mm]<\/p>\n<\/td>\n<td class=\"xl1872\" style=\"width: 8.61619%;\">\n<p align=\"center\">[mm]<\/p>\n<\/td>\n<td class=\"xl1872\" style=\"width: 12.7937%;\">\n<p align=\"center\">[mm]<\/p>\n<\/td>\n<td class=\"xl1872\" style=\"width: 154.308%;\">\n<p align=\"center\">[mm]<\/p>\n<\/td>\n<\/tr>\n<tr>\n<td class=\"xl1871\" style=\"width: 15.1436%;\" height=\"20\">\n<p align=\"center\">HR1-20<\/p>\n<\/td>\n<td class=\"xl1872\" style=\"width: 26.2867%;\">\n<p align=\"center\">20<\/p>\n<\/td>\n<td class=\"xl1872\" style=\"width: 11.0501%;\">\n<p align=\"center\">5<\/p>\n<\/td>\n<td class=\"xl1872\" style=\"width: 8.61619%;\">\n<p align=\"center\">35<\/p>\n<\/td>\n<td class=\"xl1872\" style=\"width: 8.61619%;\">\n<p align=\"center\">20<\/p>\n<\/td>\n<td class=\"xl1872\" style=\"width: 8.61619%;\">\n<p align=\"center\">18<\/p>\n<\/td>\n<td class=\"xl1872\" style=\"width: 12.7937%;\">\n<p align=\"center\">2,8 (3x)<\/p>\n<\/td>\n<td class=\"xl1872\" style=\"width: 154.308%;\">\n<p align=\"center\">29<\/p>\n<\/td>\n<\/tr>\n<tr>\n<td class=\"xl1871\" style=\"width: 15.1436%;\" height=\"20\">\n<p align=\"center\">HR1-30<\/p>\n<\/td>\n<td class=\"xl1872\" style=\"width: 26.2867%;\">\n<p align=\"center\">30<\/p>\n<\/td>\n<td class=\"xl1872\" style=\"width: 11.0501%;\">\n<p align=\"center\">5<\/p>\n<\/td>\n<td class=\"xl1872\" style=\"width: 8.61619%;\">\n<p align=\"center\">45<\/p>\n<\/td>\n<td class=\"xl1872\" style=\"width: 8.61619%;\">\n<p align=\"center\">30<\/p>\n<\/td>\n<td class=\"xl1872\" style=\"width: 8.61619%;\">\n<p align=\"center\">28<\/p>\n<\/td>\n<td class=\"xl1872\" style=\"width: 12.7937%;\">\n<p align=\"center\">2,8 (3x)<\/p>\n<\/td>\n<td class=\"xl1872\" style=\"width: 154.308%;\">\n<p align=\"center\">39<\/p>\n<\/td>\n<\/tr>\n<tr>\n<td class=\"xl1871\" style=\"width: 15.1436%;\" height=\"20\">\n<p align=\"center\">HR1-40<\/p>\n<\/td>\n<td class=\"xl1872\" style=\"width: 26.2867%;\">\n<p align=\"center\">40<\/p>\n<\/td>\n<td class=\"xl1872\" style=\"width: 11.0501%;\">\n<p align=\"center\">5<\/p>\n<\/td>\n<td class=\"xl1872\" style=\"width: 8.61619%;\">\n<p align=\"center\">55<\/p>\n<\/td>\n<td class=\"xl1872\" style=\"width: 8.61619%;\">\n<p align=\"center\">40<\/p>\n<\/td>\n<td class=\"xl1872\" style=\"width: 8.61619%;\">\n<p align=\"center\">38<\/p>\n<\/td>\n<td class=\"xl1872\" style=\"width: 12.7937%;\">\n<p align=\"center\">2,8 (3x)<\/p>\n<\/td>\n<td class=\"xl1872\" style=\"width: 154.308%;\">\n<p align=\"center\">49<\/p>\n<\/td>\n<\/tr>\n<tr>\n<td class=\"xl1871\" style=\"width: 15.1436%;\" height=\"20\">\n<p align=\"center\">HR1-50<\/p>\n<\/td>\n<td class=\"xl1872\" style=\"width: 26.2867%;\">\n<p align=\"center\">50<\/p>\n<\/td>\n<td class=\"xl1872\" style=\"width: 11.0501%;\">\n<p align=\"center\">5<\/p>\n<\/td>\n<td class=\"xl1872\" style=\"width: 8.61619%;\">\n<p align=\"center\">65<\/p>\n<\/td>\n<td class=\"xl1872\" style=\"width: 8.61619%;\">\n<p align=\"center\">50<\/p>\n<\/td>\n<td class=\"xl1872\" style=\"width: 8.61619%;\">\n<p align=\"center\">48<\/p>\n<\/td>\n<td class=\"xl1872\" style=\"width: 12.7937%;\">\n<p align=\"center\">2,8 (3x)<\/p>\n<\/td>\n<td class=\"xl1872\" style=\"width: 154.308%;\">\n<p align=\"center\">59<\/p>\n<\/td>\n<\/tr>\n<tr>\n<td class=\"xl1871\" style=\"width: 15.1436%;\" height=\"20\">\n<p align=\"center\">HR1-60<\/p>\n<\/td>\n<td class=\"xl1872\" style=\"width: 26.2867%;\">\n<p align=\"center\">60<\/p>\n<\/td>\n<td class=\"xl1872\" style=\"width: 11.0501%;\">\n<p align=\"center\">5<\/p>\n<\/td>\n<td class=\"xl1872\" style=\"width: 8.61619%;\">\n<p align=\"center\">75<\/p>\n<\/td>\n<td class=\"xl1872\" style=\"width: 8.61619%;\">\n<p align=\"center\">60<\/p>\n<\/td>\n<td class=\"xl1872\" style=\"width: 8.61619%;\">\n<p align=\"center\">58<\/p>\n<\/td>\n<td class=\"xl1872\" style=\"width: 12.7937%;\">\n<p align=\"center\">2,8 (6x)<\/p>\n<\/td>\n<td class=\"xl1872\" style=\"width: 154.308%;\">\n<p align=\"center\">69<\/p>\n<\/td>\n<\/tr>\n<tr>\n<td class=\"xl1871\" style=\"width: 15.1436%;\" height=\"20\">\n<p align=\"center\">HR1-70<\/p>\n<\/td>\n<td class=\"xl1872\" style=\"width: 26.2867%;\">\n<p align=\"center\">70<\/p>\n<\/td>\n<td class=\"xl1872\" style=\"width: 11.0501%;\">\n<p align=\"center\">5<\/p>\n<\/td>\n<td class=\"xl1872\" style=\"width: 8.61619%;\">\n<p align=\"center\">85<\/p>\n<\/td>\n<td class=\"xl1872\" style=\"width: 8.61619%;\">\n<p align=\"center\">70<\/p>\n<\/td>\n<td class=\"xl1872\" style=\"width: 8.61619%;\">\n<p align=\"center\">68<\/p>\n<\/td>\n<td class=\"xl1872\" style=\"width: 12.7937%;\">\n<p align=\"center\">2,8 (6x)<\/p>\n<\/td>\n<td class=\"xl1872\" style=\"width: 154.308%;\">\n<p align=\"center\">79<\/p>\n<\/td>\n<\/tr>\n<tr>\n<td class=\"xl1871\" style=\"width: 15.1436%;\" height=\"20\">\n<p align=\"center\">HR1-80<\/p>\n<\/td>\n<td class=\"xl1872\" style=\"width: 26.2867%;\">\n<p align=\"center\">80<\/p>\n<\/td>\n<td class=\"xl1872\" style=\"width: 11.0501%;\">\n<p align=\"center\">5<\/p>\n<\/td>\n<td class=\"xl1872\" style=\"width: 8.61619%;\">\n<p align=\"center\">95<\/p>\n<\/td>\n<td class=\"xl1872\" style=\"width: 8.61619%;\">\n<p align=\"center\">80<\/p>\n<\/td>\n<td class=\"xl1872\" style=\"width: 8.61619%;\">\n<p align=\"center\">78<\/p>\n<\/td>\n<td class=\"xl1872\" style=\"width: 12.7937%;\">\n<p align=\"center\">2,8 (6x)<\/p>\n<\/td>\n<td class=\"xl1872\" style=\"width: 154.308%;\">\n<p align=\"center\">89<\/p>\n<\/td>\n<\/tr>\n<tr>\n<td class=\"xl1871\" style=\"width: 15.1436%;\" height=\"20\">\n<p align=\"center\">HR1-90<\/p>\n<\/td>\n<td class=\"xl1872\" style=\"width: 26.2867%;\">\n<p align=\"center\">90<\/p>\n<\/td>\n<td class=\"xl1872\" style=\"width: 11.0501%;\">\n<p align=\"center\">5<\/p>\n<\/td>\n<td class=\"xl1872\" style=\"width: 8.61619%;\">\n<p align=\"center\">105<\/p>\n<\/td>\n<td class=\"xl1872\" style=\"width: 8.61619%;\">\n<p align=\"center\">90<\/p>\n<\/td>\n<td class=\"xl1872\" style=\"width: 8.61619%;\">\n<p align=\"center\">88<\/p>\n<\/td>\n<td class=\"xl1872\" style=\"width: 12.7937%;\">\n<p align=\"center\">2,8 (6x)<\/p>\n<\/td>\n<td class=\"xl1872\" style=\"width: 154.308%;\">\n<p align=\"center\">99<\/p>\n<\/td>\n<\/tr>\n<tr>\n<td class=\"xl1871\" style=\"width: 15.1436%;\" height=\"20\">\n<p align=\"center\">HR1-100<\/p>\n<\/td>\n<td class=\"xl1872\" style=\"width: 26.2867%;\">\n<p align=\"center\">100<\/p>\n<\/td>\n<td class=\"xl1872\" style=\"width: 11.0501%;\">\n<p align=\"center\">5<\/p>\n<\/td>\n<td class=\"xl1872\" style=\"width: 8.61619%;\">\n<p align=\"center\">115<\/p>\n<\/td>\n<td class=\"xl1872\" style=\"width: 8.61619%;\">\n<p align=\"center\">100<\/p>\n<\/td>\n<td class=\"xl1872\" style=\"width: 8.61619%;\">\n<p align=\"center\">98<\/p>\n<\/td>\n<td class=\"xl1872\" style=\"width: 12.7937%;\">\n<p align=\"center\">2,8 (6x)<\/p>\n<\/td>\n<td class=\"xl1872\" style=\"width: 154.308%;\">\n<p align=\"center\">109<\/p>\n<\/td>\n<\/tr>\n<tr>\n<td class=\"xl1871\" style=\"width: 15.1436%;\" height=\"20\">\n<p align=\"center\">HR1-110<\/p>\n<\/td>\n<td class=\"xl1872\" style=\"width: 26.2867%;\">\n<p align=\"center\">110<\/p>\n<\/td>\n<td class=\"xl1872\" style=\"width: 11.0501%;\">\n<p align=\"center\">5<\/p>\n<\/td>\n<td class=\"xl1872\" style=\"width: 8.61619%;\">\n<p align=\"center\">125<\/p>\n<\/td>\n<td class=\"xl1872\" style=\"width: 8.61619%;\">\n<p align=\"center\">110<\/p>\n<\/td>\n<td class=\"xl1872\" style=\"width: 8.61619%;\">\n<p align=\"center\">108<\/p>\n<\/td>\n<td class=\"xl1872\" style=\"width: 12.7937%;\">\n<p align=\"center\">2,8 (6x)<\/p>\n<\/td>\n<td class=\"xl1872\" style=\"width: 154.308%;\">\n<p align=\"center\">119<\/p>\n<\/td>\n<\/tr>\n<tr>\n<td class=\"xl1871\" style=\"width: 15.1436%;\" height=\"20\">\n<p align=\"center\">HR1-120<\/p>\n<\/td>\n<td class=\"xl1872\" style=\"width: 26.2867%;\">\n<p align=\"center\">120<\/p>\n<\/td>\n<td class=\"xl1872\" style=\"width: 11.0501%;\">\n<p align=\"center\">5<\/p>\n<\/td>\n<td class=\"xl1872\" style=\"width: 8.61619%;\">\n<p align=\"center\">135<\/p>\n<\/td>\n<td class=\"xl1872\" style=\"width: 8.61619%;\">\n<p align=\"center\">120<\/p>\n<\/td>\n<td class=\"xl1872\" style=\"width: 8.61619%;\">\n<p align=\"center\">118<\/p>\n<\/td>\n<td class=\"xl1872\" style=\"width: 12.7937%;\">\n<p align=\"center\">2,8 (8x)<\/p>\n<\/td>\n<td class=\"xl1872\" style=\"width: 154.308%;\">\n<p align=\"center\">129<\/p>\n<\/td>\n<\/tr>\n<tr>\n<td class=\"xl1871\" style=\"width: 15.1436%;\" height=\"20\">\n<p align=\"center\">HR1-130<\/p>\n<\/td>\n<td class=\"xl1872\" style=\"width: 26.2867%;\">\n<p align=\"center\">130<\/p>\n<\/td>\n<td class=\"xl1872\" style=\"width: 11.0501%;\">\n<p align=\"center\">5<\/p>\n<\/td>\n<td class=\"xl1872\" style=\"width: 8.61619%;\">\n<p align=\"center\">145<\/p>\n<\/td>\n<td class=\"xl1872\" style=\"width: 8.61619%;\">\n<p align=\"center\">130<\/p>\n<\/td>\n<td class=\"xl1872\" style=\"width: 8.61619%;\">\n<p align=\"center\">128<\/p>\n<\/td>\n<td class=\"xl1872\" style=\"width: 12.7937%;\">\n<p align=\"center\">2,8 (8x)<\/p>\n<\/td>\n<td class=\"xl1872\" style=\"width: 154.308%;\">\n<p align=\"center\">139<\/p>\n<\/td>\n<\/tr>\n<tr>\n<td class=\"xl1871\" style=\"width: 15.1436%;\" height=\"20\">\n<p align=\"center\">HR1-140<\/p>\n<\/td>\n<td class=\"xl1872\" style=\"width: 26.2867%;\">\n<p align=\"center\">140<\/p>\n<\/td>\n<td class=\"xl1872\" style=\"width: 11.0501%;\">\n<p align=\"center\">5<\/p>\n<\/td>\n<td class=\"xl1872\" style=\"width: 8.61619%;\">\n<p align=\"center\">155<\/p>\n<\/td>\n<td class=\"xl1872\" style=\"width: 8.61619%;\">\n<p align=\"center\">140<\/p>\n<\/td>\n<td class=\"xl1872\" style=\"width: 8.61619%;\">\n<p align=\"center\">138<\/p>\n<\/td>\n<td class=\"xl1872\" style=\"width: 12.7937%;\">\n<p align=\"center\">2,8 (8x)<\/p>\n<\/td>\n<td class=\"xl1872\" style=\"width: 154.308%;\">\n<p align=\"center\">149<\/p>\n<\/td>\n<\/tr>\n<\/tbody>\n<\/table>\n<p>Na zam\u00f3wienie mo\u017cliwe s\u0105 inne rozmiary, a tak\u017ce produkcja pier\u015bcieni z\u0119batych wewn\u0119trznych z tworzywa sztucznego wed\u0142ug rysunk\u00f3w.<\/p>\n<table style=\"border-collapse: collapse; width: 101.662%; height: 5px;\" border=\"0\" width=\"162\" cellspacing=\"0\" cellpadding=\"0\">\n<tbody>\n<tr style=\"height: 14.40pt;\">\n<td style=\"height: 14.40pt; width: 48.60pt;\" align=\"right\" width=\"81\" height=\"24\"><img loading=\"lazy\" decoding=\"async\" class=\"size-full wp-image-7779 aligncenter\" src=\"https:\/\/fmp-components.com\/wp-content\/uploads\/2025\/04\/Internal-Gear-image.webp\" alt=\"Obraz przek\u0142adni wewn\u0119trznej\" width=\"2048\" height=\"1951\" title=\"\" srcset=\"https:\/\/fmp-components.com\/wp-content\/uploads\/2025\/04\/Internal-Gear-image.webp 2048w, https:\/\/fmp-components.com\/wp-content\/uploads\/2025\/04\/Internal-Gear-image-1280x1219.webp 1280w, https:\/\/fmp-components.com\/wp-content\/uploads\/2025\/04\/Internal-Gear-image-980x934.webp 980w, https:\/\/fmp-components.com\/wp-content\/uploads\/2025\/04\/Internal-Gear-image-480x457.webp 480w\" sizes=\"(min-width: 0px) and (max-width: 480px) 480px, (min-width: 481px) and (max-width: 980px) 980px, (min-width: 981px) and (max-width: 1280px) 1280px, (min-width: 1281px) 2048px, 100vw\" \/><\/td>\n<td style=\"width: 48.60pt;\" align=\"right\" width=\"81\"><img loading=\"lazy\" decoding=\"async\" class=\"size-full wp-image-7780 aligncenter\" src=\"https:\/\/fmp-components.com\/wp-content\/uploads\/2025\/04\/Plastic-Internal-Gear2.webp\" alt=\"Obraz przek\u0142adni wewn\u0119trznej\" width=\"480\" height=\"480\" title=\"\" srcset=\"https:\/\/fmp-components.com\/wp-content\/uploads\/2025\/04\/Plastic-Internal-Gear2.webp 480w, https:\/\/fmp-components.com\/wp-content\/uploads\/2025\/04\/Plastic-Internal-Gear2-300x300.webp 300w, https:\/\/fmp-components.com\/wp-content\/uploads\/2025\/04\/Plastic-Internal-Gear2-150x150.webp 150w, https:\/\/fmp-components.com\/wp-content\/uploads\/2025\/04\/Plastic-Internal-Gear2-12x12.webp 12w, https:\/\/fmp-components.com\/wp-content\/uploads\/2025\/04\/Plastic-Internal-Gear2-100x100.webp 100w\" sizes=\"(max-width: 480px) 100vw, 480px\" \/><\/td>\n<\/tr>\n<\/tbody>\n<\/table>\n<div class=\"message-bubble rounded-3xl prose dark:prose-invert break-words text-primary min-h-7 prose-p:opacity-95 prose-strong:opacity-100 w-full max-w-none\" dir=\"auto\">\n<h3 class=\"\" dir=\"auto\">Zoptymalizuj swoje maszyny dzi\u0119ki plastikowym przek\u0142adniom wewn\u0119trznym firmy FMP we W\u0142oszech<\/h3>\n<p class=\"break-words\" dir=\"auto\">Je\u015bli chodzi o popraw\u0119 wydajno\u015bci maszyn, plastikowe ko\u0142a z\u0119bate wewn\u0119trzne to lekkie, trwa\u0142e i ekonomiczne rozwi\u0105zanie. W FMP specjalizujemy si\u0119 w produkcji szerokiej gamy <a href=\"https:\/\/fmp-components.com\/pl\/ring-gear\/\">ko\u0142a z\u0119bate pier\u015bcieniowe<\/a>, w tym plastikowe ko\u0142a z\u0119bate wewn\u0119trzne, zaprojektowane z my\u015bl\u0105 o zr\u00f3\u017cnicowanych potrzebach przemys\u0142u w ca\u0142ych W\u0142oszech \u2013 od t\u0119tni\u0105cych \u017cyciem fabryk Mediolanu po innowacyjne warsztaty w Wenecji. Nasze produkty s\u0105 wykonane z precyzj\u0105, aby zapewni\u0107 niski poziom ha\u0142asu, wysok\u0105 wydajno\u015b\u0107 i odporno\u015b\u0107 na zu\u017cycie, dzi\u0119ki czemu idealnie nadaj\u0105 si\u0119 do zastosowa\u0144 w motoryzacji, robotyce i sprz\u0119cie przemys\u0142owym. Niezale\u017cnie od tego, czy szukasz niezawodnych komponent\u00f3w we Florencji, czy optymalizujesz linie produkcyjne w Bolonii, FMP dostarcza najwy\u017cszej jako\u015bci ko\u0142a z\u0119bate dostosowane do Twoich wymaga\u0144.<\/p>\n<h3 class=\"\" dir=\"auto\">Dost\u0119pne niestandardowe plastikowe ko\u0142a z\u0119bate wewn\u0119trzne \u2013 skontaktuj si\u0119 z nami ju\u017c dzi\u015b!<\/h3>\n<p class=\"break-words\" dir=\"auto\">W FMP szczycimy si\u0119 tym, \u017ce oferujemy nie tylko standardowe ko\u0142a z\u0119bate, ale tak\u017ce w pe\u0142ni spersonalizowane rozwi\u0105zania, spe\u0142niaj\u0105ce Pa\u0144stwa indywidualne wymagania. Je\u015bli przegl\u0105daj\u0105 Pa\u0144stwo nasz\u0105 list\u0119 produkt\u00f3w i nie mog\u0105 Pa\u0144stwo znale\u017a\u0107 dok\u0142adnie takiego modelu plastikowego ko\u0142a z\u0119batego, jakiego Pa\u0144stwo potrzebuj\u0105, nie martwcie si\u0119 \u2013 nasz katalog stale si\u0119 rozwija i by\u0107 mo\u017ce jeszcze go nie opublikowali\u015bmy. Wystarczy wys\u0142a\u0107 nam e-mail ze specyfikacj\u0105, a jeden z naszych dedykowanych in\u017cynier\u00f3w odpowie w ci\u0105gu 24 godzin, aby zapewni\u0107 Pa\u0144stwu spersonalizowane wsparcie i rozwi\u0105zanie najlepiej dopasowane do Pa\u0144stwa projektu. Zaufaj FMP, aby wspiera\u0107 Pa\u0144stwa innowacje we W\u0142oszech niezr\u00f3wnan\u0105 jako\u015bci\u0105 i obs\u0142ug\u0105.<\/p>\n<\/div>\n<\/div>","protected":false},"excerpt":{"rendered":"<p>Plastic Internal Gear Specification Plastic Internal Gear Dimension \u03a660mm Module M0.15-M2.0 Material Type POM, PA, PPA, PBT PEEK as customized Meshing Grade ISO6, JGMA 1, JIS 6, AGMA 13, DIN 6,Din5,AGMA12 Application Automotive, Military, Aircraft, Mechanical, industrial, Medical Customized ODM\/OEM supported Sample Sample available Modes of Packing Vacuum-packed with Plastic Tray Modes of Delivery DHL [&hellip;]<\/p>","protected":false},"featured_media":7779,"comment_status":"open","ping_status":"closed","template":"","meta":{"_et_pb_use_builder":"","_et_pb_old_content":"","_et_gb_content_width":""},"product_brand":[],"product_cat":[114],"product_tag":[],"class_list":{"0":"post-7776","1":"product","2":"type-product","3":"status-publish","4":"has-post-thumbnail","6":"product_cat-ring-gear","8":"first","9":"instock","10":"shipping-taxable","11":"product-type-simple"},"_links":{"self":[{"href":"https:\/\/fmp-components.com\/pl\/wp-json\/wp\/v2\/product\/7776","targetHints":{"allow":["GET"]}}],"collection":[{"href":"https:\/\/fmp-components.com\/pl\/wp-json\/wp\/v2\/product"}],"about":[{"href":"https:\/\/fmp-components.com\/pl\/wp-json\/wp\/v2\/types\/product"}],"replies":[{"embeddable":true,"href":"https:\/\/fmp-components.com\/pl\/wp-json\/wp\/v2\/comments?post=7776"}],"wp:featuredmedia":[{"embeddable":true,"href":"https:\/\/fmp-components.com\/pl\/wp-json\/wp\/v2\/media\/7779"}],"wp:attachment":[{"href":"https:\/\/fmp-components.com\/pl\/wp-json\/wp\/v2\/media?parent=7776"}],"wp:term":[{"taxonomy":"product_brand","embeddable":true,"href":"https:\/\/fmp-components.com\/pl\/wp-json\/wp\/v2\/product_brand?post=7776"},{"taxonomy":"product_cat","embeddable":true,"href":"https:\/\/fmp-components.com\/pl\/wp-json\/wp\/v2\/product_cat?post=7776"},{"taxonomy":"product_tag","embeddable":true,"href":"https:\/\/fmp-components.com\/pl\/wp-json\/wp\/v2\/product_tag?post=7776"}],"curies":[{"name":"wp","href":"https:\/\/api.w.org\/{rel}","templated":true}]}}