{"id":7774,"date":"2025-04-04T06:19:01","date_gmt":"2025-04-04T06:19:01","guid":{"rendered":"https:\/\/fmp-components.com\/?post_type=product&#038;p=7774"},"modified":"2025-04-04T06:39:10","modified_gmt":"2025-04-04T06:39:10","slug":"automotive-internal-gear","status":"publish","type":"product","link":"https:\/\/fmp-components.com\/pl\/product\/automotive-internal-gear\/","title":{"rendered":"Przek\u0142adnia wewn\u0119trzna samochodowa"},"content":{"rendered":"<h3>specyfikacja<\/h3>\n<table class=\"table\" style=\"width: 100.875%; height: 310px;\" border=\"1\">\n<tbody>\n<tr>\n<td colspan=\"2\">Przek\u0142adnia wewn\u0119trzna samochodowa<\/td>\n<\/tr>\n<tr>\n<td>Wymiar<\/td>\n<td>\u03a650mm<\/td>\n<\/tr>\n<tr>\n<td>Modu\u0142<\/td>\n<td>M0,15-M2,2<\/td>\n<\/tr>\n<tr>\n<td>Rodzaj materia\u0142u<\/td>\n<td>Metal, br\u0105z, stal, stop, POM, cynk, aluminium, \u017celazo, stal nierdzewna, mosi\u0105dz, mied\u017a<\/td>\n<\/tr>\n<tr>\n<td>Stopie\u0144 siatki<\/td>\n<td>ISO6, JGMA 1, JIS 6, AGMA 13, DIN 6,Din5,AGMA12<\/td>\n<\/tr>\n<tr>\n<td>Aplikacja<\/td>\n<td>Motoryzacja, wojsko, lotnictwo, mechanika, przemys\u0142, medycyna<\/td>\n<\/tr>\n<tr>\n<td>Dostosowane<\/td>\n<td>ODM\/OEM<\/td>\n<\/tr>\n<tr>\n<td>Pr\u00f3bka<\/td>\n<td>Dost\u0119pna pr\u00f3bka<\/td>\n<\/tr>\n<tr>\n<td>Sposoby pakowania<\/td>\n<td>Pakowane pr\u00f3\u017cniowo z plastikow\u0105 tack\u0105<\/td>\n<\/tr>\n<tr>\n<td>Sposoby dostawy<\/td>\n<td>DHL UPS<\/td>\n<\/tr>\n<tr>\n<td>Certyfikat<\/td>\n<td>ISO 9001: 2008\/TS16949<\/td>\n<\/tr>\n<\/tbody>\n<\/table>\n<p><span style=\"color: #333333; font-size: 22px;\">Zoptymalizuj rozwi\u0105zania w zakresie przek\u0142adni wewn\u0119trznych w swoim samochodzie dzi\u0119ki FMP we W\u0142oszech<\/span><\/p>\n<div>\n<p class=\"break-words\" dir=\"auto\">Przek\u0142adnie wewn\u0119trzne, znane r\u00f3wnie\u017c jako <a href=\"https:\/\/fmp-components.com\/pl\/ring-gear\/\">ko\u0142a z\u0119bate pier\u015bcieniowe<\/a>, odgrywaj\u0105 kluczow\u0105 rol\u0119 w przenoszeniu mocy w kompaktowych, wysokowydajnych systemach. W przeciwie\u0144stwie do k\u00f3\u0142 z\u0119batych zewn\u0119trznych, w kt\u00f3rych z\u0119by s\u0105 nacinane na \u015brednicy zewn\u0119trznej, ko\u0142a z\u0119bate wewn\u0119trzne posiadaj\u0105 z\u0119by na wewn\u0119trznej powierzchni cylindrycznej konstrukcji, co czyni je idealnymi do zastosowa\u0144 wymagaj\u0105cych efektywnego przenoszenia momentu obrotowego w ograniczonej przestrzeni. W FMP specjalizujemy si\u0119 w produkcji szerokiej gamy k\u00f3\u0142 z\u0119batych pier\u015bcieniowych, w tym k\u00f3\u0142 z\u0119batych walcowych i \u015brubowych, dostosowanych do potrzeb przemys\u0142u w ca\u0142ych W\u0142oszech \u2013 od t\u0119tni\u0105cych \u017cyciem mediola\u0144skich zak\u0142ad\u00f3w motoryzacyjnych po weneckie firmy zajmuj\u0105ce si\u0119 precyzyjn\u0105 mechanik\u0105.<\/p>\n<p class=\"break-words\" dir=\"auto\">Firma FMP z dum\u0105 oferuje spersonalizowane rozwi\u0105zania w zakresie przek\u0142adni wewn\u0119trznych, dopasowane do Pa\u0144stwa specyficznych wymaga\u0144. Je\u015bli szukasz konkretnego modelu i nie widzisz go na naszej li\u015bcie produkt\u00f3w \u2013 niezale\u017cnie od tego, czy mieszkasz w Mediolanie, Wenecji, Florencji czy gdzie indziej \u2013 nie martw si\u0119; oznacza to po prostu, \u017ce jeszcze go nie dodali\u015bmy. Prosimy o przes\u0142anie nam e-maila ze specyfikacj\u0105, a nasi wykwalifikowani in\u017cynierowie odpowiedz\u0105 w ci\u0105gu 24 godzin, przedstawiaj\u0105c indywidualne rozwi\u0105zanie. Od pokonywania wyzwa\u0144 projektowych, takich jak kolizja k\u00f3\u0142 z\u0119batych, po optymalizacj\u0119 przesuni\u0119\u0107 profilu z\u0119b\u00f3w w celu zwi\u0119kszenia wydajno\u015bci, FMP jest Pa\u0144stwa zaufanym partnerem w zakresie przek\u0142adni wewn\u0119trznych samochodowych we W\u0142oszech, zapewniaj\u0105c precyzj\u0119 i niezawodno\u015b\u0107 w ka\u017cdym projekcie.<\/p>\n<\/div>\n<p><img loading=\"lazy\" decoding=\"async\" class=\"size-full wp-image-7775 aligncenter\" src=\"https:\/\/fmp-components.com\/wp-content\/uploads\/2025\/04\/Internal-gear.webp\" alt=\"Przek\u0142adnia wewn\u0119trzna\" width=\"771\" height=\"543\" title=\"\" srcset=\"https:\/\/fmp-components.com\/wp-content\/uploads\/2025\/04\/Internal-gear.webp 771w, https:\/\/fmp-components.com\/wp-content\/uploads\/2025\/04\/Internal-gear-480x338.webp 480w\" sizes=\"(min-width: 0px) and (max-width: 480px) 480px, (min-width: 481px) 771px, 100vw\" \/><\/p>","protected":false},"excerpt":{"rendered":"<p>specification Automotive Internal Gear Dimension \u03a650mm Module M0.15-M2.2 Material Type Metal, Bronze, Steel, Alloy, POM, Zinc, Aluminum, Iron, Stainless, Brass, Copper Meshing Grade ISO6, JGMA 1, JIS 6, AGMA 13, DIN 6,Din5,AGMA12 Application Automotive, Military, Aircraft, Mechanical, industrial, Medical Customized ODM\/OEM Sample Sample available Modes of Packing Vacuum-packed with Plastic Tray Modes of Delivery DHL [&hellip;]<\/p>","protected":false},"featured_media":4635,"comment_status":"open","ping_status":"closed","template":"","meta":{"_et_pb_use_builder":"","_et_pb_old_content":"","_et_gb_content_width":""},"product_brand":[],"product_cat":[114],"product_tag":[],"class_list":{"0":"post-7774","1":"product","2":"type-product","3":"status-publish","4":"has-post-thumbnail","6":"product_cat-ring-gear","8":"first","9":"instock","10":"shipping-taxable","11":"product-type-simple"},"_links":{"self":[{"href":"https:\/\/fmp-components.com\/pl\/wp-json\/wp\/v2\/product\/7774","targetHints":{"allow":["GET"]}}],"collection":[{"href":"https:\/\/fmp-components.com\/pl\/wp-json\/wp\/v2\/product"}],"about":[{"href":"https:\/\/fmp-components.com\/pl\/wp-json\/wp\/v2\/types\/product"}],"replies":[{"embeddable":true,"href":"https:\/\/fmp-components.com\/pl\/wp-json\/wp\/v2\/comments?post=7774"}],"wp:featuredmedia":[{"embeddable":true,"href":"https:\/\/fmp-components.com\/pl\/wp-json\/wp\/v2\/media\/4635"}],"wp:attachment":[{"href":"https:\/\/fmp-components.com\/pl\/wp-json\/wp\/v2\/media?parent=7774"}],"wp:term":[{"taxonomy":"product_brand","embeddable":true,"href":"https:\/\/fmp-components.com\/pl\/wp-json\/wp\/v2\/product_brand?post=7774"},{"taxonomy":"product_cat","embeddable":true,"href":"https:\/\/fmp-components.com\/pl\/wp-json\/wp\/v2\/product_cat?post=7774"},{"taxonomy":"product_tag","embeddable":true,"href":"https:\/\/fmp-components.com\/pl\/wp-json\/wp\/v2\/product_tag?post=7774"}],"curies":[{"name":"wp","href":"https:\/\/api.w.org\/{rel}","templated":true}]}}