{"id":7760,"date":"2025-04-04T04:01:26","date_gmt":"2025-04-04T04:01:26","guid":{"rendered":"https:\/\/fmp-components.com\/?post_type=product&#038;p=7760"},"modified":"2025-04-04T05:33:52","modified_gmt":"2025-04-04T05:33:52","slug":"stainless-steel-ring-gear-for-wind-turbine","status":"publish","type":"product","link":"https:\/\/fmp-components.com\/pl\/product\/stainless-steel-ring-gear-for-wind-turbine\/","title":{"rendered":"Pier\u015bcie\u0144 z\u0119baty ze stali nierdzewnej do turbiny wiatrowej"},"content":{"rendered":"<div>\n<h2 dir=\"auto\">Pier\u015bcienie ze stali nierdzewnej: zasilanie turbin wiatrowych<\/h2>\n<p class=\"break-words\" dir=\"auto\">Pier\u015bcienie ze stali nierdzewnej to kluczowe elementy nowoczesnej in\u017cynierii, cenione za wyj\u0105tkow\u0105 odporno\u015b\u0107 na korozj\u0119, trwa\u0142o\u015b\u0107 i odporno\u015b\u0107 na rdz\u0119. W turbinach wiatrowych pier\u015bcienie te \u2013 cz\u0119sto zaprojektowane jako wewn\u0119trzne ko\u0142a z\u0119bate \u2013 odgrywaj\u0105 kluczow\u0105 rol\u0119 w uk\u0142adach regulacji k\u0105ta nachylenia i pochylenia, zapewniaj\u0105c precyzyjny ruch i d\u0142ugotrwa\u0142\u0105 niezawodno\u015b\u0107 w trudnych warunkach \u015brodowiskowych. W\u0142ochy, z rozwijaj\u0105cym si\u0119 sektorem energii odnawialnej w miastach takich jak Mediolan i Bolonia, opieraj\u0105 si\u0119 na tak precyzyjnych komponentach, aby wspiera\u0107 zr\u00f3wnowa\u017cone wytwarzanie energii. Wykonane z najwy\u017cszej jako\u015bci stali nierdzewnej, pier\u015bcienie te doskonale sprawdzaj\u0105 si\u0119 w wymagaj\u0105cych zastosowaniach, od ci\u0119\u017ckiego sprz\u0119tu po sprz\u0119t morski w Wenecji, a tak\u017ce w innowacjach lotniczych i kosmicznych we Florencji, co czyni je niezb\u0119dnymi do osi\u0105gni\u0119cia doskona\u0142o\u015bci przemys\u0142owej.<\/p>\n<\/div>\n<table class=\"aliDataTable\" style=\"width: 100.293%;\" border=\"1\">\n<tbody>\n<tr>\n<td style=\"width: 374.349%;\" colspan=\"2\">\n<div><b data-spm-anchor-id=\"a2700.details.0.i27.bf425d5dOqoAqD\">Specyfikacje<\/b><\/div>\n<\/td>\n<\/tr>\n<tr>\n<td style=\"width: 33.7449%;\">\n<div>Kszta\u0142t<\/div>\n<\/td>\n<td style=\"width: 340.604%;\">\n<div><a href=\"https:\/\/fmp-components.com\/pl\/ring-gear\/\">Ko\u0142o z\u0119bate pier\u015bcieniowe<\/a><\/div>\n<\/td>\n<\/tr>\n<tr>\n<td style=\"width: 33.7449%;\">\n<div>Profil z\u0119ba<\/div>\n<\/td>\n<td style=\"width: 340.604%;\">spiralny<\/td>\n<\/tr>\n<tr>\n<td style=\"width: 33.7449%;\">\n<div>Opis<\/div>\n<\/td>\n<td style=\"width: 340.604%;\">\n<div>Pier\u015bcie\u0144 z\u0119baty przek\u0142adni<\/div>\n<\/td>\n<\/tr>\n<tr>\n<td style=\"width: 33.7449%;\">\n<div>Rozmiar<\/div>\n<\/td>\n<td style=\"width: 340.604%;\">\n<div>Zgodnie z rysunkiem<\/div>\n<\/td>\n<\/tr>\n<\/tbody>\n<\/table>\n<div><\/div>\n<div>\n<div id=\"3u9z5\">\n<div id=\"ali-anchor-AliMaya-kiqiy\" data-section=\"AliMaya-kiqiy\" data-section-title=\"Technical Detail\" data-spm-anchor-id=\"a2700.details.0.i29.bf425d5dOqoAqD\">Szczeg\u00f3\u0142y techniczne<\/div>\n<\/div>\n<div>\n<div id=\"6re8y\">\n<table class=\"aliDataTable\" style=\"width: 99.9363%;\" border=\"1\">\n<tbody>\n<tr>\n<td style=\"width: 16.5312%;\" rowspan=\"3\">\n<div>\n<div><\/div>\n<div><\/div>\n<div>Wybrany materia\u0142<\/div>\n<\/div>\n<\/td>\n<td style=\"width: 18.6992%;\">\n<div>Stal w\u0119glowa<\/div>\n<\/td>\n<td style=\"width: 90.1521%;\">\n<div>SAE1020, SAE1045, Cr12, 40Cr, Y15Pb, 1214L itp.<\/div>\n<\/td>\n<\/tr>\n<tr>\n<td style=\"width: 18.6992%;\">\n<div>Stal stopowa<\/div>\n<\/td>\n<td style=\"width: 90.1521%;\">\n<div>20CrMnTi, 16MnCr5, 20CrMnMo, 41CrMo, 17CrNiMo5 itp.<\/div>\n<\/td>\n<\/tr>\n<tr>\n<td style=\"width: 18.6992%;\">\n<div>Mosi\u0105dz\/Br\u0105z<\/div>\n<\/td>\n<td style=\"width: 90.1521%;\">\n<div>HPb59-1, H70, CuZn39Pb2, CuZn40Pb2, C38000, CuZn40 itp.<\/div>\n<\/td>\n<\/tr>\n<tr>\n<td style=\"width: 16.5312%;\">\n<div>\n<div>Modu\u0142y<\/div>\n<\/div>\n<\/td>\n<td style=\"width: 108.851%;\" colspan=\"2\">\n<div>1,0, 1,25, 1,5, 1,75, 2,0, 2,25, 2,5\u2026.8,0 itd.<\/div>\n<\/td>\n<\/tr>\n<tr>\n<td style=\"width: 16.5312%;\">\n<div>\n<div>Proces obr\u00f3bki<\/div>\n<\/div>\n<\/td>\n<td style=\"width: 108.851%;\" colspan=\"2\">\n<div>Frezowanie k\u00f3\u0142 z\u0119batych, frezowanie k\u00f3\u0142 z\u0119batych, kszta\u0142towanie k\u00f3\u0142 z\u0119batych, przeci\u0105ganie k\u00f3\u0142 z\u0119batych,<br \/>\nWiercenie, szlifowanie i docieranie k\u00f3\u0142 z\u0119batych<\/div>\n<\/td>\n<\/tr>\n<tr>\n<td style=\"width: 16.5312%;\" rowspan=\"2\">\n<div>\n<div><\/div>\n<div>Kontrola tolerancji<\/div>\n<\/div>\n<\/td>\n<td style=\"width: 18.6992%;\">\n<div>\u015arednica zewn\u0119trzna<\/div>\n<\/td>\n<td style=\"width: 90.1521%;\">\n<div>\u00b10,005 mm<\/div>\n<\/td>\n<\/tr>\n<tr>\n<td style=\"width: 18.6992%;\">\n<div>Wymiar d\u0142ugo\u015bci<\/div>\n<\/td>\n<td style=\"width: 90.1521%;\">\n<div>\u00b10,05 mm<\/div>\n<\/td>\n<\/tr>\n<tr>\n<td style=\"width: 16.5312%;\">\n<div>\n<div>Obr\u00f3bka cieplna<\/div>\n<\/div>\n<\/td>\n<td style=\"width: 108.851%;\" colspan=\"2\">\n<div>Hartowanie i odpuszczanie, naw\u0119glanie i hartowanie, hartowanie wysokocz\u0119stotliwo\u015bciowe, w\u0119gloazotowanie\u2026<\/div>\n<\/td>\n<\/tr>\n<tr>\n<td style=\"width: 16.5312%;\">\n<div>\n<div>Dok\u0142adno\u015b\u0107 z\u0119b\u00f3w<\/div>\n<\/div>\n<\/td>\n<td style=\"width: 108.851%;\" colspan=\"2\">\n<div>Klasa DIN 4, klasa ISO\/GB 4, klasa AGMA 13, klasa JIS 0<\/div>\n<\/td>\n<\/tr>\n<tr>\n<td style=\"width: 16.5312%;\">\n<div>\n<div>Obr\u00f3bka powierzchni<\/div>\n<\/div>\n<\/td>\n<td style=\"width: 108.851%;\" colspan=\"2\">\n<div>Czernienie, polerowanie, anodowanie, chromowanie, cynkowanie, niklowanie\u2026\u2026<\/div>\n<\/td>\n<\/tr>\n<\/tbody>\n<\/table>\n<div class=\"sliderTable mt10 mb10 sliderTable-index0 change-to-org\">\n<div class=\"inner\">\n<table border=\"1\" width=\"100%\">\n<tbody>\n<tr class=\"firstRow\">\n<th colspan=\"2\" valign=\"top\">Podstawowe dane przek\u0142adni<\/th>\n<\/tr>\n<tr>\n<td valign=\"center\">Kszta\u0142t z\u0119ba ko\u0142a z\u0119batego<\/td>\n<td valign=\"center\">spiralny<\/td>\n<\/tr>\n<tr>\n<td valign=\"center\">Materia\u0142 przek\u0142adni<\/td>\n<td valign=\"center\">42CrMo<\/td>\n<\/tr>\n<tr>\n<td valign=\"center\">Proces przek\u0142adni<\/td>\n<td valign=\"center\">zamglenie, trwa\u0142o\u015b\u0107, frezowanie z\u0119b\u00f3w, szlifowanie wewn\u0119trzne i p\u0142askie, szlifowanie z\u0119b\u00f3w<\/td>\n<\/tr>\n<tr>\n<td valign=\"center\">K\u0105t ci\u015bnienia<\/td>\n<td valign=\"center\">20\u00b0<\/td>\n<\/tr>\n<tr>\n<td valign=\"center\">Poziom jako\u015bci<\/td>\n<td valign=\"center\">DIN 3962 klasa 7<\/td>\n<\/tr>\n<tr>\n<td valign=\"center\">Typ przek\u0142adni<\/td>\n<td valign=\"center\">Mn=6, Z=109, \u03b2=0\u00b0, X=-0,25<\/td>\n<\/tr>\n<\/tbody>\n<\/table>\n<\/div>\n<\/div>\n<p>MO\u017bLIWO\u015aCI PRZEK\u0141ADNI\/WIELOKROTNEGO PRZEK\u0141ADNI<\/p>\n<div class=\"sliderTable mt10 mb10 sliderTable-index1 change-to-org\">\n<div class=\"inner\">\n<table border=\"1\" width=\"100%\">\n<tbody>\n<tr class=\"firstRow\">\n<th colspan=\"4\" valign=\"top\">PRZEK\u0141ADNIE WEWN\u0118TRZNE I WIELOKR\u0118TY WEWN\u0118TRZNE<\/th>\n<\/tr>\n<tr>\n<td valign=\"top\"><\/td>\n<td valign=\"top\">PRZEMIA\u0141<\/td>\n<td valign=\"top\">MODELACJA<\/td>\n<td valign=\"top\">ZGRZEWANIE Z\u0118B\u00d3W<\/td>\n<\/tr>\n<tr>\n<td valign=\"top\">Maksymalna \u015brednica zewn\u0119trzna<\/td>\n<td valign=\"top\">2500 mm<\/td>\n<td valign=\"top\">2500 mm<\/td>\n<td valign=\"top\">2500 mm<\/td>\n<\/tr>\n<tr>\n<td valign=\"top\">Minimalny identyfikator<\/td>\n<td valign=\"top\">650 mm<\/td>\n<td valign=\"top\">50 mm<\/td>\n<td valign=\"top\">100 mm<\/td>\n<\/tr>\n<tr>\n<td valign=\"top\">Maksymalna szeroko\u015b\u0107 twarzy<\/td>\n<td valign=\"top\">500 mm<\/td>\n<td valign=\"top\">500 mm<\/td>\n<td valign=\"top\">500 mm<\/td>\n<\/tr>\n<tr>\n<td valign=\"top\">Maksymalny podzia\u0142 \u015brednicowy<\/td>\n<td valign=\"top\">DP 1<\/td>\n<td valign=\"top\">DP 1<\/td>\n<td valign=\"top\">DP 0,5<\/td>\n<\/tr>\n<tr>\n<td valign=\"top\">Maksymalny modu\u0142<\/td>\n<td valign=\"top\">26 mm<\/td>\n<td valign=\"top\">26 mm<\/td>\n<td valign=\"top\">45 mm<\/td>\n<\/tr>\n<tr>\n<td valign=\"top\">Poziom AGMA\/Poziom DIN<\/td>\n<td valign=\"top\">Klasa DIN 8<\/td>\n<td valign=\"top\">Klasa DIN 8<\/td>\n<td valign=\"top\">Klasa DIN 4<\/td>\n<\/tr>\n<tr>\n<td valign=\"top\">Wyka\u0144czanie powierzchni z\u0119b\u00f3w<\/td>\n<td valign=\"top\">Ra 3,2<\/td>\n<td valign=\"top\">Ra 3,2<\/td>\n<td valign=\"top\">Ra 0,6<\/td>\n<\/tr>\n<tr>\n<td valign=\"top\">Maksymalny k\u0105t linii \u015brubowej<\/td>\n<td valign=\"top\">\u00b122,5\u00b0<\/td>\n<td valign=\"top\">\u00b122,5\u00b0<\/td>\n<td valign=\"top\">\u00b145\u00b0<\/td>\n<\/tr>\n<tr>\n<th colspan=\"4\" valign=\"top\">PRZEK\u0141ADNIE ZEWN\u0118TRZNE I WIELOKR\u0118TY ZEWN\u0118TRZNE<\/th>\n<\/tr>\n<tr>\n<td valign=\"top\"><\/td>\n<td valign=\"top\">HOBBING<\/td>\n<td valign=\"top\">PRZEMIA\u0141<\/td>\n<td valign=\"top\">ZGRZEWANIE Z\u0118B\u00d3W<\/td>\n<\/tr>\n<tr>\n<td valign=\"top\">Maksymalna \u015brednica zewn\u0119trzna<\/td>\n<td valign=\"top\">1250 mm<\/td>\n<td valign=\"top\">2500 mm<\/td>\n<td valign=\"top\">2500 mm<\/td>\n<\/tr>\n<tr>\n<td valign=\"top\">Minimalny OD<\/td>\n<td valign=\"top\">20 mm<\/td>\n<td valign=\"top\">200 mm<\/td>\n<td valign=\"top\">20 mm<\/td>\n<\/tr>\n<tr>\n<td valign=\"top\">Maksymalna szeroko\u015b\u0107 twarzy<\/td>\n<td valign=\"top\">500 mm<\/td>\n<td valign=\"top\">500 mm<\/td>\n<td valign=\"top\">1480 mm<\/td>\n<\/tr>\n<tr>\n<td valign=\"top\">Maksymalny podzia\u0142 \u015brednicowy<\/td>\n<td valign=\"top\">DP 1<\/td>\n<td valign=\"top\">DP 1<\/td>\n<td valign=\"top\">DP 0,5<\/td>\n<\/tr>\n<tr>\n<td valign=\"top\">Maksymalny modu\u0142<\/td>\n<td valign=\"top\">26 mm<\/td>\n<td valign=\"top\">26 mm<\/td>\n<td valign=\"top\">45 mm<\/td>\n<\/tr>\n<tr>\n<td valign=\"top\">Poziom AGMA\/Poziom DIN<\/td>\n<td valign=\"top\">Klasa DIN 8<\/td>\n<td valign=\"top\">Klasa DIN 8<\/td>\n<td valign=\"top\">Klasa DIN 4<\/td>\n<\/tr>\n<tr>\n<td valign=\"top\">Wyka\u0144czanie powierzchni z\u0119b\u00f3w<\/td>\n<td valign=\"top\">Ra 3,2<\/td>\n<td valign=\"top\">Ra 3,2<\/td>\n<td valign=\"top\">Ra 0,6<\/td>\n<\/tr>\n<tr>\n<td valign=\"top\">Maksymalny k\u0105t linii \u015brubowej<\/td>\n<td valign=\"top\">\u00b145\u00b0<\/td>\n<td valign=\"top\">\u00b145\u00b0<\/td>\n<td valign=\"top\">\u00b145\u00b0<\/td>\n<\/tr>\n<\/tbody>\n<\/table>\n<p><span style=\"color: #333333; font-size: 22px;\">FMP: Twoje \u017ar\u00f3d\u0142o najwy\u017cszej jako\u015bci k\u00f3\u0142 z\u0119batych ze stali nierdzewnej<\/span><\/p>\n<div>\n<p class=\"break-words\" dir=\"auto\">FMP jest wiod\u0105cym producentem, eksporterem i dostawc\u0105 wysokiej jako\u015bci podzespo\u0142\u00f3w do maszyn ci\u0119\u017ckich, obejmuj\u0105cych szerok\u0105 gam\u0119 <strong>ko\u0142a z\u0119bate pier\u015bcieniowe<\/strong> Wykonane ze stali nierdzewnej. Z siedzib\u0105 we W\u0142oszech, obs\u0142ugujemy bran\u017ce w Mediolanie, Wenecji, Florencji i Bolonii, dostarczaj\u0105c solidne, odporne na zu\u017cycie produkty z trwa\u0142\u0105 obr\u00f3bk\u0105 powierzchni, kt\u00f3ra minimalizuje w\u017cery i maksymalizuje \u017cywotno\u015b\u0107 \u2013 a wszystko to w konkurencyjnych cenach. Nasze do\u015bwiadczenie obejmuje niestandardowe rozwi\u0105zania dla przek\u0142adni do cukrowni, mechanicznych przek\u0142adni wie\u0144cowych oraz specjalistycznych pier\u015bcieni ze stali nierdzewnej do turbin wiatrowych. Niezale\u017cnie od tego, czy zasilasz projekty energii odnawialnej w Bolonii, czy systemy morskie w Wenecji, FMP oferuje projekty dostosowane do Twoich potrzeb, gwarantuj\u0105c najwy\u017csz\u0105 wydajno\u015b\u0107 i integralno\u015b\u0107 strukturaln\u0105.<\/p>\n<\/div>\n<table style=\"border-collapse: collapse; width: 100.345%; height: 5px;\" border=\"0\" width=\"243\" cellspacing=\"0\" cellpadding=\"0\">\n<tbody>\n<tr style=\"height: 14.40pt;\">\n<td style=\"height: 14.4pt; width: 33.2978%;\" align=\"right\" width=\"81\" height=\"24\">\u00a0<img loading=\"lazy\" decoding=\"async\" class=\"alignnone size-full wp-image-7766\" src=\"https:\/\/fmp-components.com\/wp-content\/uploads\/2025\/04\/Stainless_Steel_Ring_Gear_For_Wind_Turbine_1.webp\" alt=\"Przek\u0142adnia_pier\u015bcieniowa_ze_stali_nierdzewnej_do_turbiny_wiatrowej\" width=\"1024\" height=\"1024\" title=\"\" srcset=\"https:\/\/fmp-components.com\/wp-content\/uploads\/2025\/04\/Stainless_Steel_Ring_Gear_For_Wind_Turbine_1.webp 1024w, https:\/\/fmp-components.com\/wp-content\/uploads\/2025\/04\/Stainless_Steel_Ring_Gear_For_Wind_Turbine_1-980x980.webp 980w, https:\/\/fmp-components.com\/wp-content\/uploads\/2025\/04\/Stainless_Steel_Ring_Gear_For_Wind_Turbine_1-480x480.webp 480w\" sizes=\"(min-width: 0px) and (max-width: 480px) 480px, (min-width: 481px) and (max-width: 980px) 980px, (min-width: 981px) 1024px, 100vw\" \/><\/td>\n<td style=\"width: 33.2978%;\" align=\"right\" width=\"81\"><img loading=\"lazy\" decoding=\"async\" class=\"alignnone size-full wp-image-7765\" src=\"https:\/\/fmp-components.com\/wp-content\/uploads\/2025\/04\/Stainless_Steel_Ring_Gear_For_Wind_Turbine_3.webp\" alt=\"Przek\u0142adnia_pier\u015bcieniowa_ze_stali_nierdzewnej_do_turbiny_wiatrowej\" width=\"1024\" height=\"1024\" title=\"\" srcset=\"https:\/\/fmp-components.com\/wp-content\/uploads\/2025\/04\/Stainless_Steel_Ring_Gear_For_Wind_Turbine_3.webp 1024w, https:\/\/fmp-components.com\/wp-content\/uploads\/2025\/04\/Stainless_Steel_Ring_Gear_For_Wind_Turbine_3-980x980.webp 980w, https:\/\/fmp-components.com\/wp-content\/uploads\/2025\/04\/Stainless_Steel_Ring_Gear_For_Wind_Turbine_3-480x480.webp 480w\" sizes=\"(min-width: 0px) and (max-width: 480px) 480px, (min-width: 481px) and (max-width: 980px) 980px, (min-width: 981px) 1024px, 100vw\" \/><\/td>\n<td style=\"width: 33.2978%;\" align=\"right\" width=\"81\"><img loading=\"lazy\" decoding=\"async\" class=\"alignnone size-full wp-image-7767\" src=\"https:\/\/fmp-components.com\/wp-content\/uploads\/2025\/04\/Stainless_Steel_Ring_Gear_For_Wind_Turbine_2.webp\" alt=\"Przek\u0142adnia_pier\u015bcieniowa_ze_stali_nierdzewnej_do_turbiny_wiatrowej\" width=\"1024\" height=\"1024\" title=\"\" srcset=\"https:\/\/fmp-components.com\/wp-content\/uploads\/2025\/04\/Stainless_Steel_Ring_Gear_For_Wind_Turbine_2.webp 1024w, https:\/\/fmp-components.com\/wp-content\/uploads\/2025\/04\/Stainless_Steel_Ring_Gear_For_Wind_Turbine_2-980x980.webp 980w, https:\/\/fmp-components.com\/wp-content\/uploads\/2025\/04\/Stainless_Steel_Ring_Gear_For_Wind_Turbine_2-480x480.webp 480w\" sizes=\"(min-width: 0px) and (max-width: 480px) 480px, (min-width: 481px) and (max-width: 980px) 980px, (min-width: 981px) 1024px, 100vw\" \/><\/td>\n<\/tr>\n<\/tbody>\n<\/table>\n<div>\n<h3 class=\"\" dir=\"auto\">Zam\u00f3wienia niestandardowe i szybkie wsparcie od FMP<\/h3>\n<p class=\"break-words\" dir=\"auto\">Nie mo\u017cesz znale\u017a\u0107 modelu pier\u015bcienia ze stali nierdzewnej, kt\u00f3rego potrzebujesz do swojej turbiny wiatrowej lub innego zastosowania? W FMP produkujemy szerok\u0105 gam\u0119 pier\u015bcieni z\u0119batych i z przyjemno\u015bci\u0105 realizujemy zam\u00f3wienia niestandardowe, dopasowane do Twoich indywidualnych potrzeb. Je\u015bli poszukiwanego modelu nie ma na li\u015bcie, prawdopodobnie jeszcze go nie dodali\u015bmy \u2014 wystarczy przes\u0142a\u0107 nam specyfikacj\u0119 e-mailem, a nasi do\u015bwiadczeni in\u017cynierowie odpowiedz\u0105 w ci\u0105gu 24 godzin, proponuj\u0105c rozwi\u0105zanie. Obs\u0142ugujemy w\u0142oskie centra przemys\u0142owe, takie jak Mediolan, Florencja, Wenecja i Bolonia, i jeste\u015bmy zobowi\u0105zani do precyzyjnego i szybkiego wspierania Twoich projekt\u00f3w. Skontaktuj si\u0119 z FMP ju\u017c dzi\u015b, aby ulepszy\u0107 swoje systemy turbin wiatrowych dzi\u0119ki naszym elitarnym pier\u015bcieniom z\u0119batym ze stali nierdzewnej!<\/p>\n<\/div>\n<\/div>\n<\/div>\n<\/div>\n<\/div>\n<\/div>","protected":false},"excerpt":{"rendered":"<p>Stainless Steel Rings: Powering Wind Turbines Stainless steel rings are critical components in modern engineering, prized for their exceptional corrosion resistance, wear durability, and rust-proof properties. In wind turbines, these rings\u2014often designed as internal ring gears\u2014play a vital role in the yaw and pitch systems, ensuring precise movement and long-term reliability under harsh environmental conditions. [&hellip;]<\/p>","protected":false},"featured_media":7766,"comment_status":"open","ping_status":"closed","template":"","meta":{"_et_pb_use_builder":"","_et_pb_old_content":"","_et_gb_content_width":""},"product_brand":[],"product_cat":[114],"product_tag":[],"class_list":{"0":"post-7760","1":"product","2":"type-product","3":"status-publish","4":"has-post-thumbnail","6":"product_cat-ring-gear","8":"first","9":"instock","10":"shipping-taxable","11":"product-type-simple"},"_links":{"self":[{"href":"https:\/\/fmp-components.com\/pl\/wp-json\/wp\/v2\/product\/7760","targetHints":{"allow":["GET"]}}],"collection":[{"href":"https:\/\/fmp-components.com\/pl\/wp-json\/wp\/v2\/product"}],"about":[{"href":"https:\/\/fmp-components.com\/pl\/wp-json\/wp\/v2\/types\/product"}],"replies":[{"embeddable":true,"href":"https:\/\/fmp-components.com\/pl\/wp-json\/wp\/v2\/comments?post=7760"}],"wp:featuredmedia":[{"embeddable":true,"href":"https:\/\/fmp-components.com\/pl\/wp-json\/wp\/v2\/media\/7766"}],"wp:attachment":[{"href":"https:\/\/fmp-components.com\/pl\/wp-json\/wp\/v2\/media?parent=7760"}],"wp:term":[{"taxonomy":"product_brand","embeddable":true,"href":"https:\/\/fmp-components.com\/pl\/wp-json\/wp\/v2\/product_brand?post=7760"},{"taxonomy":"product_cat","embeddable":true,"href":"https:\/\/fmp-components.com\/pl\/wp-json\/wp\/v2\/product_cat?post=7760"},{"taxonomy":"product_tag","embeddable":true,"href":"https:\/\/fmp-components.com\/pl\/wp-json\/wp\/v2\/product_tag?post=7760"}],"curies":[{"name":"wp","href":"https:\/\/api.w.org\/{rel}","templated":true}]}}