{"id":774,"date":"2024-12-18T06:44:58","date_gmt":"2024-12-18T06:44:58","guid":{"rendered":"https:\/\/fmp-components.com\/?page_id=8"},"modified":"2024-12-18T06:54:43","modified_gmt":"2024-12-18T06:54:43","slug":"hydraulic-cylinder-for-reach-stacker","status":"publish","type":"product","link":"https:\/\/fmp-components.com\/pl\/product\/hydraulic-cylinder-for-reach-stacker\/","title":{"rendered":"Si\u0142ownik hydrauliczny do w\u00f3zka wid\u0142owego"},"content":{"rendered":"<p style=\"text-align: center;\"><span style=\"font-size: 18pt;\">Si\u0142ownik hydrauliczny do w\u00f3zka wid\u0142owego<\/span><\/p>\n<p>Si\u0142ownik hydrauliczny do w\u00f3zka wid\u0142owego typu Reach Stacker to niezb\u0119dny element hydrauliczny zaprojektowany w celu zwi\u0119kszenia mo\u017cliwo\u015bci podnoszenia i wysuwania w\u00f3zk\u00f3w wid\u0142owych typu Reach Stacker wykorzystywanych w logistyce i operacjach prze\u0142adunku kontener\u00f3w. Si\u0142ownik ten odgrywa kluczow\u0105 rol\u0119 w p\u0142ynnym i precyzyjnym ruchu wysi\u0119gnika w\u00f3zka, umo\u017cliwiaj\u0105c wydajny za\u0142adunek, roz\u0142adunek i uk\u0142adanie kontener\u00f3w oraz ci\u0119\u017ckich \u0142adunk\u00f3w.<\/p>\n<p><img loading=\"lazy\" decoding=\"async\" class=\"alignnone size-full wp-image-788\" src=\"https:\/\/fmp-components.com\/wp-content\/uploads\/2024\/12\/Reach-Stacker-Luffing-Cylinders-2.webp\" alt=\"Cylindry podno\u015bnika teleskopowego Reach-Stacker-2\" width=\"870\" height=\"535\" title=\"\" srcset=\"https:\/\/fmp-components.com\/wp-content\/uploads\/2024\/12\/Reach-Stacker-Luffing-Cylinders-2.webp 870w, https:\/\/fmp-components.com\/wp-content\/uploads\/2024\/12\/Reach-Stacker-Luffing-Cylinders-2-480x295.webp 480w\" sizes=\"(min-width: 0px) and (max-width: 480px) 480px, (min-width: 481px) 870px, 100vw\" \/><\/p>\n<h4>G\u0142\u00f3wne cechy:<\/h4>\n<ul>\n<li><strong>Wysoka \u0142adowno\u015b\u0107:<\/strong> Zaprojektowany do podnoszenia znacznych ci\u0119\u017car\u00f3w, ten si\u0142ownik hydrauliczny gwarantuje niezawodn\u0105 prac\u0119 podczas podnoszenia ci\u0119\u017ckich \u0142adunk\u00f3w, co ma kluczowe znaczenie dla efektywnego zarz\u0105dzania \u0142adunkiem.<\/li>\n<li><strong>Solidna konstrukcja:<\/strong> Wykonany z materia\u0142\u00f3w o wysokiej wytrzyma\u0142o\u015bci, zosta\u0142 zaprojektowany tak, aby sprosta\u0107 rygorystycznym wymaganiom ci\u0119\u017ckich operacji w \u015brodowiskach transportowych i logistycznych, gwarantuj\u0105c d\u0142ugotrwa\u0142\u0105 wytrzyma\u0142o\u015b\u0107 i niezawodno\u015b\u0107.<\/li>\n<li><strong>P\u0142ynna praca:<\/strong> Nowoczesna konstrukcja hydrauliczna pozwala na p\u0142ynne i kontrolowane ruchy, umo\u017cliwiaj\u0105c szybk\u0105 regulacj\u0119 podczas za\u0142adunku i roz\u0142adunku, jednocze\u015bnie minimalizuj\u0105c zu\u017cycie sprz\u0119tu.<\/li>\n<li><strong>Zwi\u0119kszone bezpiecze\u0144stwo:<\/strong> Wyposa\u017cone w funkcje bezpiecze\u0144stwa zapobiegaj\u0105ce przeci\u0105\u017ceniu i gwarantuj\u0105ce bezpieczn\u0105 prac\u0119, chroni\u0105ce zar\u00f3wno operator\u00f3w, jak i \u0142adunek podczas zada\u0144 zwi\u0105zanych z obs\u0142ug\u0105.<\/li>\n<li><strong>Wszechstronne zastosowanie:<\/strong> Ten si\u0142ownik hydrauliczny, odpowiedni do r\u00f3\u017cnych konfiguracji w\u00f3zk\u00f3w wid\u0142owych, mo\u017ce dostosowa\u0107 si\u0119 do r\u00f3\u017cnych potrzeb operacyjnych, dzi\u0119ki czemu jest idealnym wyborem do r\u00f3\u017cnorodnych zada\u0144 zwi\u0105zanych z obs\u0142ug\u0105 kontener\u00f3w.<\/li>\n<li><strong>Niskie wymagania konserwacyjne:<\/strong> Zaprojektowane z my\u015bl\u0105 o minimalnym zu\u017cyciu, zmniejsza potrzeb\u0119 cz\u0119stej konserwacji, przyczyniaj\u0105c si\u0119 do zwi\u0119kszenia wydajno\u015bci i obni\u017cenia koszt\u00f3w operacyjnych.<\/li>\n<\/ul>\n<p>Podsumowuj\u0105c, si\u0142ownik hydrauliczny do w\u00f3zk\u00f3w wid\u0142owych typu Reach Stacker to kluczowy element optymalizuj\u0105cy dzia\u0142anie i wydajno\u015b\u0107 w\u00f3zk\u00f3w wid\u0142owych typu Reach Stacker, znacznie zwi\u0119kszaj\u0105c ich efektywno\u015b\u0107 w obs\u0142udze kontener\u00f3w i operacjach logistycznych.<\/p>\n<h2>Cylinder teleskopowy Reach Stacker<\/h2>\n<p><img loading=\"lazy\" decoding=\"async\" class=\"size-full wp-image-786 aligncenter\" src=\"https:\/\/fmp-components.com\/wp-content\/uploads\/2024\/12\/Reach-Stacker-Telescopic-Cylinder.webp\" alt=\"Cylinder teleskopowy Reach Stacker\" width=\"500\" height=\"200\" title=\"\" srcset=\"https:\/\/fmp-components.com\/wp-content\/uploads\/2024\/12\/Reach-Stacker-Telescopic-Cylinder.webp 500w, https:\/\/fmp-components.com\/wp-content\/uploads\/2024\/12\/Reach-Stacker-Telescopic-Cylinder-480x192.webp 480w\" sizes=\"(min-width: 0px) and (max-width: 480px) 480px, (min-width: 481px) 500px, 100vw\" \/><\/p>\n<table style=\"width: 83.0024%; height: 162px;\" border=\"1\" cellspacing=\"0\" cellpadding=\"0\">\n<tbody>\n<tr>\n<td>Nazwa produktu<\/td>\n<td>Cylinder teleskopowy Reach Stacker<\/td>\n<\/tr>\n<tr>\n<td>Cechy:<\/td>\n<td>Zrealizuj liniowy ruch teleskopowy wysi\u0119gnika<\/td>\n<\/tr>\n<tr>\n<td>\u015arednica otworu:<\/td>\n<td>200mm\uff5e220mm<\/td>\n<\/tr>\n<tr>\n<td>\u015arednica pr\u0119ta:<\/td>\n<td>150 mm\uff5e180 mm<br \/>\nSkok \u22648000 mm<\/td>\n<\/tr>\n<tr>\n<td>Ci\u015bnienie:<\/td>\n<td>Maksymalnie 30 MPa<\/td>\n<\/tr>\n<tr>\n<td>Zastosowania:<\/td>\n<td>W\u00f3zek wid\u0142owy<\/td>\n<\/tr>\n<\/tbody>\n<\/table>\n<p><img loading=\"lazy\" decoding=\"async\" class=\"alignnone wp-image-790\" src=\"https:\/\/fmp-components.com\/wp-content\/uploads\/2024\/12\/Stacker-Telescopic-Cylinder.webp\" alt=\"Uk\u0142adarka teleskopowa\" width=\"761\" height=\"457\" title=\"\"><\/p>\n<p><img loading=\"lazy\" decoding=\"async\" class=\"alignnone wp-image-789\" src=\"https:\/\/fmp-components.com\/wp-content\/uploads\/2024\/12\/Stacker-Telescopic-Cylinder-1.webp\" alt=\"Uk\u0142adarka teleskopowa\" width=\"764\" height=\"383\" title=\"\"><\/p>\n<h2>Si\u0142ownik wychylny podno\u015bnika<\/h2>\n<p><img loading=\"lazy\" decoding=\"async\" class=\"size-full wp-image-784 aligncenter\" src=\"https:\/\/fmp-components.com\/wp-content\/uploads\/2024\/12\/Reach-Stacker-Luffing-Cylinder-1.webp\" alt=\"Si\u0142ownik wychylny podno\u015bnika\" width=\"500\" height=\"200\" title=\"\" srcset=\"https:\/\/fmp-components.com\/wp-content\/uploads\/2024\/12\/Reach-Stacker-Luffing-Cylinder-1.webp 500w, https:\/\/fmp-components.com\/wp-content\/uploads\/2024\/12\/Reach-Stacker-Luffing-Cylinder-1-480x192.webp 480w\" sizes=\"(min-width: 0px) and (max-width: 480px) 480px, (min-width: 481px) 500px, 100vw\" \/><\/p>\n<table style=\"width: 84.0327%; height: 185px;\" border=\"1\" cellspacing=\"0\" cellpadding=\"0\">\n<tbody>\n<tr>\n<td>Nazwa produktu<\/td>\n<td>Si\u0142ownik wychylny podno\u015bnika<\/td>\n<\/tr>\n<tr>\n<td>Cechy:<\/td>\n<td>Zrealizuj pochylenie wysi\u0119gnika w g\u00f3r\u0119 i w d\u00f3\u0142<\/td>\n<\/tr>\n<tr>\n<td>\u015arednica otworu:<\/td>\n<td>100 mm\uff5e220 mm<\/td>\n<\/tr>\n<tr>\n<td>\u015arednica pr\u0119ta:<\/td>\n<td>60 mm\uff5e140 mm<br \/>\nSkok \u22645000 mm<\/td>\n<\/tr>\n<tr>\n<td>Ci\u015bnienie:<\/td>\n<td>Maksymalnie 30 MPa<\/td>\n<\/tr>\n<tr>\n<td>Zastosowania:<\/td>\n<td>W\u00f3zek wid\u0142owy<\/td>\n<\/tr>\n<\/tbody>\n<\/table>\n<p><img loading=\"lazy\" decoding=\"async\" class=\"alignnone wp-image-782\" src=\"https:\/\/fmp-components.com\/wp-content\/uploads\/2024\/12\/Reach-Stacker-Luffing-Cylinder.webp\" alt=\"Si\u0142ownik wychylny podno\u015bnika\" width=\"780\" height=\"285\" title=\"\" srcset=\"https:\/\/fmp-components.com\/wp-content\/uploads\/2024\/12\/Reach-Stacker-Luffing-Cylinder.webp 780w, https:\/\/fmp-components.com\/wp-content\/uploads\/2024\/12\/Reach-Stacker-Luffing-Cylinder-480x175.webp 480w\" sizes=\"(min-width: 0px) and (max-width: 480px) 480px, (min-width: 481px) 780px, 100vw\" \/><\/p>\n<p><img loading=\"lazy\" decoding=\"async\" class=\"alignnone wp-image-787\" src=\"https:\/\/fmp-components.com\/wp-content\/uploads\/2024\/12\/Reach-Stacker-Luffing-Cylinder-2.webp\" alt=\"Reach-Stacker-Cylinder-2\" width=\"774\" height=\"503\" title=\"\"><\/p>\n<h2>Si\u0142ownik steruj\u0105cy podno\u015bnika kontenerowego<\/h2>\n<p><img loading=\"lazy\" decoding=\"async\" class=\"size-full wp-image-785 aligncenter\" src=\"https:\/\/fmp-components.com\/wp-content\/uploads\/2024\/12\/Reach-Stacker-Steering-Cylinder.webp\" alt=\"Si\u0142ownik steruj\u0105cy podno\u015bnika kontenerowego\" width=\"500\" height=\"200\" title=\"\" srcset=\"https:\/\/fmp-components.com\/wp-content\/uploads\/2024\/12\/Reach-Stacker-Steering-Cylinder.webp 500w, https:\/\/fmp-components.com\/wp-content\/uploads\/2024\/12\/Reach-Stacker-Steering-Cylinder-480x192.webp 480w\" sizes=\"(min-width: 0px) and (max-width: 480px) 480px, (min-width: 481px) 500px, 100vw\" \/><\/p>\n<table style=\"width: 84.0349%; height: 200px;\" border=\"1\" cellspacing=\"0\" cellpadding=\"0\">\n<tbody>\n<tr style=\"height: 23px;\">\n<td style=\"height: 23px;\">Nazwa produktu<\/td>\n<td style=\"height: 23px;\">Si\u0142ownik wychylny podno\u015bnika<\/td>\n<\/tr>\n<tr style=\"height: 23px;\">\n<td style=\"height: 23px;\">Cechy:<\/td>\n<td style=\"height: 23px;\">Zrealizuj regulacj\u0119 kierunku opon d\u017awigu<\/td>\n<\/tr>\n<tr style=\"height: 23px;\">\n<td style=\"height: 23px;\">\u015arednica otworu:<\/td>\n<td style=\"height: 23px;\">80 mm\uff5e200 mm<\/td>\n<\/tr>\n<tr style=\"height: 47px;\">\n<td style=\"height: 47px;\">\u015arednica pr\u0119ta:<\/td>\n<td style=\"height: 47px;\">60 mm\uff5e100 mm<br \/>\nSkok \u22649500 mm<\/td>\n<\/tr>\n<tr style=\"height: 23px;\">\n<td style=\"height: 23px;\">Ci\u015bnienie:<\/td>\n<td style=\"height: 23px;\">Maksymalnie 25 MPa<\/td>\n<\/tr>\n<tr style=\"height: 23px;\">\n<td style=\"height: 23px;\">Zastosowania:<\/td>\n<td style=\"height: 23px;\">W\u00f3zek wid\u0142owy<\/td>\n<\/tr>\n<\/tbody>\n<\/table>\n<p><img loading=\"lazy\" decoding=\"async\" class=\"alignnone wp-image-793\" src=\"https:\/\/fmp-components.com\/wp-content\/uploads\/2024\/12\/Reach-Stacker-Steering-Cylinder-1.webp\" alt=\"Si\u0142ownik steruj\u0105cy podno\u015bnika kontenerowego\" width=\"794\" height=\"269\" title=\"\" srcset=\"https:\/\/fmp-components.com\/wp-content\/uploads\/2024\/12\/Reach-Stacker-Steering-Cylinder-1.webp 794w, https:\/\/fmp-components.com\/wp-content\/uploads\/2024\/12\/Reach-Stacker-Steering-Cylinder-1-480x163.webp 480w\" sizes=\"(min-width: 0px) and (max-width: 480px) 480px, (min-width: 481px) 794px, 100vw\" \/><\/p>\n<p><img loading=\"lazy\" decoding=\"async\" class=\"alignnone size-full wp-image-794\" src=\"https:\/\/fmp-components.com\/wp-content\/uploads\/2024\/12\/Reach-Stacker-Steering-Cylinder1.webp\" alt=\"Si\u0142ownik steruj\u0105cy podno\u015bnika kontenerowego 1\" width=\"828\" height=\"297\" title=\"\" srcset=\"https:\/\/fmp-components.com\/wp-content\/uploads\/2024\/12\/Reach-Stacker-Steering-Cylinder1.webp 828w, https:\/\/fmp-components.com\/wp-content\/uploads\/2024\/12\/Reach-Stacker-Steering-Cylinder1-480x172.webp 480w\" sizes=\"(min-width: 0px) and (max-width: 480px) 480px, (min-width: 481px) 828px, 100vw\" \/><\/p>\n<h2>Zalety cylindra hydraulicznego w\u00f3zka wid\u0142owego typu Reach Stacker<\/h2>\n<p>Si\u0142ownik hydrauliczny w\u00f3zka wid\u0142owego typu Reach Stacker oferuje szereg istotnych zalet, kt\u00f3re zwi\u0119kszaj\u0105 wydajno\u015b\u0107 i niezawodno\u015b\u0107 w\u00f3zk\u00f3w wid\u0142owych typu Reach Stacker w logistyce i operacjach zwi\u0105zanych z obs\u0142ug\u0105 kontener\u00f3w.<\/p>\n<p>Jedn\u0105 z g\u0142\u00f3wnych zalet jest jego du\u017ca \u0142adowno\u015b\u0107, kt\u00f3ra pozwala si\u0142ownikowi hydraulicznemu bezpiecznie podnosi\u0107 i manewrowa\u0107 ci\u0119\u017ckimi kontenerami i \u0142adunkami. Ta zdolno\u015b\u0107 jest kluczowa dla efektywnego zarz\u0105dzania \u0142adunkami w zat\u0142oczonych \u015brodowiskach spedycyjnych i logistycznych.<\/p>\n<p>Si\u0142ownik zapewnia precyzyjn\u0105 kontrol\u0119, umo\u017cliwiaj\u0105c p\u0142ynne i precyzyjne ruchy wysi\u0119gnika w\u00f3zka wid\u0142owego. Ta precyzja pomaga operatorom precyzyjnie pozycjonowa\u0107 kontenery, zmniejszaj\u0105c ryzyko wypadk\u00f3w i poprawiaj\u0105c og\u00f3ln\u0105 wydajno\u015b\u0107 operacyjn\u0105.<\/p>\n<p>Wykonany z wytrzyma\u0142ych materia\u0142\u00f3w si\u0142ownik hydrauliczny zosta\u0142 zaprojektowany tak, aby sprosta\u0107 wymagaj\u0105cym warunkom intensywnej eksploatacji. Jego trwa\u0142o\u015b\u0107 gwarantuje d\u0142ugotrwa\u0142\u0105 wydajno\u015b\u0107, nawet w trudnych warunkach, zmniejszaj\u0105c cz\u0119stotliwo\u015b\u0107 napraw i wymian.<\/p>\n<p>Kolejn\u0105 zalet\u0105 s\u0105 ulepszone funkcje bezpiecze\u0144stwa zintegrowane z konstrukcj\u0105 hydrauliczn\u0105. Pomagaj\u0105 one zapobiega\u0107 przeci\u0105\u017ceniom i zapewniaj\u0105 bezpieczn\u0105 prac\u0119, chroni\u0105c zar\u00f3wno sprz\u0119t, jak i personel podczas prac zwi\u0105zanych z przenoszeniem.<\/p>\n<p>Si\u0142ownik hydrauliczny zapewnia r\u00f3wnie\u017c p\u0142ynn\u0105 prac\u0119, minimalizuj\u0105c zu\u017cycie zar\u00f3wno si\u0142ownika, jak i samego w\u00f3zka. Ta p\u0142ynna praca zwi\u0119ksza wydajno\u015b\u0107, umo\u017cliwiaj\u0105c szybszy za\u0142adunek i roz\u0142adunek.<\/p>\n<p>Ponadto wszechstronno\u015b\u0107 si\u0142ownika hydraulicznego pozwala na jego zastosowanie w r\u00f3\u017cnych modelach w\u00f3zk\u00f3w wid\u0142owych typu reach stacker, co umo\u017cliwia dostosowanie go do r\u00f3\u017cnych potrzeb operacyjnych i zwi\u0119ksza jego przydatno\u015b\u0107 przy obs\u0142udze kontener\u00f3w.<\/p>\n<p>Wreszcie, niskie wymagania konserwacyjne si\u0142ownika hydraulicznego przyczyniaj\u0105 si\u0119 do skr\u00f3cenia przestoj\u00f3w i obni\u017cenia koszt\u00f3w operacyjnych. Konstrukcja si\u0142ownika koncentruje si\u0119 na niezawodno\u015bci i trwa\u0142o\u015bci, zapewniaj\u0105c wydajn\u0105 prac\u0119 w\u00f3zk\u00f3w wid\u0142owych typu reach stacker bez cz\u0119stych przerw.<\/p>\n<p>Podsumowuj\u0105c, si\u0142ownik hydrauliczny w\u00f3zka wid\u0142owego typu Reach Stacker jest niezb\u0119dny do optymalizacji wydajno\u015bci, bezpiecze\u0144stwa i niezawodno\u015bci w\u00f3zk\u00f3w wid\u0142owych typu Reach Stacker, znacznie zwi\u0119kszaj\u0105c ich wydajno\u015b\u0107 w obs\u0142udze kontener\u00f3w i operacjach logistycznych.<\/p>\n<p><img loading=\"lazy\" decoding=\"async\" class=\"alignnone  wp-image-795\" src=\"https:\/\/fmp-components.com\/wp-content\/uploads\/2024\/12\/Choose-Reach-Stacker-Steering-Cylinder.webp\" alt=\"Wybierz-Reach-Stacker-Sterownik-Steruj\u0105cy\" width=\"853\" height=\"443\" title=\"\"><\/p>\n<h3>O FMP<\/h3>\n<p>FMP to wyspecjalizowana firma produkcyjna specjalizuj\u0105ca si\u0119 w produkcji si\u0142ownik\u00f3w hydraulicznych. Od momentu powstania firma koncentruje si\u0119 na badaniach i produkcji w dziedzinie technologii hydraulicznych, z powodzeniem przechodz\u0105c od zr\u00f3\u017cnicowanego asortymentu produkt\u00f3w, obejmuj\u0105cego maszyny do zbior\u00f3w i maszyny budowlane, do specjalizacji w produkcji podzespo\u0142\u00f3w do ci\u0105gnik\u00f3w rolniczych. Dzi\u0119ki ponad dziesi\u0119cioletniemu do\u015bwiadczeniu w produkcji i zarz\u0105dzaniu, FMP gwarantuje wysok\u0105 jako\u015b\u0107 produkt\u00f3w dzi\u0119ki zaawansowanym technikom produkcyjnym.<\/p>\n<p>Wraz z rozwojem firmy, rozwin\u0119li\u015bmy kompleksow\u0105 lini\u0119 produkcyjn\u0105 do obr\u00f3bki mechanicznej, lini\u0119 monta\u017cow\u0105 oraz lini\u0119 do powlekania. Nasz zesp\u00f3\u0142 sk\u0142ada si\u0119 z wykwalifikowanej kadry kierowniczej, do\u015bwiadczonych projektant\u00f3w mechanik\u00f3w oraz wysoko wykwalifikowanych technik\u00f3w, kt\u00f3rzy wsp\u00f3lnie dbaj\u0105 o utrzymanie stabilnej jako\u015bci produkcji, jednocze\u015bnie skutecznie kontroluj\u0105c ci\u0105g\u0142o\u015b\u0107 i wydajno\u015b\u0107 procesu.<\/p>\n<p>FMP wyznaje filozofi\u0119 \u201eInnowacje technologiczne nap\u0119dzaj\u0105 post\u0119p, jako\u015b\u0107 tworzy marki, rzemios\u0142o zapewnia jako\u015b\u0107 i buduje d\u0142ugoterminowe relacje korzystne dla obu stron\u201d. Nasze zaanga\u017cowanie w dostarczanie wysokiej jako\u015bci produkt\u00f3w i \u015bwiadczenie najwy\u017cszej jako\u015bci obs\u0142ugi klienta pozostaje naszym kluczowym celem, poniewa\u017c wci\u0105\u017c staramy si\u0119 sprosta\u0107 zmieniaj\u0105cym si\u0119 potrzebom rynku.<\/p>\n<p><img loading=\"lazy\" decoding=\"async\" class=\"alignnone size-full wp-image-426\" src=\"https:\/\/fmp-components.com\/wp-content\/uploads\/2024\/12\/Sanitation-Machinery-Locking-Hydraulic-Cylinder-factory.webp\" sizes=\"(min-width: 0px) and (max-width: 480px) 480px, (min-width: 481px) and (max-width: 980px) 980px, (min-width: 981px) and (max-width: 1280px) 1280px, (min-width: 1281px) 1414px, 100vw\" srcset=\"https:\/\/fmp-components.com\/wp-content\/uploads\/2024\/12\/Sanitation-Machinery-Locking-Hydraulic-Cylinder-factory.webp 1414w, https:\/\/fmp-components.com\/wp-content\/uploads\/2024\/12\/Sanitation-Machinery-Locking-Hydraulic-Cylinder-factory-1280x529.webp 1280w, https:\/\/fmp-components.com\/wp-content\/uploads\/2024\/12\/Sanitation-Machinery-Locking-Hydraulic-Cylinder-factory-980x405.webp 980w, https:\/\/fmp-components.com\/wp-content\/uploads\/2024\/12\/Sanitation-Machinery-Locking-Hydraulic-Cylinder-factory-480x198.webp 480w\" alt=\"Sanitacja-Maszyny-Blokady-Hydrauliczne-Fabryka-Cylinder\u00f3w\" width=\"1414\" height=\"584\" title=\"\"><\/p>\n<p>Autor: CX<\/p>","protected":false},"excerpt":{"rendered":"<p>Si\u0142ownik hydrauliczny do w\u00f3zka wid\u0142owego typu Reach Stacker to kluczowy element hydrauliczny, kt\u00f3rego zadaniem jest zapewnienie niezb\u0119dnej si\u0142y podnoszenia i wysuwania wysi\u0119gnika w\u00f3zka. Si\u0142ownik ten umo\u017cliwia p\u0142ynne i precyzyjne ruchy, umo\u017cliwiaj\u0105c operatorom sprawne podnoszenie, opuszczanie i wysuwanie ramion w\u00f3zka wid\u0142owego typu Reach Stacker, co u\u0142atwia obs\u0142ug\u0119 kontener\u00f3w i ci\u0119\u017ckich \u0142adunk\u00f3w. Wykonany z materia\u0142\u00f3w o wysokiej wytrzyma\u0142o\u015bci, zosta\u0142 zaprojektowany tak, aby sprosta\u0107 wymaganiom intensywnej eksploatacji w \u015brodowiskach logistycznych i spedycyjnych, gwarantuj\u0105c trwa\u0142o\u015b\u0107 i niezawodno\u015b\u0107. Zaawansowana konstrukcja hydrauliczna umo\u017cliwia szybk\u0105 regulacj\u0119 i lepsz\u0105 kontrol\u0119, poprawiaj\u0105c wydajno\u015b\u0107 operacyjn\u0105 i bezpiecze\u0144stwo podczas obs\u0142ugi kontener\u00f3w. Ten si\u0142ownik hydrauliczny jest niezb\u0119dny do optymalizacji wydajno\u015bci w\u00f3zk\u00f3w wid\u0142owych typu Reach Stacker, znacz\u0105co przyczyniaj\u0105c si\u0119 do efektywnego zarz\u0105dzania \u0142adunkami w portach i magazynach.<\/p>","protected":false},"featured_media":783,"comment_status":"open","ping_status":"closed","template":"","meta":{"_et_pb_use_builder":"","_et_pb_old_content":"","_et_gb_content_width":""},"product_brand":[],"product_cat":[28],"product_tag":[],"class_list":{"0":"post-774","1":"product","2":"type-product","3":"status-publish","4":"has-post-thumbnail","6":"product_cat-offshore-hydraulic-cylinders","8":"first","9":"instock","10":"shipping-taxable","11":"product-type-simple"},"_links":{"self":[{"href":"https:\/\/fmp-components.com\/pl\/wp-json\/wp\/v2\/product\/774","targetHints":{"allow":["GET"]}}],"collection":[{"href":"https:\/\/fmp-components.com\/pl\/wp-json\/wp\/v2\/product"}],"about":[{"href":"https:\/\/fmp-components.com\/pl\/wp-json\/wp\/v2\/types\/product"}],"replies":[{"embeddable":true,"href":"https:\/\/fmp-components.com\/pl\/wp-json\/wp\/v2\/comments?post=774"}],"wp:featuredmedia":[{"embeddable":true,"href":"https:\/\/fmp-components.com\/pl\/wp-json\/wp\/v2\/media\/783"}],"wp:attachment":[{"href":"https:\/\/fmp-components.com\/pl\/wp-json\/wp\/v2\/media?parent=774"}],"wp:term":[{"taxonomy":"product_brand","embeddable":true,"href":"https:\/\/fmp-components.com\/pl\/wp-json\/wp\/v2\/product_brand?post=774"},{"taxonomy":"product_cat","embeddable":true,"href":"https:\/\/fmp-components.com\/pl\/wp-json\/wp\/v2\/product_cat?post=774"},{"taxonomy":"product_tag","embeddable":true,"href":"https:\/\/fmp-components.com\/pl\/wp-json\/wp\/v2\/product_tag?post=774"}],"curies":[{"name":"wp","href":"https:\/\/api.w.org\/{rel}","templated":true}]}}