{"id":7727,"date":"2025-04-03T06:15:43","date_gmt":"2025-04-03T06:15:43","guid":{"rendered":"https:\/\/fmp-components.com\/?post_type=product&#038;p=7727"},"modified":"2025-04-03T06:27:46","modified_gmt":"2025-04-03T06:27:46","slug":"planetary-ring-gear","status":"publish","type":"product","link":"https:\/\/fmp-components.com\/pl\/product\/planetary-ring-gear\/","title":{"rendered":"Przek\u0142adnia planetarna"},"content":{"rendered":"<div>\n<h2>Najwy\u017cszej jako\u015bci pier\u015bcieniowe ko\u0142a planetarne z FMP we W\u0142oszech<\/h2>\n<p class=\"break-words\">Je\u015bli chodzi o precyzyjn\u0105 in\u017cynieri\u0119 i niezawodne komponenty maszyn, przek\u0142adnia planetarna jest kluczowym elementem w niezliczonych zastosowaniach, od system\u00f3w motoryzacyjnych po urz\u0105dzenia przemys\u0142owe. W FMP jeste\u015bmy dumni z bycia wiod\u0105cym producentem wysokiej jako\u015bci przek\u0142adni planetarnych, obs\u0142uguj\u0105cym firmy i przemys\u0142y w ca\u0142ych W\u0142oszech, w tym w takich miastach jak Mediolan, Wenecja, Florencja i Bolonia. Nasza szeroka gama przek\u0142adni planetarnych zosta\u0142a zaprojektowana tak, aby sprosta\u0107 zr\u00f3\u017cnicowanym potrzebom w zakresie wydajno\u015bci, zapewniaj\u0105c trwa\u0142o\u015b\u0107, wydajno\u015b\u0107 i bezproblemow\u0105 integracj\u0119 z Pa\u0144stwa systemami.<\/p>\n<\/div>\n<h3>Specyfikacja<\/h3>\n<table style=\"width: 100%;\" border=\"1\" width=\"100%\" cellspacing=\"0\" cellpadding=\"0\">\n<tbody>\n<tr style=\"height: 30.00pt;\">\n<td class=\"et2\" style=\"height: 30.00pt; width: 48.00pt;\" width=\"80\" height=\"50\">Numer modelu<\/td>\n<td class=\"et2\" style=\"width: 318.60pt;\" width=\"531\">M3, M4, M5, M8, M12 itd.<\/td>\n<\/tr>\n<tr style=\"height: 30.00pt;\">\n<td class=\"et2\" style=\"height: 30.00pt; width: 48.00pt;\" width=\"80\" height=\"50\">Tworzywo<\/td>\n<td class=\"et2\" style=\"width: 318.60pt;\" width=\"531\">Mosi\u0105dz, stal C45, stal nierdzewna, mied\u017a, POM, aluminium, stop itp.<\/td>\n<\/tr>\n<tr style=\"height: 30.00pt;\">\n<td class=\"et2\" style=\"height: 60.00pt; width: 48.00pt;\" rowspan=\"2\" width=\"80\" height=\"100\">Obr\u00f3bka powierzchni<\/td>\n<td class=\"et2\" style=\"width: 318.60pt;\" width=\"531\">Cynkowanie, Niklowanie, Pasywacja, Utlenianie, Anodowanie,<\/td>\n<\/tr>\n<tr style=\"height: 30.00pt;\">\n<td class=\"et2\" style=\"width: 318.60pt;\" width=\"531\">Geomet, Dacromet, Czarny tlenek, fosforanowanie, malowanie proszkowe i elektroforeza<\/td>\n<\/tr>\n<tr style=\"height: 30.00pt;\">\n<td class=\"et2\" style=\"height: 30.00pt; width: 48.00pt;\" width=\"80\" height=\"50\">Standard<\/td>\n<td class=\"et2\" style=\"width: 318.60pt;\" width=\"531\">ISO, DIN, ANSI, JIS, BS i niestandardowe.<\/td>\n<\/tr>\n<tr style=\"height: 30.00pt;\">\n<td class=\"et2\" style=\"height: 30.00pt; width: 48.00pt;\" width=\"80\" height=\"50\">Precyzja<\/td>\n<td class=\"et2\" style=\"width: 318.60pt;\" width=\"531\">DIN6, DIN7, DIN8, DIN9.<\/td>\n<\/tr>\n<tr style=\"height: 45.00pt;\">\n<td class=\"et2\" style=\"height: 45.00pt; width: 48.00pt;\" width=\"80\" height=\"75\">Leczenie z\u0119b\u00f3w<\/td>\n<td class=\"et2\" style=\"width: 318.60pt;\" width=\"531\">Utwardzane, frezowane lub szlifowane<\/td>\n<\/tr>\n<tr style=\"height: 30.00pt;\">\n<td class=\"et2\" style=\"height: 30.00pt; width: 48.00pt;\" width=\"80\" height=\"50\">Tolerancja<\/td>\n<td class=\"et2\" style=\"width: 318.60pt;\" width=\"531\">0,001 mm-0,01 mm-0,1 mm<\/td>\n<\/tr>\n<tr style=\"height: 30.00pt;\">\n<td class=\"et2\" style=\"height: 30.00pt; width: 48.00pt;\" width=\"80\" height=\"50\">Sko\u0144czy\u0107<\/td>\n<td class=\"et2\" style=\"width: 318.60pt;\" width=\"531\">\u015brutowanie\/piaskowanie, obr\u00f3bka cieplna, wy\u017carzanie, odpuszczanie, polerowanie, anodowanie, cynkowanie<\/td>\n<\/tr>\n<tr style=\"height: 30.00pt;\">\n<td class=\"et2\" style=\"height: 30.00pt; width: 48.00pt;\" width=\"80\" height=\"50\">Pakowanie przedmiot\u00f3w<\/td>\n<td class=\"et2\" style=\"width: 318.60pt;\" width=\"531\">Torba plastikowa + kartony lub opakowanie drewniane<\/td>\n<\/tr>\n<tr style=\"height: 15.00pt;\">\n<td class=\"et2\" style=\"height: 30.00pt; width: 48.00pt;\" rowspan=\"2\" width=\"80\" height=\"50\">Pr\u00f3bki<\/td>\n<td class=\"et2\" style=\"width: 318.60pt;\" width=\"531\">Przyk\u0142adowy zakres cen od $2 do $100.<\/td>\n<\/tr>\n<tr style=\"height: 15.00pt;\">\n<td class=\"et2\" style=\"width: 318.60pt;\" width=\"531\">pr\u00f3bka ekspresowego zam\u00f3wienia op\u0142acona przez klient\u00f3w<\/td>\n<\/tr>\n<tr style=\"height: 15.00pt;\">\n<td class=\"et2\" style=\"height: 135.00pt; width: 48.00pt;\" rowspan=\"8\" width=\"80\" height=\"225\">Aplikacja<\/td>\n<td class=\"et2\" style=\"width: 318.60pt;\" width=\"531\">1. Automatyczna maszyna steruj\u0105ca<\/td>\n<\/tr>\n<tr style=\"height: 15.00pt;\">\n<td class=\"et2\" style=\"width: 318.60pt;\" width=\"531\">2. Przemys\u0142 p\u00f3\u0142przewodnikowy<\/td>\n<\/tr>\n<tr style=\"height: 15.00pt;\">\n<td class=\"et2\" style=\"width: 318.60pt;\" width=\"531\">3. Maszyny og\u00f3lnego przeznaczenia<\/td>\n<\/tr>\n<tr style=\"height: 15.00pt;\">\n<td class=\"et2\" style=\"width: 318.60pt;\" width=\"531\">4. Sprz\u0119t medyczny<\/td>\n<\/tr>\n<tr style=\"height: 15.00pt;\">\n<td class=\"et2\" style=\"width: 318.60pt;\" width=\"531\">5. Sprz\u0119t do pozyskiwania energii s\u0142onecznej<\/td>\n<\/tr>\n<tr style=\"height: 15.00pt;\">\n<td class=\"et2\" style=\"width: 318.60pt;\" width=\"531\">6. Obrabiarka<\/td>\n<\/tr>\n<tr style=\"height: 15.00pt;\">\n<td class=\"et2\" style=\"width: 318.60pt;\" width=\"531\">7. System parkingowy<\/td>\n<\/tr>\n<tr style=\"height: 30.00pt;\">\n<td class=\"et2\" style=\"width: 318.60pt;\" width=\"531\">8. Sprz\u0119t do transportu kolejowego i lotniczego du\u017cych pr\u0119dko\u015bci itp.<\/td>\n<\/tr>\n<\/tbody>\n<\/table>\n<div>\n<h4>Dlaczego warto wybra\u0107 FMP do przek\u0142adni planetarnych?<\/h4>\n<p class=\"break-words\">Firma FMP z siedzib\u0105 w sercu W\u0142och specjalizuje si\u0119 w produkcji r\u00f3\u017cnego rodzaju pier\u015bcieniowych przek\u0142adni planetarnych, dostosowanych do indywidualnych potrzeb. Niezale\u017cnie od tego, czy szukasz komponent\u00f3w do zaawansowanej produkcji w Mediolanie, pracujesz nad projektami in\u017cynierii morskiej w Wenecji, ulepszasz systemy automatyki we Florencji, czy modernizujesz projekty motoryzacyjne w Bolonii, jeste\u015bmy do Twojej dyspozycji. Nasze produkty s\u0105 precyzyjnie wykonane i zaprojektowane tak, aby wytrzyma\u0107 najtrudniejsze warunki, co czyni je najlepszym wyborem dla w\u0142oskiego przemys\u0142u.<\/p>\n<p class=\"break-words\">Poza nasz\u0105 standardow\u0105 ofert\u0105, oferujemy r\u00f3wnie\u017c niestandardowe pier\u015bcienie z\u0119bate planetarne, dopasowane do Pa\u0144stwa indywidualnych wymaga\u0144. W FMP rozumiemy, \u017ce ka\u017cdy projekt jest inny, a nasz zesp\u00f3\u0142 wykwalifikowanych in\u017cynier\u00f3w jest gotowy do wsp\u00f3\u0142pracy z Pa\u0144stwem, aby stworzy\u0107 idealne rozwi\u0105zanie. Od doboru materia\u0142\u00f3w po rozmiar k\u00f3\u0142 z\u0119batych, gwarantujemy, \u017ce Pa\u0144stwa niestandardowy pier\u015bcie\u0144 z\u0119baty b\u0119dzie dzia\u0142a\u0142 perfekcyjnie w Pa\u0144stwa zastosowaniu.<\/p>\n<\/div>\n<table style=\"width: 99.375%; height: 49px;\" border=\"0\" width=\"240\" cellspacing=\"0\" cellpadding=\"0\">\n<tbody>\n<tr>\n<td width=\"80\" height=\"24\">\u00a0\u00a0<img loading=\"lazy\" decoding=\"async\" class=\"size-full wp-image-7731 aligncenter\" src=\"https:\/\/fmp-components.com\/wp-content\/uploads\/2025\/04\/Internal-Spur-Gear-Rings-3.webp\" alt=\"Pier\u015bcienie z\u0119bate wewn\u0119trzne\" width=\"600\" height=\"600\" title=\"\" srcset=\"https:\/\/fmp-components.com\/wp-content\/uploads\/2025\/04\/Internal-Spur-Gear-Rings-3.webp 600w, https:\/\/fmp-components.com\/wp-content\/uploads\/2025\/04\/Internal-Spur-Gear-Rings-3-480x480.webp 480w\" sizes=\"(min-width: 0px) and (max-width: 480px) 480px, (min-width: 481px) 600px, 100vw\" \/><\/td>\n<td width=\"80\"><img loading=\"lazy\" decoding=\"async\" class=\"size-full wp-image-7729 aligncenter\" src=\"https:\/\/fmp-components.com\/wp-content\/uploads\/2025\/04\/Internal-Spur-Gear-Rings-1.webp\" alt=\"Pier\u015bcienie z\u0119bate wewn\u0119trzne\" width=\"600\" height=\"600\" title=\"\" srcset=\"https:\/\/fmp-components.com\/wp-content\/uploads\/2025\/04\/Internal-Spur-Gear-Rings-1.webp 600w, https:\/\/fmp-components.com\/wp-content\/uploads\/2025\/04\/Internal-Spur-Gear-Rings-1-480x480.webp 480w\" sizes=\"(min-width: 0px) and (max-width: 480px) 480px, (min-width: 481px) 600px, 100vw\" \/><\/td>\n<td width=\"80\"><strong><img loading=\"lazy\" decoding=\"async\" class=\"size-full wp-image-7730 aligncenter\" src=\"https:\/\/fmp-components.com\/wp-content\/uploads\/2025\/04\/Internal-Spur-Gear-Rings-4.webp\" alt=\"Pier\u015bcienie z\u0119bate wewn\u0119trzne\" width=\"1024\" height=\"1024\" title=\"\" srcset=\"https:\/\/fmp-components.com\/wp-content\/uploads\/2025\/04\/Internal-Spur-Gear-Rings-4.webp 1024w, https:\/\/fmp-components.com\/wp-content\/uploads\/2025\/04\/Internal-Spur-Gear-Rings-4-980x980.webp 980w, https:\/\/fmp-components.com\/wp-content\/uploads\/2025\/04\/Internal-Spur-Gear-Rings-4-480x480.webp 480w\" sizes=\"(min-width: 0px) and (max-width: 480px) 480px, (min-width: 481px) and (max-width: 980px) 980px, (min-width: 981px) 1024px, 100vw\" \/><\/strong><\/td>\n<\/tr>\n<\/tbody>\n<\/table>\n<p>&nbsp;<\/p>","protected":false},"excerpt":{"rendered":"<p>Premium Planetary Ring Gears with FMP in Italy When it comes to precision engineering and reliable machinery components, a planetary ring gear is a critical element in countless applications, from automotive systems to industrial equipment. At FMP, we take pride in being a leading manufacturer of high-quality planetary ring gears, serving businesses and industries across [&hellip;]<\/p>","protected":false},"featured_media":7729,"comment_status":"open","ping_status":"closed","template":"","meta":{"_et_pb_use_builder":"","_et_pb_old_content":"","_et_gb_content_width":""},"product_brand":[],"product_cat":[113],"product_tag":[],"class_list":{"0":"post-7727","1":"product","2":"type-product","3":"status-publish","4":"has-post-thumbnail","6":"product_cat-planetary-gear","8":"first","9":"instock","10":"shipping-taxable","11":"product-type-simple"},"_links":{"self":[{"href":"https:\/\/fmp-components.com\/pl\/wp-json\/wp\/v2\/product\/7727","targetHints":{"allow":["GET"]}}],"collection":[{"href":"https:\/\/fmp-components.com\/pl\/wp-json\/wp\/v2\/product"}],"about":[{"href":"https:\/\/fmp-components.com\/pl\/wp-json\/wp\/v2\/types\/product"}],"replies":[{"embeddable":true,"href":"https:\/\/fmp-components.com\/pl\/wp-json\/wp\/v2\/comments?post=7727"}],"wp:featuredmedia":[{"embeddable":true,"href":"https:\/\/fmp-components.com\/pl\/wp-json\/wp\/v2\/media\/7729"}],"wp:attachment":[{"href":"https:\/\/fmp-components.com\/pl\/wp-json\/wp\/v2\/media?parent=7727"}],"wp:term":[{"taxonomy":"product_brand","embeddable":true,"href":"https:\/\/fmp-components.com\/pl\/wp-json\/wp\/v2\/product_brand?post=7727"},{"taxonomy":"product_cat","embeddable":true,"href":"https:\/\/fmp-components.com\/pl\/wp-json\/wp\/v2\/product_cat?post=7727"},{"taxonomy":"product_tag","embeddable":true,"href":"https:\/\/fmp-components.com\/pl\/wp-json\/wp\/v2\/product_tag?post=7727"}],"curies":[{"name":"wp","href":"https:\/\/api.w.org\/{rel}","templated":true}]}}