{"id":7722,"date":"2025-04-03T06:11:33","date_gmt":"2025-04-03T06:11:33","guid":{"rendered":"https:\/\/fmp-components.com\/?post_type=product&#038;p=7722"},"modified":"2025-04-03T06:11:33","modified_gmt":"2025-04-03T06:11:33","slug":"internal-planetary-gear-kit","status":"publish","type":"product","link":"https:\/\/fmp-components.com\/pl\/product\/internal-planetary-gear-kit\/","title":{"rendered":"Zestaw przek\u0142adni planetarnej wewn\u0119trznej"},"content":{"rendered":"<p>Zestaw wewn\u0119trznej przek\u0142adni planetarnej to kompaktowy uk\u0142ad mechaniczny sk\u0142adaj\u0105cy si\u0119 z centralnego ko\u0142a s\u0142onecznego, otaczaj\u0105cych je k\u00f3\u0142 planetarnych oraz zewn\u0119trznego pier\u015bcienia z\u0119batego, zaprojektowany w celu efektywnego przenoszenia momentu obrotowego i regulacji pr\u0119dko\u015bci w maszynach, takich jak przek\u0142adnie lub silniki.<\/p>\n<h2>Specyfikacja<\/h2>\n<table style=\"width: 100%;\" border=\"1\" width=\"100%\" cellspacing=\"0\" cellpadding=\"0\">\n<tbody>\n<tr style=\"height: 30.00pt;\">\n<td class=\"et2\" style=\"height: 30.00pt; width: 48.00pt;\" width=\"80\" height=\"50\">Numer modelu<\/td>\n<td class=\"et2\" style=\"width: 318.60pt;\" width=\"531\">M3, M4, M5, M8, M12 itd.<\/td>\n<\/tr>\n<tr style=\"height: 30.00pt;\">\n<td class=\"et2\" style=\"height: 30.00pt; width: 48.00pt;\" width=\"80\" height=\"50\">Tworzywo<\/td>\n<td class=\"et2\" style=\"width: 318.60pt;\" width=\"531\">Mosi\u0105dz, stal C45, stal nierdzewna, mied\u017a, POM, aluminium, stop itp.<\/td>\n<\/tr>\n<tr style=\"height: 30.00pt;\">\n<td class=\"et2\" style=\"height: 60.00pt; width: 48.00pt;\" rowspan=\"2\" width=\"80\" height=\"100\">Obr\u00f3bka powierzchni<\/td>\n<td class=\"et2\" style=\"width: 318.60pt;\" width=\"531\">Cynkowanie, Niklowanie, Pasywacja, Utlenianie, Anodowanie,<\/td>\n<\/tr>\n<tr style=\"height: 30.00pt;\">\n<td class=\"et2\" style=\"width: 318.60pt;\" width=\"531\">Geomet, Dacromet, Czarny tlenek, fosforanowanie, malowanie proszkowe i elektroforeza<\/td>\n<\/tr>\n<tr style=\"height: 30.00pt;\">\n<td class=\"et2\" style=\"height: 30.00pt; width: 48.00pt;\" width=\"80\" height=\"50\">Standard<\/td>\n<td class=\"et2\" style=\"width: 318.60pt;\" width=\"531\">ISO, DIN, ANSI, JIS, BS i niestandardowe.<\/td>\n<\/tr>\n<tr style=\"height: 30.00pt;\">\n<td class=\"et2\" style=\"height: 30.00pt; width: 48.00pt;\" width=\"80\" height=\"50\">Precyzja<\/td>\n<td class=\"et2\" style=\"width: 318.60pt;\" width=\"531\">DIN6, DIN7, DIN8, DIN9.<\/td>\n<\/tr>\n<tr style=\"height: 45.00pt;\">\n<td class=\"et2\" style=\"height: 45.00pt; width: 48.00pt;\" width=\"80\" height=\"75\">Leczenie z\u0119b\u00f3w<\/td>\n<td class=\"et2\" style=\"width: 318.60pt;\" width=\"531\">Utwardzane, frezowane lub szlifowane<\/td>\n<\/tr>\n<tr style=\"height: 30.00pt;\">\n<td class=\"et2\" style=\"height: 30.00pt; width: 48.00pt;\" width=\"80\" height=\"50\">Tolerancja<\/td>\n<td class=\"et2\" style=\"width: 318.60pt;\" width=\"531\">0,001 mm-0,01 mm-0,1 mm<\/td>\n<\/tr>\n<tr style=\"height: 30.00pt;\">\n<td class=\"et2\" style=\"height: 30.00pt; width: 48.00pt;\" width=\"80\" height=\"50\">Sko\u0144czy\u0107<\/td>\n<td class=\"et2\" style=\"width: 318.60pt;\" width=\"531\">\u015brutowanie\/piaskowanie, obr\u00f3bka cieplna, wy\u017carzanie, odpuszczanie, polerowanie, anodowanie, cynkowanie<\/td>\n<\/tr>\n<tr style=\"height: 30.00pt;\">\n<td class=\"et2\" style=\"height: 30.00pt; width: 48.00pt;\" width=\"80\" height=\"50\">Pakowanie przedmiot\u00f3w<\/td>\n<td class=\"et2\" style=\"width: 318.60pt;\" width=\"531\">Torba plastikowa + kartony lub opakowanie drewniane<\/td>\n<\/tr>\n<tr style=\"height: 15.00pt;\">\n<td class=\"et2\" style=\"height: 30.00pt; width: 48.00pt;\" rowspan=\"2\" width=\"80\" height=\"50\">Pr\u00f3bki<\/td>\n<td class=\"et2\" style=\"width: 318.60pt;\" width=\"531\">Przyk\u0142adowy zakres cen od $2 do $100.<\/td>\n<\/tr>\n<tr style=\"height: 15.00pt;\">\n<td class=\"et2\" style=\"width: 318.60pt;\" width=\"531\">pr\u00f3bka ekspresowego zam\u00f3wienia op\u0142acona przez klient\u00f3w<\/td>\n<\/tr>\n<tr style=\"height: 15.00pt;\">\n<td class=\"et2\" style=\"height: 135.00pt; width: 48.00pt;\" rowspan=\"8\" width=\"80\" height=\"225\">Aplikacja<\/td>\n<td class=\"et2\" style=\"width: 318.60pt;\" width=\"531\">1. Automatyczna maszyna steruj\u0105ca<\/td>\n<\/tr>\n<tr style=\"height: 15.00pt;\">\n<td class=\"et2\" style=\"width: 318.60pt;\" width=\"531\">2. Przemys\u0142 p\u00f3\u0142przewodnikowy<\/td>\n<\/tr>\n<tr style=\"height: 15.00pt;\">\n<td class=\"et2\" style=\"width: 318.60pt;\" width=\"531\">3. Maszyny og\u00f3lnego przeznaczenia<\/td>\n<\/tr>\n<tr style=\"height: 15.00pt;\">\n<td class=\"et2\" style=\"width: 318.60pt;\" width=\"531\">4. Sprz\u0119t medyczny<\/td>\n<\/tr>\n<tr style=\"height: 15.00pt;\">\n<td class=\"et2\" style=\"width: 318.60pt;\" width=\"531\">5. Sprz\u0119t do pozyskiwania energii s\u0142onecznej<\/td>\n<\/tr>\n<tr style=\"height: 15.00pt;\">\n<td class=\"et2\" style=\"width: 318.60pt;\" width=\"531\">6. Obrabiarka<\/td>\n<\/tr>\n<tr style=\"height: 15.00pt;\">\n<td class=\"et2\" style=\"width: 318.60pt;\" width=\"531\">7. System parkingowy<\/td>\n<\/tr>\n<tr style=\"height: 30.00pt;\">\n<td class=\"et2\" style=\"width: 318.60pt;\" width=\"531\">8. Sprz\u0119t do transportu kolejowego i lotniczego du\u017cych pr\u0119dko\u015bci itp.<\/td>\n<\/tr>\n<\/tbody>\n<\/table>\n<h2>O FMP<\/h2>\n<p>W FMP specjalizujemy si\u0119 w produkcji szerokiej gamy zestaw\u00f3w przek\u0142adni planetarnych, zaprojektowanych z my\u015bl\u0105 o zapewnieniu wyj\u0105tkowego momentu obrotowego i precyzji w r\u00f3\u017cnorodnych zastosowaniach przemys\u0142owych. Niezale\u017cnie od tego, czy mieszkasz w Mediolanie, Wenecji, Florencji czy Bolonii, nasze produkty zaspokajaj\u0105 zr\u00f3\u017cnicowane potrzeby, od modeli standardowych po w pe\u0142ni spersonalizowane rozwi\u0105zania. Jako wiod\u0105cy dostawca z siedzib\u0105 we W\u0142oszech, z dum\u0105 oferujemy rozwi\u0105zania dostosowane do Twoich indywidualnych potrzeb. Je\u015bli nie znajdziesz na naszej li\u015bcie produkt\u00f3w dok\u0142adnie takiego modelu, jakiego potrzebujesz \u2013 nie martw si\u0119! By\u0107 mo\u017ce nie zosta\u0142 on jeszcze dodany. Wystarczy, \u017ce wy\u015blesz nam e-mail ze swoimi wymaganiami, a nasi do\u015bwiadczeni in\u017cynierowie odpowiedz\u0105 w ci\u0105gu 24 godzin, przedstawiaj\u0105c rozwi\u0105zanie stworzone specjalnie dla Ciebie.<\/p>\n<table style=\"width: 101%; height: 98px;\" border=\"0\" width=\"240\" cellspacing=\"0\" cellpadding=\"0\">\n<tbody>\n<tr>\n<td width=\"80\" height=\"24\"><img loading=\"lazy\" decoding=\"async\" class=\"size-full wp-image-7726 aligncenter\" src=\"https:\/\/fmp-components.com\/wp-content\/uploads\/2025\/04\/planetary-gear-set-kit-1.webp\" alt=\"zestaw przek\u0142adni planetarnych\" width=\"1024\" height=\"1024\" title=\"\" srcset=\"https:\/\/fmp-components.com\/wp-content\/uploads\/2025\/04\/planetary-gear-set-kit-1.webp 1024w, https:\/\/fmp-components.com\/wp-content\/uploads\/2025\/04\/planetary-gear-set-kit-1-980x980.webp 980w, https:\/\/fmp-components.com\/wp-content\/uploads\/2025\/04\/planetary-gear-set-kit-1-480x480.webp 480w\" sizes=\"(min-width: 0px) and (max-width: 480px) 480px, (min-width: 481px) and (max-width: 980px) 980px, (min-width: 981px) 1024px, 100vw\" \/><\/td>\n<td width=\"80\"><img loading=\"lazy\" decoding=\"async\" class=\"size-full wp-image-7725 aligncenter\" src=\"https:\/\/fmp-components.com\/wp-content\/uploads\/2025\/04\/planetary-gear-set-kit-3.webp\" alt=\"zestaw przek\u0142adni planetarnych\" width=\"1024\" height=\"1024\" title=\"\" srcset=\"https:\/\/fmp-components.com\/wp-content\/uploads\/2025\/04\/planetary-gear-set-kit-3.webp 1024w, https:\/\/fmp-components.com\/wp-content\/uploads\/2025\/04\/planetary-gear-set-kit-3-980x980.webp 980w, https:\/\/fmp-components.com\/wp-content\/uploads\/2025\/04\/planetary-gear-set-kit-3-480x480.webp 480w\" sizes=\"(min-width: 0px) and (max-width: 480px) 480px, (min-width: 481px) and (max-width: 980px) 980px, (min-width: 981px) 1024px, 100vw\" \/><\/td>\n<td width=\"80\"><strong><img loading=\"lazy\" decoding=\"async\" class=\"size-full wp-image-7724 aligncenter\" src=\"https:\/\/fmp-components.com\/wp-content\/uploads\/2025\/04\/planetary-gear-set-kit-2.webp\" alt=\"zestaw przek\u0142adni planetarnych\" width=\"1024\" height=\"1024\" title=\"\" srcset=\"https:\/\/fmp-components.com\/wp-content\/uploads\/2025\/04\/planetary-gear-set-kit-2.webp 1024w, https:\/\/fmp-components.com\/wp-content\/uploads\/2025\/04\/planetary-gear-set-kit-2-980x980.webp 980w, https:\/\/fmp-components.com\/wp-content\/uploads\/2025\/04\/planetary-gear-set-kit-2-480x480.webp 480w\" sizes=\"(min-width: 0px) and (max-width: 480px) 480px, (min-width: 481px) and (max-width: 980px) 980px, (min-width: 981px) 1024px, 100vw\" \/><\/strong><\/td>\n<\/tr>\n<\/tbody>\n<\/table>","protected":false},"excerpt":{"rendered":"<p>An internal planetary gear kit is a compact mechanical system consisting of a central sun gear, surrounding planet gears, and an outer ring gear, designed to efficiently transmit torque and adjust speed in machinery like transmissions or motors. Specification Model Number M3,M4,M5,M8,M12 and etc. Material Brass, C45 steel, Stainless steel, Copper, POM, Aluminum, Alloy, and [&hellip;]<\/p>","protected":false},"featured_media":7725,"comment_status":"open","ping_status":"closed","template":"","meta":{"_et_pb_use_builder":"","_et_pb_old_content":"","_et_gb_content_width":""},"product_brand":[],"product_cat":[113],"product_tag":[],"class_list":{"0":"post-7722","1":"product","2":"type-product","3":"status-publish","4":"has-post-thumbnail","6":"product_cat-planetary-gear","8":"first","9":"instock","10":"shipping-taxable","11":"product-type-simple"},"_links":{"self":[{"href":"https:\/\/fmp-components.com\/pl\/wp-json\/wp\/v2\/product\/7722","targetHints":{"allow":["GET"]}}],"collection":[{"href":"https:\/\/fmp-components.com\/pl\/wp-json\/wp\/v2\/product"}],"about":[{"href":"https:\/\/fmp-components.com\/pl\/wp-json\/wp\/v2\/types\/product"}],"replies":[{"embeddable":true,"href":"https:\/\/fmp-components.com\/pl\/wp-json\/wp\/v2\/comments?post=7722"}],"wp:featuredmedia":[{"embeddable":true,"href":"https:\/\/fmp-components.com\/pl\/wp-json\/wp\/v2\/media\/7725"}],"wp:attachment":[{"href":"https:\/\/fmp-components.com\/pl\/wp-json\/wp\/v2\/media?parent=7722"}],"wp:term":[{"taxonomy":"product_brand","embeddable":true,"href":"https:\/\/fmp-components.com\/pl\/wp-json\/wp\/v2\/product_brand?post=7722"},{"taxonomy":"product_cat","embeddable":true,"href":"https:\/\/fmp-components.com\/pl\/wp-json\/wp\/v2\/product_cat?post=7722"},{"taxonomy":"product_tag","embeddable":true,"href":"https:\/\/fmp-components.com\/pl\/wp-json\/wp\/v2\/product_tag?post=7722"}],"curies":[{"name":"wp","href":"https:\/\/api.w.org\/{rel}","templated":true}]}}