{"id":7721,"date":"2025-04-03T05:48:55","date_gmt":"2025-04-03T05:48:55","guid":{"rendered":"https:\/\/fmp-components.com\/?post_type=product&#038;p=7721"},"modified":"2025-04-03T05:54:27","modified_gmt":"2025-04-03T05:54:27","slug":"internal-planetary-gear","status":"publish","type":"product","link":"https:\/\/fmp-components.com\/pl\/product\/internal-planetary-gear\/","title":{"rendered":"Przek\u0142adnia planetarna wewn\u0119trzna"},"content":{"rendered":"<h2>Przek\u0142adnie planetarne wewn\u0119trzne: precyzja i moc dzi\u0119ki FMP<\/h2>\n<p>Wewn\u0119trzne przek\u0142adnie planetarne, kluczowy element mechanizm\u00f3w przek\u0142adni planetarnych, s\u0142yn\u0105 z mo\u017cliwo\u015bci zapewniania wysokiego momentu obrotowego i precyzyjnej redukcji pr\u0119dko\u015bci w kompaktowych konstrukcjach. Systemy te charakteryzuj\u0105 si\u0119 centralnym ko\u0142em s\u0142onecznym, orbituj\u0105cymi ko\u0142ami planetarnymi oraz wewn\u0119trznym ko\u0142em pier\u015bcieniowym, kt\u00f3re zaz\u0119bia si\u0119 wewn\u0119trznie z ko\u0142ami planetarnymi. Ta unikalna konfiguracja sprawia, \u017ce \u200b\u200bwewn\u0119trzne przek\u0142adnie planetarne s\u0105 niezb\u0119dne dla przemys\u0142u w ca\u0142ych W\u0142oszech, od warsztat\u00f3w samochodowych w Mediolanie po centra maszynowe w Bolonii. W FMP specjalizujemy si\u0119 w tworzeniu tych zaawansowanych system\u00f3w przek\u0142adniowych, oferuj\u0105c rozwi\u0105zania dostosowane do zr\u00f3\u017cnicowanych potrzeb naszych klient\u00f3w.<\/p>\n<div>\n<h3>Czym s\u0105 wewn\u0119trzne przek\u0142adnie planetarne?<\/h3>\n<p class=\"break-words\">Wewn\u0119trzny uk\u0142ad przek\u0142adni planetarnej sk\u0142ada si\u0119 z:<\/p>\n<ul class=\"marker:text-secondary\">\n<li class=\"break-words\"><strong>Przek\u0142adnia s\u0142oneczna<\/strong>:Centralna przek\u0142adnia nap\u0119dzaj\u0105ca mechanizm.<\/li>\n<li class=\"break-words\"><strong>Przek\u0142adnie planetarne<\/strong>:Ko\u0142a z\u0119bate kr\u0105\u017c\u0105ce wok\u00f3\u0142 ko\u0142a s\u0142onecznego, po\u0142\u0105czone za pomoc\u0105 no\u015bnika.<\/li>\n<li class=\"break-words\"><strong>Przek\u0142adnia wewn\u0119trzna (przek\u0142adnia pier\u015bcieniowa)<\/strong>:Ko\u0142o z\u0119bate z z\u0119bami na powierzchni wewn\u0119trznej, zaz\u0119biaj\u0105cymi si\u0119 z ko\u0142ami planetarnymi.<\/li>\n<\/ul>\n<p class=\"break-words\">W przeciwie\u0144stwie do zewn\u0119trznych uk\u0142ad\u00f3w przek\u0142adni, konstrukcja przek\u0142adni wewn\u0119trznej pozwala na uzyskanie wy\u017cszych prze\u0142o\u017ce\u0144 przy mniejszych gabarytach, co czyni j\u0105 idealn\u0105 do zastosowa\u0144 wymagaj\u0105cych du\u017cej mocy i oszcz\u0119dno\u015bci miejsca. Dzi\u0119ki mo\u017cliwo\u015bci zamontowania r\u00f3\u017cnych komponent\u00f3w (takich jak przek\u0142adnia wewn\u0119trzna lub jarzmo), system mo\u017ce osi\u0105ga\u0107 r\u00f3\u017cne prze\u0142o\u017cenia, zapewniaj\u0105c in\u017cynierom elastyczno\u015b\u0107 na ca\u0142ym \u015bwiecie.<\/p>\n<\/div>\n<h3>Specyfikacja<\/h3>\n<table style=\"width: 100%;\" border=\"1\" width=\"100%\" cellspacing=\"0\" cellpadding=\"0\">\n<tbody>\n<tr>\n<td width=\"80\">Numer modelu<\/td>\n<td width=\"531\">M3, M4, M5, M8, M12 itd.<\/td>\n<\/tr>\n<tr>\n<td width=\"80\">Tworzywo<\/td>\n<td width=\"531\">Mosi\u0105dz, stal C45, stal nierdzewna, mied\u017a, POM, aluminium, stop itp.<\/td>\n<\/tr>\n<tr>\n<td rowspan=\"2\" width=\"80\">Obr\u00f3bka powierzchni<\/td>\n<td width=\"531\">Cynkowanie, Niklowanie, Pasywacja, Utlenianie, Anodowanie,<\/td>\n<\/tr>\n<tr>\n<td width=\"531\">Geomet, Dacromet, Czarny tlenek, fosforanowanie, malowanie proszkowe i elektroforeza<\/td>\n<\/tr>\n<tr>\n<td width=\"80\">Standard<\/td>\n<td width=\"531\">ISO, DIN, ANSI, JIS, BS i niestandardowe.<\/td>\n<\/tr>\n<tr>\n<td width=\"80\">Precyzja<\/td>\n<td width=\"531\">DIN6, DIN7, DIN8, DIN9.<\/td>\n<\/tr>\n<tr>\n<td width=\"80\">Leczenie z\u0119b\u00f3w<\/td>\n<td width=\"531\">Utwardzane, frezowane lub szlifowane<\/td>\n<\/tr>\n<tr>\n<td width=\"80\">Tolerancja<\/td>\n<td width=\"531\">0,001 mm-0,01 mm-0,1 mm<\/td>\n<\/tr>\n<tr>\n<td width=\"80\">Sko\u0144czy\u0107<\/td>\n<td width=\"531\">\u015brutowanie\/piaskowanie, obr\u00f3bka cieplna, wy\u017carzanie, odpuszczanie, polerowanie, anodowanie, cynkowanie<\/td>\n<\/tr>\n<tr>\n<td width=\"80\">Pakowanie przedmiot\u00f3w<\/td>\n<td width=\"531\">Torba plastikowa + kartony lub opakowanie drewniane<\/td>\n<\/tr>\n<tr>\n<td width=\"80\">Czas realizacji produkcji<\/td>\n<td width=\"531\">20 dni roboczych na pr\u00f3bk\u0119, 25 dni na parti\u0119 hurtow\u0105<\/td>\n<\/tr>\n<tr>\n<td rowspan=\"8\" width=\"80\">Aplikacja<\/td>\n<td width=\"531\">1. Automatyczna maszyna steruj\u0105ca<\/td>\n<\/tr>\n<tr>\n<td width=\"531\">2. Przemys\u0142 p\u00f3\u0142przewodnikowy<\/td>\n<\/tr>\n<tr>\n<td width=\"531\">3. Maszyny og\u00f3lnego przeznaczenia<\/td>\n<\/tr>\n<tr>\n<td width=\"531\">4. Sprz\u0119t medyczny<\/td>\n<\/tr>\n<tr>\n<td width=\"531\">5. Sprz\u0119t do pozyskiwania energii s\u0142onecznej<\/td>\n<\/tr>\n<tr>\n<td width=\"531\">6. Obrabiarka<\/td>\n<\/tr>\n<tr>\n<td width=\"531\">7. System parkingowy<\/td>\n<\/tr>\n<tr>\n<td width=\"531\">8. Sprz\u0119t do transportu kolejowego i lotniczego du\u017cych pr\u0119dko\u015bci itp.<\/td>\n<\/tr>\n<\/tbody>\n<\/table>\n<div>\n<h3>Dlaczego warto wybra\u0107 przek\u0142adnie planetarne wewn\u0119trzne?<\/h3>\n<p class=\"break-words\">Zalety wewn\u0119trznych przek\u0142adni planetarnych obejmuj\u0105:<\/p>\n<ul class=\"marker:text-secondary\">\n<li class=\"break-words\"><strong>Wysokie wsp\u00f3\u0142czynniki redukcji<\/strong>:Uzyskuje si\u0119 to poprzez interakcj\u0119 przek\u0142adni wewn\u0119trznej z przek\u0142adniami planetarnymi.<\/li>\n<li class=\"break-words\"><strong>Kompaktowy rozmiar<\/strong>:Idealny do zastosowa\u0144 w miejscach o ograniczonej przestrzeni.<\/li>\n<li class=\"break-words\"><strong>Solidny moment obrotowy<\/strong>:Idealny do zada\u0144 wymagaj\u0105cych du\u017cej wytrzyma\u0142o\u015bci.<\/li>\n<li class=\"break-words\"><strong>Wszechstronno\u015b\u0107<\/strong>:Mo\u017cliwo\u015b\u0107 dostosowania konfiguracji do r\u00f3\u017cnych potrzeb.<\/li>\n<\/ul>\n<p class=\"break-words\">Dla przedsi\u0119biorstw z sektora motoryzacyjnego Mediolanu lub stref przemys\u0142owych Florencji zalety te oznaczaj\u0105 zwi\u0119kszon\u0105 wydajno\u015b\u0107 i trwa\u0142o\u015b\u0107.<\/p>\n<h2>FMP: Tw\u00f3j ekspert w dziedzinie wewn\u0119trznych przek\u0142adni planetarnych we W\u0142oszech<\/h2>\n<p class=\"break-words\">W FMP jeste\u015bmy dumni z bycia wiod\u0105cym producentem wewn\u0119trznych przek\u0142adni planetarnych, obs\u0142uguj\u0105cym klient\u00f3w od Wenecji po Boloni\u0119. Nasza oferta obejmuje:<\/p>\n<ul class=\"marker:text-secondary\">\n<li class=\"break-words\"><strong>R\u00f3\u017cnorodny zakres<\/strong>:Produkujemy r\u00f3\u017cnego rodzaju przek\u0142adnie planetarne wewn\u0119trzne, od standardowych konstrukcji po z\u0142o\u017cone systemy.<\/li>\n<li class=\"break-words\"><strong>Personalizacja<\/strong>Potrzebujesz indywidualnego rozwi\u0105zania? Nasi in\u017cynierowie mog\u0105 zaprojektowa\u0107 i wyprodukowa\u0107 niestandardowe, wewn\u0119trzne przek\u0142adnie planetarne, dostosowane do Twoich wymaga\u0144.<\/li>\n<li class=\"break-words\"><strong>Precyzyjne rzemios\u0142o<\/strong>Wykorzystuj\u0105c zaawansowan\u0105 technologi\u0119, gwarantujemy, \u017ce ka\u017cdy sprz\u0119t spe\u0142nia rygorystyczne standardy jako\u015bci.<\/li>\n<\/ul>\n<table style=\"width: 100.875%; height: 89px;\" border=\"0\" width=\"240\" cellspacing=\"0\" cellpadding=\"0\">\n<tbody>\n<tr>\n<td width=\"80\" height=\"24\"><img loading=\"lazy\" decoding=\"async\" class=\"size-full wp-image-7717 aligncenter\" src=\"https:\/\/fmp-components.com\/wp-content\/uploads\/2025\/04\/Planetary-Gear-set-factory-2-scaled.webp\" sizes=\"(min-width: 0px) and (max-width: 480px) 480px, (min-width: 481px) and (max-width: 980px) 980px, (min-width: 981px) and (max-width: 1280px) 1280px, (min-width: 1281px) 2560px, 100vw\" srcset=\"https:\/\/fmp-components.com\/wp-content\/uploads\/2025\/04\/Planetary-Gear-set-factory-2-scaled.webp 2560w, https:\/\/fmp-components.com\/wp-content\/uploads\/2025\/04\/Planetary-Gear-set-factory-2-1280x1280.webp 1280w, https:\/\/fmp-components.com\/wp-content\/uploads\/2025\/04\/Planetary-Gear-set-factory-2-980x980.webp 980w, https:\/\/fmp-components.com\/wp-content\/uploads\/2025\/04\/Planetary-Gear-set-factory-2-480x480.webp 480w\" alt=\"\u884c\u661f\u9f7f\u8f6e\u7ec4\u5de5\u5382\" width=\"2560\" height=\"2560\" title=\"\"><\/td>\n<td width=\"80\"><img loading=\"lazy\" decoding=\"async\" class=\"size-full wp-image-7718 aligncenter\" src=\"https:\/\/fmp-components.com\/wp-content\/uploads\/2025\/04\/Planetary-Gear-set-factory-4.webp\" sizes=\"(min-width: 0px) and (max-width: 480px) 480px, (min-width: 481px) 600px, 100vw\" srcset=\"https:\/\/fmp-components.com\/wp-content\/uploads\/2025\/04\/Planetary-Gear-set-factory-4.webp 600w, https:\/\/fmp-components.com\/wp-content\/uploads\/2025\/04\/Planetary-Gear-set-factory-4-480x480.webp 480w\" alt=\"\u884c\u661f\u9f7f\u8f6e\u7ec4\u5de5\u5382\" width=\"600\" height=\"600\" title=\"\"><\/td>\n<td width=\"80\"><strong><img loading=\"lazy\" decoding=\"async\" class=\"size-full wp-image-7719 aligncenter\" src=\"https:\/\/fmp-components.com\/wp-content\/uploads\/2025\/04\/Planetary-Gear-set-factory-1-scaled.webp\" sizes=\"(min-width: 0px) and (max-width: 480px) 480px, (min-width: 481px) and (max-width: 980px) 980px, (min-width: 981px) and (max-width: 1280px) 1280px, (min-width: 1281px) 2560px, 100vw\" srcset=\"https:\/\/fmp-components.com\/wp-content\/uploads\/2025\/04\/Planetary-Gear-set-factory-1-scaled.webp 2560w, https:\/\/fmp-components.com\/wp-content\/uploads\/2025\/04\/Planetary-Gear-set-factory-1-1280x1280.webp 1280w, https:\/\/fmp-components.com\/wp-content\/uploads\/2025\/04\/Planetary-Gear-set-factory-1-980x980.webp 980w, https:\/\/fmp-components.com\/wp-content\/uploads\/2025\/04\/Planetary-Gear-set-factory-1-480x480.webp 480w\" alt=\"\u884c\u661f\u9f7f\u8f6e\u7ec4\u5de5\u5382\" width=\"2560\" height=\"2560\" title=\"\"><\/strong><\/td>\n<\/tr>\n<\/tbody>\n<\/table>\n<\/div>","protected":false},"excerpt":{"rendered":"<p>Internal Planetary Gears: Precision and Power by FMP Internal planetary gears, a vital component of planetary gear mechanisms, are renowned for their ability to deliver high torque and precise speed reduction in compact designs. These systems feature a central sun gear, orbiting planet gears, and an internal ring gear that meshes internally with the planet [&hellip;]<\/p>","protected":false},"featured_media":4625,"comment_status":"open","ping_status":"closed","template":"","meta":{"_et_pb_use_builder":"","_et_pb_old_content":"","_et_gb_content_width":""},"product_brand":[],"product_cat":[113],"product_tag":[],"class_list":{"0":"post-7721","1":"product","2":"type-product","3":"status-publish","4":"has-post-thumbnail","6":"product_cat-planetary-gear","8":"first","9":"instock","10":"shipping-taxable","11":"product-type-simple"},"_links":{"self":[{"href":"https:\/\/fmp-components.com\/pl\/wp-json\/wp\/v2\/product\/7721","targetHints":{"allow":["GET"]}}],"collection":[{"href":"https:\/\/fmp-components.com\/pl\/wp-json\/wp\/v2\/product"}],"about":[{"href":"https:\/\/fmp-components.com\/pl\/wp-json\/wp\/v2\/types\/product"}],"replies":[{"embeddable":true,"href":"https:\/\/fmp-components.com\/pl\/wp-json\/wp\/v2\/comments?post=7721"}],"wp:featuredmedia":[{"embeddable":true,"href":"https:\/\/fmp-components.com\/pl\/wp-json\/wp\/v2\/media\/4625"}],"wp:attachment":[{"href":"https:\/\/fmp-components.com\/pl\/wp-json\/wp\/v2\/media?parent=7721"}],"wp:term":[{"taxonomy":"product_brand","embeddable":true,"href":"https:\/\/fmp-components.com\/pl\/wp-json\/wp\/v2\/product_brand?post=7721"},{"taxonomy":"product_cat","embeddable":true,"href":"https:\/\/fmp-components.com\/pl\/wp-json\/wp\/v2\/product_cat?post=7721"},{"taxonomy":"product_tag","embeddable":true,"href":"https:\/\/fmp-components.com\/pl\/wp-json\/wp\/v2\/product_tag?post=7721"}],"curies":[{"name":"wp","href":"https:\/\/api.w.org\/{rel}","templated":true}]}}