{"id":7713,"date":"2025-04-03T05:19:05","date_gmt":"2025-04-03T05:19:05","guid":{"rendered":"https:\/\/fmp-components.com\/?post_type=product&#038;p=7713"},"modified":"2025-04-03T05:39:42","modified_gmt":"2025-04-03T05:39:42","slug":"planetary-gear-sets","status":"publish","type":"product","link":"https:\/\/fmp-components.com\/pl\/product\/planetary-gear-sets\/","title":{"rendered":"Zestawy przek\u0142adni planetarnych"},"content":{"rendered":"<div>\n<h2>Podstawy zestaw\u00f3w przek\u0142adni planetarnych<\/h2>\n<p class=\"break-words\">Zestawy przek\u0142adni planetarnych, znane r\u00f3wnie\u017c jako uk\u0142ady przek\u0142adni planetarnych, stanowi\u0105 fundament nowoczesnej in\u017cynierii mechanicznej. W swojej istocie systemy te sk\u0142adaj\u0105 si\u0119 z centralnego ko\u0142a s\u0142onecznego, orbituj\u0105cych k\u00f3\u0142 planetarnych zamontowanych na jarzmie oraz zewn\u0119trznego pier\u015bcienia z\u0119batego. Ta unikalna konstrukcja pozwala zestawom przek\u0142adni planetarnych na osi\u0105gni\u0119cie wyj\u0105tkowego momentu obrotowego, redukcji pr\u0119dko\u015bci i wydajno\u015bci w kompaktowej konstrukcji. Niezale\u017cnie od tego, czy znajdujesz si\u0119 w Mediolanie, Wenecji, Florencji czy Bolonii, przemys\u0142 w ca\u0142ych W\u0142oszech wykorzystuje te solidne systemy w zastosowaniach od skrzy\u0144 bieg\u00f3w samochodowych po maszyny przemys\u0142owe.<\/p>\n<p class=\"break-words\">W FMP specjalizujemy si\u0119 w produkcji wysokiej jako\u015bci zestaw\u00f3w przek\u0142adni planetarnych, dostosowanych do zr\u00f3\u017cnicowanych potrzeb. Stawiaj\u0105c na precyzj\u0119 i innowacyjno\u015b\u0107, obs\u0142ugujemy klient\u00f3w we W\u0142oszech i za granic\u0105, gwarantuj\u0105c najwy\u017csz\u0105 wydajno\u015b\u0107 ka\u017cdej produkowanej przez nas przek\u0142adni.<\/p>\n<\/div>\n<p><img loading=\"lazy\" decoding=\"async\" class=\"size-full wp-image-7714 aligncenter\" src=\"https:\/\/fmp-components.com\/wp-content\/uploads\/2025\/04\/Planetary-Gear-set-1.webp\" alt=\"Zestaw przek\u0142adni planetarnych\" width=\"943\" height=\"634\" title=\"\" srcset=\"https:\/\/fmp-components.com\/wp-content\/uploads\/2025\/04\/Planetary-Gear-set-1.webp 943w, https:\/\/fmp-components.com\/wp-content\/uploads\/2025\/04\/Planetary-Gear-set-1-480x323.webp 480w\" sizes=\"(min-width: 0px) and (max-width: 480px) 480px, (min-width: 481px) 943px, 100vw\" \/><\/p>\n<div>\n<h4>Czym s\u0105 zestawy przek\u0142adni planetarnych?<\/h4>\n<p class=\"break-words\">Zestaw przek\u0142adni planetarnej sk\u0142ada si\u0119 z trzech g\u0142\u00f3wnych element\u00f3w:<\/p>\n<ul class=\"marker:text-secondary\">\n<li class=\"break-words\"><strong>Przek\u0142adnia s\u0142oneczna<\/strong>:Centralne ko\u0142o z\u0119bate (cz\u0119sto przedstawiane na \u017c\u00f3\u0142to), kt\u00f3re nap\u0119dza uk\u0142ad.<\/li>\n<li class=\"break-words\"><strong>Przek\u0142adnie planetarne<\/strong>:Wiele k\u00f3\u0142 z\u0119batych (zwykle w kolorze niebieskim) kr\u0105\u017c\u0105cych wok\u00f3\u0142 ko\u0142a s\u0142onecznego, zamontowanych na ruchomym no\u015bniku (w kolorze zielonym).<\/li>\n<li class=\"break-words\"><strong>Ko\u0142o z\u0119bate pier\u015bcieniowe<\/strong>:Zewn\u0119trzna przek\u0142adnia z\u0119bata (r\u00f3\u017cowa), kt\u00f3ra zaz\u0119bia si\u0119 z przek\u0142adniami planetarnymi, otaczaj\u0105c uk\u0142ad.<\/li>\n<\/ul>\n<p class=\"break-words\">Taka konfiguracja pozwala na uzyskanie wszechstronnych prze\u0142o\u017ce\u0144 i wysokiego momentu obrotowego, dzi\u0119ki czemu zestawy przek\u0142adni planetarnych idealnie nadaj\u0105 si\u0119 do zastosowa\u0144, w kt\u00f3rych przestrze\u0144 i masa maj\u0105 kluczowe znaczenie. Od prostych konstrukcji po z\u0142o\u017cone systemy z\u0142o\u017cone, ich wszechstronno\u015b\u0107 sprawdza si\u0119 w szerokim spektrum bran\u017c.<\/p>\n<h4>Zastosowania zestaw\u00f3w przek\u0142adni planetarnych<\/h4>\n<p class=\"break-words\">Przek\u0142adnie planetarne s\u0105 szeroko stosowane w ca\u0142ych W\u0142oszech, od centr\u00f3w przemys\u0142owych Mediolanu i Bolonii po warsztaty in\u017cynieryjne we Florencji i Wenecji. Ich zdolno\u015b\u0107 do zapewnienia znacznej redukcji pr\u0119dko\u015bci i momentu obrotowego w kompaktowej formie sprawia, \u017ce \u200b\u200bs\u0105 one niezb\u0119dne w:<\/p>\n<ul class=\"marker:text-secondary\">\n<li class=\"break-words\"><strong>Samochody i pojazdy terenowe<\/strong>:Wyst\u0119puje w automatycznych skrzyniach bieg\u00f3w i nap\u0119dach ko\u0142owych.<\/li>\n<li class=\"break-words\"><strong>Maszyny przemys\u0142owe<\/strong>:Nap\u0119dzanie przeno\u015bnik\u00f3w, mikser\u00f3w i sprz\u0119tu le\u015bnego.<\/li>\n<li class=\"break-words\"><strong>Produkty konsumenckie<\/strong>:Stosowany w wkr\u0119tarkach elektrycznych i systemach przek\u0142adni rowerowych.<\/li>\n<li class=\"break-words\"><strong>Zastosowania o du\u017cej wytrzyma\u0142o\u015bci<\/strong>:Wsparcie dla traktor\u00f3w, sprz\u0119tu budowlanego i silnik\u00f3w turbinowych.<\/li>\n<\/ul>\n<p class=\"break-words\">Podzia\u0142 obci\u0105\u017ce\u0144 w przek\u0142adniach wieloplanetarnych gwarantuje trwa\u0142o\u015b\u0107 i odporno\u015b\u0107 na zu\u017cycie \u2014 cech\u0119, kt\u00f3r\u0105 w\u0142oscy producenci i in\u017cynierowie w miastach takich jak Mediolan i Bolonia ceni\u0105 szczeg\u00f3lnie w przypadku operacji o du\u017cej intensywno\u015bci uderze\u0144.<\/p>\n<div>\n<h4>Dlaczego warto wybra\u0107 zestawy przek\u0142adni planetarnych?<\/h4>\n<p class=\"break-words\">Zalety zestaw\u00f3w przek\u0142adni planetarnych s\u0105 oczywiste:<\/p>\n<ul class=\"marker:text-secondary\">\n<li class=\"break-words\"><strong>Wysoka g\u0119sto\u015b\u0107 momentu obrotowego<\/strong>:Wiele przek\u0142adni planetarnych rozk\u0142ada obci\u0105\u017cenie, zwi\u0119kszaj\u0105c moc wyj\u015bciow\u0105.<\/li>\n<li class=\"break-words\"><strong>Kompaktowa konstrukcja<\/strong>:Idealny do zastosowa\u0144 o ograniczonej przestrzeni.<\/li>\n<li class=\"break-words\"><strong>Trwa\u0142o\u015b\u0107<\/strong>:R\u00f3wnomierne roz\u0142o\u017cenie obci\u0105\u017cenia wyd\u0142u\u017ca \u017cywotno\u015b\u0107 przek\u0142adni.<\/li>\n<li class=\"break-words\"><strong>Elastyczno\u015b\u0107<\/strong>:\u0141atwa regulacja prze\u0142o\u017ce\u0144 poprzez modyfikacj\u0119 jarzma lub ko\u0142a s\u0142onecznego.<\/li>\n<\/ul>\n<p class=\"break-words\">Dla firm w Wenecji i Florencji, kt\u00f3re chc\u0105 zoptymalizowa\u0107 prac\u0119 maszyn, korzy\u015bci te przek\u0142adaj\u0105 si\u0119 na wydajno\u015b\u0107 i niezawodno\u015b\u0107, a co za tym idzie, redukcj\u0119 przestoj\u00f3w i koszt\u00f3w konserwacji.<\/p>\n<p><img loading=\"lazy\" decoding=\"async\" class=\"wp-image-7716 aligncenter\" src=\"https:\/\/fmp-components.com\/wp-content\/uploads\/2025\/04\/Planetary-Gear-set-2.webp\" alt=\"Zestaw przek\u0142adni planetarnych\" width=\"809\" height=\"539\" title=\"\" srcset=\"https:\/\/fmp-components.com\/wp-content\/uploads\/2025\/04\/Planetary-Gear-set-2.webp 809w, https:\/\/fmp-components.com\/wp-content\/uploads\/2025\/04\/Planetary-Gear-set-2-480x320.webp 480w\" sizes=\"(min-width: 0px) and (max-width: 480px) 480px, (min-width: 481px) 809px, 100vw\" \/><\/p>\n<h4>FMP: Tw\u00f3j zaufany producent zestaw\u00f3w przek\u0142adni planetarnych we W\u0142oszech<\/h4>\n<p class=\"break-words\">W FMP szczycimy si\u0119 tym, \u017ce jeste\u015bmy wiod\u0105cym producentem zestaw\u00f3w przek\u0142adni planetarnych, obs\u0142uguj\u0105cym klient\u00f3w we W\u0142oszech i na ca\u0142ym \u015bwiecie. W oparciu o nasze bogate do\u015bwiadczenie in\u017cynieryjne oferujemy:<\/p>\n<ul class=\"marker:text-secondary\">\n<li class=\"break-words\"><strong>R\u00f3\u017cnorodno\u015b\u0107 typ\u00f3w<\/strong>:Produkujemy zestawy przek\u0142adni planetarnych do wszelkich zastosowa\u0144, od standardowych projekt\u00f3w po skomplikowane systemy z\u0142o\u017cone.<\/li>\n<li class=\"break-words\"><strong>Personalizacja<\/strong>Potrzebujesz konkretnej konfiguracji? Nasi wykwalifikowani in\u017cynierowie we W\u0142oszech zaprojektuj\u0105 i wyprodukuj\u0105 niestandardowe zestawy przek\u0142adni planetarnych, spe\u0142niaj\u0105ce Twoje dok\u0142adne wymagania.<\/li>\n<li class=\"break-words\"><strong>Produkcja precyzyjna<\/strong>:Dzi\u0119ki zastosowaniu zaawansowanych technik gwarantujemy, \u017ce ka\u017cdy bieg spe\u0142nia najwy\u017csze standardy jako\u015bci i wydajno\u015bci.<\/li>\n<\/ul>\n<p class=\"break-words\">Niezale\u017cnie od tego, czy znajdujesz si\u0119 w t\u0119tni\u0105cym \u017cyciem sektorze przemys\u0142owym Mediolanu, innowacyjnych warsztatach Wenecji, centrach maszynowych Bolonii, czy rzemie\u015blniczych o\u015brodkach in\u017cynieryjnych Florencji, FMP jest Twoim partnerem w zakresie rozwi\u0105za\u0144 przek\u0142adni planetarnych.<\/p>\n<table style=\"border-collapse: collapse; width: 101.625%; height: 50px;\" border=\"0\" width=\"240\" cellspacing=\"0\" cellpadding=\"0\">\n<tbody>\n<tr style=\"height: 14.40pt;\">\n<td style=\"height: 14.40pt; width: 48.00pt;\" width=\"80\" height=\"24\"><img loading=\"lazy\" decoding=\"async\" class=\"size-full wp-image-7717 aligncenter\" src=\"https:\/\/fmp-components.com\/wp-content\/uploads\/2025\/04\/Planetary-Gear-set-factory-2-scaled.webp\" alt=\"Fabryka zestaw\u00f3w przek\u0142adni planetarnych\" width=\"2560\" height=\"2560\" title=\"\" srcset=\"https:\/\/fmp-components.com\/wp-content\/uploads\/2025\/04\/Planetary-Gear-set-factory-2-scaled.webp 2560w, https:\/\/fmp-components.com\/wp-content\/uploads\/2025\/04\/Planetary-Gear-set-factory-2-1280x1280.webp 1280w, https:\/\/fmp-components.com\/wp-content\/uploads\/2025\/04\/Planetary-Gear-set-factory-2-980x980.webp 980w, https:\/\/fmp-components.com\/wp-content\/uploads\/2025\/04\/Planetary-Gear-set-factory-2-480x480.webp 480w\" sizes=\"(min-width: 0px) and (max-width: 480px) 480px, (min-width: 481px) and (max-width: 980px) 980px, (min-width: 981px) and (max-width: 1280px) 1280px, (min-width: 1281px) 2560px, 100vw\" \/><\/td>\n<td style=\"width: 48.00pt;\" width=\"80\"><img loading=\"lazy\" decoding=\"async\" class=\"size-full wp-image-7718 aligncenter\" src=\"https:\/\/fmp-components.com\/wp-content\/uploads\/2025\/04\/Planetary-Gear-set-factory-4.webp\" alt=\"Fabryka zestaw\u00f3w przek\u0142adni planetarnych\" width=\"600\" height=\"600\" title=\"\" srcset=\"https:\/\/fmp-components.com\/wp-content\/uploads\/2025\/04\/Planetary-Gear-set-factory-4.webp 600w, https:\/\/fmp-components.com\/wp-content\/uploads\/2025\/04\/Planetary-Gear-set-factory-4-480x480.webp 480w\" sizes=\"(min-width: 0px) and (max-width: 480px) 480px, (min-width: 481px) 600px, 100vw\" \/><\/td>\n<td style=\"width: 48.00pt;\" width=\"80\"><strong><img loading=\"lazy\" decoding=\"async\" class=\"size-full wp-image-7719 aligncenter\" src=\"https:\/\/fmp-components.com\/wp-content\/uploads\/2025\/04\/Planetary-Gear-set-factory-1-scaled.webp\" alt=\"Fabryka zestaw\u00f3w przek\u0142adni planetarnych\" width=\"2560\" height=\"2560\" title=\"\" srcset=\"https:\/\/fmp-components.com\/wp-content\/uploads\/2025\/04\/Planetary-Gear-set-factory-1-scaled.webp 2560w, https:\/\/fmp-components.com\/wp-content\/uploads\/2025\/04\/Planetary-Gear-set-factory-1-1280x1280.webp 1280w, https:\/\/fmp-components.com\/wp-content\/uploads\/2025\/04\/Planetary-Gear-set-factory-1-980x980.webp 980w, https:\/\/fmp-components.com\/wp-content\/uploads\/2025\/04\/Planetary-Gear-set-factory-1-480x480.webp 480w\" sizes=\"(min-width: 0px) and (max-width: 480px) 480px, (min-width: 481px) and (max-width: 980px) 980px, (min-width: 981px) and (max-width: 1280px) 1280px, (min-width: 1281px) 2560px, 100vw\" \/><\/strong><\/td>\n<\/tr>\n<\/tbody>\n<\/table>\n<\/div>\n<\/div>","protected":false},"excerpt":{"rendered":"<p>The Fundamentals of Planetary Gear Sets Planetary gear sets, also known as epicyclic gear systems, are a cornerstone of modern mechanical engineering. At their core, these systems consist of a central sun gear, orbiting planet gears mounted on a carrier, and an outer ring gear. This unique arrangement allows planetary gear sets to deliver exceptional [&hellip;]<\/p>","protected":false},"featured_media":7720,"comment_status":"open","ping_status":"closed","template":"","meta":{"_et_pb_use_builder":"","_et_pb_old_content":"","_et_gb_content_width":""},"product_brand":[],"product_cat":[113],"product_tag":[],"class_list":{"0":"post-7713","1":"product","2":"type-product","3":"status-publish","4":"has-post-thumbnail","6":"product_cat-planetary-gear","8":"first","9":"instock","10":"shipping-taxable","11":"product-type-simple"},"_links":{"self":[{"href":"https:\/\/fmp-components.com\/pl\/wp-json\/wp\/v2\/product\/7713","targetHints":{"allow":["GET"]}}],"collection":[{"href":"https:\/\/fmp-components.com\/pl\/wp-json\/wp\/v2\/product"}],"about":[{"href":"https:\/\/fmp-components.com\/pl\/wp-json\/wp\/v2\/types\/product"}],"replies":[{"embeddable":true,"href":"https:\/\/fmp-components.com\/pl\/wp-json\/wp\/v2\/comments?post=7713"}],"wp:featuredmedia":[{"embeddable":true,"href":"https:\/\/fmp-components.com\/pl\/wp-json\/wp\/v2\/media\/7720"}],"wp:attachment":[{"href":"https:\/\/fmp-components.com\/pl\/wp-json\/wp\/v2\/media?parent=7713"}],"wp:term":[{"taxonomy":"product_brand","embeddable":true,"href":"https:\/\/fmp-components.com\/pl\/wp-json\/wp\/v2\/product_brand?post=7713"},{"taxonomy":"product_cat","embeddable":true,"href":"https:\/\/fmp-components.com\/pl\/wp-json\/wp\/v2\/product_cat?post=7713"},{"taxonomy":"product_tag","embeddable":true,"href":"https:\/\/fmp-components.com\/pl\/wp-json\/wp\/v2\/product_tag?post=7713"}],"curies":[{"name":"wp","href":"https:\/\/api.w.org\/{rel}","templated":true}]}}