{"id":7653,"date":"2025-04-02T07:39:15","date_gmt":"2025-04-02T07:39:15","guid":{"rendered":"https:\/\/fmp-components.com\/?post_type=product&#038;p=7653"},"modified":"2025-04-02T08:44:40","modified_gmt":"2025-04-02T08:44:40","slug":"bevel-gear-set","status":"publish","type":"product","link":"https:\/\/fmp-components.com\/pl\/product\/bevel-gear-set\/","title":{"rendered":"Zestaw k\u00f3\u0142 z\u0119batych sto\u017ckowych"},"content":{"rendered":"<div>\n<h2>Zestaw przek\u0142adni sto\u017ckowych: wysokiej jako\u015bci rozwi\u0105zania FMP na ka\u017cd\u0105 potrzeb\u0119<\/h2>\n<p class=\"break-words\">Zestawy przek\u0142adni sto\u017ckowych s\u0105 niezb\u0119dnymi komponentami w uk\u0142adach przeniesienia nap\u0119du, s\u0142u\u017c\u0105cymi do przenoszenia mocy mi\u0119dzy przecinaj\u0105cymi si\u0119 osiami, cz\u0119sto pod k\u0105tem 90 stopni. Ze wzgl\u0119du na swoj\u0105 wszechstronno\u015b\u0107 znajduj\u0105 zastosowanie w r\u00f3\u017cnych sektorach, od przemys\u0142u motoryzacyjnego po przemys\u0142 wytw\u00f3rczy. W FMP jeste\u015bmy dumni z oferowania kompleksowej gamy zestaw\u00f3w przek\u0142adni sto\u017ckowych, w ca\u0142o\u015bci wyprodukowanych we W\u0142oszech, kt\u00f3re \u0142\u0105cz\u0105 najwy\u017csz\u0105 jako\u015b\u0107 z opcjami dostosowywania, aby spe\u0142ni\u0107 wszystkie wymagania.<\/p>\n<\/div>\n<p><img loading=\"lazy\" decoding=\"async\" class=\"size-full wp-image-7654 alignnone\" src=\"https:\/\/fmp-components.com\/wp-content\/uploads\/2025\/04\/coppia-conica.webp\" alt=\"koppia-sto\u017ckowa\" width=\"1400\" height=\"700\" title=\"\" srcset=\"https:\/\/fmp-components.com\/wp-content\/uploads\/2025\/04\/coppia-conica.webp 1400w, https:\/\/fmp-components.com\/wp-content\/uploads\/2025\/04\/coppia-conica-1280x640.webp 1280w, https:\/\/fmp-components.com\/wp-content\/uploads\/2025\/04\/coppia-conica-980x490.webp 980w, https:\/\/fmp-components.com\/wp-content\/uploads\/2025\/04\/coppia-conica-480x240.webp 480w\" sizes=\"(min-width: 0px) and (max-width: 480px) 480px, (min-width: 481px) and (max-width: 980px) 980px, (min-width: 981px) and (max-width: 1280px) 1280px, (min-width: 1281px) 1400px, 100vw\" \/><\/p>\n<div>\n<h3>Rodzaje zestaw\u00f3w przek\u0142adni sto\u017ckowych produkowanych przez FMP<\/h3>\n<p class=\"break-words\">Firma FMP oferuje szerok\u0105 gam\u0119 zestaw\u00f3w przek\u0142adni sto\u017ckowych, zaprojektowanych tak, aby sprosta\u0107 r\u00f3\u017cnorodnym potrzebom technicznym:<\/p>\n<ul class=\"marker:text-secondary\">\n<li class=\"break-words\"><strong>Standardowe zestawy przek\u0142adni sto\u017ckowych:<\/strong> Dost\u0119pne od modu\u0142u 1 do modu\u0142u 5, z z\u0119bami prostymi lub \u015brubowymi ze stali C45 E. Te zestawy przek\u0142adni sto\u017ckowych s\u0105 zgodne z normami UNI 6588 (typ A) i zawieraj\u0105 wst\u0119pnie wywiercone otwory u\u0142atwiaj\u0105ce obr\u00f3bk\u0119. S\u0105 idealne do zastosowa\u0144 wymagaj\u0105cych prze\u0142o\u017ce\u0144 1:1 lub do 1:4.<\/li>\n<li class=\"break-words\"><strong>Zestawy przek\u0142adni sto\u017ckowych na zam\u00f3wienie:<\/strong> Klientom o specyficznych potrzebach oferujemy mo\u017cliwo\u015b\u0107 zaprojektowania zestaw\u00f3w przek\u0142adni sto\u017ckowych z indywidualnie dobranymi z\u0119bami, materia\u0142ami i obr\u00f3bk\u0105 powierzchni, dostosowanymi do najbardziej wyj\u0105tkowych wymaga\u0144.<\/li>\n<\/ul>\n<p class=\"break-words\">Niezale\u017cnie od tego, czy chodzi o mechanizm r\u00f3\u017cnicowy w samochodzie, czy o skomplikowany system przemys\u0142owy, nasze zestawy przek\u0142adni sto\u017ckowych gwarantuj\u0105 niezawodn\u0105 i d\u0142ugotrwa\u0142\u0105 prac\u0119.<\/p>\n<p><img loading=\"lazy\" decoding=\"async\" class=\"size-full wp-image-7656 aligncenter\" src=\"https:\/\/fmp-components.com\/wp-content\/uploads\/2025\/04\/coppia-conica-1.webp\" alt=\"koppia-sto\u017ckowa\" width=\"1600\" height=\"800\" title=\"\" srcset=\"https:\/\/fmp-components.com\/wp-content\/uploads\/2025\/04\/coppia-conica-1.webp 1600w, https:\/\/fmp-components.com\/wp-content\/uploads\/2025\/04\/coppia-conica-1-1280x640.webp 1280w, https:\/\/fmp-components.com\/wp-content\/uploads\/2025\/04\/coppia-conica-1-980x490.webp 980w, https:\/\/fmp-components.com\/wp-content\/uploads\/2025\/04\/coppia-conica-1-480x240.webp 480w\" sizes=\"(min-width: 0px) and (max-width: 480px) 480px, (min-width: 481px) and (max-width: 980px) 980px, (min-width: 981px) and (max-width: 1280px) 1280px, (min-width: 1281px) 1600px, 100vw\" \/><\/p>\n<h3>Niekt\u00f3re specyfikacje produktu<\/h3>\n<h4>Stosunek 3:1<\/h4>\n<table style=\"width: 100%; height: 369px;\" border=\"1\" width=\"100%\" cellspacing=\"0\" cellpadding=\"0\">\n<tbody>\n<tr style=\"height: 47px;\">\n<td style=\"height: 47px;\" width=\"80\">Modu\u0142<\/td>\n<td style=\"height: 47px;\" width=\"80\">Liczba z\u0119b\u00f3w<\/td>\n<td style=\"height: 47px;\" width=\"80\">tak<br \/>\n(mm)<\/td>\n<td style=\"height: 47px;\" width=\"80\">D<br \/>\n(mm)<\/td>\n<td style=\"height: 47px;\" width=\"80\">ND<br \/>\n(mm)<\/td>\n<td style=\"height: 47px;\" width=\"80\">NL<br \/>\n(mm)<\/td>\n<td style=\"height: 47px;\" width=\"80\">L1<br \/>\n(mm)<\/td>\n<td style=\"height: 47px;\" width=\"80\">L<br \/>\n(mm)<\/td>\n<td style=\"height: 47px;\" width=\"80\">S1) (mm)<\/td>\n<td style=\"height: 47px;\" width=\"80\">B<br \/>\n(mm)<\/td>\n<td style=\"height: 47px;\" width=\"80\">BH7 (mm)<\/td>\n<td style=\"height: 47px;\" width=\"80\">mi<br \/>\n(mm)<\/td>\n<td style=\"height: 47px;\" width=\"80\">Moment obrotowy* (Nm)<\/td>\n<td style=\"height: 47px;\" width=\"80\">Waga g\/para<\/td>\n<\/tr>\n<tr style=\"height: 23px;\">\n<td style=\"height: 46px;\" rowspan=\"2\" width=\"80\">0,6<\/td>\n<td style=\"height: 23px;\" width=\"80\">20<\/td>\n<td style=\"height: 23px;\" width=\"80\">19<\/td>\n<td style=\"height: 23px;\" width=\"80\">18<\/td>\n<td style=\"height: 23px;\" width=\"80\">15<\/td>\n<td style=\"height: 23px;\" width=\"80\">7<\/td>\n<td style=\"height: 23px;\" width=\"80\">17,<\/td>\n<td style=\"height: 23px;\" width=\"80\">17,7<\/td>\n<td style=\"height: 23px;\" width=\"80\">8,2<\/td>\n<td style=\"height: 23px;\" width=\"80\">10<\/td>\n<td style=\"height: 23px;\" width=\"80\">6<\/td>\n<td style=\"height: 23px;\" width=\"80\">35<\/td>\n<td style=\"height: 23px;\" width=\"80\">2<\/td>\n<td style=\"height: 23px;\" width=\"80\">175<\/td>\n<\/tr>\n<tr style=\"height: 23px;\">\n<td style=\"height: 23px;\" width=\"80\">60<\/td>\n<td style=\"height: 23px;\" width=\"80\">54,<\/td>\n<td style=\"height: 23px;\" width=\"80\">54<\/td>\n<td style=\"height: 23px;\" width=\"80\">45<\/td>\n<td style=\"height: 23px;\" width=\"80\">8<\/td>\n<td style=\"height: 23px;\" width=\"80\">16<\/td>\n<td style=\"height: 23px;\" width=\"80\">1<\/td>\n<td style=\"height: 23px;\" width=\"80\">16<\/td>\n<td style=\"height: 23px;\" width=\"80\">10<\/td>\n<td style=\"height: 23px;\" width=\"80\">10<\/td>\n<td style=\"height: 23px;\" width=\"80\">2<\/td>\n<td style=\"height: 23px;\" width=\"80\">6,3<\/td>\n<td style=\"height: 23px;\" width=\"80\">175<\/td>\n<\/tr>\n<tr style=\"height: 23px;\">\n<td style=\"height: 46px;\" rowspan=\"2\" width=\"80\">1<\/td>\n<td style=\"height: 23px;\" width=\"80\">16<\/td>\n<td style=\"height: 23px;\" width=\"80\">26,1<\/td>\n<td style=\"height: 23px;\" width=\"80\">2<\/td>\n<td style=\"height: 23px;\" width=\"80\">20<\/td>\n<td style=\"height: 23px;\" width=\"80\">8,3<\/td>\n<td style=\"height: 23px;\" width=\"80\">2<\/td>\n<td style=\"height: 23px;\" width=\"80\">22,6<\/td>\n<td style=\"height: 23px;\" width=\"80\">9<\/td>\n<td style=\"height: 23px;\" width=\"80\">14<\/td>\n<td style=\"height: 23px;\" width=\"80\">8<\/td>\n<td style=\"height: 23px;\" width=\"80\">45<\/td>\n<td style=\"height: 23px;\" width=\"80\">5<\/td>\n<td style=\"height: 23px;\" width=\"80\">380<\/td>\n<\/tr>\n<tr style=\"height: 23px;\">\n<td style=\"height: 23px;\" width=\"80\">48<\/td>\n<td style=\"height: 23px;\" width=\"80\">72,5<\/td>\n<td style=\"height: 23px;\" width=\"80\">72<\/td>\n<td style=\"height: 23px;\" width=\"80\">50<\/td>\n<td style=\"height: 23px;\" width=\"80\">8<\/td>\n<td style=\"height: 23px;\" width=\"80\">1<\/td>\n<td style=\"height: 23px;\" width=\"80\">21,3<\/td>\n<td style=\"height: 23px;\" width=\"80\">16,8<\/td>\n<td style=\"height: 23px;\" width=\"80\">14<\/td>\n<td style=\"height: 23px;\" width=\"80\">1<\/td>\n<td style=\"height: 23px;\" width=\"80\">28<\/td>\n<td style=\"height: 23px;\" width=\"80\">17,<\/td>\n<td style=\"height: 23px;\" width=\"80\">380<\/td>\n<\/tr>\n<tr style=\"height: 23px;\">\n<td style=\"height: 46px;\" rowspan=\"2\" width=\"80\">1,3<\/td>\n<td style=\"height: 23px;\" width=\"80\">11<\/td>\n<td style=\"height: 23px;\" width=\"80\">2<\/td>\n<td style=\"height: 23px;\" width=\"80\">22<\/td>\n<td style=\"height: 23px;\" width=\"80\">1<\/td>\n<td style=\"height: 23px;\" width=\"80\">6<\/td>\n<td style=\"height: 23px;\" width=\"80\">17<\/td>\n<td style=\"height: 23px;\" width=\"80\">17,<\/td>\n<td style=\"height: 23px;\" width=\"80\">7,5<\/td>\n<td style=\"height: 23px;\" width=\"80\">11<\/td>\n<td style=\"height: 23px;\" width=\"80\">8<\/td>\n<td style=\"height: 23px;\" width=\"80\">4<\/td>\n<td style=\"height: 23px;\" width=\"80\">7,7<\/td>\n<td style=\"height: 23px;\" width=\"80\">320<\/td>\n<\/tr>\n<tr style=\"height: 23px;\">\n<td style=\"height: 23px;\" width=\"80\">33<\/td>\n<td style=\"height: 23px;\" width=\"80\">6<\/td>\n<td style=\"height: 23px;\" width=\"80\">60<\/td>\n<td style=\"height: 23px;\" width=\"80\">4<\/td>\n<td style=\"height: 23px;\" width=\"80\">8<\/td>\n<td style=\"height: 23px;\" width=\"80\">1<\/td>\n<td style=\"height: 23px;\" width=\"80\">2<\/td>\n<td style=\"height: 23px;\" width=\"80\">16,9<\/td>\n<td style=\"height: 23px;\" width=\"80\">11<\/td>\n<td style=\"height: 23px;\" width=\"80\">12<\/td>\n<td style=\"height: 23px;\" width=\"80\">27<\/td>\n<td style=\"height: 23px;\" width=\"80\">23<\/td>\n<td style=\"height: 23px;\" width=\"80\">320<\/td>\n<\/tr>\n<tr style=\"height: 23px;\">\n<td style=\"height: 46px;\" rowspan=\"2\" width=\"80\">1,5<\/td>\n<td style=\"height: 23px;\" width=\"80\">10<\/td>\n<td style=\"height: 23px;\" width=\"80\">26,0<\/td>\n<td style=\"height: 23px;\" width=\"80\">22<\/td>\n<td style=\"height: 23px;\" width=\"80\">17<\/td>\n<td style=\"height: 23px;\" width=\"80\">8<\/td>\n<td style=\"height: 23px;\" width=\"80\">19<\/td>\n<td style=\"height: 23px;\" width=\"80\">20,1<\/td>\n<td style=\"height: 23px;\" width=\"80\">9,6<\/td>\n<td style=\"height: 23px;\" width=\"80\">11<\/td>\n<td style=\"height: 23px;\" width=\"80\">8<\/td>\n<td style=\"height: 23px;\" width=\"80\">42<\/td>\n<td style=\"height: 23px;\" width=\"80\">9,1<\/td>\n<td style=\"height: 23px;\" width=\"80\">380<\/td>\n<\/tr>\n<tr style=\"height: 23px;\">\n<td style=\"height: 23px;\" width=\"80\">30<\/td>\n<td style=\"height: 23px;\" width=\"80\">66,6<\/td>\n<td style=\"height: 23px;\" width=\"80\">66<\/td>\n<td style=\"height: 23px;\" width=\"80\">40<\/td>\n<td style=\"height: 23px;\" width=\"80\">8<\/td>\n<td style=\"height: 23px;\" width=\"80\">17<\/td>\n<td style=\"height: 23px;\" width=\"80\">21,3<\/td>\n<td style=\"height: 23px;\" width=\"80\">17,8<\/td>\n<td style=\"height: 23px;\" width=\"80\">11<\/td>\n<td style=\"height: 23px;\" width=\"80\">12<\/td>\n<td style=\"height: 23px;\" width=\"80\">28<\/td>\n<td style=\"height: 23px;\" width=\"80\">27,3<\/td>\n<td style=\"height: 23px;\" width=\"80\">380<\/td>\n<\/tr>\n<tr style=\"height: 23px;\">\n<td style=\"height: 46px;\" rowspan=\"2\" width=\"80\">22,291<\/td>\n<td style=\"height: 23px;\" width=\"80\">9<\/td>\n<td style=\"height: 23px;\" width=\"80\">36,5<\/td>\n<td style=\"height: 23px;\" width=\"80\">32<\/td>\n<td style=\"height: 23px;\" width=\"80\">22<\/td>\n<td style=\"height: 23px;\" width=\"80\">11<\/td>\n<td style=\"height: 23px;\" width=\"80\">24<\/td>\n<td style=\"height: 23px;\" width=\"80\">25,8<\/td>\n<td style=\"height: 23px;\" width=\"80\">15,4<\/td>\n<td style=\"height: 23px;\" width=\"80\">13<\/td>\n<td style=\"height: 23px;\" width=\"80\">8<\/td>\n<td style=\"height: 23px;\" width=\"80\">60,52<\/td>\n<td style=\"height: 23px;\" width=\"80\">28<\/td>\n<td style=\"height: 23px;\" width=\"80\">638<\/td>\n<\/tr>\n<tr style=\"height: 23px;\">\n<td style=\"height: 23px;\" width=\"80\">27<\/td>\n<td style=\"height: 23px;\" width=\"80\">96,0<\/td>\n<td style=\"height: 23px;\" width=\"80\">96<\/td>\n<td style=\"height: 23px;\" width=\"80\">48<\/td>\n<td style=\"height: 23px;\" width=\"80\">19<\/td>\n<td style=\"height: 23px;\" width=\"80\">25<\/td>\n<td style=\"height: 23px;\" width=\"80\">29,5<\/td>\n<td style=\"height: 23px;\" width=\"80\">25,5<\/td>\n<td style=\"height: 23px;\" width=\"80\">13<\/td>\n<td style=\"height: 23px;\" width=\"80\">20<\/td>\n<td style=\"height: 23px;\" width=\"80\">40<\/td>\n<td style=\"height: 23px;\" width=\"80\">84<\/td>\n<td style=\"height: 23px;\" width=\"80\">638<\/td>\n<\/tr>\n<tr style=\"height: 23px;\">\n<td style=\"height: 46px;\" rowspan=\"2\" width=\"80\">25,736<\/td>\n<td style=\"height: 23px;\" width=\"80\">9<\/td>\n<td style=\"height: 23px;\" width=\"80\">42,0<\/td>\n<td style=\"height: 23px;\" width=\"80\">37,5<\/td>\n<td style=\"height: 23px;\" width=\"80\">27<\/td>\n<td style=\"height: 23px;\" width=\"80\">12<\/td>\n<td style=\"height: 23px;\" width=\"80\">26,5<\/td>\n<td style=\"height: 23px;\" width=\"80\">28,64<\/td>\n<td style=\"height: 23px;\" width=\"80\">15,1<\/td>\n<td style=\"height: 23px;\" width=\"80\">15<\/td>\n<td style=\"height: 23px;\" width=\"80\">12<\/td>\n<td style=\"height: 23px;\" width=\"80\">69,84<\/td>\n<td style=\"height: 23px;\" width=\"80\">46<\/td>\n<td style=\"height: 23px;\" width=\"80\">1100<\/td>\n<\/tr>\n<tr style=\"height: 23px;\">\n<td style=\"height: 23px;\" width=\"80\">27<\/td>\n<td style=\"height: 23px;\" width=\"80\">113,0<\/td>\n<td style=\"height: 23px;\" width=\"80\">112,5<\/td>\n<td style=\"height: 23px;\" width=\"80\">54<\/td>\n<td style=\"height: 23px;\" width=\"80\">24<\/td>\n<td style=\"height: 23px;\" width=\"80\">32<\/td>\n<td style=\"height: 23px;\" width=\"80\">38,41<\/td>\n<td style=\"height: 23px;\" width=\"80\">33,9<\/td>\n<td style=\"height: 23px;\" width=\"80\">15<\/td>\n<td style=\"height: 23px;\" width=\"80\">25<\/td>\n<td style=\"height: 23px;\" width=\"80\">50<\/td>\n<td style=\"height: 23px;\" width=\"80\">138<\/td>\n<td style=\"height: 23px;\" width=\"80\">1100<\/td>\n<\/tr>\n<tr style=\"height: 23px;\">\n<td style=\"height: 46px;\" rowspan=\"2\" width=\"80\">3,5<\/td>\n<td style=\"height: 23px;\" width=\"80\">9<\/td>\n<td style=\"height: 23px;\" width=\"80\">59,0<\/td>\n<td style=\"height: 23px;\" width=\"80\">52,5<\/td>\n<td style=\"height: 23px;\" width=\"80\">40<\/td>\n<td style=\"height: 23px;\" width=\"80\">12<\/td>\n<td style=\"height: 23px;\" width=\"80\">33<\/td>\n<td style=\"height: 23px;\" width=\"80\">36,2<\/td>\n<td style=\"height: 23px;\" width=\"80\">18,9<\/td>\n<td style=\"height: 23px;\" width=\"80\">22<\/td>\n<td style=\"height: 23px;\" width=\"80\">16<\/td>\n<td style=\"height: 23px;\" width=\"80\">92,64<\/td>\n<td style=\"height: 23px;\" width=\"80\">132<\/td>\n<td style=\"height: 23px;\" width=\"80\">2700<\/td>\n<\/tr>\n<tr style=\"height: 23px;\">\n<td style=\"height: 23px;\" width=\"80\">27<\/td>\n<td style=\"height: 23px;\" width=\"80\">158,5<\/td>\n<td style=\"height: 23px;\" width=\"80\">157,5<\/td>\n<td style=\"height: 23px;\" width=\"80\">70<\/td>\n<td style=\"height: 23px;\" width=\"80\">29<\/td>\n<td style=\"height: 23px;\" width=\"80\">40<\/td>\n<td style=\"height: 23px;\" width=\"80\">47,9<\/td>\n<td style=\"height: 23px;\" width=\"80\">41,2<\/td>\n<td style=\"height: 23px;\" width=\"80\">22<\/td>\n<td style=\"height: 23px;\" width=\"80\">30<\/td>\n<td style=\"height: 23px;\" width=\"80\">65<\/td>\n<td style=\"height: 23px;\" width=\"80\">396<\/td>\n<td style=\"height: 23px;\" width=\"80\">2700<\/td>\n<\/tr>\n<\/tbody>\n<\/table>\n<h4>Stosunek 4:1<\/h4>\n<table style=\"width: 100%;\" border=\"1\" width=\"100%\" cellspacing=\"0\" cellpadding=\"0\">\n<tbody>\n<tr>\n<td width=\"80\">Modu\u0142<\/td>\n<td width=\"80\">Liczba z\u0119b\u00f3w<\/td>\n<td width=\"80\">tak<br \/>\n(mm)<\/td>\n<td width=\"80\">D<br \/>\n(mm)<\/td>\n<td width=\"80\">ND<br \/>\n(mm)<\/td>\n<td width=\"80\">NL<br \/>\n(mm)<\/td>\n<td width=\"80\">L1<br \/>\n(mm)<\/td>\n<td width=\"80\">L<br \/>\n(mm)<\/td>\n<td width=\"80\">S1) (mm)<\/td>\n<td width=\"80\">B<br \/>\n(mm)<\/td>\n<td width=\"80\">BH7 (mm)<\/td>\n<td width=\"80\">mi<br \/>\n(mm)<\/td>\n<td width=\"80\">Moment obrotowy* (Nm)<\/td>\n<td width=\"80\">Waga g\/para<\/td>\n<\/tr>\n<tr>\n<td rowspan=\"2\" width=\"80\">1<\/td>\n<td width=\"80\">16<\/td>\n<td width=\"80\">25,9<\/td>\n<td width=\"80\">24<\/td>\n<td width=\"80\">20<\/td>\n<td width=\"80\">7,3<\/td>\n<td width=\"80\">21<\/td>\n<td width=\"80\">21,8<\/td>\n<td width=\"80\">8,2<\/td>\n<td width=\"80\">14<\/td>\n<td width=\"80\">8<\/td>\n<td width=\"80\">56<\/td>\n<td width=\"80\">7,8<\/td>\n<td rowspan=\"2\" width=\"80\">842<\/td>\n<\/tr>\n<tr>\n<td width=\"80\">64<\/td>\n<td width=\"80\">96,5<\/td>\n<td width=\"80\">96<\/td>\n<td width=\"80\">70<\/td>\n<td width=\"80\">8<\/td>\n<td width=\"80\">19<\/td>\n<td width=\"80\">22,4<\/td>\n<td width=\"80\">19<\/td>\n<td width=\"80\">14<\/td>\n<td width=\"80\">20<\/td>\n<td width=\"80\">30<\/td>\n<td width=\"80\">31,2<\/td>\n<\/tr>\n<tr>\n<td rowspan=\"2\" width=\"80\">1,5<\/td>\n<td width=\"80\">11<\/td>\n<td width=\"80\">27,8<\/td>\n<td width=\"80\">24,2<\/td>\n<td width=\"80\">20<\/td>\n<td width=\"80\">8<\/td>\n<td width=\"80\">19<\/td>\n<td width=\"80\">20,7<\/td>\n<td width=\"80\">9<\/td>\n<td width=\"80\">12<\/td>\n<td width=\"80\">8<\/td>\n<td width=\"80\">57<\/td>\n<td width=\"80\">11,3<\/td>\n<td rowspan=\"2\" width=\"80\">775<\/td>\n<\/tr>\n<tr>\n<td width=\"80\">44<\/td>\n<td width=\"80\">97,3<\/td>\n<td width=\"80\">96,8<\/td>\n<td width=\"80\">70<\/td>\n<td width=\"80\">8<\/td>\n<td width=\"80\">17<\/td>\n<td width=\"80\">21,9<\/td>\n<td width=\"80\">19<\/td>\n<td width=\"80\">12<\/td>\n<td width=\"80\">20<\/td>\n<td width=\"80\">30<\/td>\n<td width=\"80\">45,2<\/td>\n<\/tr>\n<\/tbody>\n<\/table>\n<\/div>\n<div>\n<h3>Dlaczego warto wybra\u0107 zestawy k\u00f3\u0142 z\u0119batych sto\u017ckowych FMP?<\/h3>\n<p class=\"break-words\">Zestawy przek\u0142adni sto\u017ckowych FMP wyr\u00f3\u017cniaj\u0105 si\u0119 szeregiem zalet:<\/p>\n<ul class=\"marker:text-secondary\">\n<li class=\"break-words\"><strong>Materia\u0142y wysokiej jako\u015bci:<\/strong> U\u017cywamy stali C45 E, znanej ze swojej wytrzyma\u0142o\u015bci i trwa\u0142o\u015bci, co zapewnia solidne i niezawodne produkty.<\/li>\n<li class=\"break-words\"><strong>Produkcja w\u0142oska:<\/strong> Wszystkie nasze zestawy przek\u0142adni sto\u017ckowych s\u0105 produkowane w naszych zak\u0142adach w pobli\u017cu Mediolanu, gdzie stosujemy surowe kontrole jako\u015bci, aby spe\u0142nia\u0107 najwy\u017csze standardy.<\/li>\n<li class=\"break-words\"><strong>Precyzja techniczna:<\/strong> Z\u0119by zgodne z normami UNI 6588 zapewniaj\u0105 p\u0142ynne i ciche przenoszenie ruchu, przy optymalnym stosunku z\u0119batki do korony.<\/li>\n<\/ul>\n<p class=\"break-words\">Dzi\u0119ki tym cechom nasze zestawy przek\u0142adni sto\u017ckowych stanowi\u0105 idealny wyb\u00f3r dla klient\u00f3w poszukuj\u0105cych doskona\u0142ych komponent\u00f3w, zar\u00f3wno w Wenecji do zastosowa\u0144 morskich, jak i w Bolonii do zastosowa\u0144 motoryzacyjnych.<\/p>\n<h3>Dostosowywanie i wsparcie dla modeli, kt\u00f3rych nie ma w katalogu<\/h3>\n<p>Jedn\u0105 z mocnych stron FMP jest nasza zdolno\u015b\u0107 do spe\u0142niania konkretnych potrzeb klient\u00f3w. Je\u015bli nie mo\u017cesz znale\u017a\u0107 modelu przek\u0142adni sto\u017ckowej, kt\u00f3rego potrzebujesz w naszym katalogu, nie martw si\u0119 \u2014 by\u0107 mo\u017ce po prostu nie zosta\u0142 on jeszcze przes\u0142any na nasz\u0105 stron\u0119. Zapraszamy do kontaktu z nami za po\u015brednictwem poczty e-mail pod adresem <a href=\"mailto:info@fmpcomponents.it\">info@fmpcomponents.it<\/a> aby zam\u00f3wi\u0107 wybrany model.<\/p>\n<p><img loading=\"lazy\" decoding=\"async\" class=\"wp-image-7659 aligncenter\" src=\"https:\/\/fmp-components.com\/wp-content\/uploads\/2025\/04\/coppia-conica-3.webp\" alt=\"koppia-sto\u017ckowa\" width=\"820\" height=\"820\" title=\"\" srcset=\"https:\/\/fmp-components.com\/wp-content\/uploads\/2025\/04\/coppia-conica-3.webp 820w, https:\/\/fmp-components.com\/wp-content\/uploads\/2025\/04\/coppia-conica-3-480x480.webp 480w\" sizes=\"(min-width: 0px) and (max-width: 480px) 480px, (min-width: 481px) 820px, 100vw\" \/><\/p>\n<\/div>","protected":false},"excerpt":{"rendered":"<p>Bevel Gear Set: FMP&#8217;s High-Quality Solutions for Every Need Bevel gear sets are essential components in motion transmission systems, used to transfer power between intersecting axes, often at a 90-degree angle. Due to their versatility, they find applications in various sectors, from automotive to manufacturing industries. At FMP, we take pride in offering a comprehensive [&hellip;]<\/p>","protected":false},"featured_media":7657,"comment_status":"open","ping_status":"closed","template":"","meta":{"_et_pb_use_builder":"","_et_pb_old_content":"","_et_gb_content_width":""},"product_brand":[],"product_cat":[106],"product_tag":[],"class_list":{"0":"post-7653","1":"product","2":"type-product","3":"status-publish","4":"has-post-thumbnail","6":"product_cat-bevel-gears","8":"first","9":"instock","10":"shipping-taxable","11":"product-type-simple"},"_links":{"self":[{"href":"https:\/\/fmp-components.com\/pl\/wp-json\/wp\/v2\/product\/7653","targetHints":{"allow":["GET"]}}],"collection":[{"href":"https:\/\/fmp-components.com\/pl\/wp-json\/wp\/v2\/product"}],"about":[{"href":"https:\/\/fmp-components.com\/pl\/wp-json\/wp\/v2\/types\/product"}],"replies":[{"embeddable":true,"href":"https:\/\/fmp-components.com\/pl\/wp-json\/wp\/v2\/comments?post=7653"}],"wp:featuredmedia":[{"embeddable":true,"href":"https:\/\/fmp-components.com\/pl\/wp-json\/wp\/v2\/media\/7657"}],"wp:attachment":[{"href":"https:\/\/fmp-components.com\/pl\/wp-json\/wp\/v2\/media?parent=7653"}],"wp:term":[{"taxonomy":"product_brand","embeddable":true,"href":"https:\/\/fmp-components.com\/pl\/wp-json\/wp\/v2\/product_brand?post=7653"},{"taxonomy":"product_cat","embeddable":true,"href":"https:\/\/fmp-components.com\/pl\/wp-json\/wp\/v2\/product_cat?post=7653"},{"taxonomy":"product_tag","embeddable":true,"href":"https:\/\/fmp-components.com\/pl\/wp-json\/wp\/v2\/product_tag?post=7653"}],"curies":[{"name":"wp","href":"https:\/\/api.w.org\/{rel}","templated":true}]}}