{"id":751,"date":"2024-12-18T05:37:50","date_gmt":"2024-12-18T05:37:50","guid":{"rendered":"https:\/\/fmp-components.com\/?page_id=8"},"modified":"2024-12-18T05:39:02","modified_gmt":"2024-12-18T05:39:02","slug":"pile-driving-barge-luffing-cylinder","status":"publish","type":"product","link":"https:\/\/fmp-components.com\/pl\/product\/pile-driving-barge-luffing-cylinder\/","title":{"rendered":"Cylinder luffingowy do wbijania pali na barce"},"content":{"rendered":"<p style=\"text-align: center;\"><span style=\"font-size: 18pt;\">Cylinder luffingowy do wbijania pali na barce<\/span><\/p>\n<p>Si\u0142ownik wychylenia barki do wbijania pali to niezb\u0119dny element hydrauliczny, zaprojektowany w celu umo\u017cliwienia ruchu wychylenia ramienia d\u017awigu na barkach do wbijania pali. Si\u0142ownik ten odgrywa kluczow\u0105 rol\u0119 w dostarczaniu si\u0142y niezb\u0119dnej do podnoszenia i opuszczania ramienia d\u017awigu, umo\u017cliwiaj\u0105c precyzyjne pozycjonowanie kafara podczas prac instalacyjnych.<\/p>\n<p><img loading=\"lazy\" decoding=\"async\" class=\"alignnone size-full wp-image-754\" src=\"https:\/\/fmp-components.com\/wp-content\/uploads\/2024\/12\/Pile-Driving-Barge-Luffing-Cylinder-1-1.webp\" alt=\"Cylinder do wbijania pali w barce-wyci\u0105gania-1\" width=\"1024\" height=\"675\" title=\"\" srcset=\"https:\/\/fmp-components.com\/wp-content\/uploads\/2024\/12\/Pile-Driving-Barge-Luffing-Cylinder-1-1.webp 1024w, https:\/\/fmp-components.com\/wp-content\/uploads\/2024\/12\/Pile-Driving-Barge-Luffing-Cylinder-1-1-980x646.webp 980w, https:\/\/fmp-components.com\/wp-content\/uploads\/2024\/12\/Pile-Driving-Barge-Luffing-Cylinder-1-1-480x316.webp 480w\" sizes=\"(min-width: 0px) and (max-width: 480px) 480px, (min-width: 481px) and (max-width: 980px) 980px, (min-width: 981px) 1024px, 100vw\" \/><\/p>\n<h4>G\u0142\u00f3wne cechy:<\/h4>\n<ul>\n<li><strong>Wysoka \u0142adowno\u015b\u0107:<\/strong> Zaprojektowany do obs\u0142ugi znacznych obci\u0105\u017ce\u0144 si\u0142ownik wychylny zapewnia stabilne i kontrolowane ruchy ramienia d\u017awigu podczas wbijania pali.<\/li>\n<li><strong>Solidna konstrukcja:<\/strong> Wykonany z materia\u0142\u00f3w o wysokiej wytrzyma\u0142o\u015bci cylinder zaprojektowano tak, aby wytrzyma\u0142 trudne warunki morskie i wysokie ci\u015bnienia towarzysz\u0105ce operacjom wbijania pali, zapewniaj\u0105c d\u0142ugotrwa\u0142\u0105 wytrzyma\u0142o\u015b\u0107 i niezawodno\u015b\u0107.<\/li>\n<li><strong>P\u0142ynna praca:<\/strong> Nowoczesna konstrukcja hydrauliczna pozwala na p\u0142ynn\u0105 i wydajn\u0105 regulacj\u0119, u\u0142atwiaj\u0105c szybkie i precyzyjne pozycjonowanie sprz\u0119tu do wbijania pali.<\/li>\n<li><strong>Zwi\u0119kszone bezpiecze\u0144stwo:<\/strong> Wyposa\u017cone w mechanizmy bezpiecze\u0144stwa zapobiegaj\u0105ce nadmiernemu wyd\u0142u\u017ceniu i gwarantuj\u0105ce bezpieczn\u0105 prac\u0119, przyczyniaj\u0105 si\u0119 do og\u00f3lnego bezpiecze\u0144stwa operacji wbijania pali.<\/li>\n<li><strong>Wszechstronne zastosowanie:<\/strong> Ten si\u0142ownik wychylny, odpowiedni do r\u00f3\u017cnych typ\u00f3w barek do wbijania pali, mo\u017ce by\u0107 dostosowany do r\u00f3\u017cnych potrzeb operacyjnych, dzi\u0119ki czemu idealnie nadaje si\u0119 do r\u00f3\u017cnych projekt\u00f3w budownictwa morskiego.<\/li>\n<li><strong>Niskie wymagania konserwacyjne:<\/strong> Zaprojektowano je z my\u015bl\u0105 o minimalnym zu\u017cyciu i uszkodzeniu, co zmniejsza potrzeb\u0119 cz\u0119stej konserwacji, przyczyniaj\u0105c si\u0119 do zwi\u0119kszenia wydajno\u015bci i obni\u017cenia koszt\u00f3w operacyjnych.<\/li>\n<\/ul>\n<p>Si\u0142ownik do wbijania pali w kad\u0142ubie barki jest niezb\u0119dny do optymalizacji dzia\u0142ania operacji wbijania pali, znacznie zwi\u0119kszaj\u0105c wydajno\u015b\u0107 i efektywno\u015b\u0107 prac fundamentowych oraz projekt\u00f3w in\u017cynierii morskiej.<\/p>\n<h2>Cylinder luffingowy do wbijania pali na barce<\/h2>\n<p><img loading=\"lazy\" decoding=\"async\" class=\"size-full wp-image-753 aligncenter\" src=\"https:\/\/fmp-components.com\/wp-content\/uploads\/2024\/12\/Pile-Driving-Barge-Luffing-Cylinder-1.webp\" alt=\"Cylinder do wbijania pali w barce\" width=\"600\" height=\"600\" title=\"\" srcset=\"https:\/\/fmp-components.com\/wp-content\/uploads\/2024\/12\/Pile-Driving-Barge-Luffing-Cylinder-1.webp 600w, https:\/\/fmp-components.com\/wp-content\/uploads\/2024\/12\/Pile-Driving-Barge-Luffing-Cylinder-1-480x480.webp 480w\" sizes=\"(min-width: 0px) and (max-width: 480px) 480px, (min-width: 481px) 600px, 100vw\" \/><\/p>\n<table style=\"width: 97.7861%; height: 234px;\" border=\"1\" cellspacing=\"0\" cellpadding=\"0\">\n<tbody>\n<tr style=\"height: 23px;\">\n<td style=\"height: 23px; width: 12.6359%;\">Nazwa produktu<\/td>\n<td style=\"height: 23px; width: 110.054%;\">Cylinder luffingowy do wbijania pali na barce<\/td>\n<\/tr>\n<tr style=\"height: 47px;\">\n<td style=\"height: 47px; width: 12.6359%;\">Cechy:<\/td>\n<td style=\"height: 47px; width: 110.054%;\">obraca\u0107 ram\u0119 pala i przenosi\u0107 obci\u0105\u017cenie, a otrzymana si\u0142a zewn\u0119trzna jest nie tylko du\u017ca, ale r\u00f3wnie\u017c z\u0142o\u017cona<\/td>\n<\/tr>\n<tr style=\"height: 47px;\">\n<td style=\"height: 47px; width: 12.6359%;\">\u015arednica otworu:<\/td>\n<td style=\"height: 47px; width: 110.054%;\">Do 1400 mm<\/td>\n<\/tr>\n<tr style=\"height: 47px;\">\n<td style=\"height: 47px; width: 12.6359%;\">\u015arednica pr\u0119ta:<\/td>\n<td style=\"height: 47px; width: 110.054%;\">Do 900 mm<br \/>\nSkok do 15500mm<\/td>\n<\/tr>\n<tr style=\"height: 47px;\">\n<td style=\"height: 47px; width: 12.6359%;\">Si\u0142a ci\u0105gu:<\/td>\n<td style=\"height: 47px; width: 110.054%;\">28465 kN<br \/>\n(ci\u015bnienie 25MPa)<\/td>\n<\/tr>\n<tr style=\"height: 23px;\">\n<td style=\"height: 23px; width: 12.6359%;\">Zastosowania:<\/td>\n<td style=\"height: 23px; width: 110.054%;\">Platforma samopodno\u015bna offshore<\/td>\n<\/tr>\n<\/tbody>\n<\/table>\n<h2>Zastosowania cylindra luffingowego barki wbijaj\u0105cej pale<\/h2>\n<p>Cylinder do wbijania pali w barkach jest wykorzystywany w wielu projektach budownictwa morskiego i wbijania pali, odgrywaj\u0105c kluczow\u0105 rol\u0119 w zapewnieniu stabilno\u015bci i bezpiecze\u0144stwa r\u00f3\u017cnych konstrukcji. Oto kilka kluczowych zastosowa\u0144:<\/p>\n<p>W budownictwie mostowym cylindry wysi\u0119gnikowe s\u0105 niezb\u0119dne do wbijania pali w dno rzeki lub morza, tworz\u0105c solidne fundamenty dla filar\u00f3w i przycz\u00f3\u0142k\u00f3w mostowych. Proces ten ma kluczowe znaczenie dla zapewnienia integralno\u015bci konstrukcji mostu.<\/p>\n<p>W przypadku budowy nabrze\u017cy i mol, cylindry te u\u0142atwiaj\u0105 monta\u017c pali, kt\u00f3re tworz\u0105 stabilne fundamenty dla nabrze\u017cy, mol i innych konstrukcji nabrze\u017cnych. Dzi\u0119ki solidnemu zakotwiczeniu tych fundament\u00f3w, mog\u0105 one przenosi\u0107 obci\u0105\u017cenia wywierane przez statki i sprz\u0119t prze\u0142adunkowy.<\/p>\n<p>W budowie morskich farm wiatrowych, cylindry wychylne s\u0142u\u017c\u0105 do monta\u017cu fundament\u00f3w monopalowych dla turbin wiatrowych. Ich precyzyjne pozycjonowanie pozwala na precyzyjne wbijanie pali w dno morskie, zapewniaj\u0105c stabilne oparcie dla turbin.<\/p>\n<p>Podczas budowy nabrze\u017cy i konstrukcji typu delfin, kt\u00f3re s\u0105 kluczowe dla cumowania statk\u00f3w i ochrony port\u00f3w, do wbijania pali w wod\u0119 lub dno morskie stosuje si\u0119 cylindry luffingowe. Pozwala to na stworzenie trwa\u0142ych fundament\u00f3w, kt\u00f3re wytrzymuj\u0105 si\u0142y wywierane przez wod\u0119 i statki.<\/p>\n<p>W budowie platform wiertniczych i gazowych, cylindry wychylne odgrywaj\u0105 kluczow\u0105 rol\u0119 w wbijaniu pali w dno morskie, tworz\u0105c fundament pod konstrukcj\u0119 no\u015bn\u0105 platformy. Zapewnia to stabilno\u015b\u0107 i bezpiecze\u0144stwo platformy w trudnych warunkach morskich.<\/p>\n<p>Ponadto, w projektach rozbudowy i pog\u0142\u0119biania port\u00f3w, cylindry wysuwane u\u0142atwiaj\u0105 instalacj\u0119 nowych pali lub wymian\u0119 istniej\u0105cych. Jest to niezb\u0119dne do modernizacji infrastruktury, aby umo\u017cliwi\u0107 obs\u0142ug\u0119 wi\u0119kszych statk\u00f3w, zwi\u0119kszenia przepustowo\u015bci portu i usprawnienia kana\u0142\u00f3w nawigacyjnych.<\/p>\n<p>Og\u00f3lnie rzecz bior\u0105c, wszechstronno\u015b\u0107 i skuteczno\u015b\u0107 cylindra do wbijania pali w bark\u0119 sprawiaj\u0105, \u017ce jest to niezast\u0105pione narz\u0119dzie w r\u00f3\u017cnych zastosowaniach w budownictwie morskim.<\/p>\n<p><img loading=\"lazy\" decoding=\"async\" class=\"alignnone wp-image-752\" src=\"https:\/\/fmp-components.com\/wp-content\/uploads\/2024\/12\/Pile-Driving-Barge-Luffing-Cylinder.webp\" alt=\"Cylinder luffingowy do wbijania pali na barce\" width=\"955\" height=\"480\" title=\"\" srcset=\"https:\/\/fmp-components.com\/wp-content\/uploads\/2024\/12\/Pile-Driving-Barge-Luffing-Cylinder.webp 955w, https:\/\/fmp-components.com\/wp-content\/uploads\/2024\/12\/Pile-Driving-Barge-Luffing-Cylinder-480x241.webp 480w\" sizes=\"(min-width: 0px) and (max-width: 480px) 480px, (min-width: 481px) 955px, 100vw\" \/><\/p>\n<h3>O FMP<\/h3>\n<p>FMP to wyspecjalizowana firma produkcyjna specjalizuj\u0105ca si\u0119 w produkcji si\u0142ownik\u00f3w hydraulicznych. Od momentu powstania firma koncentruje si\u0119 na badaniach i produkcji w dziedzinie technologii hydraulicznych, z powodzeniem przechodz\u0105c od zr\u00f3\u017cnicowanego asortymentu produkt\u00f3w, obejmuj\u0105cego maszyny do zbior\u00f3w i maszyny budowlane, do specjalizacji w produkcji podzespo\u0142\u00f3w do ci\u0105gnik\u00f3w rolniczych. Dzi\u0119ki ponad dziesi\u0119cioletniemu do\u015bwiadczeniu w produkcji i zarz\u0105dzaniu, FMP gwarantuje wysok\u0105 jako\u015b\u0107 produkt\u00f3w dzi\u0119ki zaawansowanym technikom produkcyjnym.<\/p>\n<p>Wraz z rozwojem firmy, rozwin\u0119li\u015bmy kompleksow\u0105 lini\u0119 produkcyjn\u0105 do obr\u00f3bki mechanicznej, lini\u0119 monta\u017cow\u0105 oraz lini\u0119 do powlekania. Nasz zesp\u00f3\u0142 sk\u0142ada si\u0119 z wykwalifikowanej kadry kierowniczej, do\u015bwiadczonych projektant\u00f3w mechanik\u00f3w oraz wysoko wykwalifikowanych technik\u00f3w, kt\u00f3rzy wsp\u00f3lnie dbaj\u0105 o utrzymanie stabilnej jako\u015bci produkcji, jednocze\u015bnie skutecznie kontroluj\u0105c ci\u0105g\u0142o\u015b\u0107 i wydajno\u015b\u0107 procesu.<\/p>\n<p>FMP wyznaje filozofi\u0119 \u201eInnowacje technologiczne nap\u0119dzaj\u0105 post\u0119p, jako\u015b\u0107 tworzy marki, rzemios\u0142o zapewnia jako\u015b\u0107 i buduje d\u0142ugoterminowe relacje korzystne dla obu stron\u201d. Nasze zaanga\u017cowanie w dostarczanie wysokiej jako\u015bci produkt\u00f3w i \u015bwiadczenie najwy\u017cszej jako\u015bci obs\u0142ugi klienta pozostaje naszym kluczowym celem, poniewa\u017c wci\u0105\u017c staramy si\u0119 sprosta\u0107 zmieniaj\u0105cym si\u0119 potrzebom rynku.<\/p>\n<p><img loading=\"lazy\" decoding=\"async\" class=\"alignnone size-full wp-image-426\" src=\"https:\/\/fmp-components.com\/wp-content\/uploads\/2024\/12\/Sanitation-Machinery-Locking-Hydraulic-Cylinder-factory.webp\" sizes=\"(min-width: 0px) and (max-width: 480px) 480px, (min-width: 481px) and (max-width: 980px) 980px, (min-width: 981px) and (max-width: 1280px) 1280px, (min-width: 1281px) 1414px, 100vw\" srcset=\"https:\/\/fmp-components.com\/wp-content\/uploads\/2024\/12\/Sanitation-Machinery-Locking-Hydraulic-Cylinder-factory.webp 1414w, https:\/\/fmp-components.com\/wp-content\/uploads\/2024\/12\/Sanitation-Machinery-Locking-Hydraulic-Cylinder-factory-1280x529.webp 1280w, https:\/\/fmp-components.com\/wp-content\/uploads\/2024\/12\/Sanitation-Machinery-Locking-Hydraulic-Cylinder-factory-980x405.webp 980w, https:\/\/fmp-components.com\/wp-content\/uploads\/2024\/12\/Sanitation-Machinery-Locking-Hydraulic-Cylinder-factory-480x198.webp 480w\" alt=\"Sanitacja-Maszyny-Blokady-Hydrauliczne-Fabryka-Cylinder\u00f3w\" width=\"1414\" height=\"584\" title=\"\"><\/p>\n<p>Autor: CX<\/p>","protected":false},"excerpt":{"rendered":"<p>Si\u0142ownik wychylenia barki do wbijania pali to kluczowy element hydrauliczny, zaprojektowany w celu u\u0142atwienia ruchu wychylenia ramienia d\u017awigu na barkach do wbijania pali. Si\u0142ownik ten zapewnia niezb\u0119dn\u0105 si\u0142\u0119 do podnoszenia i opuszczania ramienia, umo\u017cliwiaj\u0105c precyzyjne pozycjonowanie kafara podczas prac instalacyjnych. Wykonany z materia\u0142\u00f3w o wysokiej wytrzyma\u0142o\u015bci, zosta\u0142 zaprojektowany tak, aby sprosta\u0107 wymagaj\u0105cym warunkom panuj\u0105cym w \u015brodowisku morskim, gwarantuj\u0105c trwa\u0142o\u015b\u0107 i niezawodno\u015b\u0107 nawet przy wysokim ci\u015bnieniu. P\u0142ynne dzia\u0142anie hydrauliczne umo\u017cliwia szybk\u0105 regulacj\u0119, zwi\u0119kszaj\u0105c wydajno\u015b\u0107 operacyjn\u0105 i bezpiecze\u0144stwo podczas wbijania pali. Ten si\u0142ownik wychylenia jest niezb\u0119dny do optymalizacji pracy barek do wbijania pali, znacz\u0105co przyczyniaj\u0105c si\u0119 do efektywnego fundamentowania i realizacji projekt\u00f3w in\u017cynierii morskiej.<\/p>","protected":false},"featured_media":753,"comment_status":"open","ping_status":"closed","template":"","meta":{"_et_pb_use_builder":"","_et_pb_old_content":"","_et_gb_content_width":""},"product_brand":[],"product_cat":[28],"product_tag":[],"class_list":{"0":"post-751","1":"product","2":"type-product","3":"status-publish","4":"has-post-thumbnail","6":"product_cat-offshore-hydraulic-cylinders","8":"first","9":"instock","10":"shipping-taxable","11":"product-type-simple"},"_links":{"self":[{"href":"https:\/\/fmp-components.com\/pl\/wp-json\/wp\/v2\/product\/751","targetHints":{"allow":["GET"]}}],"collection":[{"href":"https:\/\/fmp-components.com\/pl\/wp-json\/wp\/v2\/product"}],"about":[{"href":"https:\/\/fmp-components.com\/pl\/wp-json\/wp\/v2\/types\/product"}],"replies":[{"embeddable":true,"href":"https:\/\/fmp-components.com\/pl\/wp-json\/wp\/v2\/comments?post=751"}],"wp:featuredmedia":[{"embeddable":true,"href":"https:\/\/fmp-components.com\/pl\/wp-json\/wp\/v2\/media\/753"}],"wp:attachment":[{"href":"https:\/\/fmp-components.com\/pl\/wp-json\/wp\/v2\/media?parent=751"}],"wp:term":[{"taxonomy":"product_brand","embeddable":true,"href":"https:\/\/fmp-components.com\/pl\/wp-json\/wp\/v2\/product_brand?post=751"},{"taxonomy":"product_cat","embeddable":true,"href":"https:\/\/fmp-components.com\/pl\/wp-json\/wp\/v2\/product_cat?post=751"},{"taxonomy":"product_tag","embeddable":true,"href":"https:\/\/fmp-components.com\/pl\/wp-json\/wp\/v2\/product_tag?post=751"}],"curies":[{"name":"wp","href":"https:\/\/api.w.org\/{rel}","templated":true}]}}