{"id":7460,"date":"2025-03-26T08:31:31","date_gmt":"2025-03-26T08:31:31","guid":{"rendered":"https:\/\/fmp-components.com\/?post_type=product&#038;p=7460"},"modified":"2025-03-26T08:38:13","modified_gmt":"2025-03-26T08:38:13","slug":"spur-gears-european-standard","status":"publish","type":"product","link":"https:\/\/fmp-components.com\/pl\/product\/spur-gears-european-standard\/","title":{"rendered":"Przek\u0142adnie walcowe (norma europejska)"},"content":{"rendered":"<div>\n<h3>Wysokiej jako\u015bci ko\u0142a z\u0119bate walcowe (norma europejska) firmy FMP<\/h3>\n<p class=\"break-words\">FMP to wiod\u0105cy w\u0142oski producent przek\u0142adni z\u0119batych walcowych (standard europejski), oferuj\u0105cy szerok\u0105 gam\u0119 przek\u0142adni walcowych zaprojektowanych z my\u015bl\u0105 o potrzebach r\u00f3\u017cnych bran\u017c. Nasze przek\u0142adnie walcowe s\u0105 zgodne z normami europejskimi, takimi jak norma DIN, co gwarantuje wyj\u0105tkow\u0105 precyzj\u0119 i niezawodno\u015b\u0107. Niezale\u017cnie od tego, czy dzia\u0142asz w sektorze in\u017cynierii mechanicznej, motoryzacyjnym, czy lotniczym, FMP dostarcza produkty najwy\u017cszej jako\u015bci, dopasowane do Twoich potrzeb. Opr\u00f3cz naszej standardowej oferty, specjalizujemy si\u0119 w niestandardowych rozwi\u0105zaniach przek\u0142adni walcowych. Je\u015bli nie znajdziesz konkretnego modelu na naszej li\u015bcie produkt\u00f3w, nie martw si\u0119 \u2013 oznacza to po prostu, \u017ce jeszcze go nie opublikowali\u015bmy. Skontaktuj si\u0119 z nami mailowo, podaj\u0105c swoje wymagania, a nasi wykwalifikowani in\u017cynierowie odpowiedz\u0105 i przedstawi\u0105 profesjonalne rozwi\u0105zanie w ci\u0105gu 24 godzin.<\/p>\n<h3>Specyfikacja<\/h3>\n<\/div>\n<p><img loading=\"lazy\" decoding=\"async\" class=\"size-full wp-image-7461 aligncenter\" src=\"https:\/\/fmp-components.com\/wp-content\/uploads\/2025\/03\/hex5.webp\" alt=\"Przek\u0142adnie walcowe (norma europejska)\" width=\"664\" height=\"934\" title=\"\" srcset=\"https:\/\/fmp-components.com\/wp-content\/uploads\/2025\/03\/hex5.webp 664w, https:\/\/fmp-components.com\/wp-content\/uploads\/2025\/03\/hex5-480x675.webp 480w\" sizes=\"(min-width: 0px) and (max-width: 480px) 480px, (min-width: 481px) 664px, 100vw\" \/> <img loading=\"lazy\" decoding=\"async\" class=\"size-full wp-image-7462 aligncenter\" src=\"https:\/\/fmp-components.com\/wp-content\/uploads\/2025\/03\/hex5-1.webp\" alt=\"Przek\u0142adnie walcowe (norma europejska)\" width=\"664\" height=\"918\" title=\"\" srcset=\"https:\/\/fmp-components.com\/wp-content\/uploads\/2025\/03\/hex5-1.webp 664w, https:\/\/fmp-components.com\/wp-content\/uploads\/2025\/03\/hex5-1-480x664.webp 480w\" sizes=\"(min-width: 0px) and (max-width: 480px) 480px, (min-width: 481px) 664px, 100vw\" \/><\/p>\n<div>\n<h3>Obs\u0142ugujemy W\u0142ochy, wykorzystuj\u0105c lokaln\u0105 wiedz\u0119 specjalistyczn\u0105<\/h3>\n<p class=\"break-words\">Nasze produkty ciesz\u0105 si\u0119 zaufaniem we W\u0142oszech i na ca\u0142ym \u015bwiecie, zapewniaj\u0105c firmom wysokiej jako\u015bci rozwi\u0105zania sprz\u0119towe, kt\u00f3re pomagaj\u0105 im odnie\u015b\u0107 sukces. Wybieraj\u0105c FMP, wsp\u00f3\u0142pracujesz z w\u0142osk\u0105 firm\u0105 d\u0105\u017c\u0105c\u0105 do doskona\u0142o\u015bci, oferuj\u0105c\u0105 produkty standardowe i niestandardowe. <a href=\"https:\/\/fmp-components.com\/pl\/spur-gear-2\/\">ko\u0142a z\u0119bate walcowe<\/a> Aby usprawni\u0107 dzia\u0142anie Twojej firmy. Skontaktuj si\u0119 z nami ju\u017c dzi\u015b i pozw\u00f3l nam pom\u00f3c Twojej firmie prosperowa\u0107 dzi\u0119ki naszemu do\u015bwiadczeniu w zakresie przek\u0142adni z\u0119batych walcowych (normy europejskie)!<\/p>\n<\/div>","protected":false},"excerpt":{"rendered":"<p>High-Quality Spur Gears (European Standard) by FMP FMP is a leading Italian manufacturer of Spur Gears (European Standard), offering a wide range of spur gears designed to meet the needs of various industries. Our spur gears comply with European standards, such as the DIN standard, ensuring exceptional precision and reliability. Whether you\u2019re in mechanical engineering, [&hellip;]<\/p>","protected":false},"featured_media":7463,"comment_status":"open","ping_status":"closed","template":"","meta":{"_et_pb_use_builder":"","_et_pb_old_content":"","_et_gb_content_width":""},"product_brand":[],"product_cat":[109],"product_tag":[],"class_list":{"0":"post-7460","1":"product","2":"type-product","3":"status-publish","4":"has-post-thumbnail","6":"product_cat-spur-gear","8":"first","9":"instock","10":"shipping-taxable","11":"product-type-simple"},"_links":{"self":[{"href":"https:\/\/fmp-components.com\/pl\/wp-json\/wp\/v2\/product\/7460","targetHints":{"allow":["GET"]}}],"collection":[{"href":"https:\/\/fmp-components.com\/pl\/wp-json\/wp\/v2\/product"}],"about":[{"href":"https:\/\/fmp-components.com\/pl\/wp-json\/wp\/v2\/types\/product"}],"replies":[{"embeddable":true,"href":"https:\/\/fmp-components.com\/pl\/wp-json\/wp\/v2\/comments?post=7460"}],"wp:featuredmedia":[{"embeddable":true,"href":"https:\/\/fmp-components.com\/pl\/wp-json\/wp\/v2\/media\/7463"}],"wp:attachment":[{"href":"https:\/\/fmp-components.com\/pl\/wp-json\/wp\/v2\/media?parent=7460"}],"wp:term":[{"taxonomy":"product_brand","embeddable":true,"href":"https:\/\/fmp-components.com\/pl\/wp-json\/wp\/v2\/product_brand?post=7460"},{"taxonomy":"product_cat","embeddable":true,"href":"https:\/\/fmp-components.com\/pl\/wp-json\/wp\/v2\/product_cat?post=7460"},{"taxonomy":"product_tag","embeddable":true,"href":"https:\/\/fmp-components.com\/pl\/wp-json\/wp\/v2\/product_tag?post=7460"}],"curies":[{"name":"wp","href":"https:\/\/api.w.org\/{rel}","templated":true}]}}