{"id":7451,"date":"2025-03-26T07:59:56","date_gmt":"2025-03-26T07:59:56","guid":{"rendered":"https:\/\/fmp-components.com\/?post_type=product&#038;p=7451"},"modified":"2025-03-26T08:37:56","modified_gmt":"2025-03-26T08:37:56","slug":"plastic-spur-gears","status":"publish","type":"product","link":"https:\/\/fmp-components.com\/pl\/product\/plastic-spur-gears\/","title":{"rendered":"Plastikowe ko\u0142a z\u0119bate walcowe"},"content":{"rendered":"<h2>Ko\u0142a z\u0119bate walcowe z tworzywa sztucznego: jako\u015b\u0107 i personalizacja<\/h2>\n<p class=\"break-words\">Plastikowe ko\u0142a z\u0119bate walcowe to kluczowe elementy nowoczesnych maszyn, odgrywaj\u0105ce kluczow\u0105 rol\u0119 w takich bran\u017cach jak motoryzacja, elektronika i sprz\u0119t medyczny. Te lekkie i wytrzyma\u0142e ko\u0142a z\u0119bate zosta\u0142y zaprojektowane z my\u015bl\u0105 o efektywnym przenoszeniu ruchu, redukuj\u0105c jednocze\u015bnie ha\u0142as i zu\u017cycie. W FMP jeste\u015bmy dumni z bycia wiod\u0105cym producentem plastikowych k\u00f3\u0142 z\u0119batych. <a href=\"https:\/\/fmp-components.com\/pl\/spur-gear-2\/\">Przek\u0142adnie walcowe<\/a>, oferuj\u0105c szeroki wachlarz standardowych opcji i rozwi\u0105za\u0144 dostosowanych do indywidualnych potrzeb. Niezale\u017cnie od tego, czy Twoja siedziba znajduje si\u0119 w Mediolanie, Wenecji, Florencji czy Bolonii, FMP jest Twoim zaufanym partnerem w zakresie wysokiej jako\u015bci rozwi\u0105za\u0144 przek\u0142adniowych.<\/p>\n<table style=\"border-collapse: collapse; width: 98.5%; height: 51px;\" border=\"0\" width=\"240\" cellspacing=\"0\" cellpadding=\"0\">\n<tbody>\n<tr style=\"height: 14.40pt;\">\n<td style=\"height: 14.40pt; width: 48.00pt;\" align=\"right\" width=\"80\" height=\"24\">\u00a0\u00a0<img loading=\"lazy\" decoding=\"async\" class=\"size-full wp-image-7456 aligncenter\" src=\"https:\/\/fmp-components.com\/wp-content\/uploads\/2025\/03\/plastic-spur-gear-5_1.webp\" alt=\"plastikowe ko\u0142o z\u0119bate walcowe\" width=\"600\" height=\"600\" title=\"\" srcset=\"https:\/\/fmp-components.com\/wp-content\/uploads\/2025\/03\/plastic-spur-gear-5_1.webp 600w, https:\/\/fmp-components.com\/wp-content\/uploads\/2025\/03\/plastic-spur-gear-5_1-480x480.webp 480w\" sizes=\"(min-width: 0px) and (max-width: 480px) 480px, (min-width: 481px) 600px, 100vw\" \/><\/td>\n<td style=\"width: 48.00pt;\" align=\"right\" width=\"80\"><img loading=\"lazy\" decoding=\"async\" class=\"size-full wp-image-7457 aligncenter\" src=\"https:\/\/fmp-components.com\/wp-content\/uploads\/2025\/03\/plastic-spur-gear-4_1.webp\" alt=\"plastikowe ko\u0142o z\u0119bate walcowe\" width=\"800\" height=\"800\" title=\"\" srcset=\"https:\/\/fmp-components.com\/wp-content\/uploads\/2025\/03\/plastic-spur-gear-4_1.webp 800w, https:\/\/fmp-components.com\/wp-content\/uploads\/2025\/03\/plastic-spur-gear-4_1-480x480.webp 480w\" sizes=\"(min-width: 0px) and (max-width: 480px) 480px, (min-width: 481px) 800px, 100vw\" \/><\/td>\n<td style=\"width: 48.00pt;\" align=\"right\" width=\"80\"><img loading=\"lazy\" decoding=\"async\" class=\"size-full wp-image-7458 aligncenter\" src=\"https:\/\/fmp-components.com\/wp-content\/uploads\/2025\/03\/plastic-spur-gear-3.webp\" alt=\"plastikowe ko\u0142o z\u0119bate walcowe\" width=\"600\" height=\"600\" title=\"\" srcset=\"https:\/\/fmp-components.com\/wp-content\/uploads\/2025\/03\/plastic-spur-gear-3.webp 600w, https:\/\/fmp-components.com\/wp-content\/uploads\/2025\/03\/plastic-spur-gear-3-480x480.webp 480w\" sizes=\"(min-width: 0px) and (max-width: 480px) 480px, (min-width: 481px) 600px, 100vw\" \/><\/td>\n<\/tr>\n<\/tbody>\n<\/table>\n<h3>FMP: Tw\u00f3j ekspert w produkcji przek\u0142adni z\u0119batych czo\u0142owych z tworzyw sztucznych<\/h3>\n<p class=\"break-words\">FMP to profesjonalny producent specjalizuj\u0105cy si\u0119 w produkcji plastikowych k\u00f3\u0142 z\u0119batych walcowych. Dzi\u0119ki najnowocze\u015bniejszej technologii i wykwalifikowanemu zespo\u0142owi in\u017cynier\u00f3w dostarczamy produkty spe\u0142niaj\u0105ce rygorystyczne standardy jako\u015bci. Nasze zaanga\u017cowanie w d\u0105\u017cenie do doskona\u0142o\u015bci czyni nas preferowanym dostawc\u0105 dla firm we W\u0142oszech i za granic\u0105.<\/p>\n<div>\n<h3>Cechy plastikowych k\u00f3\u0142 z\u0119batych czo\u0142owych FMP<\/h3>\n<p class=\"break-words\">Nasze plastikowe ko\u0142a z\u0119bate walcowe s\u0105 wykonane z najwy\u017cszej jako\u015bci materia\u0142\u00f3w, co zapewnia im wyra\u017an\u0105 przewag\u0119 nad tradycyjnymi metalowymi odpowiednikami. Oto, co wyr\u00f3\u017cnia nasze produkty:<\/p>\n<ul class=\"marker:text-secondary\">\n<li class=\"break-words\"><strong>Trwa\u0142o\u015b\u0107<\/strong>:Zaprojektowane tak, aby by\u0142y odporne na zu\u017cycie, gwarantuj\u0105c d\u0142ugoterminow\u0105 niezawodno\u015b\u0107 nawet w wymagaj\u0105cych warunkach.<\/li>\n<li class=\"break-words\"><strong>Lekka konstrukcja<\/strong>:Doskona\u0142y do \u200b\u200bzastosowa\u0144, w kt\u00f3rych istotne jest zmniejszenie masy, np. w urz\u0105dzeniach przeno\u015bnych lub pojazdach.<\/li>\n<li class=\"break-words\"><strong>Praca o niskim poziomie ha\u0142asu<\/strong>:Minimalizuje poziom ha\u0142asu, dzi\u0119ki czemu idealnie nadaje si\u0119 do pomieszcze\u0144 wra\u017cliwych na ha\u0142as, takich jak plac\u00f3wki medyczne lub biura.<\/li>\n<li class=\"break-words\"><strong>Odporno\u015b\u0107 na korozj\u0119<\/strong>:W przeciwie\u0144stwie do k\u00f3\u0142 z\u0119batych metalowych, nasze ko\u0142a z\u0119bate z tworzywa sztucznego s\u0105 odporne na rdz\u0119 i degradacj\u0119, zapewniaj\u0105c doskona\u0142\u0105 wydajno\u015b\u0107 w trudnych warunkach.<\/li>\n<\/ul>\n<p class=\"break-words\">Produkujemy r\u00f3\u017cne rodzaje przek\u0142adni z\u0119batych z tworzyw sztucznych dostosowanych do r\u00f3\u017cnych zastosowa\u0144, od modeli standardowych po specjalistyczne konstrukcje o zwi\u0119kszonej wytrzyma\u0142o\u015bci lub wyj\u0105tkowych specyfikacjach.<\/p>\n<div>\n<h2>Niestandardowe plastikowe ko\u0142a z\u0119bate walcowe dopasowane do Twoich potrzeb<\/h2>\n<p class=\"break-words\">W FMP rozumiemy, \u017ce gotowe rozwi\u0105zania nie zawsze pasuj\u0105 do ka\u017cdego projektu. Dlatego oferujemy kompleksowe us\u0142ugi personalizacji. Niezale\u017cnie od tego, czy potrzebujesz konkretnego rozmiaru, materia\u0142u czy konfiguracji, nasz zesp\u00f3\u0142 jest w stanie zaprojektowa\u0107 i wyprodukowa\u0107 plastikowe ko\u0142a z\u0119bate walcowe zgodnie z Twoimi dok\u0142adnymi specyfikacjami.<\/p>\n<p class=\"break-words\">Je\u015bli nie widzisz modelu, kt\u00f3rego potrzebujesz, na naszej li\u015bcie produkt\u00f3w, nie martw si\u0119 \u2013 mo\u017ce to po prostu oznacza\u0107, \u017ce nie mieli\u015bmy okazji zaktualizowa\u0107 naszego katalogu. Skontaktuj si\u0119 z nami mailowo pod adresem <a href=\"mailto:info@fmpcomponents.it\">info@fmpcomponents.it<\/a>\u00a0ze szczeg\u00f3\u0142ami Twoich wymaga\u0144. Nasi in\u017cynierowie odpowiedz\u0105 w ci\u0105gu 24 godzin, zapewniaj\u0105c fachowe doradztwo i dostosowuj\u0105c rozwi\u0105zanie do Twoich potrzeb.<\/p>\n<table style=\"border-collapse: collapse; width: 98.5%; height: 41px;\" border=\"0\" width=\"240\" cellspacing=\"0\" cellpadding=\"0\">\n<tbody>\n<tr style=\"height: 14.40pt;\">\n<td style=\"height: 14.40pt; width: 48.00pt;\" align=\"right\" width=\"80\" height=\"24\"><img loading=\"lazy\" decoding=\"async\" class=\"size-full wp-image-7455 aligncenter\" src=\"https:\/\/fmp-components.com\/wp-content\/uploads\/2025\/03\/plastic-spur-gear-6_1.webp\" alt=\"plastikowe ko\u0142o z\u0119bate walcowe\" width=\"600\" height=\"600\" title=\"\" srcset=\"https:\/\/fmp-components.com\/wp-content\/uploads\/2025\/03\/plastic-spur-gear-6_1.webp 600w, https:\/\/fmp-components.com\/wp-content\/uploads\/2025\/03\/plastic-spur-gear-6_1-480x480.webp 480w\" sizes=\"(min-width: 0px) and (max-width: 480px) 480px, (min-width: 481px) 600px, 100vw\" \/><\/td>\n<td style=\"width: 48.00pt;\" align=\"right\" width=\"80\"><img loading=\"lazy\" decoding=\"async\" class=\"alignnone size-full wp-image-7459\" src=\"https:\/\/fmp-components.com\/wp-content\/uploads\/2025\/03\/plastic-spur-gear-2.webp\" alt=\"plastikowe ko\u0142o z\u0119bate walcowe\" width=\"720\" height=\"720\" title=\"\" srcset=\"https:\/\/fmp-components.com\/wp-content\/uploads\/2025\/03\/plastic-spur-gear-2.webp 720w, https:\/\/fmp-components.com\/wp-content\/uploads\/2025\/03\/plastic-spur-gear-2-480x480.webp 480w\" sizes=\"(min-width: 0px) and (max-width: 480px) 480px, (min-width: 481px) 720px, 100vw\" \/><\/td>\n<td style=\"width: 48.00pt;\" align=\"right\" width=\"80\"><img loading=\"lazy\" decoding=\"async\" class=\"alignnone size-full wp-image-7454\" src=\"https:\/\/fmp-components.com\/wp-content\/uploads\/2025\/03\/plastic-spur-gear-7.webp\" alt=\"plastikowe ko\u0142o z\u0119bate walcowe\" width=\"600\" height=\"600\" title=\"\" srcset=\"https:\/\/fmp-components.com\/wp-content\/uploads\/2025\/03\/plastic-spur-gear-7.webp 600w, https:\/\/fmp-components.com\/wp-content\/uploads\/2025\/03\/plastic-spur-gear-7-480x480.webp 480w\" sizes=\"(min-width: 0px) and (max-width: 480px) 480px, (min-width: 481px) 600px, 100vw\" \/><\/td>\n<\/tr>\n<\/tbody>\n<\/table>\n<\/div>\n<\/div>","protected":false},"excerpt":{"rendered":"<p>Plastic Spur Gears: Quality and Customization Plastic Spur Gears are vital components in modern machinery, playing a key role in industries such as automotive, electronics, and medical equipment. These lightweight, durable gears are designed to transmit motion efficiently while reducing noise and wear. At FMP, we take pride in being a leading manufacturer of Plastic [&hellip;]<\/p>","protected":false},"featured_media":7452,"comment_status":"open","ping_status":"closed","template":"","meta":{"_et_pb_use_builder":"","_et_pb_old_content":"","_et_gb_content_width":""},"product_brand":[],"product_cat":[109],"product_tag":[],"class_list":{"0":"post-7451","1":"product","2":"type-product","3":"status-publish","4":"has-post-thumbnail","6":"product_cat-spur-gear","8":"first","9":"instock","10":"shipping-taxable","11":"product-type-simple"},"_links":{"self":[{"href":"https:\/\/fmp-components.com\/pl\/wp-json\/wp\/v2\/product\/7451","targetHints":{"allow":["GET"]}}],"collection":[{"href":"https:\/\/fmp-components.com\/pl\/wp-json\/wp\/v2\/product"}],"about":[{"href":"https:\/\/fmp-components.com\/pl\/wp-json\/wp\/v2\/types\/product"}],"replies":[{"embeddable":true,"href":"https:\/\/fmp-components.com\/pl\/wp-json\/wp\/v2\/comments?post=7451"}],"wp:featuredmedia":[{"embeddable":true,"href":"https:\/\/fmp-components.com\/pl\/wp-json\/wp\/v2\/media\/7452"}],"wp:attachment":[{"href":"https:\/\/fmp-components.com\/pl\/wp-json\/wp\/v2\/media?parent=7451"}],"wp:term":[{"taxonomy":"product_brand","embeddable":true,"href":"https:\/\/fmp-components.com\/pl\/wp-json\/wp\/v2\/product_brand?post=7451"},{"taxonomy":"product_cat","embeddable":true,"href":"https:\/\/fmp-components.com\/pl\/wp-json\/wp\/v2\/product_cat?post=7451"},{"taxonomy":"product_tag","embeddable":true,"href":"https:\/\/fmp-components.com\/pl\/wp-json\/wp\/v2\/product_tag?post=7451"}],"curies":[{"name":"wp","href":"https:\/\/api.w.org\/{rel}","templated":true}]}}