{"id":744,"date":"2024-12-18T05:28:55","date_gmt":"2024-12-18T05:28:55","guid":{"rendered":"https:\/\/fmp-components.com\/?page_id=8"},"modified":"2024-12-18T05:32:12","modified_gmt":"2024-12-18T05:32:12","slug":"drilling-platform-steel-wire-rope-tensioner-cylinder","status":"publish","type":"product","link":"https:\/\/fmp-components.com\/pl\/product\/drilling-platform-steel-wire-rope-tensioner-cylinder\/","title":{"rendered":"Si\u0142ownik napinacza liny stalowej platformy wiertniczej"},"content":{"rendered":"<p style=\"text-align: center;\"><span style=\"font-size: 18pt;\">Si\u0142ownik napinacza liny stalowej platformy wiertniczej<\/span><\/p>\n<p>Si\u0142ownik napinacza liny stalowej platformy wiertniczej to niezb\u0119dny element hydrauliczny, zaprojektowany w celu zapewnienia optymalnego naci\u0105gu lin stalowych u\u017cywanych w wiertnictwie. Si\u0142ownik ten odgrywa kluczow\u0105 rol\u0119 w utrzymaniu bezpiecze\u0144stwa i wydajno\u015bci operacji wiertniczych, zapewniaj\u0105c niezb\u0119dn\u0105 si\u0142\u0119 do regulacji i stabilizacji naci\u0105gu liny, co jest kluczowe dla prawid\u0142owego funkcjonowania sprz\u0119tu wiertniczego.<\/p>\n<p><img loading=\"lazy\" decoding=\"async\" class=\"alignnone size-full wp-image-745\" src=\"https:\/\/fmp-components.com\/wp-content\/uploads\/2024\/12\/Drilling-Platform-Steel-Wire-Rope-Tensioner-Cylinder.webp\" alt=\"Platforma wiertnicza-napinacz-cylinder-stalowej-liny-drutowej\" width=\"1024\" height=\"607\" title=\"\" srcset=\"https:\/\/fmp-components.com\/wp-content\/uploads\/2024\/12\/Drilling-Platform-Steel-Wire-Rope-Tensioner-Cylinder.webp 1024w, https:\/\/fmp-components.com\/wp-content\/uploads\/2024\/12\/Drilling-Platform-Steel-Wire-Rope-Tensioner-Cylinder-980x581.webp 980w, https:\/\/fmp-components.com\/wp-content\/uploads\/2024\/12\/Drilling-Platform-Steel-Wire-Rope-Tensioner-Cylinder-480x285.webp 480w\" sizes=\"(min-width: 0px) and (max-width: 480px) 480px, (min-width: 481px) and (max-width: 980px) 980px, (min-width: 981px) 1024px, 100vw\" \/><\/p>\n<h4>G\u0142\u00f3wne cechy:<\/h4>\n<ul>\n<li><strong>Wysoka wytrzyma\u0142o\u015b\u0107 na rozci\u0105ganie:<\/strong> Zaprojektowany do obs\u0142ugi znacznych obci\u0105\u017ce\u0144, ten si\u0142ownik skutecznie reguluje napr\u0119\u017cenie lin stalowych, gwarantuj\u0105c stabiln\u0105 wydajno\u015b\u0107 w wymagaj\u0105cych warunkach.<\/li>\n<li><strong>Solidna konstrukcja:<\/strong> Wykonany z materia\u0142\u00f3w o wysokiej wytrzyma\u0142o\u015bci cylinder napinacza jest skonstruowany tak, aby wytrzyma\u0107 trudne warunki i wysokie ci\u015bnienia typowe dla operacji wiertniczych, zapewniaj\u0105c d\u0142ugotrwa\u0142\u0105 trwa\u0142o\u015b\u0107 i niezawodno\u015b\u0107.<\/li>\n<li><strong>P\u0142ynna praca:<\/strong> Nowoczesna konstrukcja hydrauliczna pozwala na p\u0142ynn\u0105 i precyzyjn\u0105 regulacj\u0119, u\u0142atwiaj\u0105c szybk\u0105 zmian\u0119 napr\u0119\u017cenia w razie potrzeby podczas wiercenia.<\/li>\n<li><strong>Mechanizmy bezpiecze\u0144stwa:<\/strong> Zawiera funkcje bezpiecze\u0144stwa zapobiegaj\u0105ce nadmiernemu napr\u0119\u017ceniu i gwarantuj\u0105ce bezpieczn\u0105 prac\u0119, zwi\u0119kszaj\u0105c og\u00f3lne bezpiecze\u0144stwo operacji wiertniczych.<\/li>\n<li><strong>Wszechstronne zastosowanie:<\/strong> Ten cylinder nadaje si\u0119 do r\u00f3\u017cnych platform wiertniczych i mo\u017ce by\u0107 dostosowany do r\u00f3\u017cnych potrzeb operacyjnych, co czyni go uniwersalnym wyborem do r\u00f3\u017cnych \u015brodowisk wiertniczych.<\/li>\n<li><strong>Niskie wymagania konserwacyjne:<\/strong> Zaprojektowane z my\u015bl\u0105 o minimalnym zu\u017cyciu, redukuje potrzeby konserwacyjne i przestoje operacyjne, przyczyniaj\u0105c si\u0119 do zwi\u0119kszenia wydajno\u015bci.<\/li>\n<\/ul>\n<p>Podsumowuj\u0105c, si\u0142ownik napinacza liny stalowej platformy wiertniczej jest niezb\u0119dny do optymalizacji wydajno\u015bci i bezpiecze\u0144stwa operacji wiertniczych, znacznie zwi\u0119kszaj\u0105c efektywno\u015b\u0107 i niezawodno\u015b\u0107 platform wiertniczych w terenie.<\/p>\n<h2>Si\u0142ownik napinacza liny stalowej platformy wiertniczej<\/h2>\n<p><img loading=\"lazy\" decoding=\"async\" class=\"size-full wp-image-749 aligncenter\" src=\"https:\/\/fmp-components.com\/wp-content\/uploads\/2024\/12\/Drilling-Platform-Steel-Wire-Rope-Tensioner-Cylinder-1-1.webp\" alt=\"Platforma wiertnicza-napinacz-cylinder-stalowej-liny-drutowej\" width=\"600\" height=\"600\" title=\"\" srcset=\"https:\/\/fmp-components.com\/wp-content\/uploads\/2024\/12\/Drilling-Platform-Steel-Wire-Rope-Tensioner-Cylinder-1-1.webp 600w, https:\/\/fmp-components.com\/wp-content\/uploads\/2024\/12\/Drilling-Platform-Steel-Wire-Rope-Tensioner-Cylinder-1-1-480x480.webp 480w\" sizes=\"(min-width: 0px) and (max-width: 480px) 480px, (min-width: 481px) 600px, 100vw\" \/><\/p>\n<table style=\"width: 96.3174%; height: 185px;\" border=\"1\" cellspacing=\"0\" cellpadding=\"0\">\n<tbody>\n<tr>\n<td>Nazwa produktu<\/td>\n<td>Si\u0142ownik napinacza liny stalowej platformy wiertniczej<\/td>\n<\/tr>\n<tr>\n<td>Cechy:<\/td>\n<td>Zapewnia si\u0142\u0119 ci\u0105gu i napina lin\u0119 stalow\u0105 poprzez ko\u0142o pasowe<\/td>\n<\/tr>\n<tr>\n<td>\u015arednica otworu:<\/td>\n<td>Do 620 mm<\/td>\n<\/tr>\n<tr>\n<td>\u015arednica pr\u0119ta:<\/td>\n<td>Do 580 mm<\/td>\n<\/tr>\n<tr>\n<td>Si\u0142a ci\u0105gu:<\/td>\n<td>Maksymalnie 8500 kN<\/td>\n<\/tr>\n<tr>\n<td>Dane techniczne:<\/td>\n<td>Dostarczamy cylindry o sile 889 kN, 1112 kN, 1245 kN i inne o r\u00f3\u017cnych wymaganiach dotycz\u0105cych napr\u0119\u017cenia<\/td>\n<\/tr>\n<tr>\n<td>Zastosowania:<\/td>\n<td>Platforma samopodno\u015bna offshore<\/td>\n<\/tr>\n<\/tbody>\n<\/table>\n<h2>Zalety cylindra napinaj\u0105cego lin\u0119 stalow\u0105 na platformie wiertniczej<\/h2>\n<p>Napinacz liny stalowej na platformie wiertniczej oferuje liczne zalety, kt\u00f3re podkre\u015blaj\u0105 jego znaczenie w operacjach wiertniczych na morzu. Oto kilka kluczowych korzy\u015bci:<\/p>\n<p>Jedn\u0105 z g\u0142\u00f3wnych zalet jest precyzyjna kontrola napr\u0119\u017cenia. Si\u0142ownik ten umo\u017cliwia operatorom precyzyjn\u0105 regulacj\u0119 napr\u0119\u017cenia lin stalowych poprzez modulacj\u0119 ci\u015bnienia hydraulicznego. Osi\u0105gni\u0119cie prawid\u0142owego poziomu napr\u0119\u017cenia ma kluczowe znaczenie dla zapewnienia optymalnej wydajno\u015bci lin stalowych podczas prac wiertniczych.<\/p>\n<p>Kolejn\u0105 istotn\u0105 korzy\u015bci\u0105 jest zwi\u0119kszone bezpiecze\u0144stwo. Si\u0142ownik napinacza jest wyposa\u017cony w zaawansowane funkcje bezpiecze\u0144stwa, takie jak czujniki ci\u015bnienia i mechanizmy ochronne, kt\u00f3re zapobiegaj\u0105 nadmiernemu napr\u0119\u017ceniu lub nag\u0142emu zwolnieniu napr\u0119\u017cenia. Funkcje te zapewniaj\u0105 bezpieczn\u0105 obs\u0142ug\u0119, chroni\u0105c zar\u00f3wno personel, jak i sprz\u0119t przed potencjalnymi zagro\u017ceniami.<\/p>\n<p>Si\u0142ownik przyczynia si\u0119 r\u00f3wnie\u017c do poprawy wydajno\u015bci operacyjnej. Utrzymuj\u0105c odpowiednie napr\u0119\u017cenie lin stalowych, zapewnia p\u0142ynny i kontrolowany ruch przewodu wiertniczego oraz u\u0142atwia podnoszenie ci\u0119\u017ckich \u0142adunk\u00f3w. Prowadzi to do zwi\u0119kszenia wydajno\u015bci i skr\u00f3cenia przestoj\u00f3w w operacjach wiertniczych.<\/p>\n<p>Co wi\u0119cej, trwa\u0142o\u015b\u0107 i niezawodno\u015b\u0107 cylindra napinacza s\u0105 godne uwagi. Wykonany z materia\u0142\u00f3w o wysokiej wytrzyma\u0142o\u015bci, zosta\u0142 zaprojektowany tak, aby wytrzyma\u0107 trudne warunki panuj\u0105ce na morzu, w tym \u017cr\u0105c\u0105 s\u0142on\u0105 wod\u0119, wysokie ci\u015bnienia i ekstremalne temperatury. Ta trwa\u0142o\u015b\u0107 gwarantuje sta\u0142\u0105 wydajno\u015b\u0107 przez d\u0142ugi czas.<\/p>\n<p>Dodatkowo, si\u0142ownik napinaj\u0105cy oferuje wszechstronno\u015b\u0107 zastosowania. Mo\u017cna go stosowa\u0107 z linami stalowymi o r\u00f3\u017cnych rozmiarach i typach, co pozwala na dostosowanie go do r\u00f3\u017cnych zada\u0144 wiertniczych, takich jak wiercenie, podnoszenie i przenoszenie \u0142adunk\u00f3w. Ta elastyczno\u015b\u0107 zapewnia kompleksowe rozwi\u0105zanie do utrzymywania napr\u0119\u017cenia liny stalowej w r\u00f3\u017cnych operacjach.<\/p>\n<p>Wreszcie, konstrukcja cylindra napinacza k\u0142adzie nacisk na konserwacj\u0119 i \u0142atwo\u015b\u0107 serwisowania. Jego komponenty s\u0105 \u0142atwo dost\u0119pne do kontroli i regularnej konserwacji, co pomaga zapewni\u0107 optymalne dzia\u0142anie i minimalizuje przestoje. Ta \u0142atwo\u015b\u0107 konserwacji przyczynia si\u0119 do og\u00f3lnej wydajno\u015bci operacji wiertniczych, gwarantuj\u0105c, \u017ce sprz\u0119t pozostanie w doskona\u0142ym stanie.<\/p>\n<p><img loading=\"lazy\" decoding=\"async\" class=\"alignnone wp-image-746\" src=\"https:\/\/fmp-components.com\/wp-content\/uploads\/2024\/12\/Drilling-Platform-Steel-Wire-Rope-Tensioner-Cylinder-1.webp\" alt=\"Si\u0142ownik napinacza liny stalowej platformy wiertniczej\" width=\"925\" height=\"648\" title=\"\" srcset=\"https:\/\/fmp-components.com\/wp-content\/uploads\/2024\/12\/Drilling-Platform-Steel-Wire-Rope-Tensioner-Cylinder-1.webp 925w, https:\/\/fmp-components.com\/wp-content\/uploads\/2024\/12\/Drilling-Platform-Steel-Wire-Rope-Tensioner-Cylinder-1-480x336.webp 480w\" sizes=\"(min-width: 0px) and (max-width: 480px) 480px, (min-width: 481px) 925px, 100vw\" \/><\/p>\n<h3>O FMP<\/h3>\n<p>FMP to wyspecjalizowana firma produkcyjna specjalizuj\u0105ca si\u0119 w produkcji si\u0142ownik\u00f3w hydraulicznych. Od momentu powstania firma koncentruje si\u0119 na badaniach i produkcji w dziedzinie technologii hydraulicznych, z powodzeniem przechodz\u0105c od zr\u00f3\u017cnicowanego asortymentu produkt\u00f3w, obejmuj\u0105cego maszyny do zbior\u00f3w i maszyny budowlane, do specjalizacji w produkcji podzespo\u0142\u00f3w do ci\u0105gnik\u00f3w rolniczych. Dzi\u0119ki ponad dziesi\u0119cioletniemu do\u015bwiadczeniu w produkcji i zarz\u0105dzaniu, FMP gwarantuje wysok\u0105 jako\u015b\u0107 produkt\u00f3w dzi\u0119ki zaawansowanym technikom produkcyjnym.<\/p>\n<p>Wraz z rozwojem firmy, rozwin\u0119li\u015bmy kompleksow\u0105 lini\u0119 produkcyjn\u0105 do obr\u00f3bki mechanicznej, lini\u0119 monta\u017cow\u0105 oraz lini\u0119 do powlekania. Nasz zesp\u00f3\u0142 sk\u0142ada si\u0119 z wykwalifikowanej kadry kierowniczej, do\u015bwiadczonych projektant\u00f3w mechanik\u00f3w oraz wysoko wykwalifikowanych technik\u00f3w, kt\u00f3rzy wsp\u00f3lnie dbaj\u0105 o utrzymanie stabilnej jako\u015bci produkcji, jednocze\u015bnie skutecznie kontroluj\u0105c ci\u0105g\u0142o\u015b\u0107 i wydajno\u015b\u0107 procesu.<\/p>\n<p>FMP wyznaje filozofi\u0119 \u201eInnowacje technologiczne nap\u0119dzaj\u0105 post\u0119p, jako\u015b\u0107 tworzy marki, rzemios\u0142o zapewnia jako\u015b\u0107 i buduje d\u0142ugoterminowe relacje korzystne dla obu stron\u201d. Nasze zaanga\u017cowanie w dostarczanie wysokiej jako\u015bci produkt\u00f3w i \u015bwiadczenie najwy\u017cszej jako\u015bci obs\u0142ugi klienta pozostaje naszym kluczowym celem, poniewa\u017c wci\u0105\u017c staramy si\u0119 sprosta\u0107 zmieniaj\u0105cym si\u0119 potrzebom rynku.<\/p>\n<p><img loading=\"lazy\" decoding=\"async\" class=\"alignnone size-full wp-image-426\" src=\"https:\/\/fmp-components.com\/wp-content\/uploads\/2024\/12\/Sanitation-Machinery-Locking-Hydraulic-Cylinder-factory.webp\" sizes=\"(min-width: 0px) and (max-width: 480px) 480px, (min-width: 481px) and (max-width: 980px) 980px, (min-width: 981px) and (max-width: 1280px) 1280px, (min-width: 1281px) 1414px, 100vw\" srcset=\"https:\/\/fmp-components.com\/wp-content\/uploads\/2024\/12\/Sanitation-Machinery-Locking-Hydraulic-Cylinder-factory.webp 1414w, https:\/\/fmp-components.com\/wp-content\/uploads\/2024\/12\/Sanitation-Machinery-Locking-Hydraulic-Cylinder-factory-1280x529.webp 1280w, https:\/\/fmp-components.com\/wp-content\/uploads\/2024\/12\/Sanitation-Machinery-Locking-Hydraulic-Cylinder-factory-980x405.webp 980w, https:\/\/fmp-components.com\/wp-content\/uploads\/2024\/12\/Sanitation-Machinery-Locking-Hydraulic-Cylinder-factory-480x198.webp 480w\" alt=\"Sanitacja-Maszyny-Blokady-Hydrauliczne-Fabryka-Cylinder\u00f3w\" width=\"1414\" height=\"584\" title=\"\"><\/p>\n<p>Autor: CX<\/p>","protected":false},"excerpt":{"rendered":"<p>Napinacz lin stalowych platformy wiertniczej to kluczowy element hydrauliczny, zaprojektowany w celu utrzymania optymalnego napr\u0119\u017cenia lin stalowych u\u017cywanych w operacjach wiertniczych. Si\u0142ownik ten zapewnia niezb\u0119dn\u0105 si\u0142\u0119 do regulacji i stabilizacji napr\u0119\u017cenia lin, gwarantuj\u0105c bezpieczn\u0105 i wydajn\u0105 prac\u0119 platformy wiertniczej. Wykonany z materia\u0142\u00f3w o wysokiej wytrzyma\u0142o\u015bci, zosta\u0142 zaprojektowany tak, aby wytrzyma\u0107 trudne warunki i wysokie ci\u015bnienia typowe dla \u015brodowisk wiertniczych, gwarantuj\u0105c trwa\u0142o\u015b\u0107 i niezawodno\u015b\u0107. P\u0142ynne dzia\u0142anie hydrauliczne pozwala na precyzyjn\u0105 regulacj\u0119, zwi\u0119kszaj\u0105c wydajno\u015b\u0107 operacyjn\u0105 i bezpiecze\u0144stwo podczas prac wiertniczych. Ten si\u0142ownik napinacza jest niezb\u0119dny do optymalizacji wydajno\u015bci platform wiertniczych, znacz\u0105co przyczyniaj\u0105c si\u0119 do efektywno\u015bci operacji wiertniczych i og\u00f3lnej integralno\u015bci sprz\u0119tu.<\/p>","protected":false},"featured_media":749,"comment_status":"open","ping_status":"closed","template":"","meta":{"_et_pb_use_builder":"","_et_pb_old_content":"","_et_gb_content_width":""},"product_brand":[],"product_cat":[28],"product_tag":[],"class_list":{"0":"post-744","1":"product","2":"type-product","3":"status-publish","4":"has-post-thumbnail","6":"product_cat-offshore-hydraulic-cylinders","8":"first","9":"instock","10":"shipping-taxable","11":"product-type-simple"},"_links":{"self":[{"href":"https:\/\/fmp-components.com\/pl\/wp-json\/wp\/v2\/product\/744","targetHints":{"allow":["GET"]}}],"collection":[{"href":"https:\/\/fmp-components.com\/pl\/wp-json\/wp\/v2\/product"}],"about":[{"href":"https:\/\/fmp-components.com\/pl\/wp-json\/wp\/v2\/types\/product"}],"replies":[{"embeddable":true,"href":"https:\/\/fmp-components.com\/pl\/wp-json\/wp\/v2\/comments?post=744"}],"wp:featuredmedia":[{"embeddable":true,"href":"https:\/\/fmp-components.com\/pl\/wp-json\/wp\/v2\/media\/749"}],"wp:attachment":[{"href":"https:\/\/fmp-components.com\/pl\/wp-json\/wp\/v2\/media?parent=744"}],"wp:term":[{"taxonomy":"product_brand","embeddable":true,"href":"https:\/\/fmp-components.com\/pl\/wp-json\/wp\/v2\/product_brand?post=744"},{"taxonomy":"product_cat","embeddable":true,"href":"https:\/\/fmp-components.com\/pl\/wp-json\/wp\/v2\/product_cat?post=744"},{"taxonomy":"product_tag","embeddable":true,"href":"https:\/\/fmp-components.com\/pl\/wp-json\/wp\/v2\/product_tag?post=744"}],"curies":[{"name":"wp","href":"https:\/\/api.w.org\/{rel}","templated":true}]}}