{"id":7435,"date":"2025-03-26T05:47:29","date_gmt":"2025-03-26T05:47:29","guid":{"rendered":"https:\/\/fmp-components.com\/?post_type=product&#038;p=7435"},"modified":"2025-03-26T08:37:19","modified_gmt":"2025-03-26T08:37:19","slug":"plastic-double-spur-gear","status":"publish","type":"product","link":"https:\/\/fmp-components.com\/pl\/product\/plastic-double-spur-gear\/","title":{"rendered":"Podw\u00f3jne ko\u0142o z\u0119bate walcowe z tworzywa sztucznego"},"content":{"rendered":"<div>\n<h2>Wysokiej jako\u015bci plastikowe ko\u0142a z\u0119bate dwustronne dla przemys\u0142u w\u0142oskiego<\/h2>\n<p class=\"break-words\">Plastikowe podw\u00f3jne ko\u0142a z\u0119bate walcowe s\u0105 niezb\u0119dnymi elementami w szerokiej gamie maszyn, od urz\u0105dze\u0144 przemys\u0142owych po produkty konsumenckie. Ko\u0142a te, znane ze swojej trwa\u0142o\u015bci, precyzji i wydajno\u015bci, odgrywaj\u0105 kluczow\u0105 rol\u0119 w zapewnieniu p\u0142ynnej pracy mechanicznej. W firmie FMP specjalizujemy si\u0119 w produkcji wysokiej jako\u015bci plastikowych podw\u00f3jnych k\u00f3\u0142 z\u0119batych walcowych. <a href=\"https:\/\/fmp-components.com\/pl\/spur-gear-2\/\">Przek\u0142adnie walcowe<\/a>, oferuj\u0105c szerok\u0105 gam\u0119 standardowych modeli i niestandardowych rozwi\u0105za\u0144, aby sprosta\u0107 unikalnym potrzebom firm w ca\u0142ych W\u0142oszech. Niezale\u017cnie od tego, czy znajdujesz si\u0119 w t\u0119tni\u0105cym \u017cyciem przemys\u0142owym centrum Mediolanu, historycznych ulicach Florencji, kulturalnym sercu Wenecji, czy w innowacyjnych centrach Bolonii, FMP jest Twoim zaufanym partnerem w zakresie niezawodnych i wydajnych rozwi\u0105za\u0144 w zakresie przek\u0142adni.<\/p>\n<h3>Czym s\u0105 podw\u00f3jne ko\u0142a z\u0119bate walcowe z tworzywa sztucznego?<\/h3>\n<p class=\"break-words\">Plastikowe podw\u00f3jne ko\u0142a z\u0119bate walcowe to rodzaj uk\u0142adu przek\u0142adniowego sk\u0142adaj\u0105cego si\u0119 z dw\u00f3ch r\u00f3wnoleg\u0142ych k\u00f3\u0142 z\u0119batych walcowych zamontowanych na jednym wale. S\u0142u\u017c\u0105 one do przenoszenia ruchu i mocy mi\u0119dzy r\u00f3wnoleg\u0142ymi wa\u0142ami, zapewniaj\u0105c p\u0142ynne i wydajne przenoszenie momentu obrotowego. Wykonane z wysokiej jako\u015bci tworzyw sztucznych, ko\u0142a te oferuj\u0105 szereg zalet w por\u00f3wnaniu z tradycyjnymi przek\u0142adniami metalowymi, w tym ni\u017csz\u0105 wag\u0119, odporno\u015b\u0107 na korozj\u0119 i cichsz\u0105 prac\u0119. Ich wszechstronno\u015b\u0107 sprawia, \u017ce \u200b\u200bidealnie nadaj\u0105 si\u0119 do r\u00f3\u017cnych zastosowa\u0144, takich jak systemy motoryzacyjne, robotyka, urz\u0105dzenia medyczne i sprz\u0119t AGD.<\/p>\n<table style=\"border-collapse: collapse; width: 102.903%; height: 10px;\" border=\"0\" width=\"160\" cellspacing=\"0\" cellpadding=\"0\">\n<tbody>\n<tr style=\"height: 14.40pt;\">\n<td style=\"height: 10px; width: 48pt;\" align=\"right\" width=\"80\" height=\"24\"><img loading=\"lazy\" decoding=\"async\" class=\"size-full wp-image-7441 alignnone\" src=\"https:\/\/fmp-components.com\/wp-content\/uploads\/2025\/03\/Plastic-Double-Spur-Gear-6.webp\" alt=\"Plastikowa podw\u00f3jna przek\u0142adnia z\u0119bata\" width=\"1000\" height=\"1000\" title=\"\" srcset=\"https:\/\/fmp-components.com\/wp-content\/uploads\/2025\/03\/Plastic-Double-Spur-Gear-6.webp 1000w, https:\/\/fmp-components.com\/wp-content\/uploads\/2025\/03\/Plastic-Double-Spur-Gear-6-980x980.webp 980w, https:\/\/fmp-components.com\/wp-content\/uploads\/2025\/03\/Plastic-Double-Spur-Gear-6-480x480.webp 480w\" sizes=\"(min-width: 0px) and (max-width: 480px) 480px, (min-width: 481px) and (max-width: 980px) 980px, (min-width: 981px) 1000px, 100vw\" \/><\/td>\n<td style=\"width: 48pt; height: 10px;\" align=\"right\" width=\"80\"><img loading=\"lazy\" decoding=\"async\" class=\"size-full wp-image-7440 aligncenter\" src=\"https:\/\/fmp-components.com\/wp-content\/uploads\/2025\/03\/Plastic-Double-Spur-Gear-5.webp\" alt=\"Plastikowa podw\u00f3jna przek\u0142adnia z\u0119bata\" width=\"1000\" height=\"1000\" title=\"\" srcset=\"https:\/\/fmp-components.com\/wp-content\/uploads\/2025\/03\/Plastic-Double-Spur-Gear-5.webp 1000w, https:\/\/fmp-components.com\/wp-content\/uploads\/2025\/03\/Plastic-Double-Spur-Gear-5-980x980.webp 980w, https:\/\/fmp-components.com\/wp-content\/uploads\/2025\/03\/Plastic-Double-Spur-Gear-5-480x480.webp 480w\" sizes=\"(min-width: 0px) and (max-width: 480px) 480px, (min-width: 481px) and (max-width: 980px) 980px, (min-width: 981px) 1000px, 100vw\" \/><\/td>\n<\/tr>\n<\/tbody>\n<\/table>\n<div>\n<h3>Firma FMP: Tw\u00f3j zaufany partner w zakresie podw\u00f3jnych k\u00f3\u0142 z\u0119batych z tworzywa sztucznego<\/h3>\n<p class=\"break-words\">W firmie FMP szczycimy si\u0119 pozycj\u0105 wiod\u0105cego producenta plastikowych przek\u0142adni z\u0119batych dwustronnych. Dzi\u0119ki wieloletniemu do\u015bwiadczeniu i zaanga\u017cowaniu w innowacje, produkujemy przek\u0142adnie spe\u0142niaj\u0105ce najwy\u017csze standardy jako\u015bci i wydajno\u015bci. Nasza oferta obejmuje szeroki wyb\u00f3r standardowych plastikowych przek\u0142adni z\u0119batych dwustronnych, zaprojektowanych tak, aby idealnie pasowa\u0142y do \u200b\u200bistniej\u0105cych maszyn. Ka\u017cde ko\u0142o z\u0119bate jest wykonane z precyzj\u0105, co gwarantuje optymaln\u0105 funkcjonalno\u015b\u0107 i trwa\u0142o\u015b\u0107.<\/p>\n<p class=\"break-words\">Nasze zaanga\u017cowanie w jako\u015b\u0107 wykracza poza standardow\u0105 ofert\u0119. Rozumiemy, \u017ce ka\u017cda firma ma unikalne wymagania, dlatego specjalizujemy si\u0119 r\u00f3wnie\u017c w niestandardowych rozwi\u0105zaniach przek\u0142adniowych. Niezale\u017cnie od tego, czy potrzebujesz konkretnego rozmiaru, materia\u0142u czy konfiguracji, nasz zesp\u00f3\u0142 wykwalifikowanych in\u017cynier\u00f3w jest gotowy zaprojektowa\u0107 i wyprodukowa\u0107 plastikowe ko\u0142a z\u0119bate dwustronne, dostosowane do Twoich wymaga\u0144.<\/p>\n<h3>Rozwi\u0105zania dostosowane do Twoich wyj\u0105tkowych potrzeb<\/h3>\n<p class=\"break-words\">Jedn\u0105 z kluczowych zalet wyboru firmy FMP jest nasza mo\u017cliwo\u015b\u0107 realizacji zam\u00f3wie\u0144 niestandardowych. Zdajemy sobie spraw\u0119, \u017ce nie wszystkie maszyny mo\u017cna obs\u0142ugiwa\u0107 za pomoc\u0105 gotowych komponent\u00f3w, szczeg\u00f3lnie w wyspecjalizowanych bran\u017cach. Nasze niestandardowe, podw\u00f3jne ko\u0142a z\u0119bate z tworzywa sztucznego zosta\u0142y zaprojektowane tak, aby spe\u0142nia\u0107 precyzyjne wymagania Pa\u0144stwa sprz\u0119tu, zapewniaj\u0105c maksymaln\u0105 wydajno\u015b\u0107 i osi\u0105gi.<\/p>\n<p class=\"break-words\">Wybieraj\u0105c niestandardowe prze\u0142o\u017cenia od FMP, zyskujesz:<\/p>\n<ul class=\"marker:text-secondary\">\n<li class=\"break-words\"><strong>Projekt na zam\u00f3wienie<\/strong>:Ko\u0142a z\u0119bate zaprojektowane tak, aby pasowa\u0142y do \u200b\u200bTwojego konkretnego zastosowania.<\/li>\n<li class=\"break-words\"><strong>Materia\u0142y o wysokiej wydajno\u015bci<\/strong>:Wyb\u00f3r najlepszych materia\u0142\u00f3w plastikowych zapewniaj\u0105cych trwa\u0142o\u015b\u0107 i wytrzyma\u0142o\u015b\u0107.<\/li>\n<li class=\"break-words\"><strong>Produkcja precyzyjna<\/strong>:Najnowocze\u015bniejsze techniki produkcji zapewniaj\u0105ce dok\u0142adne tolerancje.<\/li>\n<li class=\"break-words\"><strong>Wsparcie ekspert\u00f3w<\/strong>:Wsp\u00f3\u0142praca z naszym zespo\u0142em in\u017cynier\u00f3w gwarantuje, \u017ce Tw\u00f3j sprz\u0119t spe\u0142ni wszystkie wymagania.<\/li>\n<\/ul>\n<p class=\"break-words\">Niezale\u017cnie od tego, czy dzia\u0142asz w sektorze motoryzacyjnym w Mediolanie, zak\u0142adach produkcyjnych w Wenecji, warsztatach mechaniki precyzyjnej we Florencji, czy te\u017c w bran\u017cy robotyki w Bolonii, rozwi\u0105zania FMP dostosowane do Twoich potrzeb zostan\u0105 zaprojektowane tak, aby usprawni\u0107 dzia\u0142anie Twojej firmy.<\/p>\n<table style=\"border-collapse: collapse; width: 99.25%; height: 28px;\" border=\"0\" width=\"160\" cellspacing=\"0\" cellpadding=\"0\">\n<tbody>\n<tr style=\"height: 14.40pt;\">\n<td style=\"height: 14px; width: 48pt;\" align=\"right\" width=\"80\" height=\"24\"><img loading=\"lazy\" decoding=\"async\" class=\"size-full wp-image-7442 aligncenter\" src=\"https:\/\/fmp-components.com\/wp-content\/uploads\/2025\/03\/Double-Plastic-Spur-Gear-Plastic-2.webp\" alt=\"Plastikowa podw\u00f3jna przek\u0142adnia z\u0119bata\" width=\"700\" height=\"525\" title=\"\" srcset=\"https:\/\/fmp-components.com\/wp-content\/uploads\/2025\/03\/Double-Plastic-Spur-Gear-Plastic-2.webp 700w, https:\/\/fmp-components.com\/wp-content\/uploads\/2025\/03\/Double-Plastic-Spur-Gear-Plastic-2-480x360.webp 480w\" sizes=\"(min-width: 0px) and (max-width: 480px) 480px, (min-width: 481px) 700px, 100vw\" \/><\/td>\n<td style=\"width: 48pt; height: 14px;\" align=\"right\" width=\"80\"><img loading=\"lazy\" decoding=\"async\" class=\"size-full wp-image-7439 aligncenter\" src=\"https:\/\/fmp-components.com\/wp-content\/uploads\/2025\/03\/Double-Plastic-Spur-Gear-Plastic-3.webp\" alt=\"Podw\u00f3jna plastikowa przek\u0142adnia z\u0119bata czo\u0142owa z tworzywa sztucznego\" width=\"700\" height=\"525\" title=\"\" srcset=\"https:\/\/fmp-components.com\/wp-content\/uploads\/2025\/03\/Double-Plastic-Spur-Gear-Plastic-3.webp 700w, https:\/\/fmp-components.com\/wp-content\/uploads\/2025\/03\/Double-Plastic-Spur-Gear-Plastic-3-480x360.webp 480w\" sizes=\"(min-width: 0px) and (max-width: 480px) 480px, (min-width: 481px) 700px, 100vw\" \/><\/td>\n<\/tr>\n<tr style=\"height: 14.40pt;\">\n<td style=\"height: 14px;\" align=\"right\" height=\"24\"><img loading=\"lazy\" decoding=\"async\" class=\"size-full wp-image-7443 aligncenter\" src=\"https:\/\/fmp-components.com\/wp-content\/uploads\/2025\/03\/Double-Spur-Gear-Plastic-Manufacturers-Suppliers-1.webp\" alt=\"Producenci i dostawcy podw\u00f3jnych przek\u0142adni z\u0119batych z tworzyw sztucznych\" width=\"960\" height=\"960\" title=\"\" srcset=\"https:\/\/fmp-components.com\/wp-content\/uploads\/2025\/03\/Double-Spur-Gear-Plastic-Manufacturers-Suppliers-1.webp 960w, https:\/\/fmp-components.com\/wp-content\/uploads\/2025\/03\/Double-Spur-Gear-Plastic-Manufacturers-Suppliers-1-480x480.webp 480w\" sizes=\"(min-width: 0px) and (max-width: 480px) 480px, (min-width: 481px) 960px, 100vw\" \/><\/td>\n<td style=\"height: 14px;\" align=\"right\"><img loading=\"lazy\" decoding=\"async\" class=\"size-full wp-image-7444 aligncenter\" src=\"https:\/\/fmp-components.com\/wp-content\/uploads\/2025\/03\/Double-Spur-Gear-Plastic-Manufacturers-Suppliers-2.webp\" alt=\"Producenci i dostawcy podw\u00f3jnych przek\u0142adni z\u0119batych z tworzyw sztucznych\" width=\"960\" height=\"960\" title=\"\" srcset=\"https:\/\/fmp-components.com\/wp-content\/uploads\/2025\/03\/Double-Spur-Gear-Plastic-Manufacturers-Suppliers-2.webp 960w, https:\/\/fmp-components.com\/wp-content\/uploads\/2025\/03\/Double-Spur-Gear-Plastic-Manufacturers-Suppliers-2-480x480.webp 480w\" sizes=\"(min-width: 0px) and (max-width: 480px) 480px, (min-width: 481px) 960px, 100vw\" \/><\/td>\n<\/tr>\n<\/tbody>\n<\/table>\n<\/div>\n<div>\n<h3>Zapytania mile widziane: Skontaktuj si\u0119 z nami w sprawie modeli nieuj\u0119tych na li\u015bcie<\/h3>\n<p class=\"break-words\">Chocia\u017c oferujemy szerok\u0105 gam\u0119 standardowych podw\u00f3jnych przek\u0142adni z\u0119batych z tworzywa sztucznego, rozumiemy, \u017ce niekt\u00f3re firmy mog\u0105 potrzebowa\u0107 konkretnych modeli, kt\u00f3rych obecnie nie ma w naszym katalogu produkt\u00f3w. Je\u015bli nie znajdziesz dok\u0142adnie takiego ko\u0142a z\u0119batego, jakiego potrzebujesz, nie martw si\u0119 \u2013 nasz zesp\u00f3\u0142 s\u0142u\u017cy pomoc\u0105. Wystarczy wys\u0142a\u0107 do nas zapytanie e-mailem, a jeden z naszych in\u017cynier\u00f3w odpowie w ci\u0105gu 24 godzin, aby om\u00f3wi\u0107 Twoje wymagania i zaproponowa\u0107 rozwi\u0105zanie.<\/p>\n<p class=\"break-words\">W firmie FMP dok\u0142adamy wszelkich stara\u0144, aby ka\u017cdy klient znalaz\u0142 odpowiedni sprz\u0119t do swoich potrzeb. Nasz szybki czas reakcji i spersonalizowana obs\u0142uga u\u0142atwiaj\u0105 dost\u0119p do potrzebnych komponent\u00f3w, nawet je\u015bli nie ma ich jeszcze na naszej stronie internetowej.<\/p>\n<\/div>\n<\/div>","protected":false},"excerpt":{"rendered":"<p>Wysokiej jako\u015bci plastikowe ko\u0142a z\u0119bate dwustronne dla przemys\u0142u w\u0142oskiego. Plastikowe ko\u0142a z\u0119bate dwustronne s\u0105 niezb\u0119dnymi elementami w szerokiej gamie maszyn, od urz\u0105dze\u0144 przemys\u0142owych po produkty konsumenckie. Te ko\u0142a z\u0119bate, znane ze swojej trwa\u0142o\u015bci, precyzji i wydajno\u015bci, odgrywaj\u0105 kluczow\u0105 rol\u0119 w zapewnieniu p\u0142ynnej pracy mechanicznej. W firmie FMP specjalizujemy si\u0119 w produkcji wysokiej jako\u015bci [\u2026]<\/p>","protected":false},"featured_media":7436,"comment_status":"open","ping_status":"closed","template":"","meta":{"_et_pb_use_builder":"","_et_pb_old_content":"","_et_gb_content_width":""},"product_brand":[],"product_cat":[109],"product_tag":[],"class_list":{"0":"post-7435","1":"product","2":"type-product","3":"status-publish","4":"has-post-thumbnail","6":"product_cat-spur-gear","8":"first","9":"instock","10":"shipping-taxable","11":"product-type-simple"},"_links":{"self":[{"href":"https:\/\/fmp-components.com\/pl\/wp-json\/wp\/v2\/product\/7435","targetHints":{"allow":["GET"]}}],"collection":[{"href":"https:\/\/fmp-components.com\/pl\/wp-json\/wp\/v2\/product"}],"about":[{"href":"https:\/\/fmp-components.com\/pl\/wp-json\/wp\/v2\/types\/product"}],"replies":[{"embeddable":true,"href":"https:\/\/fmp-components.com\/pl\/wp-json\/wp\/v2\/comments?post=7435"}],"wp:featuredmedia":[{"embeddable":true,"href":"https:\/\/fmp-components.com\/pl\/wp-json\/wp\/v2\/media\/7436"}],"wp:attachment":[{"href":"https:\/\/fmp-components.com\/pl\/wp-json\/wp\/v2\/media?parent=7435"}],"wp:term":[{"taxonomy":"product_brand","embeddable":true,"href":"https:\/\/fmp-components.com\/pl\/wp-json\/wp\/v2\/product_brand?post=7435"},{"taxonomy":"product_cat","embeddable":true,"href":"https:\/\/fmp-components.com\/pl\/wp-json\/wp\/v2\/product_cat?post=7435"},{"taxonomy":"product_tag","embeddable":true,"href":"https:\/\/fmp-components.com\/pl\/wp-json\/wp\/v2\/product_tag?post=7435"}],"curies":[{"name":"wp","href":"https:\/\/api.w.org\/{rel}","templated":true}]}}