{"id":7423,"date":"2025-03-26T04:00:13","date_gmt":"2025-03-26T04:00:13","guid":{"rendered":"https:\/\/fmp-components.com\/?post_type=product&#038;p=7423"},"modified":"2025-03-26T08:37:09","modified_gmt":"2025-03-26T08:37:09","slug":"double-spur-gear","status":"publish","type":"product","link":"https:\/\/fmp-components.com\/pl\/product\/double-spur-gear\/","title":{"rendered":"Podw\u00f3jne ko\u0142o z\u0119bate walcowe"},"content":{"rendered":"<h2>Podw\u00f3jne ko\u0142a z\u0119bate walcowe: doskona\u0142o\u015b\u0107 in\u017cynieryjna opracowana przez firm\u0119 FMP Company dla W\u0142och i innych kraj\u00f3w<\/h2>\n<p class=\"break-words\">Jako wiod\u0105cy producent podw\u00f3jnych przek\u0142adni z\u0119batych z siedzib\u0105 we W\u0142oszech, FMP Company z dum\u0105 dostarcza wysokiej jako\u015bci rozwi\u0105zania przek\u0142adniowe dla przemys\u0142u na ca\u0142ym \u015bwiecie, w tym dla kluczowych rynk\u00f3w w\u0142oskich, takich jak Mediolan, Wenecja, Florencja i Bolonia. Specjalizuje si\u0119 w szerokiej gamie podw\u00f3jnych przek\u0142adni z\u0119batych, w tym w przek\u0142adniach z tworzywa sztucznego. <a href=\"https:\/\/fmp-components.com\/pl\/spur-gear-2\/\">Przek\u0142adnie walcowe<\/a>\u2014\u0142\u0105czymy precyzyjn\u0105 in\u017cynieri\u0119 z mo\u017cliwo\u015bci\u0105 dostosowania do indywidualnych potrzeb, aby sprosta\u0107 Twoim wyj\u0105tkowym potrzebom.<\/p>\n<p><img loading=\"lazy\" decoding=\"async\" class=\"size-full wp-image-7434 aligncenter\" src=\"https:\/\/fmp-components.com\/wp-content\/uploads\/2025\/03\/double-spur-gear.webp\" alt=\"podw\u00f3jna przek\u0142adnia z\u0119bata\" width=\"1024\" height=\"862\" title=\"\" srcset=\"https:\/\/fmp-components.com\/wp-content\/uploads\/2025\/03\/double-spur-gear.webp 1024w, https:\/\/fmp-components.com\/wp-content\/uploads\/2025\/03\/double-spur-gear-980x825.webp 980w, https:\/\/fmp-components.com\/wp-content\/uploads\/2025\/03\/double-spur-gear-480x404.webp 480w\" sizes=\"(min-width: 0px) and (max-width: 480px) 480px, (min-width: 481px) and (max-width: 980px) 980px, (min-width: 981px) 1024px, 100vw\" \/><\/p>\n<h2>Czym s\u0105 podw\u00f3jne ko\u0142a z\u0119bate walcowe?<\/h2>\n<p class=\"break-words\">Podw\u00f3jne ko\u0142a z\u0119bate walcowe, cz\u0119sto nazywane ko\u0142ami z\u0119batymi o z\u0119bach prostych, to najprostszy i najbardziej rozpoznawalny rodzaj przek\u0142adni. Zaprojektowane do przenoszenia ruchu i mocy mi\u0119dzy dwoma r\u00f3wnoleg\u0142ymi wa\u0142ami, posiadaj\u0105 proste z\u0119by, kt\u00f3re zaz\u0119biaj\u0105 si\u0119 bezproblemowo. Gdy dwa podw\u00f3jne ko\u0142a z\u0119bate walcowe zaz\u0119biaj\u0105 si\u0119, ko\u0142o z wi\u0119ksz\u0105 liczb\u0105 z\u0119b\u00f3w nazywane jest \u201eko\u0142em z\u0119batym\u201d, a to z mniejsz\u0105 liczb\u0105 z\u0119b\u00f3w \u2013 \u201ez\u0119bnikiem\u201d.<\/p>\n<p class=\"break-words\">Cho\u0107 prosta konstrukcja u\u0142atwia ich wizualizacj\u0119 i wdro\u017cenie, przek\u0142adnie z\u0119bate dwuko\u0142owe maj\u0105 istotn\u0105 wad\u0119: mog\u0105 generowa\u0107 ha\u0142as z powodu zderzenia z\u0119b\u00f3w podczas zaz\u0119biania. Mimo to, ich wydajno\u015b\u0107 i wszechstronno\u015b\u0107 sprawiaj\u0105, \u017ce s\u0105 one podstaw\u0105 system\u00f3w mechanicznych w wielu bran\u017cach.<\/p>\n<p class=\"break-words\">W firmie FMP produkujemy ko\u0142a z\u0119bate dwustronne zgodne z normami mi\u0119dzynarodowymi, z \u201emodu\u0142em\u201d jako wsp\u00f3ln\u0105 jednostk\u0105 miary (zgodnie z wytycznymi ISO) i typowym k\u0105tem przyporu 20 stopni. Nasze ko\u0142a z\u0119bate cz\u0119sto charakteryzuj\u0105 si\u0119 ewolwentowym profilem z\u0119b\u00f3w, szeroko stosowanym w maszynach przemys\u0142owych w celu zapewnienia optymalnej wydajno\u015bci.<\/p>\n<div>\n<h3>Kluczowe funkcje podw\u00f3jnych k\u00f3\u0142 z\u0119batych walcowych<\/h3>\n<p class=\"break-words\">Podw\u00f3jne ko\u0142a z\u0119bate walcowe stanowi\u0105 integraln\u0105 cz\u0119\u015b\u0107 uk\u0142ad\u00f3w mechanicznych, pe\u0142ni\u0105c szereg istotnych funkcji:<\/p>\n<ul class=\"marker:text-secondary\">\n<li class=\"break-words\"><strong>Regulacja pr\u0119dko\u015bci:<\/strong> Umo\u017cliwiaj\u0105 redukcj\u0119 prze\u0142o\u017cenia w celu zmniejszenia pr\u0119dko\u015bci i zwi\u0119kszenia momentu obrotowego lub odwrotnie, zwi\u0119kszenia pr\u0119dko\u015bci w okre\u015blonych zastosowaniach.<\/li>\n<li class=\"break-words\"><strong>Wzmocnienie si\u0142y:<\/strong> Ma\u0142y, szybko obracaj\u0105cy si\u0119 silnik w po\u0142\u0105czeniu z przek\u0142adni\u0105 redukcyjn\u0105 mo\u017ce zapewni\u0107 znaczny moment obrotowy, dzi\u0119ki czemu przek\u0142adnie dwuko\u0142owe idealnie nadaj\u0105 si\u0119 do urz\u0105dze\u0144 z nap\u0119dem silnikowym.<\/li>\n<li class=\"break-words\"><strong>Zmiana kierunku:<\/strong> Gdy dwa ko\u0142a z\u0119bate si\u0119 zaz\u0119biaj\u0105, drugie obraca si\u0119 w przeciwnym kierunku. Specjalistyczne konstrukcje, takie jak przek\u0142adnie sto\u017ckowe w mechanizmach r\u00f3\u017cnicowych, mog\u0105 przekierowywa\u0107 moc pod k\u0105tem (np. 90 stopni).<\/li>\n<\/ul>\n<p class=\"break-words\">Dzi\u0119ki tym mo\u017cliwo\u015bciom przek\u0142adnie z\u0119bate dwuko\u0142owe s\u0105 niezb\u0119dne w wielu zastosowaniach, od maszyn przemys\u0142owych po urz\u0105dzenia konsumenckie.<\/p>\n<div>\n<h3>Wszechstronne zastosowania podw\u00f3jnych przek\u0142adni z\u0119batych walcowych<\/h3>\n<p class=\"break-words\">Podw\u00f3jne przek\u0142adnie z\u0119bate walcowe firmy FMP nap\u0119dzaj\u0105 wiele ga\u0142\u0119zi przemys\u0142u, w tym:<\/p>\n<ul class=\"marker:text-secondary\">\n<li class=\"break-words\">Maszyny rolnicze<\/li>\n<li class=\"break-words\">Sprz\u0119t in\u017cynieryjno-budowlany<\/li>\n<li class=\"break-words\">Automatyzacja fabryk i robotyka przemys\u0142owa<\/li>\n<li class=\"break-words\">Maszyny do pakowania i przetwarzania \u017cywno\u015bci<\/li>\n<li class=\"break-words\">Przemys\u0142 motoryzacyjny i obrabiarkowy<\/li>\n<li class=\"break-words\">Maszyny do transportu materia\u0142\u00f3w i drukowania<\/li>\n<li class=\"break-words\">Sprz\u0119t medyczny, kosmetyczny i do obr\u00f3bki drewna\/szk\u0142a<\/li>\n<li class=\"break-words\">Produkcja ropy naftowej, cukru, wytwarzanie energii cieplnej i wiele innych<\/li>\n<\/ul>\n<p class=\"break-words\">Od warsztat\u00f3w rzemie\u015blniczych Florencji po przemys\u0142owe o\u015brodki Mediolanu, nasze ko\u0142a z\u0119bate zapewniaj\u0105 sp\u00f3jne, wysokiej jako\u015bci rezultaty.<\/p>\n<h3>Specyfikacja produktu<\/h3>\n<p class=\"break-words\">Nasze podw\u00f3jne ko\u0142a z\u0119bate walcowe s\u0105 dost\u0119pne w r\u00f3\u017cnych materia\u0142ach i konfiguracjach:<\/p>\n<ul class=\"marker:text-secondary\">\n<li class=\"break-words\"><strong>Przybory:<\/strong> C45 (1045), A3 (stal niskow\u0119glowa), 40Cr, 20CrMnTi, 42CrMo, \u017celiwo, \u017celiwo sferoidalne, mied\u017a, stal nierdzewna i tworzywa sztuczne.<\/li>\n<li class=\"break-words\"><strong>Obr\u00f3bka cieplna:<\/strong> Hartowanie wysokocz\u0119stotliwo\u015bciowe, naw\u0119glanie, \u015brutowanie, hartowanie i odpuszczanie, azotowanie.<\/li>\n<li class=\"break-words\"><strong>Obr\u00f3bka powierzchni:<\/strong> Czarnenie, cynkowanie, chromowanie, cynkowanie, piaskowanie, malowanie proszkowe i wiele innych.<\/li>\n<li class=\"break-words\"><strong>Wydajno\u015b\u0107:<\/strong> Wysoka precyzja, odporno\u015b\u0107 na zu\u017cycie, wytrzyma\u0142o\u015b\u0107, niski poziom ha\u0142asu i p\u0142ynna praca.<\/li>\n<li class=\"break-words\"><strong>Normy:<\/strong> ANSI, DIN, JIS i opcje niestandardowe.<\/li>\n<\/ul>\n<\/div>\n<div>\n<h2>Ekspertyza produkcyjna firmy FMP<\/h2>\n<p class=\"break-words\">W firmie FMP stosujemy najnowocze\u015bniejsze techniki produkcji k\u00f3\u0142 z\u0119batych dwustronnych, dostosowanych do Pa\u0144stwa wymaga\u0144. Nasza g\u0142\u00f3wna metoda polega na frezowaniu k\u00f3\u0142 z\u0119batych z wykorzystaniem zaawansowanych narz\u0119dzi, takich jak frezarki obwiedniowe i obr\u00f3bka CNC. W zastosowaniach, w kt\u00f3rych ekstremalna precyzja lub twardo\u015b\u0107 nie s\u0105 kluczowe, nasz proces obejmuje:<\/p>\n<ol class=\"marker:text-secondary\">\n<li class=\"break-words\">Ci\u0119cie pr\u0119t\u00f3w okr\u0105g\u0142ych<\/li>\n<li class=\"break-words\">Toczenie p\u00f3\u0142fabrykat\u00f3w na tokarce<\/li>\n<li class=\"break-words\">Nacinanie z\u0119b\u00f3w metod\u0105 frezowania<\/li>\n<li class=\"break-words\">Gratowanie w celu uzyskania g\u0142adkiego wyko\u0144czenia<\/li>\n<li class=\"break-words\">Dodawanie otwor\u00f3w na \u015bruby ustalaj\u0105ce lub rowk\u00f3w wpustowych w razie potrzeby<\/li>\n<\/ol>\n<p class=\"break-words\">Nasze mo\u017cliwo\u015bci obr\u00f3bki wykraczaj\u0105 poza ci\u0119cie i obejmuj\u0105 obr\u00f3bk\u0119 CNC, tworzenie wielowypust\u00f3w, walcowanie gwint\u00f3w, szlifowanie bezk\u0142owe, rozwiercanie, wiercenie, frezowanie, toczenie, przeci\u0105ganie, gwintowanie i elektroerozyjn\u0105 obr\u00f3bk\u0119 drutow\u0105.<\/p>\n<p class=\"break-words\">Aby zwi\u0119kszy\u0107 trwa\u0142o\u015b\u0107, nasze ko\u0142a z\u0119bate dwuko\u0142owe poddawane s\u0105 integralnemu hartowaniu i odpuszczaniu, co zapewnia wysok\u0105 wytrzyma\u0142o\u015b\u0107 i odporno\u015b\u0107 na odkszta\u0142cenia pod du\u017cym obci\u0105\u017ceniem. Dodatkowo, hartowanie wysokocz\u0119stotliwo\u015bciowe zwi\u0119ksza twardo\u015b\u0107 z\u0119b\u00f3w i odporno\u015b\u0107 na zu\u017cycie, zapewniaj\u0105c d\u0142ugotrwa\u0142\u0105 wydajno\u015b\u0107.<\/p>\n<div>\n<h2>Personalizacja: Podw\u00f3jne ko\u0142a z\u0119bate walcowe dostosowane do Twoich potrzeb<\/h2>\n<p class=\"break-words\">Firma FMP specjalizuje si\u0119 w projektowaniu i produkcji <strong>niestandardowe podw\u00f3jne ko\u0142a z\u0119bate walcowe<\/strong>, w tym <strong>plastikowe podw\u00f3jne ko\u0142a z\u0119bate walcowe<\/strong>, aby spe\u0142ni\u0107 Twoje wymagania. Niezale\u017cnie od tego, czy potrzebujesz konkretnego modu\u0142u, k\u0105ta nacisku, liczby z\u0119b\u00f3w czy materia\u0142u, nasi in\u017cynierowie s\u0105 gotowi je spe\u0142ni\u0107.<\/p>\n<p class=\"break-words\">Je\u015bli nie znajdziesz dok\u0142adnie takiego modelu, jakiego potrzebujesz na naszej li\u015bcie produkt\u00f3w, nie martw si\u0119 \u2013 nasz katalog stale si\u0119 powi\u0119ksza i niekt\u00f3re produkty mog\u0105 jeszcze nie by\u0107 dost\u0119pne. Wystarczy napisa\u0107 do nas na adres <a href=\"mailto:info@fmpcomponents.it\">info@fmpcomponents.it<\/a>\u00a0z Twoimi wymaganiami, a nasz zesp\u00f3\u0142 odpowie w ci\u0105gu <strong>24 godziny<\/strong> z dopasowanym rozwi\u0105zaniem. Od Mediolanu po Boloni\u0119, jeste\u015bmy zaanga\u017cowani w precyzyjne i szybkie zaspokajanie potrzeb w\u0142oskich firm.<\/p>\n<div>\n<h2>Wytrzyma\u0142e podw\u00f3jne ko\u0142a z\u0119bate walcowe do trudnych zastosowa\u0144<\/h2>\n<p class=\"break-words\">Dla bran\u017c wymagaj\u0105cych solidnych rozwi\u0105za\u0144, firma FMP produkuje wytrzyma\u0142e przek\u0142adnie z\u0119bate dwustronne, zaprojektowane z my\u015bl\u0105 o pracy w trudnych warunkach. Ko\u0142a te s\u0105 wytwarzane metod\u0105 ci\u0119cia maszynowego, ci\u0119cia gazowego lub ci\u0119cia laserowego (w przypadku cie\u0144szych materia\u0142\u00f3w), co pozwala na po\u0142\u0105czenie op\u0142acalno\u015bci z precyzj\u0105. Typowe zastosowania obejmuj\u0105:<\/p>\n<ul class=\"marker:text-secondary\">\n<li class=\"break-words\">G\u00f3rnictwo i wydobycie<\/li>\n<li class=\"break-words\">Budowa<\/li>\n<li class=\"break-words\">Operacje morskie i offshore<\/li>\n<li class=\"break-words\">Systemy odpad\u00f3w i recyklingu<\/li>\n<li class=\"break-words\">Zak\u0142ady uzdatniania wody<\/li>\n<\/ul>\n<p class=\"break-words\">Nasze wytrzyma\u0142e przek\u0142adnie gwarantuj\u0105 bezproblemowy monta\u017c i wyj\u0105tkow\u0105 trwa\u0142o\u015b\u0107, co czyni je niezawodnym wyborem dla przedsi\u0119biorstw na terenie ca\u0142ych W\u0142och.<\/p>\n<\/div>\n<\/div>\n<\/div>\n<\/div>","protected":false},"excerpt":{"rendered":"<p>Double Spur Gears: Engineered Excellence by FMP Company for Italy and Beyond As a leading Double Spur Gear manufacturer based in Italy, FMP Company is proud to deliver high-quality gear solutions to industries worldwide, including key Italian markets such as Milan, Venice, Florence, and Bologna. Specializing in a wide range of Double Spur Gears\u2014including plastic [&hellip;]<\/p>","protected":false},"featured_media":7433,"comment_status":"open","ping_status":"closed","template":"","meta":{"_et_pb_use_builder":"","_et_pb_old_content":"","_et_gb_content_width":""},"product_brand":[],"product_cat":[109],"product_tag":[],"class_list":{"0":"post-7423","1":"product","2":"type-product","3":"status-publish","4":"has-post-thumbnail","6":"product_cat-spur-gear","8":"first","9":"instock","10":"shipping-taxable","11":"product-type-simple"},"_links":{"self":[{"href":"https:\/\/fmp-components.com\/pl\/wp-json\/wp\/v2\/product\/7423","targetHints":{"allow":["GET"]}}],"collection":[{"href":"https:\/\/fmp-components.com\/pl\/wp-json\/wp\/v2\/product"}],"about":[{"href":"https:\/\/fmp-components.com\/pl\/wp-json\/wp\/v2\/types\/product"}],"replies":[{"embeddable":true,"href":"https:\/\/fmp-components.com\/pl\/wp-json\/wp\/v2\/comments?post=7423"}],"wp:featuredmedia":[{"embeddable":true,"href":"https:\/\/fmp-components.com\/pl\/wp-json\/wp\/v2\/media\/7433"}],"wp:attachment":[{"href":"https:\/\/fmp-components.com\/pl\/wp-json\/wp\/v2\/media?parent=7423"}],"wp:term":[{"taxonomy":"product_brand","embeddable":true,"href":"https:\/\/fmp-components.com\/pl\/wp-json\/wp\/v2\/product_brand?post=7423"},{"taxonomy":"product_cat","embeddable":true,"href":"https:\/\/fmp-components.com\/pl\/wp-json\/wp\/v2\/product_cat?post=7423"},{"taxonomy":"product_tag","embeddable":true,"href":"https:\/\/fmp-components.com\/pl\/wp-json\/wp\/v2\/product_tag?post=7423"}],"curies":[{"name":"wp","href":"https:\/\/api.w.org\/{rel}","templated":true}]}}