{"id":7420,"date":"2025-03-26T03:25:42","date_gmt":"2025-03-26T03:25:42","guid":{"rendered":"https:\/\/fmp-components.com\/?post_type=product&#038;p=7420"},"modified":"2025-03-26T08:36:10","modified_gmt":"2025-03-26T08:36:10","slug":"forging-spur-gear","status":"publish","type":"product","link":"https:\/\/fmp-components.com\/pl\/product\/forging-spur-gear\/","title":{"rendered":"Kucie k\u00f3\u0142 z\u0119batych"},"content":{"rendered":"<h2>Kucie k\u00f3\u0142 z\u0119batych walcowych: precyzyjna produkcja firmy FMP Company we W\u0142oszech i poza granicami kraju<\/h2>\n<p class=\"break-words\">Je\u015bli chodzi o produkcj\u0119 wysokiej jako\u015bci <a href=\"https:\/\/fmp-components.com\/pl\/spur-gear-2\/\">ko\u0142a z\u0119bate walcowe<\/a>Kucie pozostaje sprawdzon\u0105 i zaawansowan\u0105 technik\u0105 produkcyjn\u0105. W firmie FMP specjalizujemy si\u0119 w wytwarzaniu kutych k\u00f3\u0142 z\u0119batych walcowych, kt\u00f3re spe\u0142niaj\u0105 zr\u00f3\u017cnicowane potrzeby przemys\u0142u w ca\u0142ych W\u0142oszech \u2013 od mediola\u0144skich centr\u00f3w motoryzacyjnych, przez warsztaty in\u017cynieryjne w Wenecji, florenckich innowator\u00f3w w dziedzinie maszyn, po bolo\u0144skie pot\u0119gi przemys\u0142owe. Dostarczamy ko\u0142a z\u0119bate walcowe o kszta\u0142cie zbli\u017conym do rzeczywistego lub o kszta\u0142cie zbli\u017conym do rzeczywistego, kt\u00f3re wymagaj\u0105 minimalnej obr\u00f3bki wyko\u0144czeniowej, zapewniaj\u0105c wytrzyma\u0142o\u015b\u0107, trwa\u0142o\u015b\u0107 i wydajno\u015b\u0107 w zastosowaniach w motoryzacji, lotnictwie, rolnictwie, energetyce i innych bran\u017cach.<\/p>\n<p><img loading=\"lazy\" decoding=\"async\" class=\"size-full wp-image-7421 aligncenter\" src=\"https:\/\/fmp-components.com\/wp-content\/uploads\/2025\/03\/forged-spur-gears-product-1.webp\" alt=\"kute ko\u0142a z\u0119bate walcowe\" width=\"2000\" height=\"800\" title=\"\" srcset=\"https:\/\/fmp-components.com\/wp-content\/uploads\/2025\/03\/forged-spur-gears-product-1.webp 2000w, https:\/\/fmp-components.com\/wp-content\/uploads\/2025\/03\/forged-spur-gears-product-1-1280x512.webp 1280w, https:\/\/fmp-components.com\/wp-content\/uploads\/2025\/03\/forged-spur-gears-product-1-980x392.webp 980w, https:\/\/fmp-components.com\/wp-content\/uploads\/2025\/03\/forged-spur-gears-product-1-480x192.webp 480w\" sizes=\"(min-width: 0px) and (max-width: 480px) 480px, (min-width: 481px) and (max-width: 980px) 980px, (min-width: 981px) and (max-width: 1280px) 1280px, (min-width: 1281px) 2000px, 100vw\" \/><\/p>\n<h3>Czym s\u0105 kute ko\u0142a z\u0119bate walcowe?<\/h3>\n<p class=\"break-words\">Kute ko\u0142a z\u0119bate walcowe powstaj\u0105 w precyzyjnym procesie kucia matrycowego, w kt\u00f3rym rozgrzane wlewki metalu \u2013 takie jak stal niskostopowa, mosi\u0105dz, stopy aluminium, stal nierdzewna, tytan lub stopy \u017caroodporne \u2013 s\u0105 kszta\u0142towane pod du\u017cym ci\u015bnieniem za pomoc\u0105 specjalistycznych matryc. Proces ten powoduje \u015bci\u015bni\u0119cie ziarna metalu, co skutkuje uzyskaniem k\u00f3\u0142 z\u0119batych o wyj\u0105tkowej wytrzyma\u0142o\u015bci zm\u0119czeniowej i no\u015bno\u015bci. W przeciwie\u0144stwie do k\u00f3\u0142 z\u0119batych ci\u0119tych, kute ko\u0142a z\u0119bate walcowe charakteryzuj\u0105 si\u0119 konturowym przep\u0142ywem ziarna, kt\u00f3ry pod\u0105\u017ca za profilem z\u0119ba, co zwi\u0119ksza wytrzyma\u0142o\u015b\u0107 bez zwi\u0119kszania rozmiaru. W FMP stosujemy techniki takie jak kucie matrycowe i kucie wysokoenergetyczne (HERF), aby wytwarza\u0107 ko\u0142a z\u0119bate spe\u0142niaj\u0105ce rygorystyczne tolerancje i standardy wyko\u0144czenia powierzchni.<\/p>\n<div>\n<h3>Proces kucia w FMP<\/h3>\n<p class=\"break-words\">W firmie FMP Company, nasz proces kucia zosta\u0142 opracowany z my\u015bl\u0105 o precyzji, wydajno\u015bci i trwa\u0142o\u015bci, zaspokajaj\u0105c potrzeby szerokiego spektrum bran\u017c \u2013 w tym przemys\u0142u ci\u0119\u017ckiego we W\u0142oszech i za granic\u0105. Niezale\u017cnie od tego, czy chodzi o kompaktow\u0105 przek\u0142adni\u0119 z\u0119bat\u0105 czo\u0142ow\u0105 do zastosowa\u0144 w motoryzacji, czy o masywn\u0105, kut\u0105 przek\u0142adni\u0119 z\u0119bat\u0105 czo\u0142ow\u0105 40CrMn o \u015brednicy 600 mm do m\u0142yn\u00f3w kulowych, nasze zaawansowane techniki gwarantuj\u0105 najwy\u017csz\u0105 jako\u015b\u0107. Oto jak o\u017cywiamy nasze kute przek\u0142adnie z\u0119bate czo\u0142owe:<\/p>\n<ol class=\"marker:text-secondary\">\n<li class=\"break-words\"><strong>Ogrzewanie przek\u0142adni<\/strong>:Nagrzewamy k\u0119sy metalu do precyzyjnych temperatur \u2013 takich jak 1230\u00b0C dla stali 8620 lub dostosowanych zakres\u00f3w dla stali 40CrMn \u2013 aby poprawi\u0107 obrabialno\u015b\u0107 i zapewni\u0107 r\u00f3wnomierne kucie. Ten etap jest kluczowy dla uzyskania wytrzyma\u0142o\u015bci wymaganej w przypadku przek\u0142adni o du\u017cej wytrzyma\u0142o\u015bci.<\/li>\n<li class=\"break-words\"><strong>Kucie matrycowe<\/strong>Wykorzystuj\u0105c najnowocze\u015bniejsze prasy i kucie wysokoenergetyczne (HERF), kszta\u0142tujemy wlewki do form zbli\u017conych do gotowych, z minimaln\u0105 liczb\u0105 uderze\u0144. Szybkoobrotowe stemple generuj\u0105 si\u0142\u0119 rz\u0119du 353 000 J, aby wyku\u0107 ko\u0142o z\u0119bate o masie 4,5 kg z 75-milimetrowego wlewka ze stali 8620 w jednym uderzeniu, lub do 271 000 J w przypadku ko\u0142a zamachowego samochodowego o masie 11 kg, wykonanego z \u017celiwa szarego klasy 40.<\/li>\n<li class=\"break-words\"><strong>Przycinanie i wyka\u0144czanie<\/strong>Nadmiar materia\u0142u jest fachowo przycinany, a ko\u0142a z\u0119bate s\u0105 precyzyjnie dopracowywane zgodnie ze specyfikacj\u0105. W przypadku standardowych k\u00f3\u0142 z\u0119batych pozostawiamy 0,13\u20130,51 mm naddatku do obr\u00f3bki ko\u0144cowej, natomiast elementy o du\u017cej wytrzyma\u0142o\u015bci, takie jak nasze ko\u0142a z\u0119bate walcowe 40CrMn o \u015brednicy 600 mm do m\u0142yn\u00f3w kulowych, s\u0105 kute do wymiar\u00f3w zbli\u017conych do gotowych, z tolerancjami rz\u0119du +0,00\/-0,18 mm.<\/li>\n<\/ol>\n<h4>Kucie maszyn ci\u0119\u017ckich<\/h4>\n<p class=\"break-words\">Poza standardowymi zastosowaniami, FMP specjalizuje si\u0119 w produkcji kutych k\u00f3\u0142 z\u0119batych walcowych do maszyn ci\u0119\u017ckich. We\u017amy na przyk\u0142ad nasze kute ko\u0142o z\u0119bate walcowe 40CrMn: o \u015brednicy 600 mm, ten wytrzyma\u0142y element zosta\u0142 zaprojektowany specjalnie do m\u0142yn\u00f3w kulowych stosowanych w g\u00f3rnictwie i przetw\u00f3rstwie przemys\u0142owym. Wykute z wysokowytrzyma\u0142ej stali 40CrMn, oferuje wyj\u0105tkow\u0105 trwa\u0142o\u015b\u0107 i odporno\u015b\u0107 na zu\u017cycie, dzi\u0119ki czemu idealnie nadaje si\u0119 do wymagaj\u0105cych \u015brodowisk. Produkowane w Luoyang, ko\u0142o z\u0119bate jest dostarczane w minimalnej ilo\u015bci 10 sztuk, zapakowane w wytrzyma\u0142e drewniane skrzynie i dostarczone w ci\u0105gu 25 dni roboczych. Dzi\u0119ki zdolno\u015bci produkcyjnej 10 000 sztuk i maksymalnej masie odkuwki 40 ton, FMP jest w stanie sprosta\u0107 potrzebom w\u0142oskiego przemys\u0142u ci\u0119\u017ckiego \u2013 od zak\u0142ad\u00f3w produkcyjnych w Mediolanie po dostawc\u00f3w sprz\u0119tu g\u00f3rniczego w Bolonii.<\/p>\n<table style=\"border-collapse: collapse; width: 99.375%; height: 139px;\" border=\"0\" width=\"160\" cellspacing=\"0\" cellpadding=\"0\">\n<tbody>\n<tr style=\"height: 14.40pt;\">\n<td class=\"et2\" style=\"height: 28.8pt; width: 67.3831%;\" rowspan=\"2\" width=\"80\" height=\"48\"><img loading=\"lazy\" decoding=\"async\" class=\"alignnone size-full wp-image-7427\" src=\"https:\/\/fmp-components.com\/wp-content\/uploads\/2025\/03\/Forging-Spur-Gear-heavy-machinery-4.webp\" alt=\"Kucie k\u00f3\u0142 z\u0119batych walcowych i ci\u0119\u017ckich maszyn\" width=\"1024\" height=\"1024\" title=\"\" srcset=\"https:\/\/fmp-components.com\/wp-content\/uploads\/2025\/03\/Forging-Spur-Gear-heavy-machinery-4.webp 1024w, https:\/\/fmp-components.com\/wp-content\/uploads\/2025\/03\/Forging-Spur-Gear-heavy-machinery-4-980x980.webp 980w, https:\/\/fmp-components.com\/wp-content\/uploads\/2025\/03\/Forging-Spur-Gear-heavy-machinery-4-480x480.webp 480w\" sizes=\"(min-width: 0px) and (max-width: 480px) 480px, (min-width: 481px) and (max-width: 980px) 980px, (min-width: 981px) 1024px, 100vw\" \/><\/td>\n<td style=\"width: 32.4905%;\" align=\"right\" width=\"80\"><img loading=\"lazy\" decoding=\"async\" class=\"size-full wp-image-7426 aligncenter\" src=\"https:\/\/fmp-components.com\/wp-content\/uploads\/2025\/03\/Forging-Spur-Gear-heavy-machinery-3.webp\" alt=\"Kucie k\u00f3\u0142 z\u0119batych walcowych i ci\u0119\u017ckich maszyn\" width=\"1024\" height=\"1024\" title=\"\" srcset=\"https:\/\/fmp-components.com\/wp-content\/uploads\/2025\/03\/Forging-Spur-Gear-heavy-machinery-3.webp 1024w, https:\/\/fmp-components.com\/wp-content\/uploads\/2025\/03\/Forging-Spur-Gear-heavy-machinery-3-980x980.webp 980w, https:\/\/fmp-components.com\/wp-content\/uploads\/2025\/03\/Forging-Spur-Gear-heavy-machinery-3-480x480.webp 480w\" sizes=\"(min-width: 0px) and (max-width: 480px) 480px, (min-width: 481px) and (max-width: 980px) 980px, (min-width: 981px) 1024px, 100vw\" \/><\/td>\n<\/tr>\n<tr style=\"height: 14.40pt;\">\n<td style=\"width: 32.4905%;\" align=\"right\"><img loading=\"lazy\" decoding=\"async\" class=\"size-full wp-image-7428 aligncenter\" src=\"https:\/\/fmp-components.com\/wp-content\/uploads\/2025\/03\/Forging-Spur-Gear-heavy-machinery-5.webp\" alt=\"Kucie k\u00f3\u0142 z\u0119batych walcowych i ci\u0119\u017ckich maszyn\" width=\"1024\" height=\"1024\" title=\"\" srcset=\"https:\/\/fmp-components.com\/wp-content\/uploads\/2025\/03\/Forging-Spur-Gear-heavy-machinery-5.webp 1024w, https:\/\/fmp-components.com\/wp-content\/uploads\/2025\/03\/Forging-Spur-Gear-heavy-machinery-5-980x980.webp 980w, https:\/\/fmp-components.com\/wp-content\/uploads\/2025\/03\/Forging-Spur-Gear-heavy-machinery-5-480x480.webp 480w\" sizes=\"(min-width: 0px) and (max-width: 480px) 480px, (min-width: 481px) and (max-width: 980px) 980px, (min-width: 981px) 1024px, 100vw\" \/><\/td>\n<\/tr>\n<\/tbody>\n<\/table>\n<table style=\"border-collapse: collapse; width: 97.3538%; height: 5px;\" border=\"0\" width=\"162\" cellspacing=\"0\" cellpadding=\"0\">\n<tbody>\n<tr style=\"height: 14.40pt;\">\n<td style=\"height: 14.4pt; width: 43.6129%;\" align=\"right\" width=\"81\" height=\"24\"><img loading=\"lazy\" decoding=\"async\" class=\"size-full wp-image-7425 aligncenter\" src=\"https:\/\/fmp-components.com\/wp-content\/uploads\/2025\/03\/Forging-Spur-Gear-heavy-machinery-2.webp\" alt=\"Kucie k\u00f3\u0142 z\u0119batych walcowych i ci\u0119\u017ckich maszyn\" width=\"1024\" height=\"1024\" title=\"\" srcset=\"https:\/\/fmp-components.com\/wp-content\/uploads\/2025\/03\/Forging-Spur-Gear-heavy-machinery-2.webp 1024w, https:\/\/fmp-components.com\/wp-content\/uploads\/2025\/03\/Forging-Spur-Gear-heavy-machinery-2-980x980.webp 980w, https:\/\/fmp-components.com\/wp-content\/uploads\/2025\/03\/Forging-Spur-Gear-heavy-machinery-2-480x480.webp 480w\" sizes=\"(min-width: 0px) and (max-width: 480px) 480px, (min-width: 481px) and (max-width: 980px) 980px, (min-width: 981px) 1024px, 100vw\" \/><\/td>\n<td style=\"width: 56.2581%;\" align=\"right\" width=\"81\"><img loading=\"lazy\" decoding=\"async\" class=\"size-full wp-image-7429 aligncenter\" src=\"https:\/\/fmp-components.com\/wp-content\/uploads\/2025\/03\/Forging-Spur-Gear-heavy-machinery-1.webp\" alt=\"Kucie k\u00f3\u0142 z\u0119batych walcowych i ci\u0119\u017ckich maszyn\" width=\"1024\" height=\"768\" title=\"\" srcset=\"https:\/\/fmp-components.com\/wp-content\/uploads\/2025\/03\/Forging-Spur-Gear-heavy-machinery-1.webp 1024w, https:\/\/fmp-components.com\/wp-content\/uploads\/2025\/03\/Forging-Spur-Gear-heavy-machinery-1-980x735.webp 980w, https:\/\/fmp-components.com\/wp-content\/uploads\/2025\/03\/Forging-Spur-Gear-heavy-machinery-1-480x360.webp 480w\" sizes=\"(min-width: 0px) and (max-width: 480px) 480px, (min-width: 481px) and (max-width: 980px) 980px, (min-width: 981px) 1024px, 100vw\" \/><\/td>\n<\/tr>\n<\/tbody>\n<\/table>\n<h4>Doskona\u0142o\u015b\u0107 techniczna w ka\u017cdym biegu<\/h4>\n<p class=\"break-words\">Nasze mo\u017cliwo\u015bci obejmuj\u0105 produkcj\u0119 wa\u0142\u00f3w z\u0119batych o du\u017cych rozmiarach oraz kucie na zam\u00f3wienie, takie jak nasze specjalnie zaprojektowane wa\u0142ki z\u0119bate walcowe o du\u017cym module, wykonane z materia\u0142\u00f3w takich jak 35#, 45#, 40Cr lub 42CrMo. Elementy te, o \u015brednicach do 1850 mm i d\u0142ugo\u015bciach do 12 metr\u00f3w, s\u0105 szeroko stosowane w przek\u0142adniach, mechanizmach zmiany pr\u0119dko\u015bci oraz uk\u0142adach obrotowych w urz\u0105dzeniach cywilnych i przemys\u0142owych. Dzi\u0119ki precyzji obr\u00f3bki 0,01 mm i rygorystycznym testom (ultrad\u017awi\u0119kowym, magnetycznym, rozci\u0105gaj\u0105cym i penetracyjnym), gwarantujemy, \u017ce ka\u017cde ko\u0142o z\u0119bate spe\u0142nia mi\u0119dzynarodowe normy, takie jak DIN, GB i ISO.<\/p>\n<h4>Przyk\u0142ady ze \u015bwiata rzeczywistego<\/h4>\n<ul class=\"marker:text-secondary\">\n<li class=\"break-words\">Ko\u0142o z\u0119bate walcowe o masie 4,5 kg, wykute ze stali 8620, osi\u0105ga kszta\u0142t zbli\u017cony do kszta\u0142tu gotowego, z rdzeniem o grubo\u015bci ko\u0144cowej i minimalnym zapasem z\u0119b\u00f3w, co pozwala na wyko\u0144czenie w zastosowaniach takich jak skrzynie bieg\u00f3w samochodowe.<\/li>\n<li class=\"break-words\">Ko\u0142o zamachowe samochodowe o masie 11 kg, odkute z \u017celiwa szarego klasy 40 w temperaturze 955\u00b0C i energii 271 000 J, spe\u0142nia rygorystyczne wymagania, umo\u017cliwiaj\u0105c natychmiastowe u\u017cycie.<\/li>\n<li class=\"break-words\">Nasze ko\u0142o z\u0119bate walcowe o \u015brednicy 600 mm wykonane ze stali 40CrMn, przeznaczone do m\u0142yn\u00f3w kulowych, jest dowodem naszych mo\u017cliwo\u015bci w zakresie kucia du\u017cych, wysokowydajnych k\u00f3\u0142 z\u0119batych do ci\u0119\u017ckich maszyn. Na \u017cyczenie klienta oferujemy obr\u00f3bk\u0119 powierzchni, np. hartowanie lub polerowanie.<\/li>\n<\/ul>\n<p class=\"break-words\">W firmie FMP \u0142\u0105czymy precyzj\u0119 kucia z umiej\u0119tno\u015bci\u0105 wytrzymywania du\u017cych obci\u0105\u017ce\u0144, dzi\u0119ki czemu nasze ko\u0142a z\u0119bate charakteryzuj\u0105 si\u0119 niezr\u00f3wnan\u0105 niezawodno\u015bci\u0105 i wydajno\u015bci\u0105.<\/p>\n<table style=\"border-collapse: collapse; width: 99.875%; height: 99px;\" border=\"0\" width=\"160\" cellspacing=\"0\" cellpadding=\"0\">\n<tbody>\n<tr style=\"height: 14.40pt;\">\n<td style=\"height: 14.40pt; width: 48.00pt;\" align=\"right\" width=\"80\" height=\"24\"><img loading=\"lazy\" decoding=\"async\" class=\"size-full wp-image-7430 aligncenter\" src=\"https:\/\/fmp-components.com\/wp-content\/uploads\/2025\/03\/Forging-Spur-Gear-heavy-machinery-7.webp\" alt=\"Kucie k\u00f3\u0142 z\u0119batych walcowych i ci\u0119\u017ckich maszyn\" width=\"680\" height=\"680\" title=\"\" srcset=\"https:\/\/fmp-components.com\/wp-content\/uploads\/2025\/03\/Forging-Spur-Gear-heavy-machinery-7.webp 680w, https:\/\/fmp-components.com\/wp-content\/uploads\/2025\/03\/Forging-Spur-Gear-heavy-machinery-7-480x480.webp 480w\" sizes=\"(min-width: 0px) and (max-width: 480px) 480px, (min-width: 481px) 680px, 100vw\" \/><\/td>\n<td style=\"width: 48.00pt;\" align=\"right\" width=\"80\"><img loading=\"lazy\" decoding=\"async\" class=\"size-full wp-image-7431 aligncenter\" src=\"https:\/\/fmp-components.com\/wp-content\/uploads\/2025\/03\/Forging-Spur-Gear-heavy-machinery-6.webp\" alt=\"Kucie k\u00f3\u0142 z\u0119batych walcowych i ci\u0119\u017ckich maszyn\" width=\"680\" height=\"680\" title=\"\" srcset=\"https:\/\/fmp-components.com\/wp-content\/uploads\/2025\/03\/Forging-Spur-Gear-heavy-machinery-6.webp 680w, https:\/\/fmp-components.com\/wp-content\/uploads\/2025\/03\/Forging-Spur-Gear-heavy-machinery-6-480x480.webp 480w\" sizes=\"(min-width: 0px) and (max-width: 480px) 480px, (min-width: 481px) 680px, 100vw\" \/><\/td>\n<\/tr>\n<\/tbody>\n<\/table>\n<\/div>","protected":false},"excerpt":{"rendered":"<p>Forging Spur Gears: Precision Manufacturing by FMP Company for Italy and Beyond When it comes to producing high-quality spur gears, forging remains a time-honored and advanced manufacturing technique. At FMP Company, we specialize in crafting forging spur gears that meet the diverse needs of industries across Italy\u2014from Milan\u2019s automotive hubs to Venice\u2019s engineering workshops, Florence\u2019s [&hellip;]<\/p>","protected":false},"featured_media":7422,"comment_status":"open","ping_status":"closed","template":"","meta":{"_et_pb_use_builder":"","_et_pb_old_content":"","_et_gb_content_width":""},"product_brand":[],"product_cat":[109],"product_tag":[],"class_list":{"0":"post-7420","1":"product","2":"type-product","3":"status-publish","4":"has-post-thumbnail","6":"product_cat-spur-gear","8":"first","9":"instock","10":"shipping-taxable","11":"product-type-simple"},"_links":{"self":[{"href":"https:\/\/fmp-components.com\/pl\/wp-json\/wp\/v2\/product\/7420","targetHints":{"allow":["GET"]}}],"collection":[{"href":"https:\/\/fmp-components.com\/pl\/wp-json\/wp\/v2\/product"}],"about":[{"href":"https:\/\/fmp-components.com\/pl\/wp-json\/wp\/v2\/types\/product"}],"replies":[{"embeddable":true,"href":"https:\/\/fmp-components.com\/pl\/wp-json\/wp\/v2\/comments?post=7420"}],"wp:featuredmedia":[{"embeddable":true,"href":"https:\/\/fmp-components.com\/pl\/wp-json\/wp\/v2\/media\/7422"}],"wp:attachment":[{"href":"https:\/\/fmp-components.com\/pl\/wp-json\/wp\/v2\/media?parent=7420"}],"wp:term":[{"taxonomy":"product_brand","embeddable":true,"href":"https:\/\/fmp-components.com\/pl\/wp-json\/wp\/v2\/product_brand?post=7420"},{"taxonomy":"product_cat","embeddable":true,"href":"https:\/\/fmp-components.com\/pl\/wp-json\/wp\/v2\/product_cat?post=7420"},{"taxonomy":"product_tag","embeddable":true,"href":"https:\/\/fmp-components.com\/pl\/wp-json\/wp\/v2\/product_tag?post=7420"}],"curies":[{"name":"wp","href":"https:\/\/api.w.org\/{rel}","templated":true}]}}