{"id":7404,"date":"2025-03-25T07:23:21","date_gmt":"2025-03-25T07:23:21","guid":{"rendered":"https:\/\/fmp-components.com\/?post_type=product&#038;p=7404"},"modified":"2025-03-26T08:39:36","modified_gmt":"2025-03-26T08:39:36","slug":"medical-stainless-spur-gear","status":"publish","type":"product","link":"https:\/\/fmp-components.com\/pl\/product\/medical-stainless-spur-gear\/","title":{"rendered":"Medyczna przek\u0142adnia z\u0119bata ze stali nierdzewnej"},"content":{"rendered":"<div>\n<h3>Przek\u0142adnie walcowe ze stali nierdzewnej w zastosowaniach medycznych<\/h3>\n<p class=\"break-words\">Je\u015bli chodzi o precyzj\u0119 wykonania, przek\u0142adnie z\u0119bate ze stali nierdzewnej wyr\u00f3\u017cniaj\u0105 si\u0119 jako kluczowy element w r\u00f3\u017cnych bran\u017cach, a szczeg\u00f3lnie w sektorze medycznym. W FMP specjalizujemy si\u0119 w produkcji wysokiej jako\u015bci przek\u0142adni z\u0119batych ze stali nierdzewnej, dostosowanych do rygorystycznych wymaga\u0144 sprz\u0119tu medycznego. Niezale\u017cnie od tego, czy mieszkasz w Mediolanie, Wenecji, Florencji, Bolonii, czy gdziekolwiek indziej we W\u0142oszech, nasze do\u015bwiadczenie gwarantuje, \u017ce Twoje potrzeby w zakresie trwa\u0142o\u015bci i niezawodno\u015bci zostan\u0105 zaspokojone. <a href=\"https:\/\/fmp-components.com\/pl\/spur-gear-2\/\">ko\u0142a z\u0119bate walcowe<\/a> spotykaj\u0105 si\u0119 z doskona\u0142o\u015bci\u0105.<\/p>\n<table style=\"border-collapse: collapse; width: 98.7077%; height: 14px;\" border=\"0\" width=\"162\" cellspacing=\"0\" cellpadding=\"0\">\n<tbody>\n<tr style=\"height: 14.40pt;\">\n<td style=\"height: 14px; width: 49.8728%;\" align=\"right\" width=\"81\" height=\"24\"><img loading=\"lazy\" decoding=\"async\" class=\"size-full wp-image-7414 aligncenter\" src=\"https:\/\/fmp-components.com\/wp-content\/uploads\/2025\/03\/Stainless-steel-Spur-Gear-1.webp\" alt=\"Przek\u0142adnia z\u0119bata ze stali nierdzewnej\" width=\"250\" height=\"250\" title=\"\" srcset=\"https:\/\/fmp-components.com\/wp-content\/uploads\/2025\/03\/Stainless-steel-Spur-Gear-1.webp 250w, https:\/\/fmp-components.com\/wp-content\/uploads\/2025\/03\/Stainless-steel-Spur-Gear-1-150x150.webp 150w, https:\/\/fmp-components.com\/wp-content\/uploads\/2025\/03\/Stainless-steel-Spur-Gear-1-12x12.webp 12w, https:\/\/fmp-components.com\/wp-content\/uploads\/2025\/03\/Stainless-steel-Spur-Gear-1-100x100.webp 100w\" sizes=\"(max-width: 250px) 100vw, 250px\" \/><\/td>\n<td style=\"width: 49.8728%; height: 14px;\" align=\"right\" width=\"81\"><img loading=\"lazy\" decoding=\"async\" class=\"size-full wp-image-7413 aligncenter\" src=\"https:\/\/fmp-components.com\/wp-content\/uploads\/2025\/03\/Stainless-steel-Spur-Gear-2.webp\" alt=\"Przek\u0142adnia z\u0119bata ze stali nierdzewnej\" width=\"300\" height=\"300\" title=\"\" srcset=\"https:\/\/fmp-components.com\/wp-content\/uploads\/2025\/03\/Stainless-steel-Spur-Gear-2.webp 300w, https:\/\/fmp-components.com\/wp-content\/uploads\/2025\/03\/Stainless-steel-Spur-Gear-2-150x150.webp 150w, https:\/\/fmp-components.com\/wp-content\/uploads\/2025\/03\/Stainless-steel-Spur-Gear-2-12x12.webp 12w, https:\/\/fmp-components.com\/wp-content\/uploads\/2025\/03\/Stainless-steel-Spur-Gear-2-100x100.webp 100w\" sizes=\"(max-width: 300px) 100vw, 300px\" \/><\/td>\n<\/tr>\n<\/tbody>\n<\/table>\n<h2>Czym s\u0105 ko\u0142a z\u0119bate walcowe ze stali nierdzewnej?<\/h2>\n<p class=\"break-words\">Przek\u0142adnie walcowe to najprostszy i najbardziej ekonomiczny rodzaj przek\u0142adni precyzyjnych, charakteryzuj\u0105cy si\u0119 prostymi z\u0119bami ustawionymi r\u00f3wnolegle do osi obrotu. Przek\u0142adnie te efektywnie przenosz\u0105 ruch i moc mi\u0119dzy r\u00f3wnoleg\u0142ymi wa\u0142ami, obracaj\u0105cymi si\u0119 w przeciwnych kierunkach. Stal nierdzewna, dzi\u0119ki swojej odporno\u015bci na korozj\u0119 i trwa\u0142o\u015bci, sprawia, \u017ce \u200b\u200bprzek\u0142adnie te s\u0105 idealnym wyborem do zastosowa\u0144 wymagaj\u0105cych higieny i trwa\u0142o\u015bci \u2013 cech kluczowych w medycynie.<\/p>\n<p class=\"break-words\">W FMP oferujemy ko\u0142a z\u0119bate walcowe, kt\u00f3re spe\u0142niaj\u0105, a nawet przewy\u017cszaj\u0105 standardy jako\u015bci AGMA (American Gear Manufacturers Association). Nasze ko\u0142a z\u0119bate walcowe ze stali nierdzewnej s\u0105 dost\u0119pne w r\u00f3\u017cnych wariantach, w tym z k\u0105tami przyporu 14,5\u00b0 lub 20\u00b0, r\u00f3\u017cnymi \u015brednicami otwor\u00f3w i \u015brednic\u0105 podzia\u0142ow\u0105 od 4 DP do 96 DP.<\/p>\n<\/div>\n<h2>Specyfikacja<\/h2>\n<p>Wymiary: \u03a63 mm - \u03a6120 mm<br \/>\nModu\u0142: M0.25<br \/>\nTyp materia\u0142u: Stal nierdzewna, zgodnie z wymaganiami klienta<\/p>\n<div class=\"table-responsive\">\n<table class=\"table\" style=\"width: 101.186%; height: 344px;\" border=\"1\">\n<tbody>\n<tr>\n<td colspan=\"2\">Medyczna przek\u0142adnia z\u0119bata ze stali nierdzewnej<\/td>\n<\/tr>\n<tr>\n<td>Wymiar<\/td>\n<td>\u03a65mm<\/td>\n<\/tr>\n<tr>\n<td>Modu\u0142<\/td>\n<td>M0,15, M0,2, M0,25-M0,8, M0,8<br \/>\nM1.0<\/td>\n<\/tr>\n<tr>\n<td>Rodzaj materia\u0142u<\/td>\n<td>Stal nierdzewna<\/td>\n<\/tr>\n<tr>\n<td>Stopie\u0144 siatki<\/td>\n<td>ISO 6, JGMA 1, JIS 6, AGMA 13, DIN 6,Din5,AGMA12<\/td>\n<\/tr>\n<tr>\n<td>Aplikacja<\/td>\n<td>Motoryzacja, wojsko, lotnictwo, mechanika,<\/td>\n<\/tr>\n<tr>\n<td>Dostosowane<\/td>\n<td>ODM\/OEM<\/td>\n<\/tr>\n<tr>\n<td>Pr\u00f3bka<\/td>\n<td>Dost\u0119pna pr\u00f3bka<\/td>\n<\/tr>\n<tr>\n<td>Sposoby pakowania<\/td>\n<td>Pakowane pr\u00f3\u017cniowo z plastikow\u0105 tack\u0105<\/td>\n<\/tr>\n<tr>\n<td>Sposoby dostawy<\/td>\n<td>DHL UPS<\/td>\n<\/tr>\n<tr>\n<td>Certyfikat<\/td>\n<td>ISO 9001: 2008\/TS16949<\/td>\n<\/tr>\n<\/tbody>\n<\/table>\n<div>\n<h3>Zastosowania przek\u0142adni z\u0119batych walcowych ze stali nierdzewnej w sprz\u0119cie medycznym<\/h3>\n<p class=\"break-words\">W bran\u017cy medycznej precyzja, niezawodno\u015b\u0107 i czysto\u015b\u0107 s\u0105 nie do podwa\u017cenia. Ko\u0142a z\u0119bate walcowe ze stali nierdzewnej odgrywaj\u0105 kluczow\u0105 rol\u0119 w urz\u0105dzeniach takich jak:<\/p>\n<ul class=\"marker:text-secondary\">\n<li class=\"break-words\"><strong>Wir\u00f3wki<\/strong>:U\u017cywane w laboratoriach w Mediolanie i Bolonii do rozdzielania p\u0142yn\u00f3w, maszyny te wykorzystuj\u0105 przek\u0142adnie z\u0119bate walcowe w celu zapewnienia sta\u0142ej mocy obrotowej.<\/li>\n<li class=\"break-words\"><strong>Pompy medyczne<\/strong>:Od pomp infuzyjnych po urz\u0105dzenia do dializ, ko\u0142a z\u0119bate ze stali nierdzewnej zapewniaj\u0105 p\u0142ynne i precyzyjne podawanie p\u0142yn\u00f3w, co jest konieczno\u015bci\u0105 w szpitalach w Wenecji i Florencji.<\/li>\n<li class=\"break-words\"><strong>Narz\u0119dzia chirurgiczne<\/strong>:Precyzyjne instrumenty, takie jak systemy chirurgii robotycznej, wymagaj\u0105 trwa\u0142o\u015bci i odporno\u015bci na korozj\u0119 k\u00f3\u0142 z\u0119batych ze stali nierdzewnej, aby zapewni\u0107 niezawodn\u0105 prac\u0119.<\/li>\n<li class=\"break-words\"><strong>Podno\u015bniki i urz\u0105dzenia podnosz\u0105ce<\/strong>:W sprz\u0119cie rehabilitacyjnym lub sto\u0142ach operacyjnych przek\u0142adnie z\u0119bate walcowe zapewniaj\u0105 przewag\u0119 mechaniczn\u0105 niezb\u0119dn\u0105 do bezpiecznego obchodzenia si\u0119 z pacjentem.<\/li>\n<\/ul>\n<p class=\"break-words\">Wrodzone w\u0142a\u015bciwo\u015bci stali nierdzewnej \u2014 odporno\u015b\u0107 na rdz\u0119, \u0142atwo\u015b\u0107 sterylizacji i wytrzyma\u0142o\u015b\u0107 \u2014 sprawiaj\u0105, \u017ce jest to materia\u0142 pierwszego wyboru w tego typu zastosowaniach, gwarantuj\u0105cy zgodno\u015b\u0107 z rygorystycznymi normami medycznymi.<\/p>\n<div>\n<h4>FMP: Tw\u00f3j zaufany partner w zakresie przek\u0142adni z\u0119batych ze stali nierdzewnej we W\u0142oszech<\/h4>\n<p class=\"break-words\">W FMP szczycimy si\u0119 tym, \u017ce jeste\u015bmy wiod\u0105cym producentem przek\u0142adni z\u0119batych walcowych ze stali nierdzewnej, obs\u0142uguj\u0105cym producent\u00f3w OEM, dystrybutor\u00f3w i rynek maszyn precyzyjnych. Bazuj\u0105c na wieloletnim do\u015bwiadczeniu, produkujemy szerok\u0105 gam\u0119 przek\u0142adni walcowych walcowych z r\u00f3\u017cnych materia\u0142\u00f3w, w tym stali, stali nierdzewnej, aluminium i mosi\u0105dzu. Nasza oferta obejmuje:<\/p>\n<ul class=\"marker:text-secondary\">\n<li class=\"break-words\"><strong>Standardowe ko\u0142a z\u0119bate walcowe<\/strong>Dost\u0119pne z piastami, \u015brednicami otwor\u00f3w od 0,437 cala i mo\u017cliwo\u015bci\u0105 dostosowania \u015brednicy podzia\u0142owej.<\/li>\n<li class=\"break-words\"><strong>Niestandardowe ko\u0142a z\u0119bate walcowe<\/strong>:Dostosowane do Twoich konkretnych wymaga\u0144, niezale\u017cnie od tego, czy chodzi o unikaln\u0105 liczb\u0119 z\u0119b\u00f3w, k\u0105t nacisku czy materia\u0142.<\/li>\n<\/ul>\n<p class=\"break-words\">Rozumiemy, \u017ce ka\u017cdy projekt jest wyj\u0105tkowy. Dlatego oferujemy klientom z ca\u0142ych W\u0142och, od t\u0119tni\u0105cych \u017cyciem centr\u00f3w przemys\u0142owych Mediolanu po innowacyjne centra technologiczne Wenecji, produkcj\u0119 przek\u0142adni na zam\u00f3wienie. Niezale\u017cnie od tego, czy potrzebujesz k\u00f3\u0142 z\u0119batych walcowych, sto\u017ckowych, \u015brubowych, czy nawet p\u00f3\u0142fabrykat\u00f3w, nasi in\u017cynierowie s\u0105 gotowi dostarczy\u0107 precyzyjnie wykonane rozwi\u0105zania.<\/p>\n<h4>Nie mo\u017cesz znale\u017a\u0107 swojego modelu? Skontaktuj si\u0119 z nami!<\/h4>\n<p class=\"break-words\">Je\u015bli przegl\u0105dasz nasz\u0105 list\u0119 produkt\u00f3w i nie widzisz dok\u0142adnie takiego ko\u0142a z\u0119batego ze stali nierdzewnej, jakiego potrzebujesz, nie martw si\u0119 \u2013 prawdopodobnie nie mieli\u015bmy jeszcze okazji go opublikowa\u0107. Nasz asortyment jest ogromny, a mo\u017cliwo\u015bci znacznie wykraczaj\u0105 poza list\u0119. Wystarczy wys\u0142a\u0107 nam e-mail ze swoimi wymaganiami, a nasz zesp\u00f3\u0142 odpowie w ci\u0105gu kilku minut. <strong>24 godziny<\/strong>.<\/p>\n<p class=\"break-words\">\n<\/div>\n<\/div>\n<\/div>","protected":false},"excerpt":{"rendered":"<p>Stainless Steel Spur Gears in Medical Applications When it comes to precision engineering, stainless steel spur gears stand out as a vital component across various industries, particularly in the medical sector. At FMP, we specialize in producing high-quality stainless steel spur gears tailored to meet the rigorous demands of medical equipment. Whether you\u2019re in Milan, [&hellip;]<\/p>","protected":false},"featured_media":7412,"comment_status":"open","ping_status":"closed","template":"","meta":{"_et_pb_use_builder":"","_et_pb_old_content":"","_et_gb_content_width":""},"product_brand":[],"product_cat":[109],"product_tag":[],"class_list":{"0":"post-7404","1":"product","2":"type-product","3":"status-publish","4":"has-post-thumbnail","6":"product_cat-spur-gear","8":"first","9":"instock","10":"shipping-taxable","11":"product-type-simple"},"_links":{"self":[{"href":"https:\/\/fmp-components.com\/pl\/wp-json\/wp\/v2\/product\/7404","targetHints":{"allow":["GET"]}}],"collection":[{"href":"https:\/\/fmp-components.com\/pl\/wp-json\/wp\/v2\/product"}],"about":[{"href":"https:\/\/fmp-components.com\/pl\/wp-json\/wp\/v2\/types\/product"}],"replies":[{"embeddable":true,"href":"https:\/\/fmp-components.com\/pl\/wp-json\/wp\/v2\/comments?post=7404"}],"wp:featuredmedia":[{"embeddable":true,"href":"https:\/\/fmp-components.com\/pl\/wp-json\/wp\/v2\/media\/7412"}],"wp:attachment":[{"href":"https:\/\/fmp-components.com\/pl\/wp-json\/wp\/v2\/media?parent=7404"}],"wp:term":[{"taxonomy":"product_brand","embeddable":true,"href":"https:\/\/fmp-components.com\/pl\/wp-json\/wp\/v2\/product_brand?post=7404"},{"taxonomy":"product_cat","embeddable":true,"href":"https:\/\/fmp-components.com\/pl\/wp-json\/wp\/v2\/product_cat?post=7404"},{"taxonomy":"product_tag","embeddable":true,"href":"https:\/\/fmp-components.com\/pl\/wp-json\/wp\/v2\/product_tag?post=7404"}],"curies":[{"name":"wp","href":"https:\/\/api.w.org\/{rel}","templated":true}]}}