{"id":7384,"date":"2025-03-24T06:59:56","date_gmt":"2025-03-24T06:59:56","guid":{"rendered":"https:\/\/fmp-components.com\/?post_type=product&#038;p=7384"},"modified":"2025-03-26T08:41:37","modified_gmt":"2025-03-26T08:41:37","slug":"ground-helical-gears","status":"publish","type":"product","link":"https:\/\/fmp-components.com\/pl\/product\/ground-helical-gears\/","title":{"rendered":"Przek\u0142adnie \u015blimakowe szlifowane"},"content":{"rendered":"<div>\n<p class=\"break-words\">Gdy precyzja, trwa\u0142o\u015b\u0107 i p\u0142ynna praca s\u0105 priorytetem, szlifowane przek\u0142adnie \u015brubowe staj\u0105 si\u0119 wyj\u0105tkowym wyborem dla uk\u0142ad\u00f3w przeniesienia nap\u0119du. Przek\u0142adnie te, charakteryzuj\u0105ce si\u0119 k\u0105towymi z\u0119bami i precyzyjnie oszlifowanymi powierzchniami, zapewniaj\u0105 doskona\u0142\u0105 wydajno\u015b\u0107 w zastosowaniach wymagaj\u0105cych du\u017cych obci\u0105\u017ce\u0144 i pr\u0119dko\u015bci. W firmie FMP z dum\u0105 produkujemy szerok\u0105 gam\u0119 szlifowanych przek\u0142adni. <a href=\"https:\/\/fmp-components.com\/pl\/helical-gears\/\">ko\u0142a z\u0119bate \u015brubowe<\/a>, obs\u0142uguj\u0105c bran\u017ce na ca\u0142ym \u015bwiecie, oferuj\u0105c zar\u00f3wno rozwi\u0105zania standardowe, jak i niestandardowe. W tym artykule przyjrzymy si\u0119 zastosowanym materia\u0142om, dost\u0119pnym modelom i sposobowi, w jaki FMP dostarcza najwy\u017cszej jako\u015bci przek\u0142adnie dopasowane do Twoich potrzeb.<\/p>\n<h2>Czym s\u0105 przek\u0142adnie z\u0119bate \u015brubowe szlifowane?<\/h2>\n<p class=\"break-words\">Szlifowane ko\u0142a z\u0119bate \u015brubowe to rodzaj przek\u0142adni \u015brubowej, w kt\u00f3rej powierzchnie z\u0119b\u00f3w s\u0105 precyzyjnie szlifowane po obr\u00f3bce cieplnej, co zapewnia wyj\u0105tkow\u0105 dok\u0142adno\u015b\u0107 i g\u0142adko\u015b\u0107 pracy. Konstrukcja \u015brubowa \u2013 z z\u0119bami \u015bci\u0119tymi pod k\u0105tem do osi ko\u0142a z\u0119batego \u2013 zapewnia stopniowe zaz\u0119bianie, redukuj\u0105c ha\u0142as i wibracje w por\u00f3wnaniu z ko\u0142ami z\u0119batymi walcowymi. Proces szlifowania poprawia wyko\u0144czenie powierzchni i precyzj\u0119 wymiarow\u0105, dzi\u0119ki czemu ko\u0142a te idealnie nadaj\u0105 si\u0119 do zastosowa\u0144 wymagaj\u0105cych minimalnego luzu i maksymalnej wydajno\u015bci, takich jak skrzynie bieg\u00f3w, systemy samochodowe i maszyny przemys\u0142owe.<\/p>\n<\/div>\n<h2>Specyfikacja<\/h2>\n<table style=\"width: 100%;\" border=\"1\" width=\"100%\" cellspacing=\"0\" cellpadding=\"0\">\n<thead><\/thead>\n<tbody>\n<tr>\n<td>Typ otworu<\/td>\n<td>Grunt<\/td>\n<\/tr>\n<tr>\n<td>Modu\u0142 poprzeczny<\/td>\n<td>1<\/td>\n<\/tr>\n<tr>\n<td>Ilo\u015b\u0107 z\u0119b\u00f3w<\/td>\n<td>100<\/td>\n<\/tr>\n<tr>\n<td>Kierunek Helix<\/td>\n<td>Lewa r\u0119ka<\/td>\n<\/tr>\n<tr>\n<td>Kszta\u0142t<\/td>\n<td>S1<\/td>\n<\/tr>\n<tr>\n<td>Otw\u00f3r (A)<\/td>\n<td>15,0 (mm)<\/td>\n<\/tr>\n<tr>\n<td>\u015arednica piasty (B)<\/td>\n<td>50,0 (mm)<\/td>\n<\/tr>\n<tr>\n<td>\u015arednica podzia\u0142owa (C)<\/td>\n<td>100,00 (mm)<\/td>\n<\/tr>\n<tr>\n<td>\u015arednica zewn\u0119trzna (D)<\/td>\n<td>102,00 (mm)<\/td>\n<\/tr>\n<tr>\n<td>Szeroko\u015b\u0107 twarzy (E)<\/td>\n<td>8,0 (mm)<\/td>\n<\/tr>\n<tr>\n<td>Szeroko\u015b\u0107 piasty (F)<\/td>\n<td>10,0 (mm)<\/td>\n<\/tr>\n<tr>\n<td>D\u0142ugo\u015b\u0107 ca\u0142kowita (G)<\/td>\n<td>18,00 (mm)<\/td>\n<\/tr>\n<tr>\n<td>K\u0105t helisy<\/td>\n<td>21\u00b030\u2032<\/td>\n<\/tr>\n<tr>\n<td>K\u0105t ci\u015bnienia<\/td>\n<td>20\u00b0<\/td>\n<\/tr>\n<\/tbody>\n<\/table>\n<div>\n<h3>Materia\u0142y stosowane w przek\u0142adniach \u015brubowych szlifowanych<\/h3>\n<p class=\"break-words\">Wyb\u00f3r materia\u0142u ma kluczowe znaczenie dla wydajno\u015bci szlifowanych przek\u0142adni \u015brubowych. W FMP dobieramy wysokiej jako\u015bci materia\u0142y, aby zapewni\u0107 wytrzyma\u0142o\u015b\u0107, odporno\u015b\u0107 na zu\u017cycie i d\u0142ugowieczno\u015b\u0107. Poni\u017cej znajduje si\u0119 tabela ze szczeg\u00f3\u0142owym zestawieniem popularnych materia\u0142\u00f3w i ich w\u0142a\u015bciwo\u015bci:<\/p>\n<div class=\"overflow-x-auto my-2\">\n<table style=\"width: 100%;\" border=\"1\" width=\"100%\" cellspacing=\"0\" cellpadding=\"0\">\n<thead class=\"border-b border-primary\/20\">\n<tr class=\"border-primary\/10\">\n<th class=\"break-words\"><strong>Tworzywo<\/strong><\/th>\n<th class=\"break-words\"><strong>W\u0142a\u015bciwo\u015bci<\/strong><\/th>\n<th class=\"break-words\"><strong>Typowe zastosowania<\/strong><\/th>\n<\/tr>\n<\/thead>\n<tbody>\n<tr class=\"border-primary\/10\">\n<td class=\"break-words\"><strong>Stal w\u0119glowa (np. C45)<\/strong><\/td>\n<td class=\"break-words\">Wysoka wytrzyma\u0142o\u015b\u0107, op\u0142acalno\u015b\u0107, dobra obrabialno\u015b\u0107<\/td>\n<td class=\"break-words\">Maszyny og\u00f3lne, przek\u0142adnie samochodowe<\/td>\n<\/tr>\n<tr class=\"border-primary\/10\">\n<td class=\"break-words\"><strong>Stal stopowa (np. 4140)<\/strong><\/td>\n<td class=\"break-words\">Zwi\u0119kszona wytrzyma\u0142o\u015b\u0107, odporno\u015b\u0107 na zu\u017cycie<\/td>\n<td class=\"break-words\">Przek\u0142adnie o du\u017cej wytrzyma\u0142o\u015bci, nap\u0119dy przemys\u0142owe<\/td>\n<\/tr>\n<tr class=\"border-primary\/10\">\n<td class=\"break-words\"><strong>Stal nierdzewna<\/strong><\/td>\n<td class=\"break-words\">Odporno\u015b\u0107 na korozj\u0119, trwa\u0142o\u015b\u0107<\/td>\n<td class=\"break-words\">Przetw\u00f3rstwo \u017cywno\u015bci, zastosowania morskie<\/td>\n<\/tr>\n<tr class=\"border-primary\/10\">\n<td class=\"break-words\"><strong>Stal hartowana powierzchniowo<\/strong><\/td>\n<td class=\"break-words\">Twarda powierzchnia, wytrzyma\u0142y rdze\u0144<\/td>\n<td class=\"break-words\">Systemy o du\u017cym obci\u0105\u017ceniu i wysokiej precyzji<\/td>\n<\/tr>\n<tr class=\"border-primary\/10\">\n<td class=\"break-words\"><strong>Stal narz\u0119dziowa<\/strong><\/td>\n<td class=\"break-words\">Ekstremalna twardo\u015b\u0107, odporno\u015b\u0107 na ciep\u0142o<\/td>\n<td class=\"break-words\">Specjalistyczne maszyny szybkobie\u017cne<\/td>\n<\/tr>\n<\/tbody>\n<\/table>\n<\/div>\n<p class=\"break-words\">Materia\u0142y te pozwalaj\u0105 nam produkowa\u0107 ko\u0142a z\u0119bate, kt\u00f3re wytrzymuj\u0105 trudy wymagaj\u0105cych \u015brodowisk, od zak\u0142ad\u00f3w przemys\u0142owych po warsztaty precyzyjnej mechaniki.<\/p>\n<h3>Dost\u0119pne modele przek\u0142adni \u015blimakowych szlifowanych<\/h3>\n<p class=\"break-words\">Firma FMP oferuje szerok\u0105 gam\u0119 modeli przek\u0142adni \u015blimakowych, dostosowanych do zr\u00f3\u017cnicowanych wymaga\u0144. Poni\u017csza tabela przedstawia niekt\u00f3re z naszych standardowych modeli, ale mo\u017cemy dostosowa\u0107 je do Pa\u0144stwa indywidualnych wymaga\u0144:<\/p>\n<div class=\"overflow-x-auto my-2\">\n<table style=\"width: 100%;\" border=\"1\" width=\"100%\" cellspacing=\"0\" cellpadding=\"0\">\n<thead class=\"border-b border-primary\/20\">\n<tr class=\"border-primary\/10\">\n<th class=\"break-words\"><strong>Model<\/strong><\/th>\n<th class=\"break-words\"><strong>Modu\u0142<\/strong><\/th>\n<th class=\"break-words\"><strong>Liczba z\u0119b\u00f3w<\/strong><\/th>\n<th class=\"break-words\"><strong>K\u0105t ci\u015bnienia<\/strong><\/th>\n<th class=\"break-words\"><strong>K\u0105t helisy<\/strong><\/th>\n<th class=\"break-words\"><strong>Opcje materia\u0142owe<\/strong><\/th>\n<\/tr>\n<\/thead>\n<tbody>\n<tr class=\"border-primary\/10\">\n<td class=\"break-words\">Gazy cieplarniane-101<\/td>\n<td class=\"break-words\">1.0<\/td>\n<td class=\"break-words\">20<\/td>\n<td class=\"break-words\">20\u00b0<\/td>\n<td class=\"break-words\">15\u00b0<\/td>\n<td class=\"break-words\">Stal w\u0119glowa, stal stopowa<\/td>\n<\/tr>\n<tr class=\"border-primary\/10\">\n<td class=\"break-words\">Gaz cieplarniany-152<\/td>\n<td class=\"break-words\">1.5<\/td>\n<td class=\"break-words\">30<\/td>\n<td class=\"break-words\">20\u00b0<\/td>\n<td class=\"break-words\">20\u00b0<\/td>\n<td class=\"break-words\">Stal nierdzewna, stal narz\u0119dziowa<\/td>\n<\/tr>\n<tr class=\"border-primary\/10\">\n<td class=\"break-words\">Gaz cieplarniany-203<\/td>\n<td class=\"break-words\">2.0<\/td>\n<td class=\"break-words\">25<\/td>\n<td class=\"break-words\">20\u00b0<\/td>\n<td class=\"break-words\">15\u00b0<\/td>\n<td class=\"break-words\">Stal hartowana powierzchniowo<\/td>\n<\/tr>\n<tr class=\"border-primary\/10\">\n<td class=\"break-words\">Gaz cieplarniany-305<\/td>\n<td class=\"break-words\">3.0<\/td>\n<td class=\"break-words\">40<\/td>\n<td class=\"break-words\">20\u00b0<\/td>\n<td class=\"break-words\">25\u00b0<\/td>\n<td class=\"break-words\">Stal stopowa, stal nierdzewna<\/td>\n<\/tr>\n<tr class=\"border-primary\/10\">\n<td class=\"break-words\">GHG-Niestandardowe<\/td>\n<td class=\"break-words\">Zwyczaj<\/td>\n<td class=\"break-words\">Zwyczaj<\/td>\n<td class=\"break-words\">Zwyczaj<\/td>\n<td class=\"break-words\">Zwyczaj<\/td>\n<td class=\"break-words\">Ka\u017cdy<\/td>\n<\/tr>\n<\/tbody>\n<\/table>\n<\/div>\n<p class=\"break-words\">Modele te zaprojektowano z my\u015bl\u0105 o precyzji i niezawodno\u015bci, gwarantuj\u0105c optymaln\u0105 wydajno\u015b\u0107 w zastosowaniach od ma\u0142ych urz\u0105dze\u0144 po du\u017ce systemy przemys\u0142owe.<\/p>\n<div>\n<h4>Firma FMP: Twoje \u017ar\u00f3d\u0142o przek\u0142adni \u015brubowych szlifowanych<\/h4>\n<p class=\"break-words\">W FMP specjalizujemy si\u0119 w produkcji szlifowanych przek\u0142adni z\u0119batych \u015brubowych, kt\u00f3re spe\u0142niaj\u0105 najwy\u017csze standardy jako\u015bci i wydajno\u015bci. Niezale\u017cnie od tego, czy potrzebujesz modelu standardowego, czy rozwi\u0105zania na zam\u00f3wienie, jeste\u015bmy do Twojej dyspozycji. Nasza oferta obejmuje:<\/p>\n<ul class=\"marker:text-secondary\">\n<li class=\"break-words\"><strong>Szeroka r\u00f3\u017cnorodno\u015b\u0107<\/strong>:Od lekkich przek\u0142adni po opcje o du\u017cej wytrzyma\u0142o\u015bci \u2013 zaspokajamy potrzeby wszystkich bran\u017c.<\/li>\n<li class=\"break-words\"><strong>Personalizacja<\/strong>:Nasz zesp\u00f3\u0142 jest w stanie zaprojektowa\u0107 i wyprodukowa\u0107 szlifowane ko\u0142a z\u0119bate \u015brubowe dostosowane do Twoich indywidualnych potrzeb, zapewniaj\u0105c idealne dopasowanie do Twojego zastosowania.<\/li>\n<li class=\"break-words\"><strong>Szlifowanie precyzyjne<\/strong>:Ka\u017cdy bieg jest szlifowany z zachowaniem dok\u0142adnych tolerancji, co zapewnia niski poziom ha\u0142asu, wysok\u0105 wydajno\u015b\u0107 i d\u0142u\u017csz\u0105 \u017cywotno\u015b\u0107.<\/li>\n<\/ul>\n<p class=\"break-words\">Je\u015bli nie znajdziesz na naszej li\u015bcie dok\u0142adnie takiego modelu, jakiego potrzebujesz, nie martw si\u0119 \u2013 nasz katalog produkt\u00f3w stale si\u0119 powi\u0119ksza. Mo\u017cliwe, \u017ce nie zaktualizowali\u015bmy go jeszcze o najnowsze modele. Wystarczy wys\u0142a\u0107 nam e-mail ze swoimi wymaganiami, a nasi do\u015bwiadczeni in\u017cynierowie odpowiedz\u0105 w ci\u0105gu kilku minut. <strong>24 godziny<\/strong> z rozwi\u0105zaniem dopasowanym do Twojego projektu. Zale\u017cy nam na spe\u0142nieniu Twoich potrzeb, niezale\u017cnie od stopnia ich z\u0142o\u017cono\u015bci.<\/p>\n<h4>Zastosowania przek\u0142adni \u015blimakowych szlifowanych<\/h4>\n<p class=\"break-words\">Szlifowane ko\u0142a z\u0119bate \u015brubowe s\u0105 cenione za swoj\u0105 wszechstronno\u015b\u0107 i precyzj\u0119, co sprawia, \u017ce \u200b\u200bs\u0105 niezb\u0119dne w wielu ga\u0142\u0119ziach przemys\u0142u:<\/p>\n<ul class=\"marker:text-secondary\">\n<li class=\"break-words\"><strong>Automobilowy<\/strong>:Stosowany w uk\u0142adach przek\u0142adniowych w celu zapewnienia p\u0142ynnej i cichej pracy.<\/li>\n<li class=\"break-words\"><strong>Maszyny przemys\u0142owe<\/strong>:Nap\u0119dzanie skrzy\u0144 bieg\u00f3w i nap\u0119d\u00f3w w zak\u0142adach produkcyjnych.<\/li>\n<li class=\"break-words\"><strong>Lotnictwo i kosmonautyka<\/strong>:Precyzyjne komponenty do urz\u0105dze\u0144 o wysokiej wydajno\u015bci.<\/li>\n<li class=\"break-words\"><strong>Morski<\/strong>:Trwa\u0142e przek\u0142adnie do uk\u0142ad\u00f3w nap\u0119dowych i pomocniczych.<\/li>\n<\/ul>\n<p class=\"break-words\">Ich zdolno\u015b\u0107 do radzenia sobie z du\u017cymi obci\u0105\u017ceniami i zachowania precyzji w wymagaj\u0105cych warunkach sprawia, \u017ce \u200b\u200bs\u0105 ch\u0119tnie wybierane przez in\u017cynier\u00f3w i producent\u00f3w.<\/p>\n<h4>Dlaczego warto wybra\u0107 FMP?<\/h4>\n<p class=\"break-words\">Firma FMP wyr\u00f3\u017cnia si\u0119 jako zaufany producent szlifowanych k\u00f3\u0142 z\u0119batych \u015brubowych, dzi\u0119ki naszemu zaanga\u017cowaniu w jako\u015b\u0107 i zadowolenie klienta. Wykorzystujemy zaawansowane techniki szlifowania i rygorystyczn\u0105 kontrol\u0119 jako\u015bci, aby zapewni\u0107, \u017ce ka\u017cde ko\u0142o z\u0119bate spe\u0142nia Pa\u0144stwa oczekiwania. Nasz szybki czas reakcji \u2013 nasi in\u017cynierowie odpowiadaj\u0105 w ci\u0105gu 24 godzin \u2013 oraz mo\u017cliwo\u015b\u0107 personalizacji wyr\u00f3\u017cniaj\u0105 nas jako wiarygodnego partnera dla firm na ca\u0142ym \u015bwiecie.<\/p>\n<p><img loading=\"lazy\" decoding=\"async\" class=\"size-full wp-image-7387 aligncenter\" src=\"https:\/\/fmp-components.com\/wp-content\/uploads\/2025\/03\/Ground-Helical-Gears-Product-2.webp\" alt=\"Przek\u0142adnie \u015brubowe szlifowane\" width=\"1200\" height=\"300\" title=\"\" srcset=\"https:\/\/fmp-components.com\/wp-content\/uploads\/2025\/03\/Ground-Helical-Gears-Product-2.webp 1200w, https:\/\/fmp-components.com\/wp-content\/uploads\/2025\/03\/Ground-Helical-Gears-Product-2-980x245.webp 980w, https:\/\/fmp-components.com\/wp-content\/uploads\/2025\/03\/Ground-Helical-Gears-Product-2-480x120.webp 480w\" sizes=\"(min-width: 0px) and (max-width: 480px) 480px, (min-width: 481px) and (max-width: 980px) 980px, (min-width: 981px) 1200px, 100vw\" \/><\/p>\n<\/div>\n<\/div>","protected":false},"excerpt":{"rendered":"<p>When precision, durability, and smooth operation are paramount, Ground Helical Gears emerge as an exceptional choice for power transmission systems. These gears, characterized by their angled teeth and meticulously ground surfaces, offer superior performance in high-load and high-speed applications. At FMP Company, we are proud to manufacture a wide variety of ground helical gears, serving [&hellip;]<\/p>","protected":false},"featured_media":7386,"comment_status":"open","ping_status":"closed","template":"","meta":{"_et_pb_use_builder":"","_et_pb_old_content":"","_et_gb_content_width":""},"product_brand":[],"product_cat":[108],"product_tag":[],"class_list":{"0":"post-7384","1":"product","2":"type-product","3":"status-publish","4":"has-post-thumbnail","6":"product_cat-helical-gear","8":"first","9":"instock","10":"shipping-taxable","11":"product-type-simple"},"_links":{"self":[{"href":"https:\/\/fmp-components.com\/pl\/wp-json\/wp\/v2\/product\/7384","targetHints":{"allow":["GET"]}}],"collection":[{"href":"https:\/\/fmp-components.com\/pl\/wp-json\/wp\/v2\/product"}],"about":[{"href":"https:\/\/fmp-components.com\/pl\/wp-json\/wp\/v2\/types\/product"}],"replies":[{"embeddable":true,"href":"https:\/\/fmp-components.com\/pl\/wp-json\/wp\/v2\/comments?post=7384"}],"wp:featuredmedia":[{"embeddable":true,"href":"https:\/\/fmp-components.com\/pl\/wp-json\/wp\/v2\/media\/7386"}],"wp:attachment":[{"href":"https:\/\/fmp-components.com\/pl\/wp-json\/wp\/v2\/media?parent=7384"}],"wp:term":[{"taxonomy":"product_brand","embeddable":true,"href":"https:\/\/fmp-components.com\/pl\/wp-json\/wp\/v2\/product_brand?post=7384"},{"taxonomy":"product_cat","embeddable":true,"href":"https:\/\/fmp-components.com\/pl\/wp-json\/wp\/v2\/product_cat?post=7384"},{"taxonomy":"product_tag","embeddable":true,"href":"https:\/\/fmp-components.com\/pl\/wp-json\/wp\/v2\/product_tag?post=7384"}],"curies":[{"name":"wp","href":"https:\/\/api.w.org\/{rel}","templated":true}]}}