{"id":7380,"date":"2025-03-24T06:05:22","date_gmt":"2025-03-24T06:05:22","guid":{"rendered":"https:\/\/fmp-components.com\/?post_type=product&#038;p=7380"},"modified":"2025-03-26T08:41:57","modified_gmt":"2025-03-26T08:41:57","slug":"plastic-helical-gear","status":"publish","type":"product","link":"https:\/\/fmp-components.com\/pl\/product\/plastic-helical-gear\/","title":{"rendered":"Przek\u0142adnia \u015blimakowa z tworzywa sztucznego"},"content":{"rendered":"<div>\n<h2>Plastikowe ko\u0142a z\u0119bate \u015brubowe<\/h2>\n<p class=\"break-words\">Je\u015bli chodzi o wydajne przenoszenie mocy i p\u0142ynn\u0105 prac\u0119, przek\u0142adnie \u015blimakowe z tworzywa sztucznego s\u0105 najlepszym wyborem dla przemys\u0142u na ca\u0142ym \u015bwiecie. Znane ze swoich k\u0105towych z\u0119b\u00f3w i cichej pracy, przek\u0142adnie te ciesz\u0105 si\u0119 coraz wi\u0119ksz\u0105 popularno\u015bci\u0105 w zastosowaniach od system\u00f3w motoryzacyjnych po maszyny przemys\u0142owe. W firmie FMP specjalizujemy si\u0119 w produkcji szerokiej gamy przek\u0142adni z tworzyw sztucznych. <a href=\"https:\/\/fmp-components.com\/pl\/helical-gears\/\">ko\u0142a z\u0119bate \u015brubowe<\/a>oferuj\u0105c zar\u00f3wno standardowe modele, jak i rozwi\u0105zania dostosowane do zr\u00f3\u017cnicowanych potrzeb przedsi\u0119biorstw w ca\u0142ych W\u0142oszech \u2014 od centr\u00f3w produkcyjnych w Mediolanie po przemys\u0142 morski w Wenecji.<\/p>\n<h3>Dlaczego przek\u0142adnie \u015blimakowe z tworzywa sztucznego?<\/h3>\n<p class=\"break-words\">Plastikowe przek\u0142adnie \u015brubowe \u0142\u0105cz\u0105 zalety konstrukcji \u015brubowej \u2013 takie jak stopniowe zaz\u0119bianie si\u0119 z\u0119b\u00f3w, co zapewnia ni\u017cszy poziom ha\u0142asu i wi\u0119ksz\u0105 no\u015bno\u015b\u0107 \u2013 z zaletami tworzyw sztucznych, takimi jak odporno\u015b\u0107 na korozj\u0119, lekko\u015b\u0107 i op\u0142acalno\u015b\u0107. W przeciwie\u0144stwie do swoich metalowych odpowiednik\u00f3w, plastikowe przek\u0142adnie \u015brubowe idealnie sprawdzaj\u0105 si\u0119 w zastosowaniach, w kt\u00f3rych priorytetem jest redukcja masy i cichsza praca, co czyni je podstaw\u0105 w sektorach pr\u0119\u017cnie rozwijaj\u0105cych si\u0119 w miastach takich jak Bolonia i Florencja.<\/p>\n<\/div>\n<p><img loading=\"lazy\" decoding=\"async\" class=\"alignnone size-full wp-image-7382\" src=\"https:\/\/fmp-components.com\/wp-content\/uploads\/2025\/03\/plastic-helical-gear-2.webp\" alt=\"plastikowa przek\u0142adnia \u015blimakowa\" width=\"900\" height=\"300\" title=\"\" srcset=\"https:\/\/fmp-components.com\/wp-content\/uploads\/2025\/03\/plastic-helical-gear-2.webp 900w, https:\/\/fmp-components.com\/wp-content\/uploads\/2025\/03\/plastic-helical-gear-2-480x160.webp 480w\" sizes=\"(min-width: 0px) and (max-width: 480px) 480px, (min-width: 481px) 900px, 100vw\" \/><\/p>\n<p>,<\/p>\n<div>\n<h4>Materia\u0142y stosowane w przek\u0142adniach \u015blimakowych z tworzyw sztucznych<\/h4>\n<p class=\"break-words\">Wydajno\u015b\u0107 plastikowej przek\u0142adni \u015brubowej w du\u017cej mierze zale\u017cy od materia\u0142u, z kt\u00f3rego jest wykonana. W FMP stosujemy wysokiej jako\u015bci polimery dostosowane do konkretnych zastosowa\u0144. Poni\u017cej znajduje si\u0119 tabela przedstawiaj\u0105ca popularne materia\u0142y i ich w\u0142a\u015bciwo\u015bci:<\/p>\n<div class=\"overflow-x-auto my-2\">\n<table style=\"width: 100%;\" border=\"1\" width=\"100%\" cellspacing=\"0\" cellpadding=\"0\">\n<thead class=\"border-b border-primary\/20\">\n<tr class=\"border-primary\/10\">\n<th class=\"break-words\"><strong>Tworzywo<\/strong><\/th>\n<th class=\"break-words\"><strong>W\u0142a\u015bciwo\u015bci<\/strong><\/th>\n<th class=\"break-words\"><strong>Typowe zastosowania<\/strong><\/th>\n<\/tr>\n<\/thead>\n<tbody>\n<tr class=\"border-primary\/10\">\n<td class=\"break-words\"><strong>Nylon (PA)<\/strong><\/td>\n<td class=\"break-words\">Wysoka wytrzyma\u0142o\u015b\u0107, odporno\u015b\u0107 na zu\u017cycie, niskie tarcie<\/td>\n<td class=\"break-words\">Maszyny przemys\u0142owe, cz\u0119\u015bci samochodowe<\/td>\n<\/tr>\n<tr class=\"border-primary\/10\">\n<td class=\"break-words\"><strong>POM (Acetal)<\/strong><\/td>\n<td class=\"break-words\">Doskona\u0142a stabilno\u015b\u0107 wymiarowa, niska absorpcja wilgoci<\/td>\n<td class=\"break-words\">Przek\u0142adnie precyzyjne, pompy, przeno\u015bniki<\/td>\n<\/tr>\n<tr class=\"border-primary\/10\">\n<td class=\"break-words\"><strong>ZERKA\u0106<\/strong><\/td>\n<td class=\"break-words\">Odporno\u015b\u0107 na wysok\u0105 temperatur\u0119, odporno\u015b\u0107 chemiczna<\/td>\n<td class=\"break-words\">Lotnictwo i kosmonautyka, urz\u0105dzenia medyczne<\/td>\n<\/tr>\n<tr class=\"border-primary\/10\">\n<td class=\"break-words\"><strong>Poliw\u0119glan (PC)<\/strong><\/td>\n<td class=\"break-words\">Odporno\u015b\u0107 na uderzenia, przezroczysto\u015b\u0107<\/td>\n<td class=\"break-words\">Elektronika u\u017cytkowa, przek\u0142adnie lekkie<\/td>\n<\/tr>\n<tr class=\"border-primary\/10\">\n<td class=\"break-words\"><strong>PP (polipropylen)<\/strong><\/td>\n<td class=\"break-words\">Lekka, odporna na dzia\u0142anie chemikali\u00f3w<\/td>\n<td class=\"break-words\">Systemy p\u0142yn\u00f3w, zastosowania o niskim obci\u0105\u017ceniu<\/td>\n<\/tr>\n<\/tbody>\n<\/table>\n<\/div>\n<p class=\"break-words\">Materia\u0142y te pozwalaj\u0105 nam tworzy\u0107 przek\u0142adnie spe\u0142niaj\u0105ce szczeg\u00f3lne wymagania przemys\u0142u w Mediolanie, gdzie kr\u00f3luje precyzja in\u017cynierii, lub w Wenecji, gdzie odporne na korozj\u0119 elementy maj\u0105 kluczowe znaczenie w \u015brodowisku morskim.<\/p>\n<h4>Dost\u0119pne modele przek\u0142adni \u015blimakowych z tworzywa sztucznego<\/h4>\n<p class=\"break-words\">Firma FMP oferuje szerok\u0105 gam\u0119 modeli przek\u0142adni \u015blimakowych z tworzywa sztucznego, dostosowanych do r\u00f3\u017cnych specyfikacji. Poni\u017cej znajduje si\u0119 tabela prezentuj\u0105ca niekt\u00f3re z naszych standardowych modeli, cho\u0107 nasze mo\u017cliwo\u015bci wykraczaj\u0105 daleko poza t\u0119 list\u0119:<\/p>\n<div class=\"overflow-x-auto my-2\">\n<table style=\"width: 100%;\" border=\"1\" width=\"100%\" cellspacing=\"0\" cellpadding=\"0\">\n<thead class=\"border-b border-primary\/20\">\n<tr class=\"border-primary\/10\">\n<th class=\"break-words\"><strong>Model<\/strong><\/th>\n<th class=\"break-words\"><strong>Modu\u0142<\/strong><\/th>\n<th class=\"break-words\"><strong>Liczba z\u0119b\u00f3w<\/strong><\/th>\n<th class=\"break-words\"><strong>K\u0105t ci\u015bnienia<\/strong><\/th>\n<th class=\"break-words\"><strong>K\u0105t helisy<\/strong><\/th>\n<th class=\"break-words\"><strong>Opcje materia\u0142owe<\/strong><\/th>\n<\/tr>\n<\/thead>\n<tbody>\n<tr class=\"border-primary\/10\">\n<td class=\"break-words\">PHG-101<\/td>\n<td class=\"break-words\">1.0<\/td>\n<td class=\"break-words\">20<\/td>\n<td class=\"break-words\">20\u00b0<\/td>\n<td class=\"break-words\">15\u00b0<\/td>\n<td class=\"break-words\">Nylon, POM<\/td>\n<\/tr>\n<tr class=\"border-primary\/10\">\n<td class=\"break-words\">PHG-152<\/td>\n<td class=\"break-words\">1.5<\/td>\n<td class=\"break-words\">30<\/td>\n<td class=\"break-words\">20\u00b0<\/td>\n<td class=\"break-words\">20\u00b0<\/td>\n<td class=\"break-words\">POM, PEEK<\/td>\n<\/tr>\n<tr class=\"border-primary\/10\">\n<td class=\"break-words\">PHG-203<\/td>\n<td class=\"break-words\">2.0<\/td>\n<td class=\"break-words\">25<\/td>\n<td class=\"break-words\">20\u00b0<\/td>\n<td class=\"break-words\">15\u00b0<\/td>\n<td class=\"break-words\">Nylon, poliw\u0119glan<\/td>\n<\/tr>\n<tr class=\"border-primary\/10\">\n<td class=\"break-words\">PHG-305<\/td>\n<td class=\"break-words\">3.0<\/td>\n<td class=\"break-words\">40<\/td>\n<td class=\"break-words\">20\u00b0<\/td>\n<td class=\"break-words\">25\u00b0<\/td>\n<td class=\"break-words\">PEEK, PP<\/td>\n<\/tr>\n<tr class=\"border-primary\/10\">\n<td class=\"break-words\">PHG-Custom<\/td>\n<td class=\"break-words\">Zwyczaj<\/td>\n<td class=\"break-words\">Zwyczaj<\/td>\n<td class=\"break-words\">Zwyczaj<\/td>\n<td class=\"break-words\">Zwyczaj<\/td>\n<td class=\"break-words\">Ka\u017cdy<\/td>\n<\/tr>\n<\/tbody>\n<\/table>\n<\/div>\n<p class=\"break-words\">Modele te zosta\u0142y zaprojektowane z my\u015bl\u0105 o szerokim zakresie zastosowa\u0144, od drobnego sprz\u0119tu w florenckich warsztatach rzemie\u015blniczych po systemy o du\u017cej wytrzyma\u0142o\u015bci w strefach przemys\u0142owych Bolonii. Ka\u017cde ko\u0142o z\u0119bate zosta\u0142o zaprojektowane z my\u015bl\u0105 o optymalnej wydajno\u015bci, gwarantuj\u0105c p\u0142ynne przenoszenie mocy i trwa\u0142o\u015b\u0107.<\/p>\n<div>\n<h3>Firma FMP: Tw\u00f3j partner w zakresie przek\u0142adni \u015blimakowych z tworzyw sztucznych we W\u0142oszech<\/h3>\n<p class=\"break-words\">W FMP szczycimy si\u0119 tym, \u017ce jeste\u015bmy wiod\u0105cym producentem plastikowych przek\u0142adni \u015blimakowych we W\u0142oszech. Niezale\u017cnie od tego, czy Twoja siedziba znajduje si\u0119 w Mediolanie, Wenecji, Florencji czy Bolonii, oferujemy:<\/p>\n<ul class=\"marker:text-secondary\">\n<li class=\"break-words\"><strong>R\u00f3\u017cnorodna gama produkt\u00f3w<\/strong>:Od standardowych modeli po specjalistyczne konstrukcje \u2013 zaspokajamy wszystkie Twoje potrzeby sprz\u0119towe.<\/li>\n<li class=\"break-words\"><strong>Us\u0142ugi personalizacji<\/strong>Potrzebujesz wyj\u0105tkowego ko\u0142a z\u0119batego do konkretnego projektu? Nasz zesp\u00f3\u0142 mo\u017ce zaprojektowa\u0107 i wyprodukowa\u0107 niestandardowe plastikowe ko\u0142a z\u0119bate \u015brubowe, dostosowane do Twoich dok\u0142adnych wymaga\u0144.<\/li>\n<li class=\"break-words\"><strong>Lokalna wiedza specjalistyczna<\/strong>Rozumiemy specyfik\u0119 w\u0142oskiego przemys\u0142u, dlatego nasze rozwi\u0105zania s\u0105 dostosowane do potrzeb lokalnych rynk\u00f3w.<\/li>\n<\/ul>\n<h3>Nie mo\u017cesz znale\u017a\u0107 swojego modelu?<\/h3>\n<p class=\"break-words\">Je\u015bli poszukiwanego przez Ciebie modelu nie ma na powy\u017cszej li\u015bcie, nie martw si\u0119 \u2013 nasz katalog produkt\u00f3w stale si\u0119 rozwija. Mo\u017cliwe, \u017ce nie dodali\u015bmy jeszcze najnowszych produkt\u00f3w. Wystarczy, \u017ce wy\u015blesz nam e-mail ze swoimi wymaganiami, a nasi wykwalifikowani in\u017cynierowie odpowiedz\u0105 w ci\u0105gu 24 godzin i przedstawi\u0105 rozwi\u0105zanie.<\/p>\n<\/div>\n<\/div>","protected":false},"excerpt":{"rendered":"<p>Plastic Helical Gears When it comes to efficient power transmission and smooth operation, Plastic Helical Gears are a top choice for industries worldwide. Known for their angled teeth and quiet performance, these gears are increasingly popular in applications ranging from automotive systems to industrial machinery. At FMP Company, we specialize in manufacturing a wide range [&hellip;]<\/p>","protected":false},"featured_media":7381,"comment_status":"open","ping_status":"closed","template":"","meta":{"_et_pb_use_builder":"","_et_pb_old_content":"","_et_gb_content_width":""},"product_brand":[],"product_cat":[108],"product_tag":[],"class_list":{"0":"post-7380","1":"product","2":"type-product","3":"status-publish","4":"has-post-thumbnail","6":"product_cat-helical-gear","8":"first","9":"instock","10":"shipping-taxable","11":"product-type-simple"},"_links":{"self":[{"href":"https:\/\/fmp-components.com\/pl\/wp-json\/wp\/v2\/product\/7380","targetHints":{"allow":["GET"]}}],"collection":[{"href":"https:\/\/fmp-components.com\/pl\/wp-json\/wp\/v2\/product"}],"about":[{"href":"https:\/\/fmp-components.com\/pl\/wp-json\/wp\/v2\/types\/product"}],"replies":[{"embeddable":true,"href":"https:\/\/fmp-components.com\/pl\/wp-json\/wp\/v2\/comments?post=7380"}],"wp:featuredmedia":[{"embeddable":true,"href":"https:\/\/fmp-components.com\/pl\/wp-json\/wp\/v2\/media\/7381"}],"wp:attachment":[{"href":"https:\/\/fmp-components.com\/pl\/wp-json\/wp\/v2\/media?parent=7380"}],"wp:term":[{"taxonomy":"product_brand","embeddable":true,"href":"https:\/\/fmp-components.com\/pl\/wp-json\/wp\/v2\/product_brand?post=7380"},{"taxonomy":"product_cat","embeddable":true,"href":"https:\/\/fmp-components.com\/pl\/wp-json\/wp\/v2\/product_cat?post=7380"},{"taxonomy":"product_tag","embeddable":true,"href":"https:\/\/fmp-components.com\/pl\/wp-json\/wp\/v2\/product_tag?post=7380"}],"curies":[{"name":"wp","href":"https:\/\/api.w.org\/{rel}","templated":true}]}}