{"id":7377,"date":"2025-03-24T05:33:09","date_gmt":"2025-03-24T05:33:09","guid":{"rendered":"https:\/\/fmp-components.com\/?post_type=product&#038;p=7377"},"modified":"2025-03-26T08:42:16","modified_gmt":"2025-03-26T08:42:16","slug":"parallel-axis-helical-gears","status":"publish","type":"product","link":"https:\/\/fmp-components.com\/pl\/product\/parallel-axis-helical-gears\/","title":{"rendered":"Przek\u0142adnie \u015brubowe o osiach r\u00f3wnoleg\u0142ych"},"content":{"rendered":"<div>\n<p class=\"break-words\">Je\u015bli chodzi o precyzj\u0119 in\u017cynierii i przenoszenie mocy, przek\u0142adnie \u015brubowe o osiach r\u00f3wnoleg\u0142ych wyr\u00f3\u017cniaj\u0105 si\u0119 jako niezawodne i wydajne rozwi\u0105zanie. W firmie FMP jeste\u015bmy dumni z bycia wiod\u0105cym producentem r\u00f3\u017cnego rodzaju przek\u0142adni \u015brubowych o osiach r\u00f3wnoleg\u0142ych, obs\u0142uguj\u0105cym przemys\u0142y w ca\u0142ych W\u0142oszech \u2013 od przemys\u0142owych centr\u00f3w Mediolanu i Bolonii po zabytkowe miasta Wenecj\u0119 i Florencj\u0119.<\/p>\n<h2>Czym s\u0105 ko\u0142a z\u0119bate \u015brubowe o osiach r\u00f3wnoleg\u0142ych?<\/h2>\n<p class=\"break-words\">Przek\u0142adnie o osiach r\u00f3wnoleg\u0142ych to kategoria przek\u0142adni zaprojektowanych do przenoszenia ruchu i mocy mi\u0119dzy dwoma r\u00f3wnoleg\u0142ymi wa\u0142ami. W\u015br\u00f3d nich znajduj\u0105 si\u0119: <a href=\"https:\/\/fmp-components.com\/pl\/helical-gears\/\">ko\u0142a z\u0119bate \u015brubowe<\/a> Wyr\u00f3\u017cniaj\u0105 si\u0119 unikaln\u0105 konstrukcj\u0105 z\u0119b\u00f3w, kt\u00f3re s\u0105 \u015bci\u0119te pod k\u0105tem do osi ko\u0142a z\u0119batego w uk\u0142adzie \u015brubowym. Kontrastuje to z z\u0119bami walcowymi, kt\u00f3re maj\u0105 proste z\u0119by r\u00f3wnoleg\u0142e do osi. Konstrukcja \u015brubowa zapewnia p\u0142ynniejsz\u0105, cichsz\u0105 prac\u0119 i wi\u0119ksz\u0105 no\u015bno\u015b\u0107, dzi\u0119ki czemu idealnie nadaj\u0105 si\u0119 do szerokiego zakresu zastosowa\u0144.<\/p>\n<p class=\"break-words\">W FMP specjalizujemy si\u0119 w produkcji k\u00f3\u0142 z\u0119batych walcowych o z\u0119bach r\u00f3wnoleg\u0142ych, kt\u00f3re s\u0105 stosowane wy\u0142\u0105cznie w uk\u0142adach wa\u0142\u00f3w r\u00f3wnoleg\u0142ych. Ko\u0142a te wymagaj\u0105 precyzyjnej konstrukcji: dwa wsp\u00f3\u0142pracuj\u0105ce ko\u0142a z\u0119bate musz\u0105 mie\u0107 ten sam modu\u0142 i k\u0105t nacisku, ale przeciwne kierunki linii \u015brubowej (np. ko\u0142o z\u0119bate o z\u0119bach prawoskr\u0119tnych \u0142\u0105czy si\u0119 z ko\u0142em z\u0119batym o z\u0119bach lewoskr\u0119tnych). Zapewnia to p\u0142ynne zaz\u0119bienie i efektywne przenoszenie mocy, ze wsp\u00f3\u0142czynnikami sprawno\u015bci od 98,0% do 99,5%, dzi\u0119ki zaz\u0119bieniu tocznemu.<\/p>\n<\/div>\n<h2>Specyfikacja przek\u0142adni \u015brubowych o osiach r\u00f3wnoleg\u0142ych<\/h2>\n<table border=\"1\" width=\"100%\" cellspacing=\"0\" cellpadding=\"0\">\n<tbody>\n<tr class=\"firstRow\">\n<td width=\"132\" height=\"33\">Numer modelu<\/td>\n<td width=\"325\" height=\"33\">M1, M1.5, M2, M2.5, M3, M4, M5, M8, M12 itd.<\/td>\n<\/tr>\n<tr>\n<td width=\"132\" height=\"32\">Tworzywo<\/td>\n<td width=\"325\" height=\"32\">Mosi\u0105dz, stal C45, stal nierdzewna, mied\u017a, POM, aluminium, stop itp.<\/td>\n<\/tr>\n<tr>\n<td width=\"132\" height=\"31\">Obr\u00f3bka powierzchni<\/td>\n<td width=\"325\" height=\"31\">Cynkowanie, Niklowanie, Pasywacja, Utlenianie, Anodowanie,<br \/>\nGeomet, Dacromet, Czarny tlenek, fosforanowanie, malowanie proszkowe i elektroforeza<\/td>\n<\/tr>\n<tr>\n<td width=\"132\" height=\"31\">Standard<\/td>\n<td width=\"325\" height=\"31\">ISO, DIN, ANSI, JIS, BS i niestandardowe.<\/td>\n<\/tr>\n<tr>\n<td width=\"132\" height=\"31\">Precyzja<\/td>\n<td width=\"325\" height=\"31\">DIN6, DIN7, DIN8, DIN9.<\/td>\n<\/tr>\n<tr>\n<td width=\"132\" height=\"31\">Leczenie z\u0119b\u00f3w<\/td>\n<td width=\"325\" height=\"31\">Utwardzane, frezowane lub szlifowane<\/td>\n<\/tr>\n<tr>\n<td width=\"132\" height=\"31\">Tolerancja<\/td>\n<td width=\"325\" height=\"31\">0,001 mm-0,01 mm-0,1 mm<\/td>\n<\/tr>\n<tr>\n<td width=\"132\" height=\"31\">Sko\u0144czy\u0107<\/td>\n<td width=\"325\" height=\"31\">\u015brutowanie\/piaskowanie, obr\u00f3bka cieplna, wy\u017carzanie, odpuszczanie, polerowanie, anodowanie, cynkowanie<\/td>\n<\/tr>\n<tr>\n<td width=\"132\" height=\"30\">Pakowanie przedmiot\u00f3w<\/td>\n<td width=\"325\" height=\"30\">Torba plastikowa + kartony lub opakowanie drewniane<\/td>\n<\/tr>\n<tr>\n<td width=\"132\" height=\"28\">Warunki p\u0142atno\u015bci<\/td>\n<td width=\"325\" height=\"28\">T\/T, L\/C<\/td>\n<\/tr>\n<tr>\n<td width=\"132\" height=\"30\">Czas realizacji produkcji<\/td>\n<td width=\"325\" height=\"30\">20 dni roboczych na pr\u00f3bk\u0119, 25 dni na parti\u0119 hurtow\u0105<\/td>\n<\/tr>\n<tr>\n<td width=\"132\" height=\"43\">Pr\u00f3bki<\/td>\n<td width=\"325\" height=\"43\">Przyk\u0142adowy zakres cen od $2 do $100.<br \/>\npr\u00f3bka ekspresowego zam\u00f3wienia op\u0142acona przez klient\u00f3w<\/td>\n<\/tr>\n<tr>\n<td width=\"132\" height=\"167\">Aplikacja<\/td>\n<td width=\"325\" height=\"167\">1. Automatyczna maszyna steruj\u0105ca<br \/>\n2. Przemys\u0142 p\u00f3\u0142przewodnikowy<br \/>\n3. Maszyny og\u00f3lnego przeznaczenia<br \/>\n4. Sprz\u0119t medyczny<br \/>\n5. Sprz\u0119t do pozyskiwania energii s\u0142onecznej<br \/>\n6. Obrabiarka<br \/>\n7. System parkingowy<br \/>\n8. Sprz\u0119t do transportu kolejowego i lotniczego du\u017cych pr\u0119dko\u015bci itp.<\/td>\n<\/tr>\n<\/tbody>\n<\/table>\n<div>\n<h4>Dlaczego warto wybra\u0107 przek\u0142adnie \u015brubowe o osiach r\u00f3wnoleg\u0142ych?<\/h4>\n<p class=\"break-words\">Przek\u0142adnie \u015brubowe r\u00f3wnoleg\u0142e oferuj\u0105 szereg zalet w por\u00f3wnaniu z innymi rodzajami przek\u0142adni, takimi jak ko\u0142a z\u0119bate walcowe czy ko\u0142a z\u0119bate \u015brubowe krzy\u017cowe:<\/p>\n<ol class=\"marker:text-secondary\">\n<li class=\"break-words\"><strong>Wysoka zdolno\u015b\u0107 przesy\u0142u mocy<\/strong>Dzi\u0119ki szerszej powierzchni styku z\u0119b\u00f3w, ko\u0142a z\u0119bate walcowe o z\u0119bach sko\u015bnych mog\u0105 przenosi\u0107 wi\u0119ksze obci\u0105\u017cenia w por\u00f3wnaniu z ko\u0142ami z\u0119batymi o tej samej wielko\u015bci. Nadaj\u0105 si\u0119 do zastosowa\u0144 od ma\u0142ych maszyn po ci\u0119\u017ckie systemy przemys\u0142owe.<\/li>\n<li class=\"break-words\"><strong>P\u0142ynna i cicha praca<\/strong>Stopniowe zaz\u0119bianie si\u0119 z\u0119b\u00f3w \u015brubowych redukuje ha\u0142as i wibracje, dzi\u0119ki czemu s\u0105 one preferowanym wyborem w zastosowaniach wymagaj\u0105cych du\u017cej pr\u0119dko\u015bci w miastach takich jak Mediolan, gdzie rozwija si\u0119 precyzyjna produkcja.<\/li>\n<li class=\"break-words\"><strong>Wszechstronno\u015b\u0107<\/strong>Tego rodzaju przek\u0142adnie s\u0105 stosowane w wielu ga\u0142\u0119ziach przemys\u0142u, m.in. w motoryzacji, przemy\u015ble morskim i przek\u0142adniach przemys\u0142owych \u2014 sektorach, kt\u00f3re odgrywaj\u0105 du\u017c\u0105 rol\u0119 w regionach takich jak Bolonia i Florencja.<\/li>\n<\/ol>\n<p class=\"break-words\">Jednak ko\u0142a z\u0119bate \u015brubowe generuj\u0105 obci\u0105\u017cenia wzd\u0142u\u017cne wzd\u0142u\u017c wa\u0142u ze wzgl\u0119du na k\u0105towe ustawienie z\u0119b\u00f3w, co wymaga zastosowania \u0142o\u017cysk oporowych. W FMP nasi in\u017cynierowie projektuj\u0105 rozwi\u0105zania, kt\u00f3re to uwzgl\u0119dniaj\u0105, zapewniaj\u0105c optymaln\u0105 wydajno\u015b\u0107 i trwa\u0142o\u015b\u0107.<\/p>\n<h4>Firma FMP: Tw\u00f3j zaufany partner w zakresie przek\u0142adni \u015brubowych o osiach r\u00f3wnoleg\u0142ych we W\u0142oszech<\/h4>\n<p class=\"break-words\">Bazuj\u0105c na wieloletnim do\u015bwiadczeniu, firma FMP produkuje szerok\u0105 gam\u0119 przek\u0142adni z\u0119batych \u015brubowych o osiach r\u00f3wnoleg\u0142ych, aby sprosta\u0107 potrzebom klient\u00f3w we W\u0142oszech i za granic\u0105. Niezale\u017cnie od tego, czy szukasz przek\u0142adni do zastosowa\u0144 morskich w Wenecji, czy komponent\u00f3w do zaawansowanych maszyn w Mediolanie, jeste\u015bmy do Twojej dyspozycji. Nasza oferta obejmuje:<\/p>\n<ul class=\"marker:text-secondary\">\n<li class=\"break-words\"><strong>Standardowe ko\u0142a z\u0119bate walcowe r\u00f3wnoleg\u0142e<\/strong>Dost\u0119pne w r\u00f3\u017cnych rozmiarach i specyfikacjach, gotowe do natychmiastowego u\u017cycia.<\/li>\n<li class=\"break-words\"><strong>Niestandardowe ko\u0142a z\u0119bate \u015brubowe<\/strong>:Dostosowane do Twoich konkretnych wymaga\u0144, gwarantuj\u0105ce idealne dopasowanie do Twojego zastosowania.<\/li>\n<li class=\"break-words\"><strong>Przek\u0142adnie pompowe<\/strong>:Specjalistyczny typ przek\u0142adni o osiach r\u00f3wnoleg\u0142ych, stosowany do przemieszczania cieczy w uk\u0142adach paliwowych i innych zastosowaniach pompowych.<\/li>\n<\/ul>\n<p class=\"break-words\">Je\u015bli nie widzisz na naszej li\u015bcie produkt\u00f3w dok\u0142adnie takiego modelu, jakiego szukasz, nie martw si\u0119 \u2013 stale poszerzamy nasz\u0105 ofert\u0119. Mo\u017cliwe, \u017ce nie mieli\u015bmy okazji zaktualizowa\u0107 naszego katalogu o najnowsze modele. Wystarczy, \u017ce wy\u015blesz nam e-mail ze swoimi wymaganiami, a nasi do\u015bwiadczeni in\u017cynierowie odpowiedz\u0105 w ci\u0105gu 24 godzin, przedstawiaj\u0105c rozwi\u0105zanie dopasowane do Twoich potrzeb.<\/p>\n<h3>Zastosowania przek\u0142adni \u015brubowych o osiach r\u00f3wnoleg\u0142ych<\/h3>\n<p class=\"break-words\">Przek\u0142adnie walcowe o z\u0119bach sko\u015bnych s\u0105 niezwykle wszechstronne, co czyni je podstawowym elementem wielu ga\u0142\u0119zi przemys\u0142u na terenie W\u0142och:<\/p>\n<ul class=\"marker:text-secondary\">\n<li class=\"break-words\"><strong>Automobilowy<\/strong>:Stosowany w skrzyniach bieg\u00f3w w celu p\u0142ynnego przenoszenia mocy w pojazdach wyprodukowanych w Mediolanie.<\/li>\n<li class=\"break-words\"><strong>Nap\u0119dy morskie<\/strong>:Niezb\u0119dny dla system\u00f3w nap\u0119dowych w Wenecji, mie\u015bcie s\u0142yn\u0105cym z dziedzictwa morskiego.<\/li>\n<li class=\"break-words\"><strong>Maszyny przemys\u0142owe<\/strong>:Zasilanie urz\u0105dze\u0144 w fabrykach w Bolonii, wa\u017cnym o\u015brodku przemys\u0142owym.<\/li>\n<li class=\"break-words\"><strong>M\u0142yny olejowe<\/strong>:Wsparcie dla wymagaj\u0105cych zastosowa\u0144 na obszarach wiejskich w pobli\u017cu Florencji.<\/li>\n<\/ul>\n<p class=\"break-words\">Ich zdolno\u015b\u0107 do obs\u0142ugi operacji o niskiej i du\u017cej pr\u0119dko\u015bci, w po\u0142\u0105czeniu z du\u017c\u0105 moc\u0105 przesy\u0142u, sprawia, \u017ce \u200b\u200bs\u0105 niezast\u0105pione.<\/p>\n<\/div>","protected":false},"excerpt":{"rendered":"<p>When it comes to precision engineering and power transmission, Parallel Axis Helical Gears stand out as a reliable and efficient solution. At FMP Company, we take pride in being a leading manufacturer of various types of parallel axis helical gears, catering to industries across Italy\u2014from the industrial hubs of Milan and Bologna to the historic [&hellip;]<\/p>","protected":false},"featured_media":7379,"comment_status":"open","ping_status":"closed","template":"","meta":{"_et_pb_use_builder":"","_et_pb_old_content":"","_et_gb_content_width":""},"product_brand":[],"product_cat":[108],"product_tag":[],"class_list":{"0":"post-7377","1":"product","2":"type-product","3":"status-publish","4":"has-post-thumbnail","6":"product_cat-helical-gear","8":"first","9":"instock","10":"shipping-taxable","11":"product-type-simple"},"_links":{"self":[{"href":"https:\/\/fmp-components.com\/pl\/wp-json\/wp\/v2\/product\/7377","targetHints":{"allow":["GET"]}}],"collection":[{"href":"https:\/\/fmp-components.com\/pl\/wp-json\/wp\/v2\/product"}],"about":[{"href":"https:\/\/fmp-components.com\/pl\/wp-json\/wp\/v2\/types\/product"}],"replies":[{"embeddable":true,"href":"https:\/\/fmp-components.com\/pl\/wp-json\/wp\/v2\/comments?post=7377"}],"wp:featuredmedia":[{"embeddable":true,"href":"https:\/\/fmp-components.com\/pl\/wp-json\/wp\/v2\/media\/7379"}],"wp:attachment":[{"href":"https:\/\/fmp-components.com\/pl\/wp-json\/wp\/v2\/media?parent=7377"}],"wp:term":[{"taxonomy":"product_brand","embeddable":true,"href":"https:\/\/fmp-components.com\/pl\/wp-json\/wp\/v2\/product_brand?post=7377"},{"taxonomy":"product_cat","embeddable":true,"href":"https:\/\/fmp-components.com\/pl\/wp-json\/wp\/v2\/product_cat?post=7377"},{"taxonomy":"product_tag","embeddable":true,"href":"https:\/\/fmp-components.com\/pl\/wp-json\/wp\/v2\/product_tag?post=7377"}],"curies":[{"name":"wp","href":"https:\/\/api.w.org\/{rel}","templated":true}]}}