{"id":7369,"date":"2025-03-24T02:45:01","date_gmt":"2025-03-24T02:45:01","guid":{"rendered":"https:\/\/fmp-components.com\/?post_type=product&#038;p=7369"},"modified":"2025-03-26T08:42:56","modified_gmt":"2025-03-26T08:42:56","slug":"mining-machinery-carburized-helical-gear","status":"publish","type":"product","link":"https:\/\/fmp-components.com\/pl\/product\/mining-machinery-carburized-helical-gear\/","title":{"rendered":"Maszyny g\u00f3rnicze Naw\u0119glane ko\u0142a z\u0119bate \u015brubowe"},"content":{"rendered":"<div class=\"sliderTable mt10 mb10 sliderTable-index0 change-to-org\">\n<div class=\"inner\">\n<div>\n<p class=\"break-words\">Jako wiod\u0105cy producent w bran\u017cy, firma FMP specjalizuje si\u0119 w produkcji szerokiej gamy maszyn g\u00f3rniczych naw\u0119glanych <a href=\"https:\/\/fmp-components.com\/pl\/helical-gears\/\">Przek\u0142adnie \u015brubowe<\/a> Zaprojektowane, aby sprosta\u0107 wymagaj\u0105cym potrzebom eksploatacji g\u00f3rniczej. Nasze przek\u0142adnie s\u0105 wykonane z precyzj\u0105, z wykorzystaniem zaawansowanych technik naw\u0119glania, aby zapewni\u0107 wyj\u0105tkow\u0105 trwa\u0142o\u015b\u0107, wytrzyma\u0142o\u015b\u0107 i wydajno\u015b\u0107 w ekstremalnych warunkach. Niezale\u017cnie od tego, czy potrzebujesz modeli standardowych, czy rozwi\u0105za\u0144 niestandardowych, FMP oferuje opcje dostosowane do Twoich specyficznych potrzeb, zapewniaj\u0105c optymaln\u0105 wydajno\u015b\u0107 i niezawodno\u015b\u0107 Twoich maszyn g\u00f3rniczych.<\/p>\n<p class=\"break-words\">W FMP jeste\u015bmy dumni z naszej bogatej oferty produkt\u00f3w, ale je\u015bli nie widzisz w naszym katalogu dok\u0142adnie takiego modelu przek\u0142adni \u015blimakowej Mining Machinery Carburized Helical Gear, jakiego potrzebujesz, nie martw si\u0119 \u2013 oznacza to po prostu, \u017ce nie mieli\u015bmy jeszcze okazji go umie\u015bci\u0107 na li\u015bcie. Zach\u0119camy do kontaktu mailowego ze szczeg\u00f3\u0142owymi informacjami o modelu, kt\u00f3rego szukasz. Nasz dedykowany zesp\u00f3\u0142 in\u017cynier\u00f3w odpowie w ci\u0105gu 24 godzin, zapewniaj\u0105c fachowe doradztwo i rozwi\u0105zania dopasowane do Twoich potrzeb, gwarantuj\u0105c, \u017ce otrzymasz idealne urz\u0105dzenie do swojego zastosowania.<\/p>\n<p><img loading=\"lazy\" decoding=\"async\" class=\"wp-image-7378 aligncenter\" src=\"https:\/\/fmp-components.com\/wp-content\/uploads\/2025\/03\/Mining-Machinery-Carburized-Helical-Gear-1.webp\" alt=\"Maszyny g\u00f3rnicze Naw\u0119glane ko\u0142a z\u0119bate \u015brubowe\" width=\"899\" height=\"600\" title=\"\" srcset=\"https:\/\/fmp-components.com\/wp-content\/uploads\/2025\/03\/Mining-Machinery-Carburized-Helical-Gear-1.webp 899w, https:\/\/fmp-components.com\/wp-content\/uploads\/2025\/03\/Mining-Machinery-Carburized-Helical-Gear-1-480x320.webp 480w\" sizes=\"(min-width: 0px) and (max-width: 480px) 480px, (min-width: 481px) 899px, 100vw\" \/><\/p>\n<\/div>\n<h2>Specyfikacja<\/h2>\n<table border=\"1\" width=\"100%\">\n<tbody>\n<tr class=\"firstRow\">\n<th colspan=\"2\" valign=\"top\">Podstawowe dane przek\u0142adni<\/th>\n<\/tr>\n<tr>\n<td valign=\"center\">Kszta\u0142t z\u0119ba ko\u0142a z\u0119batego<\/td>\n<td valign=\"center\">spiralny<\/td>\n<\/tr>\n<tr>\n<td valign=\"center\">Materia\u0142 przek\u0142adni<\/td>\n<td valign=\"center\">18CrNiMo6<\/td>\n<\/tr>\n<tr>\n<td valign=\"center\">Proces przek\u0142adni<\/td>\n<td valign=\"center\">kucie, naw\u0119glanie, szlifowanie p\u0142askie i wewn\u0119trzne, szlifowanie z\u0119b\u00f3w, ci\u0119cie liniowe<\/td>\n<\/tr>\n<tr>\n<td valign=\"center\">K\u0105t ci\u015bnienia<\/td>\n<td valign=\"center\">20\u00b0<\/td>\n<\/tr>\n<tr>\n<td valign=\"center\">Poziom jako\u015bci<\/td>\n<td valign=\"center\">DIN 3962 klasa 6<\/td>\n<\/tr>\n<tr>\n<td valign=\"center\">Typ przek\u0142adni<\/td>\n<td valign=\"center\">M=9, Z=33, a=20\u00b0, \u03b2=8\u00b0, x=0,2, prawoskr\u0119tny<\/td>\n<\/tr>\n<\/tbody>\n<\/table>\n<\/div>\n<\/div>\n<h3>Mo\u017cliwo\u015bci przek\u0142adni\/wielowypust\u00f3w<\/h3>\n<div class=\"sliderTable mt10 mb10 sliderTable-index1 change-to-org\">\n<div class=\"inner\">\n<table border=\"1\" width=\"100%\">\n<tbody>\n<tr class=\"firstRow\">\n<th colspan=\"4\" valign=\"top\">Ko\u0142a z\u0119bate wewn\u0119trzne i wielowypusty wewn\u0119trzne<\/th>\n<\/tr>\n<tr>\n<td valign=\"top\"><\/td>\n<td valign=\"top\">PRZEMIA\u0141<\/td>\n<td valign=\"top\">MODELACJA<\/td>\n<td valign=\"top\">ZGRZEWANIE Z\u0118B\u00d3W<\/td>\n<\/tr>\n<tr>\n<td valign=\"top\">Maksymalna \u015brednica zewn\u0119trzna<\/td>\n<td valign=\"top\">2500 mm<\/td>\n<td valign=\"top\">2500 mm<\/td>\n<td valign=\"top\">2500 mm<\/td>\n<\/tr>\n<tr>\n<td valign=\"top\">Minimalny identyfikator<\/td>\n<td valign=\"top\">650 mm<\/td>\n<td valign=\"top\">50 mm<\/td>\n<td valign=\"top\">100 mm<\/td>\n<\/tr>\n<tr>\n<td valign=\"top\">Maksymalna szeroko\u015b\u0107 twarzy<\/td>\n<td valign=\"top\">500 mm<\/td>\n<td valign=\"top\">500 mm<\/td>\n<td valign=\"top\">500 mm<\/td>\n<\/tr>\n<tr>\n<td valign=\"top\">Maksymalny podzia\u0142 \u015brednicowy<\/td>\n<td valign=\"top\">DP 1<\/td>\n<td valign=\"top\">DP 1<\/td>\n<td valign=\"top\">DP 0,5<\/td>\n<\/tr>\n<tr>\n<td valign=\"top\">Maksymalny modu\u0142<\/td>\n<td valign=\"top\">26 mm<\/td>\n<td valign=\"top\">26 mm<\/td>\n<td valign=\"top\">45 mm<\/td>\n<\/tr>\n<tr>\n<td valign=\"top\">Poziom AGMA\/Poziom DIN<\/td>\n<td valign=\"top\">Klasa DIN 8<\/td>\n<td valign=\"top\">Klasa DIN 8<\/td>\n<td valign=\"top\">Klasa DIN 4<\/td>\n<\/tr>\n<tr>\n<td valign=\"top\">Wyka\u0144czanie powierzchni z\u0119b\u00f3w<\/td>\n<td valign=\"top\">Ra 3,2<\/td>\n<td valign=\"top\">Ra 3,2<\/td>\n<td valign=\"top\">Ra 0,6<\/td>\n<\/tr>\n<tr>\n<td valign=\"top\">Maksymalny k\u0105t linii \u015brubowej<\/td>\n<td valign=\"top\">\u00b122,5\u00b0<\/td>\n<td valign=\"top\">\u00b122,5\u00b0<\/td>\n<td valign=\"top\">\u00b145\u00b0<\/td>\n<\/tr>\n<tr>\n<th colspan=\"4\" valign=\"top\">Ko\u0142a z\u0119bate zewn\u0119trzne i wielowypusty zewn\u0119trzne<\/th>\n<\/tr>\n<tr>\n<td valign=\"top\"><\/td>\n<td valign=\"top\">HOBBING<\/td>\n<td valign=\"top\">PRZEMIA\u0141<\/td>\n<td valign=\"top\">ZGRZEWANIE Z\u0118B\u00d3W<\/td>\n<\/tr>\n<tr>\n<td valign=\"top\">Maksymalna \u015brednica zewn\u0119trzna<\/td>\n<td valign=\"top\">1250 mm<\/td>\n<td valign=\"top\">2500 mm<\/td>\n<td valign=\"top\">2500 mm<\/td>\n<\/tr>\n<tr>\n<td valign=\"top\">Minimalny OD<\/td>\n<td valign=\"top\">20 mm<\/td>\n<td valign=\"top\">200 mm<\/td>\n<td valign=\"top\">20 mm<\/td>\n<\/tr>\n<tr>\n<td valign=\"top\">Maksymalna szeroko\u015b\u0107 twarzy<\/td>\n<td valign=\"top\">500 mm<\/td>\n<td valign=\"top\">500 mm<\/td>\n<td valign=\"top\">1480 mm<\/td>\n<\/tr>\n<tr>\n<td valign=\"top\">Maksymalny podzia\u0142 \u015brednicowy<\/td>\n<td valign=\"top\">DP 1<\/td>\n<td valign=\"top\">DP 1<\/td>\n<td valign=\"top\">DP 0,5<\/td>\n<\/tr>\n<tr>\n<td valign=\"top\">Maksymalny modu\u0142<\/td>\n<td valign=\"top\">26 mm<\/td>\n<td valign=\"top\">26 mm<\/td>\n<td valign=\"top\">45 mm<\/td>\n<\/tr>\n<tr>\n<td valign=\"top\">Poziom AGMA\/Poziom DIN<\/td>\n<td valign=\"top\">Klasa DIN 8<\/td>\n<td valign=\"top\">Klasa DIN 8<\/td>\n<td valign=\"top\">Klasa DIN 4<\/td>\n<\/tr>\n<tr>\n<td valign=\"top\">Wyka\u0144czanie powierzchni z\u0119b\u00f3w<\/td>\n<td valign=\"top\">Ra 3,2<\/td>\n<td valign=\"top\">Ra 3,2<\/td>\n<td valign=\"top\">Ra 0,6<\/td>\n<\/tr>\n<tr>\n<td valign=\"top\">Maksymalny k\u0105t linii \u015brubowej<\/td>\n<td valign=\"top\">\u00b145\u00b0<\/td>\n<td valign=\"top\">\u00b145\u00b0<\/td>\n<td valign=\"top\">\u00b145\u00b0<\/td>\n<\/tr>\n<\/tbody>\n<\/table>\n<\/div>\n<\/div>","protected":false},"excerpt":{"rendered":"<ul class=\"pro-info-list fix\">\n<li class=\"prod-specifics-brand\"><label>Kszta\u0142t z\u0119ba ko\u0142a z\u0119batego:\u00a0<\/label>spiralny<\/li>\n<li class=\"prod-specifics-brand\"><label>Materia\u0142 przek\u0142adni:<\/label>18CrNiMo6<\/li>\n<li class=\"prod-specifics-brand\"><label>K\u0105t ci\u015bnienia:<\/label>20\u00b0<\/li>\n<li class=\"prod-specifics-brand\"><label>Poziom jako\u015bci:\u00a0<\/label>DIN 3962 klasa 6<\/li>\n<\/ul>","protected":false},"featured_media":4595,"comment_status":"open","ping_status":"closed","template":"","meta":{"_et_pb_use_builder":"","_et_pb_old_content":"","_et_gb_content_width":""},"product_brand":[],"product_cat":[108],"product_tag":[],"class_list":{"0":"post-7369","1":"product","2":"type-product","3":"status-publish","4":"has-post-thumbnail","6":"product_cat-helical-gear","8":"first","9":"instock","10":"shipping-taxable","11":"product-type-simple"},"_links":{"self":[{"href":"https:\/\/fmp-components.com\/pl\/wp-json\/wp\/v2\/product\/7369","targetHints":{"allow":["GET"]}}],"collection":[{"href":"https:\/\/fmp-components.com\/pl\/wp-json\/wp\/v2\/product"}],"about":[{"href":"https:\/\/fmp-components.com\/pl\/wp-json\/wp\/v2\/types\/product"}],"replies":[{"embeddable":true,"href":"https:\/\/fmp-components.com\/pl\/wp-json\/wp\/v2\/comments?post=7369"}],"wp:featuredmedia":[{"embeddable":true,"href":"https:\/\/fmp-components.com\/pl\/wp-json\/wp\/v2\/media\/4595"}],"wp:attachment":[{"href":"https:\/\/fmp-components.com\/pl\/wp-json\/wp\/v2\/media?parent=7369"}],"wp:term":[{"taxonomy":"product_brand","embeddable":true,"href":"https:\/\/fmp-components.com\/pl\/wp-json\/wp\/v2\/product_brand?post=7369"},{"taxonomy":"product_cat","embeddable":true,"href":"https:\/\/fmp-components.com\/pl\/wp-json\/wp\/v2\/product_cat?post=7369"},{"taxonomy":"product_tag","embeddable":true,"href":"https:\/\/fmp-components.com\/pl\/wp-json\/wp\/v2\/product_tag?post=7369"}],"curies":[{"name":"wp","href":"https:\/\/api.w.org\/{rel}","templated":true}]}}