{"id":7367,"date":"2025-03-24T02:34:28","date_gmt":"2025-03-24T02:34:28","guid":{"rendered":"https:\/\/fmp-components.com\/?post_type=product&#038;p=7367"},"modified":"2025-03-26T08:43:11","modified_gmt":"2025-03-26T08:43:11","slug":"metallurgy-machinery-soft-tooth-flank-helical-gear","status":"publish","type":"product","link":"https:\/\/fmp-components.com\/pl\/product\/metallurgy-machinery-soft-tooth-flank-helical-gear\/","title":{"rendered":"Maszyny metalurgiczne Z\u0119by mi\u0119kkie Ko\u0142a z\u0119bate \u015brubowe"},"content":{"rendered":"<div class=\"sliderTable mt10 mb10 sliderTable-index0 change-to-org\">\n<div class=\"inner\">\n<p>Jako wiod\u0105cy producent w bran\u017cy, firma FMP specjalizuje si\u0119 w produkcji szerokiej gamy przek\u0142adni z\u0119batych walcowych z z\u0119bami p\u0142askimi do maszyn metalurgicznych, zaprojektowanych z my\u015bl\u0105 o zr\u00f3\u017cnicowanych potrzebach przemys\u0142owych. Nasze produkty s\u0105 projektowane z precyzj\u0105, zapewniaj\u0105c optymaln\u0105 wydajno\u015b\u0107, trwa\u0142o\u015b\u0107 i efektywno\u015b\u0107 w zastosowaniach takich jak ci\u0119\u017cki sprz\u0119t, sprz\u0119t g\u00f3rniczy i systemy obr\u00f3bki metalurgicznej. Niezale\u017cnie od tego, czy potrzebujesz standardowych specyfikacji, czy unikalnych projekt\u00f3w dostosowanych do Twoich potrzeb, FMP oferuje us\u0142ugi personalizacji, aby dostarczy\u0107 przek\u0142adnie idealnie dopasowane do Twoich potrzeb, zwi\u0119kszaj\u0105c wydajno\u015b\u0107 i skracaj\u0105c przestoje.<\/p>\n<p>Je\u015bli nie znajdziesz konkretnego modelu Metallurgy Machinery Soft Tooth Flank <a href=\"https:\/\/fmp-components.com\/pl\/helical-gears\/\">Przek\u0142adnia \u015brubowa<\/a> Je\u015bli szukasz produktu z naszej listy, nie martw si\u0119 \u2013 by\u0107 mo\u017ce nie zd\u0105\u017cyli\u015bmy jej jeszcze zaktualizowa\u0107. W FMP dok\u0142adamy wszelkich stara\u0144, aby sprosta\u0107 Twoim potrzebom, dlatego prosimy o kontakt mailowy ze szczeg\u00f3\u0142owymi informacjami na temat modelu, kt\u00f3rego potrzebujesz. Nasz dedykowany zesp\u00f3\u0142 in\u017cynier\u00f3w odpowie w ci\u0105gu 24 godzin, zapewniaj\u0105c fachowe doradztwo i rozwi\u0105zania, dzi\u0119ki kt\u00f3rym otrzymasz dok\u0142adnie taki produkt, jakiego potrzebujesz do swojego projektu. Skontaktuj si\u0119 z nami ju\u017c dzi\u015b, aby dowiedzie\u0107 si\u0119, jak FMP mo\u017ce wesprze\u0107 Twoj\u0105 firm\u0119, dostarczaj\u0105c najwy\u017cszej jako\u015bci przek\u0142adnie \u015brubowe!<\/p>\n<h2>Specyfikacja<\/h2>\n<table border=\"1\" width=\"100%\">\n<tbody>\n<tr class=\"firstRow\">\n<th colspan=\"2\" valign=\"top\">Podstawowe dane przek\u0142adni<\/th>\n<\/tr>\n<tr>\n<td valign=\"center\">Kszta\u0142t z\u0119ba ko\u0142a z\u0119batego<\/td>\n<td valign=\"center\">spiralny<\/td>\n<\/tr>\n<tr>\n<td valign=\"center\">Materia\u0142 przek\u0142adni<\/td>\n<td valign=\"center\">45<\/td>\n<\/tr>\n<tr>\n<td valign=\"center\">Proces przek\u0142adni<\/td>\n<td valign=\"center\">kucie, toczenie, frezowanie obwiedniowe, szlifowanie zewn\u0119trzne, frezowanie rowk\u00f3w wpustowych, szlifowanie z\u0119b\u00f3w<\/td>\n<\/tr>\n<tr>\n<td valign=\"center\">K\u0105t ci\u015bnienia<\/td>\n<td valign=\"center\">20\u00b0<\/td>\n<\/tr>\n<tr>\n<td valign=\"center\">Poziom jako\u015bci<\/td>\n<td valign=\"center\">DIN 3962 klasa 6<\/td>\n<\/tr>\n<tr>\n<td valign=\"center\">Typ przek\u0142adni<\/td>\n<td valign=\"center\">Mn=3, Z=128, \u03b2=11,5\u00b0, \u03b1=20\u00b0, lewoskr\u0119tny<\/td>\n<\/tr>\n<\/tbody>\n<\/table>\n<\/div>\n<\/div>\n<p><strong>Mo\u017cliwo\u015bci przek\u0142adni\/wielowypust\u00f3w<\/strong><\/p>\n<div class=\"sliderTable mt10 mb10 sliderTable-index1 change-to-org\">\n<div class=\"inner\">\n<table border=\"1\" width=\"100%\">\n<tbody>\n<tr class=\"firstRow\">\n<th colspan=\"4\" valign=\"top\">Ko\u0142a z\u0119bate wewn\u0119trzne i wielowypusty wewn\u0119trzne<\/th>\n<\/tr>\n<tr>\n<td valign=\"top\"><\/td>\n<td valign=\"top\">PRZEMIA\u0141<\/td>\n<td valign=\"top\">MODELACJA<\/td>\n<td valign=\"top\">ZGRZEWANIE Z\u0118B\u00d3W<\/td>\n<\/tr>\n<tr>\n<td valign=\"top\">Maksymalna \u015brednica zewn\u0119trzna<\/td>\n<td valign=\"top\">2500 mm<\/td>\n<td valign=\"top\">2500 mm<\/td>\n<td valign=\"top\">2500 mm<\/td>\n<\/tr>\n<tr>\n<td valign=\"top\">Minimalny identyfikator<\/td>\n<td valign=\"top\">650 mm<\/td>\n<td valign=\"top\">50 mm<\/td>\n<td valign=\"top\">100 mm<\/td>\n<\/tr>\n<tr>\n<td valign=\"top\">Maksymalna szeroko\u015b\u0107 twarzy<\/td>\n<td valign=\"top\">500 mm<\/td>\n<td valign=\"top\">500 mm<\/td>\n<td valign=\"top\">500 mm<\/td>\n<\/tr>\n<tr>\n<td valign=\"top\">Maksymalny podzia\u0142 \u015brednicowy<\/td>\n<td valign=\"top\">DP 1<\/td>\n<td valign=\"top\">DP 1<\/td>\n<td valign=\"top\">DP 0,5<\/td>\n<\/tr>\n<tr>\n<td valign=\"top\">Maksymalny modu\u0142<\/td>\n<td valign=\"top\">26 mm<\/td>\n<td valign=\"top\">26 mm<\/td>\n<td valign=\"top\">45 mm<\/td>\n<\/tr>\n<tr>\n<td valign=\"top\">Poziom AGMA\/Poziom DIN<\/td>\n<td valign=\"top\">Klasa DIN 8<\/td>\n<td valign=\"top\">Klasa DIN 8<\/td>\n<td valign=\"top\">Klasa DIN 4<\/td>\n<\/tr>\n<tr>\n<td valign=\"top\">Wyka\u0144czanie powierzchni z\u0119b\u00f3w<\/td>\n<td valign=\"top\">Ra 3,2<\/td>\n<td valign=\"top\">Ra 3,2<\/td>\n<td valign=\"top\">Ra 0,6<\/td>\n<\/tr>\n<tr>\n<td valign=\"top\">Maksymalny k\u0105t linii \u015brubowej<\/td>\n<td valign=\"top\">\u00b122,5\u00b0<\/td>\n<td valign=\"top\">\u00b122,5\u00b0<\/td>\n<td valign=\"top\">\u00b145\u00b0<\/td>\n<\/tr>\n<tr>\n<th colspan=\"4\" valign=\"top\">Ko\u0142a z\u0119bate zewn\u0119trzne i wielowypusty zewn\u0119trzne<\/th>\n<\/tr>\n<tr>\n<td valign=\"top\"><\/td>\n<td valign=\"top\">HOBBING<\/td>\n<td valign=\"top\">PRZEMIA\u0141<\/td>\n<td valign=\"top\">ZGRZEWANIE Z\u0118B\u00d3W<\/td>\n<\/tr>\n<tr>\n<td valign=\"top\">Maksymalna \u015brednica zewn\u0119trzna<\/td>\n<td valign=\"top\">1250 mm<\/td>\n<td valign=\"top\">2500 mm<\/td>\n<td valign=\"top\">2500 mm<\/td>\n<\/tr>\n<tr>\n<td valign=\"top\">Minimalny OD<\/td>\n<td valign=\"top\">20 mm<\/td>\n<td valign=\"top\">200 mm<\/td>\n<td valign=\"top\">20 mm<\/td>\n<\/tr>\n<tr>\n<td valign=\"top\">Maksymalna szeroko\u015b\u0107 twarzy<\/td>\n<td valign=\"top\">500 mm<\/td>\n<td valign=\"top\">500 mm<\/td>\n<td valign=\"top\">1480 mm<\/td>\n<\/tr>\n<tr>\n<td valign=\"top\">Maksymalny podzia\u0142 \u015brednicowy<\/td>\n<td valign=\"top\">DP 1<\/td>\n<td valign=\"top\">DP 1<\/td>\n<td valign=\"top\">DP 0,5<\/td>\n<\/tr>\n<tr>\n<td valign=\"top\">Maksymalny modu\u0142<\/td>\n<td valign=\"top\">26 mm<\/td>\n<td valign=\"top\">26 mm<\/td>\n<td valign=\"top\">45 mm<\/td>\n<\/tr>\n<tr>\n<td valign=\"top\">Poziom AGMA\/Poziom DIN<\/td>\n<td valign=\"top\">Klasa DIN 8<\/td>\n<td valign=\"top\">Klasa DIN 8<\/td>\n<td valign=\"top\">Klasa DIN 4<\/td>\n<\/tr>\n<tr>\n<td valign=\"top\">Wyka\u0144czanie powierzchni z\u0119b\u00f3w<\/td>\n<td valign=\"top\">Ra 3,2<\/td>\n<td valign=\"top\">Ra 3,2<\/td>\n<td valign=\"top\">Ra 0,6<\/td>\n<\/tr>\n<tr>\n<td valign=\"top\">Maksymalny k\u0105t linii \u015brubowej<\/td>\n<td valign=\"top\">\u00b145\u00b0<\/td>\n<td valign=\"top\">\u00b145\u00b0<\/td>\n<td valign=\"top\">\u00b145\u00b0<\/td>\n<\/tr>\n<\/tbody>\n<\/table>\n<\/div>\n<\/div>","protected":false},"excerpt":{"rendered":"<ul class=\"pro-info-list fix\">\n<li class=\"prod-specifics-brand\"><label>Kszta\u0142t z\u0119ba ko\u0142a z\u0119batego:\u00a0<\/label>spiralny<\/li>\n<li class=\"prod-specifics-brand\"><label>Materia\u0142 przek\u0142adni:<\/label>45<\/li>\n<li class=\"prod-specifics-brand\"><label>K\u0105t ci\u015bnienia:<\/label>20\u00b0<\/li>\n<li class=\"prod-specifics-brand\"><label>Poziom jako\u015bci:\u00a0<\/label>DIN 3962 klasa 6<\/li>\n<\/ul>","protected":false},"featured_media":4594,"comment_status":"open","ping_status":"closed","template":"","meta":{"_et_pb_use_builder":"","_et_pb_old_content":"","_et_gb_content_width":""},"product_brand":[],"product_cat":[108],"product_tag":[],"class_list":{"0":"post-7367","1":"product","2":"type-product","3":"status-publish","4":"has-post-thumbnail","6":"product_cat-helical-gear","8":"first","9":"instock","10":"shipping-taxable","11":"product-type-simple"},"_links":{"self":[{"href":"https:\/\/fmp-components.com\/pl\/wp-json\/wp\/v2\/product\/7367","targetHints":{"allow":["GET"]}}],"collection":[{"href":"https:\/\/fmp-components.com\/pl\/wp-json\/wp\/v2\/product"}],"about":[{"href":"https:\/\/fmp-components.com\/pl\/wp-json\/wp\/v2\/types\/product"}],"replies":[{"embeddable":true,"href":"https:\/\/fmp-components.com\/pl\/wp-json\/wp\/v2\/comments?post=7367"}],"wp:featuredmedia":[{"embeddable":true,"href":"https:\/\/fmp-components.com\/pl\/wp-json\/wp\/v2\/media\/4594"}],"wp:attachment":[{"href":"https:\/\/fmp-components.com\/pl\/wp-json\/wp\/v2\/media?parent=7367"}],"wp:term":[{"taxonomy":"product_brand","embeddable":true,"href":"https:\/\/fmp-components.com\/pl\/wp-json\/wp\/v2\/product_brand?post=7367"},{"taxonomy":"product_cat","embeddable":true,"href":"https:\/\/fmp-components.com\/pl\/wp-json\/wp\/v2\/product_cat?post=7367"},{"taxonomy":"product_tag","embeddable":true,"href":"https:\/\/fmp-components.com\/pl\/wp-json\/wp\/v2\/product_tag?post=7367"}],"curies":[{"name":"wp","href":"https:\/\/api.w.org\/{rel}","templated":true}]}}