{"id":7364,"date":"2025-03-24T02:21:03","date_gmt":"2025-03-24T02:21:03","guid":{"rendered":"https:\/\/fmp-components.com\/?post_type=product&#038;p=7364"},"modified":"2025-03-26T08:43:59","modified_gmt":"2025-03-26T08:43:59","slug":"high-speed-train-locomotive-hard-tooth-flank-helical-gear","status":"publish","type":"product","link":"https:\/\/fmp-components.com\/pl\/product\/high-speed-train-locomotive-hard-tooth-flank-helical-gear\/","title":{"rendered":"Lokomotywa poci\u0105gu du\u017cych pr\u0119dko\u015bci z z\u0119bami z\u0119batymi o twardym boku"},"content":{"rendered":"<div class=\"sliderTable mt10 mb10 sliderTable-index0 change-to-org\">\n<div class=\"inner\">\n<h2>Rola przek\u0142adni \u015brubowych z twardymi z\u0119bami bocznymi w lokomotywach poci\u0105g\u00f3w du\u017cych pr\u0119dko\u015bci<\/h2>\n<div>Lokomotywy poci\u0105g\u00f3w du\u017cych pr\u0119dko\u015bci wymagaj\u0105 przek\u0142adni, kt\u00f3re wytrzymaj\u0105 ekstremalne warunki eksploatacyjne, zapewniaj\u0105c jednocze\u015bnie p\u0142ynn\u0105 i wydajn\u0105 prac\u0119. Twardy bok z\u0119ba <a href=\"https:\/\/fmp-components.com\/pl\/helical-gears\/\">ko\u0142a z\u0119bate \u015brubowe<\/a> Przek\u0142adnie te stanowi\u0105 optymalne rozwi\u0105zanie dla tych zastosowa\u0144 dzi\u0119ki wyj\u0105tkowej wytrzyma\u0142o\u015bci, precyzji oraz zdolno\u015bci do radzenia sobie z du\u017cymi obci\u0105\u017ceniami i pr\u0119dko\u015bciami. Przek\u0142adnie te zosta\u0142y zaprojektowane specjalnie w celu minimalizacji ha\u0142asu i wibracji, zwi\u0119kszaj\u0105c komfort pasa\u017cer\u00f3w i zapewniaj\u0105c niezawodno\u015b\u0107 system\u00f3w kolei du\u017cych pr\u0119dko\u015bci. Ich solidna konstrukcja ogranicza r\u00f3wnie\u017c potrzeb\u0119 cz\u0119stej konserwacji, co czyni je kluczowym elementem zapewniaj\u0105cym trwa\u0142o\u015b\u0107 i niezawodno\u015b\u0107 nowoczesnych lokomotyw.<\/div>\n<h2>Specyfikacja<\/h2>\n<table border=\"1\" width=\"100%\">\n<tbody>\n<tr class=\"firstRow\">\n<th colspan=\"2\" valign=\"top\">Podstawowe dane przek\u0142adni<\/th>\n<\/tr>\n<tr>\n<td valign=\"center\">Kszta\u0142t z\u0119ba ko\u0142a z\u0119batego<\/td>\n<td valign=\"center\">spiralny<\/td>\n<\/tr>\n<tr>\n<td valign=\"center\">Materia\u0142 przek\u0142adni<\/td>\n<td valign=\"center\">17CrNiMo6<\/td>\n<\/tr>\n<tr>\n<td valign=\"center\">Proces przek\u0142adni<\/td>\n<td valign=\"center\">kucie, toczenie, frezowanie obwiedniowe, naw\u0119glanie, szlifowanie zewn\u0119trzne, szlifowanie z\u0119b\u00f3w<\/td>\n<\/tr>\n<tr>\n<td valign=\"center\">K\u0105t ci\u015bnienia<\/td>\n<td valign=\"center\">20\u00b0<\/td>\n<\/tr>\n<tr>\n<td valign=\"center\">Poziom jako\u015bci<\/td>\n<td valign=\"center\">DIN 3962 Klasa 6<\/td>\n<\/tr>\n<tr>\n<td valign=\"center\">Typ przek\u0142adni<\/td>\n<td valign=\"center\">Mn=4, Z=132, \u03b2=18\u00b0<\/td>\n<\/tr>\n<\/tbody>\n<\/table>\n<\/div>\n<\/div>\n<p><strong>MO\u017bLIWO\u015aCI PRZEK\u0141ADNI\/WIELOKROTNEGO PRZEK\u0141ADNI<\/strong><\/p>\n<div class=\"sliderTable mt10 mb10 sliderTable-index1 change-to-org\">\n<div class=\"inner\">\n<table border=\"1\" width=\"100%\">\n<tbody>\n<tr class=\"firstRow\">\n<th colspan=\"4\" valign=\"top\">PRZEK\u0141ADNIE WEWN\u0118TRZNE I WIELOKR\u0118TY WEWN\u0118TRZNE<\/th>\n<\/tr>\n<tr>\n<td valign=\"top\"><\/td>\n<td valign=\"top\">PRZEMIA\u0141<\/td>\n<td valign=\"top\">MODELACJA<\/td>\n<td valign=\"top\">ZGRZEWANIE Z\u0118B\u00d3W<\/td>\n<\/tr>\n<tr>\n<td valign=\"top\">Maksymalna \u015brednica zewn\u0119trzna<\/td>\n<td valign=\"top\">2500 mm<\/td>\n<td valign=\"top\">2500 mm<\/td>\n<td valign=\"top\">2500 mm<\/td>\n<\/tr>\n<tr>\n<td valign=\"top\">Minimalny identyfikator<\/td>\n<td valign=\"top\">650 mm<\/td>\n<td valign=\"top\">50 mm<\/td>\n<td valign=\"top\">100 mm<\/td>\n<\/tr>\n<tr>\n<td valign=\"top\">Maksymalna szeroko\u015b\u0107 twarzy<\/td>\n<td valign=\"top\">500 mm<\/td>\n<td valign=\"top\">500 mm<\/td>\n<td valign=\"top\">500 mm<\/td>\n<\/tr>\n<tr>\n<td valign=\"top\">Maksymalny podzia\u0142 \u015brednicowy<\/td>\n<td valign=\"top\">DP 1<\/td>\n<td valign=\"top\">DP 1<\/td>\n<td valign=\"top\">DP 0,5<\/td>\n<\/tr>\n<tr>\n<td valign=\"top\">Maksymalny modu\u0142<\/td>\n<td valign=\"top\">26 mm<\/td>\n<td valign=\"top\">26 mm<\/td>\n<td valign=\"top\">45 mm<\/td>\n<\/tr>\n<tr>\n<td valign=\"top\">Poziom AGMA\/Poziom DIN<\/td>\n<td valign=\"top\">Klasa DIN 8<\/td>\n<td valign=\"top\">Klasa DIN 8<\/td>\n<td valign=\"top\">Klasa DIN 4<\/td>\n<\/tr>\n<tr>\n<td valign=\"top\">Wyka\u0144czanie powierzchni z\u0119b\u00f3w<\/td>\n<td valign=\"top\">Ra 3,2<\/td>\n<td valign=\"top\">Ra 3,2<\/td>\n<td valign=\"top\">Ra 0,6<\/td>\n<\/tr>\n<tr>\n<td valign=\"top\">Maksymalny k\u0105t linii \u015brubowej<\/td>\n<td valign=\"top\">\u00b122,5\u00b0<\/td>\n<td valign=\"top\">\u00b122,5\u00b0<\/td>\n<td valign=\"top\">\u00b145\u00b0<\/td>\n<\/tr>\n<tr>\n<th colspan=\"4\" valign=\"top\">PRZEK\u0141ADNIE ZEWN\u0118TRZNE I WIELOKR\u0118TY ZEWN\u0118TRZNE<\/th>\n<\/tr>\n<tr>\n<td valign=\"top\"><\/td>\n<td valign=\"top\">HOBBING<\/td>\n<td valign=\"top\">PRZEMIA\u0141<\/td>\n<td valign=\"top\">ZGRZEWANIE Z\u0118B\u00d3W<\/td>\n<\/tr>\n<tr>\n<td valign=\"top\">Maksymalna \u015brednica zewn\u0119trzna<\/td>\n<td valign=\"top\">1250 mm<\/td>\n<td valign=\"top\">2500 mm<\/td>\n<td valign=\"top\">2500 mm<\/td>\n<\/tr>\n<tr>\n<td valign=\"top\">Minimalny OD<\/td>\n<td valign=\"top\">20 mm<\/td>\n<td valign=\"top\">200 mm<\/td>\n<td valign=\"top\">20 mm<\/td>\n<\/tr>\n<tr>\n<td valign=\"top\">Maksymalna szeroko\u015b\u0107 twarzy<\/td>\n<td valign=\"top\">500 mm<\/td>\n<td valign=\"top\">500 mm<\/td>\n<td valign=\"top\">1480 mm<\/td>\n<\/tr>\n<tr>\n<td valign=\"top\">Maksymalny podzia\u0142 \u015brednicowy<\/td>\n<td valign=\"top\">DP 1<\/td>\n<td valign=\"top\">DP 1<\/td>\n<td valign=\"top\">DP 0,5<\/td>\n<\/tr>\n<tr>\n<td valign=\"top\">Maksymalny modu\u0142<\/td>\n<td valign=\"top\">26 mm<\/td>\n<td valign=\"top\">26 mm<\/td>\n<td valign=\"top\">45 mm<\/td>\n<\/tr>\n<tr>\n<td valign=\"top\">Poziom AGMA\/Poziom DIN<\/td>\n<td valign=\"top\">Klasa DIN 8<\/td>\n<td valign=\"top\">Klasa DIN 8<\/td>\n<td valign=\"top\">Klasa DIN 4<\/td>\n<\/tr>\n<tr>\n<td valign=\"top\">Wyka\u0144czanie powierzchni z\u0119b\u00f3w<\/td>\n<td valign=\"top\">Ra 3,2<\/td>\n<td valign=\"top\">Ra 3,2<\/td>\n<td valign=\"top\">Ra 0,6<\/td>\n<\/tr>\n<tr>\n<td valign=\"top\">Maksymalny k\u0105t linii \u015brubowej<\/td>\n<td valign=\"top\">\u00b145\u00b0<\/td>\n<td valign=\"top\">\u00b145\u00b0<\/td>\n<td valign=\"top\">\u00b145\u00b0<\/td>\n<\/tr>\n<\/tbody>\n<\/table>\n<div><\/div>\n<h3>Firma FMP: Tw\u00f3j partner w zakresie wysokiej jako\u015bci przek\u0142adni do lokomotyw<\/h3>\n<div><\/div>\n<div>Firma FMP jest wiod\u0105cym producentem przek\u0142adni z\u0119batych o z\u0119bach sko\u015bnych z twardym bokiem do lokomotyw du\u017cych pr\u0119dko\u015bci, oferuj\u0105c szerok\u0105 gam\u0119 typ\u00f3w przek\u0142adni zaprojektowanych tak, aby sprosta\u0107 rygorystycznym wymaganiom bran\u017cy kolejowej. Nasze przek\u0142adnie s\u0105 wytwarzane zgodnie z najwy\u017cszymi standardami, zapewniaj\u0105c maksymaln\u0105 wydajno\u015b\u0107 i trwa\u0142o\u015b\u0107 nawet w najtrudniejszych warunkach. Oferujemy r\u00f3wnie\u017c produkcj\u0119 przek\u0142adni na zam\u00f3wienie, dostosowan\u0105 do indywidualnych wymaga\u0144. Je\u015bli poszukiwany przez Pa\u0144stwa model przek\u0142adni nie znajduje si\u0119 w naszym katalogu produkt\u00f3w, oznacza to po prostu, \u017ce jeszcze go nie opublikowali\u015bmy \u2013 zapewniamy, \u017ce nadal mo\u017cemy sprosta\u0107 Pa\u0144stwa potrzebom. Prosimy o przes\u0142anie nam maila ze swoimi wymaganiami, a nasi wykwalifikowani in\u017cynierowie odpowiedz\u0105 w ci\u0105gu 24 godzin, aby pom\u00f3c Pa\u0144stwu znale\u017a\u0107 idealne rozwi\u0105zanie przek\u0142adni dla Pa\u0144stwa lokomotywy.<\/div>\n<\/div>\n<\/div>","protected":false},"excerpt":{"rendered":"<ul class=\"pro-info-list fix\">\n<li class=\"prod-specifics-brand\"><label>Kszta\u0142t z\u0119ba ko\u0142a z\u0119batego:\u00a0<\/label>spiralny<\/li>\n<li class=\"prod-specifics-brand\"><label>Materia\u0142 przek\u0142adni:<\/label>17CrNiMo6<\/li>\n<li class=\"prod-specifics-brand\"><label>K\u0105t ci\u015bnienia:<\/label>20\u00b0<\/li>\n<li class=\"prod-specifics-brand\"><label>Poziom jako\u015bci:\u00a0<\/label>DIN 3962 Klasa 6<\/li>\n<\/ul>","protected":false},"featured_media":4590,"comment_status":"open","ping_status":"closed","template":"","meta":{"_et_pb_use_builder":"","_et_pb_old_content":"","_et_gb_content_width":""},"product_brand":[],"product_cat":[108],"product_tag":[],"class_list":{"0":"post-7364","1":"product","2":"type-product","3":"status-publish","4":"has-post-thumbnail","6":"product_cat-helical-gear","8":"first","9":"instock","10":"shipping-taxable","11":"product-type-simple"},"_links":{"self":[{"href":"https:\/\/fmp-components.com\/pl\/wp-json\/wp\/v2\/product\/7364","targetHints":{"allow":["GET"]}}],"collection":[{"href":"https:\/\/fmp-components.com\/pl\/wp-json\/wp\/v2\/product"}],"about":[{"href":"https:\/\/fmp-components.com\/pl\/wp-json\/wp\/v2\/types\/product"}],"replies":[{"embeddable":true,"href":"https:\/\/fmp-components.com\/pl\/wp-json\/wp\/v2\/comments?post=7364"}],"wp:featuredmedia":[{"embeddable":true,"href":"https:\/\/fmp-components.com\/pl\/wp-json\/wp\/v2\/media\/4590"}],"wp:attachment":[{"href":"https:\/\/fmp-components.com\/pl\/wp-json\/wp\/v2\/media?parent=7364"}],"wp:term":[{"taxonomy":"product_brand","embeddable":true,"href":"https:\/\/fmp-components.com\/pl\/wp-json\/wp\/v2\/product_brand?post=7364"},{"taxonomy":"product_cat","embeddable":true,"href":"https:\/\/fmp-components.com\/pl\/wp-json\/wp\/v2\/product_cat?post=7364"},{"taxonomy":"product_tag","embeddable":true,"href":"https:\/\/fmp-components.com\/pl\/wp-json\/wp\/v2\/product_tag?post=7364"}],"curies":[{"name":"wp","href":"https:\/\/api.w.org\/{rel}","templated":true}]}}