{"id":7356,"date":"2025-03-24T02:05:34","date_gmt":"2025-03-24T02:05:34","guid":{"rendered":"https:\/\/fmp-components.com\/?post_type=product&#038;p=7356"},"modified":"2025-03-26T08:44:19","modified_gmt":"2025-03-26T08:44:19","slug":"double-helical-gears-for-agricultural-machinery","status":"publish","type":"product","link":"https:\/\/fmp-components.com\/pl\/product\/double-helical-gears-for-agricultural-machinery\/","title":{"rendered":"Podw\u00f3jne ko\u0142a z\u0119bate \u015brubowe do maszyn rolniczych"},"content":{"rendered":"<h2>Podw\u00f3jne ko\u0142a z\u0119bate \u015brubowe w maszynach rolniczych<\/h2>\n<div>Podw\u00f3jnie <a href=\"https:\/\/fmp-components.com\/pl\/helical-gears\/\">ko\u0142a z\u0119bate \u015brubowe<\/a> Przek\u0142adnie z\u0119bate do maszyn rolniczych s\u0105 niezb\u0119dne do zwi\u0119kszenia wydajno\u015bci i trwa\u0142o\u015bci sprz\u0119tu rolniczego. Te ko\u0142a z\u0119bate, wyposa\u017cone w unikalne z\u0119by w kszta\u0142cie litery V, zosta\u0142y zaprojektowane z my\u015bl\u0105 o du\u017cych obci\u0105\u017ceniach i rygorystycznych wymaganiach ci\u0105gnik\u00f3w, kombajn\u00f3w, glebogryzarek i innych maszyn rolniczych. Eliminuj\u0105c nacisk osiowy i minimalizuj\u0105c wibracje, podw\u00f3jne ko\u0142a z\u0119bate \u015brubowe zapewniaj\u0105 p\u0142ynn\u0105 i wydajn\u0105 prac\u0119, co ma kluczowe znaczenie dla zmniejszenia zu\u017cycia i wyd\u0142u\u017cenia \u017cywotno\u015bci maszyn. Ta niezawodno\u015b\u0107 przek\u0142ada si\u0119 na wzrost wydajno\u015bci i skr\u00f3cenie przestoj\u00f3w, co czyni je niezb\u0119dnym elementem dla rolnik\u00f3w d\u0105\u017c\u0105cych do optymalizacji swoich dzia\u0142a\u0144.<\/div>\n<h2>Niestandardowe ko\u0142a z\u0119bate przek\u0142adni \u2013 podw\u00f3jne ko\u0142o \u015brubowe do m\u0142yna kulowego<\/h2>\n<div class=\"table-responsive\">\n<table class=\"table\" style=\"width: 97.719%;\" border=\"1\">\n<tbody>\n<tr>\n<td style=\"width: 56.7823%;\">Typ przek\u0142adni<\/td>\n<td style=\"width: 224.921%;\">Podw\u00f3jne ko\u0142o z\u0119bate \u015brubowe<\/td>\n<\/tr>\n<tr>\n<td style=\"width: 56.7823%;\">Tworzywo<\/td>\n<td style=\"width: 224.921%;\">Kucie<\/td>\n<\/tr>\n<tr>\n<td style=\"width: 56.7823%;\">Metoda produkcji k\u00f3\u0142 z\u0119batych<\/td>\n<td style=\"width: 224.921%;\">Frezowanie k\u00f3\u0142 z\u0119batych<\/td>\n<\/tr>\n<\/tbody>\n<\/table>\n<\/div>\n<p>Materia\u0142: 42CrMo<\/p>\n<div class=\"table-responsive\">\n<table class=\"table\" style=\"width: 97.6019%;\" border=\"1\">\n<tbody>\n<tr>\n<td style=\"width: 41.806%;\">POR\u00d3WNANIE GATUNK\u00d3W STALI WED\u0141UG KOD\u00d3W NORMOWYCH<\/td>\n<td style=\"width: 12.3746%;\"><\/td>\n<td style=\"width: 11.8729%;\"><\/td>\n<td style=\"width: 7.19064%;\"><\/td>\n<td style=\"width: 11.3712%;\"><\/td>\n<td style=\"width: 66.388%;\"><\/td>\n<\/tr>\n<tr>\n<td style=\"width: 41.806%;\">CHINY\/Wielka Brytania<\/td>\n<td style=\"width: 12.3746%;\">ISO<\/td>\n<td style=\"width: 11.8729%;\">GOST<\/td>\n<td style=\"width: 7.19064%;\">ASTM<\/td>\n<td style=\"width: 11.3712%;\">JIS<\/td>\n<td style=\"width: 66.388%;\">HA\u0141AS<\/td>\n<\/tr>\n<tr>\n<td style=\"width: 41.806%;\">45<\/td>\n<td style=\"width: 12.3746%;\">C45E4<\/td>\n<td style=\"width: 11.8729%;\">45<\/td>\n<td style=\"width: 7.19064%;\">1045<\/td>\n<td style=\"width: 11.3712%;\">S45C<\/td>\n<td style=\"width: 66.388%;\">CK45<\/td>\n<\/tr>\n<tr>\n<td style=\"width: 41.806%;\">40Cr<\/td>\n<td style=\"width: 12.3746%;\">41Cr4<\/td>\n<td style=\"width: 11.8729%;\">40X<\/td>\n<td style=\"width: 7.19064%;\">5140<\/td>\n<td style=\"width: 11.3712%;\">SCr440<\/td>\n<td style=\"width: 66.388%;\">41Cr4<\/td>\n<\/tr>\n<tr>\n<td style=\"width: 41.806%;\">20CrMo<\/td>\n<td style=\"width: 12.3746%;\">18CrMo4<\/td>\n<td style=\"width: 11.8729%;\">20\u0425\u041c<\/td>\n<td style=\"width: 7.19064%;\">4118<\/td>\n<td style=\"width: 11.3712%;\">SCM22<\/td>\n<td style=\"width: 66.388%;\">25CrMo4<\/td>\n<\/tr>\n<tr>\n<td style=\"width: 41.806%;\">42CrMo<\/td>\n<td style=\"width: 12.3746%;\">42CrMo4<\/td>\n<td style=\"width: 11.8729%;\">38XM<\/td>\n<td style=\"width: 7.19064%;\">4140<\/td>\n<td style=\"width: 11.3712%;\">SCM440<\/td>\n<td style=\"width: 66.388%;\">42CrMo4<\/td>\n<\/tr>\n<tr>\n<td style=\"width: 41.806%;\">20CrMnTi<\/td>\n<td style=\"width: 12.3746%;\"><\/td>\n<td style=\"width: 11.8729%;\">18X\u0413T<\/td>\n<td style=\"width: 7.19064%;\"><\/td>\n<td style=\"width: 11.3712%;\">SMK22<\/td>\n<td style=\"width: 66.388%;\"><\/td>\n<\/tr>\n<tr>\n<td style=\"width: 41.806%;\">20Cr2Ni4<\/td>\n<td style=\"width: 12.3746%;\"><\/td>\n<td style=\"width: 11.8729%;\">20X2H4A<\/td>\n<td style=\"width: 7.19064%;\"><\/td>\n<td style=\"width: 11.3712%;\"><\/td>\n<td style=\"width: 66.388%;\"><\/td>\n<\/tr>\n<tr>\n<td style=\"width: 41.806%;\">20CrNiMo<\/td>\n<td style=\"width: 12.3746%;\">20CrNiMo2<\/td>\n<td style=\"width: 11.8729%;\">20XHM<\/td>\n<td style=\"width: 7.19064%;\">8720<\/td>\n<td style=\"width: 11.3712%;\">SNCM220<\/td>\n<td style=\"width: 66.388%;\">21NiCrMo2<\/td>\n<\/tr>\n<tr>\n<td style=\"width: 41.806%;\">40CrNiMoA<\/td>\n<td style=\"width: 12.3746%;\"><\/td>\n<td style=\"width: 11.8729%;\">40XH2MA\/<br \/>\n40XHMA<\/td>\n<td style=\"width: 7.19064%;\">4340<\/td>\n<td style=\"width: 11.3712%;\">SNCM439<\/td>\n<td style=\"width: 66.388%;\">40NiCrMo6\/<br \/>\n36NiCrMo4<\/td>\n<\/tr>\n<tr>\n<td style=\"width: 41.806%;\">20CrNi2Mo<\/td>\n<td style=\"width: 12.3746%;\">20NiCrMo7<\/td>\n<td style=\"width: 11.8729%;\">20XH2MA<\/td>\n<td style=\"width: 7.19064%;\">4320<\/td>\n<td style=\"width: 11.3712%;\">SNCM420<\/td>\n<td style=\"width: 66.388%;\"><\/td>\n<\/tr>\n<\/tbody>\n<\/table>\n<\/div>\n<p>Frezowanie z\u0119b\u00f3w<\/p>\n<p>Cz\u0119\u015bci na zam\u00f3wienie. Wykonujemy cz\u0119\u015bci wed\u0142ug rysunk\u00f3w lub pr\u00f3bek klienta.<\/p>\n<p>Oprogramowanie in\u017cynierskie, kt\u00f3rego u\u017cywamy: AutoCAD, Solidworks<\/p>\n<h3>Firma FMP: Twoje zaufane \u017ar\u00f3d\u0142o podw\u00f3jnych przek\u0142adni \u015brubowych<\/h3>\n<div>Jako wiod\u0105cy producent przek\u0142adni z\u0119batych dwu\u015blimakowych do maszyn rolniczych, firma FMP oferuje szerok\u0105 gam\u0119 standardowych i niestandardowych rozwi\u0105za\u0144 przek\u0142adniowych, aby sprosta\u0107 zr\u00f3\u017cnicowanym potrzebom bran\u017cy rolniczej. Nasze produkty s\u0105 wykonane z precyzj\u0105 i jako\u015bci\u0105, aby zapewni\u0107 optymaln\u0105 wydajno\u015b\u0107 nawet w najbardziej wymagaj\u0105cych zastosowaniach rolniczych. Je\u015bli nie mo\u017cesz znale\u017a\u0107 konkretnego modelu przek\u0142adni na naszej li\u015bcie produkt\u00f3w, oznacza to po prostu, \u017ce nie mieli\u015bmy jeszcze okazji go doda\u0107 \u2013 nie martw si\u0119! Wystarczy, \u017ce wy\u015blesz nam e-mail ze swoimi wymaganiami, a nasz do\u015bwiadczony zesp\u00f3\u0142 in\u017cynier\u00f3w odpowie w ci\u0105gu 24 godzin, zapewniaj\u0105c spersonalizowane wsparcie, aby pom\u00f3c Ci znale\u017a\u0107 idealne rozwi\u0105zanie przek\u0142adniowe dla Twoich maszyn rolniczych.<\/div>\n<div>\n<table style=\"border-collapse: collapse; width: 100.021%; height: 9px;\" border=\"0\" width=\"243\" cellspacing=\"0\" cellpadding=\"0\">\n<tbody>\n<tr style=\"height: 14.40pt;\">\n<td style=\"height: 14.4pt; width: 38.3298%;\" align=\"right\" width=\"81\" height=\"24\"><img loading=\"lazy\" decoding=\"async\" class=\"size-full wp-image-7360 aligncenter\" src=\"https:\/\/fmp-components.com\/wp-content\/uploads\/2025\/03\/Double-Helical-Gears-For-Agricultural-Machinery1.webp\" alt=\"Podw\u00f3jne ko\u0142a z\u0119bate \u015brubowe do maszyn rolniczych\" width=\"523\" height=\"400\" title=\"\" srcset=\"https:\/\/fmp-components.com\/wp-content\/uploads\/2025\/03\/Double-Helical-Gears-For-Agricultural-Machinery1.webp 523w, https:\/\/fmp-components.com\/wp-content\/uploads\/2025\/03\/Double-Helical-Gears-For-Agricultural-Machinery1-480x367.webp 480w\" sizes=\"(min-width: 0px) and (max-width: 480px) 480px, (min-width: 481px) 523px, 100vw\" \/><\/td>\n<td style=\"width: 29.6574%;\" align=\"right\" width=\"81\"><img loading=\"lazy\" decoding=\"async\" class=\"alignnone size-full wp-image-7361\" src=\"https:\/\/fmp-components.com\/wp-content\/uploads\/2025\/03\/Double-Helical-Gears-For-Agricultural-Machinery2.webp\" alt=\"Podw\u00f3jne ko\u0142a z\u0119bate \u015brubowe do maszyn rolniczych\" width=\"382\" height=\"400\" title=\"\" srcset=\"https:\/\/fmp-components.com\/wp-content\/uploads\/2025\/03\/Double-Helical-Gears-For-Agricultural-Machinery2.webp 382w, https:\/\/fmp-components.com\/wp-content\/uploads\/2025\/03\/Double-Helical-Gears-For-Agricultural-Machinery2-287x300.webp 287w, https:\/\/fmp-components.com\/wp-content\/uploads\/2025\/03\/Double-Helical-Gears-For-Agricultural-Machinery2-11x12.webp 11w\" sizes=\"(max-width: 382px) 100vw, 382px\" \/><\/td>\n<td style=\"width: 31.9057%;\" align=\"right\" width=\"81\"><img loading=\"lazy\" decoding=\"async\" class=\"size-full wp-image-7362 aligncenter\" src=\"https:\/\/fmp-components.com\/wp-content\/uploads\/2025\/03\/Double-Helical-Gears-For-Agricultural-Machinery3.webp\" alt=\"\" width=\"840\" height=\"800\" title=\"\" srcset=\"https:\/\/fmp-components.com\/wp-content\/uploads\/2025\/03\/Double-Helical-Gears-For-Agricultural-Machinery3.webp 840w, https:\/\/fmp-components.com\/wp-content\/uploads\/2025\/03\/Double-Helical-Gears-For-Agricultural-Machinery3-480x457.webp 480w\" sizes=\"(min-width: 0px) and (max-width: 480px) 480px, (min-width: 481px) 840px, 100vw\" \/><\/td>\n<\/tr>\n<\/tbody>\n<\/table>\n<\/div>","protected":false},"excerpt":{"rendered":"<p>Przek\u0142adnie dwu\u015blimakowe do maszyn rolniczych<br \/>\nTwardo\u015b\u0107 powierzchni: 40-45 HRC<br \/>\nStopie\u0144 dok\u0142adno\u015bci przek\u0142adni: 8-10<\/p>","protected":false},"featured_media":7363,"comment_status":"open","ping_status":"closed","template":"","meta":{"_et_pb_use_builder":"","_et_pb_old_content":"","_et_gb_content_width":""},"product_brand":[],"product_cat":[108],"product_tag":[],"class_list":{"0":"post-7356","1":"product","2":"type-product","3":"status-publish","4":"has-post-thumbnail","6":"product_cat-helical-gear","8":"first","9":"instock","10":"shipping-taxable","11":"product-type-simple"},"_links":{"self":[{"href":"https:\/\/fmp-components.com\/pl\/wp-json\/wp\/v2\/product\/7356","targetHints":{"allow":["GET"]}}],"collection":[{"href":"https:\/\/fmp-components.com\/pl\/wp-json\/wp\/v2\/product"}],"about":[{"href":"https:\/\/fmp-components.com\/pl\/wp-json\/wp\/v2\/types\/product"}],"replies":[{"embeddable":true,"href":"https:\/\/fmp-components.com\/pl\/wp-json\/wp\/v2\/comments?post=7356"}],"wp:featuredmedia":[{"embeddable":true,"href":"https:\/\/fmp-components.com\/pl\/wp-json\/wp\/v2\/media\/7363"}],"wp:attachment":[{"href":"https:\/\/fmp-components.com\/pl\/wp-json\/wp\/v2\/media?parent=7356"}],"wp:term":[{"taxonomy":"product_brand","embeddable":true,"href":"https:\/\/fmp-components.com\/pl\/wp-json\/wp\/v2\/product_brand?post=7356"},{"taxonomy":"product_cat","embeddable":true,"href":"https:\/\/fmp-components.com\/pl\/wp-json\/wp\/v2\/product_cat?post=7356"},{"taxonomy":"product_tag","embeddable":true,"href":"https:\/\/fmp-components.com\/pl\/wp-json\/wp\/v2\/product_tag?post=7356"}],"curies":[{"name":"wp","href":"https:\/\/api.w.org\/{rel}","templated":true}]}}