{"id":7346,"date":"2025-03-23T08:27:19","date_gmt":"2025-03-23T08:27:19","guid":{"rendered":"https:\/\/fmp-components.com\/?post_type=product&#038;p=7346"},"modified":"2025-03-26T08:45:56","modified_gmt":"2025-03-26T08:45:56","slug":"heavy-machinery-double-helical-gear","status":"publish","type":"product","link":"https:\/\/fmp-components.com\/pl\/product\/heavy-machinery-double-helical-gear\/","title":{"rendered":"Ci\u0119\u017ckie maszyny Podw\u00f3jna przek\u0142adnia \u015blimakowa"},"content":{"rendered":"<div>\n<h2>Podw\u00f3jna przek\u0142adnia \u015brubowa do maszyn ci\u0119\u017ckich: precyzja i moc do zastosowa\u0144 przemys\u0142owych<\/h2>\n<p class=\"break-words\">W firmie FMP Company szczycimy si\u0119 produkcj\u0105 szerokiej gamy tych wyj\u0105tkowych przek\u0142adni, dostosowanych do potrzeb przemys\u0142u ci\u0119\u017ckiego we W\u0142oszech \u2014 w tym w takich kluczowych o\u015brodkach jak Mediolan, Wenecja, Florencja i Bolonia \u2014 i poza nimi.<\/p>\n<table style=\"border-collapse: collapse; width: 100.102%; height: 95px;\" border=\"0\" width=\"243\" cellspacing=\"0\" cellpadding=\"0\">\n<tbody>\n<tr style=\"height: 14.40pt;\">\n<td style=\"height: 14px; width: 33.262%;\" align=\"right\" width=\"81\" height=\"24\"><img loading=\"lazy\" decoding=\"async\" class=\"size-full wp-image-7353 aligncenter\" src=\"https:\/\/fmp-components.com\/wp-content\/uploads\/2025\/03\/Heavy-Machinery-Double-Helical-Gear-6.webp\" alt=\"Ci\u0119\u017ckie maszyny \u2013 podw\u00f3jne ko\u0142a z\u0119bate \u015brubowe\" width=\"500\" height=\"500\" title=\"\" srcset=\"https:\/\/fmp-components.com\/wp-content\/uploads\/2025\/03\/Heavy-Machinery-Double-Helical-Gear-6.webp 500w, https:\/\/fmp-components.com\/wp-content\/uploads\/2025\/03\/Heavy-Machinery-Double-Helical-Gear-6-480x480.webp 480w\" sizes=\"(min-width: 0px) and (max-width: 480px) 480px, (min-width: 481px) 500px, 100vw\" \/><\/td>\n<td style=\"width: 33.6898%; height: 14px;\" align=\"right\" width=\"81\"><img loading=\"lazy\" decoding=\"async\" class=\"size-full wp-image-7354 aligncenter\" src=\"https:\/\/fmp-components.com\/wp-content\/uploads\/2025\/03\/Heavy-Machinery-Double-Helical-Gear-5.webp\" alt=\"Ci\u0119\u017ckie maszyny \u2013 podw\u00f3jne ko\u0142a z\u0119bate \u015brubowe\" width=\"500\" height=\"500\" title=\"\" srcset=\"https:\/\/fmp-components.com\/wp-content\/uploads\/2025\/03\/Heavy-Machinery-Double-Helical-Gear-5.webp 500w, https:\/\/fmp-components.com\/wp-content\/uploads\/2025\/03\/Heavy-Machinery-Double-Helical-Gear-5-480x480.webp 480w\" sizes=\"(min-width: 0px) and (max-width: 480px) 480px, (min-width: 481px) 500px, 100vw\" \/><\/td>\n<td style=\"width: 32.8342%; height: 14px;\" align=\"right\" width=\"81\"><img loading=\"lazy\" decoding=\"async\" class=\"size-full wp-image-7355 aligncenter\" src=\"https:\/\/fmp-components.com\/wp-content\/uploads\/2025\/03\/Heavy-Machinery-Double-Helical-Gear-2.webp\" alt=\"Ci\u0119\u017ckie maszyny \u2013 podw\u00f3jne ko\u0142a z\u0119bate \u015brubowe\" width=\"500\" height=\"500\" title=\"\" srcset=\"https:\/\/fmp-components.com\/wp-content\/uploads\/2025\/03\/Heavy-Machinery-Double-Helical-Gear-2.webp 500w, https:\/\/fmp-components.com\/wp-content\/uploads\/2025\/03\/Heavy-Machinery-Double-Helical-Gear-2-480x480.webp 480w\" sizes=\"(min-width: 0px) and (max-width: 480px) 480px, (min-width: 481px) 500px, 100vw\" \/><\/td>\n<\/tr>\n<\/tbody>\n<\/table>\n<h3>Czym s\u0105 ko\u0142a z\u0119bate dwu\u015blimakowe?<\/h3>\n<p class=\"break-words\">Podw\u00f3jne ko\u0142a z\u0119bate \u015brubowe, cz\u0119sto nazywane ko\u0142ami z\u0119batymi o przekroju daszkowym, charakteryzuj\u0105 si\u0119 charakterystyczn\u0105 konstrukcj\u0105 w kszta\u0142cie litery V, utworzon\u0105 z dw\u00f3ch przeciwleg\u0142ych sekcji \u015brubowych. Ta innowacyjna konstrukcja eliminuje nacisk osiowy, zapewniaj\u0105c p\u0142ynn\u0105 i wydajn\u0105 prac\u0119 bez konieczno\u015bci stosowania \u0142o\u017cysk oporowych \u2013 co stanowi kluczow\u0105 zalet\u0119 w por\u00f3wnaniu z tradycyjnymi rozwi\u0105zaniami. <a href=\"https:\/\/fmp-components.com\/pl\/helical-gears\/\">ko\u0142a z\u0119bate \u015brubowe<\/a>W przypadku ga\u0142\u0119zi przemys\u0142u wymagaj\u0105cych du\u017cego momentu obrotowego i trwa\u0142o\u015bci, takich jak t\u0119tni\u0105cy \u017cyciem sektor produkcyjny Mediolanu czy centra in\u017cynierii morskiej w Wenecji, podw\u00f3jne przek\u0142adnie \u015brubowe stanowi\u0105 niezb\u0119dny element ci\u0119\u017ckiego sprz\u0119tu.<\/p>\n<h3>G\u0142\u00f3wne zalety podw\u00f3jnych przek\u0142adni \u015brubowych<\/h3>\n<p class=\"break-words\">Wyj\u0105tkowa wydajno\u015b\u0107 przek\u0142adni dwu\u015blimakowych wynika z ich przemy\u015blanej konstrukcji. Oto dlaczego sprawdzaj\u0105 si\u0119 one doskonale w zastosowaniach przemys\u0142owych:<\/p>\n<ol class=\"marker:text-secondary\">\n<li class=\"break-words\"><strong>Eliminacja obci\u0105\u017cenia osiowego<\/strong><br \/>\nSymetryczny kszta\u0142t litery V niweluje nacisk osiowy, eliminuj\u0105c potrzeb\u0119 stosowania dodatkowych \u0142o\u017cysk oporowych. Upraszcza to konstrukcj\u0119 przek\u0142adni, obni\u017ca koszty konserwacji i zwi\u0119ksza niezawodno\u015b\u0107 \u2013 idealne rozwi\u0105zanie dla bran\u017c wymagaj\u0105cych precyzji w firmie Florence.<\/li>\n<li class=\"break-words\"><strong>Wysoka \u0142adowno\u015b\u0107<\/strong><br \/>\nDzi\u0119ki szerszemu rozstawowi z\u0119b\u00f3w ko\u0142a z\u0119bate te rozk\u0142adaj\u0105 obci\u0105\u017cenia bardziej efektywnie, dzi\u0119ki czemu idealnie nadaj\u0105 si\u0119 do wymagaj\u0105cych zastosowa\u0144 w sprz\u0119cie g\u00f3rniczym w Bolonii lub w maszynach do obr\u00f3bki metali w ca\u0142ych W\u0142oszech.<\/li>\n<li class=\"break-words\"><strong>Zwi\u0119kszona wydajno\u015b\u0107<\/strong><br \/>\nCi\u0105g\u0142y kontakt z\u0119b\u00f3w minimalizuje wibracje i ha\u0142as, zapewniaj\u0105c p\u0142ynniejsz\u0105 prac\u0119 i zwi\u0119kszaj\u0105c wydajno\u015b\u0107 przek\u0142adni. Ta wydajno\u015b\u0107 jest niezb\u0119dna w zastosowaniach, w kt\u00f3rych precyzja jest nie do zakwestionowania, takich jak morskie systemy nap\u0119dowe w Wenecji.<\/li>\n<li class=\"break-words\"><strong>Trwa\u0142o\u015b\u0107<\/strong><br \/>\nZr\u00f3wnowa\u017cona konstrukcja zmniejsza zu\u017cycie i zapewnia d\u0142ug\u0105 \u017cywotno\u015b\u0107 nawet w trudnych warunkach. Ta trwa\u0142o\u015b\u0107 sprawia, \u017ce \u200b\u200bpodw\u00f3jne przek\u0142adnie \u015brubowe stanowi\u0105 ekonomiczny wyb\u00f3r do d\u0142ugotrwa\u0142ego u\u017cytkowania w przemy\u015ble, od elektrowni w Mediolanie po odleg\u0142e pola naftowe.<\/li>\n<\/ol>\n<\/div>\n<h2>Cz\u0119\u015bci przek\u0142adni na zam\u00f3wienie \u2013 wytrzyma\u0142e podw\u00f3jne ko\u0142a z\u0119bate \u015brubowe<\/h2>\n<table class=\"table\" style=\"width: 101.217%; height: 208px;\" border=\"1\">\n<tbody>\n<tr>\n<td>Aplikacja:<\/td>\n<td>Silnik, samochody elektryczne, motocykl, maszyny, statki, zabawki, maszyny rolnicze, samochody<\/td>\n<\/tr>\n<tr>\n<td>Twardo\u015b\u0107:<\/td>\n<td>Mi\u0119kka powierzchnia z\u0119ba<\/td>\n<\/tr>\n<tr>\n<td>Pozycja przek\u0142adni:<\/td>\n<td>Przek\u0142adnia zewn\u0119trzna<\/td>\n<\/tr>\n<tr>\n<td>Metoda produkcji:<\/td>\n<td>Przetnij ko\u0142o z\u0119bate<\/td>\n<\/tr>\n<tr>\n<td>Kszta\u0142t cz\u0119\u015bci z\u0105bkowanej:<\/td>\n<td>Podw\u00f3jne ko\u0142o z\u0119bate \u015brubowe<\/td>\n<\/tr>\n<tr>\n<td>Tworzywo:<\/td>\n<td>Odlew ze stali<\/td>\n<\/tr>\n<\/tbody>\n<\/table>\n<div class=\"table-responsive\">\n<table class=\"table\" style=\"width: 101.339%;\" border=\"1\">\n<tbody>\n<tr>\n<td style=\"width: 44.1558%;\">Tworzywo<\/td>\n<td style=\"width: 264.756%;\">Wykonane na zam\u00f3wienie<\/td>\n<\/tr>\n<tr>\n<td style=\"width: 44.1558%;\">Frezowanie k\u00f3\u0142 z\u0119batych<\/td>\n<td style=\"width: 264.756%;\"><b>\u221a<\/b><\/td>\n<\/tr>\n<tr>\n<td style=\"width: 44.1558%;\">Szlifowanie k\u00f3\u0142 z\u0119batych<\/td>\n<td style=\"width: 264.756%;\">Niewa\u017cny<\/td>\n<\/tr>\n<tr>\n<td style=\"width: 44.1558%;\">K\u0105t ci\u015bnienia<\/td>\n<td style=\"width: 264.756%;\">20\u00b0<\/td>\n<\/tr>\n<tr>\n<td style=\"width: 44.1558%;\">K\u0105t \u015brubowy<\/td>\n<td style=\"width: 264.756%;\">Wykonane na zam\u00f3wienie<\/td>\n<\/tr>\n<tr>\n<td style=\"width: 44.1558%;\">Obr\u00f3bka cieplna<\/td>\n<td style=\"width: 264.756%;\">Hartowanie i odpuszczanie<\/td>\n<\/tr>\n<tr>\n<td style=\"width: 44.1558%;\">Twardo\u015b\u0107 powierzchni<\/td>\n<td style=\"width: 264.756%;\">Opcje<\/td>\n<\/tr>\n<tr>\n<td style=\"width: 44.1558%;\">Stopie\u0144 dok\u0142adno\u015bci przek\u0142adni<\/td>\n<td style=\"width: 264.756%;\">Klasa 8-9 (ISO 1328)<\/td>\n<\/tr>\n<\/tbody>\n<\/table>\n<\/div>\n<p>Przek\u0142adnia dwu\u015blimakowa do maszyn ci\u0119\u017ckich<\/p>\n<div class=\"table-responsive\">\n<table class=\"table\" style=\"width: 99.7297%;\" border=\"1\">\n<tbody>\n<tr>\n<td style=\"width: 41.806%;\">POR\u00d3WNANIE GATUNK\u00d3W STALI WED\u0141UG KOD\u00d3W NORMOWYCH<\/td>\n<td style=\"width: 12.3746%;\"><\/td>\n<td style=\"width: 11.8729%;\"><\/td>\n<td style=\"width: 7.19064%;\"><\/td>\n<td style=\"width: 11.3712%;\"><\/td>\n<td style=\"width: 69.7324%;\"><\/td>\n<\/tr>\n<tr>\n<td style=\"width: 41.806%;\">CHINY\/Wielka Brytania<\/td>\n<td style=\"width: 12.3746%;\">ISO<\/td>\n<td style=\"width: 11.8729%;\">GOST<\/td>\n<td style=\"width: 7.19064%;\">ASTM<\/td>\n<td style=\"width: 11.3712%;\">JIS<\/td>\n<td style=\"width: 69.7324%;\">HA\u0141AS<\/td>\n<\/tr>\n<tr>\n<td style=\"width: 41.806%;\">45<\/td>\n<td style=\"width: 12.3746%;\">C45E4<\/td>\n<td style=\"width: 11.8729%;\">45<\/td>\n<td style=\"width: 7.19064%;\">1045<\/td>\n<td style=\"width: 11.3712%;\">S45C<\/td>\n<td style=\"width: 69.7324%;\">CK45<\/td>\n<\/tr>\n<tr>\n<td style=\"width: 41.806%;\">40Cr<\/td>\n<td style=\"width: 12.3746%;\">41Cr4<\/td>\n<td style=\"width: 11.8729%;\">40X<\/td>\n<td style=\"width: 7.19064%;\">5140<\/td>\n<td style=\"width: 11.3712%;\">SCr440<\/td>\n<td style=\"width: 69.7324%;\">41Cr4<\/td>\n<\/tr>\n<tr>\n<td style=\"width: 41.806%;\">20CrMo<\/td>\n<td style=\"width: 12.3746%;\">18CrMo4<\/td>\n<td style=\"width: 11.8729%;\">20\u0425\u041c<\/td>\n<td style=\"width: 7.19064%;\">4118<\/td>\n<td style=\"width: 11.3712%;\">SCM22<\/td>\n<td style=\"width: 69.7324%;\">25CrMo4<\/td>\n<\/tr>\n<tr>\n<td style=\"width: 41.806%;\">42CrMo<\/td>\n<td style=\"width: 12.3746%;\">42CrMo4<\/td>\n<td style=\"width: 11.8729%;\">38XM<\/td>\n<td style=\"width: 7.19064%;\">4140<\/td>\n<td style=\"width: 11.3712%;\">SCM440<\/td>\n<td style=\"width: 69.7324%;\">42CrMo4<\/td>\n<\/tr>\n<tr>\n<td style=\"width: 41.806%;\">20CrMnTi<\/td>\n<td style=\"width: 12.3746%;\"><\/td>\n<td style=\"width: 11.8729%;\">18X\u0413T<\/td>\n<td style=\"width: 7.19064%;\"><\/td>\n<td style=\"width: 11.3712%;\">SMK22<\/td>\n<td style=\"width: 69.7324%;\"><\/td>\n<\/tr>\n<tr>\n<td style=\"width: 41.806%;\">20Cr2Ni4<\/td>\n<td style=\"width: 12.3746%;\"><\/td>\n<td style=\"width: 11.8729%;\">20X2H4A<\/td>\n<td style=\"width: 7.19064%;\"><\/td>\n<td style=\"width: 11.3712%;\"><\/td>\n<td style=\"width: 69.7324%;\"><\/td>\n<\/tr>\n<tr>\n<td style=\"width: 41.806%;\">20CrNiMo<\/td>\n<td style=\"width: 12.3746%;\">20CrNiMo2<\/td>\n<td style=\"width: 11.8729%;\">20XHM<\/td>\n<td style=\"width: 7.19064%;\">8720<\/td>\n<td style=\"width: 11.3712%;\">SNCM220<\/td>\n<td style=\"width: 69.7324%;\">21NiCrMo2<\/td>\n<\/tr>\n<tr>\n<td style=\"width: 41.806%;\">40CrNiMoA<\/td>\n<td style=\"width: 12.3746%;\"><\/td>\n<td style=\"width: 11.8729%;\">40XH2MA\/<br \/>\n40XHMA<\/td>\n<td style=\"width: 7.19064%;\">4340<\/td>\n<td style=\"width: 11.3712%;\">SNCM439<\/td>\n<td style=\"width: 69.7324%;\">40NiCrMo6\/<br \/>\n36NiCrMo4<\/td>\n<\/tr>\n<tr>\n<td style=\"width: 41.806%;\">20CrNi2Mo<\/td>\n<td style=\"width: 12.3746%;\">20NiCrMo7<\/td>\n<td style=\"width: 11.8729%;\">20XH2MA<\/td>\n<td style=\"width: 7.19064%;\">4320<\/td>\n<td style=\"width: 11.3712%;\">SNCM420<\/td>\n<td style=\"width: 69.7324%;\"><\/td>\n<\/tr>\n<\/tbody>\n<\/table>\n<p>&nbsp;<\/p>\n<div>\n<h2>Zastosowania w przek\u0142adniach przemys\u0142owych<\/h2>\n<p class=\"break-words\">Precyzyjne podw\u00f3jne przek\u0142adnie \u015brubowe to rozwi\u0105zanie idealne do wielu zastosowa\u0144 wymagaj\u0105cych du\u017cej wytrzyma\u0142o\u015bci:<\/p>\n<ul class=\"marker:text-secondary\">\n<li class=\"break-words\"><strong>Ci\u0119\u017ckie maszyny<\/strong><br \/>\nNiezb\u0119dny w sprz\u0119cie g\u00f3rniczym i maszynach do obr\u00f3bki metali, gdzie kluczow\u0105 rol\u0119 odgrywa wysoki moment obrotowy i niezawodno\u015b\u0107.<\/li>\n<li class=\"break-words\"><strong>Systemy nap\u0119dowe morskie<\/strong><br \/>\nZapewnia p\u0142ynn\u0105 i cich\u0105 transmisj\u0119 mocy na statkach, co jest prawdziwym dobrodziejstwem dla przemys\u0142u morskiego w Wenecji.<\/li>\n<li class=\"break-words\"><strong>Przemys\u0142 naftowy i gazowy<\/strong><br \/>\nZapewnia solidne przenoszenie momentu obrotowego w systemach wiertniczych i pompowych, zwi\u0119kszaj\u0105c wydajno\u015b\u0107 w trudnych warunkach.<\/li>\n<li class=\"break-words\"><strong>Elektrownie<\/strong><br \/>\nStosowany w turbinach i generatorach w celu utrzymania stabilnej wydajno\u015bci, ograniczaj\u0105c przestoje w sektorze energetycznym Mediolanu.<\/li>\n<\/ul>\n<div>\n<h2>Firma FMP: Tw\u00f3j zaufany partner we W\u0142oszech<\/h2>\n<p class=\"break-words\">Na <strong>Firma FMP<\/strong>Specjalizujemy si\u0119 w produkcji szerokiej gamy podw\u00f3jnych przek\u0142adni \u015brubowych do maszyn ci\u0119\u017ckich, wytwarzanych z precyzj\u0105, przy u\u017cyciu zaawansowanych materia\u0142\u00f3w i najnowocze\u015bniejszych technologii. Niezale\u017cnie od tego, czy znajdujesz si\u0119 w Mediolanie, Wenecji, Florencji czy Bolonii, nasze przek\u0142adnie zosta\u0142y zaprojektowane tak, aby spe\u0142nia\u0107 najwy\u017csze standardy jako\u015bci i wydajno\u015bci, doskonale sprawdzaj\u0105c si\u0119 w najbardziej wymagaj\u0105cych warunkach przemys\u0142owych.<\/p>\n<h3>Rozwi\u0105zania dostosowane do Twoich potrzeb<\/h3>\n<p class=\"break-words\">Zdajemy sobie spraw\u0119, \u017ce ka\u017cdy projekt ma unikalne wymagania. Dlatego FMP oferuje us\u0142ugi produkcji na zam\u00f3wienie przek\u0142adni dwu\u015blimakowych. Je\u015bli nie widzisz na naszej li\u015bcie produkt\u00f3w dok\u0142adnie takiego modelu, jakiego potrzebujesz, nie martw si\u0119 \u2013 oznacza to po prostu, \u017ce nie mieli\u015bmy jeszcze okazji go uwzgl\u0119dni\u0107! Zach\u0119camy do kontaktu mailowego ze szczeg\u00f3\u0142owymi wymaganiami. Nasz dedykowany zesp\u00f3\u0142 in\u017cynier\u00f3w odpowie w ci\u0105gu 24 godzin, gotowy do wsp\u00f3\u0142pracy nad rozwi\u0105zaniem dostosowanym do Twoich potrzeb, niezale\u017cnie od tego, czy znajdujesz si\u0119 w sercu historycznej strefy przemys\u0142owej Florencji, czy w nowoczesnych zak\u0142adach produkcyjnych Bolonii.<\/p>\n<h3>Lokalna wiedza specjalistyczna w ca\u0142ych W\u0142oszech<\/h3>\n<p class=\"break-words\">Firma FMP z dum\u0105 obs\u0142uguje klient\u00f3w w ca\u0142ych W\u0142oszech, wykorzystuj\u0105c dog\u0142\u0119bn\u0105 znajomo\u015b\u0107 lokalnych rynk\u00f3w, aby dostarcza\u0107 im rozwi\u0105zania szyte na miar\u0119. Od Mediolanu, b\u0119d\u0105cego pot\u0119g\u0105 innowacji przemys\u0142owych, po Wenecj\u0119 z jej bogatym dziedzictwem morskim, a tak\u017ce od Florencji, przesi\u0105kni\u0119tej precyzj\u0105 wykonania, po Boloni\u0119, centrum doskona\u0142o\u015bci in\u017cynieryjnej \u2013 FMP jest Twoim lokalnym partnerem w zakresie najwy\u017cszej jako\u015bci przek\u0142adni z\u0119batych dwu\u015blimakowych. Nasze globalne mo\u017cliwo\u015bci produkcyjne w po\u0142\u0105czeniu z lokalnym wsparciem technicznym gwarantuj\u0105 najwy\u017csz\u0105 jako\u015b\u0107 us\u0142ug i produkt\u00f3w, gdziekolwiek jeste\u015b.<\/p>\n<h2>Dlaczego warto wybra\u0107 firm\u0119 FMP?<\/h2>\n<ul class=\"marker:text-secondary\">\n<li class=\"break-words\"><strong>Produkcja precyzyjna<\/strong>Nasze przek\u0142adnie s\u0105 zbudowane tak, aby spe\u0142nia\u0107 rygorystyczne wymagania w\u0142oskiego przemys\u0142u.<\/li>\n<li class=\"break-words\"><strong>Elastyczno\u015b\u0107 dostosowana do potrzeb<\/strong>: Dostosowujemy si\u0119 do Twoich wymaga\u0144, bez wzgl\u0119du na to jak bardzo s\u0105 wyj\u0105tkowe.<\/li>\n<li class=\"break-words\"><strong>Szybka reakcja<\/strong>Skontaktuj si\u0119 z nami ju\u017c dzi\u015b, a nasi in\u017cynierowie odpowiedz\u0105 Ci w ci\u0105gu 24 godzin.<\/li>\n<li class=\"break-words\"><strong>Obecno\u015b\u0107 lokalna<\/strong>:Wspieramy Mediolan, Wenecj\u0119, Florencj\u0119, Boloni\u0119 i inne miasta, oferuj\u0105c niezr\u00f3wnane kompetencje.<\/li>\n<\/ul>\n<p class=\"break-words\">Aby uzyska\u0107 wi\u0119cej informacji na temat naszych podw\u00f3jnych przek\u0142adni \u015brubowych do maszyn ci\u0119\u017ckich lub om\u00f3wi\u0107 swoje niestandardowe wymagania, skontaktuj si\u0119 z firm\u0105 FMP. Niezale\u017cnie od tego, czy optymalizujesz przek\u0142adni\u0119 w Mediolanie, nap\u0119dzasz statek w Wenecji, czy uruchamiasz turbin\u0119 we Florencji, nasz zesp\u00f3\u0142 jest do Twojej dyspozycji, aby zapewni\u0107 najlepsze rozwi\u0105zania przek\u0142adniowe dla Twoich zastosowa\u0144 przemys\u0142owych. Napisz do nas ju\u017c teraz, a zapewnimy precyzj\u0119 i moc Twojemu kolejnemu projektowi!<\/p>\n<\/div>\n<\/div>\n<table style=\"border-collapse: collapse; width: 100.237%; height: 33px;\" border=\"0\" width=\"243\" cellspacing=\"0\" cellpadding=\"0\">\n<tbody>\n<tr style=\"height: 14.40pt;\">\n<td style=\"height: 14.40pt; width: 48.60pt;\" align=\"right\" width=\"81\" height=\"24\"><img loading=\"lazy\" decoding=\"async\" class=\"size-full wp-image-7348 aligncenter\" src=\"https:\/\/fmp-components.com\/wp-content\/uploads\/2025\/03\/Heavy-Machinery-Double-Helical-Gear-product-3.webp\" alt=\"Ci\u0119\u017ckie maszyny \u2013 podw\u00f3jne ko\u0142a z\u0119bate \u015brubowe \u2013 produkt 3\" width=\"317\" height=\"243\" title=\"\" srcset=\"https:\/\/fmp-components.com\/wp-content\/uploads\/2025\/03\/Heavy-Machinery-Double-Helical-Gear-product-3.webp 317w, https:\/\/fmp-components.com\/wp-content\/uploads\/2025\/03\/Heavy-Machinery-Double-Helical-Gear-product-3-300x230.webp 300w, https:\/\/fmp-components.com\/wp-content\/uploads\/2025\/03\/Heavy-Machinery-Double-Helical-Gear-product-3-16x12.webp 16w\" sizes=\"(max-width: 317px) 100vw, 317px\" \/><\/td>\n<td style=\"width: 48.60pt;\" align=\"right\" width=\"81\"><img loading=\"lazy\" decoding=\"async\" class=\"size-full wp-image-7349 aligncenter\" src=\"https:\/\/fmp-components.com\/wp-content\/uploads\/2025\/03\/Heavy-Machinery-Double-Helical-Gear-product-2.webp\" alt=\"Ci\u0119\u017ckie maszyny \u2013 podw\u00f3jne ko\u0142a z\u0119bate \u015brubowe\" width=\"318\" height=\"247\" title=\"\" srcset=\"https:\/\/fmp-components.com\/wp-content\/uploads\/2025\/03\/Heavy-Machinery-Double-Helical-Gear-product-2.webp 318w, https:\/\/fmp-components.com\/wp-content\/uploads\/2025\/03\/Heavy-Machinery-Double-Helical-Gear-product-2-300x233.webp 300w, https:\/\/fmp-components.com\/wp-content\/uploads\/2025\/03\/Heavy-Machinery-Double-Helical-Gear-product-2-15x12.webp 15w\" sizes=\"(max-width: 318px) 100vw, 318px\" \/><\/td>\n<td style=\"width: 48.60pt;\" align=\"right\" width=\"81\"><img loading=\"lazy\" decoding=\"async\" class=\"size-full wp-image-7350 aligncenter\" src=\"https:\/\/fmp-components.com\/wp-content\/uploads\/2025\/03\/Heavy-Machinery-Double-Helical-Gear-product-1.webp\" alt=\"Ci\u0119\u017ckie maszyny \u2013 podw\u00f3jne ko\u0142a z\u0119bate \u015brubowe\" width=\"400\" height=\"293\" title=\"\" srcset=\"https:\/\/fmp-components.com\/wp-content\/uploads\/2025\/03\/Heavy-Machinery-Double-Helical-Gear-product-1.webp 400w, https:\/\/fmp-components.com\/wp-content\/uploads\/2025\/03\/Heavy-Machinery-Double-Helical-Gear-product-1-300x220.webp 300w, https:\/\/fmp-components.com\/wp-content\/uploads\/2025\/03\/Heavy-Machinery-Double-Helical-Gear-product-1-16x12.webp 16w\" sizes=\"(max-width: 400px) 100vw, 400px\" \/><\/td>\n<\/tr>\n<\/tbody>\n<\/table>\n<table style=\"border-collapse: collapse; width: 100.046%; height: 10px;\" border=\"0\" width=\"162\" cellspacing=\"0\" cellpadding=\"0\">\n<tbody>\n<tr style=\"height: 14.40pt;\">\n<td style=\"height: 10px; width: 45.8244%;\" align=\"right\" width=\"81\" height=\"24\"><img loading=\"lazy\" decoding=\"async\" class=\"wp-image-7351 aligncenter\" src=\"https:\/\/fmp-components.com\/wp-content\/uploads\/2025\/03\/Heavy-Machinery-Double-Helical-Gear-product-5.webp\" alt=\"Ci\u0119\u017ckie maszyny \u2013 podw\u00f3jne ko\u0142a z\u0119bate \u015brubowe\" width=\"472\" height=\"765\" title=\"\" srcset=\"https:\/\/fmp-components.com\/wp-content\/uploads\/2025\/03\/Heavy-Machinery-Double-Helical-Gear-product-5.webp 400w, https:\/\/fmp-components.com\/wp-content\/uploads\/2025\/03\/Heavy-Machinery-Double-Helical-Gear-product-5-185x300.webp 185w, https:\/\/fmp-components.com\/wp-content\/uploads\/2025\/03\/Heavy-Machinery-Double-Helical-Gear-product-5-7x12.webp 7w\" sizes=\"(max-width: 472px) 100vw, 472px\" \/><\/td>\n<td style=\"width: 54.1756%; height: 10px;\" align=\"right\" width=\"81\"><img loading=\"lazy\" decoding=\"async\" class=\"wp-image-7352 aligncenter\" src=\"https:\/\/fmp-components.com\/wp-content\/uploads\/2025\/03\/Heavy-Machinery-Double-Helical-Gear-product-4.webp\" alt=\"Ci\u0119\u017ckie maszyny \u2013 podw\u00f3jne ko\u0142a z\u0119bate \u015brubowe\" width=\"518\" height=\"715\" title=\"\" srcset=\"https:\/\/fmp-components.com\/wp-content\/uploads\/2025\/03\/Heavy-Machinery-Double-Helical-Gear-product-4.webp 400w, https:\/\/fmp-components.com\/wp-content\/uploads\/2025\/03\/Heavy-Machinery-Double-Helical-Gear-product-4-217x300.webp 217w, https:\/\/fmp-components.com\/wp-content\/uploads\/2025\/03\/Heavy-Machinery-Double-Helical-Gear-product-4-9x12.webp 9w\" sizes=\"(max-width: 518px) 100vw, 518px\" \/><\/td>\n<\/tr>\n<\/tbody>\n<\/table>\n<\/div>","protected":false},"excerpt":{"rendered":"<p>Heavy Machinery Double Helical Gear: Precision and Power for Industrial Applications At FMP Company, we pride ourselves on manufacturing a wide range of these exceptional gears, tailored to meet the demands of heavy-duty industries across Italy\u2014including key hubs like Milan, Venice, Florence, and Bologna\u2014and beyond. What Are Double Helical Gears? Double helical gears, often referred [&hellip;]<\/p>","protected":false},"featured_media":4588,"comment_status":"open","ping_status":"closed","template":"","meta":{"_et_pb_use_builder":"","_et_pb_old_content":"","_et_gb_content_width":""},"product_brand":[],"product_cat":[108],"product_tag":[],"class_list":{"0":"post-7346","1":"product","2":"type-product","3":"status-publish","4":"has-post-thumbnail","6":"product_cat-helical-gear","8":"first","9":"instock","10":"shipping-taxable","11":"product-type-simple"},"_links":{"self":[{"href":"https:\/\/fmp-components.com\/pl\/wp-json\/wp\/v2\/product\/7346","targetHints":{"allow":["GET"]}}],"collection":[{"href":"https:\/\/fmp-components.com\/pl\/wp-json\/wp\/v2\/product"}],"about":[{"href":"https:\/\/fmp-components.com\/pl\/wp-json\/wp\/v2\/types\/product"}],"replies":[{"embeddable":true,"href":"https:\/\/fmp-components.com\/pl\/wp-json\/wp\/v2\/comments?post=7346"}],"wp:featuredmedia":[{"embeddable":true,"href":"https:\/\/fmp-components.com\/pl\/wp-json\/wp\/v2\/media\/4588"}],"wp:attachment":[{"href":"https:\/\/fmp-components.com\/pl\/wp-json\/wp\/v2\/media?parent=7346"}],"wp:term":[{"taxonomy":"product_brand","embeddable":true,"href":"https:\/\/fmp-components.com\/pl\/wp-json\/wp\/v2\/product_brand?post=7346"},{"taxonomy":"product_cat","embeddable":true,"href":"https:\/\/fmp-components.com\/pl\/wp-json\/wp\/v2\/product_cat?post=7346"},{"taxonomy":"product_tag","embeddable":true,"href":"https:\/\/fmp-components.com\/pl\/wp-json\/wp\/v2\/product_tag?post=7346"}],"curies":[{"name":"wp","href":"https:\/\/api.w.org\/{rel}","templated":true}]}}