{"id":7345,"date":"2025-03-23T08:22:06","date_gmt":"2025-03-23T08:22:06","guid":{"rendered":"https:\/\/fmp-components.com\/?post_type=product&#038;p=7345"},"modified":"2025-03-26T08:46:20","modified_gmt":"2025-03-26T08:46:20","slug":"carbon-steel-double-helical-gear","status":"publish","type":"product","link":"https:\/\/fmp-components.com\/pl\/product\/carbon-steel-double-helical-gear\/","title":{"rendered":"Podw\u00f3jna przek\u0142adnia \u015blimakowa ze stali w\u0119glowej"},"content":{"rendered":"<h2>Specyfikacja produktu<\/h2>\n<div class=\"table-responsive\">\n<table class=\"table\" style=\"width: 95.4894%; height: 145px;\" border=\"1\">\n<tbody>\n<tr>\n<td>Tworzywo<\/td>\n<td>Stal nierdzewna<\/td>\n<\/tr>\n<tr>\n<td>Grubo\u015b\u0107 (mm)<\/td>\n<td>od 50 do 150<\/td>\n<\/tr>\n<tr>\n<td>Gatunek materia\u0142u<\/td>\n<td>SS304<\/td>\n<\/tr>\n<tr>\n<td>Pojemno\u015b\u0107 frezowania<\/td>\n<td>5 mm -100 mm<\/td>\n<\/tr>\n<tr>\n<td>K\u0105t ci\u015bnienia<\/td>\n<td>20 stopni<\/td>\n<\/tr>\n<\/tbody>\n<\/table>\n<div>\n<h2>Najwy\u017cszej jako\u015bci podw\u00f3jne przek\u0142adnie \u015brubowe ze stali w\u0119glowej firmy FMP<\/h2>\n<p class=\"break-words\">Podw\u00f3jna stal w\u0119glowa <a href=\"https:\/\/fmp-components.com\/pl\/helical-gears\/\">Przek\u0142adnie \u015brubowe<\/a> to wysokowydajne komponenty cenione za zdolno\u015b\u0107 do p\u0142ynnego i efektywnego przenoszenia mocy w wymagaj\u0105cych zastosowaniach przemys\u0142owych. Znane z wysokiej zbie\u017cno\u015bci, niskiego obci\u0105\u017cenia osiowego, zwi\u0119kszonej no\u015bno\u015bci i stabilnej pracy, te przek\u0142adnie zapewniaj\u0105 niezawodn\u0105 prac\u0119 nawet przy du\u017cych obci\u0105\u017ceniach, co czyni je idealnymi dla bran\u017c takich jak produkcja, g\u00f3rnictwo i energetyka. W firmie FMP specjalizujemy si\u0119 w produkcji szerokiej gamy podw\u00f3jnych przek\u0142adni \u015brubowych ze stali w\u0119glowej, wykorzystuj\u0105c nasze zaawansowane mo\u017cliwo\u015bci produkcyjne, aby spe\u0142nia\u0107 najwy\u017csze standardy precyzji i trwa\u0142o\u015bci. Nasze przek\u0142adnie s\u0105 wytwarzane przy u\u017cyciu najnowocze\u015bniejszych metod generatywnych, aby sprosta\u0107 z\u0142o\u017cono\u015bci obr\u00f3bki podw\u00f3jnych przek\u0142adni \u015brubowych, zapewniaj\u0105c sta\u0142\u0105 jako\u015b\u0107 pomimo wyzwa\u0144, kt\u00f3rym nie zawsze s\u0105 w stanie sprosta\u0107 metody frezowania lub frezowania. Dzi\u0119ki ponad dziesi\u0119cioletniemu do\u015bwiadczeniu w bran\u017cy, FMP jest Twoim zaufanym partnerem w zakresie trwa\u0142ych, precyzyjnie zaprojektowanych rozwi\u0105za\u0144 przek\u0142adniowych.<\/p>\n<h3>Rozwi\u0105zania niestandardowe i wsparcie ekspert\u00f3w<\/h3>\n<p class=\"break-words\">W FMP zdajemy sobie spraw\u0119, \u017ce ka\u017cdy projekt wymaga unikalnych specyfikacji, dlatego oferujemy produkcj\u0119 na zam\u00f3wienie podw\u00f3jnych przek\u0142adni \u015blimakowych ze stali w\u0119glowej. Niezale\u017cnie od tego, czy potrzebujesz konkretnego rozmiaru, konstrukcji czy materia\u0142u, nasi wykwalifikowani in\u017cynierowie s\u0105 gotowi dostarczy\u0107 rozwi\u0105zania dopasowane do Twoich potrzeb. Je\u015bli nie znajdziesz interesuj\u0105cego Ci\u0119 modelu na naszej li\u015bcie produkt\u00f3w, nie zniech\u0119caj si\u0119 \u2013 oznacza to po prostu, \u017ce nie mieli\u015bmy jeszcze okazji go doda\u0107. Serdecznie zapraszamy do kontaktu mailowego z nami i przedstawienia swoich wymaga\u0144, a nasz dedykowany zesp\u00f3\u0142 in\u017cynier\u00f3w odpowie w ci\u0105gu kilku minut. <strong>24 godziny<\/strong> Aby om\u00f3wi\u0107, jak mo\u017cemy Ci pom\u00f3c. Dzi\u0119ki bogatemu do\u015bwiadczeniu w bran\u017cy i dba\u0142o\u015bci o zadowolenie klienta, FMP gwarantuje najwy\u017cszej jako\u015bci sprz\u0119t i wyj\u0105tkowe wsparcie w konkurencyjnych cenach. Skontaktuj si\u0119 z nami ju\u017c dzi\u015b, aby z\u0142o\u017cy\u0107 zam\u00f3wienie niestandardowe lub z\u0142o\u017cy\u0107 zapytanie hurtowe!<\/p>\n<\/div>\n<\/div>","protected":false},"excerpt":{"rendered":"<p>Product Specification Material Stainless Steel Thickness (mm) 50 to 150 Material Grade SS304 Hobbing Capacity 5 mm -100 mm Pressure Angle 20 Degree Premium Carbon Steel Double Helical Gears from FMP Carbon Steel Double Helical Gears are high-performance components prized for their ability to deliver smooth, efficient power transmission in demanding industrial applications. Known for [&hellip;]<\/p>","protected":false},"featured_media":4583,"comment_status":"open","ping_status":"closed","template":"","meta":{"_et_pb_use_builder":"","_et_pb_old_content":"","_et_gb_content_width":""},"product_brand":[],"product_cat":[108],"product_tag":[],"class_list":{"0":"post-7345","1":"product","2":"type-product","3":"status-publish","4":"has-post-thumbnail","6":"product_cat-helical-gear","8":"first","9":"instock","10":"shipping-taxable","11":"product-type-simple"},"_links":{"self":[{"href":"https:\/\/fmp-components.com\/pl\/wp-json\/wp\/v2\/product\/7345","targetHints":{"allow":["GET"]}}],"collection":[{"href":"https:\/\/fmp-components.com\/pl\/wp-json\/wp\/v2\/product"}],"about":[{"href":"https:\/\/fmp-components.com\/pl\/wp-json\/wp\/v2\/types\/product"}],"replies":[{"embeddable":true,"href":"https:\/\/fmp-components.com\/pl\/wp-json\/wp\/v2\/comments?post=7345"}],"wp:featuredmedia":[{"embeddable":true,"href":"https:\/\/fmp-components.com\/pl\/wp-json\/wp\/v2\/media\/4583"}],"wp:attachment":[{"href":"https:\/\/fmp-components.com\/pl\/wp-json\/wp\/v2\/media?parent=7345"}],"wp:term":[{"taxonomy":"product_brand","embeddable":true,"href":"https:\/\/fmp-components.com\/pl\/wp-json\/wp\/v2\/product_brand?post=7345"},{"taxonomy":"product_cat","embeddable":true,"href":"https:\/\/fmp-components.com\/pl\/wp-json\/wp\/v2\/product_cat?post=7345"},{"taxonomy":"product_tag","embeddable":true,"href":"https:\/\/fmp-components.com\/pl\/wp-json\/wp\/v2\/product_tag?post=7345"}],"curies":[{"name":"wp","href":"https:\/\/api.w.org\/{rel}","templated":true}]}}