{"id":7344,"date":"2025-03-23T08:16:42","date_gmt":"2025-03-23T08:16:42","guid":{"rendered":"https:\/\/fmp-components.com\/?post_type=product&#038;p=7344"},"modified":"2025-03-26T08:46:39","modified_gmt":"2025-03-26T08:46:39","slug":"industrial-double-helical-gears","status":"publish","type":"product","link":"https:\/\/fmp-components.com\/pl\/product\/industrial-double-helical-gears\/","title":{"rendered":"Przemys\u0142owe podw\u00f3jne ko\u0142a z\u0119bate \u015brubowe"},"content":{"rendered":"<div>\n<h2>Najwy\u017cszej jako\u015bci przemys\u0142owe podw\u00f3jne przek\u0142adnie \u015brubowe firmy FMP<\/h2>\n<p class=\"break-words\">Przemys\u0142owe przek\u0142adnie dwu\u015blimakowe to kluczowe elementy w maszynach ci\u0119\u017ckich, cenione za zdolno\u015b\u0107 do przenoszenia wysokiego momentu obrotowego z wyj\u0105tkow\u0105 p\u0142ynno\u015bci\u0105 i minimalnym ha\u0142asem. W przeciwie\u0144stwie do prostszych przek\u0142adni z\u0119batych czo\u0142owych, ich konstrukcja z\u0119ba w kszta\u0142cie litery V sprawia, \u017ce \u200b\u200bs\u0105 one bardziej z\u0142o\u017cone i kosztowne w produkcji, ale korzy\u015bci\u0105 jest niezr\u00f3wnana wydajno\u015b\u0107 w wymagaj\u0105cych zastosowaniach. Od zasilania d\u017awig\u00f3w i pomp hydraulicznych po nap\u0119dzanie system\u00f3w nap\u0119dowych na okr\u0119tach wojskowych, przek\u0142adnie te doskonale sprawdzaj\u0105 si\u0119 wsz\u0119dzie tam, gdzie cicha praca i redukcja wibracji maj\u0105 kluczowe znaczenie. W firmie FMP jeste\u015bmy dumni z bycia jednym z wiod\u0105cych producent\u00f3w przek\u0142adni dwu\u015blimakowych. <a href=\"https:\/\/fmp-components.com\/pl\/helical-gears\/\">ko\u0142o z\u0119bate \u015brubowe<\/a> Producenci z Chin oferuj\u0105 szerok\u0105 gam\u0119 wysokiej jako\u015bci k\u00f3\u0142 z\u0119batych. Nasze zaawansowane mo\u017cliwo\u015bci produkcyjne pozwalaj\u0105 nam wytwarza\u0107 ko\u0142a z\u0119bate o maksymalnej \u015brednicy zewn\u0119trznej 1370 mm (54 cale) i szeroko\u015bci nominalnej 250 mm (10 cali) przy k\u0105cie pochylenia linii \u015brubowej 30 stopni, gwarantuj\u0105c precyzj\u0119 i trwa\u0142o\u015b\u0107 nawet w najtrudniejszych warunkach.<\/p>\n<h3>Rozwi\u0105zania niestandardowe i wsparcie ekspert\u00f3w<\/h3>\n<p class=\"break-words\">Dzi\u0119ki ponad dziesi\u0119cioletniemu do\u015bwiadczeniu, firma FMP wyr\u00f3\u017cnia si\u0119 jako zaufany dostawca przemys\u0142owych przek\u0142adni dwu\u015blimakowych w Chinach, oferuj\u0105c zar\u00f3wno rozwi\u0105zania standardowe, jak i niestandardowe w konkurencyjnych cenach. Nasza fabryka dysponuje szerokim asortymentem frez\u00f3w do regulacji podzia\u0142ki i z przyjemno\u015bci\u0105 przyjmuje zam\u00f3wienia niestandardowe, dostosowane do Pa\u0144stwa indywidualnych potrzeb, zar\u00f3wno w zastosowaniach przemys\u0142owych, wojskowych, jak i specjalistycznych. Nie znale\u017ali Pa\u0144stwo modelu, kt\u00f3rego potrzebuj\u0105, na naszej li\u015bcie produkt\u00f3w? To po prostu oznacza, \u017ce \u200b\u200bjeszcze nie zd\u0105\u017cyli\u015bmy go doda\u0107! Wystarczy, \u017ce wy\u015blecie nam e-mail ze swoimi wymaganiami, a nasi in\u017cynierowie odpowiedz\u0105 w ci\u0105gu 24 godzin, oferuj\u0105c spersonalizowane wsparcie. W FMP d\u0105\u017cymy do doskona\u0142o\u015bci, co czyni nas Pa\u0144stwa partnerem w zakresie najwy\u017cszej jako\u015bci przek\u0142adni dwu\u015blimakowych i wyj\u0105tkowej obs\u0142ugi klienta. Skontaktuj si\u0119 z nami ju\u017c dzi\u015b, aby uzyska\u0107 zapytania hurtowe lub spersonalizowane rozwi\u0105zania w zakresie przek\u0142adni!<\/p>\n<\/div>\n<h2>Specyfikacja produktu<\/h2>\n<div class=\"table-responsive\">\n<table class=\"table\" style=\"width: 97.2464%; height: 208px;\" border=\"1\">\n<tbody>\n<tr style=\"height: 26px;\">\n<td style=\"height: 26px;\">Typ przek\u0142adni<\/td>\n<td style=\"height: 26px;\">\u015aled\u017a<\/td>\n<\/tr>\n<tr style=\"height: 26px;\">\n<td style=\"height: 26px;\">Zastosowanie<\/td>\n<td style=\"height: 26px;\">Przemys\u0142owy<\/td>\n<\/tr>\n<tr style=\"height: 26px;\">\n<td style=\"height: 26px;\">Kszta\u0142t z\u0119ba<\/td>\n<td style=\"height: 26px;\">\u015aled\u017a<\/td>\n<\/tr>\n<tr style=\"height: 26px;\">\n<td style=\"height: 26px;\">Tworzywo<\/td>\n<td style=\"height: 26px;\">Dostosowane<\/td>\n<\/tr>\n<tr style=\"height: 26px;\">\n<td style=\"height: 26px;\">Kszta\u0142t<\/td>\n<td style=\"height: 26px;\">Okr\u0105g\u0142y<\/td>\n<\/tr>\n<tr style=\"height: 26px;\">\n<td style=\"height: 26px;\">Pojemno\u015b\u0107<\/td>\n<td style=\"height: 26px;\">Dostosowane<\/td>\n<\/tr>\n<tr style=\"height: 26px;\">\n<td style=\"height: 26px;\">\u015arednica<\/td>\n<td style=\"height: 26px;\">Dostosowane<\/td>\n<\/tr>\n<tr style=\"height: 26px;\">\n<td style=\"height: 26px;\">Rozmiar<\/td>\n<td style=\"height: 26px;\">Dostosowane<\/td>\n<\/tr>\n<\/tbody>\n<\/table>\n<\/div>","protected":false},"excerpt":{"rendered":"<p>Premium Industrial Double Helical Gears from FMP Industrial Double Helical Gears are vital components in heavy-duty machinery, prized for their ability to transmit high torque with exceptional smoothness and minimal noise. Unlike simpler spur gears, their V-shaped tooth design makes them more complex and costly to produce, but the payoff is unmatched performance in demanding [&hellip;]<\/p>","protected":false},"featured_media":4592,"comment_status":"open","ping_status":"closed","template":"","meta":{"_et_pb_use_builder":"","_et_pb_old_content":"","_et_gb_content_width":""},"product_brand":[],"product_cat":[108],"product_tag":[],"class_list":{"0":"post-7344","1":"product","2":"type-product","3":"status-publish","4":"has-post-thumbnail","6":"product_cat-helical-gear","8":"first","9":"instock","10":"shipping-taxable","11":"product-type-simple"},"_links":{"self":[{"href":"https:\/\/fmp-components.com\/pl\/wp-json\/wp\/v2\/product\/7344","targetHints":{"allow":["GET"]}}],"collection":[{"href":"https:\/\/fmp-components.com\/pl\/wp-json\/wp\/v2\/product"}],"about":[{"href":"https:\/\/fmp-components.com\/pl\/wp-json\/wp\/v2\/types\/product"}],"replies":[{"embeddable":true,"href":"https:\/\/fmp-components.com\/pl\/wp-json\/wp\/v2\/comments?post=7344"}],"wp:featuredmedia":[{"embeddable":true,"href":"https:\/\/fmp-components.com\/pl\/wp-json\/wp\/v2\/media\/4592"}],"wp:attachment":[{"href":"https:\/\/fmp-components.com\/pl\/wp-json\/wp\/v2\/media?parent=7344"}],"wp:term":[{"taxonomy":"product_brand","embeddable":true,"href":"https:\/\/fmp-components.com\/pl\/wp-json\/wp\/v2\/product_brand?post=7344"},{"taxonomy":"product_cat","embeddable":true,"href":"https:\/\/fmp-components.com\/pl\/wp-json\/wp\/v2\/product_cat?post=7344"},{"taxonomy":"product_tag","embeddable":true,"href":"https:\/\/fmp-components.com\/pl\/wp-json\/wp\/v2\/product_tag?post=7344"}],"curies":[{"name":"wp","href":"https:\/\/api.w.org\/{rel}","templated":true}]}}