{"id":7343,"date":"2025-03-23T08:14:08","date_gmt":"2025-03-23T08:14:08","guid":{"rendered":"https:\/\/fmp-components.com\/?post_type=product&#038;p=7343"},"modified":"2025-03-26T08:46:51","modified_gmt":"2025-03-26T08:46:51","slug":"steel-double-helical-gear","status":"publish","type":"product","link":"https:\/\/fmp-components.com\/pl\/product\/steel-double-helical-gear\/","title":{"rendered":"Podw\u00f3jne ko\u0142o z\u0119bate \u015brubowe ze stali"},"content":{"rendered":"<div>\n<h2>Podw\u00f3jne ko\u0142a z\u0119bate \u015brubowe ze stali premium firmy FMP<\/h2>\n<p class=\"break-words\">Stalowe podw\u00f3jne ko\u0142a z\u0119bate walcowe to kluczowe komponenty w maszynach ci\u0119\u017ckich, cenione za zdolno\u015b\u0107 do przenoszenia wysokiego momentu obrotowego przy jednoczesnej minimalizacji ha\u0142asu i wibracji. Te ko\u0142a z\u0119bate, wyr\u00f3\u017cniaj\u0105ce si\u0119 z\u0119bami w kszta\u0142cie litery V, s\u0105 niezb\u0119dne w takich bran\u017cach jak hutnictwo, energetyka i g\u00f3rnictwo, gdzie niezawodno\u015b\u0107 i wydajno\u015b\u0107 maj\u0105 kluczowe znaczenie. W FMP, zaufanym liderze w produkcji k\u00f3\u0142 z\u0119batych, produkujemy szerok\u0105 gam\u0119 stalowych podw\u00f3jnych k\u00f3\u0142 z\u0119batych. <a href=\"https:\/\/fmp-components.com\/pl\/helical-gears\/\">Przek\u0142adnie \u015brubowe<\/a> Aby sprosta\u0107 zr\u00f3\u017cnicowanym wymaganiom tych sektor\u00f3w. Od modeli standardowych po konstrukcje specjalistyczne, ka\u017cde ko\u0142o z\u0119bate jest starannie wykonane z wysokiej jako\u015bci stali i najnowocze\u015bniejszych technik produkcyjnych, co gwarantuje wyj\u0105tkow\u0105 precyzj\u0119 i trwa\u0142o\u015b\u0107 nawet w najbardziej wymagaj\u0105cych zastosowaniach.<\/p>\n<h3>Rozwi\u0105zania niestandardowe i wsparcie ekspert\u00f3w<\/h3>\n<p class=\"break-words\">W FMP zdajemy sobie spraw\u0119, \u017ce ka\u017cdy projekt ma unikalne wymagania, dlatego oferujemy us\u0142ugi produkcji na zam\u00f3wienie stalowych przek\u0142adni \u015blimakowych o podw\u00f3jnej krzywce. Niezale\u017cnie od tego, czy potrzebujesz konkretnego rozmiaru, materia\u0142u, czy niestandardowego projektu, nasz zesp\u00f3\u0142 wykwalifikowanych in\u017cynier\u00f3w jest w stanie stworzy\u0107 rozwi\u0105zanie idealnie dopasowane do Twoich potrzeb. Je\u015bli nie widzisz interesuj\u0105cego Ci\u0119 modelu na naszej li\u015bcie produkt\u00f3w, oznacza to po prostu, \u017ce nie mieli\u015bmy jeszcze okazji go uwzgl\u0119dni\u0107. Zach\u0119camy do kontaktu mailowego z nami, a nasz dedykowany zesp\u00f3\u0142 odpowie w ci\u0105gu 24 godzin, aby om\u00f3wi\u0107, jak mo\u017cemy spe\u0142ni\u0107 Twoje oczekiwania. W FMP mo\u017cesz liczy\u0107 na spersonalizowan\u0105 obs\u0142ug\u0119 i wiod\u0105c\u0105 w bran\u017cy wiedz\u0119 specjalistyczn\u0105, aby dostarczy\u0107 idealne rozwi\u0105zanie w zakresie przek\u0142adni.<\/p>\n<\/div>\n<p>Stalowa przek\u0142adnia dwu\u015blimakowa<\/p>\n<p>Materia\u0142: stal nierdzewna, na zam\u00f3wienie<\/p>\n<p>\u015arednica: 20 mm, dostosowana<\/p>\n<h2>Specyfikacja produktu<\/h2>\n<div class=\"table-responsive\">\n<table class=\"table\" style=\"width: 99.1008%; height: 212px;\" border=\"1\">\n<tbody>\n<tr>\n<td>Typ przek\u0142adni<\/td>\n<td>Przek\u0142adnia \u015brubowa<\/td>\n<\/tr>\n<tr>\n<td>Tworzywo<\/td>\n<td>SS<\/td>\n<\/tr>\n<tr>\n<td>Kszta\u0142t<\/td>\n<td>Okr\u0105g\u0142y<\/td>\n<\/tr>\n<tr>\n<td>\u015arednica<\/td>\n<td>20 mm<\/td>\n<\/tr>\n<tr>\n<td>Wyko\u0144czenie powierzchni<\/td>\n<td>B\u0142yszcz\u0105cy<\/td>\n<\/tr>\n<tr>\n<td>Kraj pochodzenia<\/td>\n<td>Wyprodukowano w Chinach<\/td>\n<\/tr>\n<\/tbody>\n<\/table>\n<p>&nbsp;<\/p>\n<p><img loading=\"lazy\" decoding=\"async\" class=\"size-full wp-image-4579 aligncenter\" src=\"https:\/\/fmp-components.com\/wp-content\/uploads\/2025\/01\/Steel-Double-Helical-Gear.webp\" alt=\"Podw\u00f3jne ko\u0142o z\u0119bate \u015brubowe ze stali\" width=\"800\" height=\"800\" title=\"\" srcset=\"https:\/\/fmp-components.com\/wp-content\/uploads\/2025\/01\/Steel-Double-Helical-Gear.webp 800w, https:\/\/fmp-components.com\/wp-content\/uploads\/2025\/01\/Steel-Double-Helical-Gear-480x480.webp 480w\" sizes=\"(min-width: 0px) and (max-width: 480px) 480px, (min-width: 481px) 800px, 100vw\" \/><\/p>\n<\/div>","protected":false},"excerpt":{"rendered":"<p>Premium Steel Double Helical Gears from FMP Steel Double Helical Gears are vital components in heavy-duty machinery, prized for their ability to transmit high torque while minimizing noise and vibration. These gears, distinguished by their V-shaped teeth, are indispensable in industries such as steel manufacturing, power generation, and mining, where reliability and efficiency are critical. [&hellip;]<\/p>","protected":false},"featured_media":4579,"comment_status":"open","ping_status":"closed","template":"","meta":{"_et_pb_use_builder":"","_et_pb_old_content":"","_et_gb_content_width":""},"product_brand":[],"product_cat":[108],"product_tag":[],"class_list":{"0":"post-7343","1":"product","2":"type-product","3":"status-publish","4":"has-post-thumbnail","6":"product_cat-helical-gear","8":"first","9":"instock","10":"shipping-taxable","11":"product-type-simple"},"_links":{"self":[{"href":"https:\/\/fmp-components.com\/pl\/wp-json\/wp\/v2\/product\/7343","targetHints":{"allow":["GET"]}}],"collection":[{"href":"https:\/\/fmp-components.com\/pl\/wp-json\/wp\/v2\/product"}],"about":[{"href":"https:\/\/fmp-components.com\/pl\/wp-json\/wp\/v2\/types\/product"}],"replies":[{"embeddable":true,"href":"https:\/\/fmp-components.com\/pl\/wp-json\/wp\/v2\/comments?post=7343"}],"wp:featuredmedia":[{"embeddable":true,"href":"https:\/\/fmp-components.com\/pl\/wp-json\/wp\/v2\/media\/4579"}],"wp:attachment":[{"href":"https:\/\/fmp-components.com\/pl\/wp-json\/wp\/v2\/media?parent=7343"}],"wp:term":[{"taxonomy":"product_brand","embeddable":true,"href":"https:\/\/fmp-components.com\/pl\/wp-json\/wp\/v2\/product_brand?post=7343"},{"taxonomy":"product_cat","embeddable":true,"href":"https:\/\/fmp-components.com\/pl\/wp-json\/wp\/v2\/product_cat?post=7343"},{"taxonomy":"product_tag","embeddable":true,"href":"https:\/\/fmp-components.com\/pl\/wp-json\/wp\/v2\/product_tag?post=7343"}],"curies":[{"name":"wp","href":"https:\/\/api.w.org\/{rel}","templated":true}]}}