{"id":7341,"date":"2025-03-23T08:09:22","date_gmt":"2025-03-23T08:09:22","guid":{"rendered":"https:\/\/fmp-components.com\/?post_type=product&#038;p=7341"},"modified":"2025-03-23T08:09:23","modified_gmt":"2025-03-23T08:09:23","slug":"automotive-double-helical-gear","status":"publish","type":"product","link":"https:\/\/fmp-components.com\/pl\/product\/automotive-double-helical-gear\/","title":{"rendered":"Podw\u00f3jna przek\u0142adnia \u015blimakowa samochodowa"},"content":{"rendered":"<p>Wymiar:\u03a615<br \/>\nModu\u0142: M0.25<br \/>\nTyp materia\u0142u: Plastik, POM, Nylon\u2026 zgodnie z wymaganiami klienta<\/p>\n<div class=\"table-responsive\">\n<table class=\"table\" style=\"width: 101.036%; height: 352px;\" border=\"1\">\n<tbody>\n<tr>\n<td colspan=\"2\">Podw\u00f3jna przek\u0142adnia \u015blimakowa samochodowa<\/td>\n<\/tr>\n<tr>\n<td>Wymiar<\/td>\n<td>\u03a63mm-\u03a6120mm<\/td>\n<\/tr>\n<tr>\n<td>Modu\u0142<\/td>\n<td>M0,15-M2,2<\/td>\n<\/tr>\n<tr>\n<td>Rodzaj materia\u0142u<\/td>\n<td>POM, PA, PPA, PBT PEEK wed\u0142ug indywidualnych potrzeb<\/td>\n<\/tr>\n<tr>\n<td>Stopie\u0144 siatki<\/td>\n<td>GB 6, ISO 6, JGMA 1, JIS 6, AGMA 13, DIN 6, DIN5<\/td>\n<\/tr>\n<tr>\n<td>Aplikacja<\/td>\n<td>Medyczny, przemys\u0142owy, motoryzacyjny, wojskowy, lotniczy, mechaniczny, samochodowy<\/td>\n<\/tr>\n<tr>\n<td>Dostosowane<\/td>\n<td>ODM\/OEM<\/td>\n<\/tr>\n<tr>\n<td>Pr\u00f3bka<\/td>\n<td>Dost\u0119pna pr\u00f3bka<\/td>\n<\/tr>\n<tr>\n<td>Sposoby pakowania<\/td>\n<td>Pakowane pr\u00f3\u017cniowo z plastikow\u0105 tack\u0105<\/td>\n<\/tr>\n<tr>\n<td>Sposoby dostawy<\/td>\n<td>DHL &amp; TNT &amp; FedEx &amp; UPS<\/td>\n<\/tr>\n<tr>\n<td>Certyfikat<\/td>\n<td>ISO 9001: 2008\/TS16949<\/td>\n<\/tr>\n<\/tbody>\n<\/table>\n<\/div>","protected":false},"excerpt":{"rendered":"<p>Dimension:\u03a615 Module: M0.25 Material Type: Plastic, POM, Nylon\u2026as customer required Automotive Double Helical Gear Dimension \u03a63mm- \u03a6120mm Module M0.15-M2.2 Material Type POM,PA,PPA,PBT PEEK as customized Meshing Grade GB 6, ISO 6, JGMA 1, JIS 6, AGMA 13, DIN 6\uff0cDIN5 Application Medical, Industrial, Automotive, Military, Aircraft, Mechanical, Auto Customized ODM\/OEM Sample Sample available Modes of Packing [&hellip;]<\/p>","protected":false},"featured_media":4581,"comment_status":"open","ping_status":"closed","template":"","meta":{"_et_pb_use_builder":"","_et_pb_old_content":"","_et_gb_content_width":""},"product_brand":[],"product_cat":[108],"product_tag":[],"class_list":{"0":"post-7341","1":"product","2":"type-product","3":"status-publish","4":"has-post-thumbnail","6":"product_cat-helical-gear","8":"first","9":"instock","10":"shipping-taxable","11":"product-type-simple"},"_links":{"self":[{"href":"https:\/\/fmp-components.com\/pl\/wp-json\/wp\/v2\/product\/7341","targetHints":{"allow":["GET"]}}],"collection":[{"href":"https:\/\/fmp-components.com\/pl\/wp-json\/wp\/v2\/product"}],"about":[{"href":"https:\/\/fmp-components.com\/pl\/wp-json\/wp\/v2\/types\/product"}],"replies":[{"embeddable":true,"href":"https:\/\/fmp-components.com\/pl\/wp-json\/wp\/v2\/comments?post=7341"}],"wp:featuredmedia":[{"embeddable":true,"href":"https:\/\/fmp-components.com\/pl\/wp-json\/wp\/v2\/media\/4581"}],"wp:attachment":[{"href":"https:\/\/fmp-components.com\/pl\/wp-json\/wp\/v2\/media?parent=7341"}],"wp:term":[{"taxonomy":"product_brand","embeddable":true,"href":"https:\/\/fmp-components.com\/pl\/wp-json\/wp\/v2\/product_brand?post=7341"},{"taxonomy":"product_cat","embeddable":true,"href":"https:\/\/fmp-components.com\/pl\/wp-json\/wp\/v2\/product_cat?post=7341"},{"taxonomy":"product_tag","embeddable":true,"href":"https:\/\/fmp-components.com\/pl\/wp-json\/wp\/v2\/product_tag?post=7341"}],"curies":[{"name":"wp","href":"https:\/\/api.w.org\/{rel}","templated":true}]}}